{"id":188495,"date":"2018-08-01T00:00:00","date_gmt":"2018-07-31T22:00:00","guid":{"rendered":"http:\/\/guerssen.hl1097.dinaserver.com\/product\/todo-ubu-clear\/"},"modified":"2025-01-09T14:54:45","modified_gmt":"2025-01-09T13:54:45","slug":"todo-ubu-clear","status":"publish","type":"product","link":"https:\/\/wpguerssen-test.odoo.rgbconsulting.com\/es\/producto\/todo-ubu-clear\/","title":{"rendered":"Todo Ub\u00fa (Clear)"},"content":{"rendered":"<p>*** VINILO TRANSPARENTE. LIMITADO A 100 COPIAS *** <\/p>\n<p> Por primera vez reeditado el buscado segundo \u00e1lbum de LOS INICIADOS, misterioso proyecto experimental surgido en torno a los legendarios AVIADOR DRO. Originalmente publicado en 1983, conten\u00eda la m\u00fasica creada para una representaci\u00f3n teatral basada en la obra \u00abUb\u00fa Rey\u00bb de ALFRED JARRY. Oscuros sonidos minimal synth \/ electr\u00f3nicos y experimentales con influencia de THE RESIDENTS. <\/p>\n<p> *Insert de 16 p\u00e1ginas que contiene reproducci\u00f3n del libreto original de la obra de teatro. <\/p>\n<p> *Sonido remasterizado <\/p>\n<p> *Artwork original <\/p>\n<p> Tracklist: A1. Obertura &#8211; A2. Canci\u00f3n de Los invitados &#8211; A3. Danza Inca de La T\u00eda Ub\u00fa &#8211; A4. Canci\u00f3n 1a de Los Palotines &#8211; A5. Desfile &#8211; A6. Canci\u00f3n del T\u00edo Ub\u00fa &#8211; A7. Canci\u00f3n 2a de Los Palotines &#8211; A8. La Aparici\u00f3n del Sr. Mat\u00edas &#8211; A9. \u00daltima Canci\u00f3n de Los Palotines &#8211; A10. \u00a1Al Saco! &#8211; B1. Intermezzo &#8211; B2. Canci\u00f3n de Ladislao &#8211; B3. Presentaci\u00f3n del Pr\u00edncipe Freixinet &#8211; B4. Canci\u00f3n del Zar &#8211; B5. Canci\u00f3n de Guerra de Los Palotines &#8211; B6. Canci\u00f3n del Klam y La T\u00eda Ub\u00fa &#8211; B7. Triunfo de Ladislao &#8211; B8. Canci\u00f3n Final<\/p>\n","protected":false},"excerpt":{"rendered":"<p>*** VINILO TRANSPARENTE. LIMITADO A 100 COPIAS *** <\/p>\n<p>\u00a0<\/p>\n<p> Por primera vez reeditado el buscado segundo \u00e1lbum de LOS INICIADOS, misterioso proyecto experimental<a class=\"read\" href=\"https:\/\/wpguerssen-test.odoo.rgbconsulting.com\/es\/producto\/todo-ubu-clear\/\"> (...)<\/a>","protected":false},"featured_media":123360,"template":"","meta":{"_acf_changed":false},"product_brand":[],"product_cat":[23235,23222],"product_tag":[29140],"class_list":{"0":"post-188495","1":"product","2":"type-product","3":"status-publish","4":"has-post-thumbnail","6":"product_cat-post-punk-es","7":"product_cat-goth-darkwave-minima-es","8":"product_tag-color-vinyl-es","9":"pa_artist-iniciados-los","10":"pa_format-lp-es","11":"pa_gender-goth-darkwave-minima-post-punk","12":"pa_label-mental-experience-es","13":"pa_location-spain-es","14":"pa_other-filters-vinyl-only-es","16":"first","17":"instock","18":"taxable","19":"shipping-taxable","20":"purchasable","21":"product-type-simple"},"acf":[],"yoast_head":"<!-- This site is optimized with the Yoast SEO plugin v24.9 - https:\/\/yoast.com\/wordpress\/plugins\/seo\/ -->\n<title>INICIADOS, Los - Todo Ub\u00fa (Clear) -  (LP) | Guerssen<\/title>\n<meta name=\"description\" content=\"*** CLEAR VINYL. LIMITED TO 100 COPIES. *** #nl# Dark minimal synth electronics &amp; experimental sounds by LOS INICIADOS, a mysterious project, highly influenced by The Residents, related to legendary Spanish synth-pop band AVIADOR DRO. This is their rare and sought-after second album, originally released in 1983 on the DRO label as the soundtrack to a puppet stage play, based on ALFRED JARRY&#039;S &quot;UBU ROI&quot;. #nl# *16-page LP sized insert featuring the original stage play booklet. #nl# *Remastered sound. #nl# *Original artwork #nl# Tracklist: A1. Obertura - A2. Canci\u00f3n de Los invitados - A3. Danza Inca de La T\u00eda Ub\u00fa - A4. Canci\u00f3n 1a de Los Palotines - A5. Desfile - A6. Canci\u00f3n del T\u00edo Ub\u00fa - A7. Canci\u00f3n 2a de Los Palotines - A8. La Aparici\u00f3n del Sr. Mat\u00edas - A9. \u00daltima Canci\u00f3n de Los Palotines - A10. \u00a1Al Saco! - B1. Intermezzo - B2. Canci\u00f3n de Ladislao - B3. Presentaci\u00f3n del Pr\u00edncipe Freixinet - B4. Canci\u00f3n del Zar - B5. Canci\u00f3n de Guerra de Los Palotines - B6. Canci\u00f3n del Klam y La T\u00eda Ub\u00fa - B7. Triunfo de Ladislao - B8. Canci\u00f3n Final\" \/>\n<meta name=\"robots\" content=\"index, follow, max-snippet:-1, max-image-preview:large, max-video-preview:-1\" \/>\n<link rel=\"canonical\" href=\"https:\/\/wpguerssen-test.odoo.rgbconsulting.com\/es\/producto\/todo-ubu-clear\/\" \/>\n<meta property=\"og:locale\" content=\"es_ES\" \/>\n<meta property=\"og:type\" content=\"article\" \/>\n<meta property=\"og:title\" content=\"INICIADOS, Los - Todo Ub\u00fa (Clear) -  (LP) | Guerssen\" \/>\n<meta property=\"og:description\" content=\"*** CLEAR VINYL. LIMITED TO 100 COPIES. *** #nl# Dark minimal synth electronics &amp; experimental sounds by LOS INICIADOS, a mysterious project, highly influenced by The Residents, related to legendary Spanish synth-pop band AVIADOR DRO. This is their rare and sought-after second album, originally released in 1983 on the DRO label as the soundtrack to a puppet stage play, based on ALFRED JARRY&#039;S &quot;UBU ROI&quot;. #nl# *16-page LP sized insert featuring the original stage play booklet. #nl# *Remastered sound. #nl# *Original artwork #nl# Tracklist: A1. Obertura - A2. Canci\u00f3n de Los invitados - A3. Danza Inca de La T\u00eda Ub\u00fa - A4. Canci\u00f3n 1a de Los Palotines - A5. Desfile - A6. Canci\u00f3n del T\u00edo Ub\u00fa - A7. Canci\u00f3n 2a de Los Palotines - A8. La Aparici\u00f3n del Sr. Mat\u00edas - A9. \u00daltima Canci\u00f3n de Los Palotines - A10. \u00a1Al Saco! - B1. Intermezzo - B2. Canci\u00f3n de Ladislao - B3. Presentaci\u00f3n del Pr\u00edncipe Freixinet - B4. Canci\u00f3n del Zar - B5. Canci\u00f3n de Guerra de Los Palotines - B6. Canci\u00f3n del Klam y La T\u00eda Ub\u00fa - B7. Triunfo de Ladislao - B8. Canci\u00f3n Final\" \/>\n<meta property=\"og:url\" content=\"https:\/\/wpguerssen-test.odoo.rgbconsulting.com\/es\/producto\/todo-ubu-clear\/\" \/>\n<meta property=\"og:site_name\" content=\"Guerssen records\" \/>\n<meta property=\"article:modified_time\" content=\"2025-01-09T13:54:45+00:00\" \/>\n<meta property=\"og:image\" content=\"https:\/\/wpguerssen-test.odoo.rgbconsulting.com\/wp-content\/uploads\/2022\/03\/32756.jpg\" \/>\n\t<meta property=\"og:image:width\" content=\"1400\" \/>\n\t<meta property=\"og:image:height\" content=\"1400\" \/>\n\t<meta property=\"og:image:type\" content=\"image\/jpeg\" \/>\n<meta name=\"twitter:card\" content=\"summary_large_image\" \/>\n<meta name=\"twitter:title\" content=\"INICIADOS, Los - Todo Ub\u00fa (Clear) -  (LP) | Guerssen\" \/>\n<meta name=\"twitter:label1\" content=\"Tiempo de lectura\" \/>\n\t<meta name=\"twitter:data1\" content=\"1 minuto\" \/>\n<script type=\"application\/ld+json\" class=\"yoast-schema-graph\">{\"@context\":\"https:\/\/schema.org\",\"@graph\":[{\"@type\":\"WebPage\",\"@id\":\"https:\/\/wpguerssen-test.odoo.rgbconsulting.com\/es\/producto\/todo-ubu-clear\/\",\"url\":\"https:\/\/wpguerssen-test.odoo.rgbconsulting.com\/es\/producto\/todo-ubu-clear\/\",\"name\":\"INICIADOS, Los - Todo Ub\u00fa (Clear) - (LP) | Guerssen\",\"isPartOf\":{\"@id\":\"https:\/\/wpguerssen-test.odoo.rgbconsulting.com\/es\/#website\"},\"primaryImageOfPage\":{\"@id\":\"https:\/\/wpguerssen-test.odoo.rgbconsulting.com\/es\/producto\/todo-ubu-clear\/#primaryimage\"},\"image\":{\"@id\":\"https:\/\/wpguerssen-test.odoo.rgbconsulting.com\/es\/producto\/todo-ubu-clear\/#primaryimage\"},\"thumbnailUrl\":\"https:\/\/wpguerssen-test.odoo.rgbconsulting.com\/wp-content\/uploads\/2022\/03\/32756.jpg\",\"datePublished\":\"2018-07-31T22:00:00+00:00\",\"dateModified\":\"2025-01-09T13:54:45+00:00\",\"description\":\"*** CLEAR VINYL. LIMITED TO 100 COPIES. *** #nl# Dark minimal synth electronics & experimental sounds by LOS INICIADOS, a mysterious project, highly influenced by The Residents, related to legendary Spanish synth-pop band AVIADOR DRO. This is their rare and sought-after second album, originally released in 1983 on the DRO label as the soundtrack to a puppet stage play, based on ALFRED JARRY'S \\\"UBU ROI\\\". #nl# *16-page LP sized insert featuring the original stage play booklet. #nl# *Remastered sound. #nl# *Original artwork #nl# Tracklist: A1. Obertura - A2. Canci\u00f3n de Los invitados - A3. Danza Inca de La T\u00eda Ub\u00fa - A4. Canci\u00f3n 1a de Los Palotines - A5. Desfile - A6. Canci\u00f3n del T\u00edo Ub\u00fa - A7. Canci\u00f3n 2a de Los Palotines - A8. La Aparici\u00f3n del Sr. Mat\u00edas - A9. \u00daltima Canci\u00f3n de Los Palotines - A10. \u00a1Al Saco! - B1. Intermezzo - B2. Canci\u00f3n de Ladislao - B3. Presentaci\u00f3n del Pr\u00edncipe Freixinet - B4. Canci\u00f3n del Zar - B5. Canci\u00f3n de Guerra de Los Palotines - B6. Canci\u00f3n del Klam y La T\u00eda Ub\u00fa - B7. Triunfo de Ladislao - B8. Canci\u00f3n Final\",\"breadcrumb\":{\"@id\":\"https:\/\/wpguerssen-test.odoo.rgbconsulting.com\/es\/producto\/todo-ubu-clear\/#breadcrumb\"},\"inLanguage\":\"es\",\"potentialAction\":[{\"@type\":\"ReadAction\",\"target\":[\"https:\/\/wpguerssen-test.odoo.rgbconsulting.com\/es\/producto\/todo-ubu-clear\/\"]}]},{\"@type\":\"ImageObject\",\"inLanguage\":\"es\",\"@id\":\"https:\/\/wpguerssen-test.odoo.rgbconsulting.com\/es\/producto\/todo-ubu-clear\/#primaryimage\",\"url\":\"https:\/\/wpguerssen-test.odoo.rgbconsulting.com\/wp-content\/uploads\/2022\/03\/32756.jpg\",\"contentUrl\":\"https:\/\/wpguerssen-test.odoo.rgbconsulting.com\/wp-content\/uploads\/2022\/03\/32756.jpg\",\"width\":1400,\"height\":1400,\"caption\":\"Los - Todo Ub\u00fa (Clear) - MENTAL EXPERIENCE (LP) | Guerssen\"},{\"@type\":\"BreadcrumbList\",\"@id\":\"https:\/\/wpguerssen-test.odoo.rgbconsulting.com\/es\/producto\/todo-ubu-clear\/#breadcrumb\",\"itemListElement\":[{\"@type\":\"ListItem\",\"position\":1,\"name\":\"Inicio\",\"item\":\"https:\/\/wpguerssen-test.odoo.rgbconsulting.com\/es\/\"},{\"@type\":\"ListItem\",\"position\":2,\"name\":\"Shop\",\"item\":\"https:\/\/wpguerssen-test.odoo.rgbconsulting.com\/shop\/\"},{\"@type\":\"ListItem\",\"position\":3,\"name\":\"Todo Ub\u00fa (Clear)\"}]},{\"@type\":\"WebSite\",\"@id\":\"https:\/\/wpguerssen-test.odoo.rgbconsulting.com\/es\/#website\",\"url\":\"https:\/\/wpguerssen-test.odoo.rgbconsulting.com\/es\/\",\"name\":\"Guerssen records\",\"description\":\"psychedelia - progressive - folk - garage \",\"publisher\":{\"@id\":\"https:\/\/wpguerssen-test.odoo.rgbconsulting.com\/es\/#organization\"},\"potentialAction\":[{\"@type\":\"SearchAction\",\"target\":{\"@type\":\"EntryPoint\",\"urlTemplate\":\"https:\/\/wpguerssen-test.odoo.rgbconsulting.com\/es\/?s={search_term_string}\"},\"query-input\":{\"@type\":\"PropertyValueSpecification\",\"valueRequired\":true,\"valueName\":\"search_term_string\"}}],\"inLanguage\":\"es\"},{\"@type\":\"Organization\",\"@id\":\"https:\/\/wpguerssen-test.odoo.rgbconsulting.com\/es\/#organization\",\"name\":\"Guerssen records\",\"url\":\"https:\/\/wpguerssen-test.odoo.rgbconsulting.com\/es\/\",\"logo\":{\"@type\":\"ImageObject\",\"inLanguage\":\"es\",\"@id\":\"https:\/\/wpguerssen-test.odoo.rgbconsulting.com\/es\/#\/schema\/logo\/image\/\",\"url\":\"https:\/\/wpguerssen-test.odoo.rgbconsulting.com\/wp-content\/uploads\/2022\/04\/Logo_Guerssen_trans_100.png\",\"contentUrl\":\"https:\/\/wpguerssen-test.odoo.rgbconsulting.com\/wp-content\/uploads\/2022\/04\/Logo_Guerssen_trans_100.png\",\"width\":122,\"height\":100,\"caption\":\"Guerssen records\"},\"image\":{\"@id\":\"https:\/\/wpguerssen-test.odoo.rgbconsulting.com\/es\/#\/schema\/logo\/image\/\"}}]}<\/script>\n<!-- \/ Yoast SEO plugin. -->","yoast_head_json":{"title":"INICIADOS, Los - Todo Ub\u00fa (Clear) -  (LP) | Guerssen","description":"*** CLEAR VINYL. LIMITED TO 100 COPIES. *** #nl# Dark minimal synth electronics & experimental sounds by LOS INICIADOS, a mysterious project, highly influenced by The Residents, related to legendary Spanish synth-pop band AVIADOR DRO. This is their rare and sought-after second album, originally released in 1983 on the DRO label as the soundtrack to a puppet stage play, based on ALFRED JARRY'S \"UBU ROI\". #nl# *16-page LP sized insert featuring the original stage play booklet. #nl# *Remastered sound. #nl# *Original artwork #nl# Tracklist: A1. Obertura - A2. Canci\u00f3n de Los invitados - A3. Danza Inca de La T\u00eda Ub\u00fa - A4. Canci\u00f3n 1a de Los Palotines - A5. Desfile - A6. Canci\u00f3n del T\u00edo Ub\u00fa - A7. Canci\u00f3n 2a de Los Palotines - A8. La Aparici\u00f3n del Sr. Mat\u00edas - A9. \u00daltima Canci\u00f3n de Los Palotines - A10. \u00a1Al Saco! - B1. Intermezzo - B2. Canci\u00f3n de Ladislao - B3. Presentaci\u00f3n del Pr\u00edncipe Freixinet - B4. Canci\u00f3n del Zar - B5. Canci\u00f3n de Guerra de Los Palotines - B6. Canci\u00f3n del Klam y La T\u00eda Ub\u00fa - B7. Triunfo de Ladislao - B8. Canci\u00f3n Final","robots":{"index":"index","follow":"follow","max-snippet":"max-snippet:-1","max-image-preview":"max-image-preview:large","max-video-preview":"max-video-preview:-1"},"canonical":"https:\/\/wpguerssen-test.odoo.rgbconsulting.com\/es\/producto\/todo-ubu-clear\/","og_locale":"es_ES","og_type":"article","og_title":"INICIADOS, Los - Todo Ub\u00fa (Clear) -  (LP) | Guerssen","og_description":"*** CLEAR VINYL. LIMITED TO 100 COPIES. *** #nl# Dark minimal synth electronics & experimental sounds by LOS INICIADOS, a mysterious project, highly influenced by The Residents, related to legendary Spanish synth-pop band AVIADOR DRO. This is their rare and sought-after second album, originally released in 1983 on the DRO label as the soundtrack to a puppet stage play, based on ALFRED JARRY'S \"UBU ROI\". #nl# *16-page LP sized insert featuring the original stage play booklet. #nl# *Remastered sound. #nl# *Original artwork #nl# Tracklist: A1. Obertura - A2. Canci\u00f3n de Los invitados - A3. Danza Inca de La T\u00eda Ub\u00fa - A4. Canci\u00f3n 1a de Los Palotines - A5. Desfile - A6. Canci\u00f3n del T\u00edo Ub\u00fa - A7. Canci\u00f3n 2a de Los Palotines - A8. La Aparici\u00f3n del Sr. Mat\u00edas - A9. \u00daltima Canci\u00f3n de Los Palotines - A10. \u00a1Al Saco! - B1. Intermezzo - B2. Canci\u00f3n de Ladislao - B3. Presentaci\u00f3n del Pr\u00edncipe Freixinet - B4. Canci\u00f3n del Zar - B5. Canci\u00f3n de Guerra de Los Palotines - B6. Canci\u00f3n del Klam y La T\u00eda Ub\u00fa - B7. Triunfo de Ladislao - B8. Canci\u00f3n Final","og_url":"https:\/\/wpguerssen-test.odoo.rgbconsulting.com\/es\/producto\/todo-ubu-clear\/","og_site_name":"Guerssen records","article_modified_time":"2025-01-09T13:54:45+00:00","og_image":[{"width":1400,"height":1400,"url":"https:\/\/wpguerssen-test.odoo.rgbconsulting.com\/wp-content\/uploads\/2022\/03\/32756.jpg","type":"image\/jpeg"}],"twitter_card":"summary_large_image","twitter_title":"INICIADOS, Los - Todo Ub\u00fa (Clear) -  (LP) | Guerssen","twitter_misc":{"Tiempo de lectura":"1 minuto"},"schema":{"@context":"https:\/\/schema.org","@graph":[{"@type":"WebPage","@id":"https:\/\/wpguerssen-test.odoo.rgbconsulting.com\/es\/producto\/todo-ubu-clear\/","url":"https:\/\/wpguerssen-test.odoo.rgbconsulting.com\/es\/producto\/todo-ubu-clear\/","name":"INICIADOS, Los - Todo Ub\u00fa (Clear) - (LP) | Guerssen","isPartOf":{"@id":"https:\/\/wpguerssen-test.odoo.rgbconsulting.com\/es\/#website"},"primaryImageOfPage":{"@id":"https:\/\/wpguerssen-test.odoo.rgbconsulting.com\/es\/producto\/todo-ubu-clear\/#primaryimage"},"image":{"@id":"https:\/\/wpguerssen-test.odoo.rgbconsulting.com\/es\/producto\/todo-ubu-clear\/#primaryimage"},"thumbnailUrl":"https:\/\/wpguerssen-test.odoo.rgbconsulting.com\/wp-content\/uploads\/2022\/03\/32756.jpg","datePublished":"2018-07-31T22:00:00+00:00","dateModified":"2025-01-09T13:54:45+00:00","description":"*** CLEAR VINYL. LIMITED TO 100 COPIES. *** #nl# Dark minimal synth electronics & experimental sounds by LOS INICIADOS, a mysterious project, highly influenced by The Residents, related to legendary Spanish synth-pop band AVIADOR DRO. This is their rare and sought-after second album, originally released in 1983 on the DRO label as the soundtrack to a puppet stage play, based on ALFRED JARRY'S \"UBU ROI\". #nl# *16-page LP sized insert featuring the original stage play booklet. #nl# *Remastered sound. #nl# *Original artwork #nl# Tracklist: A1. Obertura - A2. Canci\u00f3n de Los invitados - A3. Danza Inca de La T\u00eda Ub\u00fa - A4. Canci\u00f3n 1a de Los Palotines - A5. Desfile - A6. Canci\u00f3n del T\u00edo Ub\u00fa - A7. Canci\u00f3n 2a de Los Palotines - A8. La Aparici\u00f3n del Sr. Mat\u00edas - A9. \u00daltima Canci\u00f3n de Los Palotines - A10. \u00a1Al Saco! - B1. Intermezzo - B2. Canci\u00f3n de Ladislao - B3. Presentaci\u00f3n del Pr\u00edncipe Freixinet - B4. Canci\u00f3n del Zar - B5. Canci\u00f3n de Guerra de Los Palotines - B6. Canci\u00f3n del Klam y La T\u00eda Ub\u00fa - B7. Triunfo de Ladislao - B8. Canci\u00f3n Final","breadcrumb":{"@id":"https:\/\/wpguerssen-test.odoo.rgbconsulting.com\/es\/producto\/todo-ubu-clear\/#breadcrumb"},"inLanguage":"es","potentialAction":[{"@type":"ReadAction","target":["https:\/\/wpguerssen-test.odoo.rgbconsulting.com\/es\/producto\/todo-ubu-clear\/"]}]},{"@type":"ImageObject","inLanguage":"es","@id":"https:\/\/wpguerssen-test.odoo.rgbconsulting.com\/es\/producto\/todo-ubu-clear\/#primaryimage","url":"https:\/\/wpguerssen-test.odoo.rgbconsulting.com\/wp-content\/uploads\/2022\/03\/32756.jpg","contentUrl":"https:\/\/wpguerssen-test.odoo.rgbconsulting.com\/wp-content\/uploads\/2022\/03\/32756.jpg","width":1400,"height":1400,"caption":"Los - Todo Ub\u00fa (Clear) - MENTAL EXPERIENCE (LP) | Guerssen"},{"@type":"BreadcrumbList","@id":"https:\/\/wpguerssen-test.odoo.rgbconsulting.com\/es\/producto\/todo-ubu-clear\/#breadcrumb","itemListElement":[{"@type":"ListItem","position":1,"name":"Inicio","item":"https:\/\/wpguerssen-test.odoo.rgbconsulting.com\/es\/"},{"@type":"ListItem","position":2,"name":"Shop","item":"https:\/\/wpguerssen-test.odoo.rgbconsulting.com\/shop\/"},{"@type":"ListItem","position":3,"name":"Todo Ub\u00fa (Clear)"}]},{"@type":"WebSite","@id":"https:\/\/wpguerssen-test.odoo.rgbconsulting.com\/es\/#website","url":"https:\/\/wpguerssen-test.odoo.rgbconsulting.com\/es\/","name":"Guerssen records","description":"psychedelia - progressive - folk - garage ","publisher":{"@id":"https:\/\/wpguerssen-test.odoo.rgbconsulting.com\/es\/#organization"},"potentialAction":[{"@type":"SearchAction","target":{"@type":"EntryPoint","urlTemplate":"https:\/\/wpguerssen-test.odoo.rgbconsulting.com\/es\/?s={search_term_string}"},"query-input":{"@type":"PropertyValueSpecification","valueRequired":true,"valueName":"search_term_string"}}],"inLanguage":"es"},{"@type":"Organization","@id":"https:\/\/wpguerssen-test.odoo.rgbconsulting.com\/es\/#organization","name":"Guerssen records","url":"https:\/\/wpguerssen-test.odoo.rgbconsulting.com\/es\/","logo":{"@type":"ImageObject","inLanguage":"es","@id":"https:\/\/wpguerssen-test.odoo.rgbconsulting.com\/es\/#\/schema\/logo\/image\/","url":"https:\/\/wpguerssen-test.odoo.rgbconsulting.com\/wp-content\/uploads\/2022\/04\/Logo_Guerssen_trans_100.png","contentUrl":"https:\/\/wpguerssen-test.odoo.rgbconsulting.com\/wp-content\/uploads\/2022\/04\/Logo_Guerssen_trans_100.png","width":122,"height":100,"caption":"Guerssen records"},"image":{"@id":"https:\/\/wpguerssen-test.odoo.rgbconsulting.com\/es\/#\/schema\/logo\/image\/"}}]}},"_links":{"self":[{"href":"https:\/\/wpguerssen-test.odoo.rgbconsulting.com\/es\/wp-json\/wp\/v2\/product\/188495","targetHints":{"allow":["GET"]}}],"collection":[{"href":"https:\/\/wpguerssen-test.odoo.rgbconsulting.com\/es\/wp-json\/wp\/v2\/product"}],"about":[{"href":"https:\/\/wpguerssen-test.odoo.rgbconsulting.com\/es\/wp-json\/wp\/v2\/types\/product"}],"wp:featuredmedia":[{"embeddable":true,"href":"https:\/\/wpguerssen-test.odoo.rgbconsulting.com\/es\/wp-json\/wp\/v2\/media\/123360"}],"wp:attachment":[{"href":"https:\/\/wpguerssen-test.odoo.rgbconsulting.com\/es\/wp-json\/wp\/v2\/media?parent=188495"}],"wp:term":[{"taxonomy":"product_brand","embeddable":true,"href":"https:\/\/wpguerssen-test.odoo.rgbconsulting.com\/es\/wp-json\/wp\/v2\/product_brand?post=188495"},{"taxonomy":"product_cat","embeddable":true,"href":"https:\/\/wpguerssen-test.odoo.rgbconsulting.com\/es\/wp-json\/wp\/v2\/product_cat?post=188495"},{"taxonomy":"product_tag","embeddable":true,"href":"https:\/\/wpguerssen-test.odoo.rgbconsulting.com\/es\/wp-json\/wp\/v2\/product_tag?post=188495"}],"curies":[{"name":"wp","href":"https:\/\/api.w.org\/{rel}","templated":true}]}}