{"id":188584,"date":"2018-10-11T00:00:00","date_gmt":"2018-10-10T22:00:00","guid":{"rendered":"http:\/\/guerssen.hl1097.dinaserver.com\/product\/can-you-hear-me-ok\/"},"modified":"2024-02-19T16:48:09","modified_gmt":"2024-02-19T15:48:09","slug":"can-you-hear-me-ok","status":"publish","type":"product","link":"https:\/\/wpguerssen-test.odoo.rgbconsulting.com\/es\/producto\/can-you-hear-me-ok\/","title":{"rendered":"Can You Hear Me OK?"},"content":{"rendered":"<p>Edici\u00f3n limitada de 300 copias. &#8216;Can You Hear Me Ok?&#8217; se grab\u00f3 en 1976 con la intenci\u00f3n de publicarse en CBS pero qued\u00f3 archivado. Por primera vez en vinilo.<\/p>\n","protected":false},"excerpt":{"rendered":"<p>Edici\u00f3n limitada de 300 copias. &#8216;Can You Hear Me Ok?&#8217; se grab\u00f3 en 1976 con la intenci\u00f3n de publicarse en CBS pero qued\u00f3 archivado. Por primera vez<a class=\"read\" href=\"https:\/\/wpguerssen-test.odoo.rgbconsulting.com\/es\/producto\/can-you-hear-me-ok\/\"> (...)<\/a>","protected":false},"featured_media":123522,"template":"","meta":{"_acf_changed":false},"product_brand":[],"product_cat":[23234],"product_tag":[],"class_list":{"0":"post-188584","1":"product","2":"type-product","3":"status-publish","4":"has-post-thumbnail","6":"product_cat-pop-rock-es","7":"pa_artist-howard-john","8":"pa_format-lp-es","9":"pa_gender-pop-rock","10":"pa_label-yatc","11":"pa_location-uk-ireland-es","12":"pa_other-filters-vinyl-only-es","14":"first","15":"instock","16":"taxable","17":"shipping-taxable","18":"purchasable","19":"product-type-simple"},"acf":[],"yoast_head":"<!-- This site is optimized with the Yoast SEO plugin v24.9 - https:\/\/yoast.com\/wordpress\/plugins\/seo\/ -->\n<title>HOWARD, John - Can You Hear Me OK? -  (LP) | Guerssen<\/title>\n<meta name=\"description\" content=\"Limited Edition of 300 copies. Can You Hear Me Ok? was scheduled for a Spring 1976 release by CBS, but was pulled from release plans and never issued on LP... The sleeve photos were taken in January 1976, planned as possible album sleeve pics and to promote the lead-off single I Got My Lady. So this LP release is &quot;The Album That Nearly Was&quot;. Finally given the vinyl release it was destined for forty-two years ago.\" \/>\n<meta name=\"robots\" content=\"index, follow, max-snippet:-1, max-image-preview:large, max-video-preview:-1\" \/>\n<link rel=\"canonical\" href=\"https:\/\/wpguerssen-test.odoo.rgbconsulting.com\/es\/producto\/can-you-hear-me-ok\/\" \/>\n<meta property=\"og:locale\" content=\"es_ES\" \/>\n<meta property=\"og:type\" content=\"article\" \/>\n<meta property=\"og:title\" content=\"HOWARD, John - Can You Hear Me OK? -  (LP) | Guerssen\" \/>\n<meta property=\"og:description\" content=\"Limited Edition of 300 copies. Can You Hear Me Ok? was scheduled for a Spring 1976 release by CBS, but was pulled from release plans and never issued on LP... The sleeve photos were taken in January 1976, planned as possible album sleeve pics and to promote the lead-off single I Got My Lady. So this LP release is &quot;The Album That Nearly Was&quot;. Finally given the vinyl release it was destined for forty-two years ago.\" \/>\n<meta property=\"og:url\" content=\"https:\/\/wpguerssen-test.odoo.rgbconsulting.com\/es\/producto\/can-you-hear-me-ok\/\" \/>\n<meta property=\"og:site_name\" content=\"Guerssen records\" \/>\n<meta property=\"article:modified_time\" content=\"2024-02-19T15:48:09+00:00\" \/>\n<meta property=\"og:image\" content=\"https:\/\/wpguerssen-test.odoo.rgbconsulting.com\/wp-content\/uploads\/2022\/03\/33002.jpg\" \/>\n\t<meta property=\"og:image:width\" content=\"189\" \/>\n\t<meta property=\"og:image:height\" content=\"191\" \/>\n\t<meta property=\"og:image:type\" content=\"image\/jpeg\" \/>\n<meta name=\"twitter:card\" content=\"summary_large_image\" \/>\n<meta name=\"twitter:title\" content=\"HOWARD, John - Can You Hear Me OK? -  (LP) | Guerssen\" \/>\n<script type=\"application\/ld+json\" class=\"yoast-schema-graph\">{\"@context\":\"https:\/\/schema.org\",\"@graph\":[{\"@type\":\"WebPage\",\"@id\":\"https:\/\/wpguerssen-test.odoo.rgbconsulting.com\/es\/producto\/can-you-hear-me-ok\/\",\"url\":\"https:\/\/wpguerssen-test.odoo.rgbconsulting.com\/es\/producto\/can-you-hear-me-ok\/\",\"name\":\"HOWARD, John - Can You Hear Me OK? - (LP) | Guerssen\",\"isPartOf\":{\"@id\":\"https:\/\/wpguerssen-test.odoo.rgbconsulting.com\/es\/#website\"},\"primaryImageOfPage\":{\"@id\":\"https:\/\/wpguerssen-test.odoo.rgbconsulting.com\/es\/producto\/can-you-hear-me-ok\/#primaryimage\"},\"image\":{\"@id\":\"https:\/\/wpguerssen-test.odoo.rgbconsulting.com\/es\/producto\/can-you-hear-me-ok\/#primaryimage\"},\"thumbnailUrl\":\"https:\/\/wpguerssen-test.odoo.rgbconsulting.com\/wp-content\/uploads\/2022\/03\/33002.jpg\",\"datePublished\":\"2018-10-10T22:00:00+00:00\",\"dateModified\":\"2024-02-19T15:48:09+00:00\",\"description\":\"Limited Edition of 300 copies. Can You Hear Me Ok? was scheduled for a Spring 1976 release by CBS, but was pulled from release plans and never issued on LP... The sleeve photos were taken in January 1976, planned as possible album sleeve pics and to promote the lead-off single I Got My Lady. So this LP release is \\\"The Album That Nearly Was\\\". Finally given the vinyl release it was destined for forty-two years ago.\",\"breadcrumb\":{\"@id\":\"https:\/\/wpguerssen-test.odoo.rgbconsulting.com\/es\/producto\/can-you-hear-me-ok\/#breadcrumb\"},\"inLanguage\":\"es\",\"potentialAction\":[{\"@type\":\"ReadAction\",\"target\":[\"https:\/\/wpguerssen-test.odoo.rgbconsulting.com\/es\/producto\/can-you-hear-me-ok\/\"]}]},{\"@type\":\"ImageObject\",\"inLanguage\":\"es\",\"@id\":\"https:\/\/wpguerssen-test.odoo.rgbconsulting.com\/es\/producto\/can-you-hear-me-ok\/#primaryimage\",\"url\":\"https:\/\/wpguerssen-test.odoo.rgbconsulting.com\/wp-content\/uploads\/2022\/03\/33002.jpg\",\"contentUrl\":\"https:\/\/wpguerssen-test.odoo.rgbconsulting.com\/wp-content\/uploads\/2022\/03\/33002.jpg\",\"width\":189,\"height\":191,\"caption\":\"John - Can You Hear Me OK? - YATC (LP) | Guerssen\"},{\"@type\":\"BreadcrumbList\",\"@id\":\"https:\/\/wpguerssen-test.odoo.rgbconsulting.com\/es\/producto\/can-you-hear-me-ok\/#breadcrumb\",\"itemListElement\":[{\"@type\":\"ListItem\",\"position\":1,\"name\":\"Inicio\",\"item\":\"https:\/\/wpguerssen-test.odoo.rgbconsulting.com\/es\/\"},{\"@type\":\"ListItem\",\"position\":2,\"name\":\"Shop\",\"item\":\"https:\/\/wpguerssen-test.odoo.rgbconsulting.com\/shop\/\"},{\"@type\":\"ListItem\",\"position\":3,\"name\":\"Can You Hear Me OK?\"}]},{\"@type\":\"WebSite\",\"@id\":\"https:\/\/wpguerssen-test.odoo.rgbconsulting.com\/es\/#website\",\"url\":\"https:\/\/wpguerssen-test.odoo.rgbconsulting.com\/es\/\",\"name\":\"Guerssen records\",\"description\":\"psychedelia - progressive - folk - garage \",\"publisher\":{\"@id\":\"https:\/\/wpguerssen-test.odoo.rgbconsulting.com\/es\/#organization\"},\"potentialAction\":[{\"@type\":\"SearchAction\",\"target\":{\"@type\":\"EntryPoint\",\"urlTemplate\":\"https:\/\/wpguerssen-test.odoo.rgbconsulting.com\/es\/?s={search_term_string}\"},\"query-input\":{\"@type\":\"PropertyValueSpecification\",\"valueRequired\":true,\"valueName\":\"search_term_string\"}}],\"inLanguage\":\"es\"},{\"@type\":\"Organization\",\"@id\":\"https:\/\/wpguerssen-test.odoo.rgbconsulting.com\/es\/#organization\",\"name\":\"Guerssen records\",\"url\":\"https:\/\/wpguerssen-test.odoo.rgbconsulting.com\/es\/\",\"logo\":{\"@type\":\"ImageObject\",\"inLanguage\":\"es\",\"@id\":\"https:\/\/wpguerssen-test.odoo.rgbconsulting.com\/es\/#\/schema\/logo\/image\/\",\"url\":\"https:\/\/wpguerssen-test.odoo.rgbconsulting.com\/wp-content\/uploads\/2022\/04\/Logo_Guerssen_trans_100.png\",\"contentUrl\":\"https:\/\/wpguerssen-test.odoo.rgbconsulting.com\/wp-content\/uploads\/2022\/04\/Logo_Guerssen_trans_100.png\",\"width\":122,\"height\":100,\"caption\":\"Guerssen records\"},\"image\":{\"@id\":\"https:\/\/wpguerssen-test.odoo.rgbconsulting.com\/es\/#\/schema\/logo\/image\/\"}}]}<\/script>\n<!-- \/ Yoast SEO plugin. -->","yoast_head_json":{"title":"HOWARD, John - Can You Hear Me OK? -  (LP) | Guerssen","description":"Limited Edition of 300 copies. Can You Hear Me Ok? was scheduled for a Spring 1976 release by CBS, but was pulled from release plans and never issued on LP... The sleeve photos were taken in January 1976, planned as possible album sleeve pics and to promote the lead-off single I Got My Lady. So this LP release is \"The Album That Nearly Was\". Finally given the vinyl release it was destined for forty-two years ago.","robots":{"index":"index","follow":"follow","max-snippet":"max-snippet:-1","max-image-preview":"max-image-preview:large","max-video-preview":"max-video-preview:-1"},"canonical":"https:\/\/wpguerssen-test.odoo.rgbconsulting.com\/es\/producto\/can-you-hear-me-ok\/","og_locale":"es_ES","og_type":"article","og_title":"HOWARD, John - Can You Hear Me OK? -  (LP) | Guerssen","og_description":"Limited Edition of 300 copies. Can You Hear Me Ok? was scheduled for a Spring 1976 release by CBS, but was pulled from release plans and never issued on LP... The sleeve photos were taken in January 1976, planned as possible album sleeve pics and to promote the lead-off single I Got My Lady. So this LP release is \"The Album That Nearly Was\". Finally given the vinyl release it was destined for forty-two years ago.","og_url":"https:\/\/wpguerssen-test.odoo.rgbconsulting.com\/es\/producto\/can-you-hear-me-ok\/","og_site_name":"Guerssen records","article_modified_time":"2024-02-19T15:48:09+00:00","og_image":[{"width":189,"height":191,"url":"https:\/\/wpguerssen-test.odoo.rgbconsulting.com\/wp-content\/uploads\/2022\/03\/33002.jpg","type":"image\/jpeg"}],"twitter_card":"summary_large_image","twitter_title":"HOWARD, John - Can You Hear Me OK? -  (LP) | Guerssen","schema":{"@context":"https:\/\/schema.org","@graph":[{"@type":"WebPage","@id":"https:\/\/wpguerssen-test.odoo.rgbconsulting.com\/es\/producto\/can-you-hear-me-ok\/","url":"https:\/\/wpguerssen-test.odoo.rgbconsulting.com\/es\/producto\/can-you-hear-me-ok\/","name":"HOWARD, John - Can You Hear Me OK? - (LP) | Guerssen","isPartOf":{"@id":"https:\/\/wpguerssen-test.odoo.rgbconsulting.com\/es\/#website"},"primaryImageOfPage":{"@id":"https:\/\/wpguerssen-test.odoo.rgbconsulting.com\/es\/producto\/can-you-hear-me-ok\/#primaryimage"},"image":{"@id":"https:\/\/wpguerssen-test.odoo.rgbconsulting.com\/es\/producto\/can-you-hear-me-ok\/#primaryimage"},"thumbnailUrl":"https:\/\/wpguerssen-test.odoo.rgbconsulting.com\/wp-content\/uploads\/2022\/03\/33002.jpg","datePublished":"2018-10-10T22:00:00+00:00","dateModified":"2024-02-19T15:48:09+00:00","description":"Limited Edition of 300 copies. Can You Hear Me Ok? was scheduled for a Spring 1976 release by CBS, but was pulled from release plans and never issued on LP... The sleeve photos were taken in January 1976, planned as possible album sleeve pics and to promote the lead-off single I Got My Lady. So this LP release is \"The Album That Nearly Was\". Finally given the vinyl release it was destined for forty-two years ago.","breadcrumb":{"@id":"https:\/\/wpguerssen-test.odoo.rgbconsulting.com\/es\/producto\/can-you-hear-me-ok\/#breadcrumb"},"inLanguage":"es","potentialAction":[{"@type":"ReadAction","target":["https:\/\/wpguerssen-test.odoo.rgbconsulting.com\/es\/producto\/can-you-hear-me-ok\/"]}]},{"@type":"ImageObject","inLanguage":"es","@id":"https:\/\/wpguerssen-test.odoo.rgbconsulting.com\/es\/producto\/can-you-hear-me-ok\/#primaryimage","url":"https:\/\/wpguerssen-test.odoo.rgbconsulting.com\/wp-content\/uploads\/2022\/03\/33002.jpg","contentUrl":"https:\/\/wpguerssen-test.odoo.rgbconsulting.com\/wp-content\/uploads\/2022\/03\/33002.jpg","width":189,"height":191,"caption":"John - Can You Hear Me OK? - YATC (LP) | Guerssen"},{"@type":"BreadcrumbList","@id":"https:\/\/wpguerssen-test.odoo.rgbconsulting.com\/es\/producto\/can-you-hear-me-ok\/#breadcrumb","itemListElement":[{"@type":"ListItem","position":1,"name":"Inicio","item":"https:\/\/wpguerssen-test.odoo.rgbconsulting.com\/es\/"},{"@type":"ListItem","position":2,"name":"Shop","item":"https:\/\/wpguerssen-test.odoo.rgbconsulting.com\/shop\/"},{"@type":"ListItem","position":3,"name":"Can You Hear Me OK?"}]},{"@type":"WebSite","@id":"https:\/\/wpguerssen-test.odoo.rgbconsulting.com\/es\/#website","url":"https:\/\/wpguerssen-test.odoo.rgbconsulting.com\/es\/","name":"Guerssen records","description":"psychedelia - progressive - folk - garage ","publisher":{"@id":"https:\/\/wpguerssen-test.odoo.rgbconsulting.com\/es\/#organization"},"potentialAction":[{"@type":"SearchAction","target":{"@type":"EntryPoint","urlTemplate":"https:\/\/wpguerssen-test.odoo.rgbconsulting.com\/es\/?s={search_term_string}"},"query-input":{"@type":"PropertyValueSpecification","valueRequired":true,"valueName":"search_term_string"}}],"inLanguage":"es"},{"@type":"Organization","@id":"https:\/\/wpguerssen-test.odoo.rgbconsulting.com\/es\/#organization","name":"Guerssen records","url":"https:\/\/wpguerssen-test.odoo.rgbconsulting.com\/es\/","logo":{"@type":"ImageObject","inLanguage":"es","@id":"https:\/\/wpguerssen-test.odoo.rgbconsulting.com\/es\/#\/schema\/logo\/image\/","url":"https:\/\/wpguerssen-test.odoo.rgbconsulting.com\/wp-content\/uploads\/2022\/04\/Logo_Guerssen_trans_100.png","contentUrl":"https:\/\/wpguerssen-test.odoo.rgbconsulting.com\/wp-content\/uploads\/2022\/04\/Logo_Guerssen_trans_100.png","width":122,"height":100,"caption":"Guerssen records"},"image":{"@id":"https:\/\/wpguerssen-test.odoo.rgbconsulting.com\/es\/#\/schema\/logo\/image\/"}}]}},"_links":{"self":[{"href":"https:\/\/wpguerssen-test.odoo.rgbconsulting.com\/es\/wp-json\/wp\/v2\/product\/188584","targetHints":{"allow":["GET"]}}],"collection":[{"href":"https:\/\/wpguerssen-test.odoo.rgbconsulting.com\/es\/wp-json\/wp\/v2\/product"}],"about":[{"href":"https:\/\/wpguerssen-test.odoo.rgbconsulting.com\/es\/wp-json\/wp\/v2\/types\/product"}],"wp:featuredmedia":[{"embeddable":true,"href":"https:\/\/wpguerssen-test.odoo.rgbconsulting.com\/es\/wp-json\/wp\/v2\/media\/123522"}],"wp:attachment":[{"href":"https:\/\/wpguerssen-test.odoo.rgbconsulting.com\/es\/wp-json\/wp\/v2\/media?parent=188584"}],"wp:term":[{"taxonomy":"product_brand","embeddable":true,"href":"https:\/\/wpguerssen-test.odoo.rgbconsulting.com\/es\/wp-json\/wp\/v2\/product_brand?post=188584"},{"taxonomy":"product_cat","embeddable":true,"href":"https:\/\/wpguerssen-test.odoo.rgbconsulting.com\/es\/wp-json\/wp\/v2\/product_cat?post=188584"},{"taxonomy":"product_tag","embeddable":true,"href":"https:\/\/wpguerssen-test.odoo.rgbconsulting.com\/es\/wp-json\/wp\/v2\/product_tag?post=188584"}],"curies":[{"name":"wp","href":"https:\/\/api.w.org\/{rel}","templated":true}]}}