{"id":188612,"date":"2021-10-22T00:00:00","date_gmt":"2021-10-21T22:00:00","guid":{"rendered":"http:\/\/guerssen.hl1097.dinaserver.com\/product\/memoire-magnetique-vol-1\/"},"modified":"2024-02-19T16:49:26","modified_gmt":"2024-02-19T15:49:26","slug":"memoire-magnetique-vol-1","status":"publish","type":"product","link":"https:\/\/wpguerssen-test.odoo.rgbconsulting.com\/es\/producto\/memoire-magnetique-vol-1\/","title":{"rendered":"M\u00e9moire Magn\u00e9tique vol. 1"},"content":{"rendered":"<p>Recopilaci\u00f3n dedicada al pionero de la m\u00fasica electr\u00f3nica con grabaciones in\u00e9ditas de su archivo, 1966-1990, incluyendo piezas escritas para cine, TV, documentales&#8230;<\/p>\n","protected":false},"excerpt":{"rendered":"<p>Recopilaci\u00f3n dedicada al pionero de la m\u00fasica electr\u00f3nica con grabaciones in\u00e9ditas de su archivo, 1966-1990, incluyendo piezas escritas para cine, TV, documentales&#8230;<\/p>\n","protected":false},"featured_media":123562,"template":"","meta":{"_acf_changed":false},"product_brand":[],"product_cat":[23266],"product_tag":[],"class_list":{"0":"post-188612","1":"product","2":"type-product","3":"status-publish","4":"has-post-thumbnail","6":"product_cat-electronic-es","7":"pa_artist-parmegiani-bernard","8":"pa_format-lp-es","9":"pa_gender-electronic","10":"pa_label-transversales-disques","11":"pa_location-europe-es","12":"pa_other-filters-vinyl-only-es","14":"first","15":"instock","16":"taxable","17":"shipping-taxable","18":"purchasable","19":"product-type-simple"},"acf":[],"yoast_head":"<!-- This site is optimized with the Yoast SEO plugin v24.9 - https:\/\/yoast.com\/wordpress\/plugins\/seo\/ -->\n<title>PARMEGIANI, Bernard - M\u00e9moire Magn\u00e9tique vol. 1 -  (LP) | Guerssen<\/title>\n<meta name=\"description\" content=\"Transversales is very glad to announce the release of M\u00e9moire Magn\u00e9tique Vol.1 spanning 1966-1990, revelatory collection of commercial and secret music by electronic music pionneer Bernard Parmegiani. Since the late 50&#039;s, Bernard Parmegiani, a major figure of electroacoustic music and a founding member of GRM has created some sixty concert music. From the start, Parmegiani&#039;s work was closely linked to the screen, with dozens of documentaries, films, long features, animation films but also musical pieces for dance, stage or TV. The first volume of this compilation allows us to discover some of these lost tapes and unpublished recordings which were composed for the screen or the performing arts.\" \/>\n<meta name=\"robots\" content=\"index, follow, max-snippet:-1, max-image-preview:large, max-video-preview:-1\" \/>\n<link rel=\"canonical\" href=\"https:\/\/wpguerssen-test.odoo.rgbconsulting.com\/es\/producto\/memoire-magnetique-vol-1\/\" \/>\n<meta property=\"og:locale\" content=\"es_ES\" \/>\n<meta property=\"og:type\" content=\"article\" \/>\n<meta property=\"og:title\" content=\"PARMEGIANI, Bernard - M\u00e9moire Magn\u00e9tique vol. 1 -  (LP) | Guerssen\" \/>\n<meta property=\"og:description\" content=\"Transversales is very glad to announce the release of M\u00e9moire Magn\u00e9tique Vol.1 spanning 1966-1990, revelatory collection of commercial and secret music by electronic music pionneer Bernard Parmegiani. Since the late 50&#039;s, Bernard Parmegiani, a major figure of electroacoustic music and a founding member of GRM has created some sixty concert music. From the start, Parmegiani&#039;s work was closely linked to the screen, with dozens of documentaries, films, long features, animation films but also musical pieces for dance, stage or TV. The first volume of this compilation allows us to discover some of these lost tapes and unpublished recordings which were composed for the screen or the performing arts.\" \/>\n<meta property=\"og:url\" content=\"https:\/\/wpguerssen-test.odoo.rgbconsulting.com\/es\/producto\/memoire-magnetique-vol-1\/\" \/>\n<meta property=\"og:site_name\" content=\"Guerssen records\" \/>\n<meta property=\"article:modified_time\" content=\"2024-02-19T15:49:26+00:00\" \/>\n<meta property=\"og:image\" content=\"https:\/\/wpguerssen-test.odoo.rgbconsulting.com\/wp-content\/uploads\/2022\/03\/33088.jpg\" \/>\n\t<meta property=\"og:image:width\" content=\"302\" \/>\n\t<meta property=\"og:image:height\" content=\"305\" \/>\n\t<meta property=\"og:image:type\" content=\"image\/jpeg\" \/>\n<meta name=\"twitter:card\" content=\"summary_large_image\" \/>\n<meta name=\"twitter:title\" content=\"PARMEGIANI, Bernard - M\u00e9moire Magn\u00e9tique vol. 1 -  (LP) | Guerssen\" \/>\n<script type=\"application\/ld+json\" class=\"yoast-schema-graph\">{\"@context\":\"https:\/\/schema.org\",\"@graph\":[{\"@type\":\"WebPage\",\"@id\":\"https:\/\/wpguerssen-test.odoo.rgbconsulting.com\/es\/producto\/memoire-magnetique-vol-1\/\",\"url\":\"https:\/\/wpguerssen-test.odoo.rgbconsulting.com\/es\/producto\/memoire-magnetique-vol-1\/\",\"name\":\"PARMEGIANI, Bernard - M\u00e9moire Magn\u00e9tique vol. 1 - (LP) | Guerssen\",\"isPartOf\":{\"@id\":\"https:\/\/wpguerssen-test.odoo.rgbconsulting.com\/es\/#website\"},\"primaryImageOfPage\":{\"@id\":\"https:\/\/wpguerssen-test.odoo.rgbconsulting.com\/es\/producto\/memoire-magnetique-vol-1\/#primaryimage\"},\"image\":{\"@id\":\"https:\/\/wpguerssen-test.odoo.rgbconsulting.com\/es\/producto\/memoire-magnetique-vol-1\/#primaryimage\"},\"thumbnailUrl\":\"https:\/\/wpguerssen-test.odoo.rgbconsulting.com\/wp-content\/uploads\/2022\/03\/33088.jpg\",\"datePublished\":\"2021-10-21T22:00:00+00:00\",\"dateModified\":\"2024-02-19T15:49:26+00:00\",\"description\":\"Transversales is very glad to announce the release of M\u00e9moire Magn\u00e9tique Vol.1 spanning 1966-1990, revelatory collection of commercial and secret music by electronic music pionneer Bernard Parmegiani. Since the late 50's, Bernard Parmegiani, a major figure of electroacoustic music and a founding member of GRM has created some sixty concert music. From the start, Parmegiani's work was closely linked to the screen, with dozens of documentaries, films, long features, animation films but also musical pieces for dance, stage or TV. The first volume of this compilation allows us to discover some of these lost tapes and unpublished recordings which were composed for the screen or the performing arts.\",\"breadcrumb\":{\"@id\":\"https:\/\/wpguerssen-test.odoo.rgbconsulting.com\/es\/producto\/memoire-magnetique-vol-1\/#breadcrumb\"},\"inLanguage\":\"es\",\"potentialAction\":[{\"@type\":\"ReadAction\",\"target\":[\"https:\/\/wpguerssen-test.odoo.rgbconsulting.com\/es\/producto\/memoire-magnetique-vol-1\/\"]}]},{\"@type\":\"ImageObject\",\"inLanguage\":\"es\",\"@id\":\"https:\/\/wpguerssen-test.odoo.rgbconsulting.com\/es\/producto\/memoire-magnetique-vol-1\/#primaryimage\",\"url\":\"https:\/\/wpguerssen-test.odoo.rgbconsulting.com\/wp-content\/uploads\/2022\/03\/33088.jpg\",\"contentUrl\":\"https:\/\/wpguerssen-test.odoo.rgbconsulting.com\/wp-content\/uploads\/2022\/03\/33088.jpg\",\"width\":302,\"height\":305,\"caption\":\"Bernard - M\u00e9moire Magn\u00e9tique vol. 1 - TRANSVERSALES DISQUES (LP) | Guerssen\"},{\"@type\":\"BreadcrumbList\",\"@id\":\"https:\/\/wpguerssen-test.odoo.rgbconsulting.com\/es\/producto\/memoire-magnetique-vol-1\/#breadcrumb\",\"itemListElement\":[{\"@type\":\"ListItem\",\"position\":1,\"name\":\"Inicio\",\"item\":\"https:\/\/wpguerssen-test.odoo.rgbconsulting.com\/es\/\"},{\"@type\":\"ListItem\",\"position\":2,\"name\":\"Shop\",\"item\":\"https:\/\/wpguerssen-test.odoo.rgbconsulting.com\/shop\/\"},{\"@type\":\"ListItem\",\"position\":3,\"name\":\"M\u00e9moire Magn\u00e9tique vol. 1\"}]},{\"@type\":\"WebSite\",\"@id\":\"https:\/\/wpguerssen-test.odoo.rgbconsulting.com\/es\/#website\",\"url\":\"https:\/\/wpguerssen-test.odoo.rgbconsulting.com\/es\/\",\"name\":\"Guerssen records\",\"description\":\"psychedelia - progressive - folk - garage \",\"publisher\":{\"@id\":\"https:\/\/wpguerssen-test.odoo.rgbconsulting.com\/es\/#organization\"},\"potentialAction\":[{\"@type\":\"SearchAction\",\"target\":{\"@type\":\"EntryPoint\",\"urlTemplate\":\"https:\/\/wpguerssen-test.odoo.rgbconsulting.com\/es\/?s={search_term_string}\"},\"query-input\":{\"@type\":\"PropertyValueSpecification\",\"valueRequired\":true,\"valueName\":\"search_term_string\"}}],\"inLanguage\":\"es\"},{\"@type\":\"Organization\",\"@id\":\"https:\/\/wpguerssen-test.odoo.rgbconsulting.com\/es\/#organization\",\"name\":\"Guerssen records\",\"url\":\"https:\/\/wpguerssen-test.odoo.rgbconsulting.com\/es\/\",\"logo\":{\"@type\":\"ImageObject\",\"inLanguage\":\"es\",\"@id\":\"https:\/\/wpguerssen-test.odoo.rgbconsulting.com\/es\/#\/schema\/logo\/image\/\",\"url\":\"https:\/\/wpguerssen-test.odoo.rgbconsulting.com\/wp-content\/uploads\/2022\/04\/Logo_Guerssen_trans_100.png\",\"contentUrl\":\"https:\/\/wpguerssen-test.odoo.rgbconsulting.com\/wp-content\/uploads\/2022\/04\/Logo_Guerssen_trans_100.png\",\"width\":122,\"height\":100,\"caption\":\"Guerssen records\"},\"image\":{\"@id\":\"https:\/\/wpguerssen-test.odoo.rgbconsulting.com\/es\/#\/schema\/logo\/image\/\"}}]}<\/script>\n<!-- \/ Yoast SEO plugin. -->","yoast_head_json":{"title":"PARMEGIANI, Bernard - M\u00e9moire Magn\u00e9tique vol. 1 -  (LP) | Guerssen","description":"Transversales is very glad to announce the release of M\u00e9moire Magn\u00e9tique Vol.1 spanning 1966-1990, revelatory collection of commercial and secret music by electronic music pionneer Bernard Parmegiani. Since the late 50's, Bernard Parmegiani, a major figure of electroacoustic music and a founding member of GRM has created some sixty concert music. From the start, Parmegiani's work was closely linked to the screen, with dozens of documentaries, films, long features, animation films but also musical pieces for dance, stage or TV. The first volume of this compilation allows us to discover some of these lost tapes and unpublished recordings which were composed for the screen or the performing arts.","robots":{"index":"index","follow":"follow","max-snippet":"max-snippet:-1","max-image-preview":"max-image-preview:large","max-video-preview":"max-video-preview:-1"},"canonical":"https:\/\/wpguerssen-test.odoo.rgbconsulting.com\/es\/producto\/memoire-magnetique-vol-1\/","og_locale":"es_ES","og_type":"article","og_title":"PARMEGIANI, Bernard - M\u00e9moire Magn\u00e9tique vol. 1 -  (LP) | Guerssen","og_description":"Transversales is very glad to announce the release of M\u00e9moire Magn\u00e9tique Vol.1 spanning 1966-1990, revelatory collection of commercial and secret music by electronic music pionneer Bernard Parmegiani. Since the late 50's, Bernard Parmegiani, a major figure of electroacoustic music and a founding member of GRM has created some sixty concert music. From the start, Parmegiani's work was closely linked to the screen, with dozens of documentaries, films, long features, animation films but also musical pieces for dance, stage or TV. The first volume of this compilation allows us to discover some of these lost tapes and unpublished recordings which were composed for the screen or the performing arts.","og_url":"https:\/\/wpguerssen-test.odoo.rgbconsulting.com\/es\/producto\/memoire-magnetique-vol-1\/","og_site_name":"Guerssen records","article_modified_time":"2024-02-19T15:49:26+00:00","og_image":[{"width":302,"height":305,"url":"https:\/\/wpguerssen-test.odoo.rgbconsulting.com\/wp-content\/uploads\/2022\/03\/33088.jpg","type":"image\/jpeg"}],"twitter_card":"summary_large_image","twitter_title":"PARMEGIANI, Bernard - M\u00e9moire Magn\u00e9tique vol. 1 -  (LP) | Guerssen","schema":{"@context":"https:\/\/schema.org","@graph":[{"@type":"WebPage","@id":"https:\/\/wpguerssen-test.odoo.rgbconsulting.com\/es\/producto\/memoire-magnetique-vol-1\/","url":"https:\/\/wpguerssen-test.odoo.rgbconsulting.com\/es\/producto\/memoire-magnetique-vol-1\/","name":"PARMEGIANI, Bernard - M\u00e9moire Magn\u00e9tique vol. 1 - (LP) | Guerssen","isPartOf":{"@id":"https:\/\/wpguerssen-test.odoo.rgbconsulting.com\/es\/#website"},"primaryImageOfPage":{"@id":"https:\/\/wpguerssen-test.odoo.rgbconsulting.com\/es\/producto\/memoire-magnetique-vol-1\/#primaryimage"},"image":{"@id":"https:\/\/wpguerssen-test.odoo.rgbconsulting.com\/es\/producto\/memoire-magnetique-vol-1\/#primaryimage"},"thumbnailUrl":"https:\/\/wpguerssen-test.odoo.rgbconsulting.com\/wp-content\/uploads\/2022\/03\/33088.jpg","datePublished":"2021-10-21T22:00:00+00:00","dateModified":"2024-02-19T15:49:26+00:00","description":"Transversales is very glad to announce the release of M\u00e9moire Magn\u00e9tique Vol.1 spanning 1966-1990, revelatory collection of commercial and secret music by electronic music pionneer Bernard Parmegiani. Since the late 50's, Bernard Parmegiani, a major figure of electroacoustic music and a founding member of GRM has created some sixty concert music. From the start, Parmegiani's work was closely linked to the screen, with dozens of documentaries, films, long features, animation films but also musical pieces for dance, stage or TV. The first volume of this compilation allows us to discover some of these lost tapes and unpublished recordings which were composed for the screen or the performing arts.","breadcrumb":{"@id":"https:\/\/wpguerssen-test.odoo.rgbconsulting.com\/es\/producto\/memoire-magnetique-vol-1\/#breadcrumb"},"inLanguage":"es","potentialAction":[{"@type":"ReadAction","target":["https:\/\/wpguerssen-test.odoo.rgbconsulting.com\/es\/producto\/memoire-magnetique-vol-1\/"]}]},{"@type":"ImageObject","inLanguage":"es","@id":"https:\/\/wpguerssen-test.odoo.rgbconsulting.com\/es\/producto\/memoire-magnetique-vol-1\/#primaryimage","url":"https:\/\/wpguerssen-test.odoo.rgbconsulting.com\/wp-content\/uploads\/2022\/03\/33088.jpg","contentUrl":"https:\/\/wpguerssen-test.odoo.rgbconsulting.com\/wp-content\/uploads\/2022\/03\/33088.jpg","width":302,"height":305,"caption":"Bernard - M\u00e9moire Magn\u00e9tique vol. 1 - TRANSVERSALES DISQUES (LP) | Guerssen"},{"@type":"BreadcrumbList","@id":"https:\/\/wpguerssen-test.odoo.rgbconsulting.com\/es\/producto\/memoire-magnetique-vol-1\/#breadcrumb","itemListElement":[{"@type":"ListItem","position":1,"name":"Inicio","item":"https:\/\/wpguerssen-test.odoo.rgbconsulting.com\/es\/"},{"@type":"ListItem","position":2,"name":"Shop","item":"https:\/\/wpguerssen-test.odoo.rgbconsulting.com\/shop\/"},{"@type":"ListItem","position":3,"name":"M\u00e9moire Magn\u00e9tique vol. 1"}]},{"@type":"WebSite","@id":"https:\/\/wpguerssen-test.odoo.rgbconsulting.com\/es\/#website","url":"https:\/\/wpguerssen-test.odoo.rgbconsulting.com\/es\/","name":"Guerssen records","description":"psychedelia - progressive - folk - garage ","publisher":{"@id":"https:\/\/wpguerssen-test.odoo.rgbconsulting.com\/es\/#organization"},"potentialAction":[{"@type":"SearchAction","target":{"@type":"EntryPoint","urlTemplate":"https:\/\/wpguerssen-test.odoo.rgbconsulting.com\/es\/?s={search_term_string}"},"query-input":{"@type":"PropertyValueSpecification","valueRequired":true,"valueName":"search_term_string"}}],"inLanguage":"es"},{"@type":"Organization","@id":"https:\/\/wpguerssen-test.odoo.rgbconsulting.com\/es\/#organization","name":"Guerssen records","url":"https:\/\/wpguerssen-test.odoo.rgbconsulting.com\/es\/","logo":{"@type":"ImageObject","inLanguage":"es","@id":"https:\/\/wpguerssen-test.odoo.rgbconsulting.com\/es\/#\/schema\/logo\/image\/","url":"https:\/\/wpguerssen-test.odoo.rgbconsulting.com\/wp-content\/uploads\/2022\/04\/Logo_Guerssen_trans_100.png","contentUrl":"https:\/\/wpguerssen-test.odoo.rgbconsulting.com\/wp-content\/uploads\/2022\/04\/Logo_Guerssen_trans_100.png","width":122,"height":100,"caption":"Guerssen records"},"image":{"@id":"https:\/\/wpguerssen-test.odoo.rgbconsulting.com\/es\/#\/schema\/logo\/image\/"}}]}},"_links":{"self":[{"href":"https:\/\/wpguerssen-test.odoo.rgbconsulting.com\/es\/wp-json\/wp\/v2\/product\/188612","targetHints":{"allow":["GET"]}}],"collection":[{"href":"https:\/\/wpguerssen-test.odoo.rgbconsulting.com\/es\/wp-json\/wp\/v2\/product"}],"about":[{"href":"https:\/\/wpguerssen-test.odoo.rgbconsulting.com\/es\/wp-json\/wp\/v2\/types\/product"}],"wp:featuredmedia":[{"embeddable":true,"href":"https:\/\/wpguerssen-test.odoo.rgbconsulting.com\/es\/wp-json\/wp\/v2\/media\/123562"}],"wp:attachment":[{"href":"https:\/\/wpguerssen-test.odoo.rgbconsulting.com\/es\/wp-json\/wp\/v2\/media?parent=188612"}],"wp:term":[{"taxonomy":"product_brand","embeddable":true,"href":"https:\/\/wpguerssen-test.odoo.rgbconsulting.com\/es\/wp-json\/wp\/v2\/product_brand?post=188612"},{"taxonomy":"product_cat","embeddable":true,"href":"https:\/\/wpguerssen-test.odoo.rgbconsulting.com\/es\/wp-json\/wp\/v2\/product_cat?post=188612"},{"taxonomy":"product_tag","embeddable":true,"href":"https:\/\/wpguerssen-test.odoo.rgbconsulting.com\/es\/wp-json\/wp\/v2\/product_tag?post=188612"}],"curies":[{"name":"wp","href":"https:\/\/api.w.org\/{rel}","templated":true}]}}