{"id":188627,"date":"2018-11-21T00:00:00","date_gmt":"2018-11-20T23:00:00","guid":{"rendered":"http:\/\/guerssen.hl1097.dinaserver.com\/product\/pop-espontaneo-cd\/"},"modified":"2025-03-14T12:52:27","modified_gmt":"2025-03-14T11:52:27","slug":"pop-espontaneo-cd","status":"publish","type":"product","link":"https:\/\/wpguerssen-test.odoo.rgbconsulting.com\/es\/producto\/pop-espontaneo-cd\/","title":{"rendered":"Pop Espont\u00e1neo (CD)"},"content":{"rendered":"<p>Garage psicod\u00e9lico, proto-power pop y \u00e1cido psych-funk desde Paraguay, 1919-1975! <\/p>\n<p> \u00abPop Espont\u00e1neo\u00bb incluye una selecci\u00f3n de grabaciones in\u00e9ditas a cargo de Jodi (el d\u00fao formado en Paraguay por los hermanos Joern y Dirk Wenger), efectuadas en su alucinante estudio casero de 8-pistas en Asunci\u00f3n. <\/p>\n<p> Despu\u00e9s de editar de forma privada en 1971 el LP \u00abPops de Vanguardia\u00bb (disco pionero del garage-pop-psicod\u00e9lico lo-fi en Am\u00e9rica del Sur, reeditado por nosotros en 2016) y varios EPs, Jodi disfrutar\u00edan de fama y \u00e9xito al fichar por EMI. Pero justo en esa \u00e9poca, Joern y Dirk grabaron infinidad de temas que mostraban su lado m\u00e1s experimental y libre, sin imposiciones de la discogr\u00e1fica, solo para su disfrute. Viv\u00edan en su popio mundo y Joern pasaba largas horas encerrado en su estudio casero. Como si fuese un Alex Chilton o R. Stevie Moore paraguayo, Joern cre\u00f3 un sonido particular y propio, muy avanzado a su \u00e9poca, usando guitarras el\u00e9ctricas Fender Jaguar, pedales fuzz, Moog, Rhodes, Clavinet, Farfisa, etc. RIYL: BEATLES, KINKS, SHOES, JAN HAMMER, UNITED STATES OF AMERICA, CLEANERS FROM VENUS, ARIEL PINK, GUIDED BY VOICES, BEAT HAPPENING, TROPICALIA&#8230; <\/p>\n<p> Estamos realmente orgullosos de poder presentar estas grabaciones in\u00e9ditas, cuyas cintas han estado durrmiendo durante d\u00e9cadas en el s\u00f3tano de Joern. <\/p>\n<p> *Incre\u00edble sonido extra\u00eddo de los m\u00e1sters anal\u00f3gicos. <\/p>\n<p> *Booklet con raras fotos y detalladas notas por Eduardo A. Elizalde Pietruczyk (a.k.a. Bubbling Minds). <\/p>\n<p> *Incluye tres bonus tracks. <\/p>\n<p> Tracklist: 1. Loveseller &#8211; 2. Altered Termites In My Room &#8211; 3. Change Your Mind About Me &#8211; 4. Wanna Change This World &#8211; 5. Night Dreamer &#8211; 6. Save My Soul &#8211; 7. Take Me Higher &#8211; 8. Instrumental Nocturno &#8211; 9. A Sunburst of Bees &#8211; 10. Where Are All My Friends &#8211; 11. I Will Wait For You &#8211; 12. The Mom Kiss First &#8211; 13. I Find You In The Night &#8211; 14. I Loved You Once &#8211; 15. Tell Me Why &#8211; 16. Six Feet Over The Rainbow &#8211; 17. Hard To Be Alone (bonus track) &#8211; 18. Searching For A Figure (bonus track) &#8211; 19. Toys (bonus track)<\/p>\n","protected":false},"excerpt":{"rendered":"<p>Garage psicod\u00e9lico, proto-power pop y \u00e1cido psych-funk desde Paraguay, 1919-1975! <\/p>\n<p>\u00a0<\/p>\n<p> \u00abPop Espont\u00e1neo\u00bb incluye una selecci\u00f3n de grabaciones in\u00e9ditas<a class=\"read\" href=\"https:\/\/wpguerssen-test.odoo.rgbconsulting.com\/es\/producto\/pop-espontaneo-cd\/\"> (...)<\/a>","protected":false},"featured_media":123592,"template":"","meta":{"_acf_changed":false},"product_brand":[],"product_cat":[21639,23219],"product_tag":[29138],"class_list":{"0":"post-188627","1":"product","2":"type-product","3":"status-publish","4":"has-post-thumbnail","6":"product_cat-psychedelic60s-70s-es","7":"product_cat-funk-es","8":"product_tag-cd-es","9":"pa_artist-jodi","10":"pa_format-cd-2-es","11":"pa_gender-psychedelic60s-70s-funk","12":"pa_label-out-sider-music-es","13":"pa_location-south-america-caribbean-es","15":"first","16":"instock","17":"taxable","18":"shipping-taxable","19":"purchasable","20":"product-type-simple"},"acf":[],"yoast_head":"<!-- This site is optimized with the Yoast SEO plugin v24.9 - https:\/\/yoast.com\/wordpress\/plugins\/seo\/ -->\n<title>JODI - Pop Espont\u00e1neo (CD) -  (CD) | Guerssen<\/title>\n<meta name=\"description\" content=\"Psychedelic garage, proto-power pop and psych-funk from Paraguay, 1969-1975! #nl# &quot;Pop Espont\u00e1neo&quot; includes a selection of previously unreleased recordings by Joern and Dirk Wenger&#039;s duo JODI, registered at their state-of the-art 8-track home studio in Asunci\u00f3n, Paraguay. Living in their own isolated world and free from any commercial pressure, Joern Wenger, a kind of Paraguayan Brian Wilson or R. Stevie Moore, created a particular, ahead of its time sound, using electric guitars, fuzz boxes, Moog, Mellotron, Clavinet, Farfisa...RIYL: BEATLES, KINKS, SHOES, JAN HAMMER, UNITED STATES OF AMERICA, CLEANERS FROM VENUS, ARIEL PINK, GUIDED BY VOICES, BEAT HAPPENING, TROPICALIA... #nl# In 2016, we unearthed and reissued the first Jodi album, &quot;Pops de Vanguardia&quot;, which is probably the first DIY lo-fi garage \/ psychedelic album from South America, originally released in 1971. Now, we&#039;re over the moon with this incredible collection of unreleased recordings which were hidden in Joern Wenger&#039;s basement for several decades. #nl# *Superb sound taken from the original master tapes. #nl# *Bookllet with rare photos and detailed liner notes by Eduardo A. Elizalde Pietruczyk (a.k.a. Bubbling Minds). #nl# *Includes three bonus tracks. #nl# Tracklist: 1. Loveseller - 2. Altered Termites In My Room - 3. Change Your Mind About Me - 4. Wanna Change This World - 5. Night Dreamer - 6. Save My Soul - 7. Take Me Higher - 8. Instrumental Nocturno - 9. A Sunburst of Bees - 10. Where Are All My Friends - 11. I Will Wait For You - 12. The Mom Kiss First - 13. I Find You In The Night - 14. I Loved You Once - 15. Tell Me Why - 16. Six Feet Over The Rainbow - 17. Hard To Be Alone (bonus track) - 18. Searching For A Figure (bonus track) - 19. Toys (bonus track)\" \/>\n<meta name=\"robots\" content=\"index, follow, max-snippet:-1, max-image-preview:large, max-video-preview:-1\" \/>\n<link rel=\"canonical\" href=\"https:\/\/wpguerssen-test.odoo.rgbconsulting.com\/es\/producto\/pop-espontaneo-cd\/\" \/>\n<meta property=\"og:locale\" content=\"es_ES\" \/>\n<meta property=\"og:type\" content=\"article\" \/>\n<meta property=\"og:title\" content=\"JODI - Pop Espont\u00e1neo (CD) -  (CD) | Guerssen\" \/>\n<meta property=\"og:description\" content=\"Psychedelic garage, proto-power pop and psych-funk from Paraguay, 1969-1975! #nl# &quot;Pop Espont\u00e1neo&quot; includes a selection of previously unreleased recordings by Joern and Dirk Wenger&#039;s duo JODI, registered at their state-of the-art 8-track home studio in Asunci\u00f3n, Paraguay. Living in their own isolated world and free from any commercial pressure, Joern Wenger, a kind of Paraguayan Brian Wilson or R. Stevie Moore, created a particular, ahead of its time sound, using electric guitars, fuzz boxes, Moog, Mellotron, Clavinet, Farfisa...RIYL: BEATLES, KINKS, SHOES, JAN HAMMER, UNITED STATES OF AMERICA, CLEANERS FROM VENUS, ARIEL PINK, GUIDED BY VOICES, BEAT HAPPENING, TROPICALIA... #nl# In 2016, we unearthed and reissued the first Jodi album, &quot;Pops de Vanguardia&quot;, which is probably the first DIY lo-fi garage \/ psychedelic album from South America, originally released in 1971. Now, we&#039;re over the moon with this incredible collection of unreleased recordings which were hidden in Joern Wenger&#039;s basement for several decades. #nl# *Superb sound taken from the original master tapes. #nl# *Bookllet with rare photos and detailed liner notes by Eduardo A. Elizalde Pietruczyk (a.k.a. Bubbling Minds). #nl# *Includes three bonus tracks. #nl# Tracklist: 1. Loveseller - 2. Altered Termites In My Room - 3. Change Your Mind About Me - 4. Wanna Change This World - 5. Night Dreamer - 6. Save My Soul - 7. Take Me Higher - 8. Instrumental Nocturno - 9. A Sunburst of Bees - 10. Where Are All My Friends - 11. I Will Wait For You - 12. The Mom Kiss First - 13. I Find You In The Night - 14. I Loved You Once - 15. Tell Me Why - 16. Six Feet Over The Rainbow - 17. Hard To Be Alone (bonus track) - 18. Searching For A Figure (bonus track) - 19. Toys (bonus track)\" \/>\n<meta property=\"og:url\" content=\"https:\/\/wpguerssen-test.odoo.rgbconsulting.com\/es\/producto\/pop-espontaneo-cd\/\" \/>\n<meta property=\"og:site_name\" content=\"Guerssen records\" \/>\n<meta property=\"article:modified_time\" content=\"2025-03-14T11:52:27+00:00\" \/>\n<meta property=\"og:image\" content=\"https:\/\/wpguerssen-test.odoo.rgbconsulting.com\/wp-content\/uploads\/2022\/03\/33141.jpg\" \/>\n\t<meta property=\"og:image:width\" content=\"1400\" \/>\n\t<meta property=\"og:image:height\" content=\"1400\" \/>\n\t<meta property=\"og:image:type\" content=\"image\/jpeg\" \/>\n<meta name=\"twitter:card\" content=\"summary_large_image\" \/>\n<meta name=\"twitter:title\" content=\"JODI - Pop Espont\u00e1neo (CD) -  (CD) | Guerssen\" \/>\n<meta name=\"twitter:label1\" content=\"Tiempo de lectura\" \/>\n\t<meta name=\"twitter:data1\" content=\"2 minutos\" \/>\n<script type=\"application\/ld+json\" class=\"yoast-schema-graph\">{\"@context\":\"https:\/\/schema.org\",\"@graph\":[{\"@type\":\"WebPage\",\"@id\":\"https:\/\/wpguerssen-test.odoo.rgbconsulting.com\/es\/producto\/pop-espontaneo-cd\/\",\"url\":\"https:\/\/wpguerssen-test.odoo.rgbconsulting.com\/es\/producto\/pop-espontaneo-cd\/\",\"name\":\"JODI - Pop Espont\u00e1neo (CD) - (CD) | Guerssen\",\"isPartOf\":{\"@id\":\"https:\/\/wpguerssen-test.odoo.rgbconsulting.com\/es\/#website\"},\"primaryImageOfPage\":{\"@id\":\"https:\/\/wpguerssen-test.odoo.rgbconsulting.com\/es\/producto\/pop-espontaneo-cd\/#primaryimage\"},\"image\":{\"@id\":\"https:\/\/wpguerssen-test.odoo.rgbconsulting.com\/es\/producto\/pop-espontaneo-cd\/#primaryimage\"},\"thumbnailUrl\":\"https:\/\/wpguerssen-test.odoo.rgbconsulting.com\/wp-content\/uploads\/2022\/03\/33141.jpg\",\"datePublished\":\"2018-11-20T23:00:00+00:00\",\"dateModified\":\"2025-03-14T11:52:27+00:00\",\"description\":\"Psychedelic garage, proto-power pop and psych-funk from Paraguay, 1969-1975! #nl# \\\"Pop Espont\u00e1neo\\\" includes a selection of previously unreleased recordings by Joern and Dirk Wenger's duo JODI, registered at their state-of the-art 8-track home studio in Asunci\u00f3n, Paraguay. Living in their own isolated world and free from any commercial pressure, Joern Wenger, a kind of Paraguayan Brian Wilson or R. Stevie Moore, created a particular, ahead of its time sound, using electric guitars, fuzz boxes, Moog, Mellotron, Clavinet, Farfisa...RIYL: BEATLES, KINKS, SHOES, JAN HAMMER, UNITED STATES OF AMERICA, CLEANERS FROM VENUS, ARIEL PINK, GUIDED BY VOICES, BEAT HAPPENING, TROPICALIA... #nl# In 2016, we unearthed and reissued the first Jodi album, \\\"Pops de Vanguardia\\\", which is probably the first DIY lo-fi garage \/ psychedelic album from South America, originally released in 1971. Now, we're over the moon with this incredible collection of unreleased recordings which were hidden in Joern Wenger's basement for several decades. #nl# *Superb sound taken from the original master tapes. #nl# *Bookllet with rare photos and detailed liner notes by Eduardo A. Elizalde Pietruczyk (a.k.a. Bubbling Minds). #nl# *Includes three bonus tracks. #nl# Tracklist: 1. Loveseller - 2. Altered Termites In My Room - 3. Change Your Mind About Me - 4. Wanna Change This World - 5. Night Dreamer - 6. Save My Soul - 7. Take Me Higher - 8. Instrumental Nocturno - 9. A Sunburst of Bees - 10. Where Are All My Friends - 11. I Will Wait For You - 12. The Mom Kiss First - 13. I Find You In The Night - 14. I Loved You Once - 15. Tell Me Why - 16. Six Feet Over The Rainbow - 17. Hard To Be Alone (bonus track) - 18. Searching For A Figure (bonus track) - 19. Toys (bonus track)\",\"breadcrumb\":{\"@id\":\"https:\/\/wpguerssen-test.odoo.rgbconsulting.com\/es\/producto\/pop-espontaneo-cd\/#breadcrumb\"},\"inLanguage\":\"es\",\"potentialAction\":[{\"@type\":\"ReadAction\",\"target\":[\"https:\/\/wpguerssen-test.odoo.rgbconsulting.com\/es\/producto\/pop-espontaneo-cd\/\"]}]},{\"@type\":\"ImageObject\",\"inLanguage\":\"es\",\"@id\":\"https:\/\/wpguerssen-test.odoo.rgbconsulting.com\/es\/producto\/pop-espontaneo-cd\/#primaryimage\",\"url\":\"https:\/\/wpguerssen-test.odoo.rgbconsulting.com\/wp-content\/uploads\/2022\/03\/33141.jpg\",\"contentUrl\":\"https:\/\/wpguerssen-test.odoo.rgbconsulting.com\/wp-content\/uploads\/2022\/03\/33141.jpg\",\"width\":1400,\"height\":1400,\"caption\":\"JODI - Pop Espont\u00e1neo (CD) - OUT-SIDER MUSIC (CD) | Guerssen\"},{\"@type\":\"BreadcrumbList\",\"@id\":\"https:\/\/wpguerssen-test.odoo.rgbconsulting.com\/es\/producto\/pop-espontaneo-cd\/#breadcrumb\",\"itemListElement\":[{\"@type\":\"ListItem\",\"position\":1,\"name\":\"Inicio\",\"item\":\"https:\/\/wpguerssen-test.odoo.rgbconsulting.com\/es\/\"},{\"@type\":\"ListItem\",\"position\":2,\"name\":\"Shop\",\"item\":\"https:\/\/wpguerssen-test.odoo.rgbconsulting.com\/shop\/\"},{\"@type\":\"ListItem\",\"position\":3,\"name\":\"Pop Espont\u00e1neo (CD)\"}]},{\"@type\":\"WebSite\",\"@id\":\"https:\/\/wpguerssen-test.odoo.rgbconsulting.com\/es\/#website\",\"url\":\"https:\/\/wpguerssen-test.odoo.rgbconsulting.com\/es\/\",\"name\":\"Guerssen records\",\"description\":\"psychedelia - progressive - folk - garage \",\"publisher\":{\"@id\":\"https:\/\/wpguerssen-test.odoo.rgbconsulting.com\/es\/#organization\"},\"potentialAction\":[{\"@type\":\"SearchAction\",\"target\":{\"@type\":\"EntryPoint\",\"urlTemplate\":\"https:\/\/wpguerssen-test.odoo.rgbconsulting.com\/es\/?s={search_term_string}\"},\"query-input\":{\"@type\":\"PropertyValueSpecification\",\"valueRequired\":true,\"valueName\":\"search_term_string\"}}],\"inLanguage\":\"es\"},{\"@type\":\"Organization\",\"@id\":\"https:\/\/wpguerssen-test.odoo.rgbconsulting.com\/es\/#organization\",\"name\":\"Guerssen records\",\"url\":\"https:\/\/wpguerssen-test.odoo.rgbconsulting.com\/es\/\",\"logo\":{\"@type\":\"ImageObject\",\"inLanguage\":\"es\",\"@id\":\"https:\/\/wpguerssen-test.odoo.rgbconsulting.com\/es\/#\/schema\/logo\/image\/\",\"url\":\"https:\/\/wpguerssen-test.odoo.rgbconsulting.com\/wp-content\/uploads\/2022\/04\/Logo_Guerssen_trans_100.png\",\"contentUrl\":\"https:\/\/wpguerssen-test.odoo.rgbconsulting.com\/wp-content\/uploads\/2022\/04\/Logo_Guerssen_trans_100.png\",\"width\":122,\"height\":100,\"caption\":\"Guerssen records\"},\"image\":{\"@id\":\"https:\/\/wpguerssen-test.odoo.rgbconsulting.com\/es\/#\/schema\/logo\/image\/\"}}]}<\/script>\n<!-- \/ Yoast SEO plugin. -->","yoast_head_json":{"title":"JODI - Pop Espont\u00e1neo (CD) -  (CD) | Guerssen","description":"Psychedelic garage, proto-power pop and psych-funk from Paraguay, 1969-1975! #nl# \"Pop Espont\u00e1neo\" includes a selection of previously unreleased recordings by Joern and Dirk Wenger's duo JODI, registered at their state-of the-art 8-track home studio in Asunci\u00f3n, Paraguay. Living in their own isolated world and free from any commercial pressure, Joern Wenger, a kind of Paraguayan Brian Wilson or R. Stevie Moore, created a particular, ahead of its time sound, using electric guitars, fuzz boxes, Moog, Mellotron, Clavinet, Farfisa...RIYL: BEATLES, KINKS, SHOES, JAN HAMMER, UNITED STATES OF AMERICA, CLEANERS FROM VENUS, ARIEL PINK, GUIDED BY VOICES, BEAT HAPPENING, TROPICALIA... #nl# In 2016, we unearthed and reissued the first Jodi album, \"Pops de Vanguardia\", which is probably the first DIY lo-fi garage \/ psychedelic album from South America, originally released in 1971. Now, we're over the moon with this incredible collection of unreleased recordings which were hidden in Joern Wenger's basement for several decades. #nl# *Superb sound taken from the original master tapes. #nl# *Bookllet with rare photos and detailed liner notes by Eduardo A. Elizalde Pietruczyk (a.k.a. Bubbling Minds). #nl# *Includes three bonus tracks. #nl# Tracklist: 1. Loveseller - 2. Altered Termites In My Room - 3. Change Your Mind About Me - 4. Wanna Change This World - 5. Night Dreamer - 6. Save My Soul - 7. Take Me Higher - 8. Instrumental Nocturno - 9. A Sunburst of Bees - 10. Where Are All My Friends - 11. I Will Wait For You - 12. The Mom Kiss First - 13. I Find You In The Night - 14. I Loved You Once - 15. Tell Me Why - 16. Six Feet Over The Rainbow - 17. Hard To Be Alone (bonus track) - 18. Searching For A Figure (bonus track) - 19. Toys (bonus track)","robots":{"index":"index","follow":"follow","max-snippet":"max-snippet:-1","max-image-preview":"max-image-preview:large","max-video-preview":"max-video-preview:-1"},"canonical":"https:\/\/wpguerssen-test.odoo.rgbconsulting.com\/es\/producto\/pop-espontaneo-cd\/","og_locale":"es_ES","og_type":"article","og_title":"JODI - Pop Espont\u00e1neo (CD) -  (CD) | Guerssen","og_description":"Psychedelic garage, proto-power pop and psych-funk from Paraguay, 1969-1975! #nl# \"Pop Espont\u00e1neo\" includes a selection of previously unreleased recordings by Joern and Dirk Wenger's duo JODI, registered at their state-of the-art 8-track home studio in Asunci\u00f3n, Paraguay. Living in their own isolated world and free from any commercial pressure, Joern Wenger, a kind of Paraguayan Brian Wilson or R. Stevie Moore, created a particular, ahead of its time sound, using electric guitars, fuzz boxes, Moog, Mellotron, Clavinet, Farfisa...RIYL: BEATLES, KINKS, SHOES, JAN HAMMER, UNITED STATES OF AMERICA, CLEANERS FROM VENUS, ARIEL PINK, GUIDED BY VOICES, BEAT HAPPENING, TROPICALIA... #nl# In 2016, we unearthed and reissued the first Jodi album, \"Pops de Vanguardia\", which is probably the first DIY lo-fi garage \/ psychedelic album from South America, originally released in 1971. Now, we're over the moon with this incredible collection of unreleased recordings which were hidden in Joern Wenger's basement for several decades. #nl# *Superb sound taken from the original master tapes. #nl# *Bookllet with rare photos and detailed liner notes by Eduardo A. Elizalde Pietruczyk (a.k.a. Bubbling Minds). #nl# *Includes three bonus tracks. #nl# Tracklist: 1. Loveseller - 2. Altered Termites In My Room - 3. Change Your Mind About Me - 4. Wanna Change This World - 5. Night Dreamer - 6. Save My Soul - 7. Take Me Higher - 8. Instrumental Nocturno - 9. A Sunburst of Bees - 10. Where Are All My Friends - 11. I Will Wait For You - 12. The Mom Kiss First - 13. I Find You In The Night - 14. I Loved You Once - 15. Tell Me Why - 16. Six Feet Over The Rainbow - 17. Hard To Be Alone (bonus track) - 18. Searching For A Figure (bonus track) - 19. Toys (bonus track)","og_url":"https:\/\/wpguerssen-test.odoo.rgbconsulting.com\/es\/producto\/pop-espontaneo-cd\/","og_site_name":"Guerssen records","article_modified_time":"2025-03-14T11:52:27+00:00","og_image":[{"width":1400,"height":1400,"url":"https:\/\/wpguerssen-test.odoo.rgbconsulting.com\/wp-content\/uploads\/2022\/03\/33141.jpg","type":"image\/jpeg"}],"twitter_card":"summary_large_image","twitter_title":"JODI - Pop Espont\u00e1neo (CD) -  (CD) | Guerssen","twitter_misc":{"Tiempo de lectura":"2 minutos"},"schema":{"@context":"https:\/\/schema.org","@graph":[{"@type":"WebPage","@id":"https:\/\/wpguerssen-test.odoo.rgbconsulting.com\/es\/producto\/pop-espontaneo-cd\/","url":"https:\/\/wpguerssen-test.odoo.rgbconsulting.com\/es\/producto\/pop-espontaneo-cd\/","name":"JODI - Pop Espont\u00e1neo (CD) - (CD) | Guerssen","isPartOf":{"@id":"https:\/\/wpguerssen-test.odoo.rgbconsulting.com\/es\/#website"},"primaryImageOfPage":{"@id":"https:\/\/wpguerssen-test.odoo.rgbconsulting.com\/es\/producto\/pop-espontaneo-cd\/#primaryimage"},"image":{"@id":"https:\/\/wpguerssen-test.odoo.rgbconsulting.com\/es\/producto\/pop-espontaneo-cd\/#primaryimage"},"thumbnailUrl":"https:\/\/wpguerssen-test.odoo.rgbconsulting.com\/wp-content\/uploads\/2022\/03\/33141.jpg","datePublished":"2018-11-20T23:00:00+00:00","dateModified":"2025-03-14T11:52:27+00:00","description":"Psychedelic garage, proto-power pop and psych-funk from Paraguay, 1969-1975! #nl# \"Pop Espont\u00e1neo\" includes a selection of previously unreleased recordings by Joern and Dirk Wenger's duo JODI, registered at their state-of the-art 8-track home studio in Asunci\u00f3n, Paraguay. Living in their own isolated world and free from any commercial pressure, Joern Wenger, a kind of Paraguayan Brian Wilson or R. Stevie Moore, created a particular, ahead of its time sound, using electric guitars, fuzz boxes, Moog, Mellotron, Clavinet, Farfisa...RIYL: BEATLES, KINKS, SHOES, JAN HAMMER, UNITED STATES OF AMERICA, CLEANERS FROM VENUS, ARIEL PINK, GUIDED BY VOICES, BEAT HAPPENING, TROPICALIA... #nl# In 2016, we unearthed and reissued the first Jodi album, \"Pops de Vanguardia\", which is probably the first DIY lo-fi garage \/ psychedelic album from South America, originally released in 1971. Now, we're over the moon with this incredible collection of unreleased recordings which were hidden in Joern Wenger's basement for several decades. #nl# *Superb sound taken from the original master tapes. #nl# *Bookllet with rare photos and detailed liner notes by Eduardo A. Elizalde Pietruczyk (a.k.a. Bubbling Minds). #nl# *Includes three bonus tracks. #nl# Tracklist: 1. Loveseller - 2. Altered Termites In My Room - 3. Change Your Mind About Me - 4. Wanna Change This World - 5. Night Dreamer - 6. Save My Soul - 7. Take Me Higher - 8. Instrumental Nocturno - 9. A Sunburst of Bees - 10. Where Are All My Friends - 11. I Will Wait For You - 12. The Mom Kiss First - 13. I Find You In The Night - 14. I Loved You Once - 15. Tell Me Why - 16. Six Feet Over The Rainbow - 17. Hard To Be Alone (bonus track) - 18. Searching For A Figure (bonus track) - 19. Toys (bonus track)","breadcrumb":{"@id":"https:\/\/wpguerssen-test.odoo.rgbconsulting.com\/es\/producto\/pop-espontaneo-cd\/#breadcrumb"},"inLanguage":"es","potentialAction":[{"@type":"ReadAction","target":["https:\/\/wpguerssen-test.odoo.rgbconsulting.com\/es\/producto\/pop-espontaneo-cd\/"]}]},{"@type":"ImageObject","inLanguage":"es","@id":"https:\/\/wpguerssen-test.odoo.rgbconsulting.com\/es\/producto\/pop-espontaneo-cd\/#primaryimage","url":"https:\/\/wpguerssen-test.odoo.rgbconsulting.com\/wp-content\/uploads\/2022\/03\/33141.jpg","contentUrl":"https:\/\/wpguerssen-test.odoo.rgbconsulting.com\/wp-content\/uploads\/2022\/03\/33141.jpg","width":1400,"height":1400,"caption":"JODI - Pop Espont\u00e1neo (CD) - OUT-SIDER MUSIC (CD) | Guerssen"},{"@type":"BreadcrumbList","@id":"https:\/\/wpguerssen-test.odoo.rgbconsulting.com\/es\/producto\/pop-espontaneo-cd\/#breadcrumb","itemListElement":[{"@type":"ListItem","position":1,"name":"Inicio","item":"https:\/\/wpguerssen-test.odoo.rgbconsulting.com\/es\/"},{"@type":"ListItem","position":2,"name":"Shop","item":"https:\/\/wpguerssen-test.odoo.rgbconsulting.com\/shop\/"},{"@type":"ListItem","position":3,"name":"Pop Espont\u00e1neo (CD)"}]},{"@type":"WebSite","@id":"https:\/\/wpguerssen-test.odoo.rgbconsulting.com\/es\/#website","url":"https:\/\/wpguerssen-test.odoo.rgbconsulting.com\/es\/","name":"Guerssen records","description":"psychedelia - progressive - folk - garage ","publisher":{"@id":"https:\/\/wpguerssen-test.odoo.rgbconsulting.com\/es\/#organization"},"potentialAction":[{"@type":"SearchAction","target":{"@type":"EntryPoint","urlTemplate":"https:\/\/wpguerssen-test.odoo.rgbconsulting.com\/es\/?s={search_term_string}"},"query-input":{"@type":"PropertyValueSpecification","valueRequired":true,"valueName":"search_term_string"}}],"inLanguage":"es"},{"@type":"Organization","@id":"https:\/\/wpguerssen-test.odoo.rgbconsulting.com\/es\/#organization","name":"Guerssen records","url":"https:\/\/wpguerssen-test.odoo.rgbconsulting.com\/es\/","logo":{"@type":"ImageObject","inLanguage":"es","@id":"https:\/\/wpguerssen-test.odoo.rgbconsulting.com\/es\/#\/schema\/logo\/image\/","url":"https:\/\/wpguerssen-test.odoo.rgbconsulting.com\/wp-content\/uploads\/2022\/04\/Logo_Guerssen_trans_100.png","contentUrl":"https:\/\/wpguerssen-test.odoo.rgbconsulting.com\/wp-content\/uploads\/2022\/04\/Logo_Guerssen_trans_100.png","width":122,"height":100,"caption":"Guerssen records"},"image":{"@id":"https:\/\/wpguerssen-test.odoo.rgbconsulting.com\/es\/#\/schema\/logo\/image\/"}}]}},"_links":{"self":[{"href":"https:\/\/wpguerssen-test.odoo.rgbconsulting.com\/es\/wp-json\/wp\/v2\/product\/188627","targetHints":{"allow":["GET"]}}],"collection":[{"href":"https:\/\/wpguerssen-test.odoo.rgbconsulting.com\/es\/wp-json\/wp\/v2\/product"}],"about":[{"href":"https:\/\/wpguerssen-test.odoo.rgbconsulting.com\/es\/wp-json\/wp\/v2\/types\/product"}],"wp:featuredmedia":[{"embeddable":true,"href":"https:\/\/wpguerssen-test.odoo.rgbconsulting.com\/es\/wp-json\/wp\/v2\/media\/123592"}],"wp:attachment":[{"href":"https:\/\/wpguerssen-test.odoo.rgbconsulting.com\/es\/wp-json\/wp\/v2\/media?parent=188627"}],"wp:term":[{"taxonomy":"product_brand","embeddable":true,"href":"https:\/\/wpguerssen-test.odoo.rgbconsulting.com\/es\/wp-json\/wp\/v2\/product_brand?post=188627"},{"taxonomy":"product_cat","embeddable":true,"href":"https:\/\/wpguerssen-test.odoo.rgbconsulting.com\/es\/wp-json\/wp\/v2\/product_cat?post=188627"},{"taxonomy":"product_tag","embeddable":true,"href":"https:\/\/wpguerssen-test.odoo.rgbconsulting.com\/es\/wp-json\/wp\/v2\/product_tag?post=188627"}],"curies":[{"name":"wp","href":"https:\/\/api.w.org\/{rel}","templated":true}]}}