{"id":188851,"date":"2019-03-21T00:00:00","date_gmt":"2019-03-20T23:00:00","guid":{"rendered":"http:\/\/guerssen.hl1097.dinaserver.com\/product\/when-you-hear-the-music-its-yours-cd\/"},"modified":"2025-03-14T12:52:31","modified_gmt":"2025-03-14T11:52:31","slug":"when-you-hear-the-music-its-yours-cd","status":"publish","type":"product","link":"https:\/\/wpguerssen-test.odoo.rgbconsulting.com\/es\/producto\/when-you-hear-the-music-its-yours-cd\/","title":{"rendered":"When You Hear The Music, It&#8217;s Yours (CD)"},"content":{"rendered":"<p>Psicodelia norteamericana de finales de los 60 con excelente producci\u00f3n de estudio, originales arreglos, guitarras fuzz, efectos&#8230;grabado en 1967-68 pero in\u00e9dito hasta ahora. <\/p>\n<p> Famosos por su excelente single \u00abPsychedelic Illusion\u00bb, el grupo de garage psicod\u00e9lico One Of Hours se form\u00f3 en Lexington, Kentucky, en 1966. Tras incorporarse el guitarra Bob Willcutt a su formaci\u00f3n, mutan hacia un sonido m\u00e1s psicod\u00e9lico y a finales de 1967 entran en un estudio de grabaci\u00f3n de confianza (Chetwyd), donde hab\u00edan registrado sus singles anteriores, para dar forma a un ambicioso disco titulado \u00abWhen you hear the music, it&#8217;s yours\u00bb, en plena fiebre de \u00abSgt. Pepper\u00bb.  <\/p>\n<p> Guiados por la fuerza creativa de Shawn Foreman (que unas d\u00e9cadas m\u00e1s tarde crear\u00eda el proyecto electro-funk de culto Transistor-Jet), el grupo (ahora llamado Dandelion Wine) no duda en usar t\u00e9cnicas de grabaci\u00f3n no convencionales, muy influenciados por la moda psicod\u00e9lica: grabaciones al rev\u00e9s, papel y obejetos en cuerdas de piano, cantar a trav\u00e9s de un peine, conectar varios pedales fuzz a la vez, etc. El resultado fueron 12 canciones con t\u00edtulos como \u00abTwo Heads For 25 Cents\u00bb, \u00abSweet Dragonfly\u00bb o \u00abIncense C-19X\u00bb, que pueden recordar a gente como West Coast Pop Art Experimental Band. El m\u00e1ster se env\u00edo al sello Liberty con la promesa de un contrato discogr\u00e1fico y la edici\u00f3n del disco en 1968&#8230;algo que nunca ocurri\u00f3. El disco se archiva y el m\u00e1ster se quema en un incendio pero, afortunadamente, Bob Willcutt conserv\u00f3 una copia de primera generaci\u00f3n con sonido perfecto, ahora digitalizada y restaurada para esta, la primera edici\u00f3n en vinilo. <\/p>\n<p> Booklet con notas y fotos. <\/p>\n<p> Tracklist: 1. When You Hear The Music, It&#8217;s Yours &#8211; 2, Mother Said &#8211; 3. Love Is Real &#8211; 4. Two Heads For 35 Cents &#8211; 5. Mary Jane Like A Woman &#8211; 6. Cry &#8211; 7. Within My Garden &#8211; 8. Little Willie &#8211; 9. Kazoo Man &#8211; 10. Sweet Dragonfly &#8211; 11. Incense C-19X &#8211; 12. A Way To Leave At Last<\/p>\n","protected":false},"excerpt":{"rendered":"<p>Psicodelia norteamericana de finales de los 60 con excelente producci\u00f3n de estudio, originales arreglos, guitarras fuzz, efectos&#8230;grabado en 1967-68 pero in\u00e9dito<a class=\"read\" href=\"https:\/\/wpguerssen-test.odoo.rgbconsulting.com\/es\/producto\/when-you-hear-the-music-its-yours-cd\/\"> (...)<\/a>","protected":false},"featured_media":123974,"template":"","meta":{"_acf_changed":false},"product_brand":[],"product_cat":[21639],"product_tag":[29138],"class_list":{"0":"post-188851","1":"product","2":"type-product","3":"status-publish","4":"has-post-thumbnail","6":"product_cat-psychedelic60s-70s-es","7":"product_tag-cd-es","8":"pa_artist-one-of-hours","9":"pa_format-cd-2-es","10":"pa_gender-psychedelic60s-70s","11":"pa_label-out-sider-music-es","12":"pa_location-north-america-es","14":"first","15":"instock","16":"taxable","17":"shipping-taxable","18":"purchasable","19":"product-type-simple"},"acf":[],"yoast_head":"<!-- This site is optimized with the Yoast SEO plugin v24.9 - https:\/\/yoast.com\/wordpress\/plugins\/seo\/ -->\n<title>ONE OF HOURS - When You Hear The Music, It&#039;s Yours (CD) -  (CD) | Guerssen<\/title>\n<meta name=\"description\" content=\"Cool late &#039;60s US Pepperish psychedelia with inventive arrangements, fuzz guitars, studio effects...Recorded in 1967-68 but shelved at the time. #nl# Famous for their &quot;Psychedelic Illusion&quot; 45, US garage-psych band ONE OF HOURS formed in Lexington, KY, in 1966. After adding guitar player Bob Willcutt to their line-up, they released their second 45, &quot;Feel the Pain&quot; \/ &quot;Psychedelic Illusion&quot;, in 1967. Work then began on an album of a complete but varied musical experience called &quot;When You Hear the Music, It&#039;s Yours&quot;. #nl# Fuelled by the creative force of band member Shawn Foreman (a true visionary who would create the cult electro \/ disco project Transistor-Jet in the 80s), the group (now called Dandelion Wine) entered Chetwyd Studios where they, in true psychedelic mode, experimented and used unusual techniques like backwards recording, paper under piano strings, singing through a comb, interconnecting Fuzz boxes, etc. #nl# The finished master tape containing 12 songs with titles like &quot;Two Heads For 25 Cents&quot;, &quot;Sweet Dragonfly&quot; or &quot;Incense C-19X&quot; was sent to the Liberty label with the promise of an album contract for 1968...but the deal never came through and the master tape was destroyed in a warehouse fire. Luckily, Bob Willcutt kept a first generation copy of the master with perfect sound which we present here. #nl# File next to West Coast Pop Art Experimental Band and the like! #nl# *Booklet with liner notes and photos. #nl# Tracklist: 1. When You Hear The Music, It&#039;s Yours - 2, Mother Said - 3. Love Is Real - 4. Two Heads For 35 Cents - 5. Mary Jane Like A Woman - 6. Cry - 7. Within My Garden - 8. Little Willie - 9. Kazoo Man - 10. Sweet Dragonfly - 11. Incense C-19X - 12. A Way To Leave At Last\" \/>\n<meta name=\"robots\" content=\"index, follow, max-snippet:-1, max-image-preview:large, max-video-preview:-1\" \/>\n<link rel=\"canonical\" href=\"https:\/\/wpguerssen-test.odoo.rgbconsulting.com\/es\/producto\/when-you-hear-the-music-its-yours-cd\/\" \/>\n<meta property=\"og:locale\" content=\"es_ES\" \/>\n<meta property=\"og:type\" content=\"article\" \/>\n<meta property=\"og:title\" content=\"ONE OF HOURS - When You Hear The Music, It&#039;s Yours (CD) -  (CD) | Guerssen\" \/>\n<meta property=\"og:description\" content=\"Cool late &#039;60s US Pepperish psychedelia with inventive arrangements, fuzz guitars, studio effects...Recorded in 1967-68 but shelved at the time. #nl# Famous for their &quot;Psychedelic Illusion&quot; 45, US garage-psych band ONE OF HOURS formed in Lexington, KY, in 1966. After adding guitar player Bob Willcutt to their line-up, they released their second 45, &quot;Feel the Pain&quot; \/ &quot;Psychedelic Illusion&quot;, in 1967. Work then began on an album of a complete but varied musical experience called &quot;When You Hear the Music, It&#039;s Yours&quot;. #nl# Fuelled by the creative force of band member Shawn Foreman (a true visionary who would create the cult electro \/ disco project Transistor-Jet in the 80s), the group (now called Dandelion Wine) entered Chetwyd Studios where they, in true psychedelic mode, experimented and used unusual techniques like backwards recording, paper under piano strings, singing through a comb, interconnecting Fuzz boxes, etc. #nl# The finished master tape containing 12 songs with titles like &quot;Two Heads For 25 Cents&quot;, &quot;Sweet Dragonfly&quot; or &quot;Incense C-19X&quot; was sent to the Liberty label with the promise of an album contract for 1968...but the deal never came through and the master tape was destroyed in a warehouse fire. Luckily, Bob Willcutt kept a first generation copy of the master with perfect sound which we present here. #nl# File next to West Coast Pop Art Experimental Band and the like! #nl# *Booklet with liner notes and photos. #nl# Tracklist: 1. When You Hear The Music, It&#039;s Yours - 2, Mother Said - 3. Love Is Real - 4. Two Heads For 35 Cents - 5. Mary Jane Like A Woman - 6. Cry - 7. Within My Garden - 8. Little Willie - 9. Kazoo Man - 10. Sweet Dragonfly - 11. Incense C-19X - 12. A Way To Leave At Last\" \/>\n<meta property=\"og:url\" content=\"https:\/\/wpguerssen-test.odoo.rgbconsulting.com\/es\/producto\/when-you-hear-the-music-its-yours-cd\/\" \/>\n<meta property=\"og:site_name\" content=\"Guerssen records\" \/>\n<meta property=\"article:modified_time\" content=\"2025-03-14T11:52:31+00:00\" \/>\n<meta property=\"og:image\" content=\"https:\/\/wpguerssen-test.odoo.rgbconsulting.com\/wp-content\/uploads\/2022\/03\/33692.jpg\" \/>\n\t<meta property=\"og:image:width\" content=\"1400\" \/>\n\t<meta property=\"og:image:height\" content=\"1400\" \/>\n\t<meta property=\"og:image:type\" content=\"image\/jpeg\" \/>\n<meta name=\"twitter:card\" content=\"summary_large_image\" \/>\n<meta name=\"twitter:title\" content=\"ONE OF HOURS - When You Hear The Music, It&#039;s Yours (CD) -  (CD) | Guerssen\" \/>\n<meta name=\"twitter:label1\" content=\"Tiempo de lectura\" \/>\n\t<meta name=\"twitter:data1\" content=\"2 minutos\" \/>\n<script type=\"application\/ld+json\" class=\"yoast-schema-graph\">{\"@context\":\"https:\/\/schema.org\",\"@graph\":[{\"@type\":\"WebPage\",\"@id\":\"https:\/\/wpguerssen-test.odoo.rgbconsulting.com\/es\/producto\/when-you-hear-the-music-its-yours-cd\/\",\"url\":\"https:\/\/wpguerssen-test.odoo.rgbconsulting.com\/es\/producto\/when-you-hear-the-music-its-yours-cd\/\",\"name\":\"ONE OF HOURS - When You Hear The Music, It's Yours (CD) - (CD) | Guerssen\",\"isPartOf\":{\"@id\":\"https:\/\/wpguerssen-test.odoo.rgbconsulting.com\/es\/#website\"},\"primaryImageOfPage\":{\"@id\":\"https:\/\/wpguerssen-test.odoo.rgbconsulting.com\/es\/producto\/when-you-hear-the-music-its-yours-cd\/#primaryimage\"},\"image\":{\"@id\":\"https:\/\/wpguerssen-test.odoo.rgbconsulting.com\/es\/producto\/when-you-hear-the-music-its-yours-cd\/#primaryimage\"},\"thumbnailUrl\":\"https:\/\/wpguerssen-test.odoo.rgbconsulting.com\/wp-content\/uploads\/2022\/03\/33692.jpg\",\"datePublished\":\"2019-03-20T23:00:00+00:00\",\"dateModified\":\"2025-03-14T11:52:31+00:00\",\"description\":\"Cool late '60s US Pepperish psychedelia with inventive arrangements, fuzz guitars, studio effects...Recorded in 1967-68 but shelved at the time. #nl# Famous for their \\\"Psychedelic Illusion\\\" 45, US garage-psych band ONE OF HOURS formed in Lexington, KY, in 1966. After adding guitar player Bob Willcutt to their line-up, they released their second 45, \\\"Feel the Pain\\\" \/ \\\"Psychedelic Illusion\\\", in 1967. Work then began on an album of a complete but varied musical experience called \\\"When You Hear the Music, It's Yours\\\". #nl# Fuelled by the creative force of band member Shawn Foreman (a true visionary who would create the cult electro \/ disco project Transistor-Jet in the 80s), the group (now called Dandelion Wine) entered Chetwyd Studios where they, in true psychedelic mode, experimented and used unusual techniques like backwards recording, paper under piano strings, singing through a comb, interconnecting Fuzz boxes, etc. #nl# The finished master tape containing 12 songs with titles like \\\"Two Heads For 25 Cents\\\", \\\"Sweet Dragonfly\\\" or \\\"Incense C-19X\\\" was sent to the Liberty label with the promise of an album contract for 1968...but the deal never came through and the master tape was destroyed in a warehouse fire. Luckily, Bob Willcutt kept a first generation copy of the master with perfect sound which we present here. #nl# File next to West Coast Pop Art Experimental Band and the like! #nl# *Booklet with liner notes and photos. #nl# Tracklist: 1. When You Hear The Music, It's Yours - 2, Mother Said - 3. Love Is Real - 4. Two Heads For 35 Cents - 5. Mary Jane Like A Woman - 6. Cry - 7. Within My Garden - 8. Little Willie - 9. Kazoo Man - 10. Sweet Dragonfly - 11. Incense C-19X - 12. A Way To Leave At Last\",\"breadcrumb\":{\"@id\":\"https:\/\/wpguerssen-test.odoo.rgbconsulting.com\/es\/producto\/when-you-hear-the-music-its-yours-cd\/#breadcrumb\"},\"inLanguage\":\"es\",\"potentialAction\":[{\"@type\":\"ReadAction\",\"target\":[\"https:\/\/wpguerssen-test.odoo.rgbconsulting.com\/es\/producto\/when-you-hear-the-music-its-yours-cd\/\"]}]},{\"@type\":\"ImageObject\",\"inLanguage\":\"es\",\"@id\":\"https:\/\/wpguerssen-test.odoo.rgbconsulting.com\/es\/producto\/when-you-hear-the-music-its-yours-cd\/#primaryimage\",\"url\":\"https:\/\/wpguerssen-test.odoo.rgbconsulting.com\/wp-content\/uploads\/2022\/03\/33692.jpg\",\"contentUrl\":\"https:\/\/wpguerssen-test.odoo.rgbconsulting.com\/wp-content\/uploads\/2022\/03\/33692.jpg\",\"width\":1400,\"height\":1400,\"caption\":\"It's Yours (CD) - OUT-SIDER MUSIC (CD) | Guerssen\"},{\"@type\":\"BreadcrumbList\",\"@id\":\"https:\/\/wpguerssen-test.odoo.rgbconsulting.com\/es\/producto\/when-you-hear-the-music-its-yours-cd\/#breadcrumb\",\"itemListElement\":[{\"@type\":\"ListItem\",\"position\":1,\"name\":\"Inicio\",\"item\":\"https:\/\/wpguerssen-test.odoo.rgbconsulting.com\/es\/\"},{\"@type\":\"ListItem\",\"position\":2,\"name\":\"Shop\",\"item\":\"https:\/\/wpguerssen-test.odoo.rgbconsulting.com\/shop\/\"},{\"@type\":\"ListItem\",\"position\":3,\"name\":\"When You Hear The Music, It&#8217;s Yours (CD)\"}]},{\"@type\":\"WebSite\",\"@id\":\"https:\/\/wpguerssen-test.odoo.rgbconsulting.com\/es\/#website\",\"url\":\"https:\/\/wpguerssen-test.odoo.rgbconsulting.com\/es\/\",\"name\":\"Guerssen records\",\"description\":\"psychedelia - progressive - folk - garage \",\"publisher\":{\"@id\":\"https:\/\/wpguerssen-test.odoo.rgbconsulting.com\/es\/#organization\"},\"potentialAction\":[{\"@type\":\"SearchAction\",\"target\":{\"@type\":\"EntryPoint\",\"urlTemplate\":\"https:\/\/wpguerssen-test.odoo.rgbconsulting.com\/es\/?s={search_term_string}\"},\"query-input\":{\"@type\":\"PropertyValueSpecification\",\"valueRequired\":true,\"valueName\":\"search_term_string\"}}],\"inLanguage\":\"es\"},{\"@type\":\"Organization\",\"@id\":\"https:\/\/wpguerssen-test.odoo.rgbconsulting.com\/es\/#organization\",\"name\":\"Guerssen records\",\"url\":\"https:\/\/wpguerssen-test.odoo.rgbconsulting.com\/es\/\",\"logo\":{\"@type\":\"ImageObject\",\"inLanguage\":\"es\",\"@id\":\"https:\/\/wpguerssen-test.odoo.rgbconsulting.com\/es\/#\/schema\/logo\/image\/\",\"url\":\"https:\/\/wpguerssen-test.odoo.rgbconsulting.com\/wp-content\/uploads\/2022\/04\/Logo_Guerssen_trans_100.png\",\"contentUrl\":\"https:\/\/wpguerssen-test.odoo.rgbconsulting.com\/wp-content\/uploads\/2022\/04\/Logo_Guerssen_trans_100.png\",\"width\":122,\"height\":100,\"caption\":\"Guerssen records\"},\"image\":{\"@id\":\"https:\/\/wpguerssen-test.odoo.rgbconsulting.com\/es\/#\/schema\/logo\/image\/\"}}]}<\/script>\n<!-- \/ Yoast SEO plugin. -->","yoast_head_json":{"title":"ONE OF HOURS - When You Hear The Music, It's Yours (CD) -  (CD) | Guerssen","description":"Cool late '60s US Pepperish psychedelia with inventive arrangements, fuzz guitars, studio effects...Recorded in 1967-68 but shelved at the time. #nl# Famous for their \"Psychedelic Illusion\" 45, US garage-psych band ONE OF HOURS formed in Lexington, KY, in 1966. After adding guitar player Bob Willcutt to their line-up, they released their second 45, \"Feel the Pain\" \/ \"Psychedelic Illusion\", in 1967. Work then began on an album of a complete but varied musical experience called \"When You Hear the Music, It's Yours\". #nl# Fuelled by the creative force of band member Shawn Foreman (a true visionary who would create the cult electro \/ disco project Transistor-Jet in the 80s), the group (now called Dandelion Wine) entered Chetwyd Studios where they, in true psychedelic mode, experimented and used unusual techniques like backwards recording, paper under piano strings, singing through a comb, interconnecting Fuzz boxes, etc. #nl# The finished master tape containing 12 songs with titles like \"Two Heads For 25 Cents\", \"Sweet Dragonfly\" or \"Incense C-19X\" was sent to the Liberty label with the promise of an album contract for 1968...but the deal never came through and the master tape was destroyed in a warehouse fire. Luckily, Bob Willcutt kept a first generation copy of the master with perfect sound which we present here. #nl# File next to West Coast Pop Art Experimental Band and the like! #nl# *Booklet with liner notes and photos. #nl# Tracklist: 1. When You Hear The Music, It's Yours - 2, Mother Said - 3. Love Is Real - 4. Two Heads For 35 Cents - 5. Mary Jane Like A Woman - 6. Cry - 7. Within My Garden - 8. Little Willie - 9. Kazoo Man - 10. Sweet Dragonfly - 11. Incense C-19X - 12. A Way To Leave At Last","robots":{"index":"index","follow":"follow","max-snippet":"max-snippet:-1","max-image-preview":"max-image-preview:large","max-video-preview":"max-video-preview:-1"},"canonical":"https:\/\/wpguerssen-test.odoo.rgbconsulting.com\/es\/producto\/when-you-hear-the-music-its-yours-cd\/","og_locale":"es_ES","og_type":"article","og_title":"ONE OF HOURS - When You Hear The Music, It's Yours (CD) -  (CD) | Guerssen","og_description":"Cool late '60s US Pepperish psychedelia with inventive arrangements, fuzz guitars, studio effects...Recorded in 1967-68 but shelved at the time. #nl# Famous for their \"Psychedelic Illusion\" 45, US garage-psych band ONE OF HOURS formed in Lexington, KY, in 1966. After adding guitar player Bob Willcutt to their line-up, they released their second 45, \"Feel the Pain\" \/ \"Psychedelic Illusion\", in 1967. Work then began on an album of a complete but varied musical experience called \"When You Hear the Music, It's Yours\". #nl# Fuelled by the creative force of band member Shawn Foreman (a true visionary who would create the cult electro \/ disco project Transistor-Jet in the 80s), the group (now called Dandelion Wine) entered Chetwyd Studios where they, in true psychedelic mode, experimented and used unusual techniques like backwards recording, paper under piano strings, singing through a comb, interconnecting Fuzz boxes, etc. #nl# The finished master tape containing 12 songs with titles like \"Two Heads For 25 Cents\", \"Sweet Dragonfly\" or \"Incense C-19X\" was sent to the Liberty label with the promise of an album contract for 1968...but the deal never came through and the master tape was destroyed in a warehouse fire. Luckily, Bob Willcutt kept a first generation copy of the master with perfect sound which we present here. #nl# File next to West Coast Pop Art Experimental Band and the like! #nl# *Booklet with liner notes and photos. #nl# Tracklist: 1. When You Hear The Music, It's Yours - 2, Mother Said - 3. Love Is Real - 4. Two Heads For 35 Cents - 5. Mary Jane Like A Woman - 6. Cry - 7. Within My Garden - 8. Little Willie - 9. Kazoo Man - 10. Sweet Dragonfly - 11. Incense C-19X - 12. A Way To Leave At Last","og_url":"https:\/\/wpguerssen-test.odoo.rgbconsulting.com\/es\/producto\/when-you-hear-the-music-its-yours-cd\/","og_site_name":"Guerssen records","article_modified_time":"2025-03-14T11:52:31+00:00","og_image":[{"width":1400,"height":1400,"url":"https:\/\/wpguerssen-test.odoo.rgbconsulting.com\/wp-content\/uploads\/2022\/03\/33692.jpg","type":"image\/jpeg"}],"twitter_card":"summary_large_image","twitter_title":"ONE OF HOURS - When You Hear The Music, It's Yours (CD) -  (CD) | Guerssen","twitter_misc":{"Tiempo de lectura":"2 minutos"},"schema":{"@context":"https:\/\/schema.org","@graph":[{"@type":"WebPage","@id":"https:\/\/wpguerssen-test.odoo.rgbconsulting.com\/es\/producto\/when-you-hear-the-music-its-yours-cd\/","url":"https:\/\/wpguerssen-test.odoo.rgbconsulting.com\/es\/producto\/when-you-hear-the-music-its-yours-cd\/","name":"ONE OF HOURS - When You Hear The Music, It's Yours (CD) - (CD) | Guerssen","isPartOf":{"@id":"https:\/\/wpguerssen-test.odoo.rgbconsulting.com\/es\/#website"},"primaryImageOfPage":{"@id":"https:\/\/wpguerssen-test.odoo.rgbconsulting.com\/es\/producto\/when-you-hear-the-music-its-yours-cd\/#primaryimage"},"image":{"@id":"https:\/\/wpguerssen-test.odoo.rgbconsulting.com\/es\/producto\/when-you-hear-the-music-its-yours-cd\/#primaryimage"},"thumbnailUrl":"https:\/\/wpguerssen-test.odoo.rgbconsulting.com\/wp-content\/uploads\/2022\/03\/33692.jpg","datePublished":"2019-03-20T23:00:00+00:00","dateModified":"2025-03-14T11:52:31+00:00","description":"Cool late '60s US Pepperish psychedelia with inventive arrangements, fuzz guitars, studio effects...Recorded in 1967-68 but shelved at the time. #nl# Famous for their \"Psychedelic Illusion\" 45, US garage-psych band ONE OF HOURS formed in Lexington, KY, in 1966. After adding guitar player Bob Willcutt to their line-up, they released their second 45, \"Feel the Pain\" \/ \"Psychedelic Illusion\", in 1967. Work then began on an album of a complete but varied musical experience called \"When You Hear the Music, It's Yours\". #nl# Fuelled by the creative force of band member Shawn Foreman (a true visionary who would create the cult electro \/ disco project Transistor-Jet in the 80s), the group (now called Dandelion Wine) entered Chetwyd Studios where they, in true psychedelic mode, experimented and used unusual techniques like backwards recording, paper under piano strings, singing through a comb, interconnecting Fuzz boxes, etc. #nl# The finished master tape containing 12 songs with titles like \"Two Heads For 25 Cents\", \"Sweet Dragonfly\" or \"Incense C-19X\" was sent to the Liberty label with the promise of an album contract for 1968...but the deal never came through and the master tape was destroyed in a warehouse fire. Luckily, Bob Willcutt kept a first generation copy of the master with perfect sound which we present here. #nl# File next to West Coast Pop Art Experimental Band and the like! #nl# *Booklet with liner notes and photos. #nl# Tracklist: 1. When You Hear The Music, It's Yours - 2, Mother Said - 3. Love Is Real - 4. Two Heads For 35 Cents - 5. Mary Jane Like A Woman - 6. Cry - 7. Within My Garden - 8. Little Willie - 9. Kazoo Man - 10. Sweet Dragonfly - 11. Incense C-19X - 12. A Way To Leave At Last","breadcrumb":{"@id":"https:\/\/wpguerssen-test.odoo.rgbconsulting.com\/es\/producto\/when-you-hear-the-music-its-yours-cd\/#breadcrumb"},"inLanguage":"es","potentialAction":[{"@type":"ReadAction","target":["https:\/\/wpguerssen-test.odoo.rgbconsulting.com\/es\/producto\/when-you-hear-the-music-its-yours-cd\/"]}]},{"@type":"ImageObject","inLanguage":"es","@id":"https:\/\/wpguerssen-test.odoo.rgbconsulting.com\/es\/producto\/when-you-hear-the-music-its-yours-cd\/#primaryimage","url":"https:\/\/wpguerssen-test.odoo.rgbconsulting.com\/wp-content\/uploads\/2022\/03\/33692.jpg","contentUrl":"https:\/\/wpguerssen-test.odoo.rgbconsulting.com\/wp-content\/uploads\/2022\/03\/33692.jpg","width":1400,"height":1400,"caption":"It's Yours (CD) - OUT-SIDER MUSIC (CD) | Guerssen"},{"@type":"BreadcrumbList","@id":"https:\/\/wpguerssen-test.odoo.rgbconsulting.com\/es\/producto\/when-you-hear-the-music-its-yours-cd\/#breadcrumb","itemListElement":[{"@type":"ListItem","position":1,"name":"Inicio","item":"https:\/\/wpguerssen-test.odoo.rgbconsulting.com\/es\/"},{"@type":"ListItem","position":2,"name":"Shop","item":"https:\/\/wpguerssen-test.odoo.rgbconsulting.com\/shop\/"},{"@type":"ListItem","position":3,"name":"When You Hear The Music, It&#8217;s Yours (CD)"}]},{"@type":"WebSite","@id":"https:\/\/wpguerssen-test.odoo.rgbconsulting.com\/es\/#website","url":"https:\/\/wpguerssen-test.odoo.rgbconsulting.com\/es\/","name":"Guerssen records","description":"psychedelia - progressive - folk - garage ","publisher":{"@id":"https:\/\/wpguerssen-test.odoo.rgbconsulting.com\/es\/#organization"},"potentialAction":[{"@type":"SearchAction","target":{"@type":"EntryPoint","urlTemplate":"https:\/\/wpguerssen-test.odoo.rgbconsulting.com\/es\/?s={search_term_string}"},"query-input":{"@type":"PropertyValueSpecification","valueRequired":true,"valueName":"search_term_string"}}],"inLanguage":"es"},{"@type":"Organization","@id":"https:\/\/wpguerssen-test.odoo.rgbconsulting.com\/es\/#organization","name":"Guerssen records","url":"https:\/\/wpguerssen-test.odoo.rgbconsulting.com\/es\/","logo":{"@type":"ImageObject","inLanguage":"es","@id":"https:\/\/wpguerssen-test.odoo.rgbconsulting.com\/es\/#\/schema\/logo\/image\/","url":"https:\/\/wpguerssen-test.odoo.rgbconsulting.com\/wp-content\/uploads\/2022\/04\/Logo_Guerssen_trans_100.png","contentUrl":"https:\/\/wpguerssen-test.odoo.rgbconsulting.com\/wp-content\/uploads\/2022\/04\/Logo_Guerssen_trans_100.png","width":122,"height":100,"caption":"Guerssen records"},"image":{"@id":"https:\/\/wpguerssen-test.odoo.rgbconsulting.com\/es\/#\/schema\/logo\/image\/"}}]}},"_links":{"self":[{"href":"https:\/\/wpguerssen-test.odoo.rgbconsulting.com\/es\/wp-json\/wp\/v2\/product\/188851","targetHints":{"allow":["GET"]}}],"collection":[{"href":"https:\/\/wpguerssen-test.odoo.rgbconsulting.com\/es\/wp-json\/wp\/v2\/product"}],"about":[{"href":"https:\/\/wpguerssen-test.odoo.rgbconsulting.com\/es\/wp-json\/wp\/v2\/types\/product"}],"wp:featuredmedia":[{"embeddable":true,"href":"https:\/\/wpguerssen-test.odoo.rgbconsulting.com\/es\/wp-json\/wp\/v2\/media\/123974"}],"wp:attachment":[{"href":"https:\/\/wpguerssen-test.odoo.rgbconsulting.com\/es\/wp-json\/wp\/v2\/media?parent=188851"}],"wp:term":[{"taxonomy":"product_brand","embeddable":true,"href":"https:\/\/wpguerssen-test.odoo.rgbconsulting.com\/es\/wp-json\/wp\/v2\/product_brand?post=188851"},{"taxonomy":"product_cat","embeddable":true,"href":"https:\/\/wpguerssen-test.odoo.rgbconsulting.com\/es\/wp-json\/wp\/v2\/product_cat?post=188851"},{"taxonomy":"product_tag","embeddable":true,"href":"https:\/\/wpguerssen-test.odoo.rgbconsulting.com\/es\/wp-json\/wp\/v2\/product_tag?post=188851"}],"curies":[{"name":"wp","href":"https:\/\/api.w.org\/{rel}","templated":true}]}}