{"id":188854,"date":"2025-01-24T00:00:00","date_gmt":"2025-01-23T23:00:00","guid":{"rendered":"http:\/\/guerssen.hl1097.dinaserver.com\/product\/love-peace-1970-2lp\/"},"modified":"2025-01-30T16:44:42","modified_gmt":"2025-01-30T15:44:42","slug":"love-peace-1970-2lp","status":"publish","type":"product","link":"https:\/\/wpguerssen-test.odoo.rgbconsulting.com\/es\/producto\/love-peace-1970-2lp\/","title":{"rendered":"Love &#038; Peace 1970 (2LP)"},"content":{"rendered":"<p>Love &#038; Peace fue un festival al aire libre que se celebr\u00f3 en Alemania (concretamente en Fehmarn) en el verano de 1970, famoso por ser donde Hendrix ofreci\u00f3 su \u00faltima actuaci\u00f3n. Con motivo del festival, se public\u00f3 un doble album que recog\u00eda a algunos de los grupos alemanes que actuaron pero con temas de estudio (no en directo) y aplausos a\u00f1adidos. Con material raro de: Thrice Mice, Tomorrow&#8217;s Gift, Dr. Roberts Blues Band y Greenlight. Incluye notas informativas.<\/p>\n","protected":false},"excerpt":{"rendered":"<p>Love &#038; Peace fue un festival al aire libre que se celebr\u00f3 en Alemania (concretamente en Fehmarn) en el verano de 1970, famoso por ser donde Hendrix ofreci\u00f3<a class=\"read\" href=\"https:\/\/wpguerssen-test.odoo.rgbconsulting.com\/es\/producto\/love-peace-1970-2lp\/\"> (...)<\/a>","protected":false},"featured_media":123983,"template":"","meta":{"_acf_changed":false},"product_brand":[],"product_cat":[23215,23230],"product_tag":[24185],"class_list":{"0":"post-188854","1":"product","2":"type-product","3":"status-publish","4":"has-post-thumbnail","6":"product_cat-progressive60s-70s-es","7":"product_cat-krautrock-es-2","8":"product_tag-de-nuevo-en-existencia","9":"pa_artist-various-artists-es","10":"pa_format-2lp-es","11":"pa_gender-krautrock-progressive60s-70s","12":"pa_label-long-hair-es","13":"pa_location-europe-es","14":"pa_other-filters-vinyl-only-es","16":"first","17":"instock","18":"taxable","19":"shipping-taxable","20":"purchasable","21":"product-type-simple"},"acf":[],"yoast_head":"<!-- This site is optimized with the Yoast SEO plugin v24.9 - https:\/\/yoast.com\/wordpress\/plugins\/seo\/ -->\n<title>VARIOUS ARTISTS - Love &amp; Peace 1970 (2LP) -  (2LP) | Guerssen<\/title>\n<meta name=\"description\" content=\"For the first time on double vinyl Love &amp; Peace were a big outdoor festival in Germany (Fehmarn, last live performance of J. Hendrix) held in the summer of 1970. As was traditional for such events, an album was also released to document it. Though, actually, the album consisted of mock-live studio recordings from German bands that performed at the event, recorded under better conditions in the studio. All the music is original and features rare material from Thrice Mice, Tomorrow&#039;s Gift, Dr. Roberts Blues Band, Sphinx Tush with latter Frumpy guitarist Rainer Baumann and Greenlight. Double vinyl comes with insert including band storys. Highly recommend it.\" \/>\n<meta name=\"robots\" content=\"index, follow, max-snippet:-1, max-image-preview:large, max-video-preview:-1\" \/>\n<link rel=\"canonical\" href=\"https:\/\/wpguerssen-test.odoo.rgbconsulting.com\/es\/producto\/love-peace-1970-2lp\/\" \/>\n<meta property=\"og:locale\" content=\"es_ES\" \/>\n<meta property=\"og:type\" content=\"article\" \/>\n<meta property=\"og:title\" content=\"VARIOUS ARTISTS - Love &amp; Peace 1970 (2LP) -  (2LP) | Guerssen\" \/>\n<meta property=\"og:description\" content=\"For the first time on double vinyl Love &amp; Peace were a big outdoor festival in Germany (Fehmarn, last live performance of J. Hendrix) held in the summer of 1970. As was traditional for such events, an album was also released to document it. Though, actually, the album consisted of mock-live studio recordings from German bands that performed at the event, recorded under better conditions in the studio. All the music is original and features rare material from Thrice Mice, Tomorrow&#039;s Gift, Dr. Roberts Blues Band, Sphinx Tush with latter Frumpy guitarist Rainer Baumann and Greenlight. Double vinyl comes with insert including band storys. Highly recommend it.\" \/>\n<meta property=\"og:url\" content=\"https:\/\/wpguerssen-test.odoo.rgbconsulting.com\/es\/producto\/love-peace-1970-2lp\/\" \/>\n<meta property=\"og:site_name\" content=\"Guerssen records\" \/>\n<meta property=\"article:modified_time\" content=\"2025-01-30T15:44:42+00:00\" \/>\n<meta property=\"og:image\" content=\"https:\/\/wpguerssen-test.odoo.rgbconsulting.com\/wp-content\/uploads\/2022\/03\/33695.jpg\" \/>\n\t<meta property=\"og:image:width\" content=\"246\" \/>\n\t<meta property=\"og:image:height\" content=\"251\" \/>\n\t<meta property=\"og:image:type\" content=\"image\/jpeg\" \/>\n<meta name=\"twitter:card\" content=\"summary_large_image\" \/>\n<meta name=\"twitter:title\" content=\"VARIOUS ARTISTS - Love &amp; Peace 1970 (2LP) -  (2LP) | Guerssen\" \/>\n<script type=\"application\/ld+json\" class=\"yoast-schema-graph\">{\"@context\":\"https:\/\/schema.org\",\"@graph\":[{\"@type\":\"WebPage\",\"@id\":\"https:\/\/wpguerssen-test.odoo.rgbconsulting.com\/es\/producto\/love-peace-1970-2lp\/\",\"url\":\"https:\/\/wpguerssen-test.odoo.rgbconsulting.com\/es\/producto\/love-peace-1970-2lp\/\",\"name\":\"VARIOUS ARTISTS - Love & Peace 1970 (2LP) - (2LP) | Guerssen\",\"isPartOf\":{\"@id\":\"https:\/\/wpguerssen-test.odoo.rgbconsulting.com\/es\/#website\"},\"primaryImageOfPage\":{\"@id\":\"https:\/\/wpguerssen-test.odoo.rgbconsulting.com\/es\/producto\/love-peace-1970-2lp\/#primaryimage\"},\"image\":{\"@id\":\"https:\/\/wpguerssen-test.odoo.rgbconsulting.com\/es\/producto\/love-peace-1970-2lp\/#primaryimage\"},\"thumbnailUrl\":\"https:\/\/wpguerssen-test.odoo.rgbconsulting.com\/wp-content\/uploads\/2022\/03\/33695.jpg\",\"datePublished\":\"2025-01-23T23:00:00+00:00\",\"dateModified\":\"2025-01-30T15:44:42+00:00\",\"description\":\"For the first time on double vinyl Love & Peace were a big outdoor festival in Germany (Fehmarn, last live performance of J. Hendrix) held in the summer of 1970. As was traditional for such events, an album was also released to document it. Though, actually, the album consisted of mock-live studio recordings from German bands that performed at the event, recorded under better conditions in the studio. All the music is original and features rare material from Thrice Mice, Tomorrow's Gift, Dr. Roberts Blues Band, Sphinx Tush with latter Frumpy guitarist Rainer Baumann and Greenlight. Double vinyl comes with insert including band storys. Highly recommend it.\",\"breadcrumb\":{\"@id\":\"https:\/\/wpguerssen-test.odoo.rgbconsulting.com\/es\/producto\/love-peace-1970-2lp\/#breadcrumb\"},\"inLanguage\":\"es\",\"potentialAction\":[{\"@type\":\"ReadAction\",\"target\":[\"https:\/\/wpguerssen-test.odoo.rgbconsulting.com\/es\/producto\/love-peace-1970-2lp\/\"]}]},{\"@type\":\"ImageObject\",\"inLanguage\":\"es\",\"@id\":\"https:\/\/wpguerssen-test.odoo.rgbconsulting.com\/es\/producto\/love-peace-1970-2lp\/#primaryimage\",\"url\":\"https:\/\/wpguerssen-test.odoo.rgbconsulting.com\/wp-content\/uploads\/2022\/03\/33695.jpg\",\"contentUrl\":\"https:\/\/wpguerssen-test.odoo.rgbconsulting.com\/wp-content\/uploads\/2022\/03\/33695.jpg\",\"width\":246,\"height\":251,\"caption\":\"VARIOUS ARTISTS - Love & Peace 1970 (2LP) - LONG HAIR (2LP) | Guerssen\"},{\"@type\":\"BreadcrumbList\",\"@id\":\"https:\/\/wpguerssen-test.odoo.rgbconsulting.com\/es\/producto\/love-peace-1970-2lp\/#breadcrumb\",\"itemListElement\":[{\"@type\":\"ListItem\",\"position\":1,\"name\":\"Inicio\",\"item\":\"https:\/\/wpguerssen-test.odoo.rgbconsulting.com\/es\/\"},{\"@type\":\"ListItem\",\"position\":2,\"name\":\"Shop\",\"item\":\"https:\/\/wpguerssen-test.odoo.rgbconsulting.com\/shop\/\"},{\"@type\":\"ListItem\",\"position\":3,\"name\":\"Love &#038; Peace 1970 (2LP)\"}]},{\"@type\":\"WebSite\",\"@id\":\"https:\/\/wpguerssen-test.odoo.rgbconsulting.com\/es\/#website\",\"url\":\"https:\/\/wpguerssen-test.odoo.rgbconsulting.com\/es\/\",\"name\":\"Guerssen records\",\"description\":\"psychedelia - progressive - folk - garage \",\"publisher\":{\"@id\":\"https:\/\/wpguerssen-test.odoo.rgbconsulting.com\/es\/#organization\"},\"potentialAction\":[{\"@type\":\"SearchAction\",\"target\":{\"@type\":\"EntryPoint\",\"urlTemplate\":\"https:\/\/wpguerssen-test.odoo.rgbconsulting.com\/es\/?s={search_term_string}\"},\"query-input\":{\"@type\":\"PropertyValueSpecification\",\"valueRequired\":true,\"valueName\":\"search_term_string\"}}],\"inLanguage\":\"es\"},{\"@type\":\"Organization\",\"@id\":\"https:\/\/wpguerssen-test.odoo.rgbconsulting.com\/es\/#organization\",\"name\":\"Guerssen records\",\"url\":\"https:\/\/wpguerssen-test.odoo.rgbconsulting.com\/es\/\",\"logo\":{\"@type\":\"ImageObject\",\"inLanguage\":\"es\",\"@id\":\"https:\/\/wpguerssen-test.odoo.rgbconsulting.com\/es\/#\/schema\/logo\/image\/\",\"url\":\"https:\/\/wpguerssen-test.odoo.rgbconsulting.com\/wp-content\/uploads\/2022\/04\/Logo_Guerssen_trans_100.png\",\"contentUrl\":\"https:\/\/wpguerssen-test.odoo.rgbconsulting.com\/wp-content\/uploads\/2022\/04\/Logo_Guerssen_trans_100.png\",\"width\":122,\"height\":100,\"caption\":\"Guerssen records\"},\"image\":{\"@id\":\"https:\/\/wpguerssen-test.odoo.rgbconsulting.com\/es\/#\/schema\/logo\/image\/\"}}]}<\/script>\n<!-- \/ Yoast SEO plugin. -->","yoast_head_json":{"title":"VARIOUS ARTISTS - Love & Peace 1970 (2LP) -  (2LP) | Guerssen","description":"For the first time on double vinyl Love & Peace were a big outdoor festival in Germany (Fehmarn, last live performance of J. Hendrix) held in the summer of 1970. As was traditional for such events, an album was also released to document it. Though, actually, the album consisted of mock-live studio recordings from German bands that performed at the event, recorded under better conditions in the studio. All the music is original and features rare material from Thrice Mice, Tomorrow's Gift, Dr. Roberts Blues Band, Sphinx Tush with latter Frumpy guitarist Rainer Baumann and Greenlight. Double vinyl comes with insert including band storys. Highly recommend it.","robots":{"index":"index","follow":"follow","max-snippet":"max-snippet:-1","max-image-preview":"max-image-preview:large","max-video-preview":"max-video-preview:-1"},"canonical":"https:\/\/wpguerssen-test.odoo.rgbconsulting.com\/es\/producto\/love-peace-1970-2lp\/","og_locale":"es_ES","og_type":"article","og_title":"VARIOUS ARTISTS - Love & Peace 1970 (2LP) -  (2LP) | Guerssen","og_description":"For the first time on double vinyl Love & Peace were a big outdoor festival in Germany (Fehmarn, last live performance of J. Hendrix) held in the summer of 1970. As was traditional for such events, an album was also released to document it. Though, actually, the album consisted of mock-live studio recordings from German bands that performed at the event, recorded under better conditions in the studio. All the music is original and features rare material from Thrice Mice, Tomorrow's Gift, Dr. Roberts Blues Band, Sphinx Tush with latter Frumpy guitarist Rainer Baumann and Greenlight. Double vinyl comes with insert including band storys. Highly recommend it.","og_url":"https:\/\/wpguerssen-test.odoo.rgbconsulting.com\/es\/producto\/love-peace-1970-2lp\/","og_site_name":"Guerssen records","article_modified_time":"2025-01-30T15:44:42+00:00","og_image":[{"width":246,"height":251,"url":"https:\/\/wpguerssen-test.odoo.rgbconsulting.com\/wp-content\/uploads\/2022\/03\/33695.jpg","type":"image\/jpeg"}],"twitter_card":"summary_large_image","twitter_title":"VARIOUS ARTISTS - Love & Peace 1970 (2LP) -  (2LP) | Guerssen","schema":{"@context":"https:\/\/schema.org","@graph":[{"@type":"WebPage","@id":"https:\/\/wpguerssen-test.odoo.rgbconsulting.com\/es\/producto\/love-peace-1970-2lp\/","url":"https:\/\/wpguerssen-test.odoo.rgbconsulting.com\/es\/producto\/love-peace-1970-2lp\/","name":"VARIOUS ARTISTS - Love & Peace 1970 (2LP) - (2LP) | Guerssen","isPartOf":{"@id":"https:\/\/wpguerssen-test.odoo.rgbconsulting.com\/es\/#website"},"primaryImageOfPage":{"@id":"https:\/\/wpguerssen-test.odoo.rgbconsulting.com\/es\/producto\/love-peace-1970-2lp\/#primaryimage"},"image":{"@id":"https:\/\/wpguerssen-test.odoo.rgbconsulting.com\/es\/producto\/love-peace-1970-2lp\/#primaryimage"},"thumbnailUrl":"https:\/\/wpguerssen-test.odoo.rgbconsulting.com\/wp-content\/uploads\/2022\/03\/33695.jpg","datePublished":"2025-01-23T23:00:00+00:00","dateModified":"2025-01-30T15:44:42+00:00","description":"For the first time on double vinyl Love & Peace were a big outdoor festival in Germany (Fehmarn, last live performance of J. Hendrix) held in the summer of 1970. As was traditional for such events, an album was also released to document it. Though, actually, the album consisted of mock-live studio recordings from German bands that performed at the event, recorded under better conditions in the studio. All the music is original and features rare material from Thrice Mice, Tomorrow's Gift, Dr. Roberts Blues Band, Sphinx Tush with latter Frumpy guitarist Rainer Baumann and Greenlight. Double vinyl comes with insert including band storys. Highly recommend it.","breadcrumb":{"@id":"https:\/\/wpguerssen-test.odoo.rgbconsulting.com\/es\/producto\/love-peace-1970-2lp\/#breadcrumb"},"inLanguage":"es","potentialAction":[{"@type":"ReadAction","target":["https:\/\/wpguerssen-test.odoo.rgbconsulting.com\/es\/producto\/love-peace-1970-2lp\/"]}]},{"@type":"ImageObject","inLanguage":"es","@id":"https:\/\/wpguerssen-test.odoo.rgbconsulting.com\/es\/producto\/love-peace-1970-2lp\/#primaryimage","url":"https:\/\/wpguerssen-test.odoo.rgbconsulting.com\/wp-content\/uploads\/2022\/03\/33695.jpg","contentUrl":"https:\/\/wpguerssen-test.odoo.rgbconsulting.com\/wp-content\/uploads\/2022\/03\/33695.jpg","width":246,"height":251,"caption":"VARIOUS ARTISTS - Love & Peace 1970 (2LP) - LONG HAIR (2LP) | Guerssen"},{"@type":"BreadcrumbList","@id":"https:\/\/wpguerssen-test.odoo.rgbconsulting.com\/es\/producto\/love-peace-1970-2lp\/#breadcrumb","itemListElement":[{"@type":"ListItem","position":1,"name":"Inicio","item":"https:\/\/wpguerssen-test.odoo.rgbconsulting.com\/es\/"},{"@type":"ListItem","position":2,"name":"Shop","item":"https:\/\/wpguerssen-test.odoo.rgbconsulting.com\/shop\/"},{"@type":"ListItem","position":3,"name":"Love &#038; Peace 1970 (2LP)"}]},{"@type":"WebSite","@id":"https:\/\/wpguerssen-test.odoo.rgbconsulting.com\/es\/#website","url":"https:\/\/wpguerssen-test.odoo.rgbconsulting.com\/es\/","name":"Guerssen records","description":"psychedelia - progressive - folk - garage ","publisher":{"@id":"https:\/\/wpguerssen-test.odoo.rgbconsulting.com\/es\/#organization"},"potentialAction":[{"@type":"SearchAction","target":{"@type":"EntryPoint","urlTemplate":"https:\/\/wpguerssen-test.odoo.rgbconsulting.com\/es\/?s={search_term_string}"},"query-input":{"@type":"PropertyValueSpecification","valueRequired":true,"valueName":"search_term_string"}}],"inLanguage":"es"},{"@type":"Organization","@id":"https:\/\/wpguerssen-test.odoo.rgbconsulting.com\/es\/#organization","name":"Guerssen records","url":"https:\/\/wpguerssen-test.odoo.rgbconsulting.com\/es\/","logo":{"@type":"ImageObject","inLanguage":"es","@id":"https:\/\/wpguerssen-test.odoo.rgbconsulting.com\/es\/#\/schema\/logo\/image\/","url":"https:\/\/wpguerssen-test.odoo.rgbconsulting.com\/wp-content\/uploads\/2022\/04\/Logo_Guerssen_trans_100.png","contentUrl":"https:\/\/wpguerssen-test.odoo.rgbconsulting.com\/wp-content\/uploads\/2022\/04\/Logo_Guerssen_trans_100.png","width":122,"height":100,"caption":"Guerssen records"},"image":{"@id":"https:\/\/wpguerssen-test.odoo.rgbconsulting.com\/es\/#\/schema\/logo\/image\/"}}]}},"_links":{"self":[{"href":"https:\/\/wpguerssen-test.odoo.rgbconsulting.com\/es\/wp-json\/wp\/v2\/product\/188854","targetHints":{"allow":["GET"]}}],"collection":[{"href":"https:\/\/wpguerssen-test.odoo.rgbconsulting.com\/es\/wp-json\/wp\/v2\/product"}],"about":[{"href":"https:\/\/wpguerssen-test.odoo.rgbconsulting.com\/es\/wp-json\/wp\/v2\/types\/product"}],"wp:featuredmedia":[{"embeddable":true,"href":"https:\/\/wpguerssen-test.odoo.rgbconsulting.com\/es\/wp-json\/wp\/v2\/media\/123983"}],"wp:attachment":[{"href":"https:\/\/wpguerssen-test.odoo.rgbconsulting.com\/es\/wp-json\/wp\/v2\/media?parent=188854"}],"wp:term":[{"taxonomy":"product_brand","embeddable":true,"href":"https:\/\/wpguerssen-test.odoo.rgbconsulting.com\/es\/wp-json\/wp\/v2\/product_brand?post=188854"},{"taxonomy":"product_cat","embeddable":true,"href":"https:\/\/wpguerssen-test.odoo.rgbconsulting.com\/es\/wp-json\/wp\/v2\/product_cat?post=188854"},{"taxonomy":"product_tag","embeddable":true,"href":"https:\/\/wpguerssen-test.odoo.rgbconsulting.com\/es\/wp-json\/wp\/v2\/product_tag?post=188854"}],"curies":[{"name":"wp","href":"https:\/\/api.w.org\/{rel}","templated":true}]}}