{"id":188889,"date":"2019-02-12T00:00:00","date_gmt":"2019-02-11T23:00:00","guid":{"rendered":"http:\/\/guerssen.hl1097.dinaserver.com\/product\/sensible-cd\/"},"modified":"2024-10-14T16:21:09","modified_gmt":"2024-10-14T14:21:09","slug":"sensible-cd","status":"publish","type":"product","link":"https:\/\/wpguerssen-test.odoo.rgbconsulting.com\/es\/producto\/sensible-cd\/","title":{"rendered":"Sensible (CD)"},"content":{"rendered":"<p>Excitante mezcla de Zouk, afro-funk y disco-boogie desde Costa de Marfil, 1983. Sintes anal\u00f3gicos, guitarra el\u00e9ctrica, trompeta, ritmos afro-caribe\u00f1os&#8230;Cuatro largos temas, incluyendo \u00abAfrica Mawa\u00bb (tremendo afro-disco-boogie) junto a dos canciones afro-zouk y una balada con guitarra cuasi-psicod\u00e9lica <\/p>\n<p> Denis Bibi Den&#8217;s Thsibayi es un m\u00fasico \/ periodista procedente del Congo. \u00abSensible\u00bb gue grabado junto a su grupo The Best en Abidjan, Costa de Marfil, despu\u00e9s de que les ofrecieran un contrato para actuar y grabar all\u00ed. M. Sacko ayud\u00f3 con la producci\u00f3n \/ edici\u00f3n y el disco se edit\u00f3 primeramente de forma privada en Costa De Marfil y un poco m\u00e1s tarde en Francia. Durante esa \u00e9poca, Denis Tshibayi tambi\u00e9n grab\u00f3 para Earthworks \/ Rough Trade y en las siguientes d\u00e9cadas grab\u00f3 con Adrian Sherwood (On-U Sound Records) y Alpha Blondy entre muchos otros. <\/p>\n<p> Booklet with notas informativas. <\/p>\n<p> Tracklist: 1. Africa Mawa &#8211; 2. Djwa Yango &#8211; 3. Sensible &#8211; 4. L&#8217;Amour<\/p>\n","protected":false},"excerpt":{"rendered":"<p>Excitante mezcla de Zouk, afro-funk y disco-boogie desde Costa de Marfil, 1983. Sintes anal\u00f3gicos, guitarra el\u00e9ctrica, trompeta, ritmos afro-caribe\u00f1os&#8230;Cuatro<a class=\"read\" href=\"https:\/\/wpguerssen-test.odoo.rgbconsulting.com\/es\/producto\/sensible-cd\/\"> (...)<\/a>","protected":false},"featured_media":124063,"template":"","meta":{"_acf_changed":false},"product_brand":[],"product_cat":[23219,23258],"product_tag":[29138],"class_list":{"0":"post-188889","1":"product","2":"type-product","3":"status-publish","4":"has-post-thumbnail","6":"product_cat-funk-es","7":"product_cat-afro-funk-afrobeat-es","8":"product_tag-cd-es","9":"pa_artist-bibi-dens-tshibayi","10":"pa_format-cd-2-es","11":"pa_gender-afro-funk-afrobeat-funk","12":"pa_label-pharaway-sounds-es","13":"pa_location-africa-es","15":"first","16":"instock","17":"taxable","18":"shipping-taxable","19":"purchasable","20":"product-type-simple"},"acf":[],"yoast_head":"<!-- This site is optimized with the Yoast SEO plugin v24.9 - https:\/\/yoast.com\/wordpress\/plugins\/seo\/ -->\n<title>BIBI DEN&#039;S TSHIBAYI - Sensible (CD) -  (CD) | Guerssen<\/title>\n<meta name=\"description\" content=\"A great mix of Zouk, Afro-Funk and Boogie from the Ivory Coast, 1983. Cool synths, electric guitar, afro-caribbean rhythms...Four long tracks, including the massive afro-disco-boogie &quot;Africa Mawa&quot; plus two cool afro\/Zouk tracks and a deep ballad with psych guitar. #nl# Featuring Congolese musician Denis Bibi Den&#039;s Thsibayi and his band The Best, &quot;Sensible&quot; was recorded at Abidjan, Ivory Coast, after Denis Tshibayi was requested to play live there. M. Sacko helped with the production \/ edition and the album was originally released first as a tiny private pressing in the Ivory Coast and later in France. During that time, Denis Thsibayi also recorded for Earthworks\/Rough Trade and in the following decades he has recorded with Adrian Sherwood (On-U Sound Records), Alpha Blondy, etc. #nl# Includes booklet with liner notes. #nl# Tracklist: 1. Africa Mawa - 2. Djwa Yango - 3. Sensible - 4. L&#039;Amour\" \/>\n<meta name=\"robots\" content=\"index, follow, max-snippet:-1, max-image-preview:large, max-video-preview:-1\" \/>\n<link rel=\"canonical\" href=\"https:\/\/wpguerssen-test.odoo.rgbconsulting.com\/es\/producto\/sensible-cd\/\" \/>\n<meta property=\"og:locale\" content=\"es_ES\" \/>\n<meta property=\"og:type\" content=\"article\" \/>\n<meta property=\"og:title\" content=\"BIBI DEN&#039;S TSHIBAYI - Sensible (CD) -  (CD) | Guerssen\" \/>\n<meta property=\"og:description\" content=\"A great mix of Zouk, Afro-Funk and Boogie from the Ivory Coast, 1983. Cool synths, electric guitar, afro-caribbean rhythms...Four long tracks, including the massive afro-disco-boogie &quot;Africa Mawa&quot; plus two cool afro\/Zouk tracks and a deep ballad with psych guitar. #nl# Featuring Congolese musician Denis Bibi Den&#039;s Thsibayi and his band The Best, &quot;Sensible&quot; was recorded at Abidjan, Ivory Coast, after Denis Tshibayi was requested to play live there. M. Sacko helped with the production \/ edition and the album was originally released first as a tiny private pressing in the Ivory Coast and later in France. During that time, Denis Thsibayi also recorded for Earthworks\/Rough Trade and in the following decades he has recorded with Adrian Sherwood (On-U Sound Records), Alpha Blondy, etc. #nl# Includes booklet with liner notes. #nl# Tracklist: 1. Africa Mawa - 2. Djwa Yango - 3. Sensible - 4. L&#039;Amour\" \/>\n<meta property=\"og:url\" content=\"https:\/\/wpguerssen-test.odoo.rgbconsulting.com\/es\/producto\/sensible-cd\/\" \/>\n<meta property=\"og:site_name\" content=\"Guerssen records\" \/>\n<meta property=\"article:modified_time\" content=\"2024-10-14T14:21:09+00:00\" \/>\n<meta property=\"og:image\" content=\"https:\/\/wpguerssen-test.odoo.rgbconsulting.com\/wp-content\/uploads\/2022\/03\/33810.jpg\" \/>\n\t<meta property=\"og:image:width\" content=\"1400\" \/>\n\t<meta property=\"og:image:height\" content=\"1400\" \/>\n\t<meta property=\"og:image:type\" content=\"image\/jpeg\" \/>\n<meta name=\"twitter:card\" content=\"summary_large_image\" \/>\n<meta name=\"twitter:title\" content=\"BIBI DEN&#039;S TSHIBAYI - Sensible (CD) -  (CD) | Guerssen\" \/>\n<meta name=\"twitter:label1\" content=\"Tiempo de lectura\" \/>\n\t<meta name=\"twitter:data1\" content=\"1 minuto\" \/>\n<script type=\"application\/ld+json\" class=\"yoast-schema-graph\">{\"@context\":\"https:\/\/schema.org\",\"@graph\":[{\"@type\":\"WebPage\",\"@id\":\"https:\/\/wpguerssen-test.odoo.rgbconsulting.com\/es\/producto\/sensible-cd\/\",\"url\":\"https:\/\/wpguerssen-test.odoo.rgbconsulting.com\/es\/producto\/sensible-cd\/\",\"name\":\"BIBI DEN'S TSHIBAYI - Sensible (CD) - (CD) | Guerssen\",\"isPartOf\":{\"@id\":\"https:\/\/wpguerssen-test.odoo.rgbconsulting.com\/es\/#website\"},\"primaryImageOfPage\":{\"@id\":\"https:\/\/wpguerssen-test.odoo.rgbconsulting.com\/es\/producto\/sensible-cd\/#primaryimage\"},\"image\":{\"@id\":\"https:\/\/wpguerssen-test.odoo.rgbconsulting.com\/es\/producto\/sensible-cd\/#primaryimage\"},\"thumbnailUrl\":\"https:\/\/wpguerssen-test.odoo.rgbconsulting.com\/wp-content\/uploads\/2022\/03\/33810.jpg\",\"datePublished\":\"2019-02-11T23:00:00+00:00\",\"dateModified\":\"2024-10-14T14:21:09+00:00\",\"description\":\"A great mix of Zouk, Afro-Funk and Boogie from the Ivory Coast, 1983. Cool synths, electric guitar, afro-caribbean rhythms...Four long tracks, including the massive afro-disco-boogie \\\"Africa Mawa\\\" plus two cool afro\/Zouk tracks and a deep ballad with psych guitar. #nl# Featuring Congolese musician Denis Bibi Den's Thsibayi and his band The Best, \\\"Sensible\\\" was recorded at Abidjan, Ivory Coast, after Denis Tshibayi was requested to play live there. M. Sacko helped with the production \/ edition and the album was originally released first as a tiny private pressing in the Ivory Coast and later in France. During that time, Denis Thsibayi also recorded for Earthworks\/Rough Trade and in the following decades he has recorded with Adrian Sherwood (On-U Sound Records), Alpha Blondy, etc. #nl# Includes booklet with liner notes. #nl# Tracklist: 1. Africa Mawa - 2. Djwa Yango - 3. Sensible - 4. L'Amour\",\"breadcrumb\":{\"@id\":\"https:\/\/wpguerssen-test.odoo.rgbconsulting.com\/es\/producto\/sensible-cd\/#breadcrumb\"},\"inLanguage\":\"es\",\"potentialAction\":[{\"@type\":\"ReadAction\",\"target\":[\"https:\/\/wpguerssen-test.odoo.rgbconsulting.com\/es\/producto\/sensible-cd\/\"]}]},{\"@type\":\"ImageObject\",\"inLanguage\":\"es\",\"@id\":\"https:\/\/wpguerssen-test.odoo.rgbconsulting.com\/es\/producto\/sensible-cd\/#primaryimage\",\"url\":\"https:\/\/wpguerssen-test.odoo.rgbconsulting.com\/wp-content\/uploads\/2022\/03\/33810.jpg\",\"contentUrl\":\"https:\/\/wpguerssen-test.odoo.rgbconsulting.com\/wp-content\/uploads\/2022\/03\/33810.jpg\",\"width\":1400,\"height\":1400,\"caption\":\"BIBI DEN'S TSHIBAYI - Sensible (CD) - PHARAWAY SOUNDS (CD) | Guerssen\"},{\"@type\":\"BreadcrumbList\",\"@id\":\"https:\/\/wpguerssen-test.odoo.rgbconsulting.com\/es\/producto\/sensible-cd\/#breadcrumb\",\"itemListElement\":[{\"@type\":\"ListItem\",\"position\":1,\"name\":\"Inicio\",\"item\":\"https:\/\/wpguerssen-test.odoo.rgbconsulting.com\/es\/\"},{\"@type\":\"ListItem\",\"position\":2,\"name\":\"Shop\",\"item\":\"https:\/\/wpguerssen-test.odoo.rgbconsulting.com\/shop\/\"},{\"@type\":\"ListItem\",\"position\":3,\"name\":\"Sensible (CD)\"}]},{\"@type\":\"WebSite\",\"@id\":\"https:\/\/wpguerssen-test.odoo.rgbconsulting.com\/es\/#website\",\"url\":\"https:\/\/wpguerssen-test.odoo.rgbconsulting.com\/es\/\",\"name\":\"Guerssen records\",\"description\":\"psychedelia - progressive - folk - garage \",\"publisher\":{\"@id\":\"https:\/\/wpguerssen-test.odoo.rgbconsulting.com\/es\/#organization\"},\"potentialAction\":[{\"@type\":\"SearchAction\",\"target\":{\"@type\":\"EntryPoint\",\"urlTemplate\":\"https:\/\/wpguerssen-test.odoo.rgbconsulting.com\/es\/?s={search_term_string}\"},\"query-input\":{\"@type\":\"PropertyValueSpecification\",\"valueRequired\":true,\"valueName\":\"search_term_string\"}}],\"inLanguage\":\"es\"},{\"@type\":\"Organization\",\"@id\":\"https:\/\/wpguerssen-test.odoo.rgbconsulting.com\/es\/#organization\",\"name\":\"Guerssen records\",\"url\":\"https:\/\/wpguerssen-test.odoo.rgbconsulting.com\/es\/\",\"logo\":{\"@type\":\"ImageObject\",\"inLanguage\":\"es\",\"@id\":\"https:\/\/wpguerssen-test.odoo.rgbconsulting.com\/es\/#\/schema\/logo\/image\/\",\"url\":\"https:\/\/wpguerssen-test.odoo.rgbconsulting.com\/wp-content\/uploads\/2022\/04\/Logo_Guerssen_trans_100.png\",\"contentUrl\":\"https:\/\/wpguerssen-test.odoo.rgbconsulting.com\/wp-content\/uploads\/2022\/04\/Logo_Guerssen_trans_100.png\",\"width\":122,\"height\":100,\"caption\":\"Guerssen records\"},\"image\":{\"@id\":\"https:\/\/wpguerssen-test.odoo.rgbconsulting.com\/es\/#\/schema\/logo\/image\/\"}}]}<\/script>\n<!-- \/ Yoast SEO plugin. -->","yoast_head_json":{"title":"BIBI DEN'S TSHIBAYI - Sensible (CD) -  (CD) | Guerssen","description":"A great mix of Zouk, Afro-Funk and Boogie from the Ivory Coast, 1983. Cool synths, electric guitar, afro-caribbean rhythms...Four long tracks, including the massive afro-disco-boogie \"Africa Mawa\" plus two cool afro\/Zouk tracks and a deep ballad with psych guitar. #nl# Featuring Congolese musician Denis Bibi Den's Thsibayi and his band The Best, \"Sensible\" was recorded at Abidjan, Ivory Coast, after Denis Tshibayi was requested to play live there. M. Sacko helped with the production \/ edition and the album was originally released first as a tiny private pressing in the Ivory Coast and later in France. During that time, Denis Thsibayi also recorded for Earthworks\/Rough Trade and in the following decades he has recorded with Adrian Sherwood (On-U Sound Records), Alpha Blondy, etc. #nl# Includes booklet with liner notes. #nl# Tracklist: 1. Africa Mawa - 2. Djwa Yango - 3. Sensible - 4. L'Amour","robots":{"index":"index","follow":"follow","max-snippet":"max-snippet:-1","max-image-preview":"max-image-preview:large","max-video-preview":"max-video-preview:-1"},"canonical":"https:\/\/wpguerssen-test.odoo.rgbconsulting.com\/es\/producto\/sensible-cd\/","og_locale":"es_ES","og_type":"article","og_title":"BIBI DEN'S TSHIBAYI - Sensible (CD) -  (CD) | Guerssen","og_description":"A great mix of Zouk, Afro-Funk and Boogie from the Ivory Coast, 1983. Cool synths, electric guitar, afro-caribbean rhythms...Four long tracks, including the massive afro-disco-boogie \"Africa Mawa\" plus two cool afro\/Zouk tracks and a deep ballad with psych guitar. #nl# Featuring Congolese musician Denis Bibi Den's Thsibayi and his band The Best, \"Sensible\" was recorded at Abidjan, Ivory Coast, after Denis Tshibayi was requested to play live there. M. Sacko helped with the production \/ edition and the album was originally released first as a tiny private pressing in the Ivory Coast and later in France. During that time, Denis Thsibayi also recorded for Earthworks\/Rough Trade and in the following decades he has recorded with Adrian Sherwood (On-U Sound Records), Alpha Blondy, etc. #nl# Includes booklet with liner notes. #nl# Tracklist: 1. Africa Mawa - 2. Djwa Yango - 3. Sensible - 4. L'Amour","og_url":"https:\/\/wpguerssen-test.odoo.rgbconsulting.com\/es\/producto\/sensible-cd\/","og_site_name":"Guerssen records","article_modified_time":"2024-10-14T14:21:09+00:00","og_image":[{"width":1400,"height":1400,"url":"https:\/\/wpguerssen-test.odoo.rgbconsulting.com\/wp-content\/uploads\/2022\/03\/33810.jpg","type":"image\/jpeg"}],"twitter_card":"summary_large_image","twitter_title":"BIBI DEN'S TSHIBAYI - Sensible (CD) -  (CD) | Guerssen","twitter_misc":{"Tiempo de lectura":"1 minuto"},"schema":{"@context":"https:\/\/schema.org","@graph":[{"@type":"WebPage","@id":"https:\/\/wpguerssen-test.odoo.rgbconsulting.com\/es\/producto\/sensible-cd\/","url":"https:\/\/wpguerssen-test.odoo.rgbconsulting.com\/es\/producto\/sensible-cd\/","name":"BIBI DEN'S TSHIBAYI - Sensible (CD) - (CD) | Guerssen","isPartOf":{"@id":"https:\/\/wpguerssen-test.odoo.rgbconsulting.com\/es\/#website"},"primaryImageOfPage":{"@id":"https:\/\/wpguerssen-test.odoo.rgbconsulting.com\/es\/producto\/sensible-cd\/#primaryimage"},"image":{"@id":"https:\/\/wpguerssen-test.odoo.rgbconsulting.com\/es\/producto\/sensible-cd\/#primaryimage"},"thumbnailUrl":"https:\/\/wpguerssen-test.odoo.rgbconsulting.com\/wp-content\/uploads\/2022\/03\/33810.jpg","datePublished":"2019-02-11T23:00:00+00:00","dateModified":"2024-10-14T14:21:09+00:00","description":"A great mix of Zouk, Afro-Funk and Boogie from the Ivory Coast, 1983. Cool synths, electric guitar, afro-caribbean rhythms...Four long tracks, including the massive afro-disco-boogie \"Africa Mawa\" plus two cool afro\/Zouk tracks and a deep ballad with psych guitar. #nl# Featuring Congolese musician Denis Bibi Den's Thsibayi and his band The Best, \"Sensible\" was recorded at Abidjan, Ivory Coast, after Denis Tshibayi was requested to play live there. M. Sacko helped with the production \/ edition and the album was originally released first as a tiny private pressing in the Ivory Coast and later in France. During that time, Denis Thsibayi also recorded for Earthworks\/Rough Trade and in the following decades he has recorded with Adrian Sherwood (On-U Sound Records), Alpha Blondy, etc. #nl# Includes booklet with liner notes. #nl# Tracklist: 1. Africa Mawa - 2. Djwa Yango - 3. Sensible - 4. L'Amour","breadcrumb":{"@id":"https:\/\/wpguerssen-test.odoo.rgbconsulting.com\/es\/producto\/sensible-cd\/#breadcrumb"},"inLanguage":"es","potentialAction":[{"@type":"ReadAction","target":["https:\/\/wpguerssen-test.odoo.rgbconsulting.com\/es\/producto\/sensible-cd\/"]}]},{"@type":"ImageObject","inLanguage":"es","@id":"https:\/\/wpguerssen-test.odoo.rgbconsulting.com\/es\/producto\/sensible-cd\/#primaryimage","url":"https:\/\/wpguerssen-test.odoo.rgbconsulting.com\/wp-content\/uploads\/2022\/03\/33810.jpg","contentUrl":"https:\/\/wpguerssen-test.odoo.rgbconsulting.com\/wp-content\/uploads\/2022\/03\/33810.jpg","width":1400,"height":1400,"caption":"BIBI DEN'S TSHIBAYI - Sensible (CD) - PHARAWAY SOUNDS (CD) | Guerssen"},{"@type":"BreadcrumbList","@id":"https:\/\/wpguerssen-test.odoo.rgbconsulting.com\/es\/producto\/sensible-cd\/#breadcrumb","itemListElement":[{"@type":"ListItem","position":1,"name":"Inicio","item":"https:\/\/wpguerssen-test.odoo.rgbconsulting.com\/es\/"},{"@type":"ListItem","position":2,"name":"Shop","item":"https:\/\/wpguerssen-test.odoo.rgbconsulting.com\/shop\/"},{"@type":"ListItem","position":3,"name":"Sensible (CD)"}]},{"@type":"WebSite","@id":"https:\/\/wpguerssen-test.odoo.rgbconsulting.com\/es\/#website","url":"https:\/\/wpguerssen-test.odoo.rgbconsulting.com\/es\/","name":"Guerssen records","description":"psychedelia - progressive - folk - garage ","publisher":{"@id":"https:\/\/wpguerssen-test.odoo.rgbconsulting.com\/es\/#organization"},"potentialAction":[{"@type":"SearchAction","target":{"@type":"EntryPoint","urlTemplate":"https:\/\/wpguerssen-test.odoo.rgbconsulting.com\/es\/?s={search_term_string}"},"query-input":{"@type":"PropertyValueSpecification","valueRequired":true,"valueName":"search_term_string"}}],"inLanguage":"es"},{"@type":"Organization","@id":"https:\/\/wpguerssen-test.odoo.rgbconsulting.com\/es\/#organization","name":"Guerssen records","url":"https:\/\/wpguerssen-test.odoo.rgbconsulting.com\/es\/","logo":{"@type":"ImageObject","inLanguage":"es","@id":"https:\/\/wpguerssen-test.odoo.rgbconsulting.com\/es\/#\/schema\/logo\/image\/","url":"https:\/\/wpguerssen-test.odoo.rgbconsulting.com\/wp-content\/uploads\/2022\/04\/Logo_Guerssen_trans_100.png","contentUrl":"https:\/\/wpguerssen-test.odoo.rgbconsulting.com\/wp-content\/uploads\/2022\/04\/Logo_Guerssen_trans_100.png","width":122,"height":100,"caption":"Guerssen records"},"image":{"@id":"https:\/\/wpguerssen-test.odoo.rgbconsulting.com\/es\/#\/schema\/logo\/image\/"}}]}},"_links":{"self":[{"href":"https:\/\/wpguerssen-test.odoo.rgbconsulting.com\/es\/wp-json\/wp\/v2\/product\/188889","targetHints":{"allow":["GET"]}}],"collection":[{"href":"https:\/\/wpguerssen-test.odoo.rgbconsulting.com\/es\/wp-json\/wp\/v2\/product"}],"about":[{"href":"https:\/\/wpguerssen-test.odoo.rgbconsulting.com\/es\/wp-json\/wp\/v2\/types\/product"}],"wp:featuredmedia":[{"embeddable":true,"href":"https:\/\/wpguerssen-test.odoo.rgbconsulting.com\/es\/wp-json\/wp\/v2\/media\/124063"}],"wp:attachment":[{"href":"https:\/\/wpguerssen-test.odoo.rgbconsulting.com\/es\/wp-json\/wp\/v2\/media?parent=188889"}],"wp:term":[{"taxonomy":"product_brand","embeddable":true,"href":"https:\/\/wpguerssen-test.odoo.rgbconsulting.com\/es\/wp-json\/wp\/v2\/product_brand?post=188889"},{"taxonomy":"product_cat","embeddable":true,"href":"https:\/\/wpguerssen-test.odoo.rgbconsulting.com\/es\/wp-json\/wp\/v2\/product_cat?post=188889"},{"taxonomy":"product_tag","embeddable":true,"href":"https:\/\/wpguerssen-test.odoo.rgbconsulting.com\/es\/wp-json\/wp\/v2\/product_tag?post=188889"}],"curies":[{"name":"wp","href":"https:\/\/api.w.org\/{rel}","templated":true}]}}