{"id":188899,"date":"2019-04-01T00:00:00","date_gmt":"2019-03-31T22:00:00","guid":{"rendered":"http:\/\/guerssen.hl1097.dinaserver.com\/product\/garden-of-clouds\/"},"modified":"2024-07-11T17:00:55","modified_gmt":"2024-07-11T15:00:55","slug":"garden-of-clouds","status":"publish","type":"product","link":"https:\/\/wpguerssen-test.odoo.rgbconsulting.com\/es\/producto\/garden-of-clouds\/","title":{"rendered":"Garden of Clouds"},"content":{"rendered":"<p>Tras unos a\u00f1os de elaboraci\u00f3n y maceraci\u00f3n, SonLosGrillos, el d\u00fao formado por Marta y Mauri, nos entregan su tercer disco, Garden of Clouds. Una nueva obra de orfebrer\u00eda mel\u00f3dica compuesta y grabada en su estudio casero de J\u00e1vea, a la sombra del m\u00e1gico Montg\u00f3. Rico en matices, colaboraciones, detalles y arreglos, contiene nueve canciones originales y una versi\u00f3n de Linda Perhacs. <\/p>\n<p> Folk c\u00f3smico impregnado de Naturaleza m\u00e1gica; cada nuevo disco de SonLosGrillos supone uno de los momentos m\u00e1s bellos del a\u00f1o, y sin duda alguna, \u00e9ste es uno de los discos m\u00e1s bonitos de la temporada.<br \/>(Luis de Benito &#8211; Islas de Robinson, Radio 3) <\/p>\n<p> Para envolver el regalo, e intentando transmitir la calidez y amor derrochados en las canciones, se han impreso las letras manuscritas de Marta en un insert desplegable, y sobre una carpeta con textura, el inquitante grabado arb\u00f3reo obra de TagoMago. Esperamos que el resultado os apasione tanto como a nosotros. <\/p>\n<p> Edici\u00f3n Limitada 540 copias numeradas * 180g Portada Abierta con Textura, Tinta Plata * Obi Papel Vegetal * Incluye C\u00f3digo de Descarga<\/p>\n","protected":false},"excerpt":{"rendered":"<p>Tras unos a\u00f1os de elaboraci\u00f3n y maceraci\u00f3n, SonLosGrillos, el d\u00fao formado por Marta y Mauri, nos entregan su tercer disco, Garden of Clouds. Una nueva obra de<a class=\"read\" href=\"https:\/\/wpguerssen-test.odoo.rgbconsulting.com\/es\/producto\/garden-of-clouds\/\"> (...)<\/a>","protected":false},"featured_media":124089,"template":"","meta":{"_acf_changed":false},"product_brand":[],"product_cat":[21659,23270],"product_tag":[],"class_list":{"0":"post-188899","1":"product","2":"type-product","3":"status-publish","4":"has-post-thumbnail","6":"product_cat-psychedelic00s-now-es","7":"product_cat-folk-00s-now-es","8":"pa_artist-son-los-grillos","9":"pa_format-lp-es","10":"pa_gender-psychedelic00s-now-folk-00s-now","11":"pa_label-monterey","12":"pa_location-spain-es","13":"pa_other-filters-vinyl-only-es","15":"first","16":"instock","17":"taxable","18":"shipping-taxable","19":"purchasable","20":"product-type-simple"},"acf":[],"yoast_head":"<!-- This site is optimized with the Yoast SEO plugin v24.9 - https:\/\/yoast.com\/wordpress\/plugins\/seo\/ -->\n<title>SON LOS GRILLOS - Garden of Clouds -  (LP) | Guerssen<\/title>\n<meta name=\"description\" content=\"After a few years in the making and good &#039;ole maceration, Spanish folk duo Marta &amp; Mauri, SonLosGrillos, deliver us their third album, Garden of Clouds. A melodic goldsmith work recorded at their home studio in Javea, Alicante, beneath the shadow of the magic Montg\u00f3 mountain. Rich and colored in multiple shades and arrangements, it contains nine originals and a cover of Linda Perhacs. #nl# Wrapping such a gift, and trying to preserve the warmth and love spread over the album, we have printed Marta&#039;s handwritten lyrics in a fold out insert, and over a textured cardboard cover, we find the perturbing arboreal engraving by TagoMago. We hope you love the result as much as we do!540 Ltd Edition * 180g Gatefold * Textured Cardboard, Silver Ink * Hand Numbered, With Obi * Download Code included\" \/>\n<meta name=\"robots\" content=\"index, follow, max-snippet:-1, max-image-preview:large, max-video-preview:-1\" \/>\n<link rel=\"canonical\" href=\"https:\/\/wpguerssen-test.odoo.rgbconsulting.com\/es\/producto\/garden-of-clouds\/\" \/>\n<meta property=\"og:locale\" content=\"es_ES\" \/>\n<meta property=\"og:type\" content=\"article\" \/>\n<meta property=\"og:title\" content=\"SON LOS GRILLOS - Garden of Clouds -  (LP) | Guerssen\" \/>\n<meta property=\"og:description\" content=\"After a few years in the making and good &#039;ole maceration, Spanish folk duo Marta &amp; Mauri, SonLosGrillos, deliver us their third album, Garden of Clouds. A melodic goldsmith work recorded at their home studio in Javea, Alicante, beneath the shadow of the magic Montg\u00f3 mountain. Rich and colored in multiple shades and arrangements, it contains nine originals and a cover of Linda Perhacs. #nl# Wrapping such a gift, and trying to preserve the warmth and love spread over the album, we have printed Marta&#039;s handwritten lyrics in a fold out insert, and over a textured cardboard cover, we find the perturbing arboreal engraving by TagoMago. We hope you love the result as much as we do!540 Ltd Edition * 180g Gatefold * Textured Cardboard, Silver Ink * Hand Numbered, With Obi * Download Code included\" \/>\n<meta property=\"og:url\" content=\"https:\/\/wpguerssen-test.odoo.rgbconsulting.com\/es\/producto\/garden-of-clouds\/\" \/>\n<meta property=\"og:site_name\" content=\"Guerssen records\" \/>\n<meta property=\"article:modified_time\" content=\"2024-07-11T15:00:55+00:00\" \/>\n<meta property=\"og:image\" content=\"https:\/\/wpguerssen-test.odoo.rgbconsulting.com\/wp-content\/uploads\/2022\/03\/33838.jpg\" \/>\n\t<meta property=\"og:image:width\" content=\"302\" \/>\n\t<meta property=\"og:image:height\" content=\"302\" \/>\n\t<meta property=\"og:image:type\" content=\"image\/jpeg\" \/>\n<meta name=\"twitter:card\" content=\"summary_large_image\" \/>\n<meta name=\"twitter:title\" content=\"SON LOS GRILLOS - Garden of Clouds -  (LP) | Guerssen\" \/>\n<meta name=\"twitter:label1\" content=\"Tiempo de lectura\" \/>\n\t<meta name=\"twitter:data1\" content=\"1 minuto\" \/>\n<script type=\"application\/ld+json\" class=\"yoast-schema-graph\">{\"@context\":\"https:\/\/schema.org\",\"@graph\":[{\"@type\":\"WebPage\",\"@id\":\"https:\/\/wpguerssen-test.odoo.rgbconsulting.com\/es\/producto\/garden-of-clouds\/\",\"url\":\"https:\/\/wpguerssen-test.odoo.rgbconsulting.com\/es\/producto\/garden-of-clouds\/\",\"name\":\"SON LOS GRILLOS - Garden of Clouds - (LP) | Guerssen\",\"isPartOf\":{\"@id\":\"https:\/\/wpguerssen-test.odoo.rgbconsulting.com\/es\/#website\"},\"primaryImageOfPage\":{\"@id\":\"https:\/\/wpguerssen-test.odoo.rgbconsulting.com\/es\/producto\/garden-of-clouds\/#primaryimage\"},\"image\":{\"@id\":\"https:\/\/wpguerssen-test.odoo.rgbconsulting.com\/es\/producto\/garden-of-clouds\/#primaryimage\"},\"thumbnailUrl\":\"https:\/\/wpguerssen-test.odoo.rgbconsulting.com\/wp-content\/uploads\/2022\/03\/33838.jpg\",\"datePublished\":\"2019-03-31T22:00:00+00:00\",\"dateModified\":\"2024-07-11T15:00:55+00:00\",\"description\":\"After a few years in the making and good 'ole maceration, Spanish folk duo Marta & Mauri, SonLosGrillos, deliver us their third album, Garden of Clouds. A melodic goldsmith work recorded at their home studio in Javea, Alicante, beneath the shadow of the magic Montg\u00f3 mountain. Rich and colored in multiple shades and arrangements, it contains nine originals and a cover of Linda Perhacs. #nl# Wrapping such a gift, and trying to preserve the warmth and love spread over the album, we have printed Marta's handwritten lyrics in a fold out insert, and over a textured cardboard cover, we find the perturbing arboreal engraving by TagoMago. We hope you love the result as much as we do!540 Ltd Edition * 180g Gatefold * Textured Cardboard, Silver Ink * Hand Numbered, With Obi * Download Code included\",\"breadcrumb\":{\"@id\":\"https:\/\/wpguerssen-test.odoo.rgbconsulting.com\/es\/producto\/garden-of-clouds\/#breadcrumb\"},\"inLanguage\":\"es\",\"potentialAction\":[{\"@type\":\"ReadAction\",\"target\":[\"https:\/\/wpguerssen-test.odoo.rgbconsulting.com\/es\/producto\/garden-of-clouds\/\"]}]},{\"@type\":\"ImageObject\",\"inLanguage\":\"es\",\"@id\":\"https:\/\/wpguerssen-test.odoo.rgbconsulting.com\/es\/producto\/garden-of-clouds\/#primaryimage\",\"url\":\"https:\/\/wpguerssen-test.odoo.rgbconsulting.com\/wp-content\/uploads\/2022\/03\/33838.jpg\",\"contentUrl\":\"https:\/\/wpguerssen-test.odoo.rgbconsulting.com\/wp-content\/uploads\/2022\/03\/33838.jpg\",\"width\":302,\"height\":302,\"caption\":\"SON LOS GRILLOS - Garden of Clouds - MONTEREY (LP) | Guerssen\"},{\"@type\":\"BreadcrumbList\",\"@id\":\"https:\/\/wpguerssen-test.odoo.rgbconsulting.com\/es\/producto\/garden-of-clouds\/#breadcrumb\",\"itemListElement\":[{\"@type\":\"ListItem\",\"position\":1,\"name\":\"Inicio\",\"item\":\"https:\/\/wpguerssen-test.odoo.rgbconsulting.com\/es\/\"},{\"@type\":\"ListItem\",\"position\":2,\"name\":\"Shop\",\"item\":\"https:\/\/wpguerssen-test.odoo.rgbconsulting.com\/shop\/\"},{\"@type\":\"ListItem\",\"position\":3,\"name\":\"Garden of Clouds\"}]},{\"@type\":\"WebSite\",\"@id\":\"https:\/\/wpguerssen-test.odoo.rgbconsulting.com\/es\/#website\",\"url\":\"https:\/\/wpguerssen-test.odoo.rgbconsulting.com\/es\/\",\"name\":\"Guerssen records\",\"description\":\"psychedelia - progressive - folk - garage \",\"publisher\":{\"@id\":\"https:\/\/wpguerssen-test.odoo.rgbconsulting.com\/es\/#organization\"},\"potentialAction\":[{\"@type\":\"SearchAction\",\"target\":{\"@type\":\"EntryPoint\",\"urlTemplate\":\"https:\/\/wpguerssen-test.odoo.rgbconsulting.com\/es\/?s={search_term_string}\"},\"query-input\":{\"@type\":\"PropertyValueSpecification\",\"valueRequired\":true,\"valueName\":\"search_term_string\"}}],\"inLanguage\":\"es\"},{\"@type\":\"Organization\",\"@id\":\"https:\/\/wpguerssen-test.odoo.rgbconsulting.com\/es\/#organization\",\"name\":\"Guerssen records\",\"url\":\"https:\/\/wpguerssen-test.odoo.rgbconsulting.com\/es\/\",\"logo\":{\"@type\":\"ImageObject\",\"inLanguage\":\"es\",\"@id\":\"https:\/\/wpguerssen-test.odoo.rgbconsulting.com\/es\/#\/schema\/logo\/image\/\",\"url\":\"https:\/\/wpguerssen-test.odoo.rgbconsulting.com\/wp-content\/uploads\/2022\/04\/Logo_Guerssen_trans_100.png\",\"contentUrl\":\"https:\/\/wpguerssen-test.odoo.rgbconsulting.com\/wp-content\/uploads\/2022\/04\/Logo_Guerssen_trans_100.png\",\"width\":122,\"height\":100,\"caption\":\"Guerssen records\"},\"image\":{\"@id\":\"https:\/\/wpguerssen-test.odoo.rgbconsulting.com\/es\/#\/schema\/logo\/image\/\"}}]}<\/script>\n<!-- \/ Yoast SEO plugin. -->","yoast_head_json":{"title":"SON LOS GRILLOS - Garden of Clouds -  (LP) | Guerssen","description":"After a few years in the making and good 'ole maceration, Spanish folk duo Marta & Mauri, SonLosGrillos, deliver us their third album, Garden of Clouds. A melodic goldsmith work recorded at their home studio in Javea, Alicante, beneath the shadow of the magic Montg\u00f3 mountain. Rich and colored in multiple shades and arrangements, it contains nine originals and a cover of Linda Perhacs. #nl# Wrapping such a gift, and trying to preserve the warmth and love spread over the album, we have printed Marta's handwritten lyrics in a fold out insert, and over a textured cardboard cover, we find the perturbing arboreal engraving by TagoMago. We hope you love the result as much as we do!540 Ltd Edition * 180g Gatefold * Textured Cardboard, Silver Ink * Hand Numbered, With Obi * Download Code included","robots":{"index":"index","follow":"follow","max-snippet":"max-snippet:-1","max-image-preview":"max-image-preview:large","max-video-preview":"max-video-preview:-1"},"canonical":"https:\/\/wpguerssen-test.odoo.rgbconsulting.com\/es\/producto\/garden-of-clouds\/","og_locale":"es_ES","og_type":"article","og_title":"SON LOS GRILLOS - Garden of Clouds -  (LP) | Guerssen","og_description":"After a few years in the making and good 'ole maceration, Spanish folk duo Marta & Mauri, SonLosGrillos, deliver us their third album, Garden of Clouds. A melodic goldsmith work recorded at their home studio in Javea, Alicante, beneath the shadow of the magic Montg\u00f3 mountain. Rich and colored in multiple shades and arrangements, it contains nine originals and a cover of Linda Perhacs. #nl# Wrapping such a gift, and trying to preserve the warmth and love spread over the album, we have printed Marta's handwritten lyrics in a fold out insert, and over a textured cardboard cover, we find the perturbing arboreal engraving by TagoMago. We hope you love the result as much as we do!540 Ltd Edition * 180g Gatefold * Textured Cardboard, Silver Ink * Hand Numbered, With Obi * Download Code included","og_url":"https:\/\/wpguerssen-test.odoo.rgbconsulting.com\/es\/producto\/garden-of-clouds\/","og_site_name":"Guerssen records","article_modified_time":"2024-07-11T15:00:55+00:00","og_image":[{"width":302,"height":302,"url":"https:\/\/wpguerssen-test.odoo.rgbconsulting.com\/wp-content\/uploads\/2022\/03\/33838.jpg","type":"image\/jpeg"}],"twitter_card":"summary_large_image","twitter_title":"SON LOS GRILLOS - Garden of Clouds -  (LP) | Guerssen","twitter_misc":{"Tiempo de lectura":"1 minuto"},"schema":{"@context":"https:\/\/schema.org","@graph":[{"@type":"WebPage","@id":"https:\/\/wpguerssen-test.odoo.rgbconsulting.com\/es\/producto\/garden-of-clouds\/","url":"https:\/\/wpguerssen-test.odoo.rgbconsulting.com\/es\/producto\/garden-of-clouds\/","name":"SON LOS GRILLOS - Garden of Clouds - (LP) | Guerssen","isPartOf":{"@id":"https:\/\/wpguerssen-test.odoo.rgbconsulting.com\/es\/#website"},"primaryImageOfPage":{"@id":"https:\/\/wpguerssen-test.odoo.rgbconsulting.com\/es\/producto\/garden-of-clouds\/#primaryimage"},"image":{"@id":"https:\/\/wpguerssen-test.odoo.rgbconsulting.com\/es\/producto\/garden-of-clouds\/#primaryimage"},"thumbnailUrl":"https:\/\/wpguerssen-test.odoo.rgbconsulting.com\/wp-content\/uploads\/2022\/03\/33838.jpg","datePublished":"2019-03-31T22:00:00+00:00","dateModified":"2024-07-11T15:00:55+00:00","description":"After a few years in the making and good 'ole maceration, Spanish folk duo Marta & Mauri, SonLosGrillos, deliver us their third album, Garden of Clouds. A melodic goldsmith work recorded at their home studio in Javea, Alicante, beneath the shadow of the magic Montg\u00f3 mountain. Rich and colored in multiple shades and arrangements, it contains nine originals and a cover of Linda Perhacs. #nl# Wrapping such a gift, and trying to preserve the warmth and love spread over the album, we have printed Marta's handwritten lyrics in a fold out insert, and over a textured cardboard cover, we find the perturbing arboreal engraving by TagoMago. We hope you love the result as much as we do!540 Ltd Edition * 180g Gatefold * Textured Cardboard, Silver Ink * Hand Numbered, With Obi * Download Code included","breadcrumb":{"@id":"https:\/\/wpguerssen-test.odoo.rgbconsulting.com\/es\/producto\/garden-of-clouds\/#breadcrumb"},"inLanguage":"es","potentialAction":[{"@type":"ReadAction","target":["https:\/\/wpguerssen-test.odoo.rgbconsulting.com\/es\/producto\/garden-of-clouds\/"]}]},{"@type":"ImageObject","inLanguage":"es","@id":"https:\/\/wpguerssen-test.odoo.rgbconsulting.com\/es\/producto\/garden-of-clouds\/#primaryimage","url":"https:\/\/wpguerssen-test.odoo.rgbconsulting.com\/wp-content\/uploads\/2022\/03\/33838.jpg","contentUrl":"https:\/\/wpguerssen-test.odoo.rgbconsulting.com\/wp-content\/uploads\/2022\/03\/33838.jpg","width":302,"height":302,"caption":"SON LOS GRILLOS - Garden of Clouds - MONTEREY (LP) | Guerssen"},{"@type":"BreadcrumbList","@id":"https:\/\/wpguerssen-test.odoo.rgbconsulting.com\/es\/producto\/garden-of-clouds\/#breadcrumb","itemListElement":[{"@type":"ListItem","position":1,"name":"Inicio","item":"https:\/\/wpguerssen-test.odoo.rgbconsulting.com\/es\/"},{"@type":"ListItem","position":2,"name":"Shop","item":"https:\/\/wpguerssen-test.odoo.rgbconsulting.com\/shop\/"},{"@type":"ListItem","position":3,"name":"Garden of Clouds"}]},{"@type":"WebSite","@id":"https:\/\/wpguerssen-test.odoo.rgbconsulting.com\/es\/#website","url":"https:\/\/wpguerssen-test.odoo.rgbconsulting.com\/es\/","name":"Guerssen records","description":"psychedelia - progressive - folk - garage ","publisher":{"@id":"https:\/\/wpguerssen-test.odoo.rgbconsulting.com\/es\/#organization"},"potentialAction":[{"@type":"SearchAction","target":{"@type":"EntryPoint","urlTemplate":"https:\/\/wpguerssen-test.odoo.rgbconsulting.com\/es\/?s={search_term_string}"},"query-input":{"@type":"PropertyValueSpecification","valueRequired":true,"valueName":"search_term_string"}}],"inLanguage":"es"},{"@type":"Organization","@id":"https:\/\/wpguerssen-test.odoo.rgbconsulting.com\/es\/#organization","name":"Guerssen records","url":"https:\/\/wpguerssen-test.odoo.rgbconsulting.com\/es\/","logo":{"@type":"ImageObject","inLanguage":"es","@id":"https:\/\/wpguerssen-test.odoo.rgbconsulting.com\/es\/#\/schema\/logo\/image\/","url":"https:\/\/wpguerssen-test.odoo.rgbconsulting.com\/wp-content\/uploads\/2022\/04\/Logo_Guerssen_trans_100.png","contentUrl":"https:\/\/wpguerssen-test.odoo.rgbconsulting.com\/wp-content\/uploads\/2022\/04\/Logo_Guerssen_trans_100.png","width":122,"height":100,"caption":"Guerssen records"},"image":{"@id":"https:\/\/wpguerssen-test.odoo.rgbconsulting.com\/es\/#\/schema\/logo\/image\/"}}]}},"_links":{"self":[{"href":"https:\/\/wpguerssen-test.odoo.rgbconsulting.com\/es\/wp-json\/wp\/v2\/product\/188899","targetHints":{"allow":["GET"]}}],"collection":[{"href":"https:\/\/wpguerssen-test.odoo.rgbconsulting.com\/es\/wp-json\/wp\/v2\/product"}],"about":[{"href":"https:\/\/wpguerssen-test.odoo.rgbconsulting.com\/es\/wp-json\/wp\/v2\/types\/product"}],"wp:featuredmedia":[{"embeddable":true,"href":"https:\/\/wpguerssen-test.odoo.rgbconsulting.com\/es\/wp-json\/wp\/v2\/media\/124089"}],"wp:attachment":[{"href":"https:\/\/wpguerssen-test.odoo.rgbconsulting.com\/es\/wp-json\/wp\/v2\/media?parent=188899"}],"wp:term":[{"taxonomy":"product_brand","embeddable":true,"href":"https:\/\/wpguerssen-test.odoo.rgbconsulting.com\/es\/wp-json\/wp\/v2\/product_brand?post=188899"},{"taxonomy":"product_cat","embeddable":true,"href":"https:\/\/wpguerssen-test.odoo.rgbconsulting.com\/es\/wp-json\/wp\/v2\/product_cat?post=188899"},{"taxonomy":"product_tag","embeddable":true,"href":"https:\/\/wpguerssen-test.odoo.rgbconsulting.com\/es\/wp-json\/wp\/v2\/product_tag?post=188899"}],"curies":[{"name":"wp","href":"https:\/\/api.w.org\/{rel}","templated":true}]}}