{"id":188921,"date":"2019-03-21T00:00:00","date_gmt":"2019-03-20T23:00:00","guid":{"rendered":"http:\/\/guerssen.hl1097.dinaserver.com\/product\/dogs-ears-are-stupid-cd\/"},"modified":"2025-02-10T13:58:23","modified_gmt":"2025-02-10T12:58:23","slug":"dogs-ears-are-stupid-cd","status":"publish","type":"product","link":"https:\/\/wpguerssen-test.odoo.rgbconsulting.com\/es\/producto\/dogs-ears-are-stupid-cd\/","title":{"rendered":"Dogs&#8217; Ears Are Stupid (CD)"},"content":{"rendered":"<p>Originalmente editado solo en cassette en 1983, \u00abDogs&#8217; Ears Are Stupid\u00bb, a cargo del tr\u00edo de Chicago Care of the Cow es una fascinante mezcla de folk psicod\u00e9lico, minimal electronics y experimentaci\u00f3n post-punk \/ art-rock. Guitarra acid fuzz, cristalinas armon\u00edas vocales, cajas de ritmos, teclados anal\u00f3gicos&#8230; <\/p>\n<p> Uno de los secretos mejor guardados dentro de la escena underground de Chicago, la historia de Care of the Cow nos lleva hasta 1974. Trio formado por Victor Sanders, X Baczewska y Sher Doruff, pose\u00edan un sonido muy ecl\u00e9ctico, experimental pero mel\u00f3dico, inicialmente con elementos de folk-rock psicod\u00e9lico que fueron mezcl\u00e1ndose con art-rock y sonidos post-punk \/ DIY. Sus influencias eran muy diversas: Beatles, Fripp, Eno, Joni Mitchell, Carla Bley, Pauline Oliveros, Eric Dolphy&#8230; <\/p>\n<p> Care of the Cow debutaron en 1975 con un 10&#8243;, seguido por su primer LP en 1981. Unos pocos a\u00f1os m\u00e1s tarde,  en 1983, el trio hab\u00eda empezado a a\u00f1adir cajas de ritmos y teclados anal\u00f3gicos a su sonido, en el que destacaba la incre\u00edble guitarra el\u00e9ctrica de Victor Sanders y las intrincadas armon\u00edas vocales de las dos componentes femeninas del trio:  X y Sher. <\/p>\n<p> El resultado fue \u00abDogs&#8217; Ears Are Stupid\u00bb, el segundo trabajo de Care of the Cow, editado de forma privada solo en cassette en 1983. <\/p>\n<p> Una peque\u00f1a joya oculta dentro de la enorme escena underground de cassettes de los 80, que creemos merec\u00eda una reedici\u00f3n en LP. Aqu\u00ed la tienes, en colaboraci\u00f3n con Galactic Archive, sello de Steve Krakow (Plastic Crimewave \/ Galactic Zoo). <\/p>\n<p> \u00abFolk-rock experimenral adentrado en terrenos minimal synth. Menuda joya!\u00bb-Archaic Inventions <\/p>\n<p> \u00abUna mezcla realmente \u00fanica de psych\/folk\/new music\/post-punk. Altamente recomendado para cualquier oyente de mente abierta\u00bb-Tony Coulter (WFMU) <\/p>\n<p> *Por primera vez reeditado en LP \/ CD. <\/p>\n<p> *Sonido de los m\u00e1sters originales. <\/p>\n<p> *Booklet con fotos y notas por Steve Krakow (Plastic Crimewave). <\/p>\n<p> *Incluye un bonus track in\u00e9dito hasta ahora. <\/p>\n<p> Tracklist: 1. Chinese Food Part I &#8211; 2. Cemetery &#8211; 3. Like Me &#8211; 4. Chinese Food Part II &#8211; 5. Oceans In My Ears &#8211; 6. Dogs&#8217; Ears Are Stupid &#8211; 7. Australia \/ The Sleepwalker Bites Herself In French &#8211; 8. European Trains &#8211; 9. No Beethoven &#8211; 10. Dancing Partners (bonus track)<\/p>\n","protected":false},"excerpt":{"rendered":"<p>Originalmente editado solo en cassette en 1983, \u00abDogs&#8217; Ears Are Stupid\u00bb, a cargo del tr\u00edo de Chicago Care of the Cow es una fascinante mezcla de folk psicod\u00e9lico,<a class=\"read\" href=\"https:\/\/wpguerssen-test.odoo.rgbconsulting.com\/es\/producto\/dogs-ears-are-stupid-cd\/\"> (...)<\/a>","protected":false},"featured_media":124143,"template":"","meta":{"_acf_changed":false},"product_brand":[],"product_cat":[21688,23235],"product_tag":[29138],"class_list":{"0":"post-188921","1":"product","2":"type-product","3":"status-publish","4":"has-post-thumbnail","6":"product_cat-psychedelic80s-90s-es","7":"product_cat-post-punk-es","8":"product_tag-cd-es","9":"pa_artist-care-of-the-cow-es","10":"pa_format-cd-2-es","11":"pa_gender-psychedelic80s-90s-post-punk","12":"pa_label-mental-experience-es","13":"pa_location-north-america-es","15":"first","16":"instock","17":"taxable","18":"shipping-taxable","19":"purchasable","20":"product-type-simple"},"acf":[],"yoast_head":"<!-- This site is optimized with the Yoast SEO plugin v24.9 - https:\/\/yoast.com\/wordpress\/plugins\/seo\/ -->\n<title>CARE OF THE COW - Dogs&#039; Ears Are Stupid (CD) -  (CD) | Guerssen<\/title>\n<meta name=\"description\" content=\"Originally released only on cassette in 1983, &quot;Dogs&#039; Ears Are Stupid&quot; by Chicago trio Care of the Cow is a fascinating blend of psychedelic folk, minimal electronics and post-punk weirdness. Acid fuzz guitar, incredible vocal harmonies, drum machines, analogue synths... #nl# One of Chicago&#039;s best kept secrets, Care of the Cow&#039;s history goes back to 1974. A trio formed by Victor Sanders, X Baczewska and Sher Doruff, they had a very unique and eclectic sound, experimental yet very melodic, mixing psychedelic folk-rock with art-rock and DIY \/ post-punk. Their influences were very diverse: Beatles, Fripp, Eno, Joni Mitchell, Carla Bley, Pauline Oliveros, Eric Dolphy... #nl# Care of the Cow debuted in 1975 with a 10&quot; followed by their first LP album in 1981. By 1983, the band was adding drum machines and synths to their sound, highlighted by Victor&#039;s amazing guitar playing and X &amp; Sher&#039;s perfectly blended vocal harmonies, resulting in &quot;Dogs&#039; Ears Are Stupid&quot;, the second Care of the Cow album, released only as a tiny cassette edition in 1983. #nl# For us, this is a lost gem from the &#039;80s underground which really deserved a LP\/CD reissue. Here it is, done in collaboration with Steve Krakow of Plastic Crimewave \/ Galactic Zoo fame. #nl# &quot;Experimental folk-rock music into minimal synth depths. What a gem!&quot;-Archaic Inventions #nl# &quot;An absolute unique psych\/folk\/new music\/post-punk blend. Strongly recommended to all open-minded listeners&quot; -Tony Coulter (WFMU) #nl# *First ever LP \/ CD reissue #nl# *Remastered from the master tapes #nl# *Booklet with liner notes by Steve Krakow (Plastic Crimewave) and photos #nl# *One previously unreleased bonus track. #nl# Tracklist: 1. Chinese Food Part I - 2. Cemetery - 3. Like Me - 4. Chinese Food Part II - 5. Oceans In My Ears - 6. Dogs&#039; Ears Are Stupid - 7. Australia \/ The Sleepwalker Bites Herself In French - 8. European Trains - 9. No Beethoven - 10. Dancing Partners (bonus track)\" \/>\n<meta name=\"robots\" content=\"index, follow, max-snippet:-1, max-image-preview:large, max-video-preview:-1\" \/>\n<link rel=\"canonical\" href=\"https:\/\/wpguerssen-test.odoo.rgbconsulting.com\/es\/producto\/dogs-ears-are-stupid-cd\/\" \/>\n<meta property=\"og:locale\" content=\"es_ES\" \/>\n<meta property=\"og:type\" content=\"article\" \/>\n<meta property=\"og:title\" content=\"CARE OF THE COW - Dogs&#039; Ears Are Stupid (CD) -  (CD) | Guerssen\" \/>\n<meta property=\"og:description\" content=\"Originally released only on cassette in 1983, &quot;Dogs&#039; Ears Are Stupid&quot; by Chicago trio Care of the Cow is a fascinating blend of psychedelic folk, minimal electronics and post-punk weirdness. Acid fuzz guitar, incredible vocal harmonies, drum machines, analogue synths... #nl# One of Chicago&#039;s best kept secrets, Care of the Cow&#039;s history goes back to 1974. A trio formed by Victor Sanders, X Baczewska and Sher Doruff, they had a very unique and eclectic sound, experimental yet very melodic, mixing psychedelic folk-rock with art-rock and DIY \/ post-punk. Their influences were very diverse: Beatles, Fripp, Eno, Joni Mitchell, Carla Bley, Pauline Oliveros, Eric Dolphy... #nl# Care of the Cow debuted in 1975 with a 10&quot; followed by their first LP album in 1981. By 1983, the band was adding drum machines and synths to their sound, highlighted by Victor&#039;s amazing guitar playing and X &amp; Sher&#039;s perfectly blended vocal harmonies, resulting in &quot;Dogs&#039; Ears Are Stupid&quot;, the second Care of the Cow album, released only as a tiny cassette edition in 1983. #nl# For us, this is a lost gem from the &#039;80s underground which really deserved a LP\/CD reissue. Here it is, done in collaboration with Steve Krakow of Plastic Crimewave \/ Galactic Zoo fame. #nl# &quot;Experimental folk-rock music into minimal synth depths. What a gem!&quot;-Archaic Inventions #nl# &quot;An absolute unique psych\/folk\/new music\/post-punk blend. Strongly recommended to all open-minded listeners&quot; -Tony Coulter (WFMU) #nl# *First ever LP \/ CD reissue #nl# *Remastered from the master tapes #nl# *Booklet with liner notes by Steve Krakow (Plastic Crimewave) and photos #nl# *One previously unreleased bonus track. #nl# Tracklist: 1. Chinese Food Part I - 2. Cemetery - 3. Like Me - 4. Chinese Food Part II - 5. Oceans In My Ears - 6. Dogs&#039; Ears Are Stupid - 7. Australia \/ The Sleepwalker Bites Herself In French - 8. European Trains - 9. No Beethoven - 10. Dancing Partners (bonus track)\" \/>\n<meta property=\"og:url\" content=\"https:\/\/wpguerssen-test.odoo.rgbconsulting.com\/es\/producto\/dogs-ears-are-stupid-cd\/\" \/>\n<meta property=\"og:site_name\" content=\"Guerssen records\" \/>\n<meta property=\"article:modified_time\" content=\"2025-02-10T12:58:23+00:00\" \/>\n<meta property=\"og:image\" content=\"https:\/\/wpguerssen-test.odoo.rgbconsulting.com\/wp-content\/uploads\/2022\/03\/33909-scaled.jpg\" \/>\n\t<meta property=\"og:image:width\" content=\"2560\" \/>\n\t<meta property=\"og:image:height\" content=\"2560\" \/>\n\t<meta property=\"og:image:type\" content=\"image\/jpeg\" \/>\n<meta name=\"twitter:card\" content=\"summary_large_image\" \/>\n<meta name=\"twitter:title\" content=\"CARE OF THE COW - Dogs&#039; Ears Are Stupid (CD) -  (CD) | Guerssen\" \/>\n<meta name=\"twitter:label1\" content=\"Tiempo de lectura\" \/>\n\t<meta name=\"twitter:data1\" content=\"2 minutos\" \/>\n<script type=\"application\/ld+json\" class=\"yoast-schema-graph\">{\"@context\":\"https:\/\/schema.org\",\"@graph\":[{\"@type\":\"WebPage\",\"@id\":\"https:\/\/wpguerssen-test.odoo.rgbconsulting.com\/es\/producto\/dogs-ears-are-stupid-cd\/\",\"url\":\"https:\/\/wpguerssen-test.odoo.rgbconsulting.com\/es\/producto\/dogs-ears-are-stupid-cd\/\",\"name\":\"CARE OF THE COW - Dogs' Ears Are Stupid (CD) - (CD) | Guerssen\",\"isPartOf\":{\"@id\":\"https:\/\/wpguerssen-test.odoo.rgbconsulting.com\/es\/#website\"},\"primaryImageOfPage\":{\"@id\":\"https:\/\/wpguerssen-test.odoo.rgbconsulting.com\/es\/producto\/dogs-ears-are-stupid-cd\/#primaryimage\"},\"image\":{\"@id\":\"https:\/\/wpguerssen-test.odoo.rgbconsulting.com\/es\/producto\/dogs-ears-are-stupid-cd\/#primaryimage\"},\"thumbnailUrl\":\"https:\/\/wpguerssen-test.odoo.rgbconsulting.com\/wp-content\/uploads\/2022\/03\/33909-scaled.jpg\",\"datePublished\":\"2019-03-20T23:00:00+00:00\",\"dateModified\":\"2025-02-10T12:58:23+00:00\",\"description\":\"Originally released only on cassette in 1983, \\\"Dogs' Ears Are Stupid\\\" by Chicago trio Care of the Cow is a fascinating blend of psychedelic folk, minimal electronics and post-punk weirdness. Acid fuzz guitar, incredible vocal harmonies, drum machines, analogue synths... #nl# One of Chicago's best kept secrets, Care of the Cow's history goes back to 1974. A trio formed by Victor Sanders, X Baczewska and Sher Doruff, they had a very unique and eclectic sound, experimental yet very melodic, mixing psychedelic folk-rock with art-rock and DIY \/ post-punk. Their influences were very diverse: Beatles, Fripp, Eno, Joni Mitchell, Carla Bley, Pauline Oliveros, Eric Dolphy... #nl# Care of the Cow debuted in 1975 with a 10\\\" followed by their first LP album in 1981. By 1983, the band was adding drum machines and synths to their sound, highlighted by Victor's amazing guitar playing and X & Sher's perfectly blended vocal harmonies, resulting in \\\"Dogs' Ears Are Stupid\\\", the second Care of the Cow album, released only as a tiny cassette edition in 1983. #nl# For us, this is a lost gem from the '80s underground which really deserved a LP\/CD reissue. Here it is, done in collaboration with Steve Krakow of Plastic Crimewave \/ Galactic Zoo fame. #nl# \\\"Experimental folk-rock music into minimal synth depths. What a gem!\\\"-Archaic Inventions #nl# \\\"An absolute unique psych\/folk\/new music\/post-punk blend. Strongly recommended to all open-minded listeners\\\" -Tony Coulter (WFMU) #nl# *First ever LP \/ CD reissue #nl# *Remastered from the master tapes #nl# *Booklet with liner notes by Steve Krakow (Plastic Crimewave) and photos #nl# *One previously unreleased bonus track. #nl# Tracklist: 1. Chinese Food Part I - 2. Cemetery - 3. Like Me - 4. Chinese Food Part II - 5. Oceans In My Ears - 6. Dogs' Ears Are Stupid - 7. Australia \/ The Sleepwalker Bites Herself In French - 8. European Trains - 9. No Beethoven - 10. Dancing Partners (bonus track)\",\"breadcrumb\":{\"@id\":\"https:\/\/wpguerssen-test.odoo.rgbconsulting.com\/es\/producto\/dogs-ears-are-stupid-cd\/#breadcrumb\"},\"inLanguage\":\"es\",\"potentialAction\":[{\"@type\":\"ReadAction\",\"target\":[\"https:\/\/wpguerssen-test.odoo.rgbconsulting.com\/es\/producto\/dogs-ears-are-stupid-cd\/\"]}]},{\"@type\":\"ImageObject\",\"inLanguage\":\"es\",\"@id\":\"https:\/\/wpguerssen-test.odoo.rgbconsulting.com\/es\/producto\/dogs-ears-are-stupid-cd\/#primaryimage\",\"url\":\"https:\/\/wpguerssen-test.odoo.rgbconsulting.com\/wp-content\/uploads\/2022\/03\/33909-scaled.jpg\",\"contentUrl\":\"https:\/\/wpguerssen-test.odoo.rgbconsulting.com\/wp-content\/uploads\/2022\/03\/33909-scaled.jpg\",\"width\":2560,\"height\":2560,\"caption\":\"CARE OF THE COW - Dogs' Ears Are Stupid (CD) - MENTAL EXPERIENCE (CD) | Guerssen\"},{\"@type\":\"BreadcrumbList\",\"@id\":\"https:\/\/wpguerssen-test.odoo.rgbconsulting.com\/es\/producto\/dogs-ears-are-stupid-cd\/#breadcrumb\",\"itemListElement\":[{\"@type\":\"ListItem\",\"position\":1,\"name\":\"Inicio\",\"item\":\"https:\/\/wpguerssen-test.odoo.rgbconsulting.com\/es\/\"},{\"@type\":\"ListItem\",\"position\":2,\"name\":\"Shop\",\"item\":\"https:\/\/wpguerssen-test.odoo.rgbconsulting.com\/shop\/\"},{\"@type\":\"ListItem\",\"position\":3,\"name\":\"Dogs&#8217; Ears Are Stupid (CD)\"}]},{\"@type\":\"WebSite\",\"@id\":\"https:\/\/wpguerssen-test.odoo.rgbconsulting.com\/es\/#website\",\"url\":\"https:\/\/wpguerssen-test.odoo.rgbconsulting.com\/es\/\",\"name\":\"Guerssen records\",\"description\":\"psychedelia - progressive - folk - garage \",\"publisher\":{\"@id\":\"https:\/\/wpguerssen-test.odoo.rgbconsulting.com\/es\/#organization\"},\"potentialAction\":[{\"@type\":\"SearchAction\",\"target\":{\"@type\":\"EntryPoint\",\"urlTemplate\":\"https:\/\/wpguerssen-test.odoo.rgbconsulting.com\/es\/?s={search_term_string}\"},\"query-input\":{\"@type\":\"PropertyValueSpecification\",\"valueRequired\":true,\"valueName\":\"search_term_string\"}}],\"inLanguage\":\"es\"},{\"@type\":\"Organization\",\"@id\":\"https:\/\/wpguerssen-test.odoo.rgbconsulting.com\/es\/#organization\",\"name\":\"Guerssen records\",\"url\":\"https:\/\/wpguerssen-test.odoo.rgbconsulting.com\/es\/\",\"logo\":{\"@type\":\"ImageObject\",\"inLanguage\":\"es\",\"@id\":\"https:\/\/wpguerssen-test.odoo.rgbconsulting.com\/es\/#\/schema\/logo\/image\/\",\"url\":\"https:\/\/wpguerssen-test.odoo.rgbconsulting.com\/wp-content\/uploads\/2022\/04\/Logo_Guerssen_trans_100.png\",\"contentUrl\":\"https:\/\/wpguerssen-test.odoo.rgbconsulting.com\/wp-content\/uploads\/2022\/04\/Logo_Guerssen_trans_100.png\",\"width\":122,\"height\":100,\"caption\":\"Guerssen records\"},\"image\":{\"@id\":\"https:\/\/wpguerssen-test.odoo.rgbconsulting.com\/es\/#\/schema\/logo\/image\/\"}}]}<\/script>\n<!-- \/ Yoast SEO plugin. -->","yoast_head_json":{"title":"CARE OF THE COW - Dogs' Ears Are Stupid (CD) -  (CD) | Guerssen","description":"Originally released only on cassette in 1983, \"Dogs' Ears Are Stupid\" by Chicago trio Care of the Cow is a fascinating blend of psychedelic folk, minimal electronics and post-punk weirdness. Acid fuzz guitar, incredible vocal harmonies, drum machines, analogue synths... #nl# One of Chicago's best kept secrets, Care of the Cow's history goes back to 1974. A trio formed by Victor Sanders, X Baczewska and Sher Doruff, they had a very unique and eclectic sound, experimental yet very melodic, mixing psychedelic folk-rock with art-rock and DIY \/ post-punk. Their influences were very diverse: Beatles, Fripp, Eno, Joni Mitchell, Carla Bley, Pauline Oliveros, Eric Dolphy... #nl# Care of the Cow debuted in 1975 with a 10\" followed by their first LP album in 1981. By 1983, the band was adding drum machines and synths to their sound, highlighted by Victor's amazing guitar playing and X & Sher's perfectly blended vocal harmonies, resulting in \"Dogs' Ears Are Stupid\", the second Care of the Cow album, released only as a tiny cassette edition in 1983. #nl# For us, this is a lost gem from the '80s underground which really deserved a LP\/CD reissue. Here it is, done in collaboration with Steve Krakow of Plastic Crimewave \/ Galactic Zoo fame. #nl# \"Experimental folk-rock music into minimal synth depths. What a gem!\"-Archaic Inventions #nl# \"An absolute unique psych\/folk\/new music\/post-punk blend. Strongly recommended to all open-minded listeners\" -Tony Coulter (WFMU) #nl# *First ever LP \/ CD reissue #nl# *Remastered from the master tapes #nl# *Booklet with liner notes by Steve Krakow (Plastic Crimewave) and photos #nl# *One previously unreleased bonus track. #nl# Tracklist: 1. Chinese Food Part I - 2. Cemetery - 3. Like Me - 4. Chinese Food Part II - 5. Oceans In My Ears - 6. Dogs' Ears Are Stupid - 7. Australia \/ The Sleepwalker Bites Herself In French - 8. European Trains - 9. No Beethoven - 10. Dancing Partners (bonus track)","robots":{"index":"index","follow":"follow","max-snippet":"max-snippet:-1","max-image-preview":"max-image-preview:large","max-video-preview":"max-video-preview:-1"},"canonical":"https:\/\/wpguerssen-test.odoo.rgbconsulting.com\/es\/producto\/dogs-ears-are-stupid-cd\/","og_locale":"es_ES","og_type":"article","og_title":"CARE OF THE COW - Dogs' Ears Are Stupid (CD) -  (CD) | Guerssen","og_description":"Originally released only on cassette in 1983, \"Dogs' Ears Are Stupid\" by Chicago trio Care of the Cow is a fascinating blend of psychedelic folk, minimal electronics and post-punk weirdness. Acid fuzz guitar, incredible vocal harmonies, drum machines, analogue synths... #nl# One of Chicago's best kept secrets, Care of the Cow's history goes back to 1974. A trio formed by Victor Sanders, X Baczewska and Sher Doruff, they had a very unique and eclectic sound, experimental yet very melodic, mixing psychedelic folk-rock with art-rock and DIY \/ post-punk. Their influences were very diverse: Beatles, Fripp, Eno, Joni Mitchell, Carla Bley, Pauline Oliveros, Eric Dolphy... #nl# Care of the Cow debuted in 1975 with a 10\" followed by their first LP album in 1981. By 1983, the band was adding drum machines and synths to their sound, highlighted by Victor's amazing guitar playing and X & Sher's perfectly blended vocal harmonies, resulting in \"Dogs' Ears Are Stupid\", the second Care of the Cow album, released only as a tiny cassette edition in 1983. #nl# For us, this is a lost gem from the '80s underground which really deserved a LP\/CD reissue. Here it is, done in collaboration with Steve Krakow of Plastic Crimewave \/ Galactic Zoo fame. #nl# \"Experimental folk-rock music into minimal synth depths. What a gem!\"-Archaic Inventions #nl# \"An absolute unique psych\/folk\/new music\/post-punk blend. Strongly recommended to all open-minded listeners\" -Tony Coulter (WFMU) #nl# *First ever LP \/ CD reissue #nl# *Remastered from the master tapes #nl# *Booklet with liner notes by Steve Krakow (Plastic Crimewave) and photos #nl# *One previously unreleased bonus track. #nl# Tracklist: 1. Chinese Food Part I - 2. Cemetery - 3. Like Me - 4. Chinese Food Part II - 5. Oceans In My Ears - 6. Dogs' Ears Are Stupid - 7. Australia \/ The Sleepwalker Bites Herself In French - 8. European Trains - 9. No Beethoven - 10. Dancing Partners (bonus track)","og_url":"https:\/\/wpguerssen-test.odoo.rgbconsulting.com\/es\/producto\/dogs-ears-are-stupid-cd\/","og_site_name":"Guerssen records","article_modified_time":"2025-02-10T12:58:23+00:00","og_image":[{"width":2560,"height":2560,"url":"https:\/\/wpguerssen-test.odoo.rgbconsulting.com\/wp-content\/uploads\/2022\/03\/33909-scaled.jpg","type":"image\/jpeg"}],"twitter_card":"summary_large_image","twitter_title":"CARE OF THE COW - Dogs' Ears Are Stupid (CD) -  (CD) | Guerssen","twitter_misc":{"Tiempo de lectura":"2 minutos"},"schema":{"@context":"https:\/\/schema.org","@graph":[{"@type":"WebPage","@id":"https:\/\/wpguerssen-test.odoo.rgbconsulting.com\/es\/producto\/dogs-ears-are-stupid-cd\/","url":"https:\/\/wpguerssen-test.odoo.rgbconsulting.com\/es\/producto\/dogs-ears-are-stupid-cd\/","name":"CARE OF THE COW - Dogs' Ears Are Stupid (CD) - (CD) | Guerssen","isPartOf":{"@id":"https:\/\/wpguerssen-test.odoo.rgbconsulting.com\/es\/#website"},"primaryImageOfPage":{"@id":"https:\/\/wpguerssen-test.odoo.rgbconsulting.com\/es\/producto\/dogs-ears-are-stupid-cd\/#primaryimage"},"image":{"@id":"https:\/\/wpguerssen-test.odoo.rgbconsulting.com\/es\/producto\/dogs-ears-are-stupid-cd\/#primaryimage"},"thumbnailUrl":"https:\/\/wpguerssen-test.odoo.rgbconsulting.com\/wp-content\/uploads\/2022\/03\/33909-scaled.jpg","datePublished":"2019-03-20T23:00:00+00:00","dateModified":"2025-02-10T12:58:23+00:00","description":"Originally released only on cassette in 1983, \"Dogs' Ears Are Stupid\" by Chicago trio Care of the Cow is a fascinating blend of psychedelic folk, minimal electronics and post-punk weirdness. Acid fuzz guitar, incredible vocal harmonies, drum machines, analogue synths... #nl# One of Chicago's best kept secrets, Care of the Cow's history goes back to 1974. A trio formed by Victor Sanders, X Baczewska and Sher Doruff, they had a very unique and eclectic sound, experimental yet very melodic, mixing psychedelic folk-rock with art-rock and DIY \/ post-punk. Their influences were very diverse: Beatles, Fripp, Eno, Joni Mitchell, Carla Bley, Pauline Oliveros, Eric Dolphy... #nl# Care of the Cow debuted in 1975 with a 10\" followed by their first LP album in 1981. By 1983, the band was adding drum machines and synths to their sound, highlighted by Victor's amazing guitar playing and X & Sher's perfectly blended vocal harmonies, resulting in \"Dogs' Ears Are Stupid\", the second Care of the Cow album, released only as a tiny cassette edition in 1983. #nl# For us, this is a lost gem from the '80s underground which really deserved a LP\/CD reissue. Here it is, done in collaboration with Steve Krakow of Plastic Crimewave \/ Galactic Zoo fame. #nl# \"Experimental folk-rock music into minimal synth depths. What a gem!\"-Archaic Inventions #nl# \"An absolute unique psych\/folk\/new music\/post-punk blend. Strongly recommended to all open-minded listeners\" -Tony Coulter (WFMU) #nl# *First ever LP \/ CD reissue #nl# *Remastered from the master tapes #nl# *Booklet with liner notes by Steve Krakow (Plastic Crimewave) and photos #nl# *One previously unreleased bonus track. #nl# Tracklist: 1. Chinese Food Part I - 2. Cemetery - 3. Like Me - 4. Chinese Food Part II - 5. Oceans In My Ears - 6. Dogs' Ears Are Stupid - 7. Australia \/ The Sleepwalker Bites Herself In French - 8. European Trains - 9. No Beethoven - 10. Dancing Partners (bonus track)","breadcrumb":{"@id":"https:\/\/wpguerssen-test.odoo.rgbconsulting.com\/es\/producto\/dogs-ears-are-stupid-cd\/#breadcrumb"},"inLanguage":"es","potentialAction":[{"@type":"ReadAction","target":["https:\/\/wpguerssen-test.odoo.rgbconsulting.com\/es\/producto\/dogs-ears-are-stupid-cd\/"]}]},{"@type":"ImageObject","inLanguage":"es","@id":"https:\/\/wpguerssen-test.odoo.rgbconsulting.com\/es\/producto\/dogs-ears-are-stupid-cd\/#primaryimage","url":"https:\/\/wpguerssen-test.odoo.rgbconsulting.com\/wp-content\/uploads\/2022\/03\/33909-scaled.jpg","contentUrl":"https:\/\/wpguerssen-test.odoo.rgbconsulting.com\/wp-content\/uploads\/2022\/03\/33909-scaled.jpg","width":2560,"height":2560,"caption":"CARE OF THE COW - Dogs' Ears Are Stupid (CD) - MENTAL EXPERIENCE (CD) | Guerssen"},{"@type":"BreadcrumbList","@id":"https:\/\/wpguerssen-test.odoo.rgbconsulting.com\/es\/producto\/dogs-ears-are-stupid-cd\/#breadcrumb","itemListElement":[{"@type":"ListItem","position":1,"name":"Inicio","item":"https:\/\/wpguerssen-test.odoo.rgbconsulting.com\/es\/"},{"@type":"ListItem","position":2,"name":"Shop","item":"https:\/\/wpguerssen-test.odoo.rgbconsulting.com\/shop\/"},{"@type":"ListItem","position":3,"name":"Dogs&#8217; Ears Are Stupid (CD)"}]},{"@type":"WebSite","@id":"https:\/\/wpguerssen-test.odoo.rgbconsulting.com\/es\/#website","url":"https:\/\/wpguerssen-test.odoo.rgbconsulting.com\/es\/","name":"Guerssen records","description":"psychedelia - progressive - folk - garage ","publisher":{"@id":"https:\/\/wpguerssen-test.odoo.rgbconsulting.com\/es\/#organization"},"potentialAction":[{"@type":"SearchAction","target":{"@type":"EntryPoint","urlTemplate":"https:\/\/wpguerssen-test.odoo.rgbconsulting.com\/es\/?s={search_term_string}"},"query-input":{"@type":"PropertyValueSpecification","valueRequired":true,"valueName":"search_term_string"}}],"inLanguage":"es"},{"@type":"Organization","@id":"https:\/\/wpguerssen-test.odoo.rgbconsulting.com\/es\/#organization","name":"Guerssen records","url":"https:\/\/wpguerssen-test.odoo.rgbconsulting.com\/es\/","logo":{"@type":"ImageObject","inLanguage":"es","@id":"https:\/\/wpguerssen-test.odoo.rgbconsulting.com\/es\/#\/schema\/logo\/image\/","url":"https:\/\/wpguerssen-test.odoo.rgbconsulting.com\/wp-content\/uploads\/2022\/04\/Logo_Guerssen_trans_100.png","contentUrl":"https:\/\/wpguerssen-test.odoo.rgbconsulting.com\/wp-content\/uploads\/2022\/04\/Logo_Guerssen_trans_100.png","width":122,"height":100,"caption":"Guerssen records"},"image":{"@id":"https:\/\/wpguerssen-test.odoo.rgbconsulting.com\/es\/#\/schema\/logo\/image\/"}}]}},"_links":{"self":[{"href":"https:\/\/wpguerssen-test.odoo.rgbconsulting.com\/es\/wp-json\/wp\/v2\/product\/188921","targetHints":{"allow":["GET"]}}],"collection":[{"href":"https:\/\/wpguerssen-test.odoo.rgbconsulting.com\/es\/wp-json\/wp\/v2\/product"}],"about":[{"href":"https:\/\/wpguerssen-test.odoo.rgbconsulting.com\/es\/wp-json\/wp\/v2\/types\/product"}],"wp:featuredmedia":[{"embeddable":true,"href":"https:\/\/wpguerssen-test.odoo.rgbconsulting.com\/es\/wp-json\/wp\/v2\/media\/124143"}],"wp:attachment":[{"href":"https:\/\/wpguerssen-test.odoo.rgbconsulting.com\/es\/wp-json\/wp\/v2\/media?parent=188921"}],"wp:term":[{"taxonomy":"product_brand","embeddable":true,"href":"https:\/\/wpguerssen-test.odoo.rgbconsulting.com\/es\/wp-json\/wp\/v2\/product_brand?post=188921"},{"taxonomy":"product_cat","embeddable":true,"href":"https:\/\/wpguerssen-test.odoo.rgbconsulting.com\/es\/wp-json\/wp\/v2\/product_cat?post=188921"},{"taxonomy":"product_tag","embeddable":true,"href":"https:\/\/wpguerssen-test.odoo.rgbconsulting.com\/es\/wp-json\/wp\/v2\/product_tag?post=188921"}],"curies":[{"name":"wp","href":"https:\/\/api.w.org\/{rel}","templated":true}]}}