{"id":189009,"date":"2019-07-22T00:00:00","date_gmt":"2019-07-21T22:00:00","guid":{"rendered":"http:\/\/guerssen.hl1097.dinaserver.com\/product\/circus-days-a-collection-of-demos-1967-69\/"},"modified":"2025-03-24T17:29:04","modified_gmt":"2025-03-24T16:29:04","slug":"circus-days-a-collection-of-demos-1967-69","status":"publish","type":"product","link":"https:\/\/wpguerssen-test.odoo.rgbconsulting.com\/es\/producto\/circus-days-a-collection-of-demos-1967-69\/","title":{"rendered":"Circus Days: A Collection of Demos 1967-69"},"content":{"rendered":"<p>Tercer volumen con material in\u00e9dito de este fabuloso grupo brit\u00e1nico psicod\u00e9lico liderado por Peter Dunton (The Flies, T2, Gun, Neon Pearl&#8230;). Recomendado si te gustan Blossom Toes, Forever Amber, Tomorrow, July, Zombies&#8230;<\/p>\n","protected":false},"excerpt":{"rendered":"<p>Tercer volumen con material in\u00e9dito de este fabuloso grupo brit\u00e1nico psicod\u00e9lico liderado por Peter Dunton (The Flies, T2, Gun, Neon Pearl&#8230;). Recomendado<a class=\"read\" href=\"https:\/\/wpguerssen-test.odoo.rgbconsulting.com\/es\/producto\/circus-days-a-collection-of-demos-1967-69\/\"> (...)<\/a>","protected":false},"featured_media":124363,"template":"","meta":{"_acf_changed":false},"product_brand":[],"product_cat":[21639],"product_tag":[],"class_list":{"0":"post-189009","1":"product","2":"type-product","3":"status-publish","4":"has-post-thumbnail","6":"product_cat-psychedelic60s-70s-es","7":"pa_artist-please-es","8":"pa_format-lp-es","9":"pa_gender-psychedelic60s-70s","10":"pa_label-acme","11":"pa_location-uk-ireland-es","12":"pa_other-filters-vinyl-only-es","14":"first","15":"instock","16":"taxable","17":"shipping-taxable","18":"purchasable","19":"product-type-simple"},"acf":[],"yoast_head":"<!-- This site is optimized with the Yoast SEO plugin v24.9 - https:\/\/yoast.com\/wordpress\/plugins\/seo\/ -->\n<title>PLEASE - Circus Days: A Collection of Demos 1967-69 -  (LP) | Guerssen<\/title>\n<meta name=\"description\" content=\"Companion to two other superb albums of unreleased music by Please, &quot;1968-1969&quot; and &quot;Seeing Stars&quot; #nl# Includes the original demo version of &#039;Morning,&#039; later to appear on T2&#039;s famous and fabulous &quot;It&#039;ll All Work Out in Boomland&quot; album #nl# Import edition limited to 250x copies #nl# A third collection of previously unreleased recordings by this late 1960&#039;s British psychedelic band fronted by Peter Dunton, who went on to form the legendary band T2. Dunton was a key figure in UK psychedelia, founding or playing a key role in many important bands. In brief, here&#039;s Dunton&#039;s pedigree: Neon Pearl (1967), Please (1967) and (1969), Flies (1968), Gun (1969), T2 (1969-1972), and Infinity (1969-70). #nl# This release follows on from two other superb albums of unreleased music by Please, &quot;1968-1969&quot; and &quot;Seeing Stars&quot;. The music on &quot;Circus Days&quot; can easily be filed next to that of contemporary bands like Blossom Toes, Forever Amber, Tomorrow, July, and an album which is now lauded as one of the best of the era, &quot;Odessey And Oracle&quot; by The Zombies. &quot;Circus Days&quot; contains such highlights as the original 1969 demo version of &#039;Morning,&#039; later to appear on T2&#039;s fabulous &quot;It&#039;ll All Work Out in Boomland&quot; album. There are also some earlier demos including the classic &#039;Gently As You Feel&#039; and &#039;To Dream.&#039; a track that features additional female vocals. &quot;Circus Days&quot; also includes other previously unissued gems that will fit very well next to your collection of Please, Neon Pearl and T2 records!\" \/>\n<meta name=\"robots\" content=\"index, follow, max-snippet:-1, max-image-preview:large, max-video-preview:-1\" \/>\n<link rel=\"canonical\" href=\"https:\/\/wpguerssen-test.odoo.rgbconsulting.com\/es\/producto\/circus-days-a-collection-of-demos-1967-69\/\" \/>\n<meta property=\"og:locale\" content=\"es_ES\" \/>\n<meta property=\"og:type\" content=\"article\" \/>\n<meta property=\"og:title\" content=\"PLEASE - Circus Days: A Collection of Demos 1967-69 -  (LP) | Guerssen\" \/>\n<meta property=\"og:description\" content=\"Companion to two other superb albums of unreleased music by Please, &quot;1968-1969&quot; and &quot;Seeing Stars&quot; #nl# Includes the original demo version of &#039;Morning,&#039; later to appear on T2&#039;s famous and fabulous &quot;It&#039;ll All Work Out in Boomland&quot; album #nl# Import edition limited to 250x copies #nl# A third collection of previously unreleased recordings by this late 1960&#039;s British psychedelic band fronted by Peter Dunton, who went on to form the legendary band T2. Dunton was a key figure in UK psychedelia, founding or playing a key role in many important bands. In brief, here&#039;s Dunton&#039;s pedigree: Neon Pearl (1967), Please (1967) and (1969), Flies (1968), Gun (1969), T2 (1969-1972), and Infinity (1969-70). #nl# This release follows on from two other superb albums of unreleased music by Please, &quot;1968-1969&quot; and &quot;Seeing Stars&quot;. The music on &quot;Circus Days&quot; can easily be filed next to that of contemporary bands like Blossom Toes, Forever Amber, Tomorrow, July, and an album which is now lauded as one of the best of the era, &quot;Odessey And Oracle&quot; by The Zombies. &quot;Circus Days&quot; contains such highlights as the original 1969 demo version of &#039;Morning,&#039; later to appear on T2&#039;s fabulous &quot;It&#039;ll All Work Out in Boomland&quot; album. There are also some earlier demos including the classic &#039;Gently As You Feel&#039; and &#039;To Dream.&#039; a track that features additional female vocals. &quot;Circus Days&quot; also includes other previously unissued gems that will fit very well next to your collection of Please, Neon Pearl and T2 records!\" \/>\n<meta property=\"og:url\" content=\"https:\/\/wpguerssen-test.odoo.rgbconsulting.com\/es\/producto\/circus-days-a-collection-of-demos-1967-69\/\" \/>\n<meta property=\"og:site_name\" content=\"Guerssen records\" \/>\n<meta property=\"article:modified_time\" content=\"2025-03-24T16:29:04+00:00\" \/>\n<meta property=\"og:image\" content=\"https:\/\/wpguerssen-test.odoo.rgbconsulting.com\/wp-content\/uploads\/2022\/03\/34152.jpg\" \/>\n\t<meta property=\"og:image:width\" content=\"302\" \/>\n\t<meta property=\"og:image:height\" content=\"302\" \/>\n\t<meta property=\"og:image:type\" content=\"image\/jpeg\" \/>\n<meta name=\"twitter:card\" content=\"summary_large_image\" \/>\n<meta name=\"twitter:title\" content=\"PLEASE - Circus Days: A Collection of Demos 1967-69 -  (LP) | Guerssen\" \/>\n<script type=\"application\/ld+json\" class=\"yoast-schema-graph\">{\"@context\":\"https:\/\/schema.org\",\"@graph\":[{\"@type\":\"WebPage\",\"@id\":\"https:\/\/wpguerssen-test.odoo.rgbconsulting.com\/es\/producto\/circus-days-a-collection-of-demos-1967-69\/\",\"url\":\"https:\/\/wpguerssen-test.odoo.rgbconsulting.com\/es\/producto\/circus-days-a-collection-of-demos-1967-69\/\",\"name\":\"PLEASE - Circus Days: A Collection of Demos 1967-69 - (LP) | Guerssen\",\"isPartOf\":{\"@id\":\"https:\/\/wpguerssen-test.odoo.rgbconsulting.com\/es\/#website\"},\"primaryImageOfPage\":{\"@id\":\"https:\/\/wpguerssen-test.odoo.rgbconsulting.com\/es\/producto\/circus-days-a-collection-of-demos-1967-69\/#primaryimage\"},\"image\":{\"@id\":\"https:\/\/wpguerssen-test.odoo.rgbconsulting.com\/es\/producto\/circus-days-a-collection-of-demos-1967-69\/#primaryimage\"},\"thumbnailUrl\":\"https:\/\/wpguerssen-test.odoo.rgbconsulting.com\/wp-content\/uploads\/2022\/03\/34152.jpg\",\"datePublished\":\"2019-07-21T22:00:00+00:00\",\"dateModified\":\"2025-03-24T16:29:04+00:00\",\"description\":\"Companion to two other superb albums of unreleased music by Please, \\\"1968-1969\\\" and \\\"Seeing Stars\\\" #nl# Includes the original demo version of 'Morning,' later to appear on T2's famous and fabulous \\\"It'll All Work Out in Boomland\\\" album #nl# Import edition limited to 250x copies #nl# A third collection of previously unreleased recordings by this late 1960's British psychedelic band fronted by Peter Dunton, who went on to form the legendary band T2. Dunton was a key figure in UK psychedelia, founding or playing a key role in many important bands. In brief, here's Dunton's pedigree: Neon Pearl (1967), Please (1967) and (1969), Flies (1968), Gun (1969), T2 (1969-1972), and Infinity (1969-70). #nl# This release follows on from two other superb albums of unreleased music by Please, \\\"1968-1969\\\" and \\\"Seeing Stars\\\". The music on \\\"Circus Days\\\" can easily be filed next to that of contemporary bands like Blossom Toes, Forever Amber, Tomorrow, July, and an album which is now lauded as one of the best of the era, \\\"Odessey And Oracle\\\" by The Zombies. \\\"Circus Days\\\" contains such highlights as the original 1969 demo version of 'Morning,' later to appear on T2's fabulous \\\"It'll All Work Out in Boomland\\\" album. There are also some earlier demos including the classic 'Gently As You Feel' and 'To Dream.' a track that features additional female vocals. \\\"Circus Days\\\" also includes other previously unissued gems that will fit very well next to your collection of Please, Neon Pearl and T2 records!\",\"breadcrumb\":{\"@id\":\"https:\/\/wpguerssen-test.odoo.rgbconsulting.com\/es\/producto\/circus-days-a-collection-of-demos-1967-69\/#breadcrumb\"},\"inLanguage\":\"es\",\"potentialAction\":[{\"@type\":\"ReadAction\",\"target\":[\"https:\/\/wpguerssen-test.odoo.rgbconsulting.com\/es\/producto\/circus-days-a-collection-of-demos-1967-69\/\"]}]},{\"@type\":\"ImageObject\",\"inLanguage\":\"es\",\"@id\":\"https:\/\/wpguerssen-test.odoo.rgbconsulting.com\/es\/producto\/circus-days-a-collection-of-demos-1967-69\/#primaryimage\",\"url\":\"https:\/\/wpguerssen-test.odoo.rgbconsulting.com\/wp-content\/uploads\/2022\/03\/34152.jpg\",\"contentUrl\":\"https:\/\/wpguerssen-test.odoo.rgbconsulting.com\/wp-content\/uploads\/2022\/03\/34152.jpg\",\"width\":302,\"height\":302,\"caption\":\"PLEASE - Circus Days: A Collection of Demos 1967-69 - ACME (LP) | Guerssen\"},{\"@type\":\"BreadcrumbList\",\"@id\":\"https:\/\/wpguerssen-test.odoo.rgbconsulting.com\/es\/producto\/circus-days-a-collection-of-demos-1967-69\/#breadcrumb\",\"itemListElement\":[{\"@type\":\"ListItem\",\"position\":1,\"name\":\"Inicio\",\"item\":\"https:\/\/wpguerssen-test.odoo.rgbconsulting.com\/es\/\"},{\"@type\":\"ListItem\",\"position\":2,\"name\":\"Shop\",\"item\":\"https:\/\/wpguerssen-test.odoo.rgbconsulting.com\/shop\/\"},{\"@type\":\"ListItem\",\"position\":3,\"name\":\"Circus Days: A Collection of Demos 1967-69\"}]},{\"@type\":\"WebSite\",\"@id\":\"https:\/\/wpguerssen-test.odoo.rgbconsulting.com\/es\/#website\",\"url\":\"https:\/\/wpguerssen-test.odoo.rgbconsulting.com\/es\/\",\"name\":\"Guerssen records\",\"description\":\"psychedelia - progressive - folk - garage \",\"publisher\":{\"@id\":\"https:\/\/wpguerssen-test.odoo.rgbconsulting.com\/es\/#organization\"},\"potentialAction\":[{\"@type\":\"SearchAction\",\"target\":{\"@type\":\"EntryPoint\",\"urlTemplate\":\"https:\/\/wpguerssen-test.odoo.rgbconsulting.com\/es\/?s={search_term_string}\"},\"query-input\":{\"@type\":\"PropertyValueSpecification\",\"valueRequired\":true,\"valueName\":\"search_term_string\"}}],\"inLanguage\":\"es\"},{\"@type\":\"Organization\",\"@id\":\"https:\/\/wpguerssen-test.odoo.rgbconsulting.com\/es\/#organization\",\"name\":\"Guerssen records\",\"url\":\"https:\/\/wpguerssen-test.odoo.rgbconsulting.com\/es\/\",\"logo\":{\"@type\":\"ImageObject\",\"inLanguage\":\"es\",\"@id\":\"https:\/\/wpguerssen-test.odoo.rgbconsulting.com\/es\/#\/schema\/logo\/image\/\",\"url\":\"https:\/\/wpguerssen-test.odoo.rgbconsulting.com\/wp-content\/uploads\/2022\/04\/Logo_Guerssen_trans_100.png\",\"contentUrl\":\"https:\/\/wpguerssen-test.odoo.rgbconsulting.com\/wp-content\/uploads\/2022\/04\/Logo_Guerssen_trans_100.png\",\"width\":122,\"height\":100,\"caption\":\"Guerssen records\"},\"image\":{\"@id\":\"https:\/\/wpguerssen-test.odoo.rgbconsulting.com\/es\/#\/schema\/logo\/image\/\"}}]}<\/script>\n<!-- \/ Yoast SEO plugin. -->","yoast_head_json":{"title":"PLEASE - Circus Days: A Collection of Demos 1967-69 -  (LP) | Guerssen","description":"Companion to two other superb albums of unreleased music by Please, \"1968-1969\" and \"Seeing Stars\" #nl# Includes the original demo version of 'Morning,' later to appear on T2's famous and fabulous \"It'll All Work Out in Boomland\" album #nl# Import edition limited to 250x copies #nl# A third collection of previously unreleased recordings by this late 1960's British psychedelic band fronted by Peter Dunton, who went on to form the legendary band T2. Dunton was a key figure in UK psychedelia, founding or playing a key role in many important bands. In brief, here's Dunton's pedigree: Neon Pearl (1967), Please (1967) and (1969), Flies (1968), Gun (1969), T2 (1969-1972), and Infinity (1969-70). #nl# This release follows on from two other superb albums of unreleased music by Please, \"1968-1969\" and \"Seeing Stars\". The music on \"Circus Days\" can easily be filed next to that of contemporary bands like Blossom Toes, Forever Amber, Tomorrow, July, and an album which is now lauded as one of the best of the era, \"Odessey And Oracle\" by The Zombies. \"Circus Days\" contains such highlights as the original 1969 demo version of 'Morning,' later to appear on T2's fabulous \"It'll All Work Out in Boomland\" album. There are also some earlier demos including the classic 'Gently As You Feel' and 'To Dream.' a track that features additional female vocals. \"Circus Days\" also includes other previously unissued gems that will fit very well next to your collection of Please, Neon Pearl and T2 records!","robots":{"index":"index","follow":"follow","max-snippet":"max-snippet:-1","max-image-preview":"max-image-preview:large","max-video-preview":"max-video-preview:-1"},"canonical":"https:\/\/wpguerssen-test.odoo.rgbconsulting.com\/es\/producto\/circus-days-a-collection-of-demos-1967-69\/","og_locale":"es_ES","og_type":"article","og_title":"PLEASE - Circus Days: A Collection of Demos 1967-69 -  (LP) | Guerssen","og_description":"Companion to two other superb albums of unreleased music by Please, \"1968-1969\" and \"Seeing Stars\" #nl# Includes the original demo version of 'Morning,' later to appear on T2's famous and fabulous \"It'll All Work Out in Boomland\" album #nl# Import edition limited to 250x copies #nl# A third collection of previously unreleased recordings by this late 1960's British psychedelic band fronted by Peter Dunton, who went on to form the legendary band T2. Dunton was a key figure in UK psychedelia, founding or playing a key role in many important bands. In brief, here's Dunton's pedigree: Neon Pearl (1967), Please (1967) and (1969), Flies (1968), Gun (1969), T2 (1969-1972), and Infinity (1969-70). #nl# This release follows on from two other superb albums of unreleased music by Please, \"1968-1969\" and \"Seeing Stars\". The music on \"Circus Days\" can easily be filed next to that of contemporary bands like Blossom Toes, Forever Amber, Tomorrow, July, and an album which is now lauded as one of the best of the era, \"Odessey And Oracle\" by The Zombies. \"Circus Days\" contains such highlights as the original 1969 demo version of 'Morning,' later to appear on T2's fabulous \"It'll All Work Out in Boomland\" album. There are also some earlier demos including the classic 'Gently As You Feel' and 'To Dream.' a track that features additional female vocals. \"Circus Days\" also includes other previously unissued gems that will fit very well next to your collection of Please, Neon Pearl and T2 records!","og_url":"https:\/\/wpguerssen-test.odoo.rgbconsulting.com\/es\/producto\/circus-days-a-collection-of-demos-1967-69\/","og_site_name":"Guerssen records","article_modified_time":"2025-03-24T16:29:04+00:00","og_image":[{"width":302,"height":302,"url":"https:\/\/wpguerssen-test.odoo.rgbconsulting.com\/wp-content\/uploads\/2022\/03\/34152.jpg","type":"image\/jpeg"}],"twitter_card":"summary_large_image","twitter_title":"PLEASE - Circus Days: A Collection of Demos 1967-69 -  (LP) | Guerssen","schema":{"@context":"https:\/\/schema.org","@graph":[{"@type":"WebPage","@id":"https:\/\/wpguerssen-test.odoo.rgbconsulting.com\/es\/producto\/circus-days-a-collection-of-demos-1967-69\/","url":"https:\/\/wpguerssen-test.odoo.rgbconsulting.com\/es\/producto\/circus-days-a-collection-of-demos-1967-69\/","name":"PLEASE - Circus Days: A Collection of Demos 1967-69 - (LP) | Guerssen","isPartOf":{"@id":"https:\/\/wpguerssen-test.odoo.rgbconsulting.com\/es\/#website"},"primaryImageOfPage":{"@id":"https:\/\/wpguerssen-test.odoo.rgbconsulting.com\/es\/producto\/circus-days-a-collection-of-demos-1967-69\/#primaryimage"},"image":{"@id":"https:\/\/wpguerssen-test.odoo.rgbconsulting.com\/es\/producto\/circus-days-a-collection-of-demos-1967-69\/#primaryimage"},"thumbnailUrl":"https:\/\/wpguerssen-test.odoo.rgbconsulting.com\/wp-content\/uploads\/2022\/03\/34152.jpg","datePublished":"2019-07-21T22:00:00+00:00","dateModified":"2025-03-24T16:29:04+00:00","description":"Companion to two other superb albums of unreleased music by Please, \"1968-1969\" and \"Seeing Stars\" #nl# Includes the original demo version of 'Morning,' later to appear on T2's famous and fabulous \"It'll All Work Out in Boomland\" album #nl# Import edition limited to 250x copies #nl# A third collection of previously unreleased recordings by this late 1960's British psychedelic band fronted by Peter Dunton, who went on to form the legendary band T2. Dunton was a key figure in UK psychedelia, founding or playing a key role in many important bands. In brief, here's Dunton's pedigree: Neon Pearl (1967), Please (1967) and (1969), Flies (1968), Gun (1969), T2 (1969-1972), and Infinity (1969-70). #nl# This release follows on from two other superb albums of unreleased music by Please, \"1968-1969\" and \"Seeing Stars\". The music on \"Circus Days\" can easily be filed next to that of contemporary bands like Blossom Toes, Forever Amber, Tomorrow, July, and an album which is now lauded as one of the best of the era, \"Odessey And Oracle\" by The Zombies. \"Circus Days\" contains such highlights as the original 1969 demo version of 'Morning,' later to appear on T2's fabulous \"It'll All Work Out in Boomland\" album. There are also some earlier demos including the classic 'Gently As You Feel' and 'To Dream.' a track that features additional female vocals. \"Circus Days\" also includes other previously unissued gems that will fit very well next to your collection of Please, Neon Pearl and T2 records!","breadcrumb":{"@id":"https:\/\/wpguerssen-test.odoo.rgbconsulting.com\/es\/producto\/circus-days-a-collection-of-demos-1967-69\/#breadcrumb"},"inLanguage":"es","potentialAction":[{"@type":"ReadAction","target":["https:\/\/wpguerssen-test.odoo.rgbconsulting.com\/es\/producto\/circus-days-a-collection-of-demos-1967-69\/"]}]},{"@type":"ImageObject","inLanguage":"es","@id":"https:\/\/wpguerssen-test.odoo.rgbconsulting.com\/es\/producto\/circus-days-a-collection-of-demos-1967-69\/#primaryimage","url":"https:\/\/wpguerssen-test.odoo.rgbconsulting.com\/wp-content\/uploads\/2022\/03\/34152.jpg","contentUrl":"https:\/\/wpguerssen-test.odoo.rgbconsulting.com\/wp-content\/uploads\/2022\/03\/34152.jpg","width":302,"height":302,"caption":"PLEASE - Circus Days: A Collection of Demos 1967-69 - ACME (LP) | Guerssen"},{"@type":"BreadcrumbList","@id":"https:\/\/wpguerssen-test.odoo.rgbconsulting.com\/es\/producto\/circus-days-a-collection-of-demos-1967-69\/#breadcrumb","itemListElement":[{"@type":"ListItem","position":1,"name":"Inicio","item":"https:\/\/wpguerssen-test.odoo.rgbconsulting.com\/es\/"},{"@type":"ListItem","position":2,"name":"Shop","item":"https:\/\/wpguerssen-test.odoo.rgbconsulting.com\/shop\/"},{"@type":"ListItem","position":3,"name":"Circus Days: A Collection of Demos 1967-69"}]},{"@type":"WebSite","@id":"https:\/\/wpguerssen-test.odoo.rgbconsulting.com\/es\/#website","url":"https:\/\/wpguerssen-test.odoo.rgbconsulting.com\/es\/","name":"Guerssen records","description":"psychedelia - progressive - folk - garage ","publisher":{"@id":"https:\/\/wpguerssen-test.odoo.rgbconsulting.com\/es\/#organization"},"potentialAction":[{"@type":"SearchAction","target":{"@type":"EntryPoint","urlTemplate":"https:\/\/wpguerssen-test.odoo.rgbconsulting.com\/es\/?s={search_term_string}"},"query-input":{"@type":"PropertyValueSpecification","valueRequired":true,"valueName":"search_term_string"}}],"inLanguage":"es"},{"@type":"Organization","@id":"https:\/\/wpguerssen-test.odoo.rgbconsulting.com\/es\/#organization","name":"Guerssen records","url":"https:\/\/wpguerssen-test.odoo.rgbconsulting.com\/es\/","logo":{"@type":"ImageObject","inLanguage":"es","@id":"https:\/\/wpguerssen-test.odoo.rgbconsulting.com\/es\/#\/schema\/logo\/image\/","url":"https:\/\/wpguerssen-test.odoo.rgbconsulting.com\/wp-content\/uploads\/2022\/04\/Logo_Guerssen_trans_100.png","contentUrl":"https:\/\/wpguerssen-test.odoo.rgbconsulting.com\/wp-content\/uploads\/2022\/04\/Logo_Guerssen_trans_100.png","width":122,"height":100,"caption":"Guerssen records"},"image":{"@id":"https:\/\/wpguerssen-test.odoo.rgbconsulting.com\/es\/#\/schema\/logo\/image\/"}}]}},"_links":{"self":[{"href":"https:\/\/wpguerssen-test.odoo.rgbconsulting.com\/es\/wp-json\/wp\/v2\/product\/189009","targetHints":{"allow":["GET"]}}],"collection":[{"href":"https:\/\/wpguerssen-test.odoo.rgbconsulting.com\/es\/wp-json\/wp\/v2\/product"}],"about":[{"href":"https:\/\/wpguerssen-test.odoo.rgbconsulting.com\/es\/wp-json\/wp\/v2\/types\/product"}],"wp:featuredmedia":[{"embeddable":true,"href":"https:\/\/wpguerssen-test.odoo.rgbconsulting.com\/es\/wp-json\/wp\/v2\/media\/124363"}],"wp:attachment":[{"href":"https:\/\/wpguerssen-test.odoo.rgbconsulting.com\/es\/wp-json\/wp\/v2\/media?parent=189009"}],"wp:term":[{"taxonomy":"product_brand","embeddable":true,"href":"https:\/\/wpguerssen-test.odoo.rgbconsulting.com\/es\/wp-json\/wp\/v2\/product_brand?post=189009"},{"taxonomy":"product_cat","embeddable":true,"href":"https:\/\/wpguerssen-test.odoo.rgbconsulting.com\/es\/wp-json\/wp\/v2\/product_cat?post=189009"},{"taxonomy":"product_tag","embeddable":true,"href":"https:\/\/wpguerssen-test.odoo.rgbconsulting.com\/es\/wp-json\/wp\/v2\/product_tag?post=189009"}],"curies":[{"name":"wp","href":"https:\/\/api.w.org\/{rel}","templated":true}]}}