{"id":189038,"date":"2019-03-21T00:00:00","date_gmt":"2019-03-20T23:00:00","guid":{"rendered":"http:\/\/guerssen.hl1097.dinaserver.com\/product\/western-skies-l-a-psychedelic-67-69-red-cover\/"},"modified":"2025-03-05T15:01:31","modified_gmt":"2025-03-05T14:01:31","slug":"western-skies-l-a-psychedelic-67-69-red-cover","status":"publish","type":"product","link":"https:\/\/wpguerssen-test.odoo.rgbconsulting.com\/es\/producto\/western-skies-l-a-psychedelic-67-69-red-cover\/","title":{"rendered":"Western Skies- L.A. Psychedelic 67-69 (Red cover)"},"content":{"rendered":"<p>Cuarto prensaje. Edici\u00f3n limitada de 100 copias numeradas a mano con portada exclusiva en color rojo. <\/p>\n<p> The London Dri, grupo psicod\u00e9lico de Los Angeles, son recordados por su \u00fanico single editado en 1967 para el sello Yobo. Pero entre 1968 y 1969, el grupo grab\u00f3 numerosas canciones que nunca llegaron a editarse. Un aut\u00e9ntico tesoro oculto del mejor garage-psicod\u00e9lico. Con temazos como \u00abWestern Skies\u00bb o su versi\u00f3n del  \u00abX+Y= 13\u00bb de Caretakers Of Deception. Guitarras fuzz, \u00f3rgano, efectos, armon\u00edas vocales&#8230;Una impactante mezcla de psicodelia USA y mod-psych brit\u00e1nico. Remasterizado, extenso insert con notas y fotos.<\/p>\n","protected":false},"excerpt":{"rendered":"<p>Cuarto prensaje. Edici\u00f3n limitada de 100 copias numeradas a mano con portada exclusiva en color rojo. <\/p>\n<p>\u00a0<\/p>\n<p> The London Dri, grupo psicod\u00e9lico de Los<a class=\"read\" href=\"https:\/\/wpguerssen-test.odoo.rgbconsulting.com\/es\/producto\/western-skies-l-a-psychedelic-67-69-red-cover\/\"> (...)<\/a>","protected":false},"featured_media":124406,"template":"","meta":{"_acf_changed":false},"product_brand":[],"product_cat":[23281,21639],"product_tag":[29140],"class_list":{"0":"post-189038","1":"product","2":"type-product","3":"status-publish","4":"has-post-thumbnail","6":"product_cat-garagebeatrnb60-70-es","7":"product_cat-psychedelic60s-70s-es","8":"product_tag-color-vinyl-es","9":"pa_artist-london-dri-es-2","10":"pa_format-lp-es","11":"pa_gender-garagebeatrnb60-70-psychedelic60s-70s","12":"pa_label-break-a-way","13":"pa_location-north-america-es","14":"pa_other-filters-vinyl-only-es","16":"first","17":"instock","18":"taxable","19":"shipping-taxable","20":"purchasable","21":"product-type-simple"},"acf":[],"yoast_head":"<!-- This site is optimized with the Yoast SEO plugin v24.9 - https:\/\/yoast.com\/wordpress\/plugins\/seo\/ -->\n<title>LONDON DRI - Western Skies- L.A. Psychedelic 67-69 (Red cover) -  (LP) | Guerssen<\/title>\n<meta name=\"description\" content=\"Fourth pressing limited to 100 hand-numbered copies with exclusive red cover.In August 1967, The London Dri entered Audio Sonic Sound Studio to record what would be their only 45-rpm single. &#039;Life in Your Hand&#039;, an original song written by guitarist Bruce Thomas, was backed by &#039;Dona, Dona&#039;, a re-working of a Jewish folk song with a new arrangement by the group. Released on the Yobo label, the two songs represented the entire released output by the Los Angeles-based combo. For years, if recalled at all, The London Dri would be remembered for that lone single. #nl# Between their 1965 formation and their disbandment in 1970, however-and in between hundreds of performances and even a movie appearance-The London Dri recorded several other songs that, had they been released, would certainly have earned the group a more prominent standing today among Hollywood rock groups of the era. One of the most remarkable tracks doubtlessly is &quot;This Is Life&quot;, practically the London Dri&#039;s version of the Caretakers Of Deception&#039;s legendary garage\/psych classic &quot;X+Y= 13&quot;, Others, such as &quot;The Other Side Of Soul&quot; and &quot;Western Skies&quot; are both melodic period westcoast rock pieces with excellent psychedelic guitar playing. &quot;Hurry&quot;, &quot;Wanting To Know You&quot; and &quot;Sorry&quot; are all from The Misunderstood school of sound and show some clear shades of UK Freakbeat\/Psych bands such as The Game, Mike Stuart Span or The Attack. #nl# The only cover version is an over 5 minute long rendition of Big Brother &amp; The Holding Company&#039;s &quot;Combinations&quot;. London Dri had it all: From Garage-rock to classic US Psychedelic to UK styled Mod\/Psych. Finally here&#039;s the band&#039;s legacy - 11 killer tracks in their distinctive London Dri style.\" \/>\n<meta name=\"robots\" content=\"index, follow, max-snippet:-1, max-image-preview:large, max-video-preview:-1\" \/>\n<link rel=\"canonical\" href=\"https:\/\/wpguerssen-test.odoo.rgbconsulting.com\/es\/producto\/western-skies-l-a-psychedelic-67-69-red-cover\/\" \/>\n<meta property=\"og:locale\" content=\"es_ES\" \/>\n<meta property=\"og:type\" content=\"article\" \/>\n<meta property=\"og:title\" content=\"LONDON DRI - Western Skies- L.A. Psychedelic 67-69 (Red cover) -  (LP) | Guerssen\" \/>\n<meta property=\"og:description\" content=\"Fourth pressing limited to 100 hand-numbered copies with exclusive red cover.In August 1967, The London Dri entered Audio Sonic Sound Studio to record what would be their only 45-rpm single. &#039;Life in Your Hand&#039;, an original song written by guitarist Bruce Thomas, was backed by &#039;Dona, Dona&#039;, a re-working of a Jewish folk song with a new arrangement by the group. Released on the Yobo label, the two songs represented the entire released output by the Los Angeles-based combo. For years, if recalled at all, The London Dri would be remembered for that lone single. #nl# Between their 1965 formation and their disbandment in 1970, however-and in between hundreds of performances and even a movie appearance-The London Dri recorded several other songs that, had they been released, would certainly have earned the group a more prominent standing today among Hollywood rock groups of the era. One of the most remarkable tracks doubtlessly is &quot;This Is Life&quot;, practically the London Dri&#039;s version of the Caretakers Of Deception&#039;s legendary garage\/psych classic &quot;X+Y= 13&quot;, Others, such as &quot;The Other Side Of Soul&quot; and &quot;Western Skies&quot; are both melodic period westcoast rock pieces with excellent psychedelic guitar playing. &quot;Hurry&quot;, &quot;Wanting To Know You&quot; and &quot;Sorry&quot; are all from The Misunderstood school of sound and show some clear shades of UK Freakbeat\/Psych bands such as The Game, Mike Stuart Span or The Attack. #nl# The only cover version is an over 5 minute long rendition of Big Brother &amp; The Holding Company&#039;s &quot;Combinations&quot;. London Dri had it all: From Garage-rock to classic US Psychedelic to UK styled Mod\/Psych. Finally here&#039;s the band&#039;s legacy - 11 killer tracks in their distinctive London Dri style.\" \/>\n<meta property=\"og:url\" content=\"https:\/\/wpguerssen-test.odoo.rgbconsulting.com\/es\/producto\/western-skies-l-a-psychedelic-67-69-red-cover\/\" \/>\n<meta property=\"og:site_name\" content=\"Guerssen records\" \/>\n<meta property=\"article:modified_time\" content=\"2025-03-05T14:01:31+00:00\" \/>\n<meta property=\"og:image\" content=\"https:\/\/wpguerssen-test.odoo.rgbconsulting.com\/wp-content\/uploads\/2022\/03\/34240.jpg\" \/>\n\t<meta property=\"og:image:width\" content=\"2105\" \/>\n\t<meta property=\"og:image:height\" content=\"2088\" \/>\n\t<meta property=\"og:image:type\" content=\"image\/jpeg\" \/>\n<meta name=\"twitter:card\" content=\"summary_large_image\" \/>\n<meta name=\"twitter:title\" content=\"LONDON DRI - Western Skies- L.A. Psychedelic 67-69 (Red cover) -  (LP) | Guerssen\" \/>\n<script type=\"application\/ld+json\" class=\"yoast-schema-graph\">{\"@context\":\"https:\/\/schema.org\",\"@graph\":[{\"@type\":\"WebPage\",\"@id\":\"https:\/\/wpguerssen-test.odoo.rgbconsulting.com\/es\/producto\/western-skies-l-a-psychedelic-67-69-red-cover\/\",\"url\":\"https:\/\/wpguerssen-test.odoo.rgbconsulting.com\/es\/producto\/western-skies-l-a-psychedelic-67-69-red-cover\/\",\"name\":\"LONDON DRI - Western Skies- L.A. Psychedelic 67-69 (Red cover) - (LP) | Guerssen\",\"isPartOf\":{\"@id\":\"https:\/\/wpguerssen-test.odoo.rgbconsulting.com\/es\/#website\"},\"primaryImageOfPage\":{\"@id\":\"https:\/\/wpguerssen-test.odoo.rgbconsulting.com\/es\/producto\/western-skies-l-a-psychedelic-67-69-red-cover\/#primaryimage\"},\"image\":{\"@id\":\"https:\/\/wpguerssen-test.odoo.rgbconsulting.com\/es\/producto\/western-skies-l-a-psychedelic-67-69-red-cover\/#primaryimage\"},\"thumbnailUrl\":\"https:\/\/wpguerssen-test.odoo.rgbconsulting.com\/wp-content\/uploads\/2022\/03\/34240.jpg\",\"datePublished\":\"2019-03-20T23:00:00+00:00\",\"dateModified\":\"2025-03-05T14:01:31+00:00\",\"description\":\"Fourth pressing limited to 100 hand-numbered copies with exclusive red cover.In August 1967, The London Dri entered Audio Sonic Sound Studio to record what would be their only 45-rpm single. 'Life in Your Hand', an original song written by guitarist Bruce Thomas, was backed by 'Dona, Dona', a re-working of a Jewish folk song with a new arrangement by the group. Released on the Yobo label, the two songs represented the entire released output by the Los Angeles-based combo. For years, if recalled at all, The London Dri would be remembered for that lone single. #nl# Between their 1965 formation and their disbandment in 1970, however-and in between hundreds of performances and even a movie appearance-The London Dri recorded several other songs that, had they been released, would certainly have earned the group a more prominent standing today among Hollywood rock groups of the era. One of the most remarkable tracks doubtlessly is \\\"This Is Life\\\", practically the London Dri's version of the Caretakers Of Deception's legendary garage\/psych classic \\\"X+Y= 13\\\", Others, such as \\\"The Other Side Of Soul\\\" and \\\"Western Skies\\\" are both melodic period westcoast rock pieces with excellent psychedelic guitar playing. \\\"Hurry\\\", \\\"Wanting To Know You\\\" and \\\"Sorry\\\" are all from The Misunderstood school of sound and show some clear shades of UK Freakbeat\/Psych bands such as The Game, Mike Stuart Span or The Attack. #nl# The only cover version is an over 5 minute long rendition of Big Brother & The Holding Company's \\\"Combinations\\\". London Dri had it all: From Garage-rock to classic US Psychedelic to UK styled Mod\/Psych. Finally here's the band's legacy - 11 killer tracks in their distinctive London Dri style.\",\"breadcrumb\":{\"@id\":\"https:\/\/wpguerssen-test.odoo.rgbconsulting.com\/es\/producto\/western-skies-l-a-psychedelic-67-69-red-cover\/#breadcrumb\"},\"inLanguage\":\"es\",\"potentialAction\":[{\"@type\":\"ReadAction\",\"target\":[\"https:\/\/wpguerssen-test.odoo.rgbconsulting.com\/es\/producto\/western-skies-l-a-psychedelic-67-69-red-cover\/\"]}]},{\"@type\":\"ImageObject\",\"inLanguage\":\"es\",\"@id\":\"https:\/\/wpguerssen-test.odoo.rgbconsulting.com\/es\/producto\/western-skies-l-a-psychedelic-67-69-red-cover\/#primaryimage\",\"url\":\"https:\/\/wpguerssen-test.odoo.rgbconsulting.com\/wp-content\/uploads\/2022\/03\/34240.jpg\",\"contentUrl\":\"https:\/\/wpguerssen-test.odoo.rgbconsulting.com\/wp-content\/uploads\/2022\/03\/34240.jpg\",\"width\":2105,\"height\":2088,\"caption\":\"LONDON DRI - Western Skies- L.A. Psychedelic 67-69 (Red cover) - BREAK A WAY (LP) | Guerssen\"},{\"@type\":\"BreadcrumbList\",\"@id\":\"https:\/\/wpguerssen-test.odoo.rgbconsulting.com\/es\/producto\/western-skies-l-a-psychedelic-67-69-red-cover\/#breadcrumb\",\"itemListElement\":[{\"@type\":\"ListItem\",\"position\":1,\"name\":\"Inicio\",\"item\":\"https:\/\/wpguerssen-test.odoo.rgbconsulting.com\/es\/\"},{\"@type\":\"ListItem\",\"position\":2,\"name\":\"Shop\",\"item\":\"https:\/\/wpguerssen-test.odoo.rgbconsulting.com\/shop\/\"},{\"@type\":\"ListItem\",\"position\":3,\"name\":\"Western Skies- L.A. Psychedelic 67-69 (Red cover)\"}]},{\"@type\":\"WebSite\",\"@id\":\"https:\/\/wpguerssen-test.odoo.rgbconsulting.com\/es\/#website\",\"url\":\"https:\/\/wpguerssen-test.odoo.rgbconsulting.com\/es\/\",\"name\":\"Guerssen records\",\"description\":\"psychedelia - progressive - folk - garage \",\"publisher\":{\"@id\":\"https:\/\/wpguerssen-test.odoo.rgbconsulting.com\/es\/#organization\"},\"potentialAction\":[{\"@type\":\"SearchAction\",\"target\":{\"@type\":\"EntryPoint\",\"urlTemplate\":\"https:\/\/wpguerssen-test.odoo.rgbconsulting.com\/es\/?s={search_term_string}\"},\"query-input\":{\"@type\":\"PropertyValueSpecification\",\"valueRequired\":true,\"valueName\":\"search_term_string\"}}],\"inLanguage\":\"es\"},{\"@type\":\"Organization\",\"@id\":\"https:\/\/wpguerssen-test.odoo.rgbconsulting.com\/es\/#organization\",\"name\":\"Guerssen records\",\"url\":\"https:\/\/wpguerssen-test.odoo.rgbconsulting.com\/es\/\",\"logo\":{\"@type\":\"ImageObject\",\"inLanguage\":\"es\",\"@id\":\"https:\/\/wpguerssen-test.odoo.rgbconsulting.com\/es\/#\/schema\/logo\/image\/\",\"url\":\"https:\/\/wpguerssen-test.odoo.rgbconsulting.com\/wp-content\/uploads\/2022\/04\/Logo_Guerssen_trans_100.png\",\"contentUrl\":\"https:\/\/wpguerssen-test.odoo.rgbconsulting.com\/wp-content\/uploads\/2022\/04\/Logo_Guerssen_trans_100.png\",\"width\":122,\"height\":100,\"caption\":\"Guerssen records\"},\"image\":{\"@id\":\"https:\/\/wpguerssen-test.odoo.rgbconsulting.com\/es\/#\/schema\/logo\/image\/\"}}]}<\/script>\n<!-- \/ Yoast SEO plugin. -->","yoast_head_json":{"title":"LONDON DRI - Western Skies- L.A. Psychedelic 67-69 (Red cover) -  (LP) | Guerssen","description":"Fourth pressing limited to 100 hand-numbered copies with exclusive red cover.In August 1967, The London Dri entered Audio Sonic Sound Studio to record what would be their only 45-rpm single. 'Life in Your Hand', an original song written by guitarist Bruce Thomas, was backed by 'Dona, Dona', a re-working of a Jewish folk song with a new arrangement by the group. Released on the Yobo label, the two songs represented the entire released output by the Los Angeles-based combo. For years, if recalled at all, The London Dri would be remembered for that lone single. #nl# Between their 1965 formation and their disbandment in 1970, however-and in between hundreds of performances and even a movie appearance-The London Dri recorded several other songs that, had they been released, would certainly have earned the group a more prominent standing today among Hollywood rock groups of the era. One of the most remarkable tracks doubtlessly is \"This Is Life\", practically the London Dri's version of the Caretakers Of Deception's legendary garage\/psych classic \"X+Y= 13\", Others, such as \"The Other Side Of Soul\" and \"Western Skies\" are both melodic period westcoast rock pieces with excellent psychedelic guitar playing. \"Hurry\", \"Wanting To Know You\" and \"Sorry\" are all from The Misunderstood school of sound and show some clear shades of UK Freakbeat\/Psych bands such as The Game, Mike Stuart Span or The Attack. #nl# The only cover version is an over 5 minute long rendition of Big Brother & The Holding Company's \"Combinations\". London Dri had it all: From Garage-rock to classic US Psychedelic to UK styled Mod\/Psych. Finally here's the band's legacy - 11 killer tracks in their distinctive London Dri style.","robots":{"index":"index","follow":"follow","max-snippet":"max-snippet:-1","max-image-preview":"max-image-preview:large","max-video-preview":"max-video-preview:-1"},"canonical":"https:\/\/wpguerssen-test.odoo.rgbconsulting.com\/es\/producto\/western-skies-l-a-psychedelic-67-69-red-cover\/","og_locale":"es_ES","og_type":"article","og_title":"LONDON DRI - Western Skies- L.A. Psychedelic 67-69 (Red cover) -  (LP) | Guerssen","og_description":"Fourth pressing limited to 100 hand-numbered copies with exclusive red cover.In August 1967, The London Dri entered Audio Sonic Sound Studio to record what would be their only 45-rpm single. 'Life in Your Hand', an original song written by guitarist Bruce Thomas, was backed by 'Dona, Dona', a re-working of a Jewish folk song with a new arrangement by the group. Released on the Yobo label, the two songs represented the entire released output by the Los Angeles-based combo. For years, if recalled at all, The London Dri would be remembered for that lone single. #nl# Between their 1965 formation and their disbandment in 1970, however-and in between hundreds of performances and even a movie appearance-The London Dri recorded several other songs that, had they been released, would certainly have earned the group a more prominent standing today among Hollywood rock groups of the era. One of the most remarkable tracks doubtlessly is \"This Is Life\", practically the London Dri's version of the Caretakers Of Deception's legendary garage\/psych classic \"X+Y= 13\", Others, such as \"The Other Side Of Soul\" and \"Western Skies\" are both melodic period westcoast rock pieces with excellent psychedelic guitar playing. \"Hurry\", \"Wanting To Know You\" and \"Sorry\" are all from The Misunderstood school of sound and show some clear shades of UK Freakbeat\/Psych bands such as The Game, Mike Stuart Span or The Attack. #nl# The only cover version is an over 5 minute long rendition of Big Brother & The Holding Company's \"Combinations\". London Dri had it all: From Garage-rock to classic US Psychedelic to UK styled Mod\/Psych. Finally here's the band's legacy - 11 killer tracks in their distinctive London Dri style.","og_url":"https:\/\/wpguerssen-test.odoo.rgbconsulting.com\/es\/producto\/western-skies-l-a-psychedelic-67-69-red-cover\/","og_site_name":"Guerssen records","article_modified_time":"2025-03-05T14:01:31+00:00","og_image":[{"width":2105,"height":2088,"url":"https:\/\/wpguerssen-test.odoo.rgbconsulting.com\/wp-content\/uploads\/2022\/03\/34240.jpg","type":"image\/jpeg"}],"twitter_card":"summary_large_image","twitter_title":"LONDON DRI - Western Skies- L.A. Psychedelic 67-69 (Red cover) -  (LP) | Guerssen","schema":{"@context":"https:\/\/schema.org","@graph":[{"@type":"WebPage","@id":"https:\/\/wpguerssen-test.odoo.rgbconsulting.com\/es\/producto\/western-skies-l-a-psychedelic-67-69-red-cover\/","url":"https:\/\/wpguerssen-test.odoo.rgbconsulting.com\/es\/producto\/western-skies-l-a-psychedelic-67-69-red-cover\/","name":"LONDON DRI - Western Skies- L.A. Psychedelic 67-69 (Red cover) - (LP) | Guerssen","isPartOf":{"@id":"https:\/\/wpguerssen-test.odoo.rgbconsulting.com\/es\/#website"},"primaryImageOfPage":{"@id":"https:\/\/wpguerssen-test.odoo.rgbconsulting.com\/es\/producto\/western-skies-l-a-psychedelic-67-69-red-cover\/#primaryimage"},"image":{"@id":"https:\/\/wpguerssen-test.odoo.rgbconsulting.com\/es\/producto\/western-skies-l-a-psychedelic-67-69-red-cover\/#primaryimage"},"thumbnailUrl":"https:\/\/wpguerssen-test.odoo.rgbconsulting.com\/wp-content\/uploads\/2022\/03\/34240.jpg","datePublished":"2019-03-20T23:00:00+00:00","dateModified":"2025-03-05T14:01:31+00:00","description":"Fourth pressing limited to 100 hand-numbered copies with exclusive red cover.In August 1967, The London Dri entered Audio Sonic Sound Studio to record what would be their only 45-rpm single. 'Life in Your Hand', an original song written by guitarist Bruce Thomas, was backed by 'Dona, Dona', a re-working of a Jewish folk song with a new arrangement by the group. Released on the Yobo label, the two songs represented the entire released output by the Los Angeles-based combo. For years, if recalled at all, The London Dri would be remembered for that lone single. #nl# Between their 1965 formation and their disbandment in 1970, however-and in between hundreds of performances and even a movie appearance-The London Dri recorded several other songs that, had they been released, would certainly have earned the group a more prominent standing today among Hollywood rock groups of the era. One of the most remarkable tracks doubtlessly is \"This Is Life\", practically the London Dri's version of the Caretakers Of Deception's legendary garage\/psych classic \"X+Y= 13\", Others, such as \"The Other Side Of Soul\" and \"Western Skies\" are both melodic period westcoast rock pieces with excellent psychedelic guitar playing. \"Hurry\", \"Wanting To Know You\" and \"Sorry\" are all from The Misunderstood school of sound and show some clear shades of UK Freakbeat\/Psych bands such as The Game, Mike Stuart Span or The Attack. #nl# The only cover version is an over 5 minute long rendition of Big Brother & The Holding Company's \"Combinations\". London Dri had it all: From Garage-rock to classic US Psychedelic to UK styled Mod\/Psych. Finally here's the band's legacy - 11 killer tracks in their distinctive London Dri style.","breadcrumb":{"@id":"https:\/\/wpguerssen-test.odoo.rgbconsulting.com\/es\/producto\/western-skies-l-a-psychedelic-67-69-red-cover\/#breadcrumb"},"inLanguage":"es","potentialAction":[{"@type":"ReadAction","target":["https:\/\/wpguerssen-test.odoo.rgbconsulting.com\/es\/producto\/western-skies-l-a-psychedelic-67-69-red-cover\/"]}]},{"@type":"ImageObject","inLanguage":"es","@id":"https:\/\/wpguerssen-test.odoo.rgbconsulting.com\/es\/producto\/western-skies-l-a-psychedelic-67-69-red-cover\/#primaryimage","url":"https:\/\/wpguerssen-test.odoo.rgbconsulting.com\/wp-content\/uploads\/2022\/03\/34240.jpg","contentUrl":"https:\/\/wpguerssen-test.odoo.rgbconsulting.com\/wp-content\/uploads\/2022\/03\/34240.jpg","width":2105,"height":2088,"caption":"LONDON DRI - Western Skies- L.A. Psychedelic 67-69 (Red cover) - BREAK A WAY (LP) | Guerssen"},{"@type":"BreadcrumbList","@id":"https:\/\/wpguerssen-test.odoo.rgbconsulting.com\/es\/producto\/western-skies-l-a-psychedelic-67-69-red-cover\/#breadcrumb","itemListElement":[{"@type":"ListItem","position":1,"name":"Inicio","item":"https:\/\/wpguerssen-test.odoo.rgbconsulting.com\/es\/"},{"@type":"ListItem","position":2,"name":"Shop","item":"https:\/\/wpguerssen-test.odoo.rgbconsulting.com\/shop\/"},{"@type":"ListItem","position":3,"name":"Western Skies- L.A. Psychedelic 67-69 (Red cover)"}]},{"@type":"WebSite","@id":"https:\/\/wpguerssen-test.odoo.rgbconsulting.com\/es\/#website","url":"https:\/\/wpguerssen-test.odoo.rgbconsulting.com\/es\/","name":"Guerssen records","description":"psychedelia - progressive - folk - garage ","publisher":{"@id":"https:\/\/wpguerssen-test.odoo.rgbconsulting.com\/es\/#organization"},"potentialAction":[{"@type":"SearchAction","target":{"@type":"EntryPoint","urlTemplate":"https:\/\/wpguerssen-test.odoo.rgbconsulting.com\/es\/?s={search_term_string}"},"query-input":{"@type":"PropertyValueSpecification","valueRequired":true,"valueName":"search_term_string"}}],"inLanguage":"es"},{"@type":"Organization","@id":"https:\/\/wpguerssen-test.odoo.rgbconsulting.com\/es\/#organization","name":"Guerssen records","url":"https:\/\/wpguerssen-test.odoo.rgbconsulting.com\/es\/","logo":{"@type":"ImageObject","inLanguage":"es","@id":"https:\/\/wpguerssen-test.odoo.rgbconsulting.com\/es\/#\/schema\/logo\/image\/","url":"https:\/\/wpguerssen-test.odoo.rgbconsulting.com\/wp-content\/uploads\/2022\/04\/Logo_Guerssen_trans_100.png","contentUrl":"https:\/\/wpguerssen-test.odoo.rgbconsulting.com\/wp-content\/uploads\/2022\/04\/Logo_Guerssen_trans_100.png","width":122,"height":100,"caption":"Guerssen records"},"image":{"@id":"https:\/\/wpguerssen-test.odoo.rgbconsulting.com\/es\/#\/schema\/logo\/image\/"}}]}},"_links":{"self":[{"href":"https:\/\/wpguerssen-test.odoo.rgbconsulting.com\/es\/wp-json\/wp\/v2\/product\/189038","targetHints":{"allow":["GET"]}}],"collection":[{"href":"https:\/\/wpguerssen-test.odoo.rgbconsulting.com\/es\/wp-json\/wp\/v2\/product"}],"about":[{"href":"https:\/\/wpguerssen-test.odoo.rgbconsulting.com\/es\/wp-json\/wp\/v2\/types\/product"}],"wp:featuredmedia":[{"embeddable":true,"href":"https:\/\/wpguerssen-test.odoo.rgbconsulting.com\/es\/wp-json\/wp\/v2\/media\/124406"}],"wp:attachment":[{"href":"https:\/\/wpguerssen-test.odoo.rgbconsulting.com\/es\/wp-json\/wp\/v2\/media?parent=189038"}],"wp:term":[{"taxonomy":"product_brand","embeddable":true,"href":"https:\/\/wpguerssen-test.odoo.rgbconsulting.com\/es\/wp-json\/wp\/v2\/product_brand?post=189038"},{"taxonomy":"product_cat","embeddable":true,"href":"https:\/\/wpguerssen-test.odoo.rgbconsulting.com\/es\/wp-json\/wp\/v2\/product_cat?post=189038"},{"taxonomy":"product_tag","embeddable":true,"href":"https:\/\/wpguerssen-test.odoo.rgbconsulting.com\/es\/wp-json\/wp\/v2\/product_tag?post=189038"}],"curies":[{"name":"wp","href":"https:\/\/api.w.org\/{rel}","templated":true}]}}