{"id":189127,"date":"2019-06-17T00:00:00","date_gmt":"2019-06-16T22:00:00","guid":{"rendered":"http:\/\/guerssen.hl1097.dinaserver.com\/product\/quand-le-son-devient-aigu-jeter-la-girafe-a-la\/"},"modified":"2024-12-16T17:39:07","modified_gmt":"2024-12-16T16:39:07","slug":"quand-le-son-devient-aigu-jeter-la-girafe-a-la","status":"publish","type":"product","link":"https:\/\/wpguerssen-test.odoo.rgbconsulting.com\/es\/producto\/quand-le-son-devient-aigu-jeter-la-girafe-a-la\/","title":{"rendered":"Quand Le Son Devient Aigu, Jeter La Girafe \u00c0 La&#8230;"},"content":{"rendered":"<p>Primer \u00e1lbum del m\u00fasico franc\u00e9s, editado por el sello Futura en 1971. Inclasificable, todo un viaje free con elementos jazz, experimentales, avant, contempor\u00e1neos, prog, que podr\u00eda recordar en algunos momentos a Robert Wyatt.<\/p>\n","protected":false},"excerpt":{"rendered":"<p>Primer \u00e1lbum del m\u00fasico franc\u00e9s, editado por el sello Futura en 1971. Inclasificable, todo un viaje free con elementos jazz, experimentales, avant, contempor\u00e1neos,<a class=\"read\" href=\"https:\/\/wpguerssen-test.odoo.rgbconsulting.com\/es\/producto\/quand-le-son-devient-aigu-jeter-la-girafe-a-la\/\"> (...)<\/a>","protected":false},"featured_media":124582,"template":"","meta":{"_acf_changed":false},"product_brand":[],"product_cat":[23215],"product_tag":[],"class_list":{"0":"post-189127","1":"product","2":"type-product","3":"status-publish","4":"has-post-thumbnail","6":"product_cat-progressive60s-70s-es","7":"pa_artist-thollot-jacques","8":"pa_format-lp-es","9":"pa_gender-progressive60s-70s","10":"pa_label-soufflecontinu","11":"pa_location-europe-es","12":"pa_other-filters-vinyl-only-es","14":"first","15":"instock","16":"taxable","17":"shipping-taxable","18":"purchasable","19":"product-type-simple"},"acf":[],"yoast_head":"<!-- This site is optimized with the Yoast SEO plugin v24.9 - https:\/\/yoast.com\/wordpress\/plugins\/seo\/ -->\n<title>THOLLOT, Jacques - Quand Le Son Devient Aigu, Jeter La Girafe \u00c0 La... -  (LP) | Guerssen<\/title>\n<meta name=\"description\" content=\"While he was still just a young adolescent who had perfected his drum technique under the benevolent wing of Kenny Clarke, the Club Saint-Germain liked to present Jacques Thollot as a prodigy capable of holding his own with the famous jazz musicians who came through Paris. It was there that Eric Dolphy immediately noticed him, and from Ren\u00e9 Thomas to Walt Dickerson, everyone wanted to work with him. However, it was during the 1960s, first with Jef Gilson then Fran\u00e7ois Tusques, Barney Wilen, Joachim K\u00fchn and Steve Lacy, that the decisive encounters occurred. Without forgetting that he joined, in 1968, one of Don Cherry&#039;s groups, went on tour with them and came back transformed. That being said, to present Jacques Thollot as an in-demand virtuoso who could adapt to any circumstances would be to ignore both his demanding compositions and his complete freedom from stylistic boundaries. To prove the point, and although he had already featured on some cult albums (Our Meanings And Our Feelings by Michel Portal, Monkey-Pockie-Boo by Sonny Sharrock), the first album under his own name, recorded in 1971 for producer G\u00e9rard Terron\u00e8s, who gave him free rein, would turn out to be an unexpected, unclassifiable and astounding work. Entitled Quand le son devient aigu, jeter la girafe \u00e0 la mer, (when the sound gets high-pitched, throw the giraffe into the sea) it is an extraordinary sonic collage, created from discrete re-recordings and using just a handful of instruments including drums and piano. The result is a miracle, though the economy of means the production technique succeeds in putting the spotlight on the oddly elaborate compositions under an enigmatic but well-chosen title, borrowed from poet Henri Michaux. It puts into words the mysteries of a fragile melancholic universe which can be compared to another album by an iconoclastic drummer: The End Of An Ear by Robert Wyatt. The difference being the highly personal elements which shine through the French musician&#039;s album, clearly drawn from listening intently to classics from Debussy, Ravel and Barraqu\u00e9 (whom he knew), a seam which he would continue to mine on his equally excellent following albums Watch Devil Go and Cinq Hops. Yes, it is true that Jacques Thollot recorded rarely under his own name (five albums during his lifetime), but what marvellous albums they are!\" \/>\n<meta name=\"robots\" content=\"index, follow, max-snippet:-1, max-image-preview:large, max-video-preview:-1\" \/>\n<link rel=\"canonical\" href=\"https:\/\/wpguerssen-test.odoo.rgbconsulting.com\/es\/producto\/quand-le-son-devient-aigu-jeter-la-girafe-a-la\/\" \/>\n<meta property=\"og:locale\" content=\"es_ES\" \/>\n<meta property=\"og:type\" content=\"article\" \/>\n<meta property=\"og:title\" content=\"THOLLOT, Jacques - Quand Le Son Devient Aigu, Jeter La Girafe \u00c0 La... -  (LP) | Guerssen\" \/>\n<meta property=\"og:description\" content=\"While he was still just a young adolescent who had perfected his drum technique under the benevolent wing of Kenny Clarke, the Club Saint-Germain liked to present Jacques Thollot as a prodigy capable of holding his own with the famous jazz musicians who came through Paris. It was there that Eric Dolphy immediately noticed him, and from Ren\u00e9 Thomas to Walt Dickerson, everyone wanted to work with him. However, it was during the 1960s, first with Jef Gilson then Fran\u00e7ois Tusques, Barney Wilen, Joachim K\u00fchn and Steve Lacy, that the decisive encounters occurred. Without forgetting that he joined, in 1968, one of Don Cherry&#039;s groups, went on tour with them and came back transformed. That being said, to present Jacques Thollot as an in-demand virtuoso who could adapt to any circumstances would be to ignore both his demanding compositions and his complete freedom from stylistic boundaries. To prove the point, and although he had already featured on some cult albums (Our Meanings And Our Feelings by Michel Portal, Monkey-Pockie-Boo by Sonny Sharrock), the first album under his own name, recorded in 1971 for producer G\u00e9rard Terron\u00e8s, who gave him free rein, would turn out to be an unexpected, unclassifiable and astounding work. Entitled Quand le son devient aigu, jeter la girafe \u00e0 la mer, (when the sound gets high-pitched, throw the giraffe into the sea) it is an extraordinary sonic collage, created from discrete re-recordings and using just a handful of instruments including drums and piano. The result is a miracle, though the economy of means the production technique succeeds in putting the spotlight on the oddly elaborate compositions under an enigmatic but well-chosen title, borrowed from poet Henri Michaux. It puts into words the mysteries of a fragile melancholic universe which can be compared to another album by an iconoclastic drummer: The End Of An Ear by Robert Wyatt. The difference being the highly personal elements which shine through the French musician&#039;s album, clearly drawn from listening intently to classics from Debussy, Ravel and Barraqu\u00e9 (whom he knew), a seam which he would continue to mine on his equally excellent following albums Watch Devil Go and Cinq Hops. Yes, it is true that Jacques Thollot recorded rarely under his own name (five albums during his lifetime), but what marvellous albums they are!\" \/>\n<meta property=\"og:url\" content=\"https:\/\/wpguerssen-test.odoo.rgbconsulting.com\/es\/producto\/quand-le-son-devient-aigu-jeter-la-girafe-a-la\/\" \/>\n<meta property=\"og:site_name\" content=\"Guerssen records\" \/>\n<meta property=\"article:modified_time\" content=\"2024-12-16T16:39:07+00:00\" \/>\n<meta property=\"og:image\" content=\"https:\/\/wpguerssen-test.odoo.rgbconsulting.com\/wp-content\/uploads\/2022\/03\/34448.jpg\" \/>\n\t<meta property=\"og:image:width\" content=\"302\" \/>\n\t<meta property=\"og:image:height\" content=\"302\" \/>\n\t<meta property=\"og:image:type\" content=\"image\/jpeg\" \/>\n<meta name=\"twitter:card\" content=\"summary_large_image\" \/>\n<meta name=\"twitter:title\" content=\"THOLLOT, Jacques - Quand Le Son Devient Aigu, Jeter La Girafe \u00c0 La... -  (LP) | Guerssen\" \/>\n<script type=\"application\/ld+json\" class=\"yoast-schema-graph\">{\"@context\":\"https:\/\/schema.org\",\"@graph\":[{\"@type\":\"WebPage\",\"@id\":\"https:\/\/wpguerssen-test.odoo.rgbconsulting.com\/es\/producto\/quand-le-son-devient-aigu-jeter-la-girafe-a-la\/\",\"url\":\"https:\/\/wpguerssen-test.odoo.rgbconsulting.com\/es\/producto\/quand-le-son-devient-aigu-jeter-la-girafe-a-la\/\",\"name\":\"THOLLOT, Jacques - Quand Le Son Devient Aigu, Jeter La Girafe \u00c0 La... - (LP) | Guerssen\",\"isPartOf\":{\"@id\":\"https:\/\/wpguerssen-test.odoo.rgbconsulting.com\/es\/#website\"},\"primaryImageOfPage\":{\"@id\":\"https:\/\/wpguerssen-test.odoo.rgbconsulting.com\/es\/producto\/quand-le-son-devient-aigu-jeter-la-girafe-a-la\/#primaryimage\"},\"image\":{\"@id\":\"https:\/\/wpguerssen-test.odoo.rgbconsulting.com\/es\/producto\/quand-le-son-devient-aigu-jeter-la-girafe-a-la\/#primaryimage\"},\"thumbnailUrl\":\"https:\/\/wpguerssen-test.odoo.rgbconsulting.com\/wp-content\/uploads\/2022\/03\/34448.jpg\",\"datePublished\":\"2019-06-16T22:00:00+00:00\",\"dateModified\":\"2024-12-16T16:39:07+00:00\",\"description\":\"While he was still just a young adolescent who had perfected his drum technique under the benevolent wing of Kenny Clarke, the Club Saint-Germain liked to present Jacques Thollot as a prodigy capable of holding his own with the famous jazz musicians who came through Paris. It was there that Eric Dolphy immediately noticed him, and from Ren\u00e9 Thomas to Walt Dickerson, everyone wanted to work with him. However, it was during the 1960s, first with Jef Gilson then Fran\u00e7ois Tusques, Barney Wilen, Joachim K\u00fchn and Steve Lacy, that the decisive encounters occurred. Without forgetting that he joined, in 1968, one of Don Cherry's groups, went on tour with them and came back transformed. That being said, to present Jacques Thollot as an in-demand virtuoso who could adapt to any circumstances would be to ignore both his demanding compositions and his complete freedom from stylistic boundaries. To prove the point, and although he had already featured on some cult albums (Our Meanings And Our Feelings by Michel Portal, Monkey-Pockie-Boo by Sonny Sharrock), the first album under his own name, recorded in 1971 for producer G\u00e9rard Terron\u00e8s, who gave him free rein, would turn out to be an unexpected, unclassifiable and astounding work. Entitled Quand le son devient aigu, jeter la girafe \u00e0 la mer, (when the sound gets high-pitched, throw the giraffe into the sea) it is an extraordinary sonic collage, created from discrete re-recordings and using just a handful of instruments including drums and piano. The result is a miracle, though the economy of means the production technique succeeds in putting the spotlight on the oddly elaborate compositions under an enigmatic but well-chosen title, borrowed from poet Henri Michaux. It puts into words the mysteries of a fragile melancholic universe which can be compared to another album by an iconoclastic drummer: The End Of An Ear by Robert Wyatt. The difference being the highly personal elements which shine through the French musician's album, clearly drawn from listening intently to classics from Debussy, Ravel and Barraqu\u00e9 (whom he knew), a seam which he would continue to mine on his equally excellent following albums Watch Devil Go and Cinq Hops. Yes, it is true that Jacques Thollot recorded rarely under his own name (five albums during his lifetime), but what marvellous albums they are!\",\"breadcrumb\":{\"@id\":\"https:\/\/wpguerssen-test.odoo.rgbconsulting.com\/es\/producto\/quand-le-son-devient-aigu-jeter-la-girafe-a-la\/#breadcrumb\"},\"inLanguage\":\"es\",\"potentialAction\":[{\"@type\":\"ReadAction\",\"target\":[\"https:\/\/wpguerssen-test.odoo.rgbconsulting.com\/es\/producto\/quand-le-son-devient-aigu-jeter-la-girafe-a-la\/\"]}]},{\"@type\":\"ImageObject\",\"inLanguage\":\"es\",\"@id\":\"https:\/\/wpguerssen-test.odoo.rgbconsulting.com\/es\/producto\/quand-le-son-devient-aigu-jeter-la-girafe-a-la\/#primaryimage\",\"url\":\"https:\/\/wpguerssen-test.odoo.rgbconsulting.com\/wp-content\/uploads\/2022\/03\/34448.jpg\",\"contentUrl\":\"https:\/\/wpguerssen-test.odoo.rgbconsulting.com\/wp-content\/uploads\/2022\/03\/34448.jpg\",\"width\":302,\"height\":302,\"caption\":\"Jacques - Quand Le Son Devient Aigu\"},{\"@type\":\"BreadcrumbList\",\"@id\":\"https:\/\/wpguerssen-test.odoo.rgbconsulting.com\/es\/producto\/quand-le-son-devient-aigu-jeter-la-girafe-a-la\/#breadcrumb\",\"itemListElement\":[{\"@type\":\"ListItem\",\"position\":1,\"name\":\"Inicio\",\"item\":\"https:\/\/wpguerssen-test.odoo.rgbconsulting.com\/es\/\"},{\"@type\":\"ListItem\",\"position\":2,\"name\":\"Shop\",\"item\":\"https:\/\/wpguerssen-test.odoo.rgbconsulting.com\/shop\/\"},{\"@type\":\"ListItem\",\"position\":3,\"name\":\"Quand Le Son Devient Aigu, Jeter La Girafe \u00c0 La&#8230;\"}]},{\"@type\":\"WebSite\",\"@id\":\"https:\/\/wpguerssen-test.odoo.rgbconsulting.com\/es\/#website\",\"url\":\"https:\/\/wpguerssen-test.odoo.rgbconsulting.com\/es\/\",\"name\":\"Guerssen records\",\"description\":\"psychedelia - progressive - folk - garage \",\"publisher\":{\"@id\":\"https:\/\/wpguerssen-test.odoo.rgbconsulting.com\/es\/#organization\"},\"potentialAction\":[{\"@type\":\"SearchAction\",\"target\":{\"@type\":\"EntryPoint\",\"urlTemplate\":\"https:\/\/wpguerssen-test.odoo.rgbconsulting.com\/es\/?s={search_term_string}\"},\"query-input\":{\"@type\":\"PropertyValueSpecification\",\"valueRequired\":true,\"valueName\":\"search_term_string\"}}],\"inLanguage\":\"es\"},{\"@type\":\"Organization\",\"@id\":\"https:\/\/wpguerssen-test.odoo.rgbconsulting.com\/es\/#organization\",\"name\":\"Guerssen records\",\"url\":\"https:\/\/wpguerssen-test.odoo.rgbconsulting.com\/es\/\",\"logo\":{\"@type\":\"ImageObject\",\"inLanguage\":\"es\",\"@id\":\"https:\/\/wpguerssen-test.odoo.rgbconsulting.com\/es\/#\/schema\/logo\/image\/\",\"url\":\"https:\/\/wpguerssen-test.odoo.rgbconsulting.com\/wp-content\/uploads\/2022\/04\/Logo_Guerssen_trans_100.png\",\"contentUrl\":\"https:\/\/wpguerssen-test.odoo.rgbconsulting.com\/wp-content\/uploads\/2022\/04\/Logo_Guerssen_trans_100.png\",\"width\":122,\"height\":100,\"caption\":\"Guerssen records\"},\"image\":{\"@id\":\"https:\/\/wpguerssen-test.odoo.rgbconsulting.com\/es\/#\/schema\/logo\/image\/\"}}]}<\/script>\n<!-- \/ Yoast SEO plugin. -->","yoast_head_json":{"title":"THOLLOT, Jacques - Quand Le Son Devient Aigu, Jeter La Girafe \u00c0 La... -  (LP) | Guerssen","description":"While he was still just a young adolescent who had perfected his drum technique under the benevolent wing of Kenny Clarke, the Club Saint-Germain liked to present Jacques Thollot as a prodigy capable of holding his own with the famous jazz musicians who came through Paris. It was there that Eric Dolphy immediately noticed him, and from Ren\u00e9 Thomas to Walt Dickerson, everyone wanted to work with him. However, it was during the 1960s, first with Jef Gilson then Fran\u00e7ois Tusques, Barney Wilen, Joachim K\u00fchn and Steve Lacy, that the decisive encounters occurred. Without forgetting that he joined, in 1968, one of Don Cherry's groups, went on tour with them and came back transformed. That being said, to present Jacques Thollot as an in-demand virtuoso who could adapt to any circumstances would be to ignore both his demanding compositions and his complete freedom from stylistic boundaries. To prove the point, and although he had already featured on some cult albums (Our Meanings And Our Feelings by Michel Portal, Monkey-Pockie-Boo by Sonny Sharrock), the first album under his own name, recorded in 1971 for producer G\u00e9rard Terron\u00e8s, who gave him free rein, would turn out to be an unexpected, unclassifiable and astounding work. Entitled Quand le son devient aigu, jeter la girafe \u00e0 la mer, (when the sound gets high-pitched, throw the giraffe into the sea) it is an extraordinary sonic collage, created from discrete re-recordings and using just a handful of instruments including drums and piano. The result is a miracle, though the economy of means the production technique succeeds in putting the spotlight on the oddly elaborate compositions under an enigmatic but well-chosen title, borrowed from poet Henri Michaux. It puts into words the mysteries of a fragile melancholic universe which can be compared to another album by an iconoclastic drummer: The End Of An Ear by Robert Wyatt. The difference being the highly personal elements which shine through the French musician's album, clearly drawn from listening intently to classics from Debussy, Ravel and Barraqu\u00e9 (whom he knew), a seam which he would continue to mine on his equally excellent following albums Watch Devil Go and Cinq Hops. Yes, it is true that Jacques Thollot recorded rarely under his own name (five albums during his lifetime), but what marvellous albums they are!","robots":{"index":"index","follow":"follow","max-snippet":"max-snippet:-1","max-image-preview":"max-image-preview:large","max-video-preview":"max-video-preview:-1"},"canonical":"https:\/\/wpguerssen-test.odoo.rgbconsulting.com\/es\/producto\/quand-le-son-devient-aigu-jeter-la-girafe-a-la\/","og_locale":"es_ES","og_type":"article","og_title":"THOLLOT, Jacques - Quand Le Son Devient Aigu, Jeter La Girafe \u00c0 La... -  (LP) | Guerssen","og_description":"While he was still just a young adolescent who had perfected his drum technique under the benevolent wing of Kenny Clarke, the Club Saint-Germain liked to present Jacques Thollot as a prodigy capable of holding his own with the famous jazz musicians who came through Paris. It was there that Eric Dolphy immediately noticed him, and from Ren\u00e9 Thomas to Walt Dickerson, everyone wanted to work with him. However, it was during the 1960s, first with Jef Gilson then Fran\u00e7ois Tusques, Barney Wilen, Joachim K\u00fchn and Steve Lacy, that the decisive encounters occurred. Without forgetting that he joined, in 1968, one of Don Cherry's groups, went on tour with them and came back transformed. That being said, to present Jacques Thollot as an in-demand virtuoso who could adapt to any circumstances would be to ignore both his demanding compositions and his complete freedom from stylistic boundaries. To prove the point, and although he had already featured on some cult albums (Our Meanings And Our Feelings by Michel Portal, Monkey-Pockie-Boo by Sonny Sharrock), the first album under his own name, recorded in 1971 for producer G\u00e9rard Terron\u00e8s, who gave him free rein, would turn out to be an unexpected, unclassifiable and astounding work. Entitled Quand le son devient aigu, jeter la girafe \u00e0 la mer, (when the sound gets high-pitched, throw the giraffe into the sea) it is an extraordinary sonic collage, created from discrete re-recordings and using just a handful of instruments including drums and piano. The result is a miracle, though the economy of means the production technique succeeds in putting the spotlight on the oddly elaborate compositions under an enigmatic but well-chosen title, borrowed from poet Henri Michaux. It puts into words the mysteries of a fragile melancholic universe which can be compared to another album by an iconoclastic drummer: The End Of An Ear by Robert Wyatt. The difference being the highly personal elements which shine through the French musician's album, clearly drawn from listening intently to classics from Debussy, Ravel and Barraqu\u00e9 (whom he knew), a seam which he would continue to mine on his equally excellent following albums Watch Devil Go and Cinq Hops. Yes, it is true that Jacques Thollot recorded rarely under his own name (five albums during his lifetime), but what marvellous albums they are!","og_url":"https:\/\/wpguerssen-test.odoo.rgbconsulting.com\/es\/producto\/quand-le-son-devient-aigu-jeter-la-girafe-a-la\/","og_site_name":"Guerssen records","article_modified_time":"2024-12-16T16:39:07+00:00","og_image":[{"width":302,"height":302,"url":"https:\/\/wpguerssen-test.odoo.rgbconsulting.com\/wp-content\/uploads\/2022\/03\/34448.jpg","type":"image\/jpeg"}],"twitter_card":"summary_large_image","twitter_title":"THOLLOT, Jacques - Quand Le Son Devient Aigu, Jeter La Girafe \u00c0 La... -  (LP) | Guerssen","schema":{"@context":"https:\/\/schema.org","@graph":[{"@type":"WebPage","@id":"https:\/\/wpguerssen-test.odoo.rgbconsulting.com\/es\/producto\/quand-le-son-devient-aigu-jeter-la-girafe-a-la\/","url":"https:\/\/wpguerssen-test.odoo.rgbconsulting.com\/es\/producto\/quand-le-son-devient-aigu-jeter-la-girafe-a-la\/","name":"THOLLOT, Jacques - Quand Le Son Devient Aigu, Jeter La Girafe \u00c0 La... - (LP) | Guerssen","isPartOf":{"@id":"https:\/\/wpguerssen-test.odoo.rgbconsulting.com\/es\/#website"},"primaryImageOfPage":{"@id":"https:\/\/wpguerssen-test.odoo.rgbconsulting.com\/es\/producto\/quand-le-son-devient-aigu-jeter-la-girafe-a-la\/#primaryimage"},"image":{"@id":"https:\/\/wpguerssen-test.odoo.rgbconsulting.com\/es\/producto\/quand-le-son-devient-aigu-jeter-la-girafe-a-la\/#primaryimage"},"thumbnailUrl":"https:\/\/wpguerssen-test.odoo.rgbconsulting.com\/wp-content\/uploads\/2022\/03\/34448.jpg","datePublished":"2019-06-16T22:00:00+00:00","dateModified":"2024-12-16T16:39:07+00:00","description":"While he was still just a young adolescent who had perfected his drum technique under the benevolent wing of Kenny Clarke, the Club Saint-Germain liked to present Jacques Thollot as a prodigy capable of holding his own with the famous jazz musicians who came through Paris. It was there that Eric Dolphy immediately noticed him, and from Ren\u00e9 Thomas to Walt Dickerson, everyone wanted to work with him. However, it was during the 1960s, first with Jef Gilson then Fran\u00e7ois Tusques, Barney Wilen, Joachim K\u00fchn and Steve Lacy, that the decisive encounters occurred. Without forgetting that he joined, in 1968, one of Don Cherry's groups, went on tour with them and came back transformed. That being said, to present Jacques Thollot as an in-demand virtuoso who could adapt to any circumstances would be to ignore both his demanding compositions and his complete freedom from stylistic boundaries. To prove the point, and although he had already featured on some cult albums (Our Meanings And Our Feelings by Michel Portal, Monkey-Pockie-Boo by Sonny Sharrock), the first album under his own name, recorded in 1971 for producer G\u00e9rard Terron\u00e8s, who gave him free rein, would turn out to be an unexpected, unclassifiable and astounding work. Entitled Quand le son devient aigu, jeter la girafe \u00e0 la mer, (when the sound gets high-pitched, throw the giraffe into the sea) it is an extraordinary sonic collage, created from discrete re-recordings and using just a handful of instruments including drums and piano. The result is a miracle, though the economy of means the production technique succeeds in putting the spotlight on the oddly elaborate compositions under an enigmatic but well-chosen title, borrowed from poet Henri Michaux. It puts into words the mysteries of a fragile melancholic universe which can be compared to another album by an iconoclastic drummer: The End Of An Ear by Robert Wyatt. The difference being the highly personal elements which shine through the French musician's album, clearly drawn from listening intently to classics from Debussy, Ravel and Barraqu\u00e9 (whom he knew), a seam which he would continue to mine on his equally excellent following albums Watch Devil Go and Cinq Hops. Yes, it is true that Jacques Thollot recorded rarely under his own name (five albums during his lifetime), but what marvellous albums they are!","breadcrumb":{"@id":"https:\/\/wpguerssen-test.odoo.rgbconsulting.com\/es\/producto\/quand-le-son-devient-aigu-jeter-la-girafe-a-la\/#breadcrumb"},"inLanguage":"es","potentialAction":[{"@type":"ReadAction","target":["https:\/\/wpguerssen-test.odoo.rgbconsulting.com\/es\/producto\/quand-le-son-devient-aigu-jeter-la-girafe-a-la\/"]}]},{"@type":"ImageObject","inLanguage":"es","@id":"https:\/\/wpguerssen-test.odoo.rgbconsulting.com\/es\/producto\/quand-le-son-devient-aigu-jeter-la-girafe-a-la\/#primaryimage","url":"https:\/\/wpguerssen-test.odoo.rgbconsulting.com\/wp-content\/uploads\/2022\/03\/34448.jpg","contentUrl":"https:\/\/wpguerssen-test.odoo.rgbconsulting.com\/wp-content\/uploads\/2022\/03\/34448.jpg","width":302,"height":302,"caption":"Jacques - Quand Le Son Devient Aigu"},{"@type":"BreadcrumbList","@id":"https:\/\/wpguerssen-test.odoo.rgbconsulting.com\/es\/producto\/quand-le-son-devient-aigu-jeter-la-girafe-a-la\/#breadcrumb","itemListElement":[{"@type":"ListItem","position":1,"name":"Inicio","item":"https:\/\/wpguerssen-test.odoo.rgbconsulting.com\/es\/"},{"@type":"ListItem","position":2,"name":"Shop","item":"https:\/\/wpguerssen-test.odoo.rgbconsulting.com\/shop\/"},{"@type":"ListItem","position":3,"name":"Quand Le Son Devient Aigu, Jeter La Girafe \u00c0 La&#8230;"}]},{"@type":"WebSite","@id":"https:\/\/wpguerssen-test.odoo.rgbconsulting.com\/es\/#website","url":"https:\/\/wpguerssen-test.odoo.rgbconsulting.com\/es\/","name":"Guerssen records","description":"psychedelia - progressive - folk - garage ","publisher":{"@id":"https:\/\/wpguerssen-test.odoo.rgbconsulting.com\/es\/#organization"},"potentialAction":[{"@type":"SearchAction","target":{"@type":"EntryPoint","urlTemplate":"https:\/\/wpguerssen-test.odoo.rgbconsulting.com\/es\/?s={search_term_string}"},"query-input":{"@type":"PropertyValueSpecification","valueRequired":true,"valueName":"search_term_string"}}],"inLanguage":"es"},{"@type":"Organization","@id":"https:\/\/wpguerssen-test.odoo.rgbconsulting.com\/es\/#organization","name":"Guerssen records","url":"https:\/\/wpguerssen-test.odoo.rgbconsulting.com\/es\/","logo":{"@type":"ImageObject","inLanguage":"es","@id":"https:\/\/wpguerssen-test.odoo.rgbconsulting.com\/es\/#\/schema\/logo\/image\/","url":"https:\/\/wpguerssen-test.odoo.rgbconsulting.com\/wp-content\/uploads\/2022\/04\/Logo_Guerssen_trans_100.png","contentUrl":"https:\/\/wpguerssen-test.odoo.rgbconsulting.com\/wp-content\/uploads\/2022\/04\/Logo_Guerssen_trans_100.png","width":122,"height":100,"caption":"Guerssen records"},"image":{"@id":"https:\/\/wpguerssen-test.odoo.rgbconsulting.com\/es\/#\/schema\/logo\/image\/"}}]}},"_links":{"self":[{"href":"https:\/\/wpguerssen-test.odoo.rgbconsulting.com\/es\/wp-json\/wp\/v2\/product\/189127","targetHints":{"allow":["GET"]}}],"collection":[{"href":"https:\/\/wpguerssen-test.odoo.rgbconsulting.com\/es\/wp-json\/wp\/v2\/product"}],"about":[{"href":"https:\/\/wpguerssen-test.odoo.rgbconsulting.com\/es\/wp-json\/wp\/v2\/types\/product"}],"wp:featuredmedia":[{"embeddable":true,"href":"https:\/\/wpguerssen-test.odoo.rgbconsulting.com\/es\/wp-json\/wp\/v2\/media\/124582"}],"wp:attachment":[{"href":"https:\/\/wpguerssen-test.odoo.rgbconsulting.com\/es\/wp-json\/wp\/v2\/media?parent=189127"}],"wp:term":[{"taxonomy":"product_brand","embeddable":true,"href":"https:\/\/wpguerssen-test.odoo.rgbconsulting.com\/es\/wp-json\/wp\/v2\/product_brand?post=189127"},{"taxonomy":"product_cat","embeddable":true,"href":"https:\/\/wpguerssen-test.odoo.rgbconsulting.com\/es\/wp-json\/wp\/v2\/product_cat?post=189127"},{"taxonomy":"product_tag","embeddable":true,"href":"https:\/\/wpguerssen-test.odoo.rgbconsulting.com\/es\/wp-json\/wp\/v2\/product_tag?post=189127"}],"curies":[{"name":"wp","href":"https:\/\/api.w.org\/{rel}","templated":true}]}}