{"id":189170,"date":"2019-07-29T00:00:00","date_gmt":"2019-07-28T22:00:00","guid":{"rendered":"http:\/\/guerssen.hl1097.dinaserver.com\/product\/a-tu-vera-2lp\/"},"modified":"2025-03-26T16:34:35","modified_gmt":"2025-03-26T15:34:35","slug":"a-tu-vera-2lp","status":"publish","type":"product","link":"https:\/\/wpguerssen-test.odoo.rgbconsulting.com\/es\/producto\/a-tu-vera-2lp\/","title":{"rendered":"A Tu Vera (2LP)"},"content":{"rendered":"<p>Los nuevos Tomcats llegaron a Madrid a principios de 1965 y se instalaron en el Club Consulado. Los pelos largos y la ropa mod del grupo causaron sensaci\u00f3n en la Espa\u00f1a franquista y enseguida empezaron a despertar inter\u00e9s. Cuando Mickey Holmes decidi\u00f3 regresar a casa, el Tomcat original Alan James vino a ocuparse del bajo. Vic Griffiths, de los Second Thoughts, tambi\u00e9n se uni\u00f3 para ocuparse de la arm\u00f3nica durante un tiempo. <\/p>\n<p> El sello Philips fich\u00f3 al grupo, que public\u00f3 cuatro EPs entre 1965 y 1966. Aunque la mayor\u00eda de los temas eran versiones de \u00e9xitos recientes, los Tomcats los interpretan con la suficiente energ\u00eda y actitud como para hacerlos m\u00e1s que memorables. Tambi\u00e9n decidieron versionar algunas canciones espa\u00f1olas, con menci\u00f3n especial para &#8216;A tu vera&#8217;, un tema popular en la voz de la legendaria cantante, bailaora y actriz Lola Flores. Los Tomcats transformaron la dram\u00e1tica balada flamenca en una salvaje descarga rockera llena de guitarras fuzz. Tambi\u00e9n grabaron la canci\u00f3n que daba t\u00edtulo a una de las pel\u00edculas de Lola Flores, \u00abAy pena, penita, pena\u00bb, actualizada con una punzante l\u00ednea de bajo, una bater\u00eda trepidante y un afilado solo de guitarra fuzz. Los EPs inclu\u00edan un pu\u00f1ado de composiciones originales, entre ellas la emocionante balada &#8216;Running At Shadows&#8217;, &#8216;It Ain&#8217;t Right&#8217; y el tema de influencia beat &#8216;Don&#8217;t Ask For Me&#8217;. Mientras estaban en Espa\u00f1a, los Tomcats fueron escogidos para aparecer en la comedia &#8216;Operaci\u00f3n secretaria&#8217; tocando &#8216;Two Minds In Tune&#8217;, un electrizante tema de punk R&#038;B que aparece por primera vez en vinilo en este disco, al igual que una estupenda versi\u00f3n de &#8216;Cocaine&#8217;, de Reverend Gary Davis, y otro bullicioso tema original, &#8216;Don&#8217;t Let It Go&#8217;. <\/p>\n<p> La estancia de los Tomcats en Espa\u00f1a lleg\u00f3 a su fin en el verano de 1966. De regreso en Inglaterra, Newman se reuni\u00f3 con Peter Cook, guitarrista original de los Tomcats, y juntos empezaron a componer canciones en un estilo psicod\u00e9lico m\u00e1s complejo. Los Tomcats se juntaron de nuevo como un sexteto y grabaron un par de singles maravillosos y un \u00e1lbum para Major Minor, bajo el nuevo nombre de July. Cuando July se separaron en 1969, Duhig form\u00f3 Jade Warrior, mientras que Newman se convirti\u00f3 en un exitoso productor y grab\u00f3 numerosos \u00e1lbumes en solitario.<\/p>\n","protected":false},"excerpt":{"rendered":"<p>Los nuevos Tomcats llegaron a Madrid a principios de 1965 y se instalaron en el Club Consulado. Los pelos largos y la ropa mod del grupo causaron sensaci\u00f3n en la<a class=\"read\" href=\"https:\/\/wpguerssen-test.odoo.rgbconsulting.com\/es\/producto\/a-tu-vera-2lp\/\"> (...)<\/a>","protected":false},"featured_media":124647,"template":"","meta":{"_acf_changed":false},"product_brand":[],"product_cat":[23281],"product_tag":[24190],"class_list":{"0":"post-189170","1":"product","2":"type-product","3":"status-publish","4":"has-post-thumbnail","6":"product_cat-garagebeatrnb60-70-es","7":"product_tag-sales-es","8":"pa_artist-tomcats","9":"pa_format-2lp-es","10":"pa_gender-garage-beat-rnb60-70-garagebeatrnb60-70","11":"pa_label-munster-es","12":"pa_location-uk-ireland-es","13":"pa_other-filters-vinyl-only-es","15":"first","16":"instock","17":"taxable","18":"shipping-taxable","19":"purchasable","20":"product-type-simple"},"acf":[],"yoast_head":"<!-- This site is optimized with the Yoast SEO plugin v24.9 - https:\/\/yoast.com\/wordpress\/plugins\/seo\/ -->\n<title>TOMCATS - A Tu Vera (2LP) -  (2LP) | Guerssen<\/title>\n<meta name=\"description\" content=\"English band Tomcats (who would later become July) spent most of 1965-1966 in Spain, where they played the clubs and released a string of thrilling EPs of feral R&amp;B, collected here along with 1964 demos by The Second Thoughts, their early incarnation. Apart from great versions of then-recent hits by English and American artists, this double LP includes several original compositions and two covers of Spanish songs made popular by the legendary Lola Flores, which The Tomcats turned into wild, fuzzed-out rockers.\" \/>\n<meta name=\"robots\" content=\"index, follow, max-snippet:-1, max-image-preview:large, max-video-preview:-1\" \/>\n<link rel=\"canonical\" href=\"https:\/\/wpguerssen-test.odoo.rgbconsulting.com\/es\/producto\/a-tu-vera-2lp\/\" \/>\n<meta property=\"og:locale\" content=\"es_ES\" \/>\n<meta property=\"og:type\" content=\"article\" \/>\n<meta property=\"og:title\" content=\"TOMCATS - A Tu Vera (2LP) -  (2LP) | Guerssen\" \/>\n<meta property=\"og:description\" content=\"English band Tomcats (who would later become July) spent most of 1965-1966 in Spain, where they played the clubs and released a string of thrilling EPs of feral R&amp;B, collected here along with 1964 demos by The Second Thoughts, their early incarnation. Apart from great versions of then-recent hits by English and American artists, this double LP includes several original compositions and two covers of Spanish songs made popular by the legendary Lola Flores, which The Tomcats turned into wild, fuzzed-out rockers.\" \/>\n<meta property=\"og:url\" content=\"https:\/\/wpguerssen-test.odoo.rgbconsulting.com\/es\/producto\/a-tu-vera-2lp\/\" \/>\n<meta property=\"og:site_name\" content=\"Guerssen records\" \/>\n<meta property=\"article:modified_time\" content=\"2025-03-26T15:34:35+00:00\" \/>\n<meta property=\"og:image\" content=\"https:\/\/wpguerssen-test.odoo.rgbconsulting.com\/wp-content\/uploads\/2022\/03\/34576.jpg\" \/>\n\t<meta property=\"og:image:width\" content=\"382\" \/>\n\t<meta property=\"og:image:height\" content=\"382\" \/>\n\t<meta property=\"og:image:type\" content=\"image\/jpeg\" \/>\n<meta name=\"twitter:card\" content=\"summary_large_image\" \/>\n<meta name=\"twitter:title\" content=\"TOMCATS - A Tu Vera (2LP) -  (2LP) | Guerssen\" \/>\n<meta name=\"twitter:label1\" content=\"Tiempo de lectura\" \/>\n\t<meta name=\"twitter:data1\" content=\"2 minutos\" \/>\n<script type=\"application\/ld+json\" class=\"yoast-schema-graph\">{\"@context\":\"https:\/\/schema.org\",\"@graph\":[{\"@type\":\"WebPage\",\"@id\":\"https:\/\/wpguerssen-test.odoo.rgbconsulting.com\/es\/producto\/a-tu-vera-2lp\/\",\"url\":\"https:\/\/wpguerssen-test.odoo.rgbconsulting.com\/es\/producto\/a-tu-vera-2lp\/\",\"name\":\"TOMCATS - A Tu Vera (2LP) - (2LP) | Guerssen\",\"isPartOf\":{\"@id\":\"https:\/\/wpguerssen-test.odoo.rgbconsulting.com\/es\/#website\"},\"primaryImageOfPage\":{\"@id\":\"https:\/\/wpguerssen-test.odoo.rgbconsulting.com\/es\/producto\/a-tu-vera-2lp\/#primaryimage\"},\"image\":{\"@id\":\"https:\/\/wpguerssen-test.odoo.rgbconsulting.com\/es\/producto\/a-tu-vera-2lp\/#primaryimage\"},\"thumbnailUrl\":\"https:\/\/wpguerssen-test.odoo.rgbconsulting.com\/wp-content\/uploads\/2022\/03\/34576.jpg\",\"datePublished\":\"2019-07-28T22:00:00+00:00\",\"dateModified\":\"2025-03-26T15:34:35+00:00\",\"description\":\"English band Tomcats (who would later become July) spent most of 1965-1966 in Spain, where they played the clubs and released a string of thrilling EPs of feral R&B, collected here along with 1964 demos by The Second Thoughts, their early incarnation. Apart from great versions of then-recent hits by English and American artists, this double LP includes several original compositions and two covers of Spanish songs made popular by the legendary Lola Flores, which The Tomcats turned into wild, fuzzed-out rockers.\",\"breadcrumb\":{\"@id\":\"https:\/\/wpguerssen-test.odoo.rgbconsulting.com\/es\/producto\/a-tu-vera-2lp\/#breadcrumb\"},\"inLanguage\":\"es\",\"potentialAction\":[{\"@type\":\"ReadAction\",\"target\":[\"https:\/\/wpguerssen-test.odoo.rgbconsulting.com\/es\/producto\/a-tu-vera-2lp\/\"]}]},{\"@type\":\"ImageObject\",\"inLanguage\":\"es\",\"@id\":\"https:\/\/wpguerssen-test.odoo.rgbconsulting.com\/es\/producto\/a-tu-vera-2lp\/#primaryimage\",\"url\":\"https:\/\/wpguerssen-test.odoo.rgbconsulting.com\/wp-content\/uploads\/2022\/03\/34576.jpg\",\"contentUrl\":\"https:\/\/wpguerssen-test.odoo.rgbconsulting.com\/wp-content\/uploads\/2022\/03\/34576.jpg\",\"width\":382,\"height\":382,\"caption\":\"TOMCATS - A Tu Vera (2LP) - MUNSTER (2LP) | Guerssen\"},{\"@type\":\"BreadcrumbList\",\"@id\":\"https:\/\/wpguerssen-test.odoo.rgbconsulting.com\/es\/producto\/a-tu-vera-2lp\/#breadcrumb\",\"itemListElement\":[{\"@type\":\"ListItem\",\"position\":1,\"name\":\"Inicio\",\"item\":\"https:\/\/wpguerssen-test.odoo.rgbconsulting.com\/es\/\"},{\"@type\":\"ListItem\",\"position\":2,\"name\":\"Shop\",\"item\":\"https:\/\/wpguerssen-test.odoo.rgbconsulting.com\/shop\/\"},{\"@type\":\"ListItem\",\"position\":3,\"name\":\"A Tu Vera (2LP)\"}]},{\"@type\":\"WebSite\",\"@id\":\"https:\/\/wpguerssen-test.odoo.rgbconsulting.com\/es\/#website\",\"url\":\"https:\/\/wpguerssen-test.odoo.rgbconsulting.com\/es\/\",\"name\":\"Guerssen records\",\"description\":\"psychedelia - progressive - folk - garage \",\"publisher\":{\"@id\":\"https:\/\/wpguerssen-test.odoo.rgbconsulting.com\/es\/#organization\"},\"potentialAction\":[{\"@type\":\"SearchAction\",\"target\":{\"@type\":\"EntryPoint\",\"urlTemplate\":\"https:\/\/wpguerssen-test.odoo.rgbconsulting.com\/es\/?s={search_term_string}\"},\"query-input\":{\"@type\":\"PropertyValueSpecification\",\"valueRequired\":true,\"valueName\":\"search_term_string\"}}],\"inLanguage\":\"es\"},{\"@type\":\"Organization\",\"@id\":\"https:\/\/wpguerssen-test.odoo.rgbconsulting.com\/es\/#organization\",\"name\":\"Guerssen records\",\"url\":\"https:\/\/wpguerssen-test.odoo.rgbconsulting.com\/es\/\",\"logo\":{\"@type\":\"ImageObject\",\"inLanguage\":\"es\",\"@id\":\"https:\/\/wpguerssen-test.odoo.rgbconsulting.com\/es\/#\/schema\/logo\/image\/\",\"url\":\"https:\/\/wpguerssen-test.odoo.rgbconsulting.com\/wp-content\/uploads\/2022\/04\/Logo_Guerssen_trans_100.png\",\"contentUrl\":\"https:\/\/wpguerssen-test.odoo.rgbconsulting.com\/wp-content\/uploads\/2022\/04\/Logo_Guerssen_trans_100.png\",\"width\":122,\"height\":100,\"caption\":\"Guerssen records\"},\"image\":{\"@id\":\"https:\/\/wpguerssen-test.odoo.rgbconsulting.com\/es\/#\/schema\/logo\/image\/\"}}]}<\/script>\n<!-- \/ Yoast SEO plugin. -->","yoast_head_json":{"title":"TOMCATS - A Tu Vera (2LP) -  (2LP) | Guerssen","description":"English band Tomcats (who would later become July) spent most of 1965-1966 in Spain, where they played the clubs and released a string of thrilling EPs of feral R&B, collected here along with 1964 demos by The Second Thoughts, their early incarnation. Apart from great versions of then-recent hits by English and American artists, this double LP includes several original compositions and two covers of Spanish songs made popular by the legendary Lola Flores, which The Tomcats turned into wild, fuzzed-out rockers.","robots":{"index":"index","follow":"follow","max-snippet":"max-snippet:-1","max-image-preview":"max-image-preview:large","max-video-preview":"max-video-preview:-1"},"canonical":"https:\/\/wpguerssen-test.odoo.rgbconsulting.com\/es\/producto\/a-tu-vera-2lp\/","og_locale":"es_ES","og_type":"article","og_title":"TOMCATS - A Tu Vera (2LP) -  (2LP) | Guerssen","og_description":"English band Tomcats (who would later become July) spent most of 1965-1966 in Spain, where they played the clubs and released a string of thrilling EPs of feral R&B, collected here along with 1964 demos by The Second Thoughts, their early incarnation. Apart from great versions of then-recent hits by English and American artists, this double LP includes several original compositions and two covers of Spanish songs made popular by the legendary Lola Flores, which The Tomcats turned into wild, fuzzed-out rockers.","og_url":"https:\/\/wpguerssen-test.odoo.rgbconsulting.com\/es\/producto\/a-tu-vera-2lp\/","og_site_name":"Guerssen records","article_modified_time":"2025-03-26T15:34:35+00:00","og_image":[{"width":382,"height":382,"url":"https:\/\/wpguerssen-test.odoo.rgbconsulting.com\/wp-content\/uploads\/2022\/03\/34576.jpg","type":"image\/jpeg"}],"twitter_card":"summary_large_image","twitter_title":"TOMCATS - A Tu Vera (2LP) -  (2LP) | Guerssen","twitter_misc":{"Tiempo de lectura":"2 minutos"},"schema":{"@context":"https:\/\/schema.org","@graph":[{"@type":"WebPage","@id":"https:\/\/wpguerssen-test.odoo.rgbconsulting.com\/es\/producto\/a-tu-vera-2lp\/","url":"https:\/\/wpguerssen-test.odoo.rgbconsulting.com\/es\/producto\/a-tu-vera-2lp\/","name":"TOMCATS - A Tu Vera (2LP) - (2LP) | Guerssen","isPartOf":{"@id":"https:\/\/wpguerssen-test.odoo.rgbconsulting.com\/es\/#website"},"primaryImageOfPage":{"@id":"https:\/\/wpguerssen-test.odoo.rgbconsulting.com\/es\/producto\/a-tu-vera-2lp\/#primaryimage"},"image":{"@id":"https:\/\/wpguerssen-test.odoo.rgbconsulting.com\/es\/producto\/a-tu-vera-2lp\/#primaryimage"},"thumbnailUrl":"https:\/\/wpguerssen-test.odoo.rgbconsulting.com\/wp-content\/uploads\/2022\/03\/34576.jpg","datePublished":"2019-07-28T22:00:00+00:00","dateModified":"2025-03-26T15:34:35+00:00","description":"English band Tomcats (who would later become July) spent most of 1965-1966 in Spain, where they played the clubs and released a string of thrilling EPs of feral R&B, collected here along with 1964 demos by The Second Thoughts, their early incarnation. Apart from great versions of then-recent hits by English and American artists, this double LP includes several original compositions and two covers of Spanish songs made popular by the legendary Lola Flores, which The Tomcats turned into wild, fuzzed-out rockers.","breadcrumb":{"@id":"https:\/\/wpguerssen-test.odoo.rgbconsulting.com\/es\/producto\/a-tu-vera-2lp\/#breadcrumb"},"inLanguage":"es","potentialAction":[{"@type":"ReadAction","target":["https:\/\/wpguerssen-test.odoo.rgbconsulting.com\/es\/producto\/a-tu-vera-2lp\/"]}]},{"@type":"ImageObject","inLanguage":"es","@id":"https:\/\/wpguerssen-test.odoo.rgbconsulting.com\/es\/producto\/a-tu-vera-2lp\/#primaryimage","url":"https:\/\/wpguerssen-test.odoo.rgbconsulting.com\/wp-content\/uploads\/2022\/03\/34576.jpg","contentUrl":"https:\/\/wpguerssen-test.odoo.rgbconsulting.com\/wp-content\/uploads\/2022\/03\/34576.jpg","width":382,"height":382,"caption":"TOMCATS - A Tu Vera (2LP) - MUNSTER (2LP) | Guerssen"},{"@type":"BreadcrumbList","@id":"https:\/\/wpguerssen-test.odoo.rgbconsulting.com\/es\/producto\/a-tu-vera-2lp\/#breadcrumb","itemListElement":[{"@type":"ListItem","position":1,"name":"Inicio","item":"https:\/\/wpguerssen-test.odoo.rgbconsulting.com\/es\/"},{"@type":"ListItem","position":2,"name":"Shop","item":"https:\/\/wpguerssen-test.odoo.rgbconsulting.com\/shop\/"},{"@type":"ListItem","position":3,"name":"A Tu Vera (2LP)"}]},{"@type":"WebSite","@id":"https:\/\/wpguerssen-test.odoo.rgbconsulting.com\/es\/#website","url":"https:\/\/wpguerssen-test.odoo.rgbconsulting.com\/es\/","name":"Guerssen records","description":"psychedelia - progressive - folk - garage ","publisher":{"@id":"https:\/\/wpguerssen-test.odoo.rgbconsulting.com\/es\/#organization"},"potentialAction":[{"@type":"SearchAction","target":{"@type":"EntryPoint","urlTemplate":"https:\/\/wpguerssen-test.odoo.rgbconsulting.com\/es\/?s={search_term_string}"},"query-input":{"@type":"PropertyValueSpecification","valueRequired":true,"valueName":"search_term_string"}}],"inLanguage":"es"},{"@type":"Organization","@id":"https:\/\/wpguerssen-test.odoo.rgbconsulting.com\/es\/#organization","name":"Guerssen records","url":"https:\/\/wpguerssen-test.odoo.rgbconsulting.com\/es\/","logo":{"@type":"ImageObject","inLanguage":"es","@id":"https:\/\/wpguerssen-test.odoo.rgbconsulting.com\/es\/#\/schema\/logo\/image\/","url":"https:\/\/wpguerssen-test.odoo.rgbconsulting.com\/wp-content\/uploads\/2022\/04\/Logo_Guerssen_trans_100.png","contentUrl":"https:\/\/wpguerssen-test.odoo.rgbconsulting.com\/wp-content\/uploads\/2022\/04\/Logo_Guerssen_trans_100.png","width":122,"height":100,"caption":"Guerssen records"},"image":{"@id":"https:\/\/wpguerssen-test.odoo.rgbconsulting.com\/es\/#\/schema\/logo\/image\/"}}]}},"_links":{"self":[{"href":"https:\/\/wpguerssen-test.odoo.rgbconsulting.com\/es\/wp-json\/wp\/v2\/product\/189170","targetHints":{"allow":["GET"]}}],"collection":[{"href":"https:\/\/wpguerssen-test.odoo.rgbconsulting.com\/es\/wp-json\/wp\/v2\/product"}],"about":[{"href":"https:\/\/wpguerssen-test.odoo.rgbconsulting.com\/es\/wp-json\/wp\/v2\/types\/product"}],"wp:featuredmedia":[{"embeddable":true,"href":"https:\/\/wpguerssen-test.odoo.rgbconsulting.com\/es\/wp-json\/wp\/v2\/media\/124647"}],"wp:attachment":[{"href":"https:\/\/wpguerssen-test.odoo.rgbconsulting.com\/es\/wp-json\/wp\/v2\/media?parent=189170"}],"wp:term":[{"taxonomy":"product_brand","embeddable":true,"href":"https:\/\/wpguerssen-test.odoo.rgbconsulting.com\/es\/wp-json\/wp\/v2\/product_brand?post=189170"},{"taxonomy":"product_cat","embeddable":true,"href":"https:\/\/wpguerssen-test.odoo.rgbconsulting.com\/es\/wp-json\/wp\/v2\/product_cat?post=189170"},{"taxonomy":"product_tag","embeddable":true,"href":"https:\/\/wpguerssen-test.odoo.rgbconsulting.com\/es\/wp-json\/wp\/v2\/product_tag?post=189170"}],"curies":[{"name":"wp","href":"https:\/\/api.w.org\/{rel}","templated":true}]}}