{"id":189262,"date":"2021-08-23T00:00:00","date_gmt":"2021-08-22T22:00:00","guid":{"rendered":"http:\/\/guerssen.hl1097.dinaserver.com\/product\/vertigo-egoism-the-story-of-a-life-o-s-t-color\/"},"modified":"2024-02-20T09:30:58","modified_gmt":"2024-02-20T08:30:58","slug":"vertigo-egoism-the-story-of-a-life-o-s-t-color","status":"publish","type":"product","link":"https:\/\/wpguerssen-test.odoo.rgbconsulting.com\/es\/producto\/vertigo-egoism-the-story-of-a-life-o-s-t-color\/","title":{"rendered":"Vertigo\/ Egoism \/ The Story of a Life-O.S.T. color"},"content":{"rendered":"<p>EDICI\u00d3N DE VINILO BLANCO <\/p>\n<p> B-otherSide Records se enorgullece en presentar la colaboraci\u00f3n con el legendario compositor griego Mimis Plessas, lanzando 2 \u00e1lbumes con la partitura original de pel\u00edculas de la era 1963-65, por primera vez en vinilo.<\/p>\n<p>Las grabaciones del segundo disco provienen de las pel\u00edculas \u00abV\u00e9rtigo\u00bb (1963), \u00abEgo\u00edsmo\u00bb (1963) y \u00abLa historia de una vida\u00bb (1965), donde el compositor interpret\u00f3 una extraordinaria m\u00fasica de noir-jazz, con sabor a elementos maravillosos y vanguardistas.<br \/>La funda se imprimi\u00f3 en cart\u00f3n pesado de lujo de 350 gr. e incluye un insert de 2 p\u00e1ginas con los cr\u00e9ditos de las pel\u00edculas m\u00e1s las primeras fotos publicadas del backstage de las pel\u00edculas. <br \/>Tambi\u00e9n se incluyen 3 mini carteles, r\u00e9plicas de los carteles promocionales originales de la \u00e9poca. El master de sonido final fue hecho por Yiannis Kyris y hay 250 vinilos prensados \u00bf\u00bfde color blanco y 250 de color negro.<\/p>\n","protected":false},"excerpt":{"rendered":"<p>EDICI\u00d3N DE VINILO BLANCO <\/p>\n<p>\u00a0<\/p>\n<p> B-otherSide Records se enorgullece en presentar la colaboraci\u00f3n con el legendario compositor griego Mimis Plessas, lanzando<a class=\"read\" href=\"https:\/\/wpguerssen-test.odoo.rgbconsulting.com\/es\/producto\/vertigo-egoism-the-story-of-a-life-o-s-t-color\/\"> (...)<\/a>","protected":false},"featured_media":246300,"template":"","meta":{"_acf_changed":false},"product_brand":[],"product_cat":[23227,21641],"product_tag":[],"class_list":{"0":"post-189262","1":"product","2":"type-product","3":"status-publish","4":"has-post-thumbnail","6":"product_cat-jazz-es","7":"product_cat-soundtracks-es","8":"pa_artist-plessas-mimis-es","9":"pa_format-lp-es","10":"pa_gender-jazz-soundtracks","11":"pa_label-b-otherside","12":"pa_location-europe-es","13":"pa_other-filters-vinyl-only-es","15":"first","16":"instock","17":"taxable","18":"shipping-taxable","19":"purchasable","20":"product-type-simple"},"acf":[],"yoast_head":"<!-- This site is optimized with the Yoast SEO plugin v24.9 - https:\/\/yoast.com\/wordpress\/plugins\/seo\/ -->\n<title>PLESSAS, Mimis - Vertigo\/ Egoism \/ The Story of a Life-O.S.T. color -  (LP) | Guerssen<\/title>\n<meta name=\"description\" content=\"WHITE VINYL EDITION #nl# B-otherSide records proudly presents the collaboration with the legendary Greek composer Mimis Plessas, releasing 2 albums with original score from movies of the era 1963-65, first time ever pressed on vinyl. #nl# The recordings at the second album are coming from the movies &quot;Vertigo&quot; (1963), &quot;Egoism&quot; (1963) and &quot;The story of a life&quot; (1965), where the composer played an extraordinary noir- jazz music, flavoured with groovy and avant-garde elements.The sleeve have been printed at heavy deluxe carton of 350 gr. and includes a 2-page insert with the movies&#039; credits plus first ever released photos from the backstage of the movies. There are also included 3 mini posters, replicas from the original promotional posters of that era. The final sound master was made from Yiannis Kyris and there are pressed 250 white color and 250 black color vinyls.\" \/>\n<meta name=\"robots\" content=\"index, follow, max-snippet:-1, max-image-preview:large, max-video-preview:-1\" \/>\n<link rel=\"canonical\" href=\"https:\/\/wpguerssen-test.odoo.rgbconsulting.com\/es\/producto\/vertigo-egoism-the-story-of-a-life-o-s-t-color\/\" \/>\n<meta property=\"og:locale\" content=\"es_ES\" \/>\n<meta property=\"og:type\" content=\"article\" \/>\n<meta property=\"og:title\" content=\"PLESSAS, Mimis - Vertigo\/ Egoism \/ The Story of a Life-O.S.T. color -  (LP) | Guerssen\" \/>\n<meta property=\"og:description\" content=\"WHITE VINYL EDITION #nl# B-otherSide records proudly presents the collaboration with the legendary Greek composer Mimis Plessas, releasing 2 albums with original score from movies of the era 1963-65, first time ever pressed on vinyl. #nl# The recordings at the second album are coming from the movies &quot;Vertigo&quot; (1963), &quot;Egoism&quot; (1963) and &quot;The story of a life&quot; (1965), where the composer played an extraordinary noir- jazz music, flavoured with groovy and avant-garde elements.The sleeve have been printed at heavy deluxe carton of 350 gr. and includes a 2-page insert with the movies&#039; credits plus first ever released photos from the backstage of the movies. There are also included 3 mini posters, replicas from the original promotional posters of that era. The final sound master was made from Yiannis Kyris and there are pressed 250 white color and 250 black color vinyls.\" \/>\n<meta property=\"og:url\" content=\"https:\/\/wpguerssen-test.odoo.rgbconsulting.com\/es\/producto\/vertigo-egoism-the-story-of-a-life-o-s-t-color\/\" \/>\n<meta property=\"og:site_name\" content=\"Guerssen records\" \/>\n<meta property=\"article:modified_time\" content=\"2024-02-20T08:30:58+00:00\" \/>\n<meta property=\"og:image\" content=\"https:\/\/wpguerssen-test.odoo.rgbconsulting.com\/wp-content\/uploads\/2023\/11\/34807.jpg\" \/>\n\t<meta property=\"og:image:width\" content=\"500\" \/>\n\t<meta property=\"og:image:height\" content=\"500\" \/>\n\t<meta property=\"og:image:type\" content=\"image\/jpeg\" \/>\n<meta name=\"twitter:card\" content=\"summary_large_image\" \/>\n<meta name=\"twitter:title\" content=\"PLESSAS, Mimis - Vertigo\/ Egoism \/ The Story of a Life-O.S.T. color -  (LP) | Guerssen\" \/>\n<meta name=\"twitter:label1\" content=\"Tiempo de lectura\" \/>\n\t<meta name=\"twitter:data1\" content=\"1 minuto\" \/>\n<script type=\"application\/ld+json\" class=\"yoast-schema-graph\">{\"@context\":\"https:\/\/schema.org\",\"@graph\":[{\"@type\":\"WebPage\",\"@id\":\"https:\/\/wpguerssen-test.odoo.rgbconsulting.com\/es\/producto\/vertigo-egoism-the-story-of-a-life-o-s-t-color\/\",\"url\":\"https:\/\/wpguerssen-test.odoo.rgbconsulting.com\/es\/producto\/vertigo-egoism-the-story-of-a-life-o-s-t-color\/\",\"name\":\"PLESSAS, Mimis - Vertigo\/ Egoism \/ The Story of a Life-O.S.T. color - (LP) | Guerssen\",\"isPartOf\":{\"@id\":\"https:\/\/wpguerssen-test.odoo.rgbconsulting.com\/es\/#website\"},\"primaryImageOfPage\":{\"@id\":\"https:\/\/wpguerssen-test.odoo.rgbconsulting.com\/es\/producto\/vertigo-egoism-the-story-of-a-life-o-s-t-color\/#primaryimage\"},\"image\":{\"@id\":\"https:\/\/wpguerssen-test.odoo.rgbconsulting.com\/es\/producto\/vertigo-egoism-the-story-of-a-life-o-s-t-color\/#primaryimage\"},\"thumbnailUrl\":\"https:\/\/wpguerssen-test.odoo.rgbconsulting.com\/wp-content\/uploads\/2023\/11\/34807.jpg\",\"datePublished\":\"2021-08-22T22:00:00+00:00\",\"dateModified\":\"2024-02-20T08:30:58+00:00\",\"description\":\"WHITE VINYL EDITION #nl# B-otherSide records proudly presents the collaboration with the legendary Greek composer Mimis Plessas, releasing 2 albums with original score from movies of the era 1963-65, first time ever pressed on vinyl. #nl# The recordings at the second album are coming from the movies \\\"Vertigo\\\" (1963), \\\"Egoism\\\" (1963) and \\\"The story of a life\\\" (1965), where the composer played an extraordinary noir- jazz music, flavoured with groovy and avant-garde elements.The sleeve have been printed at heavy deluxe carton of 350 gr. and includes a 2-page insert with the movies' credits plus first ever released photos from the backstage of the movies. There are also included 3 mini posters, replicas from the original promotional posters of that era. The final sound master was made from Yiannis Kyris and there are pressed 250 white color and 250 black color vinyls.\",\"breadcrumb\":{\"@id\":\"https:\/\/wpguerssen-test.odoo.rgbconsulting.com\/es\/producto\/vertigo-egoism-the-story-of-a-life-o-s-t-color\/#breadcrumb\"},\"inLanguage\":\"es\",\"potentialAction\":[{\"@type\":\"ReadAction\",\"target\":[\"https:\/\/wpguerssen-test.odoo.rgbconsulting.com\/es\/producto\/vertigo-egoism-the-story-of-a-life-o-s-t-color\/\"]}]},{\"@type\":\"ImageObject\",\"inLanguage\":\"es\",\"@id\":\"https:\/\/wpguerssen-test.odoo.rgbconsulting.com\/es\/producto\/vertigo-egoism-the-story-of-a-life-o-s-t-color\/#primaryimage\",\"url\":\"https:\/\/wpguerssen-test.odoo.rgbconsulting.com\/wp-content\/uploads\/2023\/11\/34807.jpg\",\"contentUrl\":\"https:\/\/wpguerssen-test.odoo.rgbconsulting.com\/wp-content\/uploads\/2023\/11\/34807.jpg\",\"width\":500,\"height\":500,\"caption\":\"Mimis - Vertigo\/ Egoism \/ The Story of a Life-O.S.T. color - B-OTHERSIDE (LP) | Guerssen\"},{\"@type\":\"BreadcrumbList\",\"@id\":\"https:\/\/wpguerssen-test.odoo.rgbconsulting.com\/es\/producto\/vertigo-egoism-the-story-of-a-life-o-s-t-color\/#breadcrumb\",\"itemListElement\":[{\"@type\":\"ListItem\",\"position\":1,\"name\":\"Inicio\",\"item\":\"https:\/\/wpguerssen-test.odoo.rgbconsulting.com\/es\/\"},{\"@type\":\"ListItem\",\"position\":2,\"name\":\"Shop\",\"item\":\"https:\/\/wpguerssen-test.odoo.rgbconsulting.com\/shop\/\"},{\"@type\":\"ListItem\",\"position\":3,\"name\":\"Vertigo\/ Egoism \/ The Story of a Life-O.S.T. color\"}]},{\"@type\":\"WebSite\",\"@id\":\"https:\/\/wpguerssen-test.odoo.rgbconsulting.com\/es\/#website\",\"url\":\"https:\/\/wpguerssen-test.odoo.rgbconsulting.com\/es\/\",\"name\":\"Guerssen records\",\"description\":\"psychedelia - progressive - folk - garage \",\"publisher\":{\"@id\":\"https:\/\/wpguerssen-test.odoo.rgbconsulting.com\/es\/#organization\"},\"potentialAction\":[{\"@type\":\"SearchAction\",\"target\":{\"@type\":\"EntryPoint\",\"urlTemplate\":\"https:\/\/wpguerssen-test.odoo.rgbconsulting.com\/es\/?s={search_term_string}\"},\"query-input\":{\"@type\":\"PropertyValueSpecification\",\"valueRequired\":true,\"valueName\":\"search_term_string\"}}],\"inLanguage\":\"es\"},{\"@type\":\"Organization\",\"@id\":\"https:\/\/wpguerssen-test.odoo.rgbconsulting.com\/es\/#organization\",\"name\":\"Guerssen records\",\"url\":\"https:\/\/wpguerssen-test.odoo.rgbconsulting.com\/es\/\",\"logo\":{\"@type\":\"ImageObject\",\"inLanguage\":\"es\",\"@id\":\"https:\/\/wpguerssen-test.odoo.rgbconsulting.com\/es\/#\/schema\/logo\/image\/\",\"url\":\"https:\/\/wpguerssen-test.odoo.rgbconsulting.com\/wp-content\/uploads\/2022\/04\/Logo_Guerssen_trans_100.png\",\"contentUrl\":\"https:\/\/wpguerssen-test.odoo.rgbconsulting.com\/wp-content\/uploads\/2022\/04\/Logo_Guerssen_trans_100.png\",\"width\":122,\"height\":100,\"caption\":\"Guerssen records\"},\"image\":{\"@id\":\"https:\/\/wpguerssen-test.odoo.rgbconsulting.com\/es\/#\/schema\/logo\/image\/\"}}]}<\/script>\n<!-- \/ Yoast SEO plugin. -->","yoast_head_json":{"title":"PLESSAS, Mimis - Vertigo\/ Egoism \/ The Story of a Life-O.S.T. color -  (LP) | Guerssen","description":"WHITE VINYL EDITION #nl# B-otherSide records proudly presents the collaboration with the legendary Greek composer Mimis Plessas, releasing 2 albums with original score from movies of the era 1963-65, first time ever pressed on vinyl. #nl# The recordings at the second album are coming from the movies \"Vertigo\" (1963), \"Egoism\" (1963) and \"The story of a life\" (1965), where the composer played an extraordinary noir- jazz music, flavoured with groovy and avant-garde elements.The sleeve have been printed at heavy deluxe carton of 350 gr. and includes a 2-page insert with the movies' credits plus first ever released photos from the backstage of the movies. There are also included 3 mini posters, replicas from the original promotional posters of that era. The final sound master was made from Yiannis Kyris and there are pressed 250 white color and 250 black color vinyls.","robots":{"index":"index","follow":"follow","max-snippet":"max-snippet:-1","max-image-preview":"max-image-preview:large","max-video-preview":"max-video-preview:-1"},"canonical":"https:\/\/wpguerssen-test.odoo.rgbconsulting.com\/es\/producto\/vertigo-egoism-the-story-of-a-life-o-s-t-color\/","og_locale":"es_ES","og_type":"article","og_title":"PLESSAS, Mimis - Vertigo\/ Egoism \/ The Story of a Life-O.S.T. color -  (LP) | Guerssen","og_description":"WHITE VINYL EDITION #nl# B-otherSide records proudly presents the collaboration with the legendary Greek composer Mimis Plessas, releasing 2 albums with original score from movies of the era 1963-65, first time ever pressed on vinyl. #nl# The recordings at the second album are coming from the movies \"Vertigo\" (1963), \"Egoism\" (1963) and \"The story of a life\" (1965), where the composer played an extraordinary noir- jazz music, flavoured with groovy and avant-garde elements.The sleeve have been printed at heavy deluxe carton of 350 gr. and includes a 2-page insert with the movies' credits plus first ever released photos from the backstage of the movies. There are also included 3 mini posters, replicas from the original promotional posters of that era. The final sound master was made from Yiannis Kyris and there are pressed 250 white color and 250 black color vinyls.","og_url":"https:\/\/wpguerssen-test.odoo.rgbconsulting.com\/es\/producto\/vertigo-egoism-the-story-of-a-life-o-s-t-color\/","og_site_name":"Guerssen records","article_modified_time":"2024-02-20T08:30:58+00:00","og_image":[{"width":500,"height":500,"url":"https:\/\/wpguerssen-test.odoo.rgbconsulting.com\/wp-content\/uploads\/2023\/11\/34807.jpg","type":"image\/jpeg"}],"twitter_card":"summary_large_image","twitter_title":"PLESSAS, Mimis - Vertigo\/ Egoism \/ The Story of a Life-O.S.T. color -  (LP) | Guerssen","twitter_misc":{"Tiempo de lectura":"1 minuto"},"schema":{"@context":"https:\/\/schema.org","@graph":[{"@type":"WebPage","@id":"https:\/\/wpguerssen-test.odoo.rgbconsulting.com\/es\/producto\/vertigo-egoism-the-story-of-a-life-o-s-t-color\/","url":"https:\/\/wpguerssen-test.odoo.rgbconsulting.com\/es\/producto\/vertigo-egoism-the-story-of-a-life-o-s-t-color\/","name":"PLESSAS, Mimis - Vertigo\/ Egoism \/ The Story of a Life-O.S.T. color - (LP) | Guerssen","isPartOf":{"@id":"https:\/\/wpguerssen-test.odoo.rgbconsulting.com\/es\/#website"},"primaryImageOfPage":{"@id":"https:\/\/wpguerssen-test.odoo.rgbconsulting.com\/es\/producto\/vertigo-egoism-the-story-of-a-life-o-s-t-color\/#primaryimage"},"image":{"@id":"https:\/\/wpguerssen-test.odoo.rgbconsulting.com\/es\/producto\/vertigo-egoism-the-story-of-a-life-o-s-t-color\/#primaryimage"},"thumbnailUrl":"https:\/\/wpguerssen-test.odoo.rgbconsulting.com\/wp-content\/uploads\/2023\/11\/34807.jpg","datePublished":"2021-08-22T22:00:00+00:00","dateModified":"2024-02-20T08:30:58+00:00","description":"WHITE VINYL EDITION #nl# B-otherSide records proudly presents the collaboration with the legendary Greek composer Mimis Plessas, releasing 2 albums with original score from movies of the era 1963-65, first time ever pressed on vinyl. #nl# The recordings at the second album are coming from the movies \"Vertigo\" (1963), \"Egoism\" (1963) and \"The story of a life\" (1965), where the composer played an extraordinary noir- jazz music, flavoured with groovy and avant-garde elements.The sleeve have been printed at heavy deluxe carton of 350 gr. and includes a 2-page insert with the movies' credits plus first ever released photos from the backstage of the movies. There are also included 3 mini posters, replicas from the original promotional posters of that era. The final sound master was made from Yiannis Kyris and there are pressed 250 white color and 250 black color vinyls.","breadcrumb":{"@id":"https:\/\/wpguerssen-test.odoo.rgbconsulting.com\/es\/producto\/vertigo-egoism-the-story-of-a-life-o-s-t-color\/#breadcrumb"},"inLanguage":"es","potentialAction":[{"@type":"ReadAction","target":["https:\/\/wpguerssen-test.odoo.rgbconsulting.com\/es\/producto\/vertigo-egoism-the-story-of-a-life-o-s-t-color\/"]}]},{"@type":"ImageObject","inLanguage":"es","@id":"https:\/\/wpguerssen-test.odoo.rgbconsulting.com\/es\/producto\/vertigo-egoism-the-story-of-a-life-o-s-t-color\/#primaryimage","url":"https:\/\/wpguerssen-test.odoo.rgbconsulting.com\/wp-content\/uploads\/2023\/11\/34807.jpg","contentUrl":"https:\/\/wpguerssen-test.odoo.rgbconsulting.com\/wp-content\/uploads\/2023\/11\/34807.jpg","width":500,"height":500,"caption":"Mimis - Vertigo\/ Egoism \/ The Story of a Life-O.S.T. color - B-OTHERSIDE (LP) | Guerssen"},{"@type":"BreadcrumbList","@id":"https:\/\/wpguerssen-test.odoo.rgbconsulting.com\/es\/producto\/vertigo-egoism-the-story-of-a-life-o-s-t-color\/#breadcrumb","itemListElement":[{"@type":"ListItem","position":1,"name":"Inicio","item":"https:\/\/wpguerssen-test.odoo.rgbconsulting.com\/es\/"},{"@type":"ListItem","position":2,"name":"Shop","item":"https:\/\/wpguerssen-test.odoo.rgbconsulting.com\/shop\/"},{"@type":"ListItem","position":3,"name":"Vertigo\/ Egoism \/ The Story of a Life-O.S.T. color"}]},{"@type":"WebSite","@id":"https:\/\/wpguerssen-test.odoo.rgbconsulting.com\/es\/#website","url":"https:\/\/wpguerssen-test.odoo.rgbconsulting.com\/es\/","name":"Guerssen records","description":"psychedelia - progressive - folk - garage ","publisher":{"@id":"https:\/\/wpguerssen-test.odoo.rgbconsulting.com\/es\/#organization"},"potentialAction":[{"@type":"SearchAction","target":{"@type":"EntryPoint","urlTemplate":"https:\/\/wpguerssen-test.odoo.rgbconsulting.com\/es\/?s={search_term_string}"},"query-input":{"@type":"PropertyValueSpecification","valueRequired":true,"valueName":"search_term_string"}}],"inLanguage":"es"},{"@type":"Organization","@id":"https:\/\/wpguerssen-test.odoo.rgbconsulting.com\/es\/#organization","name":"Guerssen records","url":"https:\/\/wpguerssen-test.odoo.rgbconsulting.com\/es\/","logo":{"@type":"ImageObject","inLanguage":"es","@id":"https:\/\/wpguerssen-test.odoo.rgbconsulting.com\/es\/#\/schema\/logo\/image\/","url":"https:\/\/wpguerssen-test.odoo.rgbconsulting.com\/wp-content\/uploads\/2022\/04\/Logo_Guerssen_trans_100.png","contentUrl":"https:\/\/wpguerssen-test.odoo.rgbconsulting.com\/wp-content\/uploads\/2022\/04\/Logo_Guerssen_trans_100.png","width":122,"height":100,"caption":"Guerssen records"},"image":{"@id":"https:\/\/wpguerssen-test.odoo.rgbconsulting.com\/es\/#\/schema\/logo\/image\/"}}]}},"_links":{"self":[{"href":"https:\/\/wpguerssen-test.odoo.rgbconsulting.com\/es\/wp-json\/wp\/v2\/product\/189262","targetHints":{"allow":["GET"]}}],"collection":[{"href":"https:\/\/wpguerssen-test.odoo.rgbconsulting.com\/es\/wp-json\/wp\/v2\/product"}],"about":[{"href":"https:\/\/wpguerssen-test.odoo.rgbconsulting.com\/es\/wp-json\/wp\/v2\/types\/product"}],"wp:featuredmedia":[{"embeddable":true,"href":"https:\/\/wpguerssen-test.odoo.rgbconsulting.com\/es\/wp-json\/wp\/v2\/media\/246300"}],"wp:attachment":[{"href":"https:\/\/wpguerssen-test.odoo.rgbconsulting.com\/es\/wp-json\/wp\/v2\/media?parent=189262"}],"wp:term":[{"taxonomy":"product_brand","embeddable":true,"href":"https:\/\/wpguerssen-test.odoo.rgbconsulting.com\/es\/wp-json\/wp\/v2\/product_brand?post=189262"},{"taxonomy":"product_cat","embeddable":true,"href":"https:\/\/wpguerssen-test.odoo.rgbconsulting.com\/es\/wp-json\/wp\/v2\/product_cat?post=189262"},{"taxonomy":"product_tag","embeddable":true,"href":"https:\/\/wpguerssen-test.odoo.rgbconsulting.com\/es\/wp-json\/wp\/v2\/product_tag?post=189262"}],"curies":[{"name":"wp","href":"https:\/\/api.w.org\/{rel}","templated":true}]}}