{"id":189360,"date":"2019-07-31T00:00:00","date_gmt":"2019-07-30T22:00:00","guid":{"rendered":"http:\/\/guerssen.hl1097.dinaserver.com\/product\/francoise-hardy\/"},"modified":"2025-03-26T16:35:04","modified_gmt":"2025-03-26T15:35:04","slug":"francoise-hardy","status":"publish","type":"product","link":"https:\/\/wpguerssen-test.odoo.rgbconsulting.com\/es\/producto\/francoise-hardy\/","title":{"rendered":"Fran\u00e7oise Hardy"},"content":{"rendered":"<p>El cuarto disco de la Hardy, de 1964.<\/p>\n","protected":false},"excerpt":{"rendered":"<p>El cuarto disco de la Hardy, de 1964.<\/p>\n","protected":false},"featured_media":125029,"template":"","meta":{"_acf_changed":false},"product_brand":[],"product_cat":[23281,23234],"product_tag":[],"class_list":{"0":"post-189360","1":"product","2":"type-product","3":"status-publish","4":"has-post-thumbnail","6":"product_cat-garagebeatrnb60-70-es","7":"product_cat-pop-rock-es","8":"pa_artist-hardy-francoise-es","9":"pa_format-lp-es","10":"pa_gender-pop-rock-garagebeatrnb60-70","11":"pa_label-audio-clarity-es","12":"pa_location-europe-es","13":"pa_other-filters-vinyl-only-es","15":"first","16":"instock","17":"taxable","18":"shipping-taxable","19":"purchasable","20":"product-type-simple"},"acf":[],"yoast_head":"<!-- This site is optimized with the Yoast SEO plugin v24.9 - https:\/\/yoast.com\/wordpress\/plugins\/seo\/ -->\n<title>HARDY, Fran\u00e7oise - Fran\u00e7oise Hardy -  (LP) | Guerssen<\/title>\n<meta name=\"description\" content=\"Fran\u00e7oise Madeleine Hardy became an international sensation during the early 1960s through her popular releases on Disques Vogue, the French jazz label that began showcasing chanson. Born in 1944 and raised in a single-parent household in the bustling Opera district of Paris, she had little contact with her father, though his gift of a guitar when she graduated high school aided her musical development. Charles Trenet and Cora Vaucaire were early influences, along with Elvis, Cliff Richard, The Everley Brothers, Paul Anka, Marty Wilde and Connie Francis, as heard on Radio Luxembourg. Answering a newspaper ad recruiting unknown singers while a freshman at the Sorbonne, Hardy signed to Disques Vogue in late 1961, scoring an instant success with single B-side, &quot;Tous Les Gar\u00e7ons Et Les Filles&quot;, which brought her to the forefront of the Y\u00e9-y\u00e9 movement, melding chanson with Anglophone rock and pop. Mon Amie La Rose, her fourth album, was released in 1964; backed by the Charles Blackwell orchestra, it contains &quot;Dans Le Mode Entier&quot;, which became a huge chart hit in English as &quot;All Over The World.&quot;\" \/>\n<meta name=\"robots\" content=\"index, follow, max-snippet:-1, max-image-preview:large, max-video-preview:-1\" \/>\n<link rel=\"canonical\" href=\"https:\/\/wpguerssen-test.odoo.rgbconsulting.com\/es\/producto\/francoise-hardy\/\" \/>\n<meta property=\"og:locale\" content=\"es_ES\" \/>\n<meta property=\"og:type\" content=\"article\" \/>\n<meta property=\"og:title\" content=\"HARDY, Fran\u00e7oise - Fran\u00e7oise Hardy -  (LP) | Guerssen\" \/>\n<meta property=\"og:description\" content=\"Fran\u00e7oise Madeleine Hardy became an international sensation during the early 1960s through her popular releases on Disques Vogue, the French jazz label that began showcasing chanson. Born in 1944 and raised in a single-parent household in the bustling Opera district of Paris, she had little contact with her father, though his gift of a guitar when she graduated high school aided her musical development. Charles Trenet and Cora Vaucaire were early influences, along with Elvis, Cliff Richard, The Everley Brothers, Paul Anka, Marty Wilde and Connie Francis, as heard on Radio Luxembourg. Answering a newspaper ad recruiting unknown singers while a freshman at the Sorbonne, Hardy signed to Disques Vogue in late 1961, scoring an instant success with single B-side, &quot;Tous Les Gar\u00e7ons Et Les Filles&quot;, which brought her to the forefront of the Y\u00e9-y\u00e9 movement, melding chanson with Anglophone rock and pop. Mon Amie La Rose, her fourth album, was released in 1964; backed by the Charles Blackwell orchestra, it contains &quot;Dans Le Mode Entier&quot;, which became a huge chart hit in English as &quot;All Over The World.&quot;\" \/>\n<meta property=\"og:url\" content=\"https:\/\/wpguerssen-test.odoo.rgbconsulting.com\/es\/producto\/francoise-hardy\/\" \/>\n<meta property=\"og:site_name\" content=\"Guerssen records\" \/>\n<meta property=\"article:modified_time\" content=\"2025-03-26T15:35:04+00:00\" \/>\n<meta property=\"og:image\" content=\"https:\/\/wpguerssen-test.odoo.rgbconsulting.com\/wp-content\/uploads\/2022\/03\/35039.jpg\" \/>\n\t<meta property=\"og:image:width\" content=\"970\" \/>\n\t<meta property=\"og:image:height\" content=\"970\" \/>\n\t<meta property=\"og:image:type\" content=\"image\/jpeg\" \/>\n<meta name=\"twitter:card\" content=\"summary_large_image\" \/>\n<meta name=\"twitter:title\" content=\"HARDY, Fran\u00e7oise - Fran\u00e7oise Hardy -  (LP) | Guerssen\" \/>\n<script type=\"application\/ld+json\" class=\"yoast-schema-graph\">{\"@context\":\"https:\/\/schema.org\",\"@graph\":[{\"@type\":\"WebPage\",\"@id\":\"https:\/\/wpguerssen-test.odoo.rgbconsulting.com\/es\/producto\/francoise-hardy\/\",\"url\":\"https:\/\/wpguerssen-test.odoo.rgbconsulting.com\/es\/producto\/francoise-hardy\/\",\"name\":\"HARDY, Fran\u00e7oise - Fran\u00e7oise Hardy - (LP) | Guerssen\",\"isPartOf\":{\"@id\":\"https:\/\/wpguerssen-test.odoo.rgbconsulting.com\/es\/#website\"},\"primaryImageOfPage\":{\"@id\":\"https:\/\/wpguerssen-test.odoo.rgbconsulting.com\/es\/producto\/francoise-hardy\/#primaryimage\"},\"image\":{\"@id\":\"https:\/\/wpguerssen-test.odoo.rgbconsulting.com\/es\/producto\/francoise-hardy\/#primaryimage\"},\"thumbnailUrl\":\"https:\/\/wpguerssen-test.odoo.rgbconsulting.com\/wp-content\/uploads\/2022\/03\/35039.jpg\",\"datePublished\":\"2019-07-30T22:00:00+00:00\",\"dateModified\":\"2025-03-26T15:35:04+00:00\",\"description\":\"Fran\u00e7oise Madeleine Hardy became an international sensation during the early 1960s through her popular releases on Disques Vogue, the French jazz label that began showcasing chanson. Born in 1944 and raised in a single-parent household in the bustling Opera district of Paris, she had little contact with her father, though his gift of a guitar when she graduated high school aided her musical development. Charles Trenet and Cora Vaucaire were early influences, along with Elvis, Cliff Richard, The Everley Brothers, Paul Anka, Marty Wilde and Connie Francis, as heard on Radio Luxembourg. Answering a newspaper ad recruiting unknown singers while a freshman at the Sorbonne, Hardy signed to Disques Vogue in late 1961, scoring an instant success with single B-side, \\\"Tous Les Gar\u00e7ons Et Les Filles\\\", which brought her to the forefront of the Y\u00e9-y\u00e9 movement, melding chanson with Anglophone rock and pop. Mon Amie La Rose, her fourth album, was released in 1964; backed by the Charles Blackwell orchestra, it contains \\\"Dans Le Mode Entier\\\", which became a huge chart hit in English as \\\"All Over The World.\\\"\",\"breadcrumb\":{\"@id\":\"https:\/\/wpguerssen-test.odoo.rgbconsulting.com\/es\/producto\/francoise-hardy\/#breadcrumb\"},\"inLanguage\":\"es\",\"potentialAction\":[{\"@type\":\"ReadAction\",\"target\":[\"https:\/\/wpguerssen-test.odoo.rgbconsulting.com\/es\/producto\/francoise-hardy\/\"]}]},{\"@type\":\"ImageObject\",\"inLanguage\":\"es\",\"@id\":\"https:\/\/wpguerssen-test.odoo.rgbconsulting.com\/es\/producto\/francoise-hardy\/#primaryimage\",\"url\":\"https:\/\/wpguerssen-test.odoo.rgbconsulting.com\/wp-content\/uploads\/2022\/03\/35039.jpg\",\"contentUrl\":\"https:\/\/wpguerssen-test.odoo.rgbconsulting.com\/wp-content\/uploads\/2022\/03\/35039.jpg\",\"width\":970,\"height\":970,\"caption\":\"Fran\u00e7oise - Fran\u00e7oise Hardy - AUDIO CLARITY (LP) | Guerssen\"},{\"@type\":\"BreadcrumbList\",\"@id\":\"https:\/\/wpguerssen-test.odoo.rgbconsulting.com\/es\/producto\/francoise-hardy\/#breadcrumb\",\"itemListElement\":[{\"@type\":\"ListItem\",\"position\":1,\"name\":\"Inicio\",\"item\":\"https:\/\/wpguerssen-test.odoo.rgbconsulting.com\/es\/\"},{\"@type\":\"ListItem\",\"position\":2,\"name\":\"Shop\",\"item\":\"https:\/\/wpguerssen-test.odoo.rgbconsulting.com\/shop\/\"},{\"@type\":\"ListItem\",\"position\":3,\"name\":\"Fran\u00e7oise Hardy\"}]},{\"@type\":\"WebSite\",\"@id\":\"https:\/\/wpguerssen-test.odoo.rgbconsulting.com\/es\/#website\",\"url\":\"https:\/\/wpguerssen-test.odoo.rgbconsulting.com\/es\/\",\"name\":\"Guerssen records\",\"description\":\"psychedelia - progressive - folk - garage \",\"publisher\":{\"@id\":\"https:\/\/wpguerssen-test.odoo.rgbconsulting.com\/es\/#organization\"},\"potentialAction\":[{\"@type\":\"SearchAction\",\"target\":{\"@type\":\"EntryPoint\",\"urlTemplate\":\"https:\/\/wpguerssen-test.odoo.rgbconsulting.com\/es\/?s={search_term_string}\"},\"query-input\":{\"@type\":\"PropertyValueSpecification\",\"valueRequired\":true,\"valueName\":\"search_term_string\"}}],\"inLanguage\":\"es\"},{\"@type\":\"Organization\",\"@id\":\"https:\/\/wpguerssen-test.odoo.rgbconsulting.com\/es\/#organization\",\"name\":\"Guerssen records\",\"url\":\"https:\/\/wpguerssen-test.odoo.rgbconsulting.com\/es\/\",\"logo\":{\"@type\":\"ImageObject\",\"inLanguage\":\"es\",\"@id\":\"https:\/\/wpguerssen-test.odoo.rgbconsulting.com\/es\/#\/schema\/logo\/image\/\",\"url\":\"https:\/\/wpguerssen-test.odoo.rgbconsulting.com\/wp-content\/uploads\/2022\/04\/Logo_Guerssen_trans_100.png\",\"contentUrl\":\"https:\/\/wpguerssen-test.odoo.rgbconsulting.com\/wp-content\/uploads\/2022\/04\/Logo_Guerssen_trans_100.png\",\"width\":122,\"height\":100,\"caption\":\"Guerssen records\"},\"image\":{\"@id\":\"https:\/\/wpguerssen-test.odoo.rgbconsulting.com\/es\/#\/schema\/logo\/image\/\"}}]}<\/script>\n<!-- \/ Yoast SEO plugin. -->","yoast_head_json":{"title":"HARDY, Fran\u00e7oise - Fran\u00e7oise Hardy -  (LP) | Guerssen","description":"Fran\u00e7oise Madeleine Hardy became an international sensation during the early 1960s through her popular releases on Disques Vogue, the French jazz label that began showcasing chanson. Born in 1944 and raised in a single-parent household in the bustling Opera district of Paris, she had little contact with her father, though his gift of a guitar when she graduated high school aided her musical development. Charles Trenet and Cora Vaucaire were early influences, along with Elvis, Cliff Richard, The Everley Brothers, Paul Anka, Marty Wilde and Connie Francis, as heard on Radio Luxembourg. Answering a newspaper ad recruiting unknown singers while a freshman at the Sorbonne, Hardy signed to Disques Vogue in late 1961, scoring an instant success with single B-side, \"Tous Les Gar\u00e7ons Et Les Filles\", which brought her to the forefront of the Y\u00e9-y\u00e9 movement, melding chanson with Anglophone rock and pop. Mon Amie La Rose, her fourth album, was released in 1964; backed by the Charles Blackwell orchestra, it contains \"Dans Le Mode Entier\", which became a huge chart hit in English as \"All Over The World.\"","robots":{"index":"index","follow":"follow","max-snippet":"max-snippet:-1","max-image-preview":"max-image-preview:large","max-video-preview":"max-video-preview:-1"},"canonical":"https:\/\/wpguerssen-test.odoo.rgbconsulting.com\/es\/producto\/francoise-hardy\/","og_locale":"es_ES","og_type":"article","og_title":"HARDY, Fran\u00e7oise - Fran\u00e7oise Hardy -  (LP) | Guerssen","og_description":"Fran\u00e7oise Madeleine Hardy became an international sensation during the early 1960s through her popular releases on Disques Vogue, the French jazz label that began showcasing chanson. Born in 1944 and raised in a single-parent household in the bustling Opera district of Paris, she had little contact with her father, though his gift of a guitar when she graduated high school aided her musical development. Charles Trenet and Cora Vaucaire were early influences, along with Elvis, Cliff Richard, The Everley Brothers, Paul Anka, Marty Wilde and Connie Francis, as heard on Radio Luxembourg. Answering a newspaper ad recruiting unknown singers while a freshman at the Sorbonne, Hardy signed to Disques Vogue in late 1961, scoring an instant success with single B-side, \"Tous Les Gar\u00e7ons Et Les Filles\", which brought her to the forefront of the Y\u00e9-y\u00e9 movement, melding chanson with Anglophone rock and pop. Mon Amie La Rose, her fourth album, was released in 1964; backed by the Charles Blackwell orchestra, it contains \"Dans Le Mode Entier\", which became a huge chart hit in English as \"All Over The World.\"","og_url":"https:\/\/wpguerssen-test.odoo.rgbconsulting.com\/es\/producto\/francoise-hardy\/","og_site_name":"Guerssen records","article_modified_time":"2025-03-26T15:35:04+00:00","og_image":[{"width":970,"height":970,"url":"https:\/\/wpguerssen-test.odoo.rgbconsulting.com\/wp-content\/uploads\/2022\/03\/35039.jpg","type":"image\/jpeg"}],"twitter_card":"summary_large_image","twitter_title":"HARDY, Fran\u00e7oise - Fran\u00e7oise Hardy -  (LP) | Guerssen","schema":{"@context":"https:\/\/schema.org","@graph":[{"@type":"WebPage","@id":"https:\/\/wpguerssen-test.odoo.rgbconsulting.com\/es\/producto\/francoise-hardy\/","url":"https:\/\/wpguerssen-test.odoo.rgbconsulting.com\/es\/producto\/francoise-hardy\/","name":"HARDY, Fran\u00e7oise - Fran\u00e7oise Hardy - (LP) | Guerssen","isPartOf":{"@id":"https:\/\/wpguerssen-test.odoo.rgbconsulting.com\/es\/#website"},"primaryImageOfPage":{"@id":"https:\/\/wpguerssen-test.odoo.rgbconsulting.com\/es\/producto\/francoise-hardy\/#primaryimage"},"image":{"@id":"https:\/\/wpguerssen-test.odoo.rgbconsulting.com\/es\/producto\/francoise-hardy\/#primaryimage"},"thumbnailUrl":"https:\/\/wpguerssen-test.odoo.rgbconsulting.com\/wp-content\/uploads\/2022\/03\/35039.jpg","datePublished":"2019-07-30T22:00:00+00:00","dateModified":"2025-03-26T15:35:04+00:00","description":"Fran\u00e7oise Madeleine Hardy became an international sensation during the early 1960s through her popular releases on Disques Vogue, the French jazz label that began showcasing chanson. Born in 1944 and raised in a single-parent household in the bustling Opera district of Paris, she had little contact with her father, though his gift of a guitar when she graduated high school aided her musical development. Charles Trenet and Cora Vaucaire were early influences, along with Elvis, Cliff Richard, The Everley Brothers, Paul Anka, Marty Wilde and Connie Francis, as heard on Radio Luxembourg. Answering a newspaper ad recruiting unknown singers while a freshman at the Sorbonne, Hardy signed to Disques Vogue in late 1961, scoring an instant success with single B-side, \"Tous Les Gar\u00e7ons Et Les Filles\", which brought her to the forefront of the Y\u00e9-y\u00e9 movement, melding chanson with Anglophone rock and pop. Mon Amie La Rose, her fourth album, was released in 1964; backed by the Charles Blackwell orchestra, it contains \"Dans Le Mode Entier\", which became a huge chart hit in English as \"All Over The World.\"","breadcrumb":{"@id":"https:\/\/wpguerssen-test.odoo.rgbconsulting.com\/es\/producto\/francoise-hardy\/#breadcrumb"},"inLanguage":"es","potentialAction":[{"@type":"ReadAction","target":["https:\/\/wpguerssen-test.odoo.rgbconsulting.com\/es\/producto\/francoise-hardy\/"]}]},{"@type":"ImageObject","inLanguage":"es","@id":"https:\/\/wpguerssen-test.odoo.rgbconsulting.com\/es\/producto\/francoise-hardy\/#primaryimage","url":"https:\/\/wpguerssen-test.odoo.rgbconsulting.com\/wp-content\/uploads\/2022\/03\/35039.jpg","contentUrl":"https:\/\/wpguerssen-test.odoo.rgbconsulting.com\/wp-content\/uploads\/2022\/03\/35039.jpg","width":970,"height":970,"caption":"Fran\u00e7oise - Fran\u00e7oise Hardy - AUDIO CLARITY (LP) | Guerssen"},{"@type":"BreadcrumbList","@id":"https:\/\/wpguerssen-test.odoo.rgbconsulting.com\/es\/producto\/francoise-hardy\/#breadcrumb","itemListElement":[{"@type":"ListItem","position":1,"name":"Inicio","item":"https:\/\/wpguerssen-test.odoo.rgbconsulting.com\/es\/"},{"@type":"ListItem","position":2,"name":"Shop","item":"https:\/\/wpguerssen-test.odoo.rgbconsulting.com\/shop\/"},{"@type":"ListItem","position":3,"name":"Fran\u00e7oise Hardy"}]},{"@type":"WebSite","@id":"https:\/\/wpguerssen-test.odoo.rgbconsulting.com\/es\/#website","url":"https:\/\/wpguerssen-test.odoo.rgbconsulting.com\/es\/","name":"Guerssen records","description":"psychedelia - progressive - folk - garage ","publisher":{"@id":"https:\/\/wpguerssen-test.odoo.rgbconsulting.com\/es\/#organization"},"potentialAction":[{"@type":"SearchAction","target":{"@type":"EntryPoint","urlTemplate":"https:\/\/wpguerssen-test.odoo.rgbconsulting.com\/es\/?s={search_term_string}"},"query-input":{"@type":"PropertyValueSpecification","valueRequired":true,"valueName":"search_term_string"}}],"inLanguage":"es"},{"@type":"Organization","@id":"https:\/\/wpguerssen-test.odoo.rgbconsulting.com\/es\/#organization","name":"Guerssen records","url":"https:\/\/wpguerssen-test.odoo.rgbconsulting.com\/es\/","logo":{"@type":"ImageObject","inLanguage":"es","@id":"https:\/\/wpguerssen-test.odoo.rgbconsulting.com\/es\/#\/schema\/logo\/image\/","url":"https:\/\/wpguerssen-test.odoo.rgbconsulting.com\/wp-content\/uploads\/2022\/04\/Logo_Guerssen_trans_100.png","contentUrl":"https:\/\/wpguerssen-test.odoo.rgbconsulting.com\/wp-content\/uploads\/2022\/04\/Logo_Guerssen_trans_100.png","width":122,"height":100,"caption":"Guerssen records"},"image":{"@id":"https:\/\/wpguerssen-test.odoo.rgbconsulting.com\/es\/#\/schema\/logo\/image\/"}}]}},"_links":{"self":[{"href":"https:\/\/wpguerssen-test.odoo.rgbconsulting.com\/es\/wp-json\/wp\/v2\/product\/189360","targetHints":{"allow":["GET"]}}],"collection":[{"href":"https:\/\/wpguerssen-test.odoo.rgbconsulting.com\/es\/wp-json\/wp\/v2\/product"}],"about":[{"href":"https:\/\/wpguerssen-test.odoo.rgbconsulting.com\/es\/wp-json\/wp\/v2\/types\/product"}],"wp:featuredmedia":[{"embeddable":true,"href":"https:\/\/wpguerssen-test.odoo.rgbconsulting.com\/es\/wp-json\/wp\/v2\/media\/125029"}],"wp:attachment":[{"href":"https:\/\/wpguerssen-test.odoo.rgbconsulting.com\/es\/wp-json\/wp\/v2\/media?parent=189360"}],"wp:term":[{"taxonomy":"product_brand","embeddable":true,"href":"https:\/\/wpguerssen-test.odoo.rgbconsulting.com\/es\/wp-json\/wp\/v2\/product_brand?post=189360"},{"taxonomy":"product_cat","embeddable":true,"href":"https:\/\/wpguerssen-test.odoo.rgbconsulting.com\/es\/wp-json\/wp\/v2\/product_cat?post=189360"},{"taxonomy":"product_tag","embeddable":true,"href":"https:\/\/wpguerssen-test.odoo.rgbconsulting.com\/es\/wp-json\/wp\/v2\/product_tag?post=189360"}],"curies":[{"name":"wp","href":"https:\/\/api.w.org\/{rel}","templated":true}]}}