{"id":189411,"date":"2025-02-03T00:00:00","date_gmt":"2025-02-02T23:00:00","guid":{"rendered":"http:\/\/guerssen.hl1097.dinaserver.com\/product\/noche-de-fiesta\/"},"modified":"2025-04-24T17:07:45","modified_gmt":"2025-04-24T15:07:45","slug":"noche-de-fiesta","status":"publish","type":"product","link":"https:\/\/wpguerssen-test.odoo.rgbconsulting.com\/es\/producto\/noche-de-fiesta\/","title":{"rendered":"Noche de Fiesta"},"content":{"rendered":"<p>Noche de fiesta (1975) fue el primero de los dos \u00e1lbumes que Juli\u00e1n Angulo grab\u00f3 para el sello de Medell\u00edn INS. Con arreglos y participaci\u00f3n al piano de Alfredo Linares, es un magn\u00edfico LP buscado por coleccionistas y DJs de todo el mundo no solo por sus temas de salsa dura y descarga sino tambi\u00e9n por cortes funkies como &#8216;Enyere Kumbara&#8217; (versionada por Quantic), &#8216;INS-Rock&#8217; y &#8216;Estoy soda&#8217;, as\u00ed como por la excelente versi\u00f3n original de &#8216;Las cale\u00f1as son como las flores&#8217; (popularizada un poco despu\u00e9s ese mismo a\u00f1o por los Latin Brothers). Angulo describ\u00eda su sonido como afroantillano, combinando elementos cubanos, puertorrique\u00f1os y del Nueva York latino con las propias tradiciones tropicales de Colombia. Los arreglos del grupo destacaban por la guitarra el\u00e9ctrica funky y jazzy de su l\u00edder, una vigorosa secci\u00f3n r\u00edtmica y la potente combinaci\u00f3n de dos saxofones y trompeta. Vinilo de 180 gramos. Parte de una nueva serie de reediciones en Vampisoul de LPs cl\u00e1sicos de la discogr\u00e1fica colombiana INS.<\/p>\n","protected":false},"excerpt":{"rendered":"<p>Noche de fiesta (1975) fue el primero de los dos \u00e1lbumes que Juli\u00e1n Angulo grab\u00f3 para el sello de Medell\u00edn INS. Con arreglos y participaci\u00f3n al piano de Alfredo<a class=\"read\" href=\"https:\/\/wpguerssen-test.odoo.rgbconsulting.com\/es\/producto\/noche-de-fiesta\/\"> (...)<\/a>","protected":false},"featured_media":246115,"template":"","meta":{"_acf_changed":false},"product_brand":[],"product_cat":[23231,23227],"product_tag":[24190],"class_list":{"0":"post-189411","1":"product","2":"type-product","3":"status-publish","4":"has-post-thumbnail","6":"product_cat-latin-brazilian-es","7":"product_cat-jazz-es","8":"product_tag-sales-es","9":"pa_artist-julian-y-su-combo","10":"pa_format-lp-es","11":"pa_gender-latin-brazilian-jazz","12":"pa_label-vampi-soul-es","13":"pa_location-south-america-caribbean-es","14":"pa_other-filters-vinyl-only-es","16":"first","17":"instock","18":"taxable","19":"shipping-taxable","20":"purchasable","21":"product-type-simple"},"acf":[],"yoast_head":"<!-- This site is optimized with the Yoast SEO plugin v24.9 - https:\/\/yoast.com\/wordpress\/plugins\/seo\/ -->\n<title>JULIAN Y SU COMBO - Noche de Fiesta -  (LP) | Guerssen<\/title>\n<meta name=\"description\" content=\"&quot;Noche de fiesta&quot; (1975) was the first album that Juli\u00e1n Angulo and his combo recorded for Colombia&#039;s INS label. With arrangements and piano by Alfredo Linares, it&#039;s a thrilling LP sought after by collectors and DJs not only for its hard salsa and instrumental &quot;descarga&quot; tracks but also because of the funky dancefloor cuts &#039;Enyere Kumbara&#039; (covered by Quantic), NS-Rock&#039; and &#039;Estoy soda&#039; as well as the excellent original version of &#039;Las cale\u00f1as son como las flores&#039; (made famous later the same year by The Latin Brothers). Angulo described his sound as &quot;Afroantillano&quot;, combining Cuban, New York Latin and Puerto Rican elements with Colombia&#039;s own tropical traditions. The combo featured the bandleader&#039;s funky, jazzy electric guitar, a hot rhythm section and the potent brass line-up of two saxophones and a trumpet. Presented in facsimile artwork and pressed on 180g vinyl. Part of a new Vampisoul reissue series of classic LPs from Colombia&#039;s INS label. #nl# TRACKLIST Side 1 1. LAS CALE\u00d1AS SON COMO LAS FLORES 2. ESTOY SODA 3. INS-ROCK 4. INFIERNO EN LA ISLA 5. QUIERO SALSA NA&#039; MA&#039; 6. LA FINQUITA Side 2 1. ENYERE KUMBARA 2. AVE MARIA QU\u00c9 RUMBON 3. QU\u00c9 ES LO TUYO 4. ALMENDRA 5. LOS CHISMES\" \/>\n<meta name=\"robots\" content=\"index, follow, max-snippet:-1, max-image-preview:large, max-video-preview:-1\" \/>\n<link rel=\"canonical\" href=\"https:\/\/wpguerssen-test.odoo.rgbconsulting.com\/es\/producto\/noche-de-fiesta\/\" \/>\n<meta property=\"og:locale\" content=\"es_ES\" \/>\n<meta property=\"og:type\" content=\"article\" \/>\n<meta property=\"og:title\" content=\"JULIAN Y SU COMBO - Noche de Fiesta -  (LP) | Guerssen\" \/>\n<meta property=\"og:description\" content=\"&quot;Noche de fiesta&quot; (1975) was the first album that Juli\u00e1n Angulo and his combo recorded for Colombia&#039;s INS label. With arrangements and piano by Alfredo Linares, it&#039;s a thrilling LP sought after by collectors and DJs not only for its hard salsa and instrumental &quot;descarga&quot; tracks but also because of the funky dancefloor cuts &#039;Enyere Kumbara&#039; (covered by Quantic), NS-Rock&#039; and &#039;Estoy soda&#039; as well as the excellent original version of &#039;Las cale\u00f1as son como las flores&#039; (made famous later the same year by The Latin Brothers). Angulo described his sound as &quot;Afroantillano&quot;, combining Cuban, New York Latin and Puerto Rican elements with Colombia&#039;s own tropical traditions. The combo featured the bandleader&#039;s funky, jazzy electric guitar, a hot rhythm section and the potent brass line-up of two saxophones and a trumpet. Presented in facsimile artwork and pressed on 180g vinyl. Part of a new Vampisoul reissue series of classic LPs from Colombia&#039;s INS label. #nl# TRACKLIST Side 1 1. LAS CALE\u00d1AS SON COMO LAS FLORES 2. ESTOY SODA 3. INS-ROCK 4. INFIERNO EN LA ISLA 5. QUIERO SALSA NA&#039; MA&#039; 6. LA FINQUITA Side 2 1. ENYERE KUMBARA 2. AVE MARIA QU\u00c9 RUMBON 3. QU\u00c9 ES LO TUYO 4. ALMENDRA 5. LOS CHISMES\" \/>\n<meta property=\"og:url\" content=\"https:\/\/wpguerssen-test.odoo.rgbconsulting.com\/es\/producto\/noche-de-fiesta\/\" \/>\n<meta property=\"og:site_name\" content=\"Guerssen records\" \/>\n<meta property=\"article:modified_time\" content=\"2025-04-24T15:07:45+00:00\" \/>\n<meta property=\"og:image\" content=\"https:\/\/wpguerssen-test.odoo.rgbconsulting.com\/wp-content\/uploads\/2023\/11\/35180.jpg\" \/>\n\t<meta property=\"og:image:width\" content=\"1200\" \/>\n\t<meta property=\"og:image:height\" content=\"1200\" \/>\n\t<meta property=\"og:image:type\" content=\"image\/jpeg\" \/>\n<meta name=\"twitter:card\" content=\"summary_large_image\" \/>\n<meta name=\"twitter:title\" content=\"JULIAN Y SU COMBO - Noche de Fiesta -  (LP) | Guerssen\" \/>\n<meta name=\"twitter:label1\" content=\"Tiempo de lectura\" \/>\n\t<meta name=\"twitter:data1\" content=\"1 minuto\" \/>\n<script type=\"application\/ld+json\" class=\"yoast-schema-graph\">{\"@context\":\"https:\/\/schema.org\",\"@graph\":[{\"@type\":\"WebPage\",\"@id\":\"https:\/\/wpguerssen-test.odoo.rgbconsulting.com\/es\/producto\/noche-de-fiesta\/\",\"url\":\"https:\/\/wpguerssen-test.odoo.rgbconsulting.com\/es\/producto\/noche-de-fiesta\/\",\"name\":\"JULIAN Y SU COMBO - Noche de Fiesta - (LP) | Guerssen\",\"isPartOf\":{\"@id\":\"https:\/\/wpguerssen-test.odoo.rgbconsulting.com\/es\/#website\"},\"primaryImageOfPage\":{\"@id\":\"https:\/\/wpguerssen-test.odoo.rgbconsulting.com\/es\/producto\/noche-de-fiesta\/#primaryimage\"},\"image\":{\"@id\":\"https:\/\/wpguerssen-test.odoo.rgbconsulting.com\/es\/producto\/noche-de-fiesta\/#primaryimage\"},\"thumbnailUrl\":\"https:\/\/wpguerssen-test.odoo.rgbconsulting.com\/wp-content\/uploads\/2023\/11\/35180.jpg\",\"datePublished\":\"2025-02-02T23:00:00+00:00\",\"dateModified\":\"2025-04-24T15:07:45+00:00\",\"description\":\"\\\"Noche de fiesta\\\" (1975) was the first album that Juli\u00e1n Angulo and his combo recorded for Colombia's INS label. With arrangements and piano by Alfredo Linares, it's a thrilling LP sought after by collectors and DJs not only for its hard salsa and instrumental \\\"descarga\\\" tracks but also because of the funky dancefloor cuts 'Enyere Kumbara' (covered by Quantic), NS-Rock' and 'Estoy soda' as well as the excellent original version of 'Las cale\u00f1as son como las flores' (made famous later the same year by The Latin Brothers). Angulo described his sound as \\\"Afroantillano\\\", combining Cuban, New York Latin and Puerto Rican elements with Colombia's own tropical traditions. The combo featured the bandleader's funky, jazzy electric guitar, a hot rhythm section and the potent brass line-up of two saxophones and a trumpet. Presented in facsimile artwork and pressed on 180g vinyl. Part of a new Vampisoul reissue series of classic LPs from Colombia's INS label. #nl# TRACKLIST Side 1 1. LAS CALE\u00d1AS SON COMO LAS FLORES 2. ESTOY SODA 3. INS-ROCK 4. INFIERNO EN LA ISLA 5. QUIERO SALSA NA' MA' 6. LA FINQUITA Side 2 1. ENYERE KUMBARA 2. AVE MARIA QU\u00c9 RUMBON 3. QU\u00c9 ES LO TUYO 4. ALMENDRA 5. LOS CHISMES\",\"breadcrumb\":{\"@id\":\"https:\/\/wpguerssen-test.odoo.rgbconsulting.com\/es\/producto\/noche-de-fiesta\/#breadcrumb\"},\"inLanguage\":\"es\",\"potentialAction\":[{\"@type\":\"ReadAction\",\"target\":[\"https:\/\/wpguerssen-test.odoo.rgbconsulting.com\/es\/producto\/noche-de-fiesta\/\"]}]},{\"@type\":\"ImageObject\",\"inLanguage\":\"es\",\"@id\":\"https:\/\/wpguerssen-test.odoo.rgbconsulting.com\/es\/producto\/noche-de-fiesta\/#primaryimage\",\"url\":\"https:\/\/wpguerssen-test.odoo.rgbconsulting.com\/wp-content\/uploads\/2023\/11\/35180.jpg\",\"contentUrl\":\"https:\/\/wpguerssen-test.odoo.rgbconsulting.com\/wp-content\/uploads\/2023\/11\/35180.jpg\",\"width\":1200,\"height\":1200},{\"@type\":\"BreadcrumbList\",\"@id\":\"https:\/\/wpguerssen-test.odoo.rgbconsulting.com\/es\/producto\/noche-de-fiesta\/#breadcrumb\",\"itemListElement\":[{\"@type\":\"ListItem\",\"position\":1,\"name\":\"Inicio\",\"item\":\"https:\/\/wpguerssen-test.odoo.rgbconsulting.com\/es\/\"},{\"@type\":\"ListItem\",\"position\":2,\"name\":\"Shop\",\"item\":\"https:\/\/wpguerssen-test.odoo.rgbconsulting.com\/shop\/\"},{\"@type\":\"ListItem\",\"position\":3,\"name\":\"Noche de Fiesta\"}]},{\"@type\":\"WebSite\",\"@id\":\"https:\/\/wpguerssen-test.odoo.rgbconsulting.com\/es\/#website\",\"url\":\"https:\/\/wpguerssen-test.odoo.rgbconsulting.com\/es\/\",\"name\":\"Guerssen records\",\"description\":\"psychedelia - progressive - folk - garage \",\"publisher\":{\"@id\":\"https:\/\/wpguerssen-test.odoo.rgbconsulting.com\/es\/#organization\"},\"potentialAction\":[{\"@type\":\"SearchAction\",\"target\":{\"@type\":\"EntryPoint\",\"urlTemplate\":\"https:\/\/wpguerssen-test.odoo.rgbconsulting.com\/es\/?s={search_term_string}\"},\"query-input\":{\"@type\":\"PropertyValueSpecification\",\"valueRequired\":true,\"valueName\":\"search_term_string\"}}],\"inLanguage\":\"es\"},{\"@type\":\"Organization\",\"@id\":\"https:\/\/wpguerssen-test.odoo.rgbconsulting.com\/es\/#organization\",\"name\":\"Guerssen records\",\"url\":\"https:\/\/wpguerssen-test.odoo.rgbconsulting.com\/es\/\",\"logo\":{\"@type\":\"ImageObject\",\"inLanguage\":\"es\",\"@id\":\"https:\/\/wpguerssen-test.odoo.rgbconsulting.com\/es\/#\/schema\/logo\/image\/\",\"url\":\"https:\/\/wpguerssen-test.odoo.rgbconsulting.com\/wp-content\/uploads\/2022\/04\/Logo_Guerssen_trans_100.png\",\"contentUrl\":\"https:\/\/wpguerssen-test.odoo.rgbconsulting.com\/wp-content\/uploads\/2022\/04\/Logo_Guerssen_trans_100.png\",\"width\":122,\"height\":100,\"caption\":\"Guerssen records\"},\"image\":{\"@id\":\"https:\/\/wpguerssen-test.odoo.rgbconsulting.com\/es\/#\/schema\/logo\/image\/\"}}]}<\/script>\n<!-- \/ Yoast SEO plugin. -->","yoast_head_json":{"title":"JULIAN Y SU COMBO - Noche de Fiesta -  (LP) | Guerssen","description":"\"Noche de fiesta\" (1975) was the first album that Juli\u00e1n Angulo and his combo recorded for Colombia's INS label. With arrangements and piano by Alfredo Linares, it's a thrilling LP sought after by collectors and DJs not only for its hard salsa and instrumental \"descarga\" tracks but also because of the funky dancefloor cuts 'Enyere Kumbara' (covered by Quantic), NS-Rock' and 'Estoy soda' as well as the excellent original version of 'Las cale\u00f1as son como las flores' (made famous later the same year by The Latin Brothers). Angulo described his sound as \"Afroantillano\", combining Cuban, New York Latin and Puerto Rican elements with Colombia's own tropical traditions. The combo featured the bandleader's funky, jazzy electric guitar, a hot rhythm section and the potent brass line-up of two saxophones and a trumpet. Presented in facsimile artwork and pressed on 180g vinyl. Part of a new Vampisoul reissue series of classic LPs from Colombia's INS label. #nl# TRACKLIST Side 1 1. LAS CALE\u00d1AS SON COMO LAS FLORES 2. ESTOY SODA 3. INS-ROCK 4. INFIERNO EN LA ISLA 5. QUIERO SALSA NA' MA' 6. LA FINQUITA Side 2 1. ENYERE KUMBARA 2. AVE MARIA QU\u00c9 RUMBON 3. QU\u00c9 ES LO TUYO 4. ALMENDRA 5. LOS CHISMES","robots":{"index":"index","follow":"follow","max-snippet":"max-snippet:-1","max-image-preview":"max-image-preview:large","max-video-preview":"max-video-preview:-1"},"canonical":"https:\/\/wpguerssen-test.odoo.rgbconsulting.com\/es\/producto\/noche-de-fiesta\/","og_locale":"es_ES","og_type":"article","og_title":"JULIAN Y SU COMBO - Noche de Fiesta -  (LP) | Guerssen","og_description":"\"Noche de fiesta\" (1975) was the first album that Juli\u00e1n Angulo and his combo recorded for Colombia's INS label. With arrangements and piano by Alfredo Linares, it's a thrilling LP sought after by collectors and DJs not only for its hard salsa and instrumental \"descarga\" tracks but also because of the funky dancefloor cuts 'Enyere Kumbara' (covered by Quantic), NS-Rock' and 'Estoy soda' as well as the excellent original version of 'Las cale\u00f1as son como las flores' (made famous later the same year by The Latin Brothers). Angulo described his sound as \"Afroantillano\", combining Cuban, New York Latin and Puerto Rican elements with Colombia's own tropical traditions. The combo featured the bandleader's funky, jazzy electric guitar, a hot rhythm section and the potent brass line-up of two saxophones and a trumpet. Presented in facsimile artwork and pressed on 180g vinyl. Part of a new Vampisoul reissue series of classic LPs from Colombia's INS label. #nl# TRACKLIST Side 1 1. LAS CALE\u00d1AS SON COMO LAS FLORES 2. ESTOY SODA 3. INS-ROCK 4. INFIERNO EN LA ISLA 5. QUIERO SALSA NA' MA' 6. LA FINQUITA Side 2 1. ENYERE KUMBARA 2. AVE MARIA QU\u00c9 RUMBON 3. QU\u00c9 ES LO TUYO 4. ALMENDRA 5. LOS CHISMES","og_url":"https:\/\/wpguerssen-test.odoo.rgbconsulting.com\/es\/producto\/noche-de-fiesta\/","og_site_name":"Guerssen records","article_modified_time":"2025-04-24T15:07:45+00:00","og_image":[{"width":1200,"height":1200,"url":"https:\/\/wpguerssen-test.odoo.rgbconsulting.com\/wp-content\/uploads\/2023\/11\/35180.jpg","type":"image\/jpeg"}],"twitter_card":"summary_large_image","twitter_title":"JULIAN Y SU COMBO - Noche de Fiesta -  (LP) | Guerssen","twitter_misc":{"Tiempo de lectura":"1 minuto"},"schema":{"@context":"https:\/\/schema.org","@graph":[{"@type":"WebPage","@id":"https:\/\/wpguerssen-test.odoo.rgbconsulting.com\/es\/producto\/noche-de-fiesta\/","url":"https:\/\/wpguerssen-test.odoo.rgbconsulting.com\/es\/producto\/noche-de-fiesta\/","name":"JULIAN Y SU COMBO - Noche de Fiesta - (LP) | Guerssen","isPartOf":{"@id":"https:\/\/wpguerssen-test.odoo.rgbconsulting.com\/es\/#website"},"primaryImageOfPage":{"@id":"https:\/\/wpguerssen-test.odoo.rgbconsulting.com\/es\/producto\/noche-de-fiesta\/#primaryimage"},"image":{"@id":"https:\/\/wpguerssen-test.odoo.rgbconsulting.com\/es\/producto\/noche-de-fiesta\/#primaryimage"},"thumbnailUrl":"https:\/\/wpguerssen-test.odoo.rgbconsulting.com\/wp-content\/uploads\/2023\/11\/35180.jpg","datePublished":"2025-02-02T23:00:00+00:00","dateModified":"2025-04-24T15:07:45+00:00","description":"\"Noche de fiesta\" (1975) was the first album that Juli\u00e1n Angulo and his combo recorded for Colombia's INS label. With arrangements and piano by Alfredo Linares, it's a thrilling LP sought after by collectors and DJs not only for its hard salsa and instrumental \"descarga\" tracks but also because of the funky dancefloor cuts 'Enyere Kumbara' (covered by Quantic), NS-Rock' and 'Estoy soda' as well as the excellent original version of 'Las cale\u00f1as son como las flores' (made famous later the same year by The Latin Brothers). Angulo described his sound as \"Afroantillano\", combining Cuban, New York Latin and Puerto Rican elements with Colombia's own tropical traditions. The combo featured the bandleader's funky, jazzy electric guitar, a hot rhythm section and the potent brass line-up of two saxophones and a trumpet. Presented in facsimile artwork and pressed on 180g vinyl. Part of a new Vampisoul reissue series of classic LPs from Colombia's INS label. #nl# TRACKLIST Side 1 1. LAS CALE\u00d1AS SON COMO LAS FLORES 2. ESTOY SODA 3. INS-ROCK 4. INFIERNO EN LA ISLA 5. QUIERO SALSA NA' MA' 6. LA FINQUITA Side 2 1. ENYERE KUMBARA 2. AVE MARIA QU\u00c9 RUMBON 3. QU\u00c9 ES LO TUYO 4. ALMENDRA 5. LOS CHISMES","breadcrumb":{"@id":"https:\/\/wpguerssen-test.odoo.rgbconsulting.com\/es\/producto\/noche-de-fiesta\/#breadcrumb"},"inLanguage":"es","potentialAction":[{"@type":"ReadAction","target":["https:\/\/wpguerssen-test.odoo.rgbconsulting.com\/es\/producto\/noche-de-fiesta\/"]}]},{"@type":"ImageObject","inLanguage":"es","@id":"https:\/\/wpguerssen-test.odoo.rgbconsulting.com\/es\/producto\/noche-de-fiesta\/#primaryimage","url":"https:\/\/wpguerssen-test.odoo.rgbconsulting.com\/wp-content\/uploads\/2023\/11\/35180.jpg","contentUrl":"https:\/\/wpguerssen-test.odoo.rgbconsulting.com\/wp-content\/uploads\/2023\/11\/35180.jpg","width":1200,"height":1200},{"@type":"BreadcrumbList","@id":"https:\/\/wpguerssen-test.odoo.rgbconsulting.com\/es\/producto\/noche-de-fiesta\/#breadcrumb","itemListElement":[{"@type":"ListItem","position":1,"name":"Inicio","item":"https:\/\/wpguerssen-test.odoo.rgbconsulting.com\/es\/"},{"@type":"ListItem","position":2,"name":"Shop","item":"https:\/\/wpguerssen-test.odoo.rgbconsulting.com\/shop\/"},{"@type":"ListItem","position":3,"name":"Noche de Fiesta"}]},{"@type":"WebSite","@id":"https:\/\/wpguerssen-test.odoo.rgbconsulting.com\/es\/#website","url":"https:\/\/wpguerssen-test.odoo.rgbconsulting.com\/es\/","name":"Guerssen records","description":"psychedelia - progressive - folk - garage ","publisher":{"@id":"https:\/\/wpguerssen-test.odoo.rgbconsulting.com\/es\/#organization"},"potentialAction":[{"@type":"SearchAction","target":{"@type":"EntryPoint","urlTemplate":"https:\/\/wpguerssen-test.odoo.rgbconsulting.com\/es\/?s={search_term_string}"},"query-input":{"@type":"PropertyValueSpecification","valueRequired":true,"valueName":"search_term_string"}}],"inLanguage":"es"},{"@type":"Organization","@id":"https:\/\/wpguerssen-test.odoo.rgbconsulting.com\/es\/#organization","name":"Guerssen records","url":"https:\/\/wpguerssen-test.odoo.rgbconsulting.com\/es\/","logo":{"@type":"ImageObject","inLanguage":"es","@id":"https:\/\/wpguerssen-test.odoo.rgbconsulting.com\/es\/#\/schema\/logo\/image\/","url":"https:\/\/wpguerssen-test.odoo.rgbconsulting.com\/wp-content\/uploads\/2022\/04\/Logo_Guerssen_trans_100.png","contentUrl":"https:\/\/wpguerssen-test.odoo.rgbconsulting.com\/wp-content\/uploads\/2022\/04\/Logo_Guerssen_trans_100.png","width":122,"height":100,"caption":"Guerssen records"},"image":{"@id":"https:\/\/wpguerssen-test.odoo.rgbconsulting.com\/es\/#\/schema\/logo\/image\/"}}]}},"_links":{"self":[{"href":"https:\/\/wpguerssen-test.odoo.rgbconsulting.com\/es\/wp-json\/wp\/v2\/product\/189411","targetHints":{"allow":["GET"]}}],"collection":[{"href":"https:\/\/wpguerssen-test.odoo.rgbconsulting.com\/es\/wp-json\/wp\/v2\/product"}],"about":[{"href":"https:\/\/wpguerssen-test.odoo.rgbconsulting.com\/es\/wp-json\/wp\/v2\/types\/product"}],"wp:featuredmedia":[{"embeddable":true,"href":"https:\/\/wpguerssen-test.odoo.rgbconsulting.com\/es\/wp-json\/wp\/v2\/media\/246115"}],"wp:attachment":[{"href":"https:\/\/wpguerssen-test.odoo.rgbconsulting.com\/es\/wp-json\/wp\/v2\/media?parent=189411"}],"wp:term":[{"taxonomy":"product_brand","embeddable":true,"href":"https:\/\/wpguerssen-test.odoo.rgbconsulting.com\/es\/wp-json\/wp\/v2\/product_brand?post=189411"},{"taxonomy":"product_cat","embeddable":true,"href":"https:\/\/wpguerssen-test.odoo.rgbconsulting.com\/es\/wp-json\/wp\/v2\/product_cat?post=189411"},{"taxonomy":"product_tag","embeddable":true,"href":"https:\/\/wpguerssen-test.odoo.rgbconsulting.com\/es\/wp-json\/wp\/v2\/product_tag?post=189411"}],"curies":[{"name":"wp","href":"https:\/\/api.w.org\/{rel}","templated":true}]}}