{"id":189413,"date":"2025-03-06T00:00:00","date_gmt":"2025-03-05T23:00:00","guid":{"rendered":"http:\/\/guerssen.hl1097.dinaserver.com\/product\/traffic-sound-tri-fold-sleeve\/"},"modified":"2025-04-24T17:07:54","modified_gmt":"2025-04-24T15:07:54","slug":"traffic-sound-tri-fold-sleeve","status":"publish","type":"product","link":"https:\/\/wpguerssen-test.odoo.rgbconsulting.com\/es\/producto\/traffic-sound-tri-fold-sleeve\/","title":{"rendered":"Traffic Sound (Tri-fold Sleeve)"},"content":{"rendered":"<p>Per\u00fa disfrut\u00f3 de una pr\u00f3spera y fascinante escena musical desde mediados de los a\u00f1os sesenta. Grupos como Los Saicos, Los Shain&#8217;s y Los York&#8217;s, por nombrar solo unos pocos, publicaron magn\u00edficos discos que volv\u00edan loca a la juventud y serv\u00edan de referencia para muchas otras formaciones. El final de la d\u00e9cada trajo consigo una evoluci\u00f3n en el sonido y nuevos g\u00e9neros musicales, ya que los grupos peruanos segu\u00edan a los rompedores artistas ingleses y estadounidenses que exploraban el pop barroco, el rock psicod\u00e9lico y el incipiente sonido progresivo. <\/p>\n<p> Uno de esos grupos era Traffic Sound, que hab\u00eda comenzado su trayectoria en Lima en 1967. En un breve periodo de tiempo la banda logr\u00f3 trascender su momento inicial, cuando se dedicaban a versionar a artistas como Jimmy Hendrix, Cream o los Young Rascals, hasta llegar al sonido m\u00e1s maduro de su primer LP con temas propios, \u00abVirgin\u00bb (1969), una obra maestra del rock latino, y este segundo disco hom\u00f3nimo, publicado en 1970. <\/p>\n<p> Traffic Sound incorpora aqu\u00ed arreglos complejos y largos desarrollos con los que se acercan a la m\u00fasica progresiva. Sin embargo, la inmediatez de temas como &#8216;Yesterday&#8217;s Game&#8217;, con un fiero y contagioso riff de guitarra, o &#8216;Chicama Way&#8217;, un himno estupendo, no dejan ninguna duda sobre los principios sonoros del grupo: \u00a1ROCK con groove! <\/p>\n<p> Otros cortes como &#8216;Those Days Have Gone&#8217; o &#8216;America&#8217; muestran la cara m\u00e1s amable a la vez que psicod\u00e9lica del grupo, mientras que &#8216;Tibet&#8217;s Suzettes&#8217;, la canci\u00f3n que da comienzo al \u00e1lbum, re\u00fane todos los ingredientes de la receta de Traffic Sound: ritmos hipn\u00f3ticos, guitarras sin domesticar y habilidad instrumental. <\/p>\n<p> A pesar de algunas claras influencias, el segundo LP de Traffic Sound es una magnifica obra que merece ser reconocida como uno de los grandes discos de su \u00e9poca, incluso a nivel internacional, tan esencial como los aclamados trabajos de Cream, Caravan o Led Zeppelin que sirvieron como puente para la m\u00fasica rock entre los a\u00f1os 60 y 70.<\/p>\n","protected":false},"excerpt":{"rendered":"<p>Per\u00fa disfrut\u00f3 de una pr\u00f3spera y fascinante escena musical desde mediados de los a\u00f1os sesenta. Grupos como Los Saicos, Los Shain&#8217;s y Los York&#8217;s, por<a class=\"read\" href=\"https:\/\/wpguerssen-test.odoo.rgbconsulting.com\/es\/producto\/traffic-sound-tri-fold-sleeve\/\"> (...)<\/a>","protected":false},"featured_media":157663,"template":"","meta":{"_acf_changed":false},"product_brand":[],"product_cat":[21639],"product_tag":[],"class_list":{"0":"post-189413","1":"product","2":"type-product","3":"status-publish","4":"has-post-thumbnail","6":"product_cat-psychedelic60s-70s-es","7":"pa_artist-traffic-sound-es","8":"pa_format-lp-es","9":"pa_gender-psychedelic60s-70s","10":"pa_label-munster-es","11":"pa_location-south-america-caribbean-es","12":"pa_other-filters-vinyl-only-es","14":"first","15":"instock","16":"taxable","17":"shipping-taxable","18":"purchasable","19":"product-type-simple"},"acf":[],"yoast_head":"<!-- This site is optimized with the Yoast SEO plugin v24.9 - https:\/\/yoast.com\/wordpress\/plugins\/seo\/ -->\n<title>TRAFFIC SOUND - Traffic Sound (Tri-fold Sleeve) -  (LP) | Guerssen<\/title>\n<meta name=\"description\" content=\"The second Traffic Sound album, released in 1970 after their Latin rock masterpiece &quot;Virgin&quot;, deserves to be considered one of the greatest recordings of its time, even internationally, as essential as the most hailed works of Cream, Caravan or Led Zeppelin that served as a bridge for rock music between the 60s and 70s. The band incorporates complex arrangements and long song structures with which they approach psychedelic and prog music. However, the immediacy of songs like esterday&#039;s Game&#039;, with a fierce and contagious guitar riff, or hicama Way&#039;, a terrific anthem, clear any possible doubt about the sound principles of the band: hypnotic, groovy ROCK, in capital letters! The band&#039;s music was featured in season 3 of NARCOS. Presented in facsimile tri-fold sleeve and pressed on 180g vinyl. #nl# TRACKLIST Side 1 1. TIBET&#039;S SUZETTES 2. THOSE DAYS HAVE GONE 3. YESTERDAY&#039;S GAME Side 2 1. AMERICA 2. WHAT YOU NEED AND WHAT YOU WANT 3. CHICAMA WAY 4. EMPTY\" \/>\n<meta name=\"robots\" content=\"index, follow, max-snippet:-1, max-image-preview:large, max-video-preview:-1\" \/>\n<link rel=\"canonical\" href=\"https:\/\/wpguerssen-test.odoo.rgbconsulting.com\/es\/producto\/traffic-sound-tri-fold-sleeve\/\" \/>\n<meta property=\"og:locale\" content=\"es_ES\" \/>\n<meta property=\"og:type\" content=\"article\" \/>\n<meta property=\"og:title\" content=\"TRAFFIC SOUND - Traffic Sound (Tri-fold Sleeve) -  (LP) | Guerssen\" \/>\n<meta property=\"og:description\" content=\"The second Traffic Sound album, released in 1970 after their Latin rock masterpiece &quot;Virgin&quot;, deserves to be considered one of the greatest recordings of its time, even internationally, as essential as the most hailed works of Cream, Caravan or Led Zeppelin that served as a bridge for rock music between the 60s and 70s. The band incorporates complex arrangements and long song structures with which they approach psychedelic and prog music. However, the immediacy of songs like esterday&#039;s Game&#039;, with a fierce and contagious guitar riff, or hicama Way&#039;, a terrific anthem, clear any possible doubt about the sound principles of the band: hypnotic, groovy ROCK, in capital letters! The band&#039;s music was featured in season 3 of NARCOS. Presented in facsimile tri-fold sleeve and pressed on 180g vinyl. #nl# TRACKLIST Side 1 1. TIBET&#039;S SUZETTES 2. THOSE DAYS HAVE GONE 3. YESTERDAY&#039;S GAME Side 2 1. AMERICA 2. WHAT YOU NEED AND WHAT YOU WANT 3. CHICAMA WAY 4. EMPTY\" \/>\n<meta property=\"og:url\" content=\"https:\/\/wpguerssen-test.odoo.rgbconsulting.com\/es\/producto\/traffic-sound-tri-fold-sleeve\/\" \/>\n<meta property=\"og:site_name\" content=\"Guerssen records\" \/>\n<meta property=\"article:modified_time\" content=\"2025-04-24T15:07:54+00:00\" \/>\n<meta property=\"og:image\" content=\"https:\/\/wpguerssen-test.odoo.rgbconsulting.com\/wp-content\/uploads\/2022\/03\/35183.jpg\" \/>\n\t<meta property=\"og:image:width\" content=\"382\" \/>\n\t<meta property=\"og:image:height\" content=\"382\" \/>\n\t<meta property=\"og:image:type\" content=\"image\/jpeg\" \/>\n<meta name=\"twitter:card\" content=\"summary_large_image\" \/>\n<meta name=\"twitter:title\" content=\"TRAFFIC SOUND - Traffic Sound (Tri-fold Sleeve) -  (LP) | Guerssen\" \/>\n<meta name=\"twitter:label1\" content=\"Tiempo de lectura\" \/>\n\t<meta name=\"twitter:data1\" content=\"2 minutos\" \/>\n<script type=\"application\/ld+json\" class=\"yoast-schema-graph\">{\"@context\":\"https:\/\/schema.org\",\"@graph\":[{\"@type\":\"WebPage\",\"@id\":\"https:\/\/wpguerssen-test.odoo.rgbconsulting.com\/es\/producto\/traffic-sound-tri-fold-sleeve\/\",\"url\":\"https:\/\/wpguerssen-test.odoo.rgbconsulting.com\/es\/producto\/traffic-sound-tri-fold-sleeve\/\",\"name\":\"TRAFFIC SOUND - Traffic Sound (Tri-fold Sleeve) - (LP) | Guerssen\",\"isPartOf\":{\"@id\":\"https:\/\/wpguerssen-test.odoo.rgbconsulting.com\/es\/#website\"},\"primaryImageOfPage\":{\"@id\":\"https:\/\/wpguerssen-test.odoo.rgbconsulting.com\/es\/producto\/traffic-sound-tri-fold-sleeve\/#primaryimage\"},\"image\":{\"@id\":\"https:\/\/wpguerssen-test.odoo.rgbconsulting.com\/es\/producto\/traffic-sound-tri-fold-sleeve\/#primaryimage\"},\"thumbnailUrl\":\"https:\/\/wpguerssen-test.odoo.rgbconsulting.com\/wp-content\/uploads\/2022\/03\/35183.jpg\",\"datePublished\":\"2025-03-05T23:00:00+00:00\",\"dateModified\":\"2025-04-24T15:07:54+00:00\",\"description\":\"The second Traffic Sound album, released in 1970 after their Latin rock masterpiece \\\"Virgin\\\", deserves to be considered one of the greatest recordings of its time, even internationally, as essential as the most hailed works of Cream, Caravan or Led Zeppelin that served as a bridge for rock music between the 60s and 70s. The band incorporates complex arrangements and long song structures with which they approach psychedelic and prog music. However, the immediacy of songs like esterday's Game', with a fierce and contagious guitar riff, or hicama Way', a terrific anthem, clear any possible doubt about the sound principles of the band: hypnotic, groovy ROCK, in capital letters! The band's music was featured in season 3 of NARCOS. Presented in facsimile tri-fold sleeve and pressed on 180g vinyl. #nl# TRACKLIST Side 1 1. TIBET'S SUZETTES 2. THOSE DAYS HAVE GONE 3. YESTERDAY'S GAME Side 2 1. AMERICA 2. WHAT YOU NEED AND WHAT YOU WANT 3. CHICAMA WAY 4. EMPTY\",\"breadcrumb\":{\"@id\":\"https:\/\/wpguerssen-test.odoo.rgbconsulting.com\/es\/producto\/traffic-sound-tri-fold-sleeve\/#breadcrumb\"},\"inLanguage\":\"es\",\"potentialAction\":[{\"@type\":\"ReadAction\",\"target\":[\"https:\/\/wpguerssen-test.odoo.rgbconsulting.com\/es\/producto\/traffic-sound-tri-fold-sleeve\/\"]}]},{\"@type\":\"ImageObject\",\"inLanguage\":\"es\",\"@id\":\"https:\/\/wpguerssen-test.odoo.rgbconsulting.com\/es\/producto\/traffic-sound-tri-fold-sleeve\/#primaryimage\",\"url\":\"https:\/\/wpguerssen-test.odoo.rgbconsulting.com\/wp-content\/uploads\/2022\/03\/35183.jpg\",\"contentUrl\":\"https:\/\/wpguerssen-test.odoo.rgbconsulting.com\/wp-content\/uploads\/2022\/03\/35183.jpg\",\"width\":382,\"height\":382,\"caption\":\"TRAFFIC SOUND - Traffic Sound (Tri-fold Sleeve) - MUNSTER (LP) | Guerssen\"},{\"@type\":\"BreadcrumbList\",\"@id\":\"https:\/\/wpguerssen-test.odoo.rgbconsulting.com\/es\/producto\/traffic-sound-tri-fold-sleeve\/#breadcrumb\",\"itemListElement\":[{\"@type\":\"ListItem\",\"position\":1,\"name\":\"Inicio\",\"item\":\"https:\/\/wpguerssen-test.odoo.rgbconsulting.com\/es\/\"},{\"@type\":\"ListItem\",\"position\":2,\"name\":\"Shop\",\"item\":\"https:\/\/wpguerssen-test.odoo.rgbconsulting.com\/shop\/\"},{\"@type\":\"ListItem\",\"position\":3,\"name\":\"Traffic Sound (Tri-fold Sleeve)\"}]},{\"@type\":\"WebSite\",\"@id\":\"https:\/\/wpguerssen-test.odoo.rgbconsulting.com\/es\/#website\",\"url\":\"https:\/\/wpguerssen-test.odoo.rgbconsulting.com\/es\/\",\"name\":\"Guerssen records\",\"description\":\"psychedelia - progressive - folk - garage \",\"publisher\":{\"@id\":\"https:\/\/wpguerssen-test.odoo.rgbconsulting.com\/es\/#organization\"},\"potentialAction\":[{\"@type\":\"SearchAction\",\"target\":{\"@type\":\"EntryPoint\",\"urlTemplate\":\"https:\/\/wpguerssen-test.odoo.rgbconsulting.com\/es\/?s={search_term_string}\"},\"query-input\":{\"@type\":\"PropertyValueSpecification\",\"valueRequired\":true,\"valueName\":\"search_term_string\"}}],\"inLanguage\":\"es\"},{\"@type\":\"Organization\",\"@id\":\"https:\/\/wpguerssen-test.odoo.rgbconsulting.com\/es\/#organization\",\"name\":\"Guerssen records\",\"url\":\"https:\/\/wpguerssen-test.odoo.rgbconsulting.com\/es\/\",\"logo\":{\"@type\":\"ImageObject\",\"inLanguage\":\"es\",\"@id\":\"https:\/\/wpguerssen-test.odoo.rgbconsulting.com\/es\/#\/schema\/logo\/image\/\",\"url\":\"https:\/\/wpguerssen-test.odoo.rgbconsulting.com\/wp-content\/uploads\/2022\/04\/Logo_Guerssen_trans_100.png\",\"contentUrl\":\"https:\/\/wpguerssen-test.odoo.rgbconsulting.com\/wp-content\/uploads\/2022\/04\/Logo_Guerssen_trans_100.png\",\"width\":122,\"height\":100,\"caption\":\"Guerssen records\"},\"image\":{\"@id\":\"https:\/\/wpguerssen-test.odoo.rgbconsulting.com\/es\/#\/schema\/logo\/image\/\"}}]}<\/script>\n<!-- \/ Yoast SEO plugin. -->","yoast_head_json":{"title":"TRAFFIC SOUND - Traffic Sound (Tri-fold Sleeve) -  (LP) | Guerssen","description":"The second Traffic Sound album, released in 1970 after their Latin rock masterpiece \"Virgin\", deserves to be considered one of the greatest recordings of its time, even internationally, as essential as the most hailed works of Cream, Caravan or Led Zeppelin that served as a bridge for rock music between the 60s and 70s. The band incorporates complex arrangements and long song structures with which they approach psychedelic and prog music. However, the immediacy of songs like esterday's Game', with a fierce and contagious guitar riff, or hicama Way', a terrific anthem, clear any possible doubt about the sound principles of the band: hypnotic, groovy ROCK, in capital letters! The band's music was featured in season 3 of NARCOS. Presented in facsimile tri-fold sleeve and pressed on 180g vinyl. #nl# TRACKLIST Side 1 1. TIBET'S SUZETTES 2. THOSE DAYS HAVE GONE 3. YESTERDAY'S GAME Side 2 1. AMERICA 2. WHAT YOU NEED AND WHAT YOU WANT 3. CHICAMA WAY 4. EMPTY","robots":{"index":"index","follow":"follow","max-snippet":"max-snippet:-1","max-image-preview":"max-image-preview:large","max-video-preview":"max-video-preview:-1"},"canonical":"https:\/\/wpguerssen-test.odoo.rgbconsulting.com\/es\/producto\/traffic-sound-tri-fold-sleeve\/","og_locale":"es_ES","og_type":"article","og_title":"TRAFFIC SOUND - Traffic Sound (Tri-fold Sleeve) -  (LP) | Guerssen","og_description":"The second Traffic Sound album, released in 1970 after their Latin rock masterpiece \"Virgin\", deserves to be considered one of the greatest recordings of its time, even internationally, as essential as the most hailed works of Cream, Caravan or Led Zeppelin that served as a bridge for rock music between the 60s and 70s. The band incorporates complex arrangements and long song structures with which they approach psychedelic and prog music. However, the immediacy of songs like esterday's Game', with a fierce and contagious guitar riff, or hicama Way', a terrific anthem, clear any possible doubt about the sound principles of the band: hypnotic, groovy ROCK, in capital letters! The band's music was featured in season 3 of NARCOS. Presented in facsimile tri-fold sleeve and pressed on 180g vinyl. #nl# TRACKLIST Side 1 1. TIBET'S SUZETTES 2. THOSE DAYS HAVE GONE 3. YESTERDAY'S GAME Side 2 1. AMERICA 2. WHAT YOU NEED AND WHAT YOU WANT 3. CHICAMA WAY 4. EMPTY","og_url":"https:\/\/wpguerssen-test.odoo.rgbconsulting.com\/es\/producto\/traffic-sound-tri-fold-sleeve\/","og_site_name":"Guerssen records","article_modified_time":"2025-04-24T15:07:54+00:00","og_image":[{"width":382,"height":382,"url":"https:\/\/wpguerssen-test.odoo.rgbconsulting.com\/wp-content\/uploads\/2022\/03\/35183.jpg","type":"image\/jpeg"}],"twitter_card":"summary_large_image","twitter_title":"TRAFFIC SOUND - Traffic Sound (Tri-fold Sleeve) -  (LP) | Guerssen","twitter_misc":{"Tiempo de lectura":"2 minutos"},"schema":{"@context":"https:\/\/schema.org","@graph":[{"@type":"WebPage","@id":"https:\/\/wpguerssen-test.odoo.rgbconsulting.com\/es\/producto\/traffic-sound-tri-fold-sleeve\/","url":"https:\/\/wpguerssen-test.odoo.rgbconsulting.com\/es\/producto\/traffic-sound-tri-fold-sleeve\/","name":"TRAFFIC SOUND - Traffic Sound (Tri-fold Sleeve) - (LP) | Guerssen","isPartOf":{"@id":"https:\/\/wpguerssen-test.odoo.rgbconsulting.com\/es\/#website"},"primaryImageOfPage":{"@id":"https:\/\/wpguerssen-test.odoo.rgbconsulting.com\/es\/producto\/traffic-sound-tri-fold-sleeve\/#primaryimage"},"image":{"@id":"https:\/\/wpguerssen-test.odoo.rgbconsulting.com\/es\/producto\/traffic-sound-tri-fold-sleeve\/#primaryimage"},"thumbnailUrl":"https:\/\/wpguerssen-test.odoo.rgbconsulting.com\/wp-content\/uploads\/2022\/03\/35183.jpg","datePublished":"2025-03-05T23:00:00+00:00","dateModified":"2025-04-24T15:07:54+00:00","description":"The second Traffic Sound album, released in 1970 after their Latin rock masterpiece \"Virgin\", deserves to be considered one of the greatest recordings of its time, even internationally, as essential as the most hailed works of Cream, Caravan or Led Zeppelin that served as a bridge for rock music between the 60s and 70s. The band incorporates complex arrangements and long song structures with which they approach psychedelic and prog music. However, the immediacy of songs like esterday's Game', with a fierce and contagious guitar riff, or hicama Way', a terrific anthem, clear any possible doubt about the sound principles of the band: hypnotic, groovy ROCK, in capital letters! The band's music was featured in season 3 of NARCOS. Presented in facsimile tri-fold sleeve and pressed on 180g vinyl. #nl# TRACKLIST Side 1 1. TIBET'S SUZETTES 2. THOSE DAYS HAVE GONE 3. YESTERDAY'S GAME Side 2 1. AMERICA 2. WHAT YOU NEED AND WHAT YOU WANT 3. CHICAMA WAY 4. EMPTY","breadcrumb":{"@id":"https:\/\/wpguerssen-test.odoo.rgbconsulting.com\/es\/producto\/traffic-sound-tri-fold-sleeve\/#breadcrumb"},"inLanguage":"es","potentialAction":[{"@type":"ReadAction","target":["https:\/\/wpguerssen-test.odoo.rgbconsulting.com\/es\/producto\/traffic-sound-tri-fold-sleeve\/"]}]},{"@type":"ImageObject","inLanguage":"es","@id":"https:\/\/wpguerssen-test.odoo.rgbconsulting.com\/es\/producto\/traffic-sound-tri-fold-sleeve\/#primaryimage","url":"https:\/\/wpguerssen-test.odoo.rgbconsulting.com\/wp-content\/uploads\/2022\/03\/35183.jpg","contentUrl":"https:\/\/wpguerssen-test.odoo.rgbconsulting.com\/wp-content\/uploads\/2022\/03\/35183.jpg","width":382,"height":382,"caption":"TRAFFIC SOUND - Traffic Sound (Tri-fold Sleeve) - MUNSTER (LP) | Guerssen"},{"@type":"BreadcrumbList","@id":"https:\/\/wpguerssen-test.odoo.rgbconsulting.com\/es\/producto\/traffic-sound-tri-fold-sleeve\/#breadcrumb","itemListElement":[{"@type":"ListItem","position":1,"name":"Inicio","item":"https:\/\/wpguerssen-test.odoo.rgbconsulting.com\/es\/"},{"@type":"ListItem","position":2,"name":"Shop","item":"https:\/\/wpguerssen-test.odoo.rgbconsulting.com\/shop\/"},{"@type":"ListItem","position":3,"name":"Traffic Sound (Tri-fold Sleeve)"}]},{"@type":"WebSite","@id":"https:\/\/wpguerssen-test.odoo.rgbconsulting.com\/es\/#website","url":"https:\/\/wpguerssen-test.odoo.rgbconsulting.com\/es\/","name":"Guerssen records","description":"psychedelia - progressive - folk - garage ","publisher":{"@id":"https:\/\/wpguerssen-test.odoo.rgbconsulting.com\/es\/#organization"},"potentialAction":[{"@type":"SearchAction","target":{"@type":"EntryPoint","urlTemplate":"https:\/\/wpguerssen-test.odoo.rgbconsulting.com\/es\/?s={search_term_string}"},"query-input":{"@type":"PropertyValueSpecification","valueRequired":true,"valueName":"search_term_string"}}],"inLanguage":"es"},{"@type":"Organization","@id":"https:\/\/wpguerssen-test.odoo.rgbconsulting.com\/es\/#organization","name":"Guerssen records","url":"https:\/\/wpguerssen-test.odoo.rgbconsulting.com\/es\/","logo":{"@type":"ImageObject","inLanguage":"es","@id":"https:\/\/wpguerssen-test.odoo.rgbconsulting.com\/es\/#\/schema\/logo\/image\/","url":"https:\/\/wpguerssen-test.odoo.rgbconsulting.com\/wp-content\/uploads\/2022\/04\/Logo_Guerssen_trans_100.png","contentUrl":"https:\/\/wpguerssen-test.odoo.rgbconsulting.com\/wp-content\/uploads\/2022\/04\/Logo_Guerssen_trans_100.png","width":122,"height":100,"caption":"Guerssen records"},"image":{"@id":"https:\/\/wpguerssen-test.odoo.rgbconsulting.com\/es\/#\/schema\/logo\/image\/"}}]}},"_links":{"self":[{"href":"https:\/\/wpguerssen-test.odoo.rgbconsulting.com\/es\/wp-json\/wp\/v2\/product\/189413","targetHints":{"allow":["GET"]}}],"collection":[{"href":"https:\/\/wpguerssen-test.odoo.rgbconsulting.com\/es\/wp-json\/wp\/v2\/product"}],"about":[{"href":"https:\/\/wpguerssen-test.odoo.rgbconsulting.com\/es\/wp-json\/wp\/v2\/types\/product"}],"wp:featuredmedia":[{"embeddable":true,"href":"https:\/\/wpguerssen-test.odoo.rgbconsulting.com\/es\/wp-json\/wp\/v2\/media\/157663"}],"wp:attachment":[{"href":"https:\/\/wpguerssen-test.odoo.rgbconsulting.com\/es\/wp-json\/wp\/v2\/media?parent=189413"}],"wp:term":[{"taxonomy":"product_brand","embeddable":true,"href":"https:\/\/wpguerssen-test.odoo.rgbconsulting.com\/es\/wp-json\/wp\/v2\/product_brand?post=189413"},{"taxonomy":"product_cat","embeddable":true,"href":"https:\/\/wpguerssen-test.odoo.rgbconsulting.com\/es\/wp-json\/wp\/v2\/product_cat?post=189413"},{"taxonomy":"product_tag","embeddable":true,"href":"https:\/\/wpguerssen-test.odoo.rgbconsulting.com\/es\/wp-json\/wp\/v2\/product_tag?post=189413"}],"curies":[{"name":"wp","href":"https:\/\/api.w.org\/{rel}","templated":true}]}}