{"id":206813,"date":"2020-04-30T00:00:00","date_gmt":"2020-04-29T22:00:00","guid":{"rendered":"http:\/\/guerssen.hl1097.dinaserver.com\/product\/in-memory-of-a-summer-day-cd\/"},"modified":"2025-04-24T09:33:14","modified_gmt":"2025-04-24T07:33:14","slug":"in-memory-of-a-summer-day-cd","status":"publish","type":"product","link":"https:\/\/wpguerssen-test.odoo.rgbconsulting.com\/es\/producto\/in-memory-of-a-summer-day-cd\/","title":{"rendered":"In Memory Of A Summer Day (CD)"},"content":{"rendered":"<p>El primer \u00e1lbum de Constantine, editado de forma privada por este m\u00fasico de Chicago en 2015, fue una aut\u00e9ntica sorpresa dentro del circuito psicod\u00e9lico underground y es ya un disco de culto. Y ahora nos alegra enormemente anunciar su segundo disco, editado por Guerssen. Otra maravilla de folk-rock altamente psicod\u00e9lico, repleto de aires pastorales, misteriosos y bellos. <\/p>\n<p> Envuelto en una impresionante portada gatefold papersleeve dibujada a mano por Stephen Titra (pintor y l\u00edder del oscuro grupo psicod\u00e9lico de los 70 O.W.L), incluyendo adem\u00e1s booklet de 12 p\u00e1ginas con las letras de las canciones y dibujos. <\/p>\n<p> Recomendado si te gustan Mark Fry, Shide &#038; Acorn, Trader Horne, Donovan&#8230;. <\/p>\n<p> \u00abVen a sentarte a la orilla del r\u00edo y trata de recordar los d\u00edas felices del verano\u00bbbr><br \/>Tracklist: 1. Upon Your Rise &#8211; 2. Morning \/ The Meandering Path &#8211; 3. Spring &#8211; 4. My Dear Alice &#8211; 5. Slaying Of The Dragon &#8211; 6. Far, Far, Far Away &#8211; 7. Matilda Of The Meadow &#8211; 8. Afternoon \/ In Memory Of A Summer Day &#8211; 9. Along The Castle Wall &#8211; 10. Upon A Dream &#8211; 11. Rivers &#8211; 12. The Kingdom Must Fall<\/p>\n","protected":false},"excerpt":{"rendered":"<p>El primer \u00e1lbum de Constantine, editado de forma privada por este m\u00fasico de Chicago en 2015, fue una aut\u00e9ntica sorpresa dentro del circuito psicod\u00e9lico underground<a class=\"read\" href=\"https:\/\/wpguerssen-test.odoo.rgbconsulting.com\/es\/producto\/in-memory-of-a-summer-day-cd\/\"> (...)<\/a>","protected":false},"featured_media":125302,"template":"","meta":{"_acf_changed":false},"product_brand":[],"product_cat":[21659,23273],"product_tag":[29138],"class_list":{"0":"post-206813","1":"product","2":"type-product","3":"status-publish","4":"has-post-thumbnail","6":"product_cat-psychedelic00s-now-es","7":"product_cat-folk-rock-00s-now-es","8":"product_tag-cd-es","9":"pa_artist-constantine-es","10":"pa_format-cd-2-es","11":"pa_gender-psychedelic00s-now-folk-rock-00s-now","12":"pa_label-guerssen-es","13":"pa_location-north-america-es","15":"first","16":"instock","17":"taxable","18":"shipping-taxable","19":"purchasable","20":"product-type-simple"},"acf":[],"yoast_head":"<!-- This site is optimized with the Yoast SEO plugin v24.9 - https:\/\/yoast.com\/wordpress\/plugins\/seo\/ -->\n<title>CONSTANTINE - In Memory Of A Summer Day (CD) -  (CD) | Guerssen<\/title>\n<meta name=\"description\" content=\"&quot;Day Of Light&quot;, the first album by Chicago musician Constantine, released as a private edition in 2015, took the underground psych-folk scene by storm and it&#039;s now a cult album between psychedelic aficionados. So we at Guerssen are pleased to announce the release of Constantine&#039;s second effort: &quot;In Memory Of A Summer Day&quot; is another psychedelic folk-rock gem filled with pastoral tales of adventure, beauty and sorrow.Housed in a whimsical storybook-illustrated gatefold sleeve (artwork by Stephen Titra of O.W.L), and includes twelve lyric insert pages. #nl# Recommended for fans of Mark Fry, Shide &amp; Acorn, Trader Horne and Donovan. #nl# Come sit beside the riverbank and try to recall the happy summer days... #nl# Tracklist: 1. Upon Your Rise - 2. Morning \/ The Meandering Path - 3. Spring - 4. My Dear Alice - 5. Slaying Of The Dragon - 6. Far, Far, Far Away - 7. Matilda Of The Meadow - 8. Afternoon \/ In Memory Of A Summer Day - 9. Along The Castle Wall - 10. Upon A Dream - 11. Rivers - 12. The Kingdom Must Fall\" \/>\n<meta name=\"robots\" content=\"index, follow, max-snippet:-1, max-image-preview:large, max-video-preview:-1\" \/>\n<link rel=\"canonical\" href=\"https:\/\/wpguerssen-test.odoo.rgbconsulting.com\/es\/producto\/in-memory-of-a-summer-day-cd\/\" \/>\n<meta property=\"og:locale\" content=\"es_ES\" \/>\n<meta property=\"og:type\" content=\"article\" \/>\n<meta property=\"og:title\" content=\"CONSTANTINE - In Memory Of A Summer Day (CD) -  (CD) | Guerssen\" \/>\n<meta property=\"og:description\" content=\"&quot;Day Of Light&quot;, the first album by Chicago musician Constantine, released as a private edition in 2015, took the underground psych-folk scene by storm and it&#039;s now a cult album between psychedelic aficionados. So we at Guerssen are pleased to announce the release of Constantine&#039;s second effort: &quot;In Memory Of A Summer Day&quot; is another psychedelic folk-rock gem filled with pastoral tales of adventure, beauty and sorrow.Housed in a whimsical storybook-illustrated gatefold sleeve (artwork by Stephen Titra of O.W.L), and includes twelve lyric insert pages. #nl# Recommended for fans of Mark Fry, Shide &amp; Acorn, Trader Horne and Donovan. #nl# Come sit beside the riverbank and try to recall the happy summer days... #nl# Tracklist: 1. Upon Your Rise - 2. Morning \/ The Meandering Path - 3. Spring - 4. My Dear Alice - 5. Slaying Of The Dragon - 6. Far, Far, Far Away - 7. Matilda Of The Meadow - 8. Afternoon \/ In Memory Of A Summer Day - 9. Along The Castle Wall - 10. Upon A Dream - 11. Rivers - 12. The Kingdom Must Fall\" \/>\n<meta property=\"og:url\" content=\"https:\/\/wpguerssen-test.odoo.rgbconsulting.com\/es\/producto\/in-memory-of-a-summer-day-cd\/\" \/>\n<meta property=\"og:site_name\" content=\"Guerssen records\" \/>\n<meta property=\"article:modified_time\" content=\"2025-04-24T07:33:14+00:00\" \/>\n<meta property=\"og:image\" content=\"https:\/\/wpguerssen-test.odoo.rgbconsulting.com\/wp-content\/uploads\/2022\/03\/35381.jpg\" \/>\n\t<meta property=\"og:image:width\" content=\"1400\" \/>\n\t<meta property=\"og:image:height\" content=\"1400\" \/>\n\t<meta property=\"og:image:type\" content=\"image\/jpeg\" \/>\n<meta name=\"twitter:card\" content=\"summary_large_image\" \/>\n<meta name=\"twitter:title\" content=\"CONSTANTINE - In Memory Of A Summer Day (CD) -  (CD) | Guerssen\" \/>\n<meta name=\"twitter:label1\" content=\"Tiempo de lectura\" \/>\n\t<meta name=\"twitter:data1\" content=\"1 minuto\" \/>\n<script type=\"application\/ld+json\" class=\"yoast-schema-graph\">{\"@context\":\"https:\/\/schema.org\",\"@graph\":[{\"@type\":\"WebPage\",\"@id\":\"https:\/\/wpguerssen-test.odoo.rgbconsulting.com\/es\/producto\/in-memory-of-a-summer-day-cd\/\",\"url\":\"https:\/\/wpguerssen-test.odoo.rgbconsulting.com\/es\/producto\/in-memory-of-a-summer-day-cd\/\",\"name\":\"CONSTANTINE - In Memory Of A Summer Day (CD) - (CD) | Guerssen\",\"isPartOf\":{\"@id\":\"https:\/\/wpguerssen-test.odoo.rgbconsulting.com\/es\/#website\"},\"primaryImageOfPage\":{\"@id\":\"https:\/\/wpguerssen-test.odoo.rgbconsulting.com\/es\/producto\/in-memory-of-a-summer-day-cd\/#primaryimage\"},\"image\":{\"@id\":\"https:\/\/wpguerssen-test.odoo.rgbconsulting.com\/es\/producto\/in-memory-of-a-summer-day-cd\/#primaryimage\"},\"thumbnailUrl\":\"https:\/\/wpguerssen-test.odoo.rgbconsulting.com\/wp-content\/uploads\/2022\/03\/35381.jpg\",\"datePublished\":\"2020-04-29T22:00:00+00:00\",\"dateModified\":\"2025-04-24T07:33:14+00:00\",\"description\":\"\\\"Day Of Light\\\", the first album by Chicago musician Constantine, released as a private edition in 2015, took the underground psych-folk scene by storm and it's now a cult album between psychedelic aficionados. So we at Guerssen are pleased to announce the release of Constantine's second effort: \\\"In Memory Of A Summer Day\\\" is another psychedelic folk-rock gem filled with pastoral tales of adventure, beauty and sorrow.Housed in a whimsical storybook-illustrated gatefold sleeve (artwork by Stephen Titra of O.W.L), and includes twelve lyric insert pages. #nl# Recommended for fans of Mark Fry, Shide & Acorn, Trader Horne and Donovan. #nl# Come sit beside the riverbank and try to recall the happy summer days... #nl# Tracklist: 1. Upon Your Rise - 2. Morning \/ The Meandering Path - 3. Spring - 4. My Dear Alice - 5. Slaying Of The Dragon - 6. Far, Far, Far Away - 7. Matilda Of The Meadow - 8. Afternoon \/ In Memory Of A Summer Day - 9. Along The Castle Wall - 10. Upon A Dream - 11. Rivers - 12. The Kingdom Must Fall\",\"breadcrumb\":{\"@id\":\"https:\/\/wpguerssen-test.odoo.rgbconsulting.com\/es\/producto\/in-memory-of-a-summer-day-cd\/#breadcrumb\"},\"inLanguage\":\"es\",\"potentialAction\":[{\"@type\":\"ReadAction\",\"target\":[\"https:\/\/wpguerssen-test.odoo.rgbconsulting.com\/es\/producto\/in-memory-of-a-summer-day-cd\/\"]}]},{\"@type\":\"ImageObject\",\"inLanguage\":\"es\",\"@id\":\"https:\/\/wpguerssen-test.odoo.rgbconsulting.com\/es\/producto\/in-memory-of-a-summer-day-cd\/#primaryimage\",\"url\":\"https:\/\/wpguerssen-test.odoo.rgbconsulting.com\/wp-content\/uploads\/2022\/03\/35381.jpg\",\"contentUrl\":\"https:\/\/wpguerssen-test.odoo.rgbconsulting.com\/wp-content\/uploads\/2022\/03\/35381.jpg\",\"width\":1400,\"height\":1400,\"caption\":\"CONSTANTINE - In Memory Of A Summer Day (CD) - GUERSSEN (CD) | Guerssen\"},{\"@type\":\"BreadcrumbList\",\"@id\":\"https:\/\/wpguerssen-test.odoo.rgbconsulting.com\/es\/producto\/in-memory-of-a-summer-day-cd\/#breadcrumb\",\"itemListElement\":[{\"@type\":\"ListItem\",\"position\":1,\"name\":\"Inicio\",\"item\":\"https:\/\/wpguerssen-test.odoo.rgbconsulting.com\/es\/\"},{\"@type\":\"ListItem\",\"position\":2,\"name\":\"Shop\",\"item\":\"https:\/\/wpguerssen-test.odoo.rgbconsulting.com\/shop\/\"},{\"@type\":\"ListItem\",\"position\":3,\"name\":\"In Memory Of A Summer Day (CD)\"}]},{\"@type\":\"WebSite\",\"@id\":\"https:\/\/wpguerssen-test.odoo.rgbconsulting.com\/es\/#website\",\"url\":\"https:\/\/wpguerssen-test.odoo.rgbconsulting.com\/es\/\",\"name\":\"Guerssen records\",\"description\":\"psychedelia - progressive - folk - garage \",\"publisher\":{\"@id\":\"https:\/\/wpguerssen-test.odoo.rgbconsulting.com\/es\/#organization\"},\"potentialAction\":[{\"@type\":\"SearchAction\",\"target\":{\"@type\":\"EntryPoint\",\"urlTemplate\":\"https:\/\/wpguerssen-test.odoo.rgbconsulting.com\/es\/?s={search_term_string}\"},\"query-input\":{\"@type\":\"PropertyValueSpecification\",\"valueRequired\":true,\"valueName\":\"search_term_string\"}}],\"inLanguage\":\"es\"},{\"@type\":\"Organization\",\"@id\":\"https:\/\/wpguerssen-test.odoo.rgbconsulting.com\/es\/#organization\",\"name\":\"Guerssen records\",\"url\":\"https:\/\/wpguerssen-test.odoo.rgbconsulting.com\/es\/\",\"logo\":{\"@type\":\"ImageObject\",\"inLanguage\":\"es\",\"@id\":\"https:\/\/wpguerssen-test.odoo.rgbconsulting.com\/es\/#\/schema\/logo\/image\/\",\"url\":\"https:\/\/wpguerssen-test.odoo.rgbconsulting.com\/wp-content\/uploads\/2022\/04\/Logo_Guerssen_trans_100.png\",\"contentUrl\":\"https:\/\/wpguerssen-test.odoo.rgbconsulting.com\/wp-content\/uploads\/2022\/04\/Logo_Guerssen_trans_100.png\",\"width\":122,\"height\":100,\"caption\":\"Guerssen records\"},\"image\":{\"@id\":\"https:\/\/wpguerssen-test.odoo.rgbconsulting.com\/es\/#\/schema\/logo\/image\/\"}}]}<\/script>\n<!-- \/ Yoast SEO plugin. -->","yoast_head_json":{"title":"CONSTANTINE - In Memory Of A Summer Day (CD) -  (CD) | Guerssen","description":"\"Day Of Light\", the first album by Chicago musician Constantine, released as a private edition in 2015, took the underground psych-folk scene by storm and it's now a cult album between psychedelic aficionados. So we at Guerssen are pleased to announce the release of Constantine's second effort: \"In Memory Of A Summer Day\" is another psychedelic folk-rock gem filled with pastoral tales of adventure, beauty and sorrow.Housed in a whimsical storybook-illustrated gatefold sleeve (artwork by Stephen Titra of O.W.L), and includes twelve lyric insert pages. #nl# Recommended for fans of Mark Fry, Shide & Acorn, Trader Horne and Donovan. #nl# Come sit beside the riverbank and try to recall the happy summer days... #nl# Tracklist: 1. Upon Your Rise - 2. Morning \/ The Meandering Path - 3. Spring - 4. My Dear Alice - 5. Slaying Of The Dragon - 6. Far, Far, Far Away - 7. Matilda Of The Meadow - 8. Afternoon \/ In Memory Of A Summer Day - 9. Along The Castle Wall - 10. Upon A Dream - 11. Rivers - 12. The Kingdom Must Fall","robots":{"index":"index","follow":"follow","max-snippet":"max-snippet:-1","max-image-preview":"max-image-preview:large","max-video-preview":"max-video-preview:-1"},"canonical":"https:\/\/wpguerssen-test.odoo.rgbconsulting.com\/es\/producto\/in-memory-of-a-summer-day-cd\/","og_locale":"es_ES","og_type":"article","og_title":"CONSTANTINE - In Memory Of A Summer Day (CD) -  (CD) | Guerssen","og_description":"\"Day Of Light\", the first album by Chicago musician Constantine, released as a private edition in 2015, took the underground psych-folk scene by storm and it's now a cult album between psychedelic aficionados. So we at Guerssen are pleased to announce the release of Constantine's second effort: \"In Memory Of A Summer Day\" is another psychedelic folk-rock gem filled with pastoral tales of adventure, beauty and sorrow.Housed in a whimsical storybook-illustrated gatefold sleeve (artwork by Stephen Titra of O.W.L), and includes twelve lyric insert pages. #nl# Recommended for fans of Mark Fry, Shide & Acorn, Trader Horne and Donovan. #nl# Come sit beside the riverbank and try to recall the happy summer days... #nl# Tracklist: 1. Upon Your Rise - 2. Morning \/ The Meandering Path - 3. Spring - 4. My Dear Alice - 5. Slaying Of The Dragon - 6. Far, Far, Far Away - 7. Matilda Of The Meadow - 8. Afternoon \/ In Memory Of A Summer Day - 9. Along The Castle Wall - 10. Upon A Dream - 11. Rivers - 12. The Kingdom Must Fall","og_url":"https:\/\/wpguerssen-test.odoo.rgbconsulting.com\/es\/producto\/in-memory-of-a-summer-day-cd\/","og_site_name":"Guerssen records","article_modified_time":"2025-04-24T07:33:14+00:00","og_image":[{"width":1400,"height":1400,"url":"https:\/\/wpguerssen-test.odoo.rgbconsulting.com\/wp-content\/uploads\/2022\/03\/35381.jpg","type":"image\/jpeg"}],"twitter_card":"summary_large_image","twitter_title":"CONSTANTINE - In Memory Of A Summer Day (CD) -  (CD) | Guerssen","twitter_misc":{"Tiempo de lectura":"1 minuto"},"schema":{"@context":"https:\/\/schema.org","@graph":[{"@type":"WebPage","@id":"https:\/\/wpguerssen-test.odoo.rgbconsulting.com\/es\/producto\/in-memory-of-a-summer-day-cd\/","url":"https:\/\/wpguerssen-test.odoo.rgbconsulting.com\/es\/producto\/in-memory-of-a-summer-day-cd\/","name":"CONSTANTINE - In Memory Of A Summer Day (CD) - (CD) | Guerssen","isPartOf":{"@id":"https:\/\/wpguerssen-test.odoo.rgbconsulting.com\/es\/#website"},"primaryImageOfPage":{"@id":"https:\/\/wpguerssen-test.odoo.rgbconsulting.com\/es\/producto\/in-memory-of-a-summer-day-cd\/#primaryimage"},"image":{"@id":"https:\/\/wpguerssen-test.odoo.rgbconsulting.com\/es\/producto\/in-memory-of-a-summer-day-cd\/#primaryimage"},"thumbnailUrl":"https:\/\/wpguerssen-test.odoo.rgbconsulting.com\/wp-content\/uploads\/2022\/03\/35381.jpg","datePublished":"2020-04-29T22:00:00+00:00","dateModified":"2025-04-24T07:33:14+00:00","description":"\"Day Of Light\", the first album by Chicago musician Constantine, released as a private edition in 2015, took the underground psych-folk scene by storm and it's now a cult album between psychedelic aficionados. So we at Guerssen are pleased to announce the release of Constantine's second effort: \"In Memory Of A Summer Day\" is another psychedelic folk-rock gem filled with pastoral tales of adventure, beauty and sorrow.Housed in a whimsical storybook-illustrated gatefold sleeve (artwork by Stephen Titra of O.W.L), and includes twelve lyric insert pages. #nl# Recommended for fans of Mark Fry, Shide & Acorn, Trader Horne and Donovan. #nl# Come sit beside the riverbank and try to recall the happy summer days... #nl# Tracklist: 1. Upon Your Rise - 2. Morning \/ The Meandering Path - 3. Spring - 4. My Dear Alice - 5. Slaying Of The Dragon - 6. Far, Far, Far Away - 7. Matilda Of The Meadow - 8. Afternoon \/ In Memory Of A Summer Day - 9. Along The Castle Wall - 10. Upon A Dream - 11. Rivers - 12. The Kingdom Must Fall","breadcrumb":{"@id":"https:\/\/wpguerssen-test.odoo.rgbconsulting.com\/es\/producto\/in-memory-of-a-summer-day-cd\/#breadcrumb"},"inLanguage":"es","potentialAction":[{"@type":"ReadAction","target":["https:\/\/wpguerssen-test.odoo.rgbconsulting.com\/es\/producto\/in-memory-of-a-summer-day-cd\/"]}]},{"@type":"ImageObject","inLanguage":"es","@id":"https:\/\/wpguerssen-test.odoo.rgbconsulting.com\/es\/producto\/in-memory-of-a-summer-day-cd\/#primaryimage","url":"https:\/\/wpguerssen-test.odoo.rgbconsulting.com\/wp-content\/uploads\/2022\/03\/35381.jpg","contentUrl":"https:\/\/wpguerssen-test.odoo.rgbconsulting.com\/wp-content\/uploads\/2022\/03\/35381.jpg","width":1400,"height":1400,"caption":"CONSTANTINE - In Memory Of A Summer Day (CD) - GUERSSEN (CD) | Guerssen"},{"@type":"BreadcrumbList","@id":"https:\/\/wpguerssen-test.odoo.rgbconsulting.com\/es\/producto\/in-memory-of-a-summer-day-cd\/#breadcrumb","itemListElement":[{"@type":"ListItem","position":1,"name":"Inicio","item":"https:\/\/wpguerssen-test.odoo.rgbconsulting.com\/es\/"},{"@type":"ListItem","position":2,"name":"Shop","item":"https:\/\/wpguerssen-test.odoo.rgbconsulting.com\/shop\/"},{"@type":"ListItem","position":3,"name":"In Memory Of A Summer Day (CD)"}]},{"@type":"WebSite","@id":"https:\/\/wpguerssen-test.odoo.rgbconsulting.com\/es\/#website","url":"https:\/\/wpguerssen-test.odoo.rgbconsulting.com\/es\/","name":"Guerssen records","description":"psychedelia - progressive - folk - garage ","publisher":{"@id":"https:\/\/wpguerssen-test.odoo.rgbconsulting.com\/es\/#organization"},"potentialAction":[{"@type":"SearchAction","target":{"@type":"EntryPoint","urlTemplate":"https:\/\/wpguerssen-test.odoo.rgbconsulting.com\/es\/?s={search_term_string}"},"query-input":{"@type":"PropertyValueSpecification","valueRequired":true,"valueName":"search_term_string"}}],"inLanguage":"es"},{"@type":"Organization","@id":"https:\/\/wpguerssen-test.odoo.rgbconsulting.com\/es\/#organization","name":"Guerssen records","url":"https:\/\/wpguerssen-test.odoo.rgbconsulting.com\/es\/","logo":{"@type":"ImageObject","inLanguage":"es","@id":"https:\/\/wpguerssen-test.odoo.rgbconsulting.com\/es\/#\/schema\/logo\/image\/","url":"https:\/\/wpguerssen-test.odoo.rgbconsulting.com\/wp-content\/uploads\/2022\/04\/Logo_Guerssen_trans_100.png","contentUrl":"https:\/\/wpguerssen-test.odoo.rgbconsulting.com\/wp-content\/uploads\/2022\/04\/Logo_Guerssen_trans_100.png","width":122,"height":100,"caption":"Guerssen records"},"image":{"@id":"https:\/\/wpguerssen-test.odoo.rgbconsulting.com\/es\/#\/schema\/logo\/image\/"}}]}},"_links":{"self":[{"href":"https:\/\/wpguerssen-test.odoo.rgbconsulting.com\/es\/wp-json\/wp\/v2\/product\/206813","targetHints":{"allow":["GET"]}}],"collection":[{"href":"https:\/\/wpguerssen-test.odoo.rgbconsulting.com\/es\/wp-json\/wp\/v2\/product"}],"about":[{"href":"https:\/\/wpguerssen-test.odoo.rgbconsulting.com\/es\/wp-json\/wp\/v2\/types\/product"}],"wp:featuredmedia":[{"embeddable":true,"href":"https:\/\/wpguerssen-test.odoo.rgbconsulting.com\/es\/wp-json\/wp\/v2\/media\/125302"}],"wp:attachment":[{"href":"https:\/\/wpguerssen-test.odoo.rgbconsulting.com\/es\/wp-json\/wp\/v2\/media?parent=206813"}],"wp:term":[{"taxonomy":"product_brand","embeddable":true,"href":"https:\/\/wpguerssen-test.odoo.rgbconsulting.com\/es\/wp-json\/wp\/v2\/product_brand?post=206813"},{"taxonomy":"product_cat","embeddable":true,"href":"https:\/\/wpguerssen-test.odoo.rgbconsulting.com\/es\/wp-json\/wp\/v2\/product_cat?post=206813"},{"taxonomy":"product_tag","embeddable":true,"href":"https:\/\/wpguerssen-test.odoo.rgbconsulting.com\/es\/wp-json\/wp\/v2\/product_tag?post=206813"}],"curies":[{"name":"wp","href":"https:\/\/api.w.org\/{rel}","templated":true}]}}