{"id":206824,"date":"2019-12-04T00:00:00","date_gmt":"2019-12-03T23:00:00","guid":{"rendered":"http:\/\/guerssen.hl1097.dinaserver.com\/product\/the-many-faces-of-kiss-2lp-yellow-splatter\/"},"modified":"2025-04-16T17:53:06","modified_gmt":"2025-04-16T15:53:06","slug":"the-many-faces-of-kiss-2lp-yellow-splatter","status":"publish","type":"product","link":"https:\/\/wpguerssen-test.odoo.rgbconsulting.com\/es\/producto\/the-many-faces-of-kiss-2lp-yellow-splatter\/","title":{"rendered":"The Many Faces of Kiss (2LP &#8211; Yellow splatter)"},"content":{"rendered":"<p>\u00abQuer\u00edas lo mejor, obtuviste lo mejor, la banda m\u00e1s candente del mundo&#8230; \u00a1Kiss!\u00bb.<br \/>As\u00ed comenz\u00f3 el ritual hace m\u00e1s de cuatro d\u00e9cadas, y el fuego no parece extinguirse.<br \/> Kiss es una de las maravillas m\u00e1s notables en la historia del rock, una banda que despierta pasiones y enciende el alma de adolescentes -y mayores- con su adictiva mezcla de hard rock, efectos especiales, melod\u00edas pegadizas, mucho carisma y sentido del peligro y libertad que rara vez se ha experimentado en otro lugar.<br \/>Desde el principio, Kiss opt\u00f3 por una experiencia completa, combinando las travesuras de romper guitarras de Jimi Hendrix y Pete Townshend y la interpretaci\u00f3n de lanzar fuego (una vez patentada por Arthur Brown), con la teatralidad de terror de Alice Cooper y el glamour de bandas como Slade o Sweet.<\/p>\n","protected":false},"excerpt":{"rendered":"<p>\u00abQuer\u00edas lo mejor, obtuviste lo mejor, la banda m\u00e1s candente del mundo&#8230; \u00a1Kiss!\u00bb.<br \/>As\u00ed comenz\u00f3 el ritual hace m\u00e1s de cuatro d\u00e9cadas, y el fuego no<a class=\"read\" href=\"https:\/\/wpguerssen-test.odoo.rgbconsulting.com\/es\/producto\/the-many-faces-of-kiss-2lp-yellow-splatter\/\"> (...)<\/a>","protected":false},"featured_media":125324,"template":"","meta":{"_acf_changed":false},"product_brand":[],"product_cat":[23224,23225],"product_tag":[29140],"class_list":{"0":"post-206824","1":"product","2":"type-product","3":"status-publish","4":"has-post-thumbnail","6":"product_cat-hard-rock-60s-70s-es","7":"product_cat-hard-rock-80s-90s-es-2","8":"product_tag-color-vinyl-es","9":"pa_artist-kiss-es","10":"pa_format-2lp-es","11":"pa_gender-hard-rock-60s-70s-hard-rock-80s-90s","12":"pa_label-music-brokers","13":"pa_location-north-america-es","14":"pa_other-filters-vinyl-only-es","16":"first","17":"instock","18":"taxable","19":"shipping-taxable","20":"purchasable","21":"product-type-simple"},"acf":[],"yoast_head":"<!-- This site is optimized with the Yoast SEO plugin v24.9 - https:\/\/yoast.com\/wordpress\/plugins\/seo\/ -->\n<title>KISS - The Many Faces of Kiss (2LP - Yellow splatter) -  (2LP) | Guerssen<\/title>\n<meta name=\"description\" content=\"&quot;You wanted the best, you got the best, the hottest band in the world...Kiss!!!&quot;.Thus the ritual that started more than four decades ago, and the fire does not seem to extinguish.Kiss is one of the most remarkable wonder in rock&#039;s history, a band that stirs up passions and ignites the soul of teenagers -and older- with its addictive blend of hard rock, special effects, catchy tunes, lots of charisma and a sense of danger and freedom that has rarely been experienced somewhere else.From the beginning, Kiss opted for a full blown experience, combining both Jimi Hendrix&#039;s and Pete Townshend&#039;s guitar-breaking antics and the fire-throwing performance (once patented by Arthur Brown), with Alice Cooper&#039;s horror theatrics and the glamour of bands like Slade or Sweet.It was once said that the group wanted to be &quot;four Alice Cooper&#039;s at a time&quot; and to achieve that, they created the band&#039;s four personalities.\" \/>\n<meta name=\"robots\" content=\"index, follow, max-snippet:-1, max-image-preview:large, max-video-preview:-1\" \/>\n<link rel=\"canonical\" href=\"https:\/\/wpguerssen-test.odoo.rgbconsulting.com\/es\/producto\/the-many-faces-of-kiss-2lp-yellow-splatter\/\" \/>\n<meta property=\"og:locale\" content=\"es_ES\" \/>\n<meta property=\"og:type\" content=\"article\" \/>\n<meta property=\"og:title\" content=\"KISS - The Many Faces of Kiss (2LP - Yellow splatter) -  (2LP) | Guerssen\" \/>\n<meta property=\"og:description\" content=\"&quot;You wanted the best, you got the best, the hottest band in the world...Kiss!!!&quot;.Thus the ritual that started more than four decades ago, and the fire does not seem to extinguish.Kiss is one of the most remarkable wonder in rock&#039;s history, a band that stirs up passions and ignites the soul of teenagers -and older- with its addictive blend of hard rock, special effects, catchy tunes, lots of charisma and a sense of danger and freedom that has rarely been experienced somewhere else.From the beginning, Kiss opted for a full blown experience, combining both Jimi Hendrix&#039;s and Pete Townshend&#039;s guitar-breaking antics and the fire-throwing performance (once patented by Arthur Brown), with Alice Cooper&#039;s horror theatrics and the glamour of bands like Slade or Sweet.It was once said that the group wanted to be &quot;four Alice Cooper&#039;s at a time&quot; and to achieve that, they created the band&#039;s four personalities.\" \/>\n<meta property=\"og:url\" content=\"https:\/\/wpguerssen-test.odoo.rgbconsulting.com\/es\/producto\/the-many-faces-of-kiss-2lp-yellow-splatter\/\" \/>\n<meta property=\"og:site_name\" content=\"Guerssen records\" \/>\n<meta property=\"article:modified_time\" content=\"2025-04-16T15:53:06+00:00\" \/>\n<meta property=\"og:image\" content=\"https:\/\/wpguerssen-test.odoo.rgbconsulting.com\/wp-content\/uploads\/2022\/03\/35405.jpg\" \/>\n\t<meta property=\"og:image:width\" content=\"599\" \/>\n\t<meta property=\"og:image:height\" content=\"520\" \/>\n\t<meta property=\"og:image:type\" content=\"image\/jpeg\" \/>\n<meta name=\"twitter:card\" content=\"summary_large_image\" \/>\n<meta name=\"twitter:title\" content=\"KISS - The Many Faces of Kiss (2LP - Yellow splatter) -  (2LP) | Guerssen\" \/>\n<meta name=\"twitter:label1\" content=\"Tiempo de lectura\" \/>\n\t<meta name=\"twitter:data1\" content=\"1 minuto\" \/>\n<script type=\"application\/ld+json\" class=\"yoast-schema-graph\">{\"@context\":\"https:\/\/schema.org\",\"@graph\":[{\"@type\":\"WebPage\",\"@id\":\"https:\/\/wpguerssen-test.odoo.rgbconsulting.com\/es\/producto\/the-many-faces-of-kiss-2lp-yellow-splatter\/\",\"url\":\"https:\/\/wpguerssen-test.odoo.rgbconsulting.com\/es\/producto\/the-many-faces-of-kiss-2lp-yellow-splatter\/\",\"name\":\"KISS - The Many Faces of Kiss (2LP - Yellow splatter) - (2LP) | Guerssen\",\"isPartOf\":{\"@id\":\"https:\/\/wpguerssen-test.odoo.rgbconsulting.com\/es\/#website\"},\"primaryImageOfPage\":{\"@id\":\"https:\/\/wpguerssen-test.odoo.rgbconsulting.com\/es\/producto\/the-many-faces-of-kiss-2lp-yellow-splatter\/#primaryimage\"},\"image\":{\"@id\":\"https:\/\/wpguerssen-test.odoo.rgbconsulting.com\/es\/producto\/the-many-faces-of-kiss-2lp-yellow-splatter\/#primaryimage\"},\"thumbnailUrl\":\"https:\/\/wpguerssen-test.odoo.rgbconsulting.com\/wp-content\/uploads\/2022\/03\/35405.jpg\",\"datePublished\":\"2019-12-03T23:00:00+00:00\",\"dateModified\":\"2025-04-16T15:53:06+00:00\",\"description\":\"\\\"You wanted the best, you got the best, the hottest band in the world...Kiss!!!\\\".Thus the ritual that started more than four decades ago, and the fire does not seem to extinguish.Kiss is one of the most remarkable wonder in rock's history, a band that stirs up passions and ignites the soul of teenagers -and older- with its addictive blend of hard rock, special effects, catchy tunes, lots of charisma and a sense of danger and freedom that has rarely been experienced somewhere else.From the beginning, Kiss opted for a full blown experience, combining both Jimi Hendrix's and Pete Townshend's guitar-breaking antics and the fire-throwing performance (once patented by Arthur Brown), with Alice Cooper's horror theatrics and the glamour of bands like Slade or Sweet.It was once said that the group wanted to be \\\"four Alice Cooper's at a time\\\" and to achieve that, they created the band's four personalities.\",\"breadcrumb\":{\"@id\":\"https:\/\/wpguerssen-test.odoo.rgbconsulting.com\/es\/producto\/the-many-faces-of-kiss-2lp-yellow-splatter\/#breadcrumb\"},\"inLanguage\":\"es\",\"potentialAction\":[{\"@type\":\"ReadAction\",\"target\":[\"https:\/\/wpguerssen-test.odoo.rgbconsulting.com\/es\/producto\/the-many-faces-of-kiss-2lp-yellow-splatter\/\"]}]},{\"@type\":\"ImageObject\",\"inLanguage\":\"es\",\"@id\":\"https:\/\/wpguerssen-test.odoo.rgbconsulting.com\/es\/producto\/the-many-faces-of-kiss-2lp-yellow-splatter\/#primaryimage\",\"url\":\"https:\/\/wpguerssen-test.odoo.rgbconsulting.com\/wp-content\/uploads\/2022\/03\/35405.jpg\",\"contentUrl\":\"https:\/\/wpguerssen-test.odoo.rgbconsulting.com\/wp-content\/uploads\/2022\/03\/35405.jpg\",\"width\":599,\"height\":520,\"caption\":\"KISS - The Many Faces of Kiss (2LP - Yellow splatter) - MUSIC BROKERS (2LP) | Guerssen\"},{\"@type\":\"BreadcrumbList\",\"@id\":\"https:\/\/wpguerssen-test.odoo.rgbconsulting.com\/es\/producto\/the-many-faces-of-kiss-2lp-yellow-splatter\/#breadcrumb\",\"itemListElement\":[{\"@type\":\"ListItem\",\"position\":1,\"name\":\"Inicio\",\"item\":\"https:\/\/wpguerssen-test.odoo.rgbconsulting.com\/es\/\"},{\"@type\":\"ListItem\",\"position\":2,\"name\":\"Shop\",\"item\":\"https:\/\/wpguerssen-test.odoo.rgbconsulting.com\/shop\/\"},{\"@type\":\"ListItem\",\"position\":3,\"name\":\"The Many Faces of Kiss (2LP &#8211; Yellow splatter)\"}]},{\"@type\":\"WebSite\",\"@id\":\"https:\/\/wpguerssen-test.odoo.rgbconsulting.com\/es\/#website\",\"url\":\"https:\/\/wpguerssen-test.odoo.rgbconsulting.com\/es\/\",\"name\":\"Guerssen records\",\"description\":\"psychedelia - progressive - folk - garage \",\"publisher\":{\"@id\":\"https:\/\/wpguerssen-test.odoo.rgbconsulting.com\/es\/#organization\"},\"potentialAction\":[{\"@type\":\"SearchAction\",\"target\":{\"@type\":\"EntryPoint\",\"urlTemplate\":\"https:\/\/wpguerssen-test.odoo.rgbconsulting.com\/es\/?s={search_term_string}\"},\"query-input\":{\"@type\":\"PropertyValueSpecification\",\"valueRequired\":true,\"valueName\":\"search_term_string\"}}],\"inLanguage\":\"es\"},{\"@type\":\"Organization\",\"@id\":\"https:\/\/wpguerssen-test.odoo.rgbconsulting.com\/es\/#organization\",\"name\":\"Guerssen records\",\"url\":\"https:\/\/wpguerssen-test.odoo.rgbconsulting.com\/es\/\",\"logo\":{\"@type\":\"ImageObject\",\"inLanguage\":\"es\",\"@id\":\"https:\/\/wpguerssen-test.odoo.rgbconsulting.com\/es\/#\/schema\/logo\/image\/\",\"url\":\"https:\/\/wpguerssen-test.odoo.rgbconsulting.com\/wp-content\/uploads\/2022\/04\/Logo_Guerssen_trans_100.png\",\"contentUrl\":\"https:\/\/wpguerssen-test.odoo.rgbconsulting.com\/wp-content\/uploads\/2022\/04\/Logo_Guerssen_trans_100.png\",\"width\":122,\"height\":100,\"caption\":\"Guerssen records\"},\"image\":{\"@id\":\"https:\/\/wpguerssen-test.odoo.rgbconsulting.com\/es\/#\/schema\/logo\/image\/\"}}]}<\/script>\n<!-- \/ Yoast SEO plugin. -->","yoast_head_json":{"title":"KISS - The Many Faces of Kiss (2LP - Yellow splatter) -  (2LP) | Guerssen","description":"\"You wanted the best, you got the best, the hottest band in the world...Kiss!!!\".Thus the ritual that started more than four decades ago, and the fire does not seem to extinguish.Kiss is one of the most remarkable wonder in rock's history, a band that stirs up passions and ignites the soul of teenagers -and older- with its addictive blend of hard rock, special effects, catchy tunes, lots of charisma and a sense of danger and freedom that has rarely been experienced somewhere else.From the beginning, Kiss opted for a full blown experience, combining both Jimi Hendrix's and Pete Townshend's guitar-breaking antics and the fire-throwing performance (once patented by Arthur Brown), with Alice Cooper's horror theatrics and the glamour of bands like Slade or Sweet.It was once said that the group wanted to be \"four Alice Cooper's at a time\" and to achieve that, they created the band's four personalities.","robots":{"index":"index","follow":"follow","max-snippet":"max-snippet:-1","max-image-preview":"max-image-preview:large","max-video-preview":"max-video-preview:-1"},"canonical":"https:\/\/wpguerssen-test.odoo.rgbconsulting.com\/es\/producto\/the-many-faces-of-kiss-2lp-yellow-splatter\/","og_locale":"es_ES","og_type":"article","og_title":"KISS - The Many Faces of Kiss (2LP - Yellow splatter) -  (2LP) | Guerssen","og_description":"\"You wanted the best, you got the best, the hottest band in the world...Kiss!!!\".Thus the ritual that started more than four decades ago, and the fire does not seem to extinguish.Kiss is one of the most remarkable wonder in rock's history, a band that stirs up passions and ignites the soul of teenagers -and older- with its addictive blend of hard rock, special effects, catchy tunes, lots of charisma and a sense of danger and freedom that has rarely been experienced somewhere else.From the beginning, Kiss opted for a full blown experience, combining both Jimi Hendrix's and Pete Townshend's guitar-breaking antics and the fire-throwing performance (once patented by Arthur Brown), with Alice Cooper's horror theatrics and the glamour of bands like Slade or Sweet.It was once said that the group wanted to be \"four Alice Cooper's at a time\" and to achieve that, they created the band's four personalities.","og_url":"https:\/\/wpguerssen-test.odoo.rgbconsulting.com\/es\/producto\/the-many-faces-of-kiss-2lp-yellow-splatter\/","og_site_name":"Guerssen records","article_modified_time":"2025-04-16T15:53:06+00:00","og_image":[{"width":599,"height":520,"url":"https:\/\/wpguerssen-test.odoo.rgbconsulting.com\/wp-content\/uploads\/2022\/03\/35405.jpg","type":"image\/jpeg"}],"twitter_card":"summary_large_image","twitter_title":"KISS - The Many Faces of Kiss (2LP - Yellow splatter) -  (2LP) | Guerssen","twitter_misc":{"Tiempo de lectura":"1 minuto"},"schema":{"@context":"https:\/\/schema.org","@graph":[{"@type":"WebPage","@id":"https:\/\/wpguerssen-test.odoo.rgbconsulting.com\/es\/producto\/the-many-faces-of-kiss-2lp-yellow-splatter\/","url":"https:\/\/wpguerssen-test.odoo.rgbconsulting.com\/es\/producto\/the-many-faces-of-kiss-2lp-yellow-splatter\/","name":"KISS - The Many Faces of Kiss (2LP - Yellow splatter) - (2LP) | Guerssen","isPartOf":{"@id":"https:\/\/wpguerssen-test.odoo.rgbconsulting.com\/es\/#website"},"primaryImageOfPage":{"@id":"https:\/\/wpguerssen-test.odoo.rgbconsulting.com\/es\/producto\/the-many-faces-of-kiss-2lp-yellow-splatter\/#primaryimage"},"image":{"@id":"https:\/\/wpguerssen-test.odoo.rgbconsulting.com\/es\/producto\/the-many-faces-of-kiss-2lp-yellow-splatter\/#primaryimage"},"thumbnailUrl":"https:\/\/wpguerssen-test.odoo.rgbconsulting.com\/wp-content\/uploads\/2022\/03\/35405.jpg","datePublished":"2019-12-03T23:00:00+00:00","dateModified":"2025-04-16T15:53:06+00:00","description":"\"You wanted the best, you got the best, the hottest band in the world...Kiss!!!\".Thus the ritual that started more than four decades ago, and the fire does not seem to extinguish.Kiss is one of the most remarkable wonder in rock's history, a band that stirs up passions and ignites the soul of teenagers -and older- with its addictive blend of hard rock, special effects, catchy tunes, lots of charisma and a sense of danger and freedom that has rarely been experienced somewhere else.From the beginning, Kiss opted for a full blown experience, combining both Jimi Hendrix's and Pete Townshend's guitar-breaking antics and the fire-throwing performance (once patented by Arthur Brown), with Alice Cooper's horror theatrics and the glamour of bands like Slade or Sweet.It was once said that the group wanted to be \"four Alice Cooper's at a time\" and to achieve that, they created the band's four personalities.","breadcrumb":{"@id":"https:\/\/wpguerssen-test.odoo.rgbconsulting.com\/es\/producto\/the-many-faces-of-kiss-2lp-yellow-splatter\/#breadcrumb"},"inLanguage":"es","potentialAction":[{"@type":"ReadAction","target":["https:\/\/wpguerssen-test.odoo.rgbconsulting.com\/es\/producto\/the-many-faces-of-kiss-2lp-yellow-splatter\/"]}]},{"@type":"ImageObject","inLanguage":"es","@id":"https:\/\/wpguerssen-test.odoo.rgbconsulting.com\/es\/producto\/the-many-faces-of-kiss-2lp-yellow-splatter\/#primaryimage","url":"https:\/\/wpguerssen-test.odoo.rgbconsulting.com\/wp-content\/uploads\/2022\/03\/35405.jpg","contentUrl":"https:\/\/wpguerssen-test.odoo.rgbconsulting.com\/wp-content\/uploads\/2022\/03\/35405.jpg","width":599,"height":520,"caption":"KISS - The Many Faces of Kiss (2LP - Yellow splatter) - MUSIC BROKERS (2LP) | Guerssen"},{"@type":"BreadcrumbList","@id":"https:\/\/wpguerssen-test.odoo.rgbconsulting.com\/es\/producto\/the-many-faces-of-kiss-2lp-yellow-splatter\/#breadcrumb","itemListElement":[{"@type":"ListItem","position":1,"name":"Inicio","item":"https:\/\/wpguerssen-test.odoo.rgbconsulting.com\/es\/"},{"@type":"ListItem","position":2,"name":"Shop","item":"https:\/\/wpguerssen-test.odoo.rgbconsulting.com\/shop\/"},{"@type":"ListItem","position":3,"name":"The Many Faces of Kiss (2LP &#8211; Yellow splatter)"}]},{"@type":"WebSite","@id":"https:\/\/wpguerssen-test.odoo.rgbconsulting.com\/es\/#website","url":"https:\/\/wpguerssen-test.odoo.rgbconsulting.com\/es\/","name":"Guerssen records","description":"psychedelia - progressive - folk - garage ","publisher":{"@id":"https:\/\/wpguerssen-test.odoo.rgbconsulting.com\/es\/#organization"},"potentialAction":[{"@type":"SearchAction","target":{"@type":"EntryPoint","urlTemplate":"https:\/\/wpguerssen-test.odoo.rgbconsulting.com\/es\/?s={search_term_string}"},"query-input":{"@type":"PropertyValueSpecification","valueRequired":true,"valueName":"search_term_string"}}],"inLanguage":"es"},{"@type":"Organization","@id":"https:\/\/wpguerssen-test.odoo.rgbconsulting.com\/es\/#organization","name":"Guerssen records","url":"https:\/\/wpguerssen-test.odoo.rgbconsulting.com\/es\/","logo":{"@type":"ImageObject","inLanguage":"es","@id":"https:\/\/wpguerssen-test.odoo.rgbconsulting.com\/es\/#\/schema\/logo\/image\/","url":"https:\/\/wpguerssen-test.odoo.rgbconsulting.com\/wp-content\/uploads\/2022\/04\/Logo_Guerssen_trans_100.png","contentUrl":"https:\/\/wpguerssen-test.odoo.rgbconsulting.com\/wp-content\/uploads\/2022\/04\/Logo_Guerssen_trans_100.png","width":122,"height":100,"caption":"Guerssen records"},"image":{"@id":"https:\/\/wpguerssen-test.odoo.rgbconsulting.com\/es\/#\/schema\/logo\/image\/"}}]}},"_links":{"self":[{"href":"https:\/\/wpguerssen-test.odoo.rgbconsulting.com\/es\/wp-json\/wp\/v2\/product\/206824","targetHints":{"allow":["GET"]}}],"collection":[{"href":"https:\/\/wpguerssen-test.odoo.rgbconsulting.com\/es\/wp-json\/wp\/v2\/product"}],"about":[{"href":"https:\/\/wpguerssen-test.odoo.rgbconsulting.com\/es\/wp-json\/wp\/v2\/types\/product"}],"wp:featuredmedia":[{"embeddable":true,"href":"https:\/\/wpguerssen-test.odoo.rgbconsulting.com\/es\/wp-json\/wp\/v2\/media\/125324"}],"wp:attachment":[{"href":"https:\/\/wpguerssen-test.odoo.rgbconsulting.com\/es\/wp-json\/wp\/v2\/media?parent=206824"}],"wp:term":[{"taxonomy":"product_brand","embeddable":true,"href":"https:\/\/wpguerssen-test.odoo.rgbconsulting.com\/es\/wp-json\/wp\/v2\/product_brand?post=206824"},{"taxonomy":"product_cat","embeddable":true,"href":"https:\/\/wpguerssen-test.odoo.rgbconsulting.com\/es\/wp-json\/wp\/v2\/product_cat?post=206824"},{"taxonomy":"product_tag","embeddable":true,"href":"https:\/\/wpguerssen-test.odoo.rgbconsulting.com\/es\/wp-json\/wp\/v2\/product_tag?post=206824"}],"curies":[{"name":"wp","href":"https:\/\/api.w.org\/{rel}","templated":true}]}}