{"id":206834,"date":"2019-10-25T00:00:00","date_gmt":"2019-10-24T22:00:00","guid":{"rendered":"http:\/\/guerssen.hl1097.dinaserver.com\/product\/perception\/"},"modified":"2025-01-30T16:45:13","modified_gmt":"2025-01-30T15:45:13","slug":"perception","status":"publish","type":"product","link":"https:\/\/wpguerssen-test.odoo.rgbconsulting.com\/es\/producto\/perception\/","title":{"rendered":"Perception"},"content":{"rendered":"<p>Primer disco del grupo free-jazz franc\u00e9s, editado por el sello Futura en 1970.<\/p>\n","protected":false},"excerpt":{"rendered":"<p>Primer disco del grupo free-jazz franc\u00e9s, editado por el sello Futura en 1970.<\/p>\n","protected":false},"featured_media":125346,"template":"","meta":{"_acf_changed":false},"product_brand":[],"product_cat":[23218],"product_tag":[],"class_list":{"0":"post-206834","1":"product","2":"type-product","3":"status-publish","4":"has-post-thumbnail","6":"product_cat-free-jazz-es","7":"pa_artist-perception","8":"pa_format-lp-es","9":"pa_gender-free-jazz","10":"pa_label-soufflecontinu","11":"pa_location-europe-es","12":"pa_other-filters-vinyl-only-es","14":"first","15":"instock","16":"taxable","17":"shipping-taxable","18":"purchasable","19":"product-type-simple"},"acf":[],"yoast_head":"<!-- This site is optimized with the Yoast SEO plugin v24.9 - https:\/\/yoast.com\/wordpress\/plugins\/seo\/ -->\n<title>PERCEPTION - Perception -  (LP) | Guerssen<\/title>\n<meta name=\"description\" content=\"The story of Perception takes root in a series of chance meetings, which seem at first glance unlikely, between musicians from differing horizons, be they geographic or esthetic. Jazz Magazine was spot on with an article from the period entitled, &quot;Perception, four conceptions&quot;, before detailing the origins of the musicians (Hungarian for saxophonist Yochk&#039;O Seffer, German for pianist Siegfried Kessler, French for bassist Didier Levallet, Franco-Vietnamese for drummer Jean-My Truong). It then looked at their varying backgrounds (classical academic training for the first two, an improvised apprenticeship on the jazz scene for the third), in order to point out the seemingly contradictory and perhaps complementary directions which would unite in a singular identity. None of this, however, was clear from the start as the group began as a trio with a different saxophonist, before stabilising to the first core quartet. Having been remarked on in 1970 by G\u00e9rard Terron\u00e8s, who was already producer of the cult Alors! (Michel Portal), C\u00e9lesph\u00e8re (Burton Greene) and Basse Barre (Barre Phillips), Perception was thus given a timely opportunity to record their first album on his Futura Records label. This eponymous opus, illustrated with a drawing by Yochk&#039;O Seffer, is the first of a fascinating trilogy. It puts the seal on those complementary contradictions with a lyrically incandescent free jazz, made up of startling interactions between complex harmonies and disjointed rhythms.\" \/>\n<meta name=\"robots\" content=\"index, follow, max-snippet:-1, max-image-preview:large, max-video-preview:-1\" \/>\n<link rel=\"canonical\" href=\"https:\/\/wpguerssen-test.odoo.rgbconsulting.com\/es\/producto\/perception\/\" \/>\n<meta property=\"og:locale\" content=\"es_ES\" \/>\n<meta property=\"og:type\" content=\"article\" \/>\n<meta property=\"og:title\" content=\"PERCEPTION - Perception -  (LP) | Guerssen\" \/>\n<meta property=\"og:description\" content=\"The story of Perception takes root in a series of chance meetings, which seem at first glance unlikely, between musicians from differing horizons, be they geographic or esthetic. Jazz Magazine was spot on with an article from the period entitled, &quot;Perception, four conceptions&quot;, before detailing the origins of the musicians (Hungarian for saxophonist Yochk&#039;O Seffer, German for pianist Siegfried Kessler, French for bassist Didier Levallet, Franco-Vietnamese for drummer Jean-My Truong). It then looked at their varying backgrounds (classical academic training for the first two, an improvised apprenticeship on the jazz scene for the third), in order to point out the seemingly contradictory and perhaps complementary directions which would unite in a singular identity. None of this, however, was clear from the start as the group began as a trio with a different saxophonist, before stabilising to the first core quartet. Having been remarked on in 1970 by G\u00e9rard Terron\u00e8s, who was already producer of the cult Alors! (Michel Portal), C\u00e9lesph\u00e8re (Burton Greene) and Basse Barre (Barre Phillips), Perception was thus given a timely opportunity to record their first album on his Futura Records label. This eponymous opus, illustrated with a drawing by Yochk&#039;O Seffer, is the first of a fascinating trilogy. It puts the seal on those complementary contradictions with a lyrically incandescent free jazz, made up of startling interactions between complex harmonies and disjointed rhythms.\" \/>\n<meta property=\"og:url\" content=\"https:\/\/wpguerssen-test.odoo.rgbconsulting.com\/es\/producto\/perception\/\" \/>\n<meta property=\"og:site_name\" content=\"Guerssen records\" \/>\n<meta property=\"article:modified_time\" content=\"2025-01-30T15:45:13+00:00\" \/>\n<meta property=\"og:image\" content=\"https:\/\/wpguerssen-test.odoo.rgbconsulting.com\/wp-content\/uploads\/2022\/03\/35422.jpg\" \/>\n\t<meta property=\"og:image:width\" content=\"302\" \/>\n\t<meta property=\"og:image:height\" content=\"302\" \/>\n\t<meta property=\"og:image:type\" content=\"image\/jpeg\" \/>\n<meta name=\"twitter:card\" content=\"summary_large_image\" \/>\n<meta name=\"twitter:title\" content=\"PERCEPTION - Perception -  (LP) | Guerssen\" \/>\n<script type=\"application\/ld+json\" class=\"yoast-schema-graph\">{\"@context\":\"https:\/\/schema.org\",\"@graph\":[{\"@type\":\"WebPage\",\"@id\":\"https:\/\/wpguerssen-test.odoo.rgbconsulting.com\/es\/producto\/perception\/\",\"url\":\"https:\/\/wpguerssen-test.odoo.rgbconsulting.com\/es\/producto\/perception\/\",\"name\":\"PERCEPTION - Perception - (LP) | Guerssen\",\"isPartOf\":{\"@id\":\"https:\/\/wpguerssen-test.odoo.rgbconsulting.com\/es\/#website\"},\"primaryImageOfPage\":{\"@id\":\"https:\/\/wpguerssen-test.odoo.rgbconsulting.com\/es\/producto\/perception\/#primaryimage\"},\"image\":{\"@id\":\"https:\/\/wpguerssen-test.odoo.rgbconsulting.com\/es\/producto\/perception\/#primaryimage\"},\"thumbnailUrl\":\"https:\/\/wpguerssen-test.odoo.rgbconsulting.com\/wp-content\/uploads\/2022\/03\/35422.jpg\",\"datePublished\":\"2019-10-24T22:00:00+00:00\",\"dateModified\":\"2025-01-30T15:45:13+00:00\",\"description\":\"The story of Perception takes root in a series of chance meetings, which seem at first glance unlikely, between musicians from differing horizons, be they geographic or esthetic. Jazz Magazine was spot on with an article from the period entitled, \\\"Perception, four conceptions\\\", before detailing the origins of the musicians (Hungarian for saxophonist Yochk'O Seffer, German for pianist Siegfried Kessler, French for bassist Didier Levallet, Franco-Vietnamese for drummer Jean-My Truong). It then looked at their varying backgrounds (classical academic training for the first two, an improvised apprenticeship on the jazz scene for the third), in order to point out the seemingly contradictory and perhaps complementary directions which would unite in a singular identity. None of this, however, was clear from the start as the group began as a trio with a different saxophonist, before stabilising to the first core quartet. Having been remarked on in 1970 by G\u00e9rard Terron\u00e8s, who was already producer of the cult Alors! (Michel Portal), C\u00e9lesph\u00e8re (Burton Greene) and Basse Barre (Barre Phillips), Perception was thus given a timely opportunity to record their first album on his Futura Records label. This eponymous opus, illustrated with a drawing by Yochk'O Seffer, is the first of a fascinating trilogy. It puts the seal on those complementary contradictions with a lyrically incandescent free jazz, made up of startling interactions between complex harmonies and disjointed rhythms.\",\"breadcrumb\":{\"@id\":\"https:\/\/wpguerssen-test.odoo.rgbconsulting.com\/es\/producto\/perception\/#breadcrumb\"},\"inLanguage\":\"es\",\"potentialAction\":[{\"@type\":\"ReadAction\",\"target\":[\"https:\/\/wpguerssen-test.odoo.rgbconsulting.com\/es\/producto\/perception\/\"]}]},{\"@type\":\"ImageObject\",\"inLanguage\":\"es\",\"@id\":\"https:\/\/wpguerssen-test.odoo.rgbconsulting.com\/es\/producto\/perception\/#primaryimage\",\"url\":\"https:\/\/wpguerssen-test.odoo.rgbconsulting.com\/wp-content\/uploads\/2022\/03\/35422.jpg\",\"contentUrl\":\"https:\/\/wpguerssen-test.odoo.rgbconsulting.com\/wp-content\/uploads\/2022\/03\/35422.jpg\",\"width\":302,\"height\":302,\"caption\":\"PERCEPTION - Perception - SOUFFLECONTINU (LP) | Guerssen\"},{\"@type\":\"BreadcrumbList\",\"@id\":\"https:\/\/wpguerssen-test.odoo.rgbconsulting.com\/es\/producto\/perception\/#breadcrumb\",\"itemListElement\":[{\"@type\":\"ListItem\",\"position\":1,\"name\":\"Inicio\",\"item\":\"https:\/\/wpguerssen-test.odoo.rgbconsulting.com\/es\/\"},{\"@type\":\"ListItem\",\"position\":2,\"name\":\"Shop\",\"item\":\"https:\/\/wpguerssen-test.odoo.rgbconsulting.com\/shop\/\"},{\"@type\":\"ListItem\",\"position\":3,\"name\":\"Perception\"}]},{\"@type\":\"WebSite\",\"@id\":\"https:\/\/wpguerssen-test.odoo.rgbconsulting.com\/es\/#website\",\"url\":\"https:\/\/wpguerssen-test.odoo.rgbconsulting.com\/es\/\",\"name\":\"Guerssen records\",\"description\":\"psychedelia - progressive - folk - garage \",\"publisher\":{\"@id\":\"https:\/\/wpguerssen-test.odoo.rgbconsulting.com\/es\/#organization\"},\"potentialAction\":[{\"@type\":\"SearchAction\",\"target\":{\"@type\":\"EntryPoint\",\"urlTemplate\":\"https:\/\/wpguerssen-test.odoo.rgbconsulting.com\/es\/?s={search_term_string}\"},\"query-input\":{\"@type\":\"PropertyValueSpecification\",\"valueRequired\":true,\"valueName\":\"search_term_string\"}}],\"inLanguage\":\"es\"},{\"@type\":\"Organization\",\"@id\":\"https:\/\/wpguerssen-test.odoo.rgbconsulting.com\/es\/#organization\",\"name\":\"Guerssen records\",\"url\":\"https:\/\/wpguerssen-test.odoo.rgbconsulting.com\/es\/\",\"logo\":{\"@type\":\"ImageObject\",\"inLanguage\":\"es\",\"@id\":\"https:\/\/wpguerssen-test.odoo.rgbconsulting.com\/es\/#\/schema\/logo\/image\/\",\"url\":\"https:\/\/wpguerssen-test.odoo.rgbconsulting.com\/wp-content\/uploads\/2022\/04\/Logo_Guerssen_trans_100.png\",\"contentUrl\":\"https:\/\/wpguerssen-test.odoo.rgbconsulting.com\/wp-content\/uploads\/2022\/04\/Logo_Guerssen_trans_100.png\",\"width\":122,\"height\":100,\"caption\":\"Guerssen records\"},\"image\":{\"@id\":\"https:\/\/wpguerssen-test.odoo.rgbconsulting.com\/es\/#\/schema\/logo\/image\/\"}}]}<\/script>\n<!-- \/ Yoast SEO plugin. -->","yoast_head_json":{"title":"PERCEPTION - Perception -  (LP) | Guerssen","description":"The story of Perception takes root in a series of chance meetings, which seem at first glance unlikely, between musicians from differing horizons, be they geographic or esthetic. Jazz Magazine was spot on with an article from the period entitled, \"Perception, four conceptions\", before detailing the origins of the musicians (Hungarian for saxophonist Yochk'O Seffer, German for pianist Siegfried Kessler, French for bassist Didier Levallet, Franco-Vietnamese for drummer Jean-My Truong). It then looked at their varying backgrounds (classical academic training for the first two, an improvised apprenticeship on the jazz scene for the third), in order to point out the seemingly contradictory and perhaps complementary directions which would unite in a singular identity. None of this, however, was clear from the start as the group began as a trio with a different saxophonist, before stabilising to the first core quartet. Having been remarked on in 1970 by G\u00e9rard Terron\u00e8s, who was already producer of the cult Alors! (Michel Portal), C\u00e9lesph\u00e8re (Burton Greene) and Basse Barre (Barre Phillips), Perception was thus given a timely opportunity to record their first album on his Futura Records label. This eponymous opus, illustrated with a drawing by Yochk'O Seffer, is the first of a fascinating trilogy. It puts the seal on those complementary contradictions with a lyrically incandescent free jazz, made up of startling interactions between complex harmonies and disjointed rhythms.","robots":{"index":"index","follow":"follow","max-snippet":"max-snippet:-1","max-image-preview":"max-image-preview:large","max-video-preview":"max-video-preview:-1"},"canonical":"https:\/\/wpguerssen-test.odoo.rgbconsulting.com\/es\/producto\/perception\/","og_locale":"es_ES","og_type":"article","og_title":"PERCEPTION - Perception -  (LP) | Guerssen","og_description":"The story of Perception takes root in a series of chance meetings, which seem at first glance unlikely, between musicians from differing horizons, be they geographic or esthetic. Jazz Magazine was spot on with an article from the period entitled, \"Perception, four conceptions\", before detailing the origins of the musicians (Hungarian for saxophonist Yochk'O Seffer, German for pianist Siegfried Kessler, French for bassist Didier Levallet, Franco-Vietnamese for drummer Jean-My Truong). It then looked at their varying backgrounds (classical academic training for the first two, an improvised apprenticeship on the jazz scene for the third), in order to point out the seemingly contradictory and perhaps complementary directions which would unite in a singular identity. None of this, however, was clear from the start as the group began as a trio with a different saxophonist, before stabilising to the first core quartet. Having been remarked on in 1970 by G\u00e9rard Terron\u00e8s, who was already producer of the cult Alors! (Michel Portal), C\u00e9lesph\u00e8re (Burton Greene) and Basse Barre (Barre Phillips), Perception was thus given a timely opportunity to record their first album on his Futura Records label. This eponymous opus, illustrated with a drawing by Yochk'O Seffer, is the first of a fascinating trilogy. It puts the seal on those complementary contradictions with a lyrically incandescent free jazz, made up of startling interactions between complex harmonies and disjointed rhythms.","og_url":"https:\/\/wpguerssen-test.odoo.rgbconsulting.com\/es\/producto\/perception\/","og_site_name":"Guerssen records","article_modified_time":"2025-01-30T15:45:13+00:00","og_image":[{"width":302,"height":302,"url":"https:\/\/wpguerssen-test.odoo.rgbconsulting.com\/wp-content\/uploads\/2022\/03\/35422.jpg","type":"image\/jpeg"}],"twitter_card":"summary_large_image","twitter_title":"PERCEPTION - Perception -  (LP) | Guerssen","schema":{"@context":"https:\/\/schema.org","@graph":[{"@type":"WebPage","@id":"https:\/\/wpguerssen-test.odoo.rgbconsulting.com\/es\/producto\/perception\/","url":"https:\/\/wpguerssen-test.odoo.rgbconsulting.com\/es\/producto\/perception\/","name":"PERCEPTION - Perception - (LP) | Guerssen","isPartOf":{"@id":"https:\/\/wpguerssen-test.odoo.rgbconsulting.com\/es\/#website"},"primaryImageOfPage":{"@id":"https:\/\/wpguerssen-test.odoo.rgbconsulting.com\/es\/producto\/perception\/#primaryimage"},"image":{"@id":"https:\/\/wpguerssen-test.odoo.rgbconsulting.com\/es\/producto\/perception\/#primaryimage"},"thumbnailUrl":"https:\/\/wpguerssen-test.odoo.rgbconsulting.com\/wp-content\/uploads\/2022\/03\/35422.jpg","datePublished":"2019-10-24T22:00:00+00:00","dateModified":"2025-01-30T15:45:13+00:00","description":"The story of Perception takes root in a series of chance meetings, which seem at first glance unlikely, between musicians from differing horizons, be they geographic or esthetic. Jazz Magazine was spot on with an article from the period entitled, \"Perception, four conceptions\", before detailing the origins of the musicians (Hungarian for saxophonist Yochk'O Seffer, German for pianist Siegfried Kessler, French for bassist Didier Levallet, Franco-Vietnamese for drummer Jean-My Truong). It then looked at their varying backgrounds (classical academic training for the first two, an improvised apprenticeship on the jazz scene for the third), in order to point out the seemingly contradictory and perhaps complementary directions which would unite in a singular identity. None of this, however, was clear from the start as the group began as a trio with a different saxophonist, before stabilising to the first core quartet. Having been remarked on in 1970 by G\u00e9rard Terron\u00e8s, who was already producer of the cult Alors! (Michel Portal), C\u00e9lesph\u00e8re (Burton Greene) and Basse Barre (Barre Phillips), Perception was thus given a timely opportunity to record their first album on his Futura Records label. This eponymous opus, illustrated with a drawing by Yochk'O Seffer, is the first of a fascinating trilogy. It puts the seal on those complementary contradictions with a lyrically incandescent free jazz, made up of startling interactions between complex harmonies and disjointed rhythms.","breadcrumb":{"@id":"https:\/\/wpguerssen-test.odoo.rgbconsulting.com\/es\/producto\/perception\/#breadcrumb"},"inLanguage":"es","potentialAction":[{"@type":"ReadAction","target":["https:\/\/wpguerssen-test.odoo.rgbconsulting.com\/es\/producto\/perception\/"]}]},{"@type":"ImageObject","inLanguage":"es","@id":"https:\/\/wpguerssen-test.odoo.rgbconsulting.com\/es\/producto\/perception\/#primaryimage","url":"https:\/\/wpguerssen-test.odoo.rgbconsulting.com\/wp-content\/uploads\/2022\/03\/35422.jpg","contentUrl":"https:\/\/wpguerssen-test.odoo.rgbconsulting.com\/wp-content\/uploads\/2022\/03\/35422.jpg","width":302,"height":302,"caption":"PERCEPTION - Perception - SOUFFLECONTINU (LP) | Guerssen"},{"@type":"BreadcrumbList","@id":"https:\/\/wpguerssen-test.odoo.rgbconsulting.com\/es\/producto\/perception\/#breadcrumb","itemListElement":[{"@type":"ListItem","position":1,"name":"Inicio","item":"https:\/\/wpguerssen-test.odoo.rgbconsulting.com\/es\/"},{"@type":"ListItem","position":2,"name":"Shop","item":"https:\/\/wpguerssen-test.odoo.rgbconsulting.com\/shop\/"},{"@type":"ListItem","position":3,"name":"Perception"}]},{"@type":"WebSite","@id":"https:\/\/wpguerssen-test.odoo.rgbconsulting.com\/es\/#website","url":"https:\/\/wpguerssen-test.odoo.rgbconsulting.com\/es\/","name":"Guerssen records","description":"psychedelia - progressive - folk - garage ","publisher":{"@id":"https:\/\/wpguerssen-test.odoo.rgbconsulting.com\/es\/#organization"},"potentialAction":[{"@type":"SearchAction","target":{"@type":"EntryPoint","urlTemplate":"https:\/\/wpguerssen-test.odoo.rgbconsulting.com\/es\/?s={search_term_string}"},"query-input":{"@type":"PropertyValueSpecification","valueRequired":true,"valueName":"search_term_string"}}],"inLanguage":"es"},{"@type":"Organization","@id":"https:\/\/wpguerssen-test.odoo.rgbconsulting.com\/es\/#organization","name":"Guerssen records","url":"https:\/\/wpguerssen-test.odoo.rgbconsulting.com\/es\/","logo":{"@type":"ImageObject","inLanguage":"es","@id":"https:\/\/wpguerssen-test.odoo.rgbconsulting.com\/es\/#\/schema\/logo\/image\/","url":"https:\/\/wpguerssen-test.odoo.rgbconsulting.com\/wp-content\/uploads\/2022\/04\/Logo_Guerssen_trans_100.png","contentUrl":"https:\/\/wpguerssen-test.odoo.rgbconsulting.com\/wp-content\/uploads\/2022\/04\/Logo_Guerssen_trans_100.png","width":122,"height":100,"caption":"Guerssen records"},"image":{"@id":"https:\/\/wpguerssen-test.odoo.rgbconsulting.com\/es\/#\/schema\/logo\/image\/"}}]}},"_links":{"self":[{"href":"https:\/\/wpguerssen-test.odoo.rgbconsulting.com\/es\/wp-json\/wp\/v2\/product\/206834","targetHints":{"allow":["GET"]}}],"collection":[{"href":"https:\/\/wpguerssen-test.odoo.rgbconsulting.com\/es\/wp-json\/wp\/v2\/product"}],"about":[{"href":"https:\/\/wpguerssen-test.odoo.rgbconsulting.com\/es\/wp-json\/wp\/v2\/types\/product"}],"wp:featuredmedia":[{"embeddable":true,"href":"https:\/\/wpguerssen-test.odoo.rgbconsulting.com\/es\/wp-json\/wp\/v2\/media\/125346"}],"wp:attachment":[{"href":"https:\/\/wpguerssen-test.odoo.rgbconsulting.com\/es\/wp-json\/wp\/v2\/media?parent=206834"}],"wp:term":[{"taxonomy":"product_brand","embeddable":true,"href":"https:\/\/wpguerssen-test.odoo.rgbconsulting.com\/es\/wp-json\/wp\/v2\/product_brand?post=206834"},{"taxonomy":"product_cat","embeddable":true,"href":"https:\/\/wpguerssen-test.odoo.rgbconsulting.com\/es\/wp-json\/wp\/v2\/product_cat?post=206834"},{"taxonomy":"product_tag","embeddable":true,"href":"https:\/\/wpguerssen-test.odoo.rgbconsulting.com\/es\/wp-json\/wp\/v2\/product_tag?post=206834"}],"curies":[{"name":"wp","href":"https:\/\/api.w.org\/{rel}","templated":true}]}}