{"id":206939,"date":"2020-03-04T00:00:00","date_gmt":"2020-03-03T23:00:00","guid":{"rendered":"http:\/\/guerssen.hl1097.dinaserver.com\/product\/umbra\/"},"modified":"2024-10-08T16:49:32","modified_gmt":"2024-10-08T14:49:32","slug":"umbra","status":"publish","type":"product","link":"https:\/\/wpguerssen-test.odoo.rgbconsulting.com\/es\/producto\/umbra\/","title":{"rendered":"Umbra"},"content":{"rendered":"<p>Umbra fueron un power-trio de hard-acid-rock procedente de Colorado que estuvieron en activo a principios de los 70. Durante su corta existencia, dejaron grabado abundante material que nuca vi\u00f3 la luz. Aqui tienes una selecci\u00f3n, extra\u00edda de las bobinas originales. Hard-rock psicod\u00e9lico y \u00e1cido con toques blues.<\/p>\n","protected":false},"excerpt":{"rendered":"<p>Umbra fueron un power-trio de hard-acid-rock procedente de Colorado que estuvieron en activo a principios de los 70. Durante su corta existencia, dejaron grabado abundante<a class=\"read\" href=\"https:\/\/wpguerssen-test.odoo.rgbconsulting.com\/es\/producto\/umbra\/\"> (...)<\/a>","protected":false},"featured_media":125508,"template":"","meta":{"_acf_changed":false},"product_brand":[],"product_cat":[21639,23224],"product_tag":[],"class_list":{"0":"post-206939","1":"product","2":"type-product","3":"status-publish","4":"has-post-thumbnail","6":"product_cat-psychedelic60s-70s-es","7":"product_cat-hard-rock-60s-70s-es","8":"pa_artist-umbra","9":"pa_format-lp-es","10":"pa_gender-psychedelic60s-70s-hard-rock-60s-70s","11":"pa_label-lion-es","12":"pa_location-north-america-es","13":"pa_other-filters-vinyl-only-es","15":"first","16":"instock","17":"taxable","18":"shipping-taxable","19":"purchasable","20":"product-type-simple"},"acf":[],"yoast_head":"<!-- This site is optimized with the Yoast SEO plugin v24.9 - https:\/\/yoast.com\/wordpress\/plugins\/seo\/ -->\n<title>UMBRA - Umbra -  (LP) | Guerssen<\/title>\n<meta name=\"description\" content=\"What was available to unknown hard rocking dreamers like Umbra in Denver in 1971-72? Weekend gigs. Nothing but weekend gigs. But there was an upside to that: bands like Umbra could mix original material in with covers, and make enough money to survive. Or in the case of Umbra, to make enough money to build a home studio, where they recorded ads to promote their upcoming shows--and eventually, laid down the eight tracks on this disc. Everything was recorded by bouncing tracks back and forth between two-track and four-track reel-to-reel tape recorders. Spacey intros and weird effects were created by recording guitar licks, then re-recording them played backwards at double speed. What sounds like a flute was the result of blowing over the top of a 14&quot; goose neck (believe it or not). #nl# The resulting tracks are hard edged and heavy, verging on acid rock at times. Makes sense, as Umbra was a power trio most of their too-brief existence. Yet the songs (heavy though they are) have a deft touch. There are weird effects, space rock elements, plenty of melody, and a refreshing category-free approach to writing songs that makes Umbra&#039;s music exciting to hear. #nl# Our Lion LP edition comes with an 8-page LP-sized color booklet, with lyrics, photos, plus interesting and funny things that can only happen to musicians, and did to Umbra. The CD edition comes with a sixteen-page color booklet containing the same material. #nl# We know that band bios can be sterile and boring or can move to the opposite spectrum, rife with grandiose embellishment. Umbra&#039;s story is neither. Instead, it is the story is the story of a band from the early 1970&#039;s who recorded what they wanted to record: heavy, heavy music from the start of the &quot;American Comedown Era&quot; (as we&#039;ve seen it described by friends for their Brown Acid series of compilations). Umbra&#039;s story is also that of a band whose music, terrific though it is, has never to this point been released out into the wide world. Prepare yourselves to be surprised--and we hope as impressed as we are--by what Umbra had to offer. #nl# *First ever release of any recordings by this fascinating heavy rock group from Colorado #nl# *8-page LP-sized color booklet with lyrics, photos, and stories from the road\" \/>\n<meta name=\"robots\" content=\"index, follow, max-snippet:-1, max-image-preview:large, max-video-preview:-1\" \/>\n<link rel=\"canonical\" href=\"https:\/\/wpguerssen-test.odoo.rgbconsulting.com\/es\/producto\/umbra\/\" \/>\n<meta property=\"og:locale\" content=\"es_ES\" \/>\n<meta property=\"og:type\" content=\"article\" \/>\n<meta property=\"og:title\" content=\"UMBRA - Umbra -  (LP) | Guerssen\" \/>\n<meta property=\"og:description\" content=\"What was available to unknown hard rocking dreamers like Umbra in Denver in 1971-72? Weekend gigs. Nothing but weekend gigs. But there was an upside to that: bands like Umbra could mix original material in with covers, and make enough money to survive. Or in the case of Umbra, to make enough money to build a home studio, where they recorded ads to promote their upcoming shows--and eventually, laid down the eight tracks on this disc. Everything was recorded by bouncing tracks back and forth between two-track and four-track reel-to-reel tape recorders. Spacey intros and weird effects were created by recording guitar licks, then re-recording them played backwards at double speed. What sounds like a flute was the result of blowing over the top of a 14&quot; goose neck (believe it or not). #nl# The resulting tracks are hard edged and heavy, verging on acid rock at times. Makes sense, as Umbra was a power trio most of their too-brief existence. Yet the songs (heavy though they are) have a deft touch. There are weird effects, space rock elements, plenty of melody, and a refreshing category-free approach to writing songs that makes Umbra&#039;s music exciting to hear. #nl# Our Lion LP edition comes with an 8-page LP-sized color booklet, with lyrics, photos, plus interesting and funny things that can only happen to musicians, and did to Umbra. The CD edition comes with a sixteen-page color booklet containing the same material. #nl# We know that band bios can be sterile and boring or can move to the opposite spectrum, rife with grandiose embellishment. Umbra&#039;s story is neither. Instead, it is the story is the story of a band from the early 1970&#039;s who recorded what they wanted to record: heavy, heavy music from the start of the &quot;American Comedown Era&quot; (as we&#039;ve seen it described by friends for their Brown Acid series of compilations). Umbra&#039;s story is also that of a band whose music, terrific though it is, has never to this point been released out into the wide world. Prepare yourselves to be surprised--and we hope as impressed as we are--by what Umbra had to offer. #nl# *First ever release of any recordings by this fascinating heavy rock group from Colorado #nl# *8-page LP-sized color booklet with lyrics, photos, and stories from the road\" \/>\n<meta property=\"og:url\" content=\"https:\/\/wpguerssen-test.odoo.rgbconsulting.com\/es\/producto\/umbra\/\" \/>\n<meta property=\"og:site_name\" content=\"Guerssen records\" \/>\n<meta property=\"article:modified_time\" content=\"2024-10-08T14:49:32+00:00\" \/>\n<meta property=\"og:image\" content=\"https:\/\/wpguerssen-test.odoo.rgbconsulting.com\/wp-content\/uploads\/2022\/03\/35624.jpg\" \/>\n\t<meta property=\"og:image:width\" content=\"779\" \/>\n\t<meta property=\"og:image:height\" content=\"776\" \/>\n\t<meta property=\"og:image:type\" content=\"image\/jpeg\" \/>\n<meta name=\"twitter:card\" content=\"summary_large_image\" \/>\n<meta name=\"twitter:title\" content=\"UMBRA - Umbra -  (LP) | Guerssen\" \/>\n<script type=\"application\/ld+json\" class=\"yoast-schema-graph\">{\"@context\":\"https:\/\/schema.org\",\"@graph\":[{\"@type\":\"WebPage\",\"@id\":\"https:\/\/wpguerssen-test.odoo.rgbconsulting.com\/es\/producto\/umbra\/\",\"url\":\"https:\/\/wpguerssen-test.odoo.rgbconsulting.com\/es\/producto\/umbra\/\",\"name\":\"UMBRA - Umbra - (LP) | Guerssen\",\"isPartOf\":{\"@id\":\"https:\/\/wpguerssen-test.odoo.rgbconsulting.com\/es\/#website\"},\"primaryImageOfPage\":{\"@id\":\"https:\/\/wpguerssen-test.odoo.rgbconsulting.com\/es\/producto\/umbra\/#primaryimage\"},\"image\":{\"@id\":\"https:\/\/wpguerssen-test.odoo.rgbconsulting.com\/es\/producto\/umbra\/#primaryimage\"},\"thumbnailUrl\":\"https:\/\/wpguerssen-test.odoo.rgbconsulting.com\/wp-content\/uploads\/2022\/03\/35624.jpg\",\"datePublished\":\"2020-03-03T23:00:00+00:00\",\"dateModified\":\"2024-10-08T14:49:32+00:00\",\"description\":\"What was available to unknown hard rocking dreamers like Umbra in Denver in 1971-72? Weekend gigs. Nothing but weekend gigs. But there was an upside to that: bands like Umbra could mix original material in with covers, and make enough money to survive. Or in the case of Umbra, to make enough money to build a home studio, where they recorded ads to promote their upcoming shows--and eventually, laid down the eight tracks on this disc. Everything was recorded by bouncing tracks back and forth between two-track and four-track reel-to-reel tape recorders. Spacey intros and weird effects were created by recording guitar licks, then re-recording them played backwards at double speed. What sounds like a flute was the result of blowing over the top of a 14\\\" goose neck (believe it or not). #nl# The resulting tracks are hard edged and heavy, verging on acid rock at times. Makes sense, as Umbra was a power trio most of their too-brief existence. Yet the songs (heavy though they are) have a deft touch. There are weird effects, space rock elements, plenty of melody, and a refreshing category-free approach to writing songs that makes Umbra's music exciting to hear. #nl# Our Lion LP edition comes with an 8-page LP-sized color booklet, with lyrics, photos, plus interesting and funny things that can only happen to musicians, and did to Umbra. The CD edition comes with a sixteen-page color booklet containing the same material. #nl# We know that band bios can be sterile and boring or can move to the opposite spectrum, rife with grandiose embellishment. Umbra's story is neither. Instead, it is the story is the story of a band from the early 1970's who recorded what they wanted to record: heavy, heavy music from the start of the \\\"American Comedown Era\\\" (as we've seen it described by friends for their Brown Acid series of compilations). Umbra's story is also that of a band whose music, terrific though it is, has never to this point been released out into the wide world. Prepare yourselves to be surprised--and we hope as impressed as we are--by what Umbra had to offer. #nl# *First ever release of any recordings by this fascinating heavy rock group from Colorado #nl# *8-page LP-sized color booklet with lyrics, photos, and stories from the road\",\"breadcrumb\":{\"@id\":\"https:\/\/wpguerssen-test.odoo.rgbconsulting.com\/es\/producto\/umbra\/#breadcrumb\"},\"inLanguage\":\"es\",\"potentialAction\":[{\"@type\":\"ReadAction\",\"target\":[\"https:\/\/wpguerssen-test.odoo.rgbconsulting.com\/es\/producto\/umbra\/\"]}]},{\"@type\":\"ImageObject\",\"inLanguage\":\"es\",\"@id\":\"https:\/\/wpguerssen-test.odoo.rgbconsulting.com\/es\/producto\/umbra\/#primaryimage\",\"url\":\"https:\/\/wpguerssen-test.odoo.rgbconsulting.com\/wp-content\/uploads\/2022\/03\/35624.jpg\",\"contentUrl\":\"https:\/\/wpguerssen-test.odoo.rgbconsulting.com\/wp-content\/uploads\/2022\/03\/35624.jpg\",\"width\":779,\"height\":776,\"caption\":\"UMBRA - Umbra - LION (LP) | Guerssen\"},{\"@type\":\"BreadcrumbList\",\"@id\":\"https:\/\/wpguerssen-test.odoo.rgbconsulting.com\/es\/producto\/umbra\/#breadcrumb\",\"itemListElement\":[{\"@type\":\"ListItem\",\"position\":1,\"name\":\"Inicio\",\"item\":\"https:\/\/wpguerssen-test.odoo.rgbconsulting.com\/es\/\"},{\"@type\":\"ListItem\",\"position\":2,\"name\":\"Shop\",\"item\":\"https:\/\/wpguerssen-test.odoo.rgbconsulting.com\/shop\/\"},{\"@type\":\"ListItem\",\"position\":3,\"name\":\"Umbra\"}]},{\"@type\":\"WebSite\",\"@id\":\"https:\/\/wpguerssen-test.odoo.rgbconsulting.com\/es\/#website\",\"url\":\"https:\/\/wpguerssen-test.odoo.rgbconsulting.com\/es\/\",\"name\":\"Guerssen records\",\"description\":\"psychedelia - progressive - folk - garage \",\"publisher\":{\"@id\":\"https:\/\/wpguerssen-test.odoo.rgbconsulting.com\/es\/#organization\"},\"potentialAction\":[{\"@type\":\"SearchAction\",\"target\":{\"@type\":\"EntryPoint\",\"urlTemplate\":\"https:\/\/wpguerssen-test.odoo.rgbconsulting.com\/es\/?s={search_term_string}\"},\"query-input\":{\"@type\":\"PropertyValueSpecification\",\"valueRequired\":true,\"valueName\":\"search_term_string\"}}],\"inLanguage\":\"es\"},{\"@type\":\"Organization\",\"@id\":\"https:\/\/wpguerssen-test.odoo.rgbconsulting.com\/es\/#organization\",\"name\":\"Guerssen records\",\"url\":\"https:\/\/wpguerssen-test.odoo.rgbconsulting.com\/es\/\",\"logo\":{\"@type\":\"ImageObject\",\"inLanguage\":\"es\",\"@id\":\"https:\/\/wpguerssen-test.odoo.rgbconsulting.com\/es\/#\/schema\/logo\/image\/\",\"url\":\"https:\/\/wpguerssen-test.odoo.rgbconsulting.com\/wp-content\/uploads\/2022\/04\/Logo_Guerssen_trans_100.png\",\"contentUrl\":\"https:\/\/wpguerssen-test.odoo.rgbconsulting.com\/wp-content\/uploads\/2022\/04\/Logo_Guerssen_trans_100.png\",\"width\":122,\"height\":100,\"caption\":\"Guerssen records\"},\"image\":{\"@id\":\"https:\/\/wpguerssen-test.odoo.rgbconsulting.com\/es\/#\/schema\/logo\/image\/\"}}]}<\/script>\n<!-- \/ Yoast SEO plugin. -->","yoast_head_json":{"title":"UMBRA - Umbra -  (LP) | Guerssen","description":"What was available to unknown hard rocking dreamers like Umbra in Denver in 1971-72? Weekend gigs. Nothing but weekend gigs. But there was an upside to that: bands like Umbra could mix original material in with covers, and make enough money to survive. Or in the case of Umbra, to make enough money to build a home studio, where they recorded ads to promote their upcoming shows--and eventually, laid down the eight tracks on this disc. Everything was recorded by bouncing tracks back and forth between two-track and four-track reel-to-reel tape recorders. Spacey intros and weird effects were created by recording guitar licks, then re-recording them played backwards at double speed. What sounds like a flute was the result of blowing over the top of a 14\" goose neck (believe it or not). #nl# The resulting tracks are hard edged and heavy, verging on acid rock at times. Makes sense, as Umbra was a power trio most of their too-brief existence. Yet the songs (heavy though they are) have a deft touch. There are weird effects, space rock elements, plenty of melody, and a refreshing category-free approach to writing songs that makes Umbra's music exciting to hear. #nl# Our Lion LP edition comes with an 8-page LP-sized color booklet, with lyrics, photos, plus interesting and funny things that can only happen to musicians, and did to Umbra. The CD edition comes with a sixteen-page color booklet containing the same material. #nl# We know that band bios can be sterile and boring or can move to the opposite spectrum, rife with grandiose embellishment. Umbra's story is neither. Instead, it is the story is the story of a band from the early 1970's who recorded what they wanted to record: heavy, heavy music from the start of the \"American Comedown Era\" (as we've seen it described by friends for their Brown Acid series of compilations). Umbra's story is also that of a band whose music, terrific though it is, has never to this point been released out into the wide world. Prepare yourselves to be surprised--and we hope as impressed as we are--by what Umbra had to offer. #nl# *First ever release of any recordings by this fascinating heavy rock group from Colorado #nl# *8-page LP-sized color booklet with lyrics, photos, and stories from the road","robots":{"index":"index","follow":"follow","max-snippet":"max-snippet:-1","max-image-preview":"max-image-preview:large","max-video-preview":"max-video-preview:-1"},"canonical":"https:\/\/wpguerssen-test.odoo.rgbconsulting.com\/es\/producto\/umbra\/","og_locale":"es_ES","og_type":"article","og_title":"UMBRA - Umbra -  (LP) | Guerssen","og_description":"What was available to unknown hard rocking dreamers like Umbra in Denver in 1971-72? Weekend gigs. Nothing but weekend gigs. But there was an upside to that: bands like Umbra could mix original material in with covers, and make enough money to survive. Or in the case of Umbra, to make enough money to build a home studio, where they recorded ads to promote their upcoming shows--and eventually, laid down the eight tracks on this disc. Everything was recorded by bouncing tracks back and forth between two-track and four-track reel-to-reel tape recorders. Spacey intros and weird effects were created by recording guitar licks, then re-recording them played backwards at double speed. What sounds like a flute was the result of blowing over the top of a 14\" goose neck (believe it or not). #nl# The resulting tracks are hard edged and heavy, verging on acid rock at times. Makes sense, as Umbra was a power trio most of their too-brief existence. Yet the songs (heavy though they are) have a deft touch. There are weird effects, space rock elements, plenty of melody, and a refreshing category-free approach to writing songs that makes Umbra's music exciting to hear. #nl# Our Lion LP edition comes with an 8-page LP-sized color booklet, with lyrics, photos, plus interesting and funny things that can only happen to musicians, and did to Umbra. The CD edition comes with a sixteen-page color booklet containing the same material. #nl# We know that band bios can be sterile and boring or can move to the opposite spectrum, rife with grandiose embellishment. Umbra's story is neither. Instead, it is the story is the story of a band from the early 1970's who recorded what they wanted to record: heavy, heavy music from the start of the \"American Comedown Era\" (as we've seen it described by friends for their Brown Acid series of compilations). Umbra's story is also that of a band whose music, terrific though it is, has never to this point been released out into the wide world. Prepare yourselves to be surprised--and we hope as impressed as we are--by what Umbra had to offer. #nl# *First ever release of any recordings by this fascinating heavy rock group from Colorado #nl# *8-page LP-sized color booklet with lyrics, photos, and stories from the road","og_url":"https:\/\/wpguerssen-test.odoo.rgbconsulting.com\/es\/producto\/umbra\/","og_site_name":"Guerssen records","article_modified_time":"2024-10-08T14:49:32+00:00","og_image":[{"width":779,"height":776,"url":"https:\/\/wpguerssen-test.odoo.rgbconsulting.com\/wp-content\/uploads\/2022\/03\/35624.jpg","type":"image\/jpeg"}],"twitter_card":"summary_large_image","twitter_title":"UMBRA - Umbra -  (LP) | Guerssen","schema":{"@context":"https:\/\/schema.org","@graph":[{"@type":"WebPage","@id":"https:\/\/wpguerssen-test.odoo.rgbconsulting.com\/es\/producto\/umbra\/","url":"https:\/\/wpguerssen-test.odoo.rgbconsulting.com\/es\/producto\/umbra\/","name":"UMBRA - Umbra - (LP) | Guerssen","isPartOf":{"@id":"https:\/\/wpguerssen-test.odoo.rgbconsulting.com\/es\/#website"},"primaryImageOfPage":{"@id":"https:\/\/wpguerssen-test.odoo.rgbconsulting.com\/es\/producto\/umbra\/#primaryimage"},"image":{"@id":"https:\/\/wpguerssen-test.odoo.rgbconsulting.com\/es\/producto\/umbra\/#primaryimage"},"thumbnailUrl":"https:\/\/wpguerssen-test.odoo.rgbconsulting.com\/wp-content\/uploads\/2022\/03\/35624.jpg","datePublished":"2020-03-03T23:00:00+00:00","dateModified":"2024-10-08T14:49:32+00:00","description":"What was available to unknown hard rocking dreamers like Umbra in Denver in 1971-72? Weekend gigs. Nothing but weekend gigs. But there was an upside to that: bands like Umbra could mix original material in with covers, and make enough money to survive. Or in the case of Umbra, to make enough money to build a home studio, where they recorded ads to promote their upcoming shows--and eventually, laid down the eight tracks on this disc. Everything was recorded by bouncing tracks back and forth between two-track and four-track reel-to-reel tape recorders. Spacey intros and weird effects were created by recording guitar licks, then re-recording them played backwards at double speed. What sounds like a flute was the result of blowing over the top of a 14\" goose neck (believe it or not). #nl# The resulting tracks are hard edged and heavy, verging on acid rock at times. Makes sense, as Umbra was a power trio most of their too-brief existence. Yet the songs (heavy though they are) have a deft touch. There are weird effects, space rock elements, plenty of melody, and a refreshing category-free approach to writing songs that makes Umbra's music exciting to hear. #nl# Our Lion LP edition comes with an 8-page LP-sized color booklet, with lyrics, photos, plus interesting and funny things that can only happen to musicians, and did to Umbra. The CD edition comes with a sixteen-page color booklet containing the same material. #nl# We know that band bios can be sterile and boring or can move to the opposite spectrum, rife with grandiose embellishment. Umbra's story is neither. Instead, it is the story is the story of a band from the early 1970's who recorded what they wanted to record: heavy, heavy music from the start of the \"American Comedown Era\" (as we've seen it described by friends for their Brown Acid series of compilations). Umbra's story is also that of a band whose music, terrific though it is, has never to this point been released out into the wide world. Prepare yourselves to be surprised--and we hope as impressed as we are--by what Umbra had to offer. #nl# *First ever release of any recordings by this fascinating heavy rock group from Colorado #nl# *8-page LP-sized color booklet with lyrics, photos, and stories from the road","breadcrumb":{"@id":"https:\/\/wpguerssen-test.odoo.rgbconsulting.com\/es\/producto\/umbra\/#breadcrumb"},"inLanguage":"es","potentialAction":[{"@type":"ReadAction","target":["https:\/\/wpguerssen-test.odoo.rgbconsulting.com\/es\/producto\/umbra\/"]}]},{"@type":"ImageObject","inLanguage":"es","@id":"https:\/\/wpguerssen-test.odoo.rgbconsulting.com\/es\/producto\/umbra\/#primaryimage","url":"https:\/\/wpguerssen-test.odoo.rgbconsulting.com\/wp-content\/uploads\/2022\/03\/35624.jpg","contentUrl":"https:\/\/wpguerssen-test.odoo.rgbconsulting.com\/wp-content\/uploads\/2022\/03\/35624.jpg","width":779,"height":776,"caption":"UMBRA - Umbra - LION (LP) | Guerssen"},{"@type":"BreadcrumbList","@id":"https:\/\/wpguerssen-test.odoo.rgbconsulting.com\/es\/producto\/umbra\/#breadcrumb","itemListElement":[{"@type":"ListItem","position":1,"name":"Inicio","item":"https:\/\/wpguerssen-test.odoo.rgbconsulting.com\/es\/"},{"@type":"ListItem","position":2,"name":"Shop","item":"https:\/\/wpguerssen-test.odoo.rgbconsulting.com\/shop\/"},{"@type":"ListItem","position":3,"name":"Umbra"}]},{"@type":"WebSite","@id":"https:\/\/wpguerssen-test.odoo.rgbconsulting.com\/es\/#website","url":"https:\/\/wpguerssen-test.odoo.rgbconsulting.com\/es\/","name":"Guerssen records","description":"psychedelia - progressive - folk - garage ","publisher":{"@id":"https:\/\/wpguerssen-test.odoo.rgbconsulting.com\/es\/#organization"},"potentialAction":[{"@type":"SearchAction","target":{"@type":"EntryPoint","urlTemplate":"https:\/\/wpguerssen-test.odoo.rgbconsulting.com\/es\/?s={search_term_string}"},"query-input":{"@type":"PropertyValueSpecification","valueRequired":true,"valueName":"search_term_string"}}],"inLanguage":"es"},{"@type":"Organization","@id":"https:\/\/wpguerssen-test.odoo.rgbconsulting.com\/es\/#organization","name":"Guerssen records","url":"https:\/\/wpguerssen-test.odoo.rgbconsulting.com\/es\/","logo":{"@type":"ImageObject","inLanguage":"es","@id":"https:\/\/wpguerssen-test.odoo.rgbconsulting.com\/es\/#\/schema\/logo\/image\/","url":"https:\/\/wpguerssen-test.odoo.rgbconsulting.com\/wp-content\/uploads\/2022\/04\/Logo_Guerssen_trans_100.png","contentUrl":"https:\/\/wpguerssen-test.odoo.rgbconsulting.com\/wp-content\/uploads\/2022\/04\/Logo_Guerssen_trans_100.png","width":122,"height":100,"caption":"Guerssen records"},"image":{"@id":"https:\/\/wpguerssen-test.odoo.rgbconsulting.com\/es\/#\/schema\/logo\/image\/"}}]}},"_links":{"self":[{"href":"https:\/\/wpguerssen-test.odoo.rgbconsulting.com\/es\/wp-json\/wp\/v2\/product\/206939","targetHints":{"allow":["GET"]}}],"collection":[{"href":"https:\/\/wpguerssen-test.odoo.rgbconsulting.com\/es\/wp-json\/wp\/v2\/product"}],"about":[{"href":"https:\/\/wpguerssen-test.odoo.rgbconsulting.com\/es\/wp-json\/wp\/v2\/types\/product"}],"wp:featuredmedia":[{"embeddable":true,"href":"https:\/\/wpguerssen-test.odoo.rgbconsulting.com\/es\/wp-json\/wp\/v2\/media\/125508"}],"wp:attachment":[{"href":"https:\/\/wpguerssen-test.odoo.rgbconsulting.com\/es\/wp-json\/wp\/v2\/media?parent=206939"}],"wp:term":[{"taxonomy":"product_brand","embeddable":true,"href":"https:\/\/wpguerssen-test.odoo.rgbconsulting.com\/es\/wp-json\/wp\/v2\/product_brand?post=206939"},{"taxonomy":"product_cat","embeddable":true,"href":"https:\/\/wpguerssen-test.odoo.rgbconsulting.com\/es\/wp-json\/wp\/v2\/product_cat?post=206939"},{"taxonomy":"product_tag","embeddable":true,"href":"https:\/\/wpguerssen-test.odoo.rgbconsulting.com\/es\/wp-json\/wp\/v2\/product_tag?post=206939"}],"curies":[{"name":"wp","href":"https:\/\/api.w.org\/{rel}","templated":true}]}}