{"id":207016,"date":"2019-12-02T00:00:00","date_gmt":"2019-12-01T23:00:00","guid":{"rendered":"http:\/\/guerssen.hl1097.dinaserver.com\/product\/plvg\/"},"modified":"2024-02-20T09:58:10","modified_gmt":"2024-02-20T08:58:10","slug":"plvg","status":"publish","type":"product","link":"https:\/\/wpguerssen-test.odoo.rgbconsulting.com\/es\/producto\/plvg\/","title":{"rendered":"Plvg"},"content":{"rendered":"<p>Disco in\u00e9dito grabado en 1973 por este grupo franc\u00e9s con conexiones a Calcium. Sonido progresivo mel\u00f3dico con toques pop, jazz-rock y psicod\u00e9licos.<\/p>\n","protected":false},"excerpt":{"rendered":"<p>Disco in\u00e9dito grabado en 1973 por este grupo franc\u00e9s con conexiones a Calcium. Sonido progresivo mel\u00f3dico con toques pop, jazz-rock y psicod\u00e9licos.<\/p>\n","protected":false},"featured_media":125648,"template":"","meta":{"_acf_changed":false},"product_brand":[],"product_cat":[23215,23229],"product_tag":[],"class_list":{"0":"post-207016","1":"product","2":"type-product","3":"status-publish","4":"has-post-thumbnail","6":"product_cat-progressive60s-70s-es","7":"product_cat-jazz-rock-es","8":"pa_artist-plvg","9":"pa_format-lp-es","10":"pa_gender-progressive60s-70s-jazz-rock","11":"pa_label-monster-melodies","12":"pa_location-europe-es","13":"pa_other-filters-vinyl-only-es","15":"first","16":"instock","17":"taxable","18":"shipping-taxable","19":"purchasable","20":"product-type-simple"},"acf":[],"yoast_head":"<!-- This site is optimized with the Yoast SEO plugin v24.9 - https:\/\/yoast.com\/wordpress\/plugins\/seo\/ -->\n<title>PLVG - Plvg -  (LP) | Guerssen<\/title>\n<meta name=\"description\" content=\"It was during the summer tour in July, August and September 1973 that the band under the name of PLVG (acronym for Poligot, Lable, Vilar, Gall) made its debut in front of a dumbfounded audience. Whilst taking a break from touring the following month, the group records a dozen titles at the Ferber studio between November 73 and February 74, joined by Zouzou on a cover of a Calcium track: &quot;This morning&quot;. But the album never saw the light of day, because unluckily, Julien Clerc no longer performs on stage, other than in recitals for his Japan and Canada tour, and the band loses the opportunity to play on stage. #nl# In addition, France Gall, who in the height of her career, lives with Julien Clerc since August 1969, leaves him in 1974 for Michel Berger, another great star of French commercial music. Julien Clerc, annoyed, dismisses the musicians: Philippe Gall, Denis and Richard Lable (respectively brother and cousins of the singer). They are replaced by Gerard Bikialo (ex Magma) at the keyboard, Georges Kawczynski (nicknamed &quot;Crapou&quot;) on the guitar and Christian Padovan on the bass (both ex Syst\u00e8me Crapoutchik). #nl# Out in the wild, the PLVG band members will then continue their career as studio musicians appearing on many recordings.\" \/>\n<meta name=\"robots\" content=\"index, follow, max-snippet:-1, max-image-preview:large, max-video-preview:-1\" \/>\n<link rel=\"canonical\" href=\"https:\/\/wpguerssen-test.odoo.rgbconsulting.com\/es\/producto\/plvg\/\" \/>\n<meta property=\"og:locale\" content=\"es_ES\" \/>\n<meta property=\"og:type\" content=\"article\" \/>\n<meta property=\"og:title\" content=\"PLVG - Plvg -  (LP) | Guerssen\" \/>\n<meta property=\"og:description\" content=\"It was during the summer tour in July, August and September 1973 that the band under the name of PLVG (acronym for Poligot, Lable, Vilar, Gall) made its debut in front of a dumbfounded audience. Whilst taking a break from touring the following month, the group records a dozen titles at the Ferber studio between November 73 and February 74, joined by Zouzou on a cover of a Calcium track: &quot;This morning&quot;. But the album never saw the light of day, because unluckily, Julien Clerc no longer performs on stage, other than in recitals for his Japan and Canada tour, and the band loses the opportunity to play on stage. #nl# In addition, France Gall, who in the height of her career, lives with Julien Clerc since August 1969, leaves him in 1974 for Michel Berger, another great star of French commercial music. Julien Clerc, annoyed, dismisses the musicians: Philippe Gall, Denis and Richard Lable (respectively brother and cousins of the singer). They are replaced by Gerard Bikialo (ex Magma) at the keyboard, Georges Kawczynski (nicknamed &quot;Crapou&quot;) on the guitar and Christian Padovan on the bass (both ex Syst\u00e8me Crapoutchik). #nl# Out in the wild, the PLVG band members will then continue their career as studio musicians appearing on many recordings.\" \/>\n<meta property=\"og:url\" content=\"https:\/\/wpguerssen-test.odoo.rgbconsulting.com\/es\/producto\/plvg\/\" \/>\n<meta property=\"og:site_name\" content=\"Guerssen records\" \/>\n<meta property=\"article:modified_time\" content=\"2024-02-20T08:58:10+00:00\" \/>\n<meta property=\"og:image\" content=\"https:\/\/wpguerssen-test.odoo.rgbconsulting.com\/wp-content\/uploads\/2022\/03\/35800.jpg\" \/>\n\t<meta property=\"og:image:width\" content=\"600\" \/>\n\t<meta property=\"og:image:height\" content=\"600\" \/>\n\t<meta property=\"og:image:type\" content=\"image\/jpeg\" \/>\n<meta name=\"twitter:card\" content=\"summary_large_image\" \/>\n<meta name=\"twitter:title\" content=\"PLVG - Plvg -  (LP) | Guerssen\" \/>\n<script type=\"application\/ld+json\" class=\"yoast-schema-graph\">{\"@context\":\"https:\/\/schema.org\",\"@graph\":[{\"@type\":\"WebPage\",\"@id\":\"https:\/\/wpguerssen-test.odoo.rgbconsulting.com\/es\/producto\/plvg\/\",\"url\":\"https:\/\/wpguerssen-test.odoo.rgbconsulting.com\/es\/producto\/plvg\/\",\"name\":\"PLVG - Plvg - (LP) | Guerssen\",\"isPartOf\":{\"@id\":\"https:\/\/wpguerssen-test.odoo.rgbconsulting.com\/es\/#website\"},\"primaryImageOfPage\":{\"@id\":\"https:\/\/wpguerssen-test.odoo.rgbconsulting.com\/es\/producto\/plvg\/#primaryimage\"},\"image\":{\"@id\":\"https:\/\/wpguerssen-test.odoo.rgbconsulting.com\/es\/producto\/plvg\/#primaryimage\"},\"thumbnailUrl\":\"https:\/\/wpguerssen-test.odoo.rgbconsulting.com\/wp-content\/uploads\/2022\/03\/35800.jpg\",\"datePublished\":\"2019-12-01T23:00:00+00:00\",\"dateModified\":\"2024-02-20T08:58:10+00:00\",\"description\":\"It was during the summer tour in July, August and September 1973 that the band under the name of PLVG (acronym for Poligot, Lable, Vilar, Gall) made its debut in front of a dumbfounded audience. Whilst taking a break from touring the following month, the group records a dozen titles at the Ferber studio between November 73 and February 74, joined by Zouzou on a cover of a Calcium track: \\\"This morning\\\". But the album never saw the light of day, because unluckily, Julien Clerc no longer performs on stage, other than in recitals for his Japan and Canada tour, and the band loses the opportunity to play on stage. #nl# In addition, France Gall, who in the height of her career, lives with Julien Clerc since August 1969, leaves him in 1974 for Michel Berger, another great star of French commercial music. Julien Clerc, annoyed, dismisses the musicians: Philippe Gall, Denis and Richard Lable (respectively brother and cousins of the singer). They are replaced by Gerard Bikialo (ex Magma) at the keyboard, Georges Kawczynski (nicknamed \\\"Crapou\\\") on the guitar and Christian Padovan on the bass (both ex Syst\u00e8me Crapoutchik). #nl# Out in the wild, the PLVG band members will then continue their career as studio musicians appearing on many recordings.\",\"breadcrumb\":{\"@id\":\"https:\/\/wpguerssen-test.odoo.rgbconsulting.com\/es\/producto\/plvg\/#breadcrumb\"},\"inLanguage\":\"es\",\"potentialAction\":[{\"@type\":\"ReadAction\",\"target\":[\"https:\/\/wpguerssen-test.odoo.rgbconsulting.com\/es\/producto\/plvg\/\"]}]},{\"@type\":\"ImageObject\",\"inLanguage\":\"es\",\"@id\":\"https:\/\/wpguerssen-test.odoo.rgbconsulting.com\/es\/producto\/plvg\/#primaryimage\",\"url\":\"https:\/\/wpguerssen-test.odoo.rgbconsulting.com\/wp-content\/uploads\/2022\/03\/35800.jpg\",\"contentUrl\":\"https:\/\/wpguerssen-test.odoo.rgbconsulting.com\/wp-content\/uploads\/2022\/03\/35800.jpg\",\"width\":600,\"height\":600,\"caption\":\"PLVG - Plvg - MONSTER MELODIES (LP) | Guerssen\"},{\"@type\":\"BreadcrumbList\",\"@id\":\"https:\/\/wpguerssen-test.odoo.rgbconsulting.com\/es\/producto\/plvg\/#breadcrumb\",\"itemListElement\":[{\"@type\":\"ListItem\",\"position\":1,\"name\":\"Inicio\",\"item\":\"https:\/\/wpguerssen-test.odoo.rgbconsulting.com\/es\/\"},{\"@type\":\"ListItem\",\"position\":2,\"name\":\"Shop\",\"item\":\"https:\/\/wpguerssen-test.odoo.rgbconsulting.com\/shop\/\"},{\"@type\":\"ListItem\",\"position\":3,\"name\":\"Plvg\"}]},{\"@type\":\"WebSite\",\"@id\":\"https:\/\/wpguerssen-test.odoo.rgbconsulting.com\/es\/#website\",\"url\":\"https:\/\/wpguerssen-test.odoo.rgbconsulting.com\/es\/\",\"name\":\"Guerssen records\",\"description\":\"psychedelia - progressive - folk - garage \",\"publisher\":{\"@id\":\"https:\/\/wpguerssen-test.odoo.rgbconsulting.com\/es\/#organization\"},\"potentialAction\":[{\"@type\":\"SearchAction\",\"target\":{\"@type\":\"EntryPoint\",\"urlTemplate\":\"https:\/\/wpguerssen-test.odoo.rgbconsulting.com\/es\/?s={search_term_string}\"},\"query-input\":{\"@type\":\"PropertyValueSpecification\",\"valueRequired\":true,\"valueName\":\"search_term_string\"}}],\"inLanguage\":\"es\"},{\"@type\":\"Organization\",\"@id\":\"https:\/\/wpguerssen-test.odoo.rgbconsulting.com\/es\/#organization\",\"name\":\"Guerssen records\",\"url\":\"https:\/\/wpguerssen-test.odoo.rgbconsulting.com\/es\/\",\"logo\":{\"@type\":\"ImageObject\",\"inLanguage\":\"es\",\"@id\":\"https:\/\/wpguerssen-test.odoo.rgbconsulting.com\/es\/#\/schema\/logo\/image\/\",\"url\":\"https:\/\/wpguerssen-test.odoo.rgbconsulting.com\/wp-content\/uploads\/2022\/04\/Logo_Guerssen_trans_100.png\",\"contentUrl\":\"https:\/\/wpguerssen-test.odoo.rgbconsulting.com\/wp-content\/uploads\/2022\/04\/Logo_Guerssen_trans_100.png\",\"width\":122,\"height\":100,\"caption\":\"Guerssen records\"},\"image\":{\"@id\":\"https:\/\/wpguerssen-test.odoo.rgbconsulting.com\/es\/#\/schema\/logo\/image\/\"}}]}<\/script>\n<!-- \/ Yoast SEO plugin. -->","yoast_head_json":{"title":"PLVG - Plvg -  (LP) | Guerssen","description":"It was during the summer tour in July, August and September 1973 that the band under the name of PLVG (acronym for Poligot, Lable, Vilar, Gall) made its debut in front of a dumbfounded audience. Whilst taking a break from touring the following month, the group records a dozen titles at the Ferber studio between November 73 and February 74, joined by Zouzou on a cover of a Calcium track: \"This morning\". But the album never saw the light of day, because unluckily, Julien Clerc no longer performs on stage, other than in recitals for his Japan and Canada tour, and the band loses the opportunity to play on stage. #nl# In addition, France Gall, who in the height of her career, lives with Julien Clerc since August 1969, leaves him in 1974 for Michel Berger, another great star of French commercial music. Julien Clerc, annoyed, dismisses the musicians: Philippe Gall, Denis and Richard Lable (respectively brother and cousins of the singer). They are replaced by Gerard Bikialo (ex Magma) at the keyboard, Georges Kawczynski (nicknamed \"Crapou\") on the guitar and Christian Padovan on the bass (both ex Syst\u00e8me Crapoutchik). #nl# Out in the wild, the PLVG band members will then continue their career as studio musicians appearing on many recordings.","robots":{"index":"index","follow":"follow","max-snippet":"max-snippet:-1","max-image-preview":"max-image-preview:large","max-video-preview":"max-video-preview:-1"},"canonical":"https:\/\/wpguerssen-test.odoo.rgbconsulting.com\/es\/producto\/plvg\/","og_locale":"es_ES","og_type":"article","og_title":"PLVG - Plvg -  (LP) | Guerssen","og_description":"It was during the summer tour in July, August and September 1973 that the band under the name of PLVG (acronym for Poligot, Lable, Vilar, Gall) made its debut in front of a dumbfounded audience. Whilst taking a break from touring the following month, the group records a dozen titles at the Ferber studio between November 73 and February 74, joined by Zouzou on a cover of a Calcium track: \"This morning\". But the album never saw the light of day, because unluckily, Julien Clerc no longer performs on stage, other than in recitals for his Japan and Canada tour, and the band loses the opportunity to play on stage. #nl# In addition, France Gall, who in the height of her career, lives with Julien Clerc since August 1969, leaves him in 1974 for Michel Berger, another great star of French commercial music. Julien Clerc, annoyed, dismisses the musicians: Philippe Gall, Denis and Richard Lable (respectively brother and cousins of the singer). They are replaced by Gerard Bikialo (ex Magma) at the keyboard, Georges Kawczynski (nicknamed \"Crapou\") on the guitar and Christian Padovan on the bass (both ex Syst\u00e8me Crapoutchik). #nl# Out in the wild, the PLVG band members will then continue their career as studio musicians appearing on many recordings.","og_url":"https:\/\/wpguerssen-test.odoo.rgbconsulting.com\/es\/producto\/plvg\/","og_site_name":"Guerssen records","article_modified_time":"2024-02-20T08:58:10+00:00","og_image":[{"width":600,"height":600,"url":"https:\/\/wpguerssen-test.odoo.rgbconsulting.com\/wp-content\/uploads\/2022\/03\/35800.jpg","type":"image\/jpeg"}],"twitter_card":"summary_large_image","twitter_title":"PLVG - Plvg -  (LP) | Guerssen","schema":{"@context":"https:\/\/schema.org","@graph":[{"@type":"WebPage","@id":"https:\/\/wpguerssen-test.odoo.rgbconsulting.com\/es\/producto\/plvg\/","url":"https:\/\/wpguerssen-test.odoo.rgbconsulting.com\/es\/producto\/plvg\/","name":"PLVG - Plvg - (LP) | Guerssen","isPartOf":{"@id":"https:\/\/wpguerssen-test.odoo.rgbconsulting.com\/es\/#website"},"primaryImageOfPage":{"@id":"https:\/\/wpguerssen-test.odoo.rgbconsulting.com\/es\/producto\/plvg\/#primaryimage"},"image":{"@id":"https:\/\/wpguerssen-test.odoo.rgbconsulting.com\/es\/producto\/plvg\/#primaryimage"},"thumbnailUrl":"https:\/\/wpguerssen-test.odoo.rgbconsulting.com\/wp-content\/uploads\/2022\/03\/35800.jpg","datePublished":"2019-12-01T23:00:00+00:00","dateModified":"2024-02-20T08:58:10+00:00","description":"It was during the summer tour in July, August and September 1973 that the band under the name of PLVG (acronym for Poligot, Lable, Vilar, Gall) made its debut in front of a dumbfounded audience. Whilst taking a break from touring the following month, the group records a dozen titles at the Ferber studio between November 73 and February 74, joined by Zouzou on a cover of a Calcium track: \"This morning\". But the album never saw the light of day, because unluckily, Julien Clerc no longer performs on stage, other than in recitals for his Japan and Canada tour, and the band loses the opportunity to play on stage. #nl# In addition, France Gall, who in the height of her career, lives with Julien Clerc since August 1969, leaves him in 1974 for Michel Berger, another great star of French commercial music. Julien Clerc, annoyed, dismisses the musicians: Philippe Gall, Denis and Richard Lable (respectively brother and cousins of the singer). They are replaced by Gerard Bikialo (ex Magma) at the keyboard, Georges Kawczynski (nicknamed \"Crapou\") on the guitar and Christian Padovan on the bass (both ex Syst\u00e8me Crapoutchik). #nl# Out in the wild, the PLVG band members will then continue their career as studio musicians appearing on many recordings.","breadcrumb":{"@id":"https:\/\/wpguerssen-test.odoo.rgbconsulting.com\/es\/producto\/plvg\/#breadcrumb"},"inLanguage":"es","potentialAction":[{"@type":"ReadAction","target":["https:\/\/wpguerssen-test.odoo.rgbconsulting.com\/es\/producto\/plvg\/"]}]},{"@type":"ImageObject","inLanguage":"es","@id":"https:\/\/wpguerssen-test.odoo.rgbconsulting.com\/es\/producto\/plvg\/#primaryimage","url":"https:\/\/wpguerssen-test.odoo.rgbconsulting.com\/wp-content\/uploads\/2022\/03\/35800.jpg","contentUrl":"https:\/\/wpguerssen-test.odoo.rgbconsulting.com\/wp-content\/uploads\/2022\/03\/35800.jpg","width":600,"height":600,"caption":"PLVG - Plvg - MONSTER MELODIES (LP) | Guerssen"},{"@type":"BreadcrumbList","@id":"https:\/\/wpguerssen-test.odoo.rgbconsulting.com\/es\/producto\/plvg\/#breadcrumb","itemListElement":[{"@type":"ListItem","position":1,"name":"Inicio","item":"https:\/\/wpguerssen-test.odoo.rgbconsulting.com\/es\/"},{"@type":"ListItem","position":2,"name":"Shop","item":"https:\/\/wpguerssen-test.odoo.rgbconsulting.com\/shop\/"},{"@type":"ListItem","position":3,"name":"Plvg"}]},{"@type":"WebSite","@id":"https:\/\/wpguerssen-test.odoo.rgbconsulting.com\/es\/#website","url":"https:\/\/wpguerssen-test.odoo.rgbconsulting.com\/es\/","name":"Guerssen records","description":"psychedelia - progressive - folk - garage ","publisher":{"@id":"https:\/\/wpguerssen-test.odoo.rgbconsulting.com\/es\/#organization"},"potentialAction":[{"@type":"SearchAction","target":{"@type":"EntryPoint","urlTemplate":"https:\/\/wpguerssen-test.odoo.rgbconsulting.com\/es\/?s={search_term_string}"},"query-input":{"@type":"PropertyValueSpecification","valueRequired":true,"valueName":"search_term_string"}}],"inLanguage":"es"},{"@type":"Organization","@id":"https:\/\/wpguerssen-test.odoo.rgbconsulting.com\/es\/#organization","name":"Guerssen records","url":"https:\/\/wpguerssen-test.odoo.rgbconsulting.com\/es\/","logo":{"@type":"ImageObject","inLanguage":"es","@id":"https:\/\/wpguerssen-test.odoo.rgbconsulting.com\/es\/#\/schema\/logo\/image\/","url":"https:\/\/wpguerssen-test.odoo.rgbconsulting.com\/wp-content\/uploads\/2022\/04\/Logo_Guerssen_trans_100.png","contentUrl":"https:\/\/wpguerssen-test.odoo.rgbconsulting.com\/wp-content\/uploads\/2022\/04\/Logo_Guerssen_trans_100.png","width":122,"height":100,"caption":"Guerssen records"},"image":{"@id":"https:\/\/wpguerssen-test.odoo.rgbconsulting.com\/es\/#\/schema\/logo\/image\/"}}]}},"_links":{"self":[{"href":"https:\/\/wpguerssen-test.odoo.rgbconsulting.com\/es\/wp-json\/wp\/v2\/product\/207016","targetHints":{"allow":["GET"]}}],"collection":[{"href":"https:\/\/wpguerssen-test.odoo.rgbconsulting.com\/es\/wp-json\/wp\/v2\/product"}],"about":[{"href":"https:\/\/wpguerssen-test.odoo.rgbconsulting.com\/es\/wp-json\/wp\/v2\/types\/product"}],"wp:featuredmedia":[{"embeddable":true,"href":"https:\/\/wpguerssen-test.odoo.rgbconsulting.com\/es\/wp-json\/wp\/v2\/media\/125648"}],"wp:attachment":[{"href":"https:\/\/wpguerssen-test.odoo.rgbconsulting.com\/es\/wp-json\/wp\/v2\/media?parent=207016"}],"wp:term":[{"taxonomy":"product_brand","embeddable":true,"href":"https:\/\/wpguerssen-test.odoo.rgbconsulting.com\/es\/wp-json\/wp\/v2\/product_brand?post=207016"},{"taxonomy":"product_cat","embeddable":true,"href":"https:\/\/wpguerssen-test.odoo.rgbconsulting.com\/es\/wp-json\/wp\/v2\/product_cat?post=207016"},{"taxonomy":"product_tag","embeddable":true,"href":"https:\/\/wpguerssen-test.odoo.rgbconsulting.com\/es\/wp-json\/wp\/v2\/product_tag?post=207016"}],"curies":[{"name":"wp","href":"https:\/\/api.w.org\/{rel}","templated":true}]}}