{"id":207046,"date":"2020-05-21T00:00:00","date_gmt":"2020-05-20T22:00:00","guid":{"rendered":"http:\/\/guerssen.hl1097.dinaserver.com\/product\/40-anos-antes\/"},"modified":"2025-04-22T15:48:28","modified_gmt":"2025-04-22T13:48:28","slug":"40-anos-antes","status":"publish","type":"product","link":"https:\/\/wpguerssen-test.odoo.rgbconsulting.com\/es\/producto\/40-anos-antes\/","title":{"rendered":"40 A\u00f1os Antes"},"content":{"rendered":"<p>Warlock podr\u00edan ser considerados como el primer grupo espa\u00f1ol de hard-rock con est\u00e9tica \/ influencia sat\u00e1nica \/ ocultista de todos los tiempos. <\/p>\n<p> Formado por Victor Ramos (cantante y guitarra), F\u00e9lix Barahona (bajo) y Juan \u00c1ngel S\u00e1nchez (bater\u00eda), sus ra\u00edces se remontan a Necrophagus, oscuro grupo surgido en Madrid en 1974 con Victor al frente, muy influenciado por bandas como Black Sabbath, Lucifer&#8217;s Friend o Hawkwind y con un sonido que hoy ser\u00eda considerado como \u00abproto-doom\u00bb. <\/p>\n<p> Durante su corta existencia, 1977-79, Warlock fueron teloneros de la Ian Gillan Band en el Teatro Monumental de Madrid en 1979. Tambi\u00e9n participaron en numerosos festivales y compartieron escenario con grupos y artistas de la \u00e9poca como Burning, Cai, Teddy Bautista &#038; Canarios, Azahar, John Martyn, Eduardo Bort, etc. <\/p>\n<p> Su est\u00e9tica y letras de tem\u00e1tica oscura y duro sonido, provoc\u00f3 que ninguna compa\u00f1\u00eda de discos, en pleno auge del rock espa\u00f1ol, se interesara por ellos.  <\/p>\n<p> En 1978 graban algunas demos en su local de ensayo y en directo, recogidas aqu\u00ed por primera vez excepto por un tema, \u00abMisa Negra\u00bb, que fue incluido en un 7&#8243; para el sello alicantino Pakistan Rock and Roll Crusade en 2017. <\/p>\n<p> Crudo y oscuro hard-rock psicod\u00e9lico con ocasionales toques space-rock. Ocho temas propios con t\u00edtulos como \u00abMisa Negra\u00bb, \u00abControl Perdido\u00bb, \u00abCortocircuito\u00bb, \u00abArchives Of The Universe\u00bb,  \u00abSpace Ritual\u00bb (que a pesar del t\u00edtulo no es una versi\u00f3n de Hawkwind sino un tributo al grupo de Dave Brock, al que Victor lleg\u00f3 a conocer personalmente)&#8230;m\u00e1s una versi\u00f3n de \u00abParanoid\u00bb (Black Sabbath). <\/p>\n<p> Muy recomendado si te gustan Black Sabbath, Lucifer&#8217;s Friend, Pentagram, Electric Funeral, Hawkwind&#8230; <\/p>\n<p> Incluye insert a color con raras fotos \/ memorabilia y notas informativas. <\/p>\n<p> Tracklist: A1. Control Perdido &#8211; A2. Huelga En La Mente &#8211; A3. Earth &#8211; A4. Paranoid &#8211; A5. Archives of The Universe &#8211; B1. Misa Negra &#8211; B2. Cortocircuito &#8211; B3. The Last Day &#8211; B4. Space Ritual<\/p>\n","protected":false},"excerpt":{"rendered":"<p>Warlock podr\u00edan ser considerados como el primer grupo espa\u00f1ol de hard-rock con est\u00e9tica \/ influencia sat\u00e1nica \/ ocultista de todos los tiempos. <\/p>\n<p>\u00a0<\/p>\n<p><a class=\"read\" href=\"https:\/\/wpguerssen-test.odoo.rgbconsulting.com\/es\/producto\/40-anos-antes\/\"> (...)<\/a>","protected":false},"featured_media":125716,"template":"","meta":{"_acf_changed":false},"product_brand":[],"product_cat":[23224],"product_tag":[],"class_list":{"0":"post-207046","1":"product","2":"type-product","3":"status-publish","4":"has-post-thumbnail","6":"product_cat-hard-rock-60s-70s-es","7":"pa_artist-warlock-sp","8":"pa_format-lp-es","9":"pa_gender-hard-rock-60s-70s","10":"pa_label-sommor-es","11":"pa_location-spain-es","12":"pa_other-filters-vinyl-only-es","14":"first","15":"instock","16":"taxable","17":"shipping-taxable","18":"purchasable","19":"product-type-simple"},"acf":[],"yoast_head":"<!-- This site is optimized with the Yoast SEO plugin v24.9 - https:\/\/yoast.com\/wordpress\/plugins\/seo\/ -->\n<title>WARLOCK (SP) - 40 A\u00f1os Antes -  (LP) | Guerssen<\/title>\n<meta name=\"description\" content=\"Warlock could be considered the first satanic \/ occult hard-rock band from Spain. #nl# With roots in proto-doom band Necrophagus, formed in Madrid by singer \/ guitar player Victor Ramos in 1974, Warlock were heavily influenced by Black Sabbath, Lucifer&#039;s Friend and Hawkwind but they were too dark and wild-looking for the record companies of the time.During their brief existence, 1977-79, they supported the Ian Gillan Band at the Teatro Monumental, Madrid, 1979. They also shared stage with bands like Burning, Cai, Teddy Bautista &amp; Canarios, Azahar, John Martyn, Eduardo Bort, etc.In 1978, they recorded a bunch of demos, collected here for the first time. #nl# Raw &amp; wild lo-fi psychedelic hard-rock \/ proto-doom with space-rock touches! #nl# Eight self-penned songs with titles like &quot;Archives Of The Universe&quot;, &quot;Cortocircuito&quot;, &quot;Earth&quot;, &quot;Control Perdido&quot;, &quot;Space Ritual&quot; (which is not a Hawkwind cover but a tribute to Dave Brock&#039;s band, whom Victor once met in France), etc, plus a cover of Black Sabbath&#039;s &quot;Paranoid&quot;. #nl# *Includes colour insert with photos \/ memorabilia and liner notes. #nl# RIYL: BLACK SABBATH, LUCIFER&#039;S FRIEND, PENTAGRAM, HAWKWIND... #nl# Tracklist: A1. Control Perdido - A2. Huelga En La Mente - A3. Earth - A4. Paranoid - A5. Archives of The Universe - B1. Misa Negra - B2. Cortocircuito - B3. The Last Day - B4. Space Ritual\" \/>\n<meta name=\"robots\" content=\"index, follow, max-snippet:-1, max-image-preview:large, max-video-preview:-1\" \/>\n<link rel=\"canonical\" href=\"https:\/\/wpguerssen-test.odoo.rgbconsulting.com\/es\/producto\/40-anos-antes\/\" \/>\n<meta property=\"og:locale\" content=\"es_ES\" \/>\n<meta property=\"og:type\" content=\"article\" \/>\n<meta property=\"og:title\" content=\"WARLOCK (SP) - 40 A\u00f1os Antes -  (LP) | Guerssen\" \/>\n<meta property=\"og:description\" content=\"Warlock could be considered the first satanic \/ occult hard-rock band from Spain. #nl# With roots in proto-doom band Necrophagus, formed in Madrid by singer \/ guitar player Victor Ramos in 1974, Warlock were heavily influenced by Black Sabbath, Lucifer&#039;s Friend and Hawkwind but they were too dark and wild-looking for the record companies of the time.During their brief existence, 1977-79, they supported the Ian Gillan Band at the Teatro Monumental, Madrid, 1979. They also shared stage with bands like Burning, Cai, Teddy Bautista &amp; Canarios, Azahar, John Martyn, Eduardo Bort, etc.In 1978, they recorded a bunch of demos, collected here for the first time. #nl# Raw &amp; wild lo-fi psychedelic hard-rock \/ proto-doom with space-rock touches! #nl# Eight self-penned songs with titles like &quot;Archives Of The Universe&quot;, &quot;Cortocircuito&quot;, &quot;Earth&quot;, &quot;Control Perdido&quot;, &quot;Space Ritual&quot; (which is not a Hawkwind cover but a tribute to Dave Brock&#039;s band, whom Victor once met in France), etc, plus a cover of Black Sabbath&#039;s &quot;Paranoid&quot;. #nl# *Includes colour insert with photos \/ memorabilia and liner notes. #nl# RIYL: BLACK SABBATH, LUCIFER&#039;S FRIEND, PENTAGRAM, HAWKWIND... #nl# Tracklist: A1. Control Perdido - A2. Huelga En La Mente - A3. Earth - A4. Paranoid - A5. Archives of The Universe - B1. Misa Negra - B2. Cortocircuito - B3. The Last Day - B4. Space Ritual\" \/>\n<meta property=\"og:url\" content=\"https:\/\/wpguerssen-test.odoo.rgbconsulting.com\/es\/producto\/40-anos-antes\/\" \/>\n<meta property=\"og:site_name\" content=\"Guerssen records\" \/>\n<meta property=\"article:modified_time\" content=\"2025-04-22T13:48:28+00:00\" \/>\n<meta property=\"og:image\" content=\"https:\/\/wpguerssen-test.odoo.rgbconsulting.com\/wp-content\/uploads\/2022\/03\/35891.jpg\" \/>\n\t<meta property=\"og:image:width\" content=\"1400\" \/>\n\t<meta property=\"og:image:height\" content=\"1400\" \/>\n\t<meta property=\"og:image:type\" content=\"image\/jpeg\" \/>\n<meta name=\"twitter:card\" content=\"summary_large_image\" \/>\n<meta name=\"twitter:title\" content=\"WARLOCK (SP) - 40 A\u00f1os Antes -  (LP) | Guerssen\" \/>\n<meta name=\"twitter:label1\" content=\"Tiempo de lectura\" \/>\n\t<meta name=\"twitter:data1\" content=\"2 minutos\" \/>\n<script type=\"application\/ld+json\" class=\"yoast-schema-graph\">{\"@context\":\"https:\/\/schema.org\",\"@graph\":[{\"@type\":\"WebPage\",\"@id\":\"https:\/\/wpguerssen-test.odoo.rgbconsulting.com\/es\/producto\/40-anos-antes\/\",\"url\":\"https:\/\/wpguerssen-test.odoo.rgbconsulting.com\/es\/producto\/40-anos-antes\/\",\"name\":\"WARLOCK (SP) - 40 A\u00f1os Antes - (LP) | Guerssen\",\"isPartOf\":{\"@id\":\"https:\/\/wpguerssen-test.odoo.rgbconsulting.com\/es\/#website\"},\"primaryImageOfPage\":{\"@id\":\"https:\/\/wpguerssen-test.odoo.rgbconsulting.com\/es\/producto\/40-anos-antes\/#primaryimage\"},\"image\":{\"@id\":\"https:\/\/wpguerssen-test.odoo.rgbconsulting.com\/es\/producto\/40-anos-antes\/#primaryimage\"},\"thumbnailUrl\":\"https:\/\/wpguerssen-test.odoo.rgbconsulting.com\/wp-content\/uploads\/2022\/03\/35891.jpg\",\"datePublished\":\"2020-05-20T22:00:00+00:00\",\"dateModified\":\"2025-04-22T13:48:28+00:00\",\"description\":\"Warlock could be considered the first satanic \/ occult hard-rock band from Spain. #nl# With roots in proto-doom band Necrophagus, formed in Madrid by singer \/ guitar player Victor Ramos in 1974, Warlock were heavily influenced by Black Sabbath, Lucifer's Friend and Hawkwind but they were too dark and wild-looking for the record companies of the time.During their brief existence, 1977-79, they supported the Ian Gillan Band at the Teatro Monumental, Madrid, 1979. They also shared stage with bands like Burning, Cai, Teddy Bautista & Canarios, Azahar, John Martyn, Eduardo Bort, etc.In 1978, they recorded a bunch of demos, collected here for the first time. #nl# Raw & wild lo-fi psychedelic hard-rock \/ proto-doom with space-rock touches! #nl# Eight self-penned songs with titles like \\\"Archives Of The Universe\\\", \\\"Cortocircuito\\\", \\\"Earth\\\", \\\"Control Perdido\\\", \\\"Space Ritual\\\" (which is not a Hawkwind cover but a tribute to Dave Brock's band, whom Victor once met in France), etc, plus a cover of Black Sabbath's \\\"Paranoid\\\". #nl# *Includes colour insert with photos \/ memorabilia and liner notes. #nl# RIYL: BLACK SABBATH, LUCIFER'S FRIEND, PENTAGRAM, HAWKWIND... #nl# Tracklist: A1. Control Perdido - A2. Huelga En La Mente - A3. Earth - A4. Paranoid - A5. Archives of The Universe - B1. Misa Negra - B2. Cortocircuito - B3. The Last Day - B4. Space Ritual\",\"breadcrumb\":{\"@id\":\"https:\/\/wpguerssen-test.odoo.rgbconsulting.com\/es\/producto\/40-anos-antes\/#breadcrumb\"},\"inLanguage\":\"es\",\"potentialAction\":[{\"@type\":\"ReadAction\",\"target\":[\"https:\/\/wpguerssen-test.odoo.rgbconsulting.com\/es\/producto\/40-anos-antes\/\"]}]},{\"@type\":\"ImageObject\",\"inLanguage\":\"es\",\"@id\":\"https:\/\/wpguerssen-test.odoo.rgbconsulting.com\/es\/producto\/40-anos-antes\/#primaryimage\",\"url\":\"https:\/\/wpguerssen-test.odoo.rgbconsulting.com\/wp-content\/uploads\/2022\/03\/35891.jpg\",\"contentUrl\":\"https:\/\/wpguerssen-test.odoo.rgbconsulting.com\/wp-content\/uploads\/2022\/03\/35891.jpg\",\"width\":1400,\"height\":1400,\"caption\":\"WARLOCK (SP) - 40 A\u00f1os Antes - SOMMOR (LP) | Guerssen\"},{\"@type\":\"BreadcrumbList\",\"@id\":\"https:\/\/wpguerssen-test.odoo.rgbconsulting.com\/es\/producto\/40-anos-antes\/#breadcrumb\",\"itemListElement\":[{\"@type\":\"ListItem\",\"position\":1,\"name\":\"Inicio\",\"item\":\"https:\/\/wpguerssen-test.odoo.rgbconsulting.com\/es\/\"},{\"@type\":\"ListItem\",\"position\":2,\"name\":\"Shop\",\"item\":\"https:\/\/wpguerssen-test.odoo.rgbconsulting.com\/shop\/\"},{\"@type\":\"ListItem\",\"position\":3,\"name\":\"40 A\u00f1os Antes\"}]},{\"@type\":\"WebSite\",\"@id\":\"https:\/\/wpguerssen-test.odoo.rgbconsulting.com\/es\/#website\",\"url\":\"https:\/\/wpguerssen-test.odoo.rgbconsulting.com\/es\/\",\"name\":\"Guerssen records\",\"description\":\"psychedelia - progressive - folk - garage \",\"publisher\":{\"@id\":\"https:\/\/wpguerssen-test.odoo.rgbconsulting.com\/es\/#organization\"},\"potentialAction\":[{\"@type\":\"SearchAction\",\"target\":{\"@type\":\"EntryPoint\",\"urlTemplate\":\"https:\/\/wpguerssen-test.odoo.rgbconsulting.com\/es\/?s={search_term_string}\"},\"query-input\":{\"@type\":\"PropertyValueSpecification\",\"valueRequired\":true,\"valueName\":\"search_term_string\"}}],\"inLanguage\":\"es\"},{\"@type\":\"Organization\",\"@id\":\"https:\/\/wpguerssen-test.odoo.rgbconsulting.com\/es\/#organization\",\"name\":\"Guerssen records\",\"url\":\"https:\/\/wpguerssen-test.odoo.rgbconsulting.com\/es\/\",\"logo\":{\"@type\":\"ImageObject\",\"inLanguage\":\"es\",\"@id\":\"https:\/\/wpguerssen-test.odoo.rgbconsulting.com\/es\/#\/schema\/logo\/image\/\",\"url\":\"https:\/\/wpguerssen-test.odoo.rgbconsulting.com\/wp-content\/uploads\/2022\/04\/Logo_Guerssen_trans_100.png\",\"contentUrl\":\"https:\/\/wpguerssen-test.odoo.rgbconsulting.com\/wp-content\/uploads\/2022\/04\/Logo_Guerssen_trans_100.png\",\"width\":122,\"height\":100,\"caption\":\"Guerssen records\"},\"image\":{\"@id\":\"https:\/\/wpguerssen-test.odoo.rgbconsulting.com\/es\/#\/schema\/logo\/image\/\"}}]}<\/script>\n<!-- \/ Yoast SEO plugin. -->","yoast_head_json":{"title":"WARLOCK (SP) - 40 A\u00f1os Antes -  (LP) | Guerssen","description":"Warlock could be considered the first satanic \/ occult hard-rock band from Spain. #nl# With roots in proto-doom band Necrophagus, formed in Madrid by singer \/ guitar player Victor Ramos in 1974, Warlock were heavily influenced by Black Sabbath, Lucifer's Friend and Hawkwind but they were too dark and wild-looking for the record companies of the time.During their brief existence, 1977-79, they supported the Ian Gillan Band at the Teatro Monumental, Madrid, 1979. They also shared stage with bands like Burning, Cai, Teddy Bautista & Canarios, Azahar, John Martyn, Eduardo Bort, etc.In 1978, they recorded a bunch of demos, collected here for the first time. #nl# Raw & wild lo-fi psychedelic hard-rock \/ proto-doom with space-rock touches! #nl# Eight self-penned songs with titles like \"Archives Of The Universe\", \"Cortocircuito\", \"Earth\", \"Control Perdido\", \"Space Ritual\" (which is not a Hawkwind cover but a tribute to Dave Brock's band, whom Victor once met in France), etc, plus a cover of Black Sabbath's \"Paranoid\". #nl# *Includes colour insert with photos \/ memorabilia and liner notes. #nl# RIYL: BLACK SABBATH, LUCIFER'S FRIEND, PENTAGRAM, HAWKWIND... #nl# Tracklist: A1. Control Perdido - A2. Huelga En La Mente - A3. Earth - A4. Paranoid - A5. Archives of The Universe - B1. Misa Negra - B2. Cortocircuito - B3. The Last Day - B4. Space Ritual","robots":{"index":"index","follow":"follow","max-snippet":"max-snippet:-1","max-image-preview":"max-image-preview:large","max-video-preview":"max-video-preview:-1"},"canonical":"https:\/\/wpguerssen-test.odoo.rgbconsulting.com\/es\/producto\/40-anos-antes\/","og_locale":"es_ES","og_type":"article","og_title":"WARLOCK (SP) - 40 A\u00f1os Antes -  (LP) | Guerssen","og_description":"Warlock could be considered the first satanic \/ occult hard-rock band from Spain. #nl# With roots in proto-doom band Necrophagus, formed in Madrid by singer \/ guitar player Victor Ramos in 1974, Warlock were heavily influenced by Black Sabbath, Lucifer's Friend and Hawkwind but they were too dark and wild-looking for the record companies of the time.During their brief existence, 1977-79, they supported the Ian Gillan Band at the Teatro Monumental, Madrid, 1979. They also shared stage with bands like Burning, Cai, Teddy Bautista & Canarios, Azahar, John Martyn, Eduardo Bort, etc.In 1978, they recorded a bunch of demos, collected here for the first time. #nl# Raw & wild lo-fi psychedelic hard-rock \/ proto-doom with space-rock touches! #nl# Eight self-penned songs with titles like \"Archives Of The Universe\", \"Cortocircuito\", \"Earth\", \"Control Perdido\", \"Space Ritual\" (which is not a Hawkwind cover but a tribute to Dave Brock's band, whom Victor once met in France), etc, plus a cover of Black Sabbath's \"Paranoid\". #nl# *Includes colour insert with photos \/ memorabilia and liner notes. #nl# RIYL: BLACK SABBATH, LUCIFER'S FRIEND, PENTAGRAM, HAWKWIND... #nl# Tracklist: A1. Control Perdido - A2. Huelga En La Mente - A3. Earth - A4. Paranoid - A5. Archives of The Universe - B1. Misa Negra - B2. Cortocircuito - B3. The Last Day - B4. Space Ritual","og_url":"https:\/\/wpguerssen-test.odoo.rgbconsulting.com\/es\/producto\/40-anos-antes\/","og_site_name":"Guerssen records","article_modified_time":"2025-04-22T13:48:28+00:00","og_image":[{"width":1400,"height":1400,"url":"https:\/\/wpguerssen-test.odoo.rgbconsulting.com\/wp-content\/uploads\/2022\/03\/35891.jpg","type":"image\/jpeg"}],"twitter_card":"summary_large_image","twitter_title":"WARLOCK (SP) - 40 A\u00f1os Antes -  (LP) | Guerssen","twitter_misc":{"Tiempo de lectura":"2 minutos"},"schema":{"@context":"https:\/\/schema.org","@graph":[{"@type":"WebPage","@id":"https:\/\/wpguerssen-test.odoo.rgbconsulting.com\/es\/producto\/40-anos-antes\/","url":"https:\/\/wpguerssen-test.odoo.rgbconsulting.com\/es\/producto\/40-anos-antes\/","name":"WARLOCK (SP) - 40 A\u00f1os Antes - (LP) | Guerssen","isPartOf":{"@id":"https:\/\/wpguerssen-test.odoo.rgbconsulting.com\/es\/#website"},"primaryImageOfPage":{"@id":"https:\/\/wpguerssen-test.odoo.rgbconsulting.com\/es\/producto\/40-anos-antes\/#primaryimage"},"image":{"@id":"https:\/\/wpguerssen-test.odoo.rgbconsulting.com\/es\/producto\/40-anos-antes\/#primaryimage"},"thumbnailUrl":"https:\/\/wpguerssen-test.odoo.rgbconsulting.com\/wp-content\/uploads\/2022\/03\/35891.jpg","datePublished":"2020-05-20T22:00:00+00:00","dateModified":"2025-04-22T13:48:28+00:00","description":"Warlock could be considered the first satanic \/ occult hard-rock band from Spain. #nl# With roots in proto-doom band Necrophagus, formed in Madrid by singer \/ guitar player Victor Ramos in 1974, Warlock were heavily influenced by Black Sabbath, Lucifer's Friend and Hawkwind but they were too dark and wild-looking for the record companies of the time.During their brief existence, 1977-79, they supported the Ian Gillan Band at the Teatro Monumental, Madrid, 1979. They also shared stage with bands like Burning, Cai, Teddy Bautista & Canarios, Azahar, John Martyn, Eduardo Bort, etc.In 1978, they recorded a bunch of demos, collected here for the first time. #nl# Raw & wild lo-fi psychedelic hard-rock \/ proto-doom with space-rock touches! #nl# Eight self-penned songs with titles like \"Archives Of The Universe\", \"Cortocircuito\", \"Earth\", \"Control Perdido\", \"Space Ritual\" (which is not a Hawkwind cover but a tribute to Dave Brock's band, whom Victor once met in France), etc, plus a cover of Black Sabbath's \"Paranoid\". #nl# *Includes colour insert with photos \/ memorabilia and liner notes. #nl# RIYL: BLACK SABBATH, LUCIFER'S FRIEND, PENTAGRAM, HAWKWIND... #nl# Tracklist: A1. Control Perdido - A2. Huelga En La Mente - A3. Earth - A4. Paranoid - A5. Archives of The Universe - B1. Misa Negra - B2. Cortocircuito - B3. The Last Day - B4. Space Ritual","breadcrumb":{"@id":"https:\/\/wpguerssen-test.odoo.rgbconsulting.com\/es\/producto\/40-anos-antes\/#breadcrumb"},"inLanguage":"es","potentialAction":[{"@type":"ReadAction","target":["https:\/\/wpguerssen-test.odoo.rgbconsulting.com\/es\/producto\/40-anos-antes\/"]}]},{"@type":"ImageObject","inLanguage":"es","@id":"https:\/\/wpguerssen-test.odoo.rgbconsulting.com\/es\/producto\/40-anos-antes\/#primaryimage","url":"https:\/\/wpguerssen-test.odoo.rgbconsulting.com\/wp-content\/uploads\/2022\/03\/35891.jpg","contentUrl":"https:\/\/wpguerssen-test.odoo.rgbconsulting.com\/wp-content\/uploads\/2022\/03\/35891.jpg","width":1400,"height":1400,"caption":"WARLOCK (SP) - 40 A\u00f1os Antes - SOMMOR (LP) | Guerssen"},{"@type":"BreadcrumbList","@id":"https:\/\/wpguerssen-test.odoo.rgbconsulting.com\/es\/producto\/40-anos-antes\/#breadcrumb","itemListElement":[{"@type":"ListItem","position":1,"name":"Inicio","item":"https:\/\/wpguerssen-test.odoo.rgbconsulting.com\/es\/"},{"@type":"ListItem","position":2,"name":"Shop","item":"https:\/\/wpguerssen-test.odoo.rgbconsulting.com\/shop\/"},{"@type":"ListItem","position":3,"name":"40 A\u00f1os Antes"}]},{"@type":"WebSite","@id":"https:\/\/wpguerssen-test.odoo.rgbconsulting.com\/es\/#website","url":"https:\/\/wpguerssen-test.odoo.rgbconsulting.com\/es\/","name":"Guerssen records","description":"psychedelia - progressive - folk - garage ","publisher":{"@id":"https:\/\/wpguerssen-test.odoo.rgbconsulting.com\/es\/#organization"},"potentialAction":[{"@type":"SearchAction","target":{"@type":"EntryPoint","urlTemplate":"https:\/\/wpguerssen-test.odoo.rgbconsulting.com\/es\/?s={search_term_string}"},"query-input":{"@type":"PropertyValueSpecification","valueRequired":true,"valueName":"search_term_string"}}],"inLanguage":"es"},{"@type":"Organization","@id":"https:\/\/wpguerssen-test.odoo.rgbconsulting.com\/es\/#organization","name":"Guerssen records","url":"https:\/\/wpguerssen-test.odoo.rgbconsulting.com\/es\/","logo":{"@type":"ImageObject","inLanguage":"es","@id":"https:\/\/wpguerssen-test.odoo.rgbconsulting.com\/es\/#\/schema\/logo\/image\/","url":"https:\/\/wpguerssen-test.odoo.rgbconsulting.com\/wp-content\/uploads\/2022\/04\/Logo_Guerssen_trans_100.png","contentUrl":"https:\/\/wpguerssen-test.odoo.rgbconsulting.com\/wp-content\/uploads\/2022\/04\/Logo_Guerssen_trans_100.png","width":122,"height":100,"caption":"Guerssen records"},"image":{"@id":"https:\/\/wpguerssen-test.odoo.rgbconsulting.com\/es\/#\/schema\/logo\/image\/"}}]}},"_links":{"self":[{"href":"https:\/\/wpguerssen-test.odoo.rgbconsulting.com\/es\/wp-json\/wp\/v2\/product\/207046","targetHints":{"allow":["GET"]}}],"collection":[{"href":"https:\/\/wpguerssen-test.odoo.rgbconsulting.com\/es\/wp-json\/wp\/v2\/product"}],"about":[{"href":"https:\/\/wpguerssen-test.odoo.rgbconsulting.com\/es\/wp-json\/wp\/v2\/types\/product"}],"wp:featuredmedia":[{"embeddable":true,"href":"https:\/\/wpguerssen-test.odoo.rgbconsulting.com\/es\/wp-json\/wp\/v2\/media\/125716"}],"wp:attachment":[{"href":"https:\/\/wpguerssen-test.odoo.rgbconsulting.com\/es\/wp-json\/wp\/v2\/media?parent=207046"}],"wp:term":[{"taxonomy":"product_brand","embeddable":true,"href":"https:\/\/wpguerssen-test.odoo.rgbconsulting.com\/es\/wp-json\/wp\/v2\/product_brand?post=207046"},{"taxonomy":"product_cat","embeddable":true,"href":"https:\/\/wpguerssen-test.odoo.rgbconsulting.com\/es\/wp-json\/wp\/v2\/product_cat?post=207046"},{"taxonomy":"product_tag","embeddable":true,"href":"https:\/\/wpguerssen-test.odoo.rgbconsulting.com\/es\/wp-json\/wp\/v2\/product_tag?post=207046"}],"curies":[{"name":"wp","href":"https:\/\/api.w.org\/{rel}","templated":true}]}}