{"id":207054,"date":"2020-01-07T00:00:00","date_gmt":"2020-01-06T23:00:00","guid":{"rendered":"http:\/\/guerssen.hl1097.dinaserver.com\/product\/a-chicken-to-hug-cd\/"},"modified":"2024-08-06T18:48:42","modified_gmt":"2024-08-06T16:48:42","slug":"a-chicken-to-hug-cd","status":"publish","type":"product","link":"https:\/\/wpguerssen-test.odoo.rgbconsulting.com\/es\/producto\/a-chicken-to-hug-cd\/","title":{"rendered":"A Chicken To Hug (CD)"},"content":{"rendered":"<p>\u00abA chicken to hug\u00bb es el segundo y sorprendente disco de estudio del grupo escoc\u00e9s Caedmon. Famosos por su \u00e1lbum hom\u00f3nimo de 1978, una joya acid-folk muy buscada por coleccionistas, en 2010 su fomaci\u00f3n original se reuni\u00f3 para grabar un segundo disco. Todos los elementos de su sonido acid-folk de los 70 est\u00e1n presentes: delicadas voces femeninas \/masculinas, potentes solos de guitarra el\u00e9ctrica, chelo, mandolina, bajo&#8230;ahora con el a\u00f1adido de bater\u00eda, acorde\u00f3n, tromb\u00f3n. <\/p>\n<p> Edici\u00f3n de 1000 copias en digipack, nunca propiamente distribuido hasta ahora.<\/p>\n","protected":false},"excerpt":{"rendered":"<p>\u00abA chicken to hug\u00bb es el segundo y sorprendente disco de estudio del grupo escoc\u00e9s Caedmon. Famosos por su \u00e1lbum hom\u00f3nimo de 1978, una joya acid-folk muy buscada<a class=\"read\" href=\"https:\/\/wpguerssen-test.odoo.rgbconsulting.com\/es\/producto\/a-chicken-to-hug-cd\/\"> (...)<\/a>","protected":false},"featured_media":125734,"template":"","meta":{"_acf_changed":false},"product_brand":[],"product_cat":[21659,23273],"product_tag":[],"class_list":{"0":"post-207054","1":"product","2":"type-product","3":"status-publish","4":"has-post-thumbnail","6":"product_cat-psychedelic00s-now-es","7":"product_cat-folk-rock-00s-now-es","8":"pa_artist-caedmon","9":"pa_format-cd-2-es","10":"pa_gender-psychedelic00s-now-folk-rock-00s-now","11":"pa_label-caedmons-return","12":"pa_location-uk-ireland-es","14":"first","15":"instock","16":"taxable","17":"shipping-taxable","18":"purchasable","19":"product-type-simple"},"acf":[],"yoast_head":"<!-- This site is optimized with the Yoast SEO plugin v24.9 - https:\/\/yoast.com\/wordpress\/plugins\/seo\/ -->\n<title>CAEDMON - A Chicken To Hug (CD) -  (CD) | Guerssen<\/title>\n<meta name=\"description\" content=\"AMAZING SECOND CAEDMON ALBUM FROM 2010NEVER PROPERLY DISTRIBUTED #nl# &#039;A Chicken to Hug&#039;. An intriguing, personal album: clearly Caedmon from the first note, but come of age. A 2010 album of twelve recently penned songs from Caedmon&#039;s original line up: Angela Webb (Naylor), Jim Bisset, Ken Patterson, Sam Wilson and Simon Jaquet. #nl# The much loved fragile female vocals, searing electric guitar licks, &#039;cello, mandolin and bass remain from the &#039;70s sound; now supplemented with accordion, drum kit, trombone, and whistle. #nl# 32 years on from their eponymous album &#039;Caedmon&#039; the content of the songs is personal, poignant and sometimes challenging. #nl# Acoustic acid folk, mixed, in well-judged doses, with jazz, soul, African and gospel groove&#039;. #nl# A limited digipak special initial release (1000 copies). #nl# &quot;It has been over 3 decades, but like Vashti Bunyan a few years back, a classic seventies UK psyche-folk-rock band has come out with a second studio release. When I compare it to the post reunion newer songs from some of my other favorites like Vashti Bunyan, the Incredible String Band, Roky Erickson and the Stooges, I find this one is the most successful&quot;dcrocklive.blogspot.com #nl# &quot;Not so much a follow-up as a new beginning. A Chicken to Hug sees the reformation of spiritual folk-rockers Caedmon for the first time since 1978&#039;s rare self-titled nugget...the mature rock songwriting that follows is not what fans might expect&#039;.- Rob Young (Uncut)\" \/>\n<meta name=\"robots\" content=\"index, follow, max-snippet:-1, max-image-preview:large, max-video-preview:-1\" \/>\n<link rel=\"canonical\" href=\"https:\/\/wpguerssen-test.odoo.rgbconsulting.com\/es\/producto\/a-chicken-to-hug-cd\/\" \/>\n<meta property=\"og:locale\" content=\"es_ES\" \/>\n<meta property=\"og:type\" content=\"article\" \/>\n<meta property=\"og:title\" content=\"CAEDMON - A Chicken To Hug (CD) -  (CD) | Guerssen\" \/>\n<meta property=\"og:description\" content=\"AMAZING SECOND CAEDMON ALBUM FROM 2010NEVER PROPERLY DISTRIBUTED #nl# &#039;A Chicken to Hug&#039;. An intriguing, personal album: clearly Caedmon from the first note, but come of age. A 2010 album of twelve recently penned songs from Caedmon&#039;s original line up: Angela Webb (Naylor), Jim Bisset, Ken Patterson, Sam Wilson and Simon Jaquet. #nl# The much loved fragile female vocals, searing electric guitar licks, &#039;cello, mandolin and bass remain from the &#039;70s sound; now supplemented with accordion, drum kit, trombone, and whistle. #nl# 32 years on from their eponymous album &#039;Caedmon&#039; the content of the songs is personal, poignant and sometimes challenging. #nl# Acoustic acid folk, mixed, in well-judged doses, with jazz, soul, African and gospel groove&#039;. #nl# A limited digipak special initial release (1000 copies). #nl# &quot;It has been over 3 decades, but like Vashti Bunyan a few years back, a classic seventies UK psyche-folk-rock band has come out with a second studio release. When I compare it to the post reunion newer songs from some of my other favorites like Vashti Bunyan, the Incredible String Band, Roky Erickson and the Stooges, I find this one is the most successful&quot;dcrocklive.blogspot.com #nl# &quot;Not so much a follow-up as a new beginning. A Chicken to Hug sees the reformation of spiritual folk-rockers Caedmon for the first time since 1978&#039;s rare self-titled nugget...the mature rock songwriting that follows is not what fans might expect&#039;.- Rob Young (Uncut)\" \/>\n<meta property=\"og:url\" content=\"https:\/\/wpguerssen-test.odoo.rgbconsulting.com\/es\/producto\/a-chicken-to-hug-cd\/\" \/>\n<meta property=\"og:site_name\" content=\"Guerssen records\" \/>\n<meta property=\"article:modified_time\" content=\"2024-08-06T16:48:42+00:00\" \/>\n<meta property=\"og:image\" content=\"https:\/\/wpguerssen-test.odoo.rgbconsulting.com\/wp-content\/uploads\/2022\/03\/35902.jpg\" \/>\n\t<meta property=\"og:image:width\" content=\"300\" \/>\n\t<meta property=\"og:image:height\" content=\"300\" \/>\n\t<meta property=\"og:image:type\" content=\"image\/jpeg\" \/>\n<meta name=\"twitter:card\" content=\"summary_large_image\" \/>\n<meta name=\"twitter:title\" content=\"CAEDMON - A Chicken To Hug (CD) -  (CD) | Guerssen\" \/>\n<script type=\"application\/ld+json\" class=\"yoast-schema-graph\">{\"@context\":\"https:\/\/schema.org\",\"@graph\":[{\"@type\":\"WebPage\",\"@id\":\"https:\/\/wpguerssen-test.odoo.rgbconsulting.com\/es\/producto\/a-chicken-to-hug-cd\/\",\"url\":\"https:\/\/wpguerssen-test.odoo.rgbconsulting.com\/es\/producto\/a-chicken-to-hug-cd\/\",\"name\":\"CAEDMON - A Chicken To Hug (CD) - (CD) | Guerssen\",\"isPartOf\":{\"@id\":\"https:\/\/wpguerssen-test.odoo.rgbconsulting.com\/es\/#website\"},\"primaryImageOfPage\":{\"@id\":\"https:\/\/wpguerssen-test.odoo.rgbconsulting.com\/es\/producto\/a-chicken-to-hug-cd\/#primaryimage\"},\"image\":{\"@id\":\"https:\/\/wpguerssen-test.odoo.rgbconsulting.com\/es\/producto\/a-chicken-to-hug-cd\/#primaryimage\"},\"thumbnailUrl\":\"https:\/\/wpguerssen-test.odoo.rgbconsulting.com\/wp-content\/uploads\/2022\/03\/35902.jpg\",\"datePublished\":\"2020-01-06T23:00:00+00:00\",\"dateModified\":\"2024-08-06T16:48:42+00:00\",\"description\":\"AMAZING SECOND CAEDMON ALBUM FROM 2010NEVER PROPERLY DISTRIBUTED #nl# 'A Chicken to Hug'. An intriguing, personal album: clearly Caedmon from the first note, but come of age. A 2010 album of twelve recently penned songs from Caedmon's original line up: Angela Webb (Naylor), Jim Bisset, Ken Patterson, Sam Wilson and Simon Jaquet. #nl# The much loved fragile female vocals, searing electric guitar licks, 'cello, mandolin and bass remain from the '70s sound; now supplemented with accordion, drum kit, trombone, and whistle. #nl# 32 years on from their eponymous album 'Caedmon' the content of the songs is personal, poignant and sometimes challenging. #nl# Acoustic acid folk, mixed, in well-judged doses, with jazz, soul, African and gospel groove'. #nl# A limited digipak special initial release (1000 copies). #nl# \\\"It has been over 3 decades, but like Vashti Bunyan a few years back, a classic seventies UK psyche-folk-rock band has come out with a second studio release. When I compare it to the post reunion newer songs from some of my other favorites like Vashti Bunyan, the Incredible String Band, Roky Erickson and the Stooges, I find this one is the most successful\\\"dcrocklive.blogspot.com #nl# \\\"Not so much a follow-up as a new beginning. A Chicken to Hug sees the reformation of spiritual folk-rockers Caedmon for the first time since 1978's rare self-titled nugget...the mature rock songwriting that follows is not what fans might expect'.- Rob Young (Uncut)\",\"breadcrumb\":{\"@id\":\"https:\/\/wpguerssen-test.odoo.rgbconsulting.com\/es\/producto\/a-chicken-to-hug-cd\/#breadcrumb\"},\"inLanguage\":\"es\",\"potentialAction\":[{\"@type\":\"ReadAction\",\"target\":[\"https:\/\/wpguerssen-test.odoo.rgbconsulting.com\/es\/producto\/a-chicken-to-hug-cd\/\"]}]},{\"@type\":\"ImageObject\",\"inLanguage\":\"es\",\"@id\":\"https:\/\/wpguerssen-test.odoo.rgbconsulting.com\/es\/producto\/a-chicken-to-hug-cd\/#primaryimage\",\"url\":\"https:\/\/wpguerssen-test.odoo.rgbconsulting.com\/wp-content\/uploads\/2022\/03\/35902.jpg\",\"contentUrl\":\"https:\/\/wpguerssen-test.odoo.rgbconsulting.com\/wp-content\/uploads\/2022\/03\/35902.jpg\",\"width\":300,\"height\":300,\"caption\":\"CAEDMON - A Chicken To Hug (CD) - CAEDMON'S RETURN (CD) | Guerssen\"},{\"@type\":\"BreadcrumbList\",\"@id\":\"https:\/\/wpguerssen-test.odoo.rgbconsulting.com\/es\/producto\/a-chicken-to-hug-cd\/#breadcrumb\",\"itemListElement\":[{\"@type\":\"ListItem\",\"position\":1,\"name\":\"Inicio\",\"item\":\"https:\/\/wpguerssen-test.odoo.rgbconsulting.com\/es\/\"},{\"@type\":\"ListItem\",\"position\":2,\"name\":\"Shop\",\"item\":\"https:\/\/wpguerssen-test.odoo.rgbconsulting.com\/shop\/\"},{\"@type\":\"ListItem\",\"position\":3,\"name\":\"A Chicken To Hug (CD)\"}]},{\"@type\":\"WebSite\",\"@id\":\"https:\/\/wpguerssen-test.odoo.rgbconsulting.com\/es\/#website\",\"url\":\"https:\/\/wpguerssen-test.odoo.rgbconsulting.com\/es\/\",\"name\":\"Guerssen records\",\"description\":\"psychedelia - progressive - folk - garage \",\"publisher\":{\"@id\":\"https:\/\/wpguerssen-test.odoo.rgbconsulting.com\/es\/#organization\"},\"potentialAction\":[{\"@type\":\"SearchAction\",\"target\":{\"@type\":\"EntryPoint\",\"urlTemplate\":\"https:\/\/wpguerssen-test.odoo.rgbconsulting.com\/es\/?s={search_term_string}\"},\"query-input\":{\"@type\":\"PropertyValueSpecification\",\"valueRequired\":true,\"valueName\":\"search_term_string\"}}],\"inLanguage\":\"es\"},{\"@type\":\"Organization\",\"@id\":\"https:\/\/wpguerssen-test.odoo.rgbconsulting.com\/es\/#organization\",\"name\":\"Guerssen records\",\"url\":\"https:\/\/wpguerssen-test.odoo.rgbconsulting.com\/es\/\",\"logo\":{\"@type\":\"ImageObject\",\"inLanguage\":\"es\",\"@id\":\"https:\/\/wpguerssen-test.odoo.rgbconsulting.com\/es\/#\/schema\/logo\/image\/\",\"url\":\"https:\/\/wpguerssen-test.odoo.rgbconsulting.com\/wp-content\/uploads\/2022\/04\/Logo_Guerssen_trans_100.png\",\"contentUrl\":\"https:\/\/wpguerssen-test.odoo.rgbconsulting.com\/wp-content\/uploads\/2022\/04\/Logo_Guerssen_trans_100.png\",\"width\":122,\"height\":100,\"caption\":\"Guerssen records\"},\"image\":{\"@id\":\"https:\/\/wpguerssen-test.odoo.rgbconsulting.com\/es\/#\/schema\/logo\/image\/\"}}]}<\/script>\n<!-- \/ Yoast SEO plugin. -->","yoast_head_json":{"title":"CAEDMON - A Chicken To Hug (CD) -  (CD) | Guerssen","description":"AMAZING SECOND CAEDMON ALBUM FROM 2010NEVER PROPERLY DISTRIBUTED #nl# 'A Chicken to Hug'. An intriguing, personal album: clearly Caedmon from the first note, but come of age. A 2010 album of twelve recently penned songs from Caedmon's original line up: Angela Webb (Naylor), Jim Bisset, Ken Patterson, Sam Wilson and Simon Jaquet. #nl# The much loved fragile female vocals, searing electric guitar licks, 'cello, mandolin and bass remain from the '70s sound; now supplemented with accordion, drum kit, trombone, and whistle. #nl# 32 years on from their eponymous album 'Caedmon' the content of the songs is personal, poignant and sometimes challenging. #nl# Acoustic acid folk, mixed, in well-judged doses, with jazz, soul, African and gospel groove'. #nl# A limited digipak special initial release (1000 copies). #nl# \"It has been over 3 decades, but like Vashti Bunyan a few years back, a classic seventies UK psyche-folk-rock band has come out with a second studio release. When I compare it to the post reunion newer songs from some of my other favorites like Vashti Bunyan, the Incredible String Band, Roky Erickson and the Stooges, I find this one is the most successful\"dcrocklive.blogspot.com #nl# \"Not so much a follow-up as a new beginning. A Chicken to Hug sees the reformation of spiritual folk-rockers Caedmon for the first time since 1978's rare self-titled nugget...the mature rock songwriting that follows is not what fans might expect'.- Rob Young (Uncut)","robots":{"index":"index","follow":"follow","max-snippet":"max-snippet:-1","max-image-preview":"max-image-preview:large","max-video-preview":"max-video-preview:-1"},"canonical":"https:\/\/wpguerssen-test.odoo.rgbconsulting.com\/es\/producto\/a-chicken-to-hug-cd\/","og_locale":"es_ES","og_type":"article","og_title":"CAEDMON - A Chicken To Hug (CD) -  (CD) | Guerssen","og_description":"AMAZING SECOND CAEDMON ALBUM FROM 2010NEVER PROPERLY DISTRIBUTED #nl# 'A Chicken to Hug'. An intriguing, personal album: clearly Caedmon from the first note, but come of age. A 2010 album of twelve recently penned songs from Caedmon's original line up: Angela Webb (Naylor), Jim Bisset, Ken Patterson, Sam Wilson and Simon Jaquet. #nl# The much loved fragile female vocals, searing electric guitar licks, 'cello, mandolin and bass remain from the '70s sound; now supplemented with accordion, drum kit, trombone, and whistle. #nl# 32 years on from their eponymous album 'Caedmon' the content of the songs is personal, poignant and sometimes challenging. #nl# Acoustic acid folk, mixed, in well-judged doses, with jazz, soul, African and gospel groove'. #nl# A limited digipak special initial release (1000 copies). #nl# \"It has been over 3 decades, but like Vashti Bunyan a few years back, a classic seventies UK psyche-folk-rock band has come out with a second studio release. When I compare it to the post reunion newer songs from some of my other favorites like Vashti Bunyan, the Incredible String Band, Roky Erickson and the Stooges, I find this one is the most successful\"dcrocklive.blogspot.com #nl# \"Not so much a follow-up as a new beginning. A Chicken to Hug sees the reformation of spiritual folk-rockers Caedmon for the first time since 1978's rare self-titled nugget...the mature rock songwriting that follows is not what fans might expect'.- Rob Young (Uncut)","og_url":"https:\/\/wpguerssen-test.odoo.rgbconsulting.com\/es\/producto\/a-chicken-to-hug-cd\/","og_site_name":"Guerssen records","article_modified_time":"2024-08-06T16:48:42+00:00","og_image":[{"width":300,"height":300,"url":"https:\/\/wpguerssen-test.odoo.rgbconsulting.com\/wp-content\/uploads\/2022\/03\/35902.jpg","type":"image\/jpeg"}],"twitter_card":"summary_large_image","twitter_title":"CAEDMON - A Chicken To Hug (CD) -  (CD) | Guerssen","schema":{"@context":"https:\/\/schema.org","@graph":[{"@type":"WebPage","@id":"https:\/\/wpguerssen-test.odoo.rgbconsulting.com\/es\/producto\/a-chicken-to-hug-cd\/","url":"https:\/\/wpguerssen-test.odoo.rgbconsulting.com\/es\/producto\/a-chicken-to-hug-cd\/","name":"CAEDMON - A Chicken To Hug (CD) - (CD) | Guerssen","isPartOf":{"@id":"https:\/\/wpguerssen-test.odoo.rgbconsulting.com\/es\/#website"},"primaryImageOfPage":{"@id":"https:\/\/wpguerssen-test.odoo.rgbconsulting.com\/es\/producto\/a-chicken-to-hug-cd\/#primaryimage"},"image":{"@id":"https:\/\/wpguerssen-test.odoo.rgbconsulting.com\/es\/producto\/a-chicken-to-hug-cd\/#primaryimage"},"thumbnailUrl":"https:\/\/wpguerssen-test.odoo.rgbconsulting.com\/wp-content\/uploads\/2022\/03\/35902.jpg","datePublished":"2020-01-06T23:00:00+00:00","dateModified":"2024-08-06T16:48:42+00:00","description":"AMAZING SECOND CAEDMON ALBUM FROM 2010NEVER PROPERLY DISTRIBUTED #nl# 'A Chicken to Hug'. An intriguing, personal album: clearly Caedmon from the first note, but come of age. A 2010 album of twelve recently penned songs from Caedmon's original line up: Angela Webb (Naylor), Jim Bisset, Ken Patterson, Sam Wilson and Simon Jaquet. #nl# The much loved fragile female vocals, searing electric guitar licks, 'cello, mandolin and bass remain from the '70s sound; now supplemented with accordion, drum kit, trombone, and whistle. #nl# 32 years on from their eponymous album 'Caedmon' the content of the songs is personal, poignant and sometimes challenging. #nl# Acoustic acid folk, mixed, in well-judged doses, with jazz, soul, African and gospel groove'. #nl# A limited digipak special initial release (1000 copies). #nl# \"It has been over 3 decades, but like Vashti Bunyan a few years back, a classic seventies UK psyche-folk-rock band has come out with a second studio release. When I compare it to the post reunion newer songs from some of my other favorites like Vashti Bunyan, the Incredible String Band, Roky Erickson and the Stooges, I find this one is the most successful\"dcrocklive.blogspot.com #nl# \"Not so much a follow-up as a new beginning. A Chicken to Hug sees the reformation of spiritual folk-rockers Caedmon for the first time since 1978's rare self-titled nugget...the mature rock songwriting that follows is not what fans might expect'.- Rob Young (Uncut)","breadcrumb":{"@id":"https:\/\/wpguerssen-test.odoo.rgbconsulting.com\/es\/producto\/a-chicken-to-hug-cd\/#breadcrumb"},"inLanguage":"es","potentialAction":[{"@type":"ReadAction","target":["https:\/\/wpguerssen-test.odoo.rgbconsulting.com\/es\/producto\/a-chicken-to-hug-cd\/"]}]},{"@type":"ImageObject","inLanguage":"es","@id":"https:\/\/wpguerssen-test.odoo.rgbconsulting.com\/es\/producto\/a-chicken-to-hug-cd\/#primaryimage","url":"https:\/\/wpguerssen-test.odoo.rgbconsulting.com\/wp-content\/uploads\/2022\/03\/35902.jpg","contentUrl":"https:\/\/wpguerssen-test.odoo.rgbconsulting.com\/wp-content\/uploads\/2022\/03\/35902.jpg","width":300,"height":300,"caption":"CAEDMON - A Chicken To Hug (CD) - CAEDMON'S RETURN (CD) | Guerssen"},{"@type":"BreadcrumbList","@id":"https:\/\/wpguerssen-test.odoo.rgbconsulting.com\/es\/producto\/a-chicken-to-hug-cd\/#breadcrumb","itemListElement":[{"@type":"ListItem","position":1,"name":"Inicio","item":"https:\/\/wpguerssen-test.odoo.rgbconsulting.com\/es\/"},{"@type":"ListItem","position":2,"name":"Shop","item":"https:\/\/wpguerssen-test.odoo.rgbconsulting.com\/shop\/"},{"@type":"ListItem","position":3,"name":"A Chicken To Hug (CD)"}]},{"@type":"WebSite","@id":"https:\/\/wpguerssen-test.odoo.rgbconsulting.com\/es\/#website","url":"https:\/\/wpguerssen-test.odoo.rgbconsulting.com\/es\/","name":"Guerssen records","description":"psychedelia - progressive - folk - garage ","publisher":{"@id":"https:\/\/wpguerssen-test.odoo.rgbconsulting.com\/es\/#organization"},"potentialAction":[{"@type":"SearchAction","target":{"@type":"EntryPoint","urlTemplate":"https:\/\/wpguerssen-test.odoo.rgbconsulting.com\/es\/?s={search_term_string}"},"query-input":{"@type":"PropertyValueSpecification","valueRequired":true,"valueName":"search_term_string"}}],"inLanguage":"es"},{"@type":"Organization","@id":"https:\/\/wpguerssen-test.odoo.rgbconsulting.com\/es\/#organization","name":"Guerssen records","url":"https:\/\/wpguerssen-test.odoo.rgbconsulting.com\/es\/","logo":{"@type":"ImageObject","inLanguage":"es","@id":"https:\/\/wpguerssen-test.odoo.rgbconsulting.com\/es\/#\/schema\/logo\/image\/","url":"https:\/\/wpguerssen-test.odoo.rgbconsulting.com\/wp-content\/uploads\/2022\/04\/Logo_Guerssen_trans_100.png","contentUrl":"https:\/\/wpguerssen-test.odoo.rgbconsulting.com\/wp-content\/uploads\/2022\/04\/Logo_Guerssen_trans_100.png","width":122,"height":100,"caption":"Guerssen records"},"image":{"@id":"https:\/\/wpguerssen-test.odoo.rgbconsulting.com\/es\/#\/schema\/logo\/image\/"}}]}},"_links":{"self":[{"href":"https:\/\/wpguerssen-test.odoo.rgbconsulting.com\/es\/wp-json\/wp\/v2\/product\/207054","targetHints":{"allow":["GET"]}}],"collection":[{"href":"https:\/\/wpguerssen-test.odoo.rgbconsulting.com\/es\/wp-json\/wp\/v2\/product"}],"about":[{"href":"https:\/\/wpguerssen-test.odoo.rgbconsulting.com\/es\/wp-json\/wp\/v2\/types\/product"}],"wp:featuredmedia":[{"embeddable":true,"href":"https:\/\/wpguerssen-test.odoo.rgbconsulting.com\/es\/wp-json\/wp\/v2\/media\/125734"}],"wp:attachment":[{"href":"https:\/\/wpguerssen-test.odoo.rgbconsulting.com\/es\/wp-json\/wp\/v2\/media?parent=207054"}],"wp:term":[{"taxonomy":"product_brand","embeddable":true,"href":"https:\/\/wpguerssen-test.odoo.rgbconsulting.com\/es\/wp-json\/wp\/v2\/product_brand?post=207054"},{"taxonomy":"product_cat","embeddable":true,"href":"https:\/\/wpguerssen-test.odoo.rgbconsulting.com\/es\/wp-json\/wp\/v2\/product_cat?post=207054"},{"taxonomy":"product_tag","embeddable":true,"href":"https:\/\/wpguerssen-test.odoo.rgbconsulting.com\/es\/wp-json\/wp\/v2\/product_tag?post=207054"}],"curies":[{"name":"wp","href":"https:\/\/api.w.org\/{rel}","templated":true}]}}