{"id":207055,"date":"2019-12-16T00:00:00","date_gmt":"2019-12-15T23:00:00","guid":{"rendered":"http:\/\/guerssen.hl1097.dinaserver.com\/product\/baila-claridad\/"},"modified":"2025-03-20T16:28:24","modified_gmt":"2025-03-20T15:28:24","slug":"baila-claridad","status":"publish","type":"product","link":"https:\/\/wpguerssen-test.odoo.rgbconsulting.com\/es\/producto\/baila-claridad\/","title":{"rendered":"Baila, Claridad!"},"content":{"rendered":"<p>Alberto Garral\u00f3n, m\u00fasico, productor y guitarrista espa\u00f1ol, edit\u00f3 \u00abBaila, Claridad!\u00bb solo en formato cassette hace ya 30 a\u00f1os. Una obra creada con altas dosis de imaginaci\u00f3n, pasi\u00f3n e influencias de m\u00fasica contempor\u00e1nea y cl\u00e1sica, folk, m\u00fasica \u00e9tnica&#8230;teclados, piano, vientos&#8230;una peque\u00f1a maravilla oculta dentro de lo que se llam\u00f3 en los 80 \u00abNuevas M\u00fasicas\u00bb. Fant\u00e1stico sonido remasterizado. Solo 300 copias!<\/p>\n","protected":false},"excerpt":{"rendered":"<p>Alberto Garral\u00f3n, m\u00fasico, productor y guitarrista espa\u00f1ol, edit\u00f3 \u00abBaila, Claridad!\u00bb solo en formato cassette hace ya 30 a\u00f1os. Una obra creada con altas dosis<a class=\"read\" href=\"https:\/\/wpguerssen-test.odoo.rgbconsulting.com\/es\/producto\/baila-claridad\/\"> (...)<\/a>","protected":false},"featured_media":125737,"template":"","meta":{"_acf_changed":false},"product_brand":[],"product_cat":[23266,23259],"product_tag":[],"class_list":{"0":"post-207055","1":"product","2":"type-product","3":"status-publish","4":"has-post-thumbnail","6":"product_cat-electronic-es","7":"product_cat-ambient-new-age-es","8":"pa_artist-garralon-alberto","9":"pa_format-lp-es","10":"pa_gender-electronic-ambient-new-age","11":"pa_label-discomanos-records","12":"pa_location-spain-es","13":"pa_other-filters-vinyl-only-es","15":"first","16":"instock","17":"taxable","18":"shipping-taxable","19":"purchasable","20":"product-type-simple"},"acf":[],"yoast_head":"<!-- This site is optimized with the Yoast SEO plugin v24.9 - https:\/\/yoast.com\/wordpress\/plugins\/seo\/ -->\n<title>GARRALON, Alberto - Baila, Claridad! -  (LP) | Guerssen<\/title>\n<meta name=\"description\" content=\"Alberto Garral\u00f3n Spanish guitar player and producer made a cassette 30 years ago ... #nl# Large doses of imagination, passion, heart, and with influences of contemporary classical music on the strings, pianos and winds and also a folk touch on the guitars with a mix of ethnic music in his percussions made Baila, Claridad! the first work in his career an unique collector&#039;s piece of the famous Spanish movement &quot;Nuevas M\u00fasicas&quot; #nl# Here is the return remastered in LP format by Disc\u00f3manos Records.\" \/>\n<meta name=\"robots\" content=\"index, follow, max-snippet:-1, max-image-preview:large, max-video-preview:-1\" \/>\n<link rel=\"canonical\" href=\"https:\/\/wpguerssen-test.odoo.rgbconsulting.com\/es\/producto\/baila-claridad\/\" \/>\n<meta property=\"og:locale\" content=\"es_ES\" \/>\n<meta property=\"og:type\" content=\"article\" \/>\n<meta property=\"og:title\" content=\"GARRALON, Alberto - Baila, Claridad! -  (LP) | Guerssen\" \/>\n<meta property=\"og:description\" content=\"Alberto Garral\u00f3n Spanish guitar player and producer made a cassette 30 years ago ... #nl# Large doses of imagination, passion, heart, and with influences of contemporary classical music on the strings, pianos and winds and also a folk touch on the guitars with a mix of ethnic music in his percussions made Baila, Claridad! the first work in his career an unique collector&#039;s piece of the famous Spanish movement &quot;Nuevas M\u00fasicas&quot; #nl# Here is the return remastered in LP format by Disc\u00f3manos Records.\" \/>\n<meta property=\"og:url\" content=\"https:\/\/wpguerssen-test.odoo.rgbconsulting.com\/es\/producto\/baila-claridad\/\" \/>\n<meta property=\"og:site_name\" content=\"Guerssen records\" \/>\n<meta property=\"article:modified_time\" content=\"2025-03-20T15:28:24+00:00\" \/>\n<meta property=\"og:image\" content=\"https:\/\/wpguerssen-test.odoo.rgbconsulting.com\/wp-content\/uploads\/2022\/03\/35908.jpg\" \/>\n\t<meta property=\"og:image:width\" content=\"302\" \/>\n\t<meta property=\"og:image:height\" content=\"302\" \/>\n\t<meta property=\"og:image:type\" content=\"image\/jpeg\" \/>\n<meta name=\"twitter:card\" content=\"summary_large_image\" \/>\n<meta name=\"twitter:title\" content=\"GARRALON, Alberto - Baila, Claridad! -  (LP) | Guerssen\" \/>\n<script type=\"application\/ld+json\" class=\"yoast-schema-graph\">{\"@context\":\"https:\/\/schema.org\",\"@graph\":[{\"@type\":\"WebPage\",\"@id\":\"https:\/\/wpguerssen-test.odoo.rgbconsulting.com\/es\/producto\/baila-claridad\/\",\"url\":\"https:\/\/wpguerssen-test.odoo.rgbconsulting.com\/es\/producto\/baila-claridad\/\",\"name\":\"GARRALON, Alberto - Baila, Claridad! - (LP) | Guerssen\",\"isPartOf\":{\"@id\":\"https:\/\/wpguerssen-test.odoo.rgbconsulting.com\/es\/#website\"},\"primaryImageOfPage\":{\"@id\":\"https:\/\/wpguerssen-test.odoo.rgbconsulting.com\/es\/producto\/baila-claridad\/#primaryimage\"},\"image\":{\"@id\":\"https:\/\/wpguerssen-test.odoo.rgbconsulting.com\/es\/producto\/baila-claridad\/#primaryimage\"},\"thumbnailUrl\":\"https:\/\/wpguerssen-test.odoo.rgbconsulting.com\/wp-content\/uploads\/2022\/03\/35908.jpg\",\"datePublished\":\"2019-12-15T23:00:00+00:00\",\"dateModified\":\"2025-03-20T15:28:24+00:00\",\"description\":\"Alberto Garral\u00f3n Spanish guitar player and producer made a cassette 30 years ago ... #nl# Large doses of imagination, passion, heart, and with influences of contemporary classical music on the strings, pianos and winds and also a folk touch on the guitars with a mix of ethnic music in his percussions made Baila, Claridad! the first work in his career an unique collector's piece of the famous Spanish movement \\\"Nuevas M\u00fasicas\\\" #nl# Here is the return remastered in LP format by Disc\u00f3manos Records.\",\"breadcrumb\":{\"@id\":\"https:\/\/wpguerssen-test.odoo.rgbconsulting.com\/es\/producto\/baila-claridad\/#breadcrumb\"},\"inLanguage\":\"es\",\"potentialAction\":[{\"@type\":\"ReadAction\",\"target\":[\"https:\/\/wpguerssen-test.odoo.rgbconsulting.com\/es\/producto\/baila-claridad\/\"]}]},{\"@type\":\"ImageObject\",\"inLanguage\":\"es\",\"@id\":\"https:\/\/wpguerssen-test.odoo.rgbconsulting.com\/es\/producto\/baila-claridad\/#primaryimage\",\"url\":\"https:\/\/wpguerssen-test.odoo.rgbconsulting.com\/wp-content\/uploads\/2022\/03\/35908.jpg\",\"contentUrl\":\"https:\/\/wpguerssen-test.odoo.rgbconsulting.com\/wp-content\/uploads\/2022\/03\/35908.jpg\",\"width\":302,\"height\":302,\"caption\":\"Alberto - Baila\"},{\"@type\":\"BreadcrumbList\",\"@id\":\"https:\/\/wpguerssen-test.odoo.rgbconsulting.com\/es\/producto\/baila-claridad\/#breadcrumb\",\"itemListElement\":[{\"@type\":\"ListItem\",\"position\":1,\"name\":\"Inicio\",\"item\":\"https:\/\/wpguerssen-test.odoo.rgbconsulting.com\/es\/\"},{\"@type\":\"ListItem\",\"position\":2,\"name\":\"Shop\",\"item\":\"https:\/\/wpguerssen-test.odoo.rgbconsulting.com\/shop\/\"},{\"@type\":\"ListItem\",\"position\":3,\"name\":\"Baila, Claridad!\"}]},{\"@type\":\"WebSite\",\"@id\":\"https:\/\/wpguerssen-test.odoo.rgbconsulting.com\/es\/#website\",\"url\":\"https:\/\/wpguerssen-test.odoo.rgbconsulting.com\/es\/\",\"name\":\"Guerssen records\",\"description\":\"psychedelia - progressive - folk - garage \",\"publisher\":{\"@id\":\"https:\/\/wpguerssen-test.odoo.rgbconsulting.com\/es\/#organization\"},\"potentialAction\":[{\"@type\":\"SearchAction\",\"target\":{\"@type\":\"EntryPoint\",\"urlTemplate\":\"https:\/\/wpguerssen-test.odoo.rgbconsulting.com\/es\/?s={search_term_string}\"},\"query-input\":{\"@type\":\"PropertyValueSpecification\",\"valueRequired\":true,\"valueName\":\"search_term_string\"}}],\"inLanguage\":\"es\"},{\"@type\":\"Organization\",\"@id\":\"https:\/\/wpguerssen-test.odoo.rgbconsulting.com\/es\/#organization\",\"name\":\"Guerssen records\",\"url\":\"https:\/\/wpguerssen-test.odoo.rgbconsulting.com\/es\/\",\"logo\":{\"@type\":\"ImageObject\",\"inLanguage\":\"es\",\"@id\":\"https:\/\/wpguerssen-test.odoo.rgbconsulting.com\/es\/#\/schema\/logo\/image\/\",\"url\":\"https:\/\/wpguerssen-test.odoo.rgbconsulting.com\/wp-content\/uploads\/2022\/04\/Logo_Guerssen_trans_100.png\",\"contentUrl\":\"https:\/\/wpguerssen-test.odoo.rgbconsulting.com\/wp-content\/uploads\/2022\/04\/Logo_Guerssen_trans_100.png\",\"width\":122,\"height\":100,\"caption\":\"Guerssen records\"},\"image\":{\"@id\":\"https:\/\/wpguerssen-test.odoo.rgbconsulting.com\/es\/#\/schema\/logo\/image\/\"}}]}<\/script>\n<!-- \/ Yoast SEO plugin. -->","yoast_head_json":{"title":"GARRALON, Alberto - Baila, Claridad! -  (LP) | Guerssen","description":"Alberto Garral\u00f3n Spanish guitar player and producer made a cassette 30 years ago ... #nl# Large doses of imagination, passion, heart, and with influences of contemporary classical music on the strings, pianos and winds and also a folk touch on the guitars with a mix of ethnic music in his percussions made Baila, Claridad! the first work in his career an unique collector's piece of the famous Spanish movement \"Nuevas M\u00fasicas\" #nl# Here is the return remastered in LP format by Disc\u00f3manos Records.","robots":{"index":"index","follow":"follow","max-snippet":"max-snippet:-1","max-image-preview":"max-image-preview:large","max-video-preview":"max-video-preview:-1"},"canonical":"https:\/\/wpguerssen-test.odoo.rgbconsulting.com\/es\/producto\/baila-claridad\/","og_locale":"es_ES","og_type":"article","og_title":"GARRALON, Alberto - Baila, Claridad! -  (LP) | Guerssen","og_description":"Alberto Garral\u00f3n Spanish guitar player and producer made a cassette 30 years ago ... #nl# Large doses of imagination, passion, heart, and with influences of contemporary classical music on the strings, pianos and winds and also a folk touch on the guitars with a mix of ethnic music in his percussions made Baila, Claridad! the first work in his career an unique collector's piece of the famous Spanish movement \"Nuevas M\u00fasicas\" #nl# Here is the return remastered in LP format by Disc\u00f3manos Records.","og_url":"https:\/\/wpguerssen-test.odoo.rgbconsulting.com\/es\/producto\/baila-claridad\/","og_site_name":"Guerssen records","article_modified_time":"2025-03-20T15:28:24+00:00","og_image":[{"width":302,"height":302,"url":"https:\/\/wpguerssen-test.odoo.rgbconsulting.com\/wp-content\/uploads\/2022\/03\/35908.jpg","type":"image\/jpeg"}],"twitter_card":"summary_large_image","twitter_title":"GARRALON, Alberto - Baila, Claridad! -  (LP) | Guerssen","schema":{"@context":"https:\/\/schema.org","@graph":[{"@type":"WebPage","@id":"https:\/\/wpguerssen-test.odoo.rgbconsulting.com\/es\/producto\/baila-claridad\/","url":"https:\/\/wpguerssen-test.odoo.rgbconsulting.com\/es\/producto\/baila-claridad\/","name":"GARRALON, Alberto - Baila, Claridad! - (LP) | Guerssen","isPartOf":{"@id":"https:\/\/wpguerssen-test.odoo.rgbconsulting.com\/es\/#website"},"primaryImageOfPage":{"@id":"https:\/\/wpguerssen-test.odoo.rgbconsulting.com\/es\/producto\/baila-claridad\/#primaryimage"},"image":{"@id":"https:\/\/wpguerssen-test.odoo.rgbconsulting.com\/es\/producto\/baila-claridad\/#primaryimage"},"thumbnailUrl":"https:\/\/wpguerssen-test.odoo.rgbconsulting.com\/wp-content\/uploads\/2022\/03\/35908.jpg","datePublished":"2019-12-15T23:00:00+00:00","dateModified":"2025-03-20T15:28:24+00:00","description":"Alberto Garral\u00f3n Spanish guitar player and producer made a cassette 30 years ago ... #nl# Large doses of imagination, passion, heart, and with influences of contemporary classical music on the strings, pianos and winds and also a folk touch on the guitars with a mix of ethnic music in his percussions made Baila, Claridad! the first work in his career an unique collector's piece of the famous Spanish movement \"Nuevas M\u00fasicas\" #nl# Here is the return remastered in LP format by Disc\u00f3manos Records.","breadcrumb":{"@id":"https:\/\/wpguerssen-test.odoo.rgbconsulting.com\/es\/producto\/baila-claridad\/#breadcrumb"},"inLanguage":"es","potentialAction":[{"@type":"ReadAction","target":["https:\/\/wpguerssen-test.odoo.rgbconsulting.com\/es\/producto\/baila-claridad\/"]}]},{"@type":"ImageObject","inLanguage":"es","@id":"https:\/\/wpguerssen-test.odoo.rgbconsulting.com\/es\/producto\/baila-claridad\/#primaryimage","url":"https:\/\/wpguerssen-test.odoo.rgbconsulting.com\/wp-content\/uploads\/2022\/03\/35908.jpg","contentUrl":"https:\/\/wpguerssen-test.odoo.rgbconsulting.com\/wp-content\/uploads\/2022\/03\/35908.jpg","width":302,"height":302,"caption":"Alberto - Baila"},{"@type":"BreadcrumbList","@id":"https:\/\/wpguerssen-test.odoo.rgbconsulting.com\/es\/producto\/baila-claridad\/#breadcrumb","itemListElement":[{"@type":"ListItem","position":1,"name":"Inicio","item":"https:\/\/wpguerssen-test.odoo.rgbconsulting.com\/es\/"},{"@type":"ListItem","position":2,"name":"Shop","item":"https:\/\/wpguerssen-test.odoo.rgbconsulting.com\/shop\/"},{"@type":"ListItem","position":3,"name":"Baila, Claridad!"}]},{"@type":"WebSite","@id":"https:\/\/wpguerssen-test.odoo.rgbconsulting.com\/es\/#website","url":"https:\/\/wpguerssen-test.odoo.rgbconsulting.com\/es\/","name":"Guerssen records","description":"psychedelia - progressive - folk - garage ","publisher":{"@id":"https:\/\/wpguerssen-test.odoo.rgbconsulting.com\/es\/#organization"},"potentialAction":[{"@type":"SearchAction","target":{"@type":"EntryPoint","urlTemplate":"https:\/\/wpguerssen-test.odoo.rgbconsulting.com\/es\/?s={search_term_string}"},"query-input":{"@type":"PropertyValueSpecification","valueRequired":true,"valueName":"search_term_string"}}],"inLanguage":"es"},{"@type":"Organization","@id":"https:\/\/wpguerssen-test.odoo.rgbconsulting.com\/es\/#organization","name":"Guerssen records","url":"https:\/\/wpguerssen-test.odoo.rgbconsulting.com\/es\/","logo":{"@type":"ImageObject","inLanguage":"es","@id":"https:\/\/wpguerssen-test.odoo.rgbconsulting.com\/es\/#\/schema\/logo\/image\/","url":"https:\/\/wpguerssen-test.odoo.rgbconsulting.com\/wp-content\/uploads\/2022\/04\/Logo_Guerssen_trans_100.png","contentUrl":"https:\/\/wpguerssen-test.odoo.rgbconsulting.com\/wp-content\/uploads\/2022\/04\/Logo_Guerssen_trans_100.png","width":122,"height":100,"caption":"Guerssen records"},"image":{"@id":"https:\/\/wpguerssen-test.odoo.rgbconsulting.com\/es\/#\/schema\/logo\/image\/"}}]}},"_links":{"self":[{"href":"https:\/\/wpguerssen-test.odoo.rgbconsulting.com\/es\/wp-json\/wp\/v2\/product\/207055","targetHints":{"allow":["GET"]}}],"collection":[{"href":"https:\/\/wpguerssen-test.odoo.rgbconsulting.com\/es\/wp-json\/wp\/v2\/product"}],"about":[{"href":"https:\/\/wpguerssen-test.odoo.rgbconsulting.com\/es\/wp-json\/wp\/v2\/types\/product"}],"wp:featuredmedia":[{"embeddable":true,"href":"https:\/\/wpguerssen-test.odoo.rgbconsulting.com\/es\/wp-json\/wp\/v2\/media\/125737"}],"wp:attachment":[{"href":"https:\/\/wpguerssen-test.odoo.rgbconsulting.com\/es\/wp-json\/wp\/v2\/media?parent=207055"}],"wp:term":[{"taxonomy":"product_brand","embeddable":true,"href":"https:\/\/wpguerssen-test.odoo.rgbconsulting.com\/es\/wp-json\/wp\/v2\/product_brand?post=207055"},{"taxonomy":"product_cat","embeddable":true,"href":"https:\/\/wpguerssen-test.odoo.rgbconsulting.com\/es\/wp-json\/wp\/v2\/product_cat?post=207055"},{"taxonomy":"product_tag","embeddable":true,"href":"https:\/\/wpguerssen-test.odoo.rgbconsulting.com\/es\/wp-json\/wp\/v2\/product_tag?post=207055"}],"curies":[{"name":"wp","href":"https:\/\/api.w.org\/{rel}","templated":true}]}}