{"id":207123,"date":"2020-02-25T00:00:00","date_gmt":"2020-02-24T23:00:00","guid":{"rendered":"http:\/\/guerssen.hl1097.dinaserver.com\/product\/ramase-miettes-nucleaires\/"},"modified":"2024-02-20T10:05:00","modified_gmt":"2024-02-20T09:05:00","slug":"ramase-miettes-nucleaires","status":"publish","type":"product","link":"https:\/\/wpguerssen-test.odoo.rgbconsulting.com\/es\/producto\/ramase-miettes-nucleaires\/","title":{"rendered":"Ramase Miettes Nucl\u00e9aires"},"content":{"rendered":"<p>Extra\u00f1o disco franc\u00e9s de 1977 en onda experimental e influencias kraut, free&#8230;incluido en la legendaria lista de Nurse With Wound.<\/p>\n","protected":false},"excerpt":{"rendered":"<p>Extra\u00f1o disco franc\u00e9s de 1977 en onda experimental e influencias kraut, free&#8230;incluido en la legendaria lista de Nurse With Wound.<\/p>\n","protected":false},"featured_media":125874,"template":"","meta":{"_acf_changed":false},"product_brand":[],"product_cat":[23215,23260],"product_tag":[],"class_list":{"0":"post-207123","1":"product","2":"type-product","3":"status-publish","4":"has-post-thumbnail","6":"product_cat-progressive60s-70s-es","7":"product_cat-avant-garde-experime-es","8":"pa_artist-doray-les-associaux-associes-philippe","9":"pa_format-lp-es","10":"pa_gender-avant-garde-experime-progressive60s-70s","11":"pa_label-soufflecontinu","12":"pa_location-europe-es","13":"pa_other-filters-vinyl-only-es","15":"first","16":"instock","17":"taxable","18":"shipping-taxable","19":"purchasable","20":"product-type-simple"},"acf":[],"yoast_head":"<!-- This site is optimized with the Yoast SEO plugin v24.9 - https:\/\/yoast.com\/wordpress\/plugins\/seo\/ -->\n<title>DORAY &amp; Les ASSOCIAUX ASSOCI\u00c9S, Philippe - Ramase Miettes Nucl\u00e9aires -  (LP) | Guerssen<\/title>\n<meta name=\"description\" content=\"In 1976, the Asociaux Associ\u00e9s (antisocial associates, TN) led by Philippe Doray (Rotomagus, Ruth, Crash), recorded the first of the two albums under their own name: Ramasse-Miettes Nucl\u00e9aires. On synthesizer, Doray fires off his disturbing poetry over psychedelic pop, voodoo rock, off-kilter krautrock, approximate swing ... But if the music is iconoclastic (bringing to mind as much Hendrix as Areski, Ash Ra Tempel as Berrocal...), one thing is certain: Ramasse-Miettes Nucl\u00e9aires is one of the best albums of obscure experimental song ever recorded. It is no surprise that, on the Nurse With Wound List that Steven Stapleton inserted in the first album of his legendary musical project, the name of Philippe Doray can be found between that of the Doo-Dooettes and Jean Dubuffet: his music is genuinely original and, what is more, ahead of its&#039; time. It was in 1977 that the first album by Philippe Doray, Ramasse-Miettes Nucl\u00e9aires, was published on Gratte-Ciel, a label created by the journalist from Rock &amp; Folk Jean-Marc Bailleux and run by Jean-Marc Patrat and Jos\u00e9 Serr\u00e9. Encouraged by his wild experience in Rotomagus, a formidable rock band which swept through Rouen, for sure, but also further afield - as Julian Cope was himself inspired, years later, by their explosivity - Doray brought a team to this album which was both untamed and ready to fight to defend it&#039;s terrible (and trembling) poetry. Backed by his &#039;Asociaux Associ\u00e9s&#039; (antisocial associates, TN), our man from Rouen let his fantasy run wild and cried out again: &quot;sing with me, and don&#039;t be afraid to clap your hands!&quot; And so, much of French popular music was shaken: the ball in Doray&#039;s pinball machine had struck Jimi Hendrix then Alain Goraguer, then Ash Ra Tempel and onto Areski, then T-Rex followed by Jac Berrocal... As far as the texts are concerned, just take a listen. Doray&#039;s poetry is schizophrenic: nurtured in the Normandy countryside, it relates paranoid tales of booby-trapped towns, Levis jeans, Prisunic supermarkets and plastic dolls... Crumbs of reality which he sucked up to create the album that Souffle Continu and Thierry M\u00fcller, mastering (with Ruth, Crash, and Illitch too) spit out again fifty years later, with many good memories.\" \/>\n<meta name=\"robots\" content=\"index, follow, max-snippet:-1, max-image-preview:large, max-video-preview:-1\" \/>\n<link rel=\"canonical\" href=\"https:\/\/wpguerssen-test.odoo.rgbconsulting.com\/es\/producto\/ramase-miettes-nucleaires\/\" \/>\n<meta property=\"og:locale\" content=\"es_ES\" \/>\n<meta property=\"og:type\" content=\"article\" \/>\n<meta property=\"og:title\" content=\"DORAY &amp; Les ASSOCIAUX ASSOCI\u00c9S, Philippe - Ramase Miettes Nucl\u00e9aires -  (LP) | Guerssen\" \/>\n<meta property=\"og:description\" content=\"In 1976, the Asociaux Associ\u00e9s (antisocial associates, TN) led by Philippe Doray (Rotomagus, Ruth, Crash), recorded the first of the two albums under their own name: Ramasse-Miettes Nucl\u00e9aires. On synthesizer, Doray fires off his disturbing poetry over psychedelic pop, voodoo rock, off-kilter krautrock, approximate swing ... But if the music is iconoclastic (bringing to mind as much Hendrix as Areski, Ash Ra Tempel as Berrocal...), one thing is certain: Ramasse-Miettes Nucl\u00e9aires is one of the best albums of obscure experimental song ever recorded. It is no surprise that, on the Nurse With Wound List that Steven Stapleton inserted in the first album of his legendary musical project, the name of Philippe Doray can be found between that of the Doo-Dooettes and Jean Dubuffet: his music is genuinely original and, what is more, ahead of its&#039; time. It was in 1977 that the first album by Philippe Doray, Ramasse-Miettes Nucl\u00e9aires, was published on Gratte-Ciel, a label created by the journalist from Rock &amp; Folk Jean-Marc Bailleux and run by Jean-Marc Patrat and Jos\u00e9 Serr\u00e9. Encouraged by his wild experience in Rotomagus, a formidable rock band which swept through Rouen, for sure, but also further afield - as Julian Cope was himself inspired, years later, by their explosivity - Doray brought a team to this album which was both untamed and ready to fight to defend it&#039;s terrible (and trembling) poetry. Backed by his &#039;Asociaux Associ\u00e9s&#039; (antisocial associates, TN), our man from Rouen let his fantasy run wild and cried out again: &quot;sing with me, and don&#039;t be afraid to clap your hands!&quot; And so, much of French popular music was shaken: the ball in Doray&#039;s pinball machine had struck Jimi Hendrix then Alain Goraguer, then Ash Ra Tempel and onto Areski, then T-Rex followed by Jac Berrocal... As far as the texts are concerned, just take a listen. Doray&#039;s poetry is schizophrenic: nurtured in the Normandy countryside, it relates paranoid tales of booby-trapped towns, Levis jeans, Prisunic supermarkets and plastic dolls... Crumbs of reality which he sucked up to create the album that Souffle Continu and Thierry M\u00fcller, mastering (with Ruth, Crash, and Illitch too) spit out again fifty years later, with many good memories.\" \/>\n<meta property=\"og:url\" content=\"https:\/\/wpguerssen-test.odoo.rgbconsulting.com\/es\/producto\/ramase-miettes-nucleaires\/\" \/>\n<meta property=\"og:site_name\" content=\"Guerssen records\" \/>\n<meta property=\"article:modified_time\" content=\"2024-02-20T09:05:00+00:00\" \/>\n<meta property=\"og:image\" content=\"https:\/\/wpguerssen-test.odoo.rgbconsulting.com\/wp-content\/uploads\/2022\/03\/36010.jpg\" \/>\n\t<meta property=\"og:image:width\" content=\"302\" \/>\n\t<meta property=\"og:image:height\" content=\"302\" \/>\n\t<meta property=\"og:image:type\" content=\"image\/jpeg\" \/>\n<meta name=\"twitter:card\" content=\"summary_large_image\" \/>\n<meta name=\"twitter:title\" content=\"DORAY &amp; Les ASSOCIAUX ASSOCI\u00c9S, Philippe - Ramase Miettes Nucl\u00e9aires -  (LP) | Guerssen\" \/>\n<script type=\"application\/ld+json\" class=\"yoast-schema-graph\">{\"@context\":\"https:\/\/schema.org\",\"@graph\":[{\"@type\":\"WebPage\",\"@id\":\"https:\/\/wpguerssen-test.odoo.rgbconsulting.com\/es\/producto\/ramase-miettes-nucleaires\/\",\"url\":\"https:\/\/wpguerssen-test.odoo.rgbconsulting.com\/es\/producto\/ramase-miettes-nucleaires\/\",\"name\":\"DORAY & Les ASSOCIAUX ASSOCI\u00c9S, Philippe - Ramase Miettes Nucl\u00e9aires - (LP) | Guerssen\",\"isPartOf\":{\"@id\":\"https:\/\/wpguerssen-test.odoo.rgbconsulting.com\/es\/#website\"},\"primaryImageOfPage\":{\"@id\":\"https:\/\/wpguerssen-test.odoo.rgbconsulting.com\/es\/producto\/ramase-miettes-nucleaires\/#primaryimage\"},\"image\":{\"@id\":\"https:\/\/wpguerssen-test.odoo.rgbconsulting.com\/es\/producto\/ramase-miettes-nucleaires\/#primaryimage\"},\"thumbnailUrl\":\"https:\/\/wpguerssen-test.odoo.rgbconsulting.com\/wp-content\/uploads\/2022\/03\/36010.jpg\",\"datePublished\":\"2020-02-24T23:00:00+00:00\",\"dateModified\":\"2024-02-20T09:05:00+00:00\",\"description\":\"In 1976, the Asociaux Associ\u00e9s (antisocial associates, TN) led by Philippe Doray (Rotomagus, Ruth, Crash), recorded the first of the two albums under their own name: Ramasse-Miettes Nucl\u00e9aires. On synthesizer, Doray fires off his disturbing poetry over psychedelic pop, voodoo rock, off-kilter krautrock, approximate swing ... But if the music is iconoclastic (bringing to mind as much Hendrix as Areski, Ash Ra Tempel as Berrocal...), one thing is certain: Ramasse-Miettes Nucl\u00e9aires is one of the best albums of obscure experimental song ever recorded. It is no surprise that, on the Nurse With Wound List that Steven Stapleton inserted in the first album of his legendary musical project, the name of Philippe Doray can be found between that of the Doo-Dooettes and Jean Dubuffet: his music is genuinely original and, what is more, ahead of its' time. It was in 1977 that the first album by Philippe Doray, Ramasse-Miettes Nucl\u00e9aires, was published on Gratte-Ciel, a label created by the journalist from Rock & Folk Jean-Marc Bailleux and run by Jean-Marc Patrat and Jos\u00e9 Serr\u00e9. Encouraged by his wild experience in Rotomagus, a formidable rock band which swept through Rouen, for sure, but also further afield - as Julian Cope was himself inspired, years later, by their explosivity - Doray brought a team to this album which was both untamed and ready to fight to defend it's terrible (and trembling) poetry. Backed by his 'Asociaux Associ\u00e9s' (antisocial associates, TN), our man from Rouen let his fantasy run wild and cried out again: \\\"sing with me, and don't be afraid to clap your hands!\\\" And so, much of French popular music was shaken: the ball in Doray's pinball machine had struck Jimi Hendrix then Alain Goraguer, then Ash Ra Tempel and onto Areski, then T-Rex followed by Jac Berrocal... As far as the texts are concerned, just take a listen. Doray's poetry is schizophrenic: nurtured in the Normandy countryside, it relates paranoid tales of booby-trapped towns, Levis jeans, Prisunic supermarkets and plastic dolls... Crumbs of reality which he sucked up to create the album that Souffle Continu and Thierry M\u00fcller, mastering (with Ruth, Crash, and Illitch too) spit out again fifty years later, with many good memories.\",\"breadcrumb\":{\"@id\":\"https:\/\/wpguerssen-test.odoo.rgbconsulting.com\/es\/producto\/ramase-miettes-nucleaires\/#breadcrumb\"},\"inLanguage\":\"es\",\"potentialAction\":[{\"@type\":\"ReadAction\",\"target\":[\"https:\/\/wpguerssen-test.odoo.rgbconsulting.com\/es\/producto\/ramase-miettes-nucleaires\/\"]}]},{\"@type\":\"ImageObject\",\"inLanguage\":\"es\",\"@id\":\"https:\/\/wpguerssen-test.odoo.rgbconsulting.com\/es\/producto\/ramase-miettes-nucleaires\/#primaryimage\",\"url\":\"https:\/\/wpguerssen-test.odoo.rgbconsulting.com\/wp-content\/uploads\/2022\/03\/36010.jpg\",\"contentUrl\":\"https:\/\/wpguerssen-test.odoo.rgbconsulting.com\/wp-content\/uploads\/2022\/03\/36010.jpg\",\"width\":302,\"height\":302,\"caption\":\"Philippe - Ramase Miettes Nucl\u00e9aires - SOUFFLECONTINU (LP) | Guerssen\"},{\"@type\":\"BreadcrumbList\",\"@id\":\"https:\/\/wpguerssen-test.odoo.rgbconsulting.com\/es\/producto\/ramase-miettes-nucleaires\/#breadcrumb\",\"itemListElement\":[{\"@type\":\"ListItem\",\"position\":1,\"name\":\"Inicio\",\"item\":\"https:\/\/wpguerssen-test.odoo.rgbconsulting.com\/es\/\"},{\"@type\":\"ListItem\",\"position\":2,\"name\":\"Shop\",\"item\":\"https:\/\/wpguerssen-test.odoo.rgbconsulting.com\/shop\/\"},{\"@type\":\"ListItem\",\"position\":3,\"name\":\"Ramase Miettes Nucl\u00e9aires\"}]},{\"@type\":\"WebSite\",\"@id\":\"https:\/\/wpguerssen-test.odoo.rgbconsulting.com\/es\/#website\",\"url\":\"https:\/\/wpguerssen-test.odoo.rgbconsulting.com\/es\/\",\"name\":\"Guerssen records\",\"description\":\"psychedelia - progressive - folk - garage \",\"publisher\":{\"@id\":\"https:\/\/wpguerssen-test.odoo.rgbconsulting.com\/es\/#organization\"},\"potentialAction\":[{\"@type\":\"SearchAction\",\"target\":{\"@type\":\"EntryPoint\",\"urlTemplate\":\"https:\/\/wpguerssen-test.odoo.rgbconsulting.com\/es\/?s={search_term_string}\"},\"query-input\":{\"@type\":\"PropertyValueSpecification\",\"valueRequired\":true,\"valueName\":\"search_term_string\"}}],\"inLanguage\":\"es\"},{\"@type\":\"Organization\",\"@id\":\"https:\/\/wpguerssen-test.odoo.rgbconsulting.com\/es\/#organization\",\"name\":\"Guerssen records\",\"url\":\"https:\/\/wpguerssen-test.odoo.rgbconsulting.com\/es\/\",\"logo\":{\"@type\":\"ImageObject\",\"inLanguage\":\"es\",\"@id\":\"https:\/\/wpguerssen-test.odoo.rgbconsulting.com\/es\/#\/schema\/logo\/image\/\",\"url\":\"https:\/\/wpguerssen-test.odoo.rgbconsulting.com\/wp-content\/uploads\/2022\/04\/Logo_Guerssen_trans_100.png\",\"contentUrl\":\"https:\/\/wpguerssen-test.odoo.rgbconsulting.com\/wp-content\/uploads\/2022\/04\/Logo_Guerssen_trans_100.png\",\"width\":122,\"height\":100,\"caption\":\"Guerssen records\"},\"image\":{\"@id\":\"https:\/\/wpguerssen-test.odoo.rgbconsulting.com\/es\/#\/schema\/logo\/image\/\"}}]}<\/script>\n<!-- \/ Yoast SEO plugin. -->","yoast_head_json":{"title":"DORAY & Les ASSOCIAUX ASSOCI\u00c9S, Philippe - Ramase Miettes Nucl\u00e9aires -  (LP) | Guerssen","description":"In 1976, the Asociaux Associ\u00e9s (antisocial associates, TN) led by Philippe Doray (Rotomagus, Ruth, Crash), recorded the first of the two albums under their own name: Ramasse-Miettes Nucl\u00e9aires. On synthesizer, Doray fires off his disturbing poetry over psychedelic pop, voodoo rock, off-kilter krautrock, approximate swing ... But if the music is iconoclastic (bringing to mind as much Hendrix as Areski, Ash Ra Tempel as Berrocal...), one thing is certain: Ramasse-Miettes Nucl\u00e9aires is one of the best albums of obscure experimental song ever recorded. It is no surprise that, on the Nurse With Wound List that Steven Stapleton inserted in the first album of his legendary musical project, the name of Philippe Doray can be found between that of the Doo-Dooettes and Jean Dubuffet: his music is genuinely original and, what is more, ahead of its' time. It was in 1977 that the first album by Philippe Doray, Ramasse-Miettes Nucl\u00e9aires, was published on Gratte-Ciel, a label created by the journalist from Rock & Folk Jean-Marc Bailleux and run by Jean-Marc Patrat and Jos\u00e9 Serr\u00e9. Encouraged by his wild experience in Rotomagus, a formidable rock band which swept through Rouen, for sure, but also further afield - as Julian Cope was himself inspired, years later, by their explosivity - Doray brought a team to this album which was both untamed and ready to fight to defend it's terrible (and trembling) poetry. Backed by his 'Asociaux Associ\u00e9s' (antisocial associates, TN), our man from Rouen let his fantasy run wild and cried out again: \"sing with me, and don't be afraid to clap your hands!\" And so, much of French popular music was shaken: the ball in Doray's pinball machine had struck Jimi Hendrix then Alain Goraguer, then Ash Ra Tempel and onto Areski, then T-Rex followed by Jac Berrocal... As far as the texts are concerned, just take a listen. Doray's poetry is schizophrenic: nurtured in the Normandy countryside, it relates paranoid tales of booby-trapped towns, Levis jeans, Prisunic supermarkets and plastic dolls... Crumbs of reality which he sucked up to create the album that Souffle Continu and Thierry M\u00fcller, mastering (with Ruth, Crash, and Illitch too) spit out again fifty years later, with many good memories.","robots":{"index":"index","follow":"follow","max-snippet":"max-snippet:-1","max-image-preview":"max-image-preview:large","max-video-preview":"max-video-preview:-1"},"canonical":"https:\/\/wpguerssen-test.odoo.rgbconsulting.com\/es\/producto\/ramase-miettes-nucleaires\/","og_locale":"es_ES","og_type":"article","og_title":"DORAY & Les ASSOCIAUX ASSOCI\u00c9S, Philippe - Ramase Miettes Nucl\u00e9aires -  (LP) | Guerssen","og_description":"In 1976, the Asociaux Associ\u00e9s (antisocial associates, TN) led by Philippe Doray (Rotomagus, Ruth, Crash), recorded the first of the two albums under their own name: Ramasse-Miettes Nucl\u00e9aires. On synthesizer, Doray fires off his disturbing poetry over psychedelic pop, voodoo rock, off-kilter krautrock, approximate swing ... But if the music is iconoclastic (bringing to mind as much Hendrix as Areski, Ash Ra Tempel as Berrocal...), one thing is certain: Ramasse-Miettes Nucl\u00e9aires is one of the best albums of obscure experimental song ever recorded. It is no surprise that, on the Nurse With Wound List that Steven Stapleton inserted in the first album of his legendary musical project, the name of Philippe Doray can be found between that of the Doo-Dooettes and Jean Dubuffet: his music is genuinely original and, what is more, ahead of its' time. It was in 1977 that the first album by Philippe Doray, Ramasse-Miettes Nucl\u00e9aires, was published on Gratte-Ciel, a label created by the journalist from Rock & Folk Jean-Marc Bailleux and run by Jean-Marc Patrat and Jos\u00e9 Serr\u00e9. Encouraged by his wild experience in Rotomagus, a formidable rock band which swept through Rouen, for sure, but also further afield - as Julian Cope was himself inspired, years later, by their explosivity - Doray brought a team to this album which was both untamed and ready to fight to defend it's terrible (and trembling) poetry. Backed by his 'Asociaux Associ\u00e9s' (antisocial associates, TN), our man from Rouen let his fantasy run wild and cried out again: \"sing with me, and don't be afraid to clap your hands!\" And so, much of French popular music was shaken: the ball in Doray's pinball machine had struck Jimi Hendrix then Alain Goraguer, then Ash Ra Tempel and onto Areski, then T-Rex followed by Jac Berrocal... As far as the texts are concerned, just take a listen. Doray's poetry is schizophrenic: nurtured in the Normandy countryside, it relates paranoid tales of booby-trapped towns, Levis jeans, Prisunic supermarkets and plastic dolls... Crumbs of reality which he sucked up to create the album that Souffle Continu and Thierry M\u00fcller, mastering (with Ruth, Crash, and Illitch too) spit out again fifty years later, with many good memories.","og_url":"https:\/\/wpguerssen-test.odoo.rgbconsulting.com\/es\/producto\/ramase-miettes-nucleaires\/","og_site_name":"Guerssen records","article_modified_time":"2024-02-20T09:05:00+00:00","og_image":[{"width":302,"height":302,"url":"https:\/\/wpguerssen-test.odoo.rgbconsulting.com\/wp-content\/uploads\/2022\/03\/36010.jpg","type":"image\/jpeg"}],"twitter_card":"summary_large_image","twitter_title":"DORAY & Les ASSOCIAUX ASSOCI\u00c9S, Philippe - Ramase Miettes Nucl\u00e9aires -  (LP) | Guerssen","schema":{"@context":"https:\/\/schema.org","@graph":[{"@type":"WebPage","@id":"https:\/\/wpguerssen-test.odoo.rgbconsulting.com\/es\/producto\/ramase-miettes-nucleaires\/","url":"https:\/\/wpguerssen-test.odoo.rgbconsulting.com\/es\/producto\/ramase-miettes-nucleaires\/","name":"DORAY & Les ASSOCIAUX ASSOCI\u00c9S, Philippe - Ramase Miettes Nucl\u00e9aires - (LP) | Guerssen","isPartOf":{"@id":"https:\/\/wpguerssen-test.odoo.rgbconsulting.com\/es\/#website"},"primaryImageOfPage":{"@id":"https:\/\/wpguerssen-test.odoo.rgbconsulting.com\/es\/producto\/ramase-miettes-nucleaires\/#primaryimage"},"image":{"@id":"https:\/\/wpguerssen-test.odoo.rgbconsulting.com\/es\/producto\/ramase-miettes-nucleaires\/#primaryimage"},"thumbnailUrl":"https:\/\/wpguerssen-test.odoo.rgbconsulting.com\/wp-content\/uploads\/2022\/03\/36010.jpg","datePublished":"2020-02-24T23:00:00+00:00","dateModified":"2024-02-20T09:05:00+00:00","description":"In 1976, the Asociaux Associ\u00e9s (antisocial associates, TN) led by Philippe Doray (Rotomagus, Ruth, Crash), recorded the first of the two albums under their own name: Ramasse-Miettes Nucl\u00e9aires. On synthesizer, Doray fires off his disturbing poetry over psychedelic pop, voodoo rock, off-kilter krautrock, approximate swing ... But if the music is iconoclastic (bringing to mind as much Hendrix as Areski, Ash Ra Tempel as Berrocal...), one thing is certain: Ramasse-Miettes Nucl\u00e9aires is one of the best albums of obscure experimental song ever recorded. It is no surprise that, on the Nurse With Wound List that Steven Stapleton inserted in the first album of his legendary musical project, the name of Philippe Doray can be found between that of the Doo-Dooettes and Jean Dubuffet: his music is genuinely original and, what is more, ahead of its' time. It was in 1977 that the first album by Philippe Doray, Ramasse-Miettes Nucl\u00e9aires, was published on Gratte-Ciel, a label created by the journalist from Rock & Folk Jean-Marc Bailleux and run by Jean-Marc Patrat and Jos\u00e9 Serr\u00e9. Encouraged by his wild experience in Rotomagus, a formidable rock band which swept through Rouen, for sure, but also further afield - as Julian Cope was himself inspired, years later, by their explosivity - Doray brought a team to this album which was both untamed and ready to fight to defend it's terrible (and trembling) poetry. Backed by his 'Asociaux Associ\u00e9s' (antisocial associates, TN), our man from Rouen let his fantasy run wild and cried out again: \"sing with me, and don't be afraid to clap your hands!\" And so, much of French popular music was shaken: the ball in Doray's pinball machine had struck Jimi Hendrix then Alain Goraguer, then Ash Ra Tempel and onto Areski, then T-Rex followed by Jac Berrocal... As far as the texts are concerned, just take a listen. Doray's poetry is schizophrenic: nurtured in the Normandy countryside, it relates paranoid tales of booby-trapped towns, Levis jeans, Prisunic supermarkets and plastic dolls... Crumbs of reality which he sucked up to create the album that Souffle Continu and Thierry M\u00fcller, mastering (with Ruth, Crash, and Illitch too) spit out again fifty years later, with many good memories.","breadcrumb":{"@id":"https:\/\/wpguerssen-test.odoo.rgbconsulting.com\/es\/producto\/ramase-miettes-nucleaires\/#breadcrumb"},"inLanguage":"es","potentialAction":[{"@type":"ReadAction","target":["https:\/\/wpguerssen-test.odoo.rgbconsulting.com\/es\/producto\/ramase-miettes-nucleaires\/"]}]},{"@type":"ImageObject","inLanguage":"es","@id":"https:\/\/wpguerssen-test.odoo.rgbconsulting.com\/es\/producto\/ramase-miettes-nucleaires\/#primaryimage","url":"https:\/\/wpguerssen-test.odoo.rgbconsulting.com\/wp-content\/uploads\/2022\/03\/36010.jpg","contentUrl":"https:\/\/wpguerssen-test.odoo.rgbconsulting.com\/wp-content\/uploads\/2022\/03\/36010.jpg","width":302,"height":302,"caption":"Philippe - Ramase Miettes Nucl\u00e9aires - SOUFFLECONTINU (LP) | Guerssen"},{"@type":"BreadcrumbList","@id":"https:\/\/wpguerssen-test.odoo.rgbconsulting.com\/es\/producto\/ramase-miettes-nucleaires\/#breadcrumb","itemListElement":[{"@type":"ListItem","position":1,"name":"Inicio","item":"https:\/\/wpguerssen-test.odoo.rgbconsulting.com\/es\/"},{"@type":"ListItem","position":2,"name":"Shop","item":"https:\/\/wpguerssen-test.odoo.rgbconsulting.com\/shop\/"},{"@type":"ListItem","position":3,"name":"Ramase Miettes Nucl\u00e9aires"}]},{"@type":"WebSite","@id":"https:\/\/wpguerssen-test.odoo.rgbconsulting.com\/es\/#website","url":"https:\/\/wpguerssen-test.odoo.rgbconsulting.com\/es\/","name":"Guerssen records","description":"psychedelia - progressive - folk - garage ","publisher":{"@id":"https:\/\/wpguerssen-test.odoo.rgbconsulting.com\/es\/#organization"},"potentialAction":[{"@type":"SearchAction","target":{"@type":"EntryPoint","urlTemplate":"https:\/\/wpguerssen-test.odoo.rgbconsulting.com\/es\/?s={search_term_string}"},"query-input":{"@type":"PropertyValueSpecification","valueRequired":true,"valueName":"search_term_string"}}],"inLanguage":"es"},{"@type":"Organization","@id":"https:\/\/wpguerssen-test.odoo.rgbconsulting.com\/es\/#organization","name":"Guerssen records","url":"https:\/\/wpguerssen-test.odoo.rgbconsulting.com\/es\/","logo":{"@type":"ImageObject","inLanguage":"es","@id":"https:\/\/wpguerssen-test.odoo.rgbconsulting.com\/es\/#\/schema\/logo\/image\/","url":"https:\/\/wpguerssen-test.odoo.rgbconsulting.com\/wp-content\/uploads\/2022\/04\/Logo_Guerssen_trans_100.png","contentUrl":"https:\/\/wpguerssen-test.odoo.rgbconsulting.com\/wp-content\/uploads\/2022\/04\/Logo_Guerssen_trans_100.png","width":122,"height":100,"caption":"Guerssen records"},"image":{"@id":"https:\/\/wpguerssen-test.odoo.rgbconsulting.com\/es\/#\/schema\/logo\/image\/"}}]}},"_links":{"self":[{"href":"https:\/\/wpguerssen-test.odoo.rgbconsulting.com\/es\/wp-json\/wp\/v2\/product\/207123","targetHints":{"allow":["GET"]}}],"collection":[{"href":"https:\/\/wpguerssen-test.odoo.rgbconsulting.com\/es\/wp-json\/wp\/v2\/product"}],"about":[{"href":"https:\/\/wpguerssen-test.odoo.rgbconsulting.com\/es\/wp-json\/wp\/v2\/types\/product"}],"wp:featuredmedia":[{"embeddable":true,"href":"https:\/\/wpguerssen-test.odoo.rgbconsulting.com\/es\/wp-json\/wp\/v2\/media\/125874"}],"wp:attachment":[{"href":"https:\/\/wpguerssen-test.odoo.rgbconsulting.com\/es\/wp-json\/wp\/v2\/media?parent=207123"}],"wp:term":[{"taxonomy":"product_brand","embeddable":true,"href":"https:\/\/wpguerssen-test.odoo.rgbconsulting.com\/es\/wp-json\/wp\/v2\/product_brand?post=207123"},{"taxonomy":"product_cat","embeddable":true,"href":"https:\/\/wpguerssen-test.odoo.rgbconsulting.com\/es\/wp-json\/wp\/v2\/product_cat?post=207123"},{"taxonomy":"product_tag","embeddable":true,"href":"https:\/\/wpguerssen-test.odoo.rgbconsulting.com\/es\/wp-json\/wp\/v2\/product_tag?post=207123"}],"curies":[{"name":"wp","href":"https:\/\/api.w.org\/{rel}","templated":true}]}}