{"id":207138,"date":"2020-05-29T00:00:00","date_gmt":"2020-05-28T22:00:00","guid":{"rendered":"http:\/\/guerssen.hl1097.dinaserver.com\/product\/clear-memory-cd\/"},"modified":"2025-03-17T17:28:09","modified_gmt":"2025-03-17T16:28:09","slug":"clear-memory-cd","status":"publish","type":"product","link":"https:\/\/wpguerssen-test.odoo.rgbconsulting.com\/es\/producto\/clear-memory-cd\/","title":{"rendered":"Clear Memory (CD)"},"content":{"rendered":"<p>Formados en 1978, Bomis Prendin son un colectivo de \u00abnoisicians\u00bb procedentes de Washington DC, pioneros dentro del movimiento DIY, Industrial, la cultura de cassettes y la electr\u00f3nica experimental. Usando grabadoras de cassettes, instrumentos musicales de juguete modificados, guitarra el\u00e9ctrica, bajo, pedales de efectos, teclados baratos y sintes caseros, Bomis Prendin editaron un par de flexi-discos (Test y Phantom Limb), gracias a los cuales fueron incluidos en la ya legendaria lista de Nurse With Wound. <\/p>\n<p> \u00abClear Memory\u00bb fue un \u00e1lbum originalmente editado solo en cassette en 1984 (edici\u00f3n de 50 copias) y es un alucinante ejemplo de DIY casero con aires de psicodelia mutante y experimentaci\u00f3n electr\u00f3nica-ruidosa que suena muy avanzado para su \u00e9poca. <\/p>\n<p> Por primera vez reeditado, sonido del m\u00e1ster original e insert con raras fotos y notas por Klemen Breznikar (It&#8217;s Psychedelic Baby). Incluye cup\u00f3n de descarga con un bonus track in\u00e9dito hasta ahora.<br \/><brArchivar en: incomprensible e impredecible. \n\n \u00abClear Memory\u00bb revela un maravilloso exponencial de psicodelia expansiva bajo su superficie\u00bb &#8211; Mutant Sounds \n\n \u00abSu m\u00fasica incluye una incre\u00edble variedad de sonidos, im\u00e1genes y estructuras que los sit\u00faa en el alg\u00fan lugar entre el rock mutante y la pura experimentaci\u00f3n\u00bb &#8211; Gary Indiana (Modern World) \n\n RIYL: RESIDENTS, CHROME, CABARET VOLTAIRE, FAUST, THROBBING GRISTLE, CLUSTER, OLIVIA TREMOR CONTROL&#8230; \n\n Tracklist: 01. First Light &#8211; 02. French Passport &#8211; 03. Respect The Road &#8211; 04. Street Without Lunch &#8211; 05. Why Blondes Eat &#8211; 06. I Don&#8217;t Want &#8211; 07. Hell&#8217;s Little Ransom &#8211; 08. Forced Delight \/ Debris Factory &#8211; 09. Jumpstart &#8211; 10. Robop &#8211; 11. Keep The Letters &#8211; 12. Busy &#8211; 13. I Walk The Lawn &#8211; 14. The Big Horizon &#8211; 15. Integers \n\n CD \/ Digital Bonustrack: 16. Endocircumventual\n<\/p>\n","protected":false},"excerpt":{"rendered":"<p>Formados en 1978, Bomis Prendin son un colectivo de \u00abnoisicians\u00bb procedentes de Washington DC, pioneros dentro del movimiento DIY, Industrial, la cultura de cassettes<a class=\"read\" href=\"https:\/\/wpguerssen-test.odoo.rgbconsulting.com\/es\/producto\/clear-memory-cd\/\"> (...)<\/a>","protected":false},"featured_media":125915,"template":"","meta":{"_acf_changed":false},"product_brand":[],"product_cat":[21688,23260],"product_tag":[29138],"class_list":{"0":"post-207138","1":"product","2":"type-product","3":"status-publish","4":"has-post-thumbnail","6":"product_cat-psychedelic80s-90s-es","7":"product_cat-avant-garde-experime-es","8":"product_tag-cd-es","9":"pa_artist-bomis-prendin-es","10":"pa_format-cd-2-es","11":"pa_gender-psychedelic80s-90s-avant-garde-experime","12":"pa_label-mental-experience-es","13":"pa_location-north-america-es","15":"first","16":"instock","17":"taxable","18":"shipping-taxable","19":"purchasable","20":"product-type-simple"},"acf":[],"yoast_head":"<!-- This site is optimized with the Yoast SEO plugin v24.9 - https:\/\/yoast.com\/wordpress\/plugins\/seo\/ -->\n<title>BOMIS PRENDIN - Clear Memory (CD) -  (CD) | Guerssen<\/title>\n<meta name=\"description\" content=\"Formed in 1978, Bomis Prendin is a collective of experimental &quot;noisicians&quot; from Washington DC, pioneers within the DIY, Industrial, cassette culture and experimental electronics scene. #nl# Using cassette recorders, mutated musical toys, electric guitars, bass, rewired circuitry, analog pedal effects &amp; cheap keyboards, they recorded and released in the late 70s a couple of astounding flexi-discs (Test and Phantom Limb) which led to them being included on the infamous Nurse With Wound list. #nl# &quot;Clear Memory&quot; was originally released in 1984 only on cassette (50 copies) and it&#039;s an incredible example of DIY mutant psychedelic pop and homemade electronic weirdness which sounds years ahead of its time. #nl# Here&#039;s the first ever reissue. #nl# *Master tape sound*Four-page insert with liner notes by Klemen Breznikar (It&#039;s Psychedelic, Baby)*Includes digital download card**File under: unfathomable &amp; unpredictable** #nl# &quot; &#039;Clear Memory&#039; reveals a wonderland of sense-expanding psychedelic potentiality lurking below the surface.&quot; - Mutant Sounds #nl# &quot;Their music features an incredible variety of sounds, images and structures that places it somewhere between slightly mutated rock and roll and pure experimental composition.&quot; - Gary Indiana (Modern World) #nl# RIYL: RESIDENTS, CHROME, CABARET VOLTAIRE, FAUST, THROBBING GRISTLE, CLUSTER, OLIVIA TREMOR CONTROL... #nl# Tracklist: 01. First Light - 02. French Passport - 03. Respect The Road - 04. Street Without Lunch - 05. Why Blondes Eat - 06. I Don&#039;t Want - 07. Hell&#039;s Little Ransom - 08. Forced Delight \/ Debris Factory - 09. Jumpstart - 10. Robop - 11. Keep The Letters - 12. Busy - 13. I Walk The Lawn - 14. The Big Horizon - 15. Integers #nl# CD \/ Digital Bonustrack: 16. Endocircumventual\" \/>\n<meta name=\"robots\" content=\"index, follow, max-snippet:-1, max-image-preview:large, max-video-preview:-1\" \/>\n<link rel=\"canonical\" href=\"https:\/\/wpguerssen-test.odoo.rgbconsulting.com\/es\/producto\/clear-memory-cd\/\" \/>\n<meta property=\"og:locale\" content=\"es_ES\" \/>\n<meta property=\"og:type\" content=\"article\" \/>\n<meta property=\"og:title\" content=\"BOMIS PRENDIN - Clear Memory (CD) -  (CD) | Guerssen\" \/>\n<meta property=\"og:description\" content=\"Formed in 1978, Bomis Prendin is a collective of experimental &quot;noisicians&quot; from Washington DC, pioneers within the DIY, Industrial, cassette culture and experimental electronics scene. #nl# Using cassette recorders, mutated musical toys, electric guitars, bass, rewired circuitry, analog pedal effects &amp; cheap keyboards, they recorded and released in the late 70s a couple of astounding flexi-discs (Test and Phantom Limb) which led to them being included on the infamous Nurse With Wound list. #nl# &quot;Clear Memory&quot; was originally released in 1984 only on cassette (50 copies) and it&#039;s an incredible example of DIY mutant psychedelic pop and homemade electronic weirdness which sounds years ahead of its time. #nl# Here&#039;s the first ever reissue. #nl# *Master tape sound*Four-page insert with liner notes by Klemen Breznikar (It&#039;s Psychedelic, Baby)*Includes digital download card**File under: unfathomable &amp; unpredictable** #nl# &quot; &#039;Clear Memory&#039; reveals a wonderland of sense-expanding psychedelic potentiality lurking below the surface.&quot; - Mutant Sounds #nl# &quot;Their music features an incredible variety of sounds, images and structures that places it somewhere between slightly mutated rock and roll and pure experimental composition.&quot; - Gary Indiana (Modern World) #nl# RIYL: RESIDENTS, CHROME, CABARET VOLTAIRE, FAUST, THROBBING GRISTLE, CLUSTER, OLIVIA TREMOR CONTROL... #nl# Tracklist: 01. First Light - 02. French Passport - 03. Respect The Road - 04. Street Without Lunch - 05. Why Blondes Eat - 06. I Don&#039;t Want - 07. Hell&#039;s Little Ransom - 08. Forced Delight \/ Debris Factory - 09. Jumpstart - 10. Robop - 11. Keep The Letters - 12. Busy - 13. I Walk The Lawn - 14. The Big Horizon - 15. Integers #nl# CD \/ Digital Bonustrack: 16. Endocircumventual\" \/>\n<meta property=\"og:url\" content=\"https:\/\/wpguerssen-test.odoo.rgbconsulting.com\/es\/producto\/clear-memory-cd\/\" \/>\n<meta property=\"og:site_name\" content=\"Guerssen records\" \/>\n<meta property=\"article:modified_time\" content=\"2025-03-17T16:28:09+00:00\" \/>\n<meta property=\"og:image\" content=\"https:\/\/wpguerssen-test.odoo.rgbconsulting.com\/wp-content\/uploads\/2022\/03\/36034.jpg\" \/>\n\t<meta property=\"og:image:width\" content=\"1400\" \/>\n\t<meta property=\"og:image:height\" content=\"1400\" \/>\n\t<meta property=\"og:image:type\" content=\"image\/jpeg\" \/>\n<meta name=\"twitter:card\" content=\"summary_large_image\" \/>\n<meta name=\"twitter:title\" content=\"BOMIS PRENDIN - Clear Memory (CD) -  (CD) | Guerssen\" \/>\n<meta name=\"twitter:label1\" content=\"Tiempo de lectura\" \/>\n\t<meta name=\"twitter:data1\" content=\"1 minuto\" \/>\n<script type=\"application\/ld+json\" class=\"yoast-schema-graph\">{\"@context\":\"https:\/\/schema.org\",\"@graph\":[{\"@type\":\"WebPage\",\"@id\":\"https:\/\/wpguerssen-test.odoo.rgbconsulting.com\/es\/producto\/clear-memory-cd\/\",\"url\":\"https:\/\/wpguerssen-test.odoo.rgbconsulting.com\/es\/producto\/clear-memory-cd\/\",\"name\":\"BOMIS PRENDIN - Clear Memory (CD) - (CD) | Guerssen\",\"isPartOf\":{\"@id\":\"https:\/\/wpguerssen-test.odoo.rgbconsulting.com\/es\/#website\"},\"primaryImageOfPage\":{\"@id\":\"https:\/\/wpguerssen-test.odoo.rgbconsulting.com\/es\/producto\/clear-memory-cd\/#primaryimage\"},\"image\":{\"@id\":\"https:\/\/wpguerssen-test.odoo.rgbconsulting.com\/es\/producto\/clear-memory-cd\/#primaryimage\"},\"thumbnailUrl\":\"https:\/\/wpguerssen-test.odoo.rgbconsulting.com\/wp-content\/uploads\/2022\/03\/36034.jpg\",\"datePublished\":\"2020-05-28T22:00:00+00:00\",\"dateModified\":\"2025-03-17T16:28:09+00:00\",\"description\":\"Formed in 1978, Bomis Prendin is a collective of experimental \\\"noisicians\\\" from Washington DC, pioneers within the DIY, Industrial, cassette culture and experimental electronics scene. #nl# Using cassette recorders, mutated musical toys, electric guitars, bass, rewired circuitry, analog pedal effects & cheap keyboards, they recorded and released in the late 70s a couple of astounding flexi-discs (Test and Phantom Limb) which led to them being included on the infamous Nurse With Wound list. #nl# \\\"Clear Memory\\\" was originally released in 1984 only on cassette (50 copies) and it's an incredible example of DIY mutant psychedelic pop and homemade electronic weirdness which sounds years ahead of its time. #nl# Here's the first ever reissue. #nl# *Master tape sound*Four-page insert with liner notes by Klemen Breznikar (It's Psychedelic, Baby)*Includes digital download card**File under: unfathomable & unpredictable** #nl# \\\" 'Clear Memory' reveals a wonderland of sense-expanding psychedelic potentiality lurking below the surface.\\\" - Mutant Sounds #nl# \\\"Their music features an incredible variety of sounds, images and structures that places it somewhere between slightly mutated rock and roll and pure experimental composition.\\\" - Gary Indiana (Modern World) #nl# RIYL: RESIDENTS, CHROME, CABARET VOLTAIRE, FAUST, THROBBING GRISTLE, CLUSTER, OLIVIA TREMOR CONTROL... #nl# Tracklist: 01. First Light - 02. French Passport - 03. Respect The Road - 04. Street Without Lunch - 05. Why Blondes Eat - 06. I Don't Want - 07. Hell's Little Ransom - 08. Forced Delight \/ Debris Factory - 09. Jumpstart - 10. Robop - 11. Keep The Letters - 12. Busy - 13. I Walk The Lawn - 14. The Big Horizon - 15. Integers #nl# CD \/ Digital Bonustrack: 16. Endocircumventual\",\"breadcrumb\":{\"@id\":\"https:\/\/wpguerssen-test.odoo.rgbconsulting.com\/es\/producto\/clear-memory-cd\/#breadcrumb\"},\"inLanguage\":\"es\",\"potentialAction\":[{\"@type\":\"ReadAction\",\"target\":[\"https:\/\/wpguerssen-test.odoo.rgbconsulting.com\/es\/producto\/clear-memory-cd\/\"]}]},{\"@type\":\"ImageObject\",\"inLanguage\":\"es\",\"@id\":\"https:\/\/wpguerssen-test.odoo.rgbconsulting.com\/es\/producto\/clear-memory-cd\/#primaryimage\",\"url\":\"https:\/\/wpguerssen-test.odoo.rgbconsulting.com\/wp-content\/uploads\/2022\/03\/36034.jpg\",\"contentUrl\":\"https:\/\/wpguerssen-test.odoo.rgbconsulting.com\/wp-content\/uploads\/2022\/03\/36034.jpg\",\"width\":1400,\"height\":1400,\"caption\":\"BOMIS PRENDIN - Clear Memory (CD) - MENTAL EXPERIENCE (CD) | Guerssen\"},{\"@type\":\"BreadcrumbList\",\"@id\":\"https:\/\/wpguerssen-test.odoo.rgbconsulting.com\/es\/producto\/clear-memory-cd\/#breadcrumb\",\"itemListElement\":[{\"@type\":\"ListItem\",\"position\":1,\"name\":\"Inicio\",\"item\":\"https:\/\/wpguerssen-test.odoo.rgbconsulting.com\/es\/\"},{\"@type\":\"ListItem\",\"position\":2,\"name\":\"Shop\",\"item\":\"https:\/\/wpguerssen-test.odoo.rgbconsulting.com\/shop\/\"},{\"@type\":\"ListItem\",\"position\":3,\"name\":\"Clear Memory (CD)\"}]},{\"@type\":\"WebSite\",\"@id\":\"https:\/\/wpguerssen-test.odoo.rgbconsulting.com\/es\/#website\",\"url\":\"https:\/\/wpguerssen-test.odoo.rgbconsulting.com\/es\/\",\"name\":\"Guerssen records\",\"description\":\"psychedelia - progressive - folk - garage \",\"publisher\":{\"@id\":\"https:\/\/wpguerssen-test.odoo.rgbconsulting.com\/es\/#organization\"},\"potentialAction\":[{\"@type\":\"SearchAction\",\"target\":{\"@type\":\"EntryPoint\",\"urlTemplate\":\"https:\/\/wpguerssen-test.odoo.rgbconsulting.com\/es\/?s={search_term_string}\"},\"query-input\":{\"@type\":\"PropertyValueSpecification\",\"valueRequired\":true,\"valueName\":\"search_term_string\"}}],\"inLanguage\":\"es\"},{\"@type\":\"Organization\",\"@id\":\"https:\/\/wpguerssen-test.odoo.rgbconsulting.com\/es\/#organization\",\"name\":\"Guerssen records\",\"url\":\"https:\/\/wpguerssen-test.odoo.rgbconsulting.com\/es\/\",\"logo\":{\"@type\":\"ImageObject\",\"inLanguage\":\"es\",\"@id\":\"https:\/\/wpguerssen-test.odoo.rgbconsulting.com\/es\/#\/schema\/logo\/image\/\",\"url\":\"https:\/\/wpguerssen-test.odoo.rgbconsulting.com\/wp-content\/uploads\/2022\/04\/Logo_Guerssen_trans_100.png\",\"contentUrl\":\"https:\/\/wpguerssen-test.odoo.rgbconsulting.com\/wp-content\/uploads\/2022\/04\/Logo_Guerssen_trans_100.png\",\"width\":122,\"height\":100,\"caption\":\"Guerssen records\"},\"image\":{\"@id\":\"https:\/\/wpguerssen-test.odoo.rgbconsulting.com\/es\/#\/schema\/logo\/image\/\"}}]}<\/script>\n<!-- \/ Yoast SEO plugin. -->","yoast_head_json":{"title":"BOMIS PRENDIN - Clear Memory (CD) -  (CD) | Guerssen","description":"Formed in 1978, Bomis Prendin is a collective of experimental \"noisicians\" from Washington DC, pioneers within the DIY, Industrial, cassette culture and experimental electronics scene. #nl# Using cassette recorders, mutated musical toys, electric guitars, bass, rewired circuitry, analog pedal effects & cheap keyboards, they recorded and released in the late 70s a couple of astounding flexi-discs (Test and Phantom Limb) which led to them being included on the infamous Nurse With Wound list. #nl# \"Clear Memory\" was originally released in 1984 only on cassette (50 copies) and it's an incredible example of DIY mutant psychedelic pop and homemade electronic weirdness which sounds years ahead of its time. #nl# Here's the first ever reissue. #nl# *Master tape sound*Four-page insert with liner notes by Klemen Breznikar (It's Psychedelic, Baby)*Includes digital download card**File under: unfathomable & unpredictable** #nl# \" 'Clear Memory' reveals a wonderland of sense-expanding psychedelic potentiality lurking below the surface.\" - Mutant Sounds #nl# \"Their music features an incredible variety of sounds, images and structures that places it somewhere between slightly mutated rock and roll and pure experimental composition.\" - Gary Indiana (Modern World) #nl# RIYL: RESIDENTS, CHROME, CABARET VOLTAIRE, FAUST, THROBBING GRISTLE, CLUSTER, OLIVIA TREMOR CONTROL... #nl# Tracklist: 01. First Light - 02. French Passport - 03. Respect The Road - 04. Street Without Lunch - 05. Why Blondes Eat - 06. I Don't Want - 07. Hell's Little Ransom - 08. Forced Delight \/ Debris Factory - 09. Jumpstart - 10. Robop - 11. Keep The Letters - 12. Busy - 13. I Walk The Lawn - 14. The Big Horizon - 15. Integers #nl# CD \/ Digital Bonustrack: 16. Endocircumventual","robots":{"index":"index","follow":"follow","max-snippet":"max-snippet:-1","max-image-preview":"max-image-preview:large","max-video-preview":"max-video-preview:-1"},"canonical":"https:\/\/wpguerssen-test.odoo.rgbconsulting.com\/es\/producto\/clear-memory-cd\/","og_locale":"es_ES","og_type":"article","og_title":"BOMIS PRENDIN - Clear Memory (CD) -  (CD) | Guerssen","og_description":"Formed in 1978, Bomis Prendin is a collective of experimental \"noisicians\" from Washington DC, pioneers within the DIY, Industrial, cassette culture and experimental electronics scene. #nl# Using cassette recorders, mutated musical toys, electric guitars, bass, rewired circuitry, analog pedal effects & cheap keyboards, they recorded and released in the late 70s a couple of astounding flexi-discs (Test and Phantom Limb) which led to them being included on the infamous Nurse With Wound list. #nl# \"Clear Memory\" was originally released in 1984 only on cassette (50 copies) and it's an incredible example of DIY mutant psychedelic pop and homemade electronic weirdness which sounds years ahead of its time. #nl# Here's the first ever reissue. #nl# *Master tape sound*Four-page insert with liner notes by Klemen Breznikar (It's Psychedelic, Baby)*Includes digital download card**File under: unfathomable & unpredictable** #nl# \" 'Clear Memory' reveals a wonderland of sense-expanding psychedelic potentiality lurking below the surface.\" - Mutant Sounds #nl# \"Their music features an incredible variety of sounds, images and structures that places it somewhere between slightly mutated rock and roll and pure experimental composition.\" - Gary Indiana (Modern World) #nl# RIYL: RESIDENTS, CHROME, CABARET VOLTAIRE, FAUST, THROBBING GRISTLE, CLUSTER, OLIVIA TREMOR CONTROL... #nl# Tracklist: 01. First Light - 02. French Passport - 03. Respect The Road - 04. Street Without Lunch - 05. Why Blondes Eat - 06. I Don't Want - 07. Hell's Little Ransom - 08. Forced Delight \/ Debris Factory - 09. Jumpstart - 10. Robop - 11. Keep The Letters - 12. Busy - 13. I Walk The Lawn - 14. The Big Horizon - 15. Integers #nl# CD \/ Digital Bonustrack: 16. Endocircumventual","og_url":"https:\/\/wpguerssen-test.odoo.rgbconsulting.com\/es\/producto\/clear-memory-cd\/","og_site_name":"Guerssen records","article_modified_time":"2025-03-17T16:28:09+00:00","og_image":[{"width":1400,"height":1400,"url":"https:\/\/wpguerssen-test.odoo.rgbconsulting.com\/wp-content\/uploads\/2022\/03\/36034.jpg","type":"image\/jpeg"}],"twitter_card":"summary_large_image","twitter_title":"BOMIS PRENDIN - Clear Memory (CD) -  (CD) | Guerssen","twitter_misc":{"Tiempo de lectura":"1 minuto"},"schema":{"@context":"https:\/\/schema.org","@graph":[{"@type":"WebPage","@id":"https:\/\/wpguerssen-test.odoo.rgbconsulting.com\/es\/producto\/clear-memory-cd\/","url":"https:\/\/wpguerssen-test.odoo.rgbconsulting.com\/es\/producto\/clear-memory-cd\/","name":"BOMIS PRENDIN - Clear Memory (CD) - (CD) | Guerssen","isPartOf":{"@id":"https:\/\/wpguerssen-test.odoo.rgbconsulting.com\/es\/#website"},"primaryImageOfPage":{"@id":"https:\/\/wpguerssen-test.odoo.rgbconsulting.com\/es\/producto\/clear-memory-cd\/#primaryimage"},"image":{"@id":"https:\/\/wpguerssen-test.odoo.rgbconsulting.com\/es\/producto\/clear-memory-cd\/#primaryimage"},"thumbnailUrl":"https:\/\/wpguerssen-test.odoo.rgbconsulting.com\/wp-content\/uploads\/2022\/03\/36034.jpg","datePublished":"2020-05-28T22:00:00+00:00","dateModified":"2025-03-17T16:28:09+00:00","description":"Formed in 1978, Bomis Prendin is a collective of experimental \"noisicians\" from Washington DC, pioneers within the DIY, Industrial, cassette culture and experimental electronics scene. #nl# Using cassette recorders, mutated musical toys, electric guitars, bass, rewired circuitry, analog pedal effects & cheap keyboards, they recorded and released in the late 70s a couple of astounding flexi-discs (Test and Phantom Limb) which led to them being included on the infamous Nurse With Wound list. #nl# \"Clear Memory\" was originally released in 1984 only on cassette (50 copies) and it's an incredible example of DIY mutant psychedelic pop and homemade electronic weirdness which sounds years ahead of its time. #nl# Here's the first ever reissue. #nl# *Master tape sound*Four-page insert with liner notes by Klemen Breznikar (It's Psychedelic, Baby)*Includes digital download card**File under: unfathomable & unpredictable** #nl# \" 'Clear Memory' reveals a wonderland of sense-expanding psychedelic potentiality lurking below the surface.\" - Mutant Sounds #nl# \"Their music features an incredible variety of sounds, images and structures that places it somewhere between slightly mutated rock and roll and pure experimental composition.\" - Gary Indiana (Modern World) #nl# RIYL: RESIDENTS, CHROME, CABARET VOLTAIRE, FAUST, THROBBING GRISTLE, CLUSTER, OLIVIA TREMOR CONTROL... #nl# Tracklist: 01. First Light - 02. French Passport - 03. Respect The Road - 04. Street Without Lunch - 05. Why Blondes Eat - 06. I Don't Want - 07. Hell's Little Ransom - 08. Forced Delight \/ Debris Factory - 09. Jumpstart - 10. Robop - 11. Keep The Letters - 12. Busy - 13. I Walk The Lawn - 14. The Big Horizon - 15. Integers #nl# CD \/ Digital Bonustrack: 16. Endocircumventual","breadcrumb":{"@id":"https:\/\/wpguerssen-test.odoo.rgbconsulting.com\/es\/producto\/clear-memory-cd\/#breadcrumb"},"inLanguage":"es","potentialAction":[{"@type":"ReadAction","target":["https:\/\/wpguerssen-test.odoo.rgbconsulting.com\/es\/producto\/clear-memory-cd\/"]}]},{"@type":"ImageObject","inLanguage":"es","@id":"https:\/\/wpguerssen-test.odoo.rgbconsulting.com\/es\/producto\/clear-memory-cd\/#primaryimage","url":"https:\/\/wpguerssen-test.odoo.rgbconsulting.com\/wp-content\/uploads\/2022\/03\/36034.jpg","contentUrl":"https:\/\/wpguerssen-test.odoo.rgbconsulting.com\/wp-content\/uploads\/2022\/03\/36034.jpg","width":1400,"height":1400,"caption":"BOMIS PRENDIN - Clear Memory (CD) - MENTAL EXPERIENCE (CD) | Guerssen"},{"@type":"BreadcrumbList","@id":"https:\/\/wpguerssen-test.odoo.rgbconsulting.com\/es\/producto\/clear-memory-cd\/#breadcrumb","itemListElement":[{"@type":"ListItem","position":1,"name":"Inicio","item":"https:\/\/wpguerssen-test.odoo.rgbconsulting.com\/es\/"},{"@type":"ListItem","position":2,"name":"Shop","item":"https:\/\/wpguerssen-test.odoo.rgbconsulting.com\/shop\/"},{"@type":"ListItem","position":3,"name":"Clear Memory (CD)"}]},{"@type":"WebSite","@id":"https:\/\/wpguerssen-test.odoo.rgbconsulting.com\/es\/#website","url":"https:\/\/wpguerssen-test.odoo.rgbconsulting.com\/es\/","name":"Guerssen records","description":"psychedelia - progressive - folk - garage ","publisher":{"@id":"https:\/\/wpguerssen-test.odoo.rgbconsulting.com\/es\/#organization"},"potentialAction":[{"@type":"SearchAction","target":{"@type":"EntryPoint","urlTemplate":"https:\/\/wpguerssen-test.odoo.rgbconsulting.com\/es\/?s={search_term_string}"},"query-input":{"@type":"PropertyValueSpecification","valueRequired":true,"valueName":"search_term_string"}}],"inLanguage":"es"},{"@type":"Organization","@id":"https:\/\/wpguerssen-test.odoo.rgbconsulting.com\/es\/#organization","name":"Guerssen records","url":"https:\/\/wpguerssen-test.odoo.rgbconsulting.com\/es\/","logo":{"@type":"ImageObject","inLanguage":"es","@id":"https:\/\/wpguerssen-test.odoo.rgbconsulting.com\/es\/#\/schema\/logo\/image\/","url":"https:\/\/wpguerssen-test.odoo.rgbconsulting.com\/wp-content\/uploads\/2022\/04\/Logo_Guerssen_trans_100.png","contentUrl":"https:\/\/wpguerssen-test.odoo.rgbconsulting.com\/wp-content\/uploads\/2022\/04\/Logo_Guerssen_trans_100.png","width":122,"height":100,"caption":"Guerssen records"},"image":{"@id":"https:\/\/wpguerssen-test.odoo.rgbconsulting.com\/es\/#\/schema\/logo\/image\/"}}]}},"_links":{"self":[{"href":"https:\/\/wpguerssen-test.odoo.rgbconsulting.com\/es\/wp-json\/wp\/v2\/product\/207138","targetHints":{"allow":["GET"]}}],"collection":[{"href":"https:\/\/wpguerssen-test.odoo.rgbconsulting.com\/es\/wp-json\/wp\/v2\/product"}],"about":[{"href":"https:\/\/wpguerssen-test.odoo.rgbconsulting.com\/es\/wp-json\/wp\/v2\/types\/product"}],"wp:featuredmedia":[{"embeddable":true,"href":"https:\/\/wpguerssen-test.odoo.rgbconsulting.com\/es\/wp-json\/wp\/v2\/media\/125915"}],"wp:attachment":[{"href":"https:\/\/wpguerssen-test.odoo.rgbconsulting.com\/es\/wp-json\/wp\/v2\/media?parent=207138"}],"wp:term":[{"taxonomy":"product_brand","embeddable":true,"href":"https:\/\/wpguerssen-test.odoo.rgbconsulting.com\/es\/wp-json\/wp\/v2\/product_brand?post=207138"},{"taxonomy":"product_cat","embeddable":true,"href":"https:\/\/wpguerssen-test.odoo.rgbconsulting.com\/es\/wp-json\/wp\/v2\/product_cat?post=207138"},{"taxonomy":"product_tag","embeddable":true,"href":"https:\/\/wpguerssen-test.odoo.rgbconsulting.com\/es\/wp-json\/wp\/v2\/product_tag?post=207138"}],"curies":[{"name":"wp","href":"https:\/\/api.w.org\/{rel}","templated":true}]}}