{"id":207144,"date":"2022-03-10T00:00:00","date_gmt":"2022-03-09T23:00:00","guid":{"rendered":"http:\/\/guerssen.hl1097.dinaserver.com\/product\/goza-la-salsa\/"},"modified":"2025-01-30T16:45:38","modified_gmt":"2025-01-30T15:45:38","slug":"goza-la-salsa","status":"publish","type":"product","link":"https:\/\/wpguerssen-test.odoo.rgbconsulting.com\/es\/producto\/goza-la-salsa\/","title":{"rendered":"Goza La Salsa"},"content":{"rendered":"<p>Los Afroins era la banda de salsa esencial del oscuro sello colombiano INS. Su LP de 1975 Goza La Salsa es tan dif\u00edcil de conseguir como su primer \u00e1lbum y contiene 10 tesoros de salsa dura brillantes y atrevidos que encienden la pista de baile con sus ritmos imparables, metales sincopados y melod\u00edas optimistas. Hay versiones irresistibles de \u00e9xitos del momento de los paname\u00f1os Bush y sus Magn\u00edficos (&#8216;Salsa Al Pindin&#8217;) y del timbalero del Bronx Orlando Mar\u00edn and His Orchestra (&#8216;Est\u00e1 De Bala&#8217;) as\u00ed como aproximaciones renovadas a los viejos temas cubanos &#8216;La Masacre&#8217; (escrito por Jose\u00edto Fern\u00e1ndez -autor de &#8216;Guantanamera&#8217;-) y &#8216;Matusa&#8217; (titulado originalmente &#8216;Macusa&#8217;, compuesto por Compay Segundo), y seis excelentes canciones originales. Todo el disco logra ser un apetitoso manjar para la fiesta y el baile, repleto de guaguanc\u00f3, mozambique, pachanga, descarga y bolero que merece ser m\u00e1s popular entre los fans de la salsa colombiana que puedan conocer ya otros artistas como The Latin Brothers o Sonora Carrueles, pero que a\u00fan no hayan descubierto a los ef\u00edmeros y buscad\u00edsimos Los Afroins. Goza La Salsa se presenta con portada facs\u00edmil y prensaje de 180 gr.<\/p>\n","protected":false},"excerpt":{"rendered":"<p>Los Afroins era la banda de salsa esencial del oscuro sello colombiano INS. Su LP de 1975 Goza La Salsa es tan dif\u00edcil de conseguir como su primer \u00e1lbum y contiene<a class=\"read\" href=\"https:\/\/wpguerssen-test.odoo.rgbconsulting.com\/es\/producto\/goza-la-salsa\/\"> (...)<\/a>","protected":false},"featured_media":157710,"template":"","meta":{"_acf_changed":false},"product_brand":[],"product_cat":[23231,23227],"product_tag":[24190],"class_list":{"0":"post-207144","1":"product","2":"type-product","3":"status-publish","4":"has-post-thumbnail","6":"product_cat-latin-brazilian-es","7":"product_cat-jazz-es","8":"product_tag-sales-es","9":"pa_artist-afroins-los","10":"pa_format-lp-es","11":"pa_gender-latin-brazilian-jazz","12":"pa_label-vampi-soul-es","13":"pa_location-south-america-caribbean-es","14":"pa_other-filters-vinyl-only-es","16":"first","17":"instock","18":"taxable","19":"shipping-taxable","20":"purchasable","21":"product-type-simple"},"acf":[],"yoast_head":"<!-- This site is optimized with the Yoast SEO plugin v24.9 - https:\/\/yoast.com\/wordpress\/plugins\/seo\/ -->\n<title>AFROINS, Los - Goza La Salsa -  (LP) | Guerssen<\/title>\n<meta name=\"description\" content=\"Los Afroins was the flagship salsa band of the obscure but beloved INS label from Colombia. Their 1975 LP &quot;Goza La Salsa&quot; is just as hard to find as their first record, and contains 10 bright and sassy salsa dura treasures that light up the dance floor with their incessant rhythms, syncopated trumpets and trombone and buoyant melodies. There are smoking covers of hits by Panama&#039;s Bush y sus Magn\u00edficos (&#039;Salsa Al Pindin&#039;) and Bronx timbalero Orlando Mar\u00edn and His Orchestra (&#039;Est\u00e1 De Bala&#039;) as well as updated renditions of old Cuban chestnuts &#039;La Masacre&#039; (written by Jose\u00edto Fern\u00e1ndez of &#039;Guantanamera&#039; fame) and &#039;Matusa&#039; (originally titled &#039;Macusa&#039;, composed by Francisco Repilado aka Compay Segundo). The entire record makes for a very tasty and satisfying party platter filled with guaguanc\u00f3, mozambique, pachanga, descarga and bolero that deserves to be more accessible and better known by today&#039;s fans of Colombian salsa who may have heard of The Latin Brothers or Sonora Carruseles, but have yet to discover the short\/lived but highly sought after Los Afroins. &quot;Goza La Salsa&quot; is presented here in facsimile artwork and pressed on 180 gram vinyl. #nl# TRACKLIST Side 1 1. LA MASACRE (Jose\u00edto Fern\u00e1ndez) 2. SALSA AL PINDIN (Francisco Buckley &quot;Bush&quot;) 3. EL BOMBON (Benjam\u00edn, Roy) 4. PUERTO RICO POWER (Luis E Mosquera) 5. UNA MA:ANA (Oscar Ochoa) Side 2 1. MATUSA (Francisco Repilado) 2. ESTA DE BALA (Orlando Marin) 3. EL BOGA (Oscar Ochoa) 4. NO SUFRAS MAS (Luis E Mosquera) 5. ALEJADA (Dar\u00edo, Roy)\" \/>\n<meta name=\"robots\" content=\"index, follow, max-snippet:-1, max-image-preview:large, max-video-preview:-1\" \/>\n<link rel=\"canonical\" href=\"https:\/\/wpguerssen-test.odoo.rgbconsulting.com\/es\/producto\/goza-la-salsa\/\" \/>\n<meta property=\"og:locale\" content=\"es_ES\" \/>\n<meta property=\"og:type\" content=\"article\" \/>\n<meta property=\"og:title\" content=\"AFROINS, Los - Goza La Salsa -  (LP) | Guerssen\" \/>\n<meta property=\"og:description\" content=\"Los Afroins was the flagship salsa band of the obscure but beloved INS label from Colombia. Their 1975 LP &quot;Goza La Salsa&quot; is just as hard to find as their first record, and contains 10 bright and sassy salsa dura treasures that light up the dance floor with their incessant rhythms, syncopated trumpets and trombone and buoyant melodies. There are smoking covers of hits by Panama&#039;s Bush y sus Magn\u00edficos (&#039;Salsa Al Pindin&#039;) and Bronx timbalero Orlando Mar\u00edn and His Orchestra (&#039;Est\u00e1 De Bala&#039;) as well as updated renditions of old Cuban chestnuts &#039;La Masacre&#039; (written by Jose\u00edto Fern\u00e1ndez of &#039;Guantanamera&#039; fame) and &#039;Matusa&#039; (originally titled &#039;Macusa&#039;, composed by Francisco Repilado aka Compay Segundo). The entire record makes for a very tasty and satisfying party platter filled with guaguanc\u00f3, mozambique, pachanga, descarga and bolero that deserves to be more accessible and better known by today&#039;s fans of Colombian salsa who may have heard of The Latin Brothers or Sonora Carruseles, but have yet to discover the short\/lived but highly sought after Los Afroins. &quot;Goza La Salsa&quot; is presented here in facsimile artwork and pressed on 180 gram vinyl. #nl# TRACKLIST Side 1 1. LA MASACRE (Jose\u00edto Fern\u00e1ndez) 2. SALSA AL PINDIN (Francisco Buckley &quot;Bush&quot;) 3. EL BOMBON (Benjam\u00edn, Roy) 4. PUERTO RICO POWER (Luis E Mosquera) 5. UNA MA:ANA (Oscar Ochoa) Side 2 1. MATUSA (Francisco Repilado) 2. ESTA DE BALA (Orlando Marin) 3. EL BOGA (Oscar Ochoa) 4. NO SUFRAS MAS (Luis E Mosquera) 5. ALEJADA (Dar\u00edo, Roy)\" \/>\n<meta property=\"og:url\" content=\"https:\/\/wpguerssen-test.odoo.rgbconsulting.com\/es\/producto\/goza-la-salsa\/\" \/>\n<meta property=\"og:site_name\" content=\"Guerssen records\" \/>\n<meta property=\"article:modified_time\" content=\"2025-01-30T15:45:38+00:00\" \/>\n<meta property=\"og:image\" content=\"https:\/\/wpguerssen-test.odoo.rgbconsulting.com\/wp-content\/uploads\/2022\/03\/36042.jpg\" \/>\n\t<meta property=\"og:image:width\" content=\"382\" \/>\n\t<meta property=\"og:image:height\" content=\"382\" \/>\n\t<meta property=\"og:image:type\" content=\"image\/jpeg\" \/>\n<meta name=\"twitter:card\" content=\"summary_large_image\" \/>\n<meta name=\"twitter:title\" content=\"AFROINS, Los - Goza La Salsa -  (LP) | Guerssen\" \/>\n<meta name=\"twitter:label1\" content=\"Tiempo de lectura\" \/>\n\t<meta name=\"twitter:data1\" content=\"1 minuto\" \/>\n<script type=\"application\/ld+json\" class=\"yoast-schema-graph\">{\"@context\":\"https:\/\/schema.org\",\"@graph\":[{\"@type\":\"WebPage\",\"@id\":\"https:\/\/wpguerssen-test.odoo.rgbconsulting.com\/es\/producto\/goza-la-salsa\/\",\"url\":\"https:\/\/wpguerssen-test.odoo.rgbconsulting.com\/es\/producto\/goza-la-salsa\/\",\"name\":\"AFROINS, Los - Goza La Salsa - (LP) | Guerssen\",\"isPartOf\":{\"@id\":\"https:\/\/wpguerssen-test.odoo.rgbconsulting.com\/es\/#website\"},\"primaryImageOfPage\":{\"@id\":\"https:\/\/wpguerssen-test.odoo.rgbconsulting.com\/es\/producto\/goza-la-salsa\/#primaryimage\"},\"image\":{\"@id\":\"https:\/\/wpguerssen-test.odoo.rgbconsulting.com\/es\/producto\/goza-la-salsa\/#primaryimage\"},\"thumbnailUrl\":\"https:\/\/wpguerssen-test.odoo.rgbconsulting.com\/wp-content\/uploads\/2022\/03\/36042.jpg\",\"datePublished\":\"2022-03-09T23:00:00+00:00\",\"dateModified\":\"2025-01-30T15:45:38+00:00\",\"description\":\"Los Afroins was the flagship salsa band of the obscure but beloved INS label from Colombia. Their 1975 LP \\\"Goza La Salsa\\\" is just as hard to find as their first record, and contains 10 bright and sassy salsa dura treasures that light up the dance floor with their incessant rhythms, syncopated trumpets and trombone and buoyant melodies. There are smoking covers of hits by Panama's Bush y sus Magn\u00edficos ('Salsa Al Pindin') and Bronx timbalero Orlando Mar\u00edn and His Orchestra ('Est\u00e1 De Bala') as well as updated renditions of old Cuban chestnuts 'La Masacre' (written by Jose\u00edto Fern\u00e1ndez of 'Guantanamera' fame) and 'Matusa' (originally titled 'Macusa', composed by Francisco Repilado aka Compay Segundo). The entire record makes for a very tasty and satisfying party platter filled with guaguanc\u00f3, mozambique, pachanga, descarga and bolero that deserves to be more accessible and better known by today's fans of Colombian salsa who may have heard of The Latin Brothers or Sonora Carruseles, but have yet to discover the short\/lived but highly sought after Los Afroins. \\\"Goza La Salsa\\\" is presented here in facsimile artwork and pressed on 180 gram vinyl. #nl# TRACKLIST Side 1 1. LA MASACRE (Jose\u00edto Fern\u00e1ndez) 2. SALSA AL PINDIN (Francisco Buckley \\\"Bush\\\") 3. EL BOMBON (Benjam\u00edn, Roy) 4. PUERTO RICO POWER (Luis E Mosquera) 5. UNA MA:ANA (Oscar Ochoa) Side 2 1. MATUSA (Francisco Repilado) 2. ESTA DE BALA (Orlando Marin) 3. EL BOGA (Oscar Ochoa) 4. NO SUFRAS MAS (Luis E Mosquera) 5. ALEJADA (Dar\u00edo, Roy)\",\"breadcrumb\":{\"@id\":\"https:\/\/wpguerssen-test.odoo.rgbconsulting.com\/es\/producto\/goza-la-salsa\/#breadcrumb\"},\"inLanguage\":\"es\",\"potentialAction\":[{\"@type\":\"ReadAction\",\"target\":[\"https:\/\/wpguerssen-test.odoo.rgbconsulting.com\/es\/producto\/goza-la-salsa\/\"]}]},{\"@type\":\"ImageObject\",\"inLanguage\":\"es\",\"@id\":\"https:\/\/wpguerssen-test.odoo.rgbconsulting.com\/es\/producto\/goza-la-salsa\/#primaryimage\",\"url\":\"https:\/\/wpguerssen-test.odoo.rgbconsulting.com\/wp-content\/uploads\/2022\/03\/36042.jpg\",\"contentUrl\":\"https:\/\/wpguerssen-test.odoo.rgbconsulting.com\/wp-content\/uploads\/2022\/03\/36042.jpg\",\"width\":382,\"height\":382,\"caption\":\"Los - Goza La Salsa - VAMPI SOUL (LP) | Guerssen\"},{\"@type\":\"BreadcrumbList\",\"@id\":\"https:\/\/wpguerssen-test.odoo.rgbconsulting.com\/es\/producto\/goza-la-salsa\/#breadcrumb\",\"itemListElement\":[{\"@type\":\"ListItem\",\"position\":1,\"name\":\"Inicio\",\"item\":\"https:\/\/wpguerssen-test.odoo.rgbconsulting.com\/es\/\"},{\"@type\":\"ListItem\",\"position\":2,\"name\":\"Shop\",\"item\":\"https:\/\/wpguerssen-test.odoo.rgbconsulting.com\/shop\/\"},{\"@type\":\"ListItem\",\"position\":3,\"name\":\"Goza La Salsa\"}]},{\"@type\":\"WebSite\",\"@id\":\"https:\/\/wpguerssen-test.odoo.rgbconsulting.com\/es\/#website\",\"url\":\"https:\/\/wpguerssen-test.odoo.rgbconsulting.com\/es\/\",\"name\":\"Guerssen records\",\"description\":\"psychedelia - progressive - folk - garage \",\"publisher\":{\"@id\":\"https:\/\/wpguerssen-test.odoo.rgbconsulting.com\/es\/#organization\"},\"potentialAction\":[{\"@type\":\"SearchAction\",\"target\":{\"@type\":\"EntryPoint\",\"urlTemplate\":\"https:\/\/wpguerssen-test.odoo.rgbconsulting.com\/es\/?s={search_term_string}\"},\"query-input\":{\"@type\":\"PropertyValueSpecification\",\"valueRequired\":true,\"valueName\":\"search_term_string\"}}],\"inLanguage\":\"es\"},{\"@type\":\"Organization\",\"@id\":\"https:\/\/wpguerssen-test.odoo.rgbconsulting.com\/es\/#organization\",\"name\":\"Guerssen records\",\"url\":\"https:\/\/wpguerssen-test.odoo.rgbconsulting.com\/es\/\",\"logo\":{\"@type\":\"ImageObject\",\"inLanguage\":\"es\",\"@id\":\"https:\/\/wpguerssen-test.odoo.rgbconsulting.com\/es\/#\/schema\/logo\/image\/\",\"url\":\"https:\/\/wpguerssen-test.odoo.rgbconsulting.com\/wp-content\/uploads\/2022\/04\/Logo_Guerssen_trans_100.png\",\"contentUrl\":\"https:\/\/wpguerssen-test.odoo.rgbconsulting.com\/wp-content\/uploads\/2022\/04\/Logo_Guerssen_trans_100.png\",\"width\":122,\"height\":100,\"caption\":\"Guerssen records\"},\"image\":{\"@id\":\"https:\/\/wpguerssen-test.odoo.rgbconsulting.com\/es\/#\/schema\/logo\/image\/\"}}]}<\/script>\n<!-- \/ Yoast SEO plugin. -->","yoast_head_json":{"title":"AFROINS, Los - Goza La Salsa -  (LP) | Guerssen","description":"Los Afroins was the flagship salsa band of the obscure but beloved INS label from Colombia. Their 1975 LP \"Goza La Salsa\" is just as hard to find as their first record, and contains 10 bright and sassy salsa dura treasures that light up the dance floor with their incessant rhythms, syncopated trumpets and trombone and buoyant melodies. There are smoking covers of hits by Panama's Bush y sus Magn\u00edficos ('Salsa Al Pindin') and Bronx timbalero Orlando Mar\u00edn and His Orchestra ('Est\u00e1 De Bala') as well as updated renditions of old Cuban chestnuts 'La Masacre' (written by Jose\u00edto Fern\u00e1ndez of 'Guantanamera' fame) and 'Matusa' (originally titled 'Macusa', composed by Francisco Repilado aka Compay Segundo). The entire record makes for a very tasty and satisfying party platter filled with guaguanc\u00f3, mozambique, pachanga, descarga and bolero that deserves to be more accessible and better known by today's fans of Colombian salsa who may have heard of The Latin Brothers or Sonora Carruseles, but have yet to discover the short\/lived but highly sought after Los Afroins. \"Goza La Salsa\" is presented here in facsimile artwork and pressed on 180 gram vinyl. #nl# TRACKLIST Side 1 1. LA MASACRE (Jose\u00edto Fern\u00e1ndez) 2. SALSA AL PINDIN (Francisco Buckley \"Bush\") 3. EL BOMBON (Benjam\u00edn, Roy) 4. PUERTO RICO POWER (Luis E Mosquera) 5. UNA MA:ANA (Oscar Ochoa) Side 2 1. MATUSA (Francisco Repilado) 2. ESTA DE BALA (Orlando Marin) 3. EL BOGA (Oscar Ochoa) 4. NO SUFRAS MAS (Luis E Mosquera) 5. ALEJADA (Dar\u00edo, Roy)","robots":{"index":"index","follow":"follow","max-snippet":"max-snippet:-1","max-image-preview":"max-image-preview:large","max-video-preview":"max-video-preview:-1"},"canonical":"https:\/\/wpguerssen-test.odoo.rgbconsulting.com\/es\/producto\/goza-la-salsa\/","og_locale":"es_ES","og_type":"article","og_title":"AFROINS, Los - Goza La Salsa -  (LP) | Guerssen","og_description":"Los Afroins was the flagship salsa band of the obscure but beloved INS label from Colombia. Their 1975 LP \"Goza La Salsa\" is just as hard to find as their first record, and contains 10 bright and sassy salsa dura treasures that light up the dance floor with their incessant rhythms, syncopated trumpets and trombone and buoyant melodies. There are smoking covers of hits by Panama's Bush y sus Magn\u00edficos ('Salsa Al Pindin') and Bronx timbalero Orlando Mar\u00edn and His Orchestra ('Est\u00e1 De Bala') as well as updated renditions of old Cuban chestnuts 'La Masacre' (written by Jose\u00edto Fern\u00e1ndez of 'Guantanamera' fame) and 'Matusa' (originally titled 'Macusa', composed by Francisco Repilado aka Compay Segundo). The entire record makes for a very tasty and satisfying party platter filled with guaguanc\u00f3, mozambique, pachanga, descarga and bolero that deserves to be more accessible and better known by today's fans of Colombian salsa who may have heard of The Latin Brothers or Sonora Carruseles, but have yet to discover the short\/lived but highly sought after Los Afroins. \"Goza La Salsa\" is presented here in facsimile artwork and pressed on 180 gram vinyl. #nl# TRACKLIST Side 1 1. LA MASACRE (Jose\u00edto Fern\u00e1ndez) 2. SALSA AL PINDIN (Francisco Buckley \"Bush\") 3. EL BOMBON (Benjam\u00edn, Roy) 4. PUERTO RICO POWER (Luis E Mosquera) 5. UNA MA:ANA (Oscar Ochoa) Side 2 1. MATUSA (Francisco Repilado) 2. ESTA DE BALA (Orlando Marin) 3. EL BOGA (Oscar Ochoa) 4. NO SUFRAS MAS (Luis E Mosquera) 5. ALEJADA (Dar\u00edo, Roy)","og_url":"https:\/\/wpguerssen-test.odoo.rgbconsulting.com\/es\/producto\/goza-la-salsa\/","og_site_name":"Guerssen records","article_modified_time":"2025-01-30T15:45:38+00:00","og_image":[{"width":382,"height":382,"url":"https:\/\/wpguerssen-test.odoo.rgbconsulting.com\/wp-content\/uploads\/2022\/03\/36042.jpg","type":"image\/jpeg"}],"twitter_card":"summary_large_image","twitter_title":"AFROINS, Los - Goza La Salsa -  (LP) | Guerssen","twitter_misc":{"Tiempo de lectura":"1 minuto"},"schema":{"@context":"https:\/\/schema.org","@graph":[{"@type":"WebPage","@id":"https:\/\/wpguerssen-test.odoo.rgbconsulting.com\/es\/producto\/goza-la-salsa\/","url":"https:\/\/wpguerssen-test.odoo.rgbconsulting.com\/es\/producto\/goza-la-salsa\/","name":"AFROINS, Los - Goza La Salsa - (LP) | Guerssen","isPartOf":{"@id":"https:\/\/wpguerssen-test.odoo.rgbconsulting.com\/es\/#website"},"primaryImageOfPage":{"@id":"https:\/\/wpguerssen-test.odoo.rgbconsulting.com\/es\/producto\/goza-la-salsa\/#primaryimage"},"image":{"@id":"https:\/\/wpguerssen-test.odoo.rgbconsulting.com\/es\/producto\/goza-la-salsa\/#primaryimage"},"thumbnailUrl":"https:\/\/wpguerssen-test.odoo.rgbconsulting.com\/wp-content\/uploads\/2022\/03\/36042.jpg","datePublished":"2022-03-09T23:00:00+00:00","dateModified":"2025-01-30T15:45:38+00:00","description":"Los Afroins was the flagship salsa band of the obscure but beloved INS label from Colombia. Their 1975 LP \"Goza La Salsa\" is just as hard to find as their first record, and contains 10 bright and sassy salsa dura treasures that light up the dance floor with their incessant rhythms, syncopated trumpets and trombone and buoyant melodies. There are smoking covers of hits by Panama's Bush y sus Magn\u00edficos ('Salsa Al Pindin') and Bronx timbalero Orlando Mar\u00edn and His Orchestra ('Est\u00e1 De Bala') as well as updated renditions of old Cuban chestnuts 'La Masacre' (written by Jose\u00edto Fern\u00e1ndez of 'Guantanamera' fame) and 'Matusa' (originally titled 'Macusa', composed by Francisco Repilado aka Compay Segundo). The entire record makes for a very tasty and satisfying party platter filled with guaguanc\u00f3, mozambique, pachanga, descarga and bolero that deserves to be more accessible and better known by today's fans of Colombian salsa who may have heard of The Latin Brothers or Sonora Carruseles, but have yet to discover the short\/lived but highly sought after Los Afroins. \"Goza La Salsa\" is presented here in facsimile artwork and pressed on 180 gram vinyl. #nl# TRACKLIST Side 1 1. LA MASACRE (Jose\u00edto Fern\u00e1ndez) 2. SALSA AL PINDIN (Francisco Buckley \"Bush\") 3. EL BOMBON (Benjam\u00edn, Roy) 4. PUERTO RICO POWER (Luis E Mosquera) 5. UNA MA:ANA (Oscar Ochoa) Side 2 1. MATUSA (Francisco Repilado) 2. ESTA DE BALA (Orlando Marin) 3. EL BOGA (Oscar Ochoa) 4. NO SUFRAS MAS (Luis E Mosquera) 5. ALEJADA (Dar\u00edo, Roy)","breadcrumb":{"@id":"https:\/\/wpguerssen-test.odoo.rgbconsulting.com\/es\/producto\/goza-la-salsa\/#breadcrumb"},"inLanguage":"es","potentialAction":[{"@type":"ReadAction","target":["https:\/\/wpguerssen-test.odoo.rgbconsulting.com\/es\/producto\/goza-la-salsa\/"]}]},{"@type":"ImageObject","inLanguage":"es","@id":"https:\/\/wpguerssen-test.odoo.rgbconsulting.com\/es\/producto\/goza-la-salsa\/#primaryimage","url":"https:\/\/wpguerssen-test.odoo.rgbconsulting.com\/wp-content\/uploads\/2022\/03\/36042.jpg","contentUrl":"https:\/\/wpguerssen-test.odoo.rgbconsulting.com\/wp-content\/uploads\/2022\/03\/36042.jpg","width":382,"height":382,"caption":"Los - Goza La Salsa - VAMPI SOUL (LP) | Guerssen"},{"@type":"BreadcrumbList","@id":"https:\/\/wpguerssen-test.odoo.rgbconsulting.com\/es\/producto\/goza-la-salsa\/#breadcrumb","itemListElement":[{"@type":"ListItem","position":1,"name":"Inicio","item":"https:\/\/wpguerssen-test.odoo.rgbconsulting.com\/es\/"},{"@type":"ListItem","position":2,"name":"Shop","item":"https:\/\/wpguerssen-test.odoo.rgbconsulting.com\/shop\/"},{"@type":"ListItem","position":3,"name":"Goza La Salsa"}]},{"@type":"WebSite","@id":"https:\/\/wpguerssen-test.odoo.rgbconsulting.com\/es\/#website","url":"https:\/\/wpguerssen-test.odoo.rgbconsulting.com\/es\/","name":"Guerssen records","description":"psychedelia - progressive - folk - garage ","publisher":{"@id":"https:\/\/wpguerssen-test.odoo.rgbconsulting.com\/es\/#organization"},"potentialAction":[{"@type":"SearchAction","target":{"@type":"EntryPoint","urlTemplate":"https:\/\/wpguerssen-test.odoo.rgbconsulting.com\/es\/?s={search_term_string}"},"query-input":{"@type":"PropertyValueSpecification","valueRequired":true,"valueName":"search_term_string"}}],"inLanguage":"es"},{"@type":"Organization","@id":"https:\/\/wpguerssen-test.odoo.rgbconsulting.com\/es\/#organization","name":"Guerssen records","url":"https:\/\/wpguerssen-test.odoo.rgbconsulting.com\/es\/","logo":{"@type":"ImageObject","inLanguage":"es","@id":"https:\/\/wpguerssen-test.odoo.rgbconsulting.com\/es\/#\/schema\/logo\/image\/","url":"https:\/\/wpguerssen-test.odoo.rgbconsulting.com\/wp-content\/uploads\/2022\/04\/Logo_Guerssen_trans_100.png","contentUrl":"https:\/\/wpguerssen-test.odoo.rgbconsulting.com\/wp-content\/uploads\/2022\/04\/Logo_Guerssen_trans_100.png","width":122,"height":100,"caption":"Guerssen records"},"image":{"@id":"https:\/\/wpguerssen-test.odoo.rgbconsulting.com\/es\/#\/schema\/logo\/image\/"}}]}},"_links":{"self":[{"href":"https:\/\/wpguerssen-test.odoo.rgbconsulting.com\/es\/wp-json\/wp\/v2\/product\/207144","targetHints":{"allow":["GET"]}}],"collection":[{"href":"https:\/\/wpguerssen-test.odoo.rgbconsulting.com\/es\/wp-json\/wp\/v2\/product"}],"about":[{"href":"https:\/\/wpguerssen-test.odoo.rgbconsulting.com\/es\/wp-json\/wp\/v2\/types\/product"}],"wp:featuredmedia":[{"embeddable":true,"href":"https:\/\/wpguerssen-test.odoo.rgbconsulting.com\/es\/wp-json\/wp\/v2\/media\/157710"}],"wp:attachment":[{"href":"https:\/\/wpguerssen-test.odoo.rgbconsulting.com\/es\/wp-json\/wp\/v2\/media?parent=207144"}],"wp:term":[{"taxonomy":"product_brand","embeddable":true,"href":"https:\/\/wpguerssen-test.odoo.rgbconsulting.com\/es\/wp-json\/wp\/v2\/product_brand?post=207144"},{"taxonomy":"product_cat","embeddable":true,"href":"https:\/\/wpguerssen-test.odoo.rgbconsulting.com\/es\/wp-json\/wp\/v2\/product_cat?post=207144"},{"taxonomy":"product_tag","embeddable":true,"href":"https:\/\/wpguerssen-test.odoo.rgbconsulting.com\/es\/wp-json\/wp\/v2\/product_tag?post=207144"}],"curies":[{"name":"wp","href":"https:\/\/api.w.org\/{rel}","templated":true}]}}