{"id":207278,"date":"2020-08-26T00:00:00","date_gmt":"2020-08-25T22:00:00","guid":{"rendered":"http:\/\/guerssen.hl1097.dinaserver.com\/product\/lovehappy\/"},"modified":"2025-01-29T17:17:02","modified_gmt":"2025-01-29T16:17:02","slug":"lovehappy","status":"publish","type":"product","link":"https:\/\/wpguerssen-test.odoo.rgbconsulting.com\/es\/producto\/lovehappy\/","title":{"rendered":"Lovehappy"},"content":{"rendered":"<p>Provenientes de la peque\u00f1a y conservadora ciudad comercial de Huntingdon en Cambridgeshire, The Charlottes surgieron de las cenizas de una banda de corta duraci\u00f3n llamada The Giant Polar Bears; antes de eso, el bajista David Fletcher hab\u00eda estado en Red Over White, el guitarrista Graham Gargiulo hab\u00eda tocado en Mithrandir mientras que el baterista Simon Scott eventualmente terminar\u00eda en Slowdive. El primer vocalista John Lindsell fue reemplazado por Petra Roddis. Su sencillo debut, \u00abAre You Happy Now\u00bb, publicado en el independiente local de corta duraci\u00f3n, Moleworth Records, estaba en modo power-pop mel\u00f3dico. El \u00e1lbum debut Lovehappy fue grabado en Bristol y lanzado por Subway Organisation de Martin Whitehead en agosto de 1989, con excelentes cr\u00edticas.<\/p>\n","protected":false},"excerpt":{"rendered":"<p>Provenientes de la peque\u00f1a y conservadora ciudad comercial de Huntingdon en Cambridgeshire, The Charlottes surgieron de las cenizas de una banda de corta duraci\u00f3n<a class=\"read\" href=\"https:\/\/wpguerssen-test.odoo.rgbconsulting.com\/es\/producto\/lovehappy\/\"> (...)<\/a>","protected":false},"featured_media":126191,"template":"","meta":{"_acf_changed":false},"product_brand":[],"product_cat":[23234],"product_tag":[],"class_list":{"0":"post-207278","1":"product","2":"type-product","3":"status-publish","4":"has-post-thumbnail","6":"product_cat-pop-rock-es","7":"pa_artist-charlottes-the","8":"pa_format-lp-es","9":"pa_gender-pop-rock","10":"pa_label-radiation","11":"pa_location-uk-ireland-es","12":"pa_other-filters-vinyl-only-es","14":"first","15":"instock","16":"taxable","17":"shipping-taxable","18":"purchasable","19":"product-type-simple"},"acf":[],"yoast_head":"<!-- This site is optimized with the Yoast SEO plugin v24.9 - https:\/\/yoast.com\/wordpress\/plugins\/seo\/ -->\n<title>CHARLOTTES, The - Lovehappy -  (LP) | Guerssen<\/title>\n<meta name=\"description\" content=\"Hailing from the small, conservative market town of Huntingdon in Cambridgeshire, The Charlottes rose from the ashes of a short-lived band called The Giant Polar Bears; before that, bassist David Fletcher had been in Red Over White, guitarist Graham Gargiulo had played in Mithrandir while drummer Simon Scott would eventually end up in Slowdive; early vocalist John Lindsell was replaced by Petra Roddis. Their debut single, &quot;Are You Happy Now,&quot; issued on the short-lived local independent, Moleworth Records, was in melodic power-pop mode; debut album Lovehappy was recorded in Bristol and released by Martin Whitehead&#039;s Subway Organization in August 1989, to rave reviews. Championed by John Peel, it showcased their evolving &quot;Wall of Guitar&quot; sound, moving away from the tamer pop beginnings. Follow-up EP &quot;Love In The Emptinesss&quot; showed continued growth, the song constructions becoming more complex and layered, and when the group signed to Cherry Red in 1990, the single &quot;Liar&quot; began making waves in America, though the group somehow split right at this high-water mark; thankfully, the EP and single are both included on our expanded Lovehappy reissue.\" \/>\n<meta name=\"robots\" content=\"index, follow, max-snippet:-1, max-image-preview:large, max-video-preview:-1\" \/>\n<link rel=\"canonical\" href=\"https:\/\/wpguerssen-test.odoo.rgbconsulting.com\/es\/producto\/lovehappy\/\" \/>\n<meta property=\"og:locale\" content=\"es_ES\" \/>\n<meta property=\"og:type\" content=\"article\" \/>\n<meta property=\"og:title\" content=\"CHARLOTTES, The - Lovehappy -  (LP) | Guerssen\" \/>\n<meta property=\"og:description\" content=\"Hailing from the small, conservative market town of Huntingdon in Cambridgeshire, The Charlottes rose from the ashes of a short-lived band called The Giant Polar Bears; before that, bassist David Fletcher had been in Red Over White, guitarist Graham Gargiulo had played in Mithrandir while drummer Simon Scott would eventually end up in Slowdive; early vocalist John Lindsell was replaced by Petra Roddis. Their debut single, &quot;Are You Happy Now,&quot; issued on the short-lived local independent, Moleworth Records, was in melodic power-pop mode; debut album Lovehappy was recorded in Bristol and released by Martin Whitehead&#039;s Subway Organization in August 1989, to rave reviews. Championed by John Peel, it showcased their evolving &quot;Wall of Guitar&quot; sound, moving away from the tamer pop beginnings. Follow-up EP &quot;Love In The Emptinesss&quot; showed continued growth, the song constructions becoming more complex and layered, and when the group signed to Cherry Red in 1990, the single &quot;Liar&quot; began making waves in America, though the group somehow split right at this high-water mark; thankfully, the EP and single are both included on our expanded Lovehappy reissue.\" \/>\n<meta property=\"og:url\" content=\"https:\/\/wpguerssen-test.odoo.rgbconsulting.com\/es\/producto\/lovehappy\/\" \/>\n<meta property=\"og:site_name\" content=\"Guerssen records\" \/>\n<meta property=\"article:modified_time\" content=\"2025-01-29T16:17:02+00:00\" \/>\n<meta property=\"og:image\" content=\"https:\/\/wpguerssen-test.odoo.rgbconsulting.com\/wp-content\/uploads\/2022\/03\/36397.jpg\" \/>\n\t<meta property=\"og:image:width\" content=\"304\" \/>\n\t<meta property=\"og:image:height\" content=\"304\" \/>\n\t<meta property=\"og:image:type\" content=\"image\/jpeg\" \/>\n<meta name=\"twitter:card\" content=\"summary_large_image\" \/>\n<meta name=\"twitter:title\" content=\"CHARLOTTES, The - Lovehappy -  (LP) | Guerssen\" \/>\n<meta name=\"twitter:label1\" content=\"Tiempo de lectura\" \/>\n\t<meta name=\"twitter:data1\" content=\"1 minuto\" \/>\n<script type=\"application\/ld+json\" class=\"yoast-schema-graph\">{\"@context\":\"https:\/\/schema.org\",\"@graph\":[{\"@type\":\"WebPage\",\"@id\":\"https:\/\/wpguerssen-test.odoo.rgbconsulting.com\/es\/producto\/lovehappy\/\",\"url\":\"https:\/\/wpguerssen-test.odoo.rgbconsulting.com\/es\/producto\/lovehappy\/\",\"name\":\"CHARLOTTES, The - Lovehappy - (LP) | Guerssen\",\"isPartOf\":{\"@id\":\"https:\/\/wpguerssen-test.odoo.rgbconsulting.com\/es\/#website\"},\"primaryImageOfPage\":{\"@id\":\"https:\/\/wpguerssen-test.odoo.rgbconsulting.com\/es\/producto\/lovehappy\/#primaryimage\"},\"image\":{\"@id\":\"https:\/\/wpguerssen-test.odoo.rgbconsulting.com\/es\/producto\/lovehappy\/#primaryimage\"},\"thumbnailUrl\":\"https:\/\/wpguerssen-test.odoo.rgbconsulting.com\/wp-content\/uploads\/2022\/03\/36397.jpg\",\"datePublished\":\"2020-08-25T22:00:00+00:00\",\"dateModified\":\"2025-01-29T16:17:02+00:00\",\"description\":\"Hailing from the small, conservative market town of Huntingdon in Cambridgeshire, The Charlottes rose from the ashes of a short-lived band called The Giant Polar Bears; before that, bassist David Fletcher had been in Red Over White, guitarist Graham Gargiulo had played in Mithrandir while drummer Simon Scott would eventually end up in Slowdive; early vocalist John Lindsell was replaced by Petra Roddis. Their debut single, \\\"Are You Happy Now,\\\" issued on the short-lived local independent, Moleworth Records, was in melodic power-pop mode; debut album Lovehappy was recorded in Bristol and released by Martin Whitehead's Subway Organization in August 1989, to rave reviews. Championed by John Peel, it showcased their evolving \\\"Wall of Guitar\\\" sound, moving away from the tamer pop beginnings. Follow-up EP \\\"Love In The Emptinesss\\\" showed continued growth, the song constructions becoming more complex and layered, and when the group signed to Cherry Red in 1990, the single \\\"Liar\\\" began making waves in America, though the group somehow split right at this high-water mark; thankfully, the EP and single are both included on our expanded Lovehappy reissue.\",\"breadcrumb\":{\"@id\":\"https:\/\/wpguerssen-test.odoo.rgbconsulting.com\/es\/producto\/lovehappy\/#breadcrumb\"},\"inLanguage\":\"es\",\"potentialAction\":[{\"@type\":\"ReadAction\",\"target\":[\"https:\/\/wpguerssen-test.odoo.rgbconsulting.com\/es\/producto\/lovehappy\/\"]}]},{\"@type\":\"ImageObject\",\"inLanguage\":\"es\",\"@id\":\"https:\/\/wpguerssen-test.odoo.rgbconsulting.com\/es\/producto\/lovehappy\/#primaryimage\",\"url\":\"https:\/\/wpguerssen-test.odoo.rgbconsulting.com\/wp-content\/uploads\/2022\/03\/36397.jpg\",\"contentUrl\":\"https:\/\/wpguerssen-test.odoo.rgbconsulting.com\/wp-content\/uploads\/2022\/03\/36397.jpg\",\"width\":304,\"height\":304,\"caption\":\"The - Lovehappy - RADIATION (LP) | Guerssen\"},{\"@type\":\"BreadcrumbList\",\"@id\":\"https:\/\/wpguerssen-test.odoo.rgbconsulting.com\/es\/producto\/lovehappy\/#breadcrumb\",\"itemListElement\":[{\"@type\":\"ListItem\",\"position\":1,\"name\":\"Inicio\",\"item\":\"https:\/\/wpguerssen-test.odoo.rgbconsulting.com\/es\/\"},{\"@type\":\"ListItem\",\"position\":2,\"name\":\"Shop\",\"item\":\"https:\/\/wpguerssen-test.odoo.rgbconsulting.com\/shop\/\"},{\"@type\":\"ListItem\",\"position\":3,\"name\":\"Lovehappy\"}]},{\"@type\":\"WebSite\",\"@id\":\"https:\/\/wpguerssen-test.odoo.rgbconsulting.com\/es\/#website\",\"url\":\"https:\/\/wpguerssen-test.odoo.rgbconsulting.com\/es\/\",\"name\":\"Guerssen records\",\"description\":\"psychedelia - progressive - folk - garage \",\"publisher\":{\"@id\":\"https:\/\/wpguerssen-test.odoo.rgbconsulting.com\/es\/#organization\"},\"potentialAction\":[{\"@type\":\"SearchAction\",\"target\":{\"@type\":\"EntryPoint\",\"urlTemplate\":\"https:\/\/wpguerssen-test.odoo.rgbconsulting.com\/es\/?s={search_term_string}\"},\"query-input\":{\"@type\":\"PropertyValueSpecification\",\"valueRequired\":true,\"valueName\":\"search_term_string\"}}],\"inLanguage\":\"es\"},{\"@type\":\"Organization\",\"@id\":\"https:\/\/wpguerssen-test.odoo.rgbconsulting.com\/es\/#organization\",\"name\":\"Guerssen records\",\"url\":\"https:\/\/wpguerssen-test.odoo.rgbconsulting.com\/es\/\",\"logo\":{\"@type\":\"ImageObject\",\"inLanguage\":\"es\",\"@id\":\"https:\/\/wpguerssen-test.odoo.rgbconsulting.com\/es\/#\/schema\/logo\/image\/\",\"url\":\"https:\/\/wpguerssen-test.odoo.rgbconsulting.com\/wp-content\/uploads\/2022\/04\/Logo_Guerssen_trans_100.png\",\"contentUrl\":\"https:\/\/wpguerssen-test.odoo.rgbconsulting.com\/wp-content\/uploads\/2022\/04\/Logo_Guerssen_trans_100.png\",\"width\":122,\"height\":100,\"caption\":\"Guerssen records\"},\"image\":{\"@id\":\"https:\/\/wpguerssen-test.odoo.rgbconsulting.com\/es\/#\/schema\/logo\/image\/\"}}]}<\/script>\n<!-- \/ Yoast SEO plugin. -->","yoast_head_json":{"title":"CHARLOTTES, The - Lovehappy -  (LP) | Guerssen","description":"Hailing from the small, conservative market town of Huntingdon in Cambridgeshire, The Charlottes rose from the ashes of a short-lived band called The Giant Polar Bears; before that, bassist David Fletcher had been in Red Over White, guitarist Graham Gargiulo had played in Mithrandir while drummer Simon Scott would eventually end up in Slowdive; early vocalist John Lindsell was replaced by Petra Roddis. Their debut single, \"Are You Happy Now,\" issued on the short-lived local independent, Moleworth Records, was in melodic power-pop mode; debut album Lovehappy was recorded in Bristol and released by Martin Whitehead's Subway Organization in August 1989, to rave reviews. Championed by John Peel, it showcased their evolving \"Wall of Guitar\" sound, moving away from the tamer pop beginnings. Follow-up EP \"Love In The Emptinesss\" showed continued growth, the song constructions becoming more complex and layered, and when the group signed to Cherry Red in 1990, the single \"Liar\" began making waves in America, though the group somehow split right at this high-water mark; thankfully, the EP and single are both included on our expanded Lovehappy reissue.","robots":{"index":"index","follow":"follow","max-snippet":"max-snippet:-1","max-image-preview":"max-image-preview:large","max-video-preview":"max-video-preview:-1"},"canonical":"https:\/\/wpguerssen-test.odoo.rgbconsulting.com\/es\/producto\/lovehappy\/","og_locale":"es_ES","og_type":"article","og_title":"CHARLOTTES, The - Lovehappy -  (LP) | Guerssen","og_description":"Hailing from the small, conservative market town of Huntingdon in Cambridgeshire, The Charlottes rose from the ashes of a short-lived band called The Giant Polar Bears; before that, bassist David Fletcher had been in Red Over White, guitarist Graham Gargiulo had played in Mithrandir while drummer Simon Scott would eventually end up in Slowdive; early vocalist John Lindsell was replaced by Petra Roddis. Their debut single, \"Are You Happy Now,\" issued on the short-lived local independent, Moleworth Records, was in melodic power-pop mode; debut album Lovehappy was recorded in Bristol and released by Martin Whitehead's Subway Organization in August 1989, to rave reviews. Championed by John Peel, it showcased their evolving \"Wall of Guitar\" sound, moving away from the tamer pop beginnings. Follow-up EP \"Love In The Emptinesss\" showed continued growth, the song constructions becoming more complex and layered, and when the group signed to Cherry Red in 1990, the single \"Liar\" began making waves in America, though the group somehow split right at this high-water mark; thankfully, the EP and single are both included on our expanded Lovehappy reissue.","og_url":"https:\/\/wpguerssen-test.odoo.rgbconsulting.com\/es\/producto\/lovehappy\/","og_site_name":"Guerssen records","article_modified_time":"2025-01-29T16:17:02+00:00","og_image":[{"width":304,"height":304,"url":"https:\/\/wpguerssen-test.odoo.rgbconsulting.com\/wp-content\/uploads\/2022\/03\/36397.jpg","type":"image\/jpeg"}],"twitter_card":"summary_large_image","twitter_title":"CHARLOTTES, The - Lovehappy -  (LP) | Guerssen","twitter_misc":{"Tiempo de lectura":"1 minuto"},"schema":{"@context":"https:\/\/schema.org","@graph":[{"@type":"WebPage","@id":"https:\/\/wpguerssen-test.odoo.rgbconsulting.com\/es\/producto\/lovehappy\/","url":"https:\/\/wpguerssen-test.odoo.rgbconsulting.com\/es\/producto\/lovehappy\/","name":"CHARLOTTES, The - Lovehappy - (LP) | Guerssen","isPartOf":{"@id":"https:\/\/wpguerssen-test.odoo.rgbconsulting.com\/es\/#website"},"primaryImageOfPage":{"@id":"https:\/\/wpguerssen-test.odoo.rgbconsulting.com\/es\/producto\/lovehappy\/#primaryimage"},"image":{"@id":"https:\/\/wpguerssen-test.odoo.rgbconsulting.com\/es\/producto\/lovehappy\/#primaryimage"},"thumbnailUrl":"https:\/\/wpguerssen-test.odoo.rgbconsulting.com\/wp-content\/uploads\/2022\/03\/36397.jpg","datePublished":"2020-08-25T22:00:00+00:00","dateModified":"2025-01-29T16:17:02+00:00","description":"Hailing from the small, conservative market town of Huntingdon in Cambridgeshire, The Charlottes rose from the ashes of a short-lived band called The Giant Polar Bears; before that, bassist David Fletcher had been in Red Over White, guitarist Graham Gargiulo had played in Mithrandir while drummer Simon Scott would eventually end up in Slowdive; early vocalist John Lindsell was replaced by Petra Roddis. Their debut single, \"Are You Happy Now,\" issued on the short-lived local independent, Moleworth Records, was in melodic power-pop mode; debut album Lovehappy was recorded in Bristol and released by Martin Whitehead's Subway Organization in August 1989, to rave reviews. Championed by John Peel, it showcased their evolving \"Wall of Guitar\" sound, moving away from the tamer pop beginnings. Follow-up EP \"Love In The Emptinesss\" showed continued growth, the song constructions becoming more complex and layered, and when the group signed to Cherry Red in 1990, the single \"Liar\" began making waves in America, though the group somehow split right at this high-water mark; thankfully, the EP and single are both included on our expanded Lovehappy reissue.","breadcrumb":{"@id":"https:\/\/wpguerssen-test.odoo.rgbconsulting.com\/es\/producto\/lovehappy\/#breadcrumb"},"inLanguage":"es","potentialAction":[{"@type":"ReadAction","target":["https:\/\/wpguerssen-test.odoo.rgbconsulting.com\/es\/producto\/lovehappy\/"]}]},{"@type":"ImageObject","inLanguage":"es","@id":"https:\/\/wpguerssen-test.odoo.rgbconsulting.com\/es\/producto\/lovehappy\/#primaryimage","url":"https:\/\/wpguerssen-test.odoo.rgbconsulting.com\/wp-content\/uploads\/2022\/03\/36397.jpg","contentUrl":"https:\/\/wpguerssen-test.odoo.rgbconsulting.com\/wp-content\/uploads\/2022\/03\/36397.jpg","width":304,"height":304,"caption":"The - Lovehappy - RADIATION (LP) | Guerssen"},{"@type":"BreadcrumbList","@id":"https:\/\/wpguerssen-test.odoo.rgbconsulting.com\/es\/producto\/lovehappy\/#breadcrumb","itemListElement":[{"@type":"ListItem","position":1,"name":"Inicio","item":"https:\/\/wpguerssen-test.odoo.rgbconsulting.com\/es\/"},{"@type":"ListItem","position":2,"name":"Shop","item":"https:\/\/wpguerssen-test.odoo.rgbconsulting.com\/shop\/"},{"@type":"ListItem","position":3,"name":"Lovehappy"}]},{"@type":"WebSite","@id":"https:\/\/wpguerssen-test.odoo.rgbconsulting.com\/es\/#website","url":"https:\/\/wpguerssen-test.odoo.rgbconsulting.com\/es\/","name":"Guerssen records","description":"psychedelia - progressive - folk - garage ","publisher":{"@id":"https:\/\/wpguerssen-test.odoo.rgbconsulting.com\/es\/#organization"},"potentialAction":[{"@type":"SearchAction","target":{"@type":"EntryPoint","urlTemplate":"https:\/\/wpguerssen-test.odoo.rgbconsulting.com\/es\/?s={search_term_string}"},"query-input":{"@type":"PropertyValueSpecification","valueRequired":true,"valueName":"search_term_string"}}],"inLanguage":"es"},{"@type":"Organization","@id":"https:\/\/wpguerssen-test.odoo.rgbconsulting.com\/es\/#organization","name":"Guerssen records","url":"https:\/\/wpguerssen-test.odoo.rgbconsulting.com\/es\/","logo":{"@type":"ImageObject","inLanguage":"es","@id":"https:\/\/wpguerssen-test.odoo.rgbconsulting.com\/es\/#\/schema\/logo\/image\/","url":"https:\/\/wpguerssen-test.odoo.rgbconsulting.com\/wp-content\/uploads\/2022\/04\/Logo_Guerssen_trans_100.png","contentUrl":"https:\/\/wpguerssen-test.odoo.rgbconsulting.com\/wp-content\/uploads\/2022\/04\/Logo_Guerssen_trans_100.png","width":122,"height":100,"caption":"Guerssen records"},"image":{"@id":"https:\/\/wpguerssen-test.odoo.rgbconsulting.com\/es\/#\/schema\/logo\/image\/"}}]}},"_links":{"self":[{"href":"https:\/\/wpguerssen-test.odoo.rgbconsulting.com\/es\/wp-json\/wp\/v2\/product\/207278","targetHints":{"allow":["GET"]}}],"collection":[{"href":"https:\/\/wpguerssen-test.odoo.rgbconsulting.com\/es\/wp-json\/wp\/v2\/product"}],"about":[{"href":"https:\/\/wpguerssen-test.odoo.rgbconsulting.com\/es\/wp-json\/wp\/v2\/types\/product"}],"wp:featuredmedia":[{"embeddable":true,"href":"https:\/\/wpguerssen-test.odoo.rgbconsulting.com\/es\/wp-json\/wp\/v2\/media\/126191"}],"wp:attachment":[{"href":"https:\/\/wpguerssen-test.odoo.rgbconsulting.com\/es\/wp-json\/wp\/v2\/media?parent=207278"}],"wp:term":[{"taxonomy":"product_brand","embeddable":true,"href":"https:\/\/wpguerssen-test.odoo.rgbconsulting.com\/es\/wp-json\/wp\/v2\/product_brand?post=207278"},{"taxonomy":"product_cat","embeddable":true,"href":"https:\/\/wpguerssen-test.odoo.rgbconsulting.com\/es\/wp-json\/wp\/v2\/product_cat?post=207278"},{"taxonomy":"product_tag","embeddable":true,"href":"https:\/\/wpguerssen-test.odoo.rgbconsulting.com\/es\/wp-json\/wp\/v2\/product_tag?post=207278"}],"curies":[{"name":"wp","href":"https:\/\/api.w.org\/{rel}","templated":true}]}}