{"id":207335,"date":"2020-04-28T00:00:00","date_gmt":"2020-04-27T22:00:00","guid":{"rendered":"http:\/\/guerssen.hl1097.dinaserver.com\/product\/caballo-psicodelico-so-so-caballo-7\/"},"modified":"2024-02-20T10:20:30","modified_gmt":"2024-02-20T09:20:30","slug":"caballo-psicodelico-so-so-caballo-7","status":"publish","type":"product","link":"https:\/\/wpguerssen-test.odoo.rgbconsulting.com\/es\/producto\/caballo-psicodelico-so-so-caballo-7\/","title":{"rendered":"Caballo Psicod\u00e9lico \/ So So Caballo (7&#8243;)"},"content":{"rendered":"<p>Leo Soto fue un m\u00fasico cubano que desarroll\u00f3 su carrera musical en M\u00e9jico. A finales de los 60, grab\u00f3 en Texas un salvaje tema que mezclaba R&#038;B con sonidos latinos llamado \u00abCaballo Psicod\u00e9lico\u00bb. <\/p>\n<p> P\u00e9p\u00e9 Luiz es el seud\u00f3nimo del gran compositor Louis Delacour, que en 1960 grab\u00f3 \u00abSo So Caballo\u00bb, un hit de popcorn con aires latinos. 450 copias.<\/p>\n","protected":false},"excerpt":{"rendered":"<p>Leo Soto fue un m\u00fasico cubano que desarroll\u00f3 su carrera musical en M\u00e9jico. A finales de los 60, grab\u00f3 en Texas un salvaje tema que mezclaba R&#038;B con sonidos<a class=\"read\" href=\"https:\/\/wpguerssen-test.odoo.rgbconsulting.com\/es\/producto\/caballo-psicodelico-so-so-caballo-7\/\"> (...)<\/a>","protected":false},"featured_media":126312,"template":"","meta":{"_acf_changed":false},"product_brand":[],"product_cat":[21639,23219],"product_tag":[],"class_list":{"0":"post-207335","1":"product","2":"type-product","3":"status-publish","4":"has-post-thumbnail","6":"product_cat-psychedelic60s-70s-es","7":"product_cat-funk-es","8":"pa_artist-soto-leo-luiz-et-ses-cubains-pepe-es","9":"pa_format-7-es","10":"pa_gender-psychedelic60s-70s-funk","11":"pa_label-cuero","12":"pa_location-south-america-caribbean-es","13":"pa_other-filters-vinyl-only-es","15":"first","16":"instock","17":"taxable","18":"shipping-taxable","19":"purchasable","20":"product-type-simple"},"acf":[],"yoast_head":"<!-- This site is optimized with the Yoast SEO plugin v24.9 - https:\/\/yoast.com\/wordpress\/plugins\/seo\/ -->\n<title>SOTO, Leo \/ LUIZ ET SES CUBAINS, Pepe - Caballo Psicod\u00e9lico \/ So So Caballo (7&quot;) -  (7&quot;) | Guerssen<\/title>\n<meta name=\"description\" content=\"Leo Soto was a cuban guy that built a musician career and a family in Mexico, in the late 60&#039;s he recorded in the studios of Falcon Records (Texas, USA) a great mix of wild R&amp;B with latin flavours called Caballo Psic\u00f3delico, just a bomb for any dancefloor, it fits with any kind of rhythms that you can imagine in a 60&#039;s party.P\u00e9p\u00e9 Luiz is the pseudonym of the great french musician,composer and label owner Louis Delacour that in 1960 recorded this greeeat popcorn latin dancefloor packer that will do move every hip!Stunning handmade screen printed sleeve. Limited 450 copies edition.\" \/>\n<meta name=\"robots\" content=\"index, follow, max-snippet:-1, max-image-preview:large, max-video-preview:-1\" \/>\n<link rel=\"canonical\" href=\"https:\/\/wpguerssen-test.odoo.rgbconsulting.com\/es\/producto\/caballo-psicodelico-so-so-caballo-7\/\" \/>\n<meta property=\"og:locale\" content=\"es_ES\" \/>\n<meta property=\"og:type\" content=\"article\" \/>\n<meta property=\"og:title\" content=\"SOTO, Leo \/ LUIZ ET SES CUBAINS, Pepe - Caballo Psicod\u00e9lico \/ So So Caballo (7&quot;) -  (7&quot;) | Guerssen\" \/>\n<meta property=\"og:description\" content=\"Leo Soto was a cuban guy that built a musician career and a family in Mexico, in the late 60&#039;s he recorded in the studios of Falcon Records (Texas, USA) a great mix of wild R&amp;B with latin flavours called Caballo Psic\u00f3delico, just a bomb for any dancefloor, it fits with any kind of rhythms that you can imagine in a 60&#039;s party.P\u00e9p\u00e9 Luiz is the pseudonym of the great french musician,composer and label owner Louis Delacour that in 1960 recorded this greeeat popcorn latin dancefloor packer that will do move every hip!Stunning handmade screen printed sleeve. Limited 450 copies edition.\" \/>\n<meta property=\"og:url\" content=\"https:\/\/wpguerssen-test.odoo.rgbconsulting.com\/es\/producto\/caballo-psicodelico-so-so-caballo-7\/\" \/>\n<meta property=\"og:site_name\" content=\"Guerssen records\" \/>\n<meta property=\"article:modified_time\" content=\"2024-02-20T09:20:30+00:00\" \/>\n<meta property=\"og:image\" content=\"https:\/\/wpguerssen-test.odoo.rgbconsulting.com\/wp-content\/uploads\/2022\/03\/36491.jpg\" \/>\n\t<meta property=\"og:image:width\" content=\"189\" \/>\n\t<meta property=\"og:image:height\" content=\"189\" \/>\n\t<meta property=\"og:image:type\" content=\"image\/jpeg\" \/>\n<meta name=\"twitter:card\" content=\"summary_large_image\" \/>\n<meta name=\"twitter:title\" content=\"SOTO, Leo \/ LUIZ ET SES CUBAINS, Pepe - Caballo Psicod\u00e9lico \/ So So Caballo (7&quot;) -  (7&quot;) | Guerssen\" \/>\n<script type=\"application\/ld+json\" class=\"yoast-schema-graph\">{\"@context\":\"https:\/\/schema.org\",\"@graph\":[{\"@type\":\"WebPage\",\"@id\":\"https:\/\/wpguerssen-test.odoo.rgbconsulting.com\/es\/producto\/caballo-psicodelico-so-so-caballo-7\/\",\"url\":\"https:\/\/wpguerssen-test.odoo.rgbconsulting.com\/es\/producto\/caballo-psicodelico-so-so-caballo-7\/\",\"name\":\"SOTO, Leo \/ LUIZ ET SES CUBAINS, Pepe - Caballo Psicod\u00e9lico \/ So So Caballo (7\\\") - (7\\\") | Guerssen\",\"isPartOf\":{\"@id\":\"https:\/\/wpguerssen-test.odoo.rgbconsulting.com\/es\/#website\"},\"primaryImageOfPage\":{\"@id\":\"https:\/\/wpguerssen-test.odoo.rgbconsulting.com\/es\/producto\/caballo-psicodelico-so-so-caballo-7\/#primaryimage\"},\"image\":{\"@id\":\"https:\/\/wpguerssen-test.odoo.rgbconsulting.com\/es\/producto\/caballo-psicodelico-so-so-caballo-7\/#primaryimage\"},\"thumbnailUrl\":\"https:\/\/wpguerssen-test.odoo.rgbconsulting.com\/wp-content\/uploads\/2022\/03\/36491.jpg\",\"datePublished\":\"2020-04-27T22:00:00+00:00\",\"dateModified\":\"2024-02-20T09:20:30+00:00\",\"description\":\"Leo Soto was a cuban guy that built a musician career and a family in Mexico, in the late 60's he recorded in the studios of Falcon Records (Texas, USA) a great mix of wild R&B with latin flavours called Caballo Psic\u00f3delico, just a bomb for any dancefloor, it fits with any kind of rhythms that you can imagine in a 60's party.P\u00e9p\u00e9 Luiz is the pseudonym of the great french musician,composer and label owner Louis Delacour that in 1960 recorded this greeeat popcorn latin dancefloor packer that will do move every hip!Stunning handmade screen printed sleeve. Limited 450 copies edition.\",\"breadcrumb\":{\"@id\":\"https:\/\/wpguerssen-test.odoo.rgbconsulting.com\/es\/producto\/caballo-psicodelico-so-so-caballo-7\/#breadcrumb\"},\"inLanguage\":\"es\",\"potentialAction\":[{\"@type\":\"ReadAction\",\"target\":[\"https:\/\/wpguerssen-test.odoo.rgbconsulting.com\/es\/producto\/caballo-psicodelico-so-so-caballo-7\/\"]}]},{\"@type\":\"ImageObject\",\"inLanguage\":\"es\",\"@id\":\"https:\/\/wpguerssen-test.odoo.rgbconsulting.com\/es\/producto\/caballo-psicodelico-so-so-caballo-7\/#primaryimage\",\"url\":\"https:\/\/wpguerssen-test.odoo.rgbconsulting.com\/wp-content\/uploads\/2022\/03\/36491.jpg\",\"contentUrl\":\"https:\/\/wpguerssen-test.odoo.rgbconsulting.com\/wp-content\/uploads\/2022\/03\/36491.jpg\",\"width\":189,\"height\":189,\"caption\":\"Leo \/ LUIZ ET SES CUBAINS\"},{\"@type\":\"BreadcrumbList\",\"@id\":\"https:\/\/wpguerssen-test.odoo.rgbconsulting.com\/es\/producto\/caballo-psicodelico-so-so-caballo-7\/#breadcrumb\",\"itemListElement\":[{\"@type\":\"ListItem\",\"position\":1,\"name\":\"Inicio\",\"item\":\"https:\/\/wpguerssen-test.odoo.rgbconsulting.com\/es\/\"},{\"@type\":\"ListItem\",\"position\":2,\"name\":\"Shop\",\"item\":\"https:\/\/wpguerssen-test.odoo.rgbconsulting.com\/shop\/\"},{\"@type\":\"ListItem\",\"position\":3,\"name\":\"Caballo Psicod\u00e9lico \/ So So Caballo (7&#8243;)\"}]},{\"@type\":\"WebSite\",\"@id\":\"https:\/\/wpguerssen-test.odoo.rgbconsulting.com\/es\/#website\",\"url\":\"https:\/\/wpguerssen-test.odoo.rgbconsulting.com\/es\/\",\"name\":\"Guerssen records\",\"description\":\"psychedelia - progressive - folk - garage \",\"publisher\":{\"@id\":\"https:\/\/wpguerssen-test.odoo.rgbconsulting.com\/es\/#organization\"},\"potentialAction\":[{\"@type\":\"SearchAction\",\"target\":{\"@type\":\"EntryPoint\",\"urlTemplate\":\"https:\/\/wpguerssen-test.odoo.rgbconsulting.com\/es\/?s={search_term_string}\"},\"query-input\":{\"@type\":\"PropertyValueSpecification\",\"valueRequired\":true,\"valueName\":\"search_term_string\"}}],\"inLanguage\":\"es\"},{\"@type\":\"Organization\",\"@id\":\"https:\/\/wpguerssen-test.odoo.rgbconsulting.com\/es\/#organization\",\"name\":\"Guerssen records\",\"url\":\"https:\/\/wpguerssen-test.odoo.rgbconsulting.com\/es\/\",\"logo\":{\"@type\":\"ImageObject\",\"inLanguage\":\"es\",\"@id\":\"https:\/\/wpguerssen-test.odoo.rgbconsulting.com\/es\/#\/schema\/logo\/image\/\",\"url\":\"https:\/\/wpguerssen-test.odoo.rgbconsulting.com\/wp-content\/uploads\/2022\/04\/Logo_Guerssen_trans_100.png\",\"contentUrl\":\"https:\/\/wpguerssen-test.odoo.rgbconsulting.com\/wp-content\/uploads\/2022\/04\/Logo_Guerssen_trans_100.png\",\"width\":122,\"height\":100,\"caption\":\"Guerssen records\"},\"image\":{\"@id\":\"https:\/\/wpguerssen-test.odoo.rgbconsulting.com\/es\/#\/schema\/logo\/image\/\"}}]}<\/script>\n<!-- \/ Yoast SEO plugin. -->","yoast_head_json":{"title":"SOTO, Leo \/ LUIZ ET SES CUBAINS, Pepe - Caballo Psicod\u00e9lico \/ So So Caballo (7\") -  (7\") | Guerssen","description":"Leo Soto was a cuban guy that built a musician career and a family in Mexico, in the late 60's he recorded in the studios of Falcon Records (Texas, USA) a great mix of wild R&B with latin flavours called Caballo Psic\u00f3delico, just a bomb for any dancefloor, it fits with any kind of rhythms that you can imagine in a 60's party.P\u00e9p\u00e9 Luiz is the pseudonym of the great french musician,composer and label owner Louis Delacour that in 1960 recorded this greeeat popcorn latin dancefloor packer that will do move every hip!Stunning handmade screen printed sleeve. Limited 450 copies edition.","robots":{"index":"index","follow":"follow","max-snippet":"max-snippet:-1","max-image-preview":"max-image-preview:large","max-video-preview":"max-video-preview:-1"},"canonical":"https:\/\/wpguerssen-test.odoo.rgbconsulting.com\/es\/producto\/caballo-psicodelico-so-so-caballo-7\/","og_locale":"es_ES","og_type":"article","og_title":"SOTO, Leo \/ LUIZ ET SES CUBAINS, Pepe - Caballo Psicod\u00e9lico \/ So So Caballo (7\") -  (7\") | Guerssen","og_description":"Leo Soto was a cuban guy that built a musician career and a family in Mexico, in the late 60's he recorded in the studios of Falcon Records (Texas, USA) a great mix of wild R&B with latin flavours called Caballo Psic\u00f3delico, just a bomb for any dancefloor, it fits with any kind of rhythms that you can imagine in a 60's party.P\u00e9p\u00e9 Luiz is the pseudonym of the great french musician,composer and label owner Louis Delacour that in 1960 recorded this greeeat popcorn latin dancefloor packer that will do move every hip!Stunning handmade screen printed sleeve. Limited 450 copies edition.","og_url":"https:\/\/wpguerssen-test.odoo.rgbconsulting.com\/es\/producto\/caballo-psicodelico-so-so-caballo-7\/","og_site_name":"Guerssen records","article_modified_time":"2024-02-20T09:20:30+00:00","og_image":[{"width":189,"height":189,"url":"https:\/\/wpguerssen-test.odoo.rgbconsulting.com\/wp-content\/uploads\/2022\/03\/36491.jpg","type":"image\/jpeg"}],"twitter_card":"summary_large_image","twitter_title":"SOTO, Leo \/ LUIZ ET SES CUBAINS, Pepe - Caballo Psicod\u00e9lico \/ So So Caballo (7\") -  (7\") | Guerssen","schema":{"@context":"https:\/\/schema.org","@graph":[{"@type":"WebPage","@id":"https:\/\/wpguerssen-test.odoo.rgbconsulting.com\/es\/producto\/caballo-psicodelico-so-so-caballo-7\/","url":"https:\/\/wpguerssen-test.odoo.rgbconsulting.com\/es\/producto\/caballo-psicodelico-so-so-caballo-7\/","name":"SOTO, Leo \/ LUIZ ET SES CUBAINS, Pepe - Caballo Psicod\u00e9lico \/ So So Caballo (7\") - (7\") | Guerssen","isPartOf":{"@id":"https:\/\/wpguerssen-test.odoo.rgbconsulting.com\/es\/#website"},"primaryImageOfPage":{"@id":"https:\/\/wpguerssen-test.odoo.rgbconsulting.com\/es\/producto\/caballo-psicodelico-so-so-caballo-7\/#primaryimage"},"image":{"@id":"https:\/\/wpguerssen-test.odoo.rgbconsulting.com\/es\/producto\/caballo-psicodelico-so-so-caballo-7\/#primaryimage"},"thumbnailUrl":"https:\/\/wpguerssen-test.odoo.rgbconsulting.com\/wp-content\/uploads\/2022\/03\/36491.jpg","datePublished":"2020-04-27T22:00:00+00:00","dateModified":"2024-02-20T09:20:30+00:00","description":"Leo Soto was a cuban guy that built a musician career and a family in Mexico, in the late 60's he recorded in the studios of Falcon Records (Texas, USA) a great mix of wild R&B with latin flavours called Caballo Psic\u00f3delico, just a bomb for any dancefloor, it fits with any kind of rhythms that you can imagine in a 60's party.P\u00e9p\u00e9 Luiz is the pseudonym of the great french musician,composer and label owner Louis Delacour that in 1960 recorded this greeeat popcorn latin dancefloor packer that will do move every hip!Stunning handmade screen printed sleeve. Limited 450 copies edition.","breadcrumb":{"@id":"https:\/\/wpguerssen-test.odoo.rgbconsulting.com\/es\/producto\/caballo-psicodelico-so-so-caballo-7\/#breadcrumb"},"inLanguage":"es","potentialAction":[{"@type":"ReadAction","target":["https:\/\/wpguerssen-test.odoo.rgbconsulting.com\/es\/producto\/caballo-psicodelico-so-so-caballo-7\/"]}]},{"@type":"ImageObject","inLanguage":"es","@id":"https:\/\/wpguerssen-test.odoo.rgbconsulting.com\/es\/producto\/caballo-psicodelico-so-so-caballo-7\/#primaryimage","url":"https:\/\/wpguerssen-test.odoo.rgbconsulting.com\/wp-content\/uploads\/2022\/03\/36491.jpg","contentUrl":"https:\/\/wpguerssen-test.odoo.rgbconsulting.com\/wp-content\/uploads\/2022\/03\/36491.jpg","width":189,"height":189,"caption":"Leo \/ LUIZ ET SES CUBAINS"},{"@type":"BreadcrumbList","@id":"https:\/\/wpguerssen-test.odoo.rgbconsulting.com\/es\/producto\/caballo-psicodelico-so-so-caballo-7\/#breadcrumb","itemListElement":[{"@type":"ListItem","position":1,"name":"Inicio","item":"https:\/\/wpguerssen-test.odoo.rgbconsulting.com\/es\/"},{"@type":"ListItem","position":2,"name":"Shop","item":"https:\/\/wpguerssen-test.odoo.rgbconsulting.com\/shop\/"},{"@type":"ListItem","position":3,"name":"Caballo Psicod\u00e9lico \/ So So Caballo (7&#8243;)"}]},{"@type":"WebSite","@id":"https:\/\/wpguerssen-test.odoo.rgbconsulting.com\/es\/#website","url":"https:\/\/wpguerssen-test.odoo.rgbconsulting.com\/es\/","name":"Guerssen records","description":"psychedelia - progressive - folk - garage ","publisher":{"@id":"https:\/\/wpguerssen-test.odoo.rgbconsulting.com\/es\/#organization"},"potentialAction":[{"@type":"SearchAction","target":{"@type":"EntryPoint","urlTemplate":"https:\/\/wpguerssen-test.odoo.rgbconsulting.com\/es\/?s={search_term_string}"},"query-input":{"@type":"PropertyValueSpecification","valueRequired":true,"valueName":"search_term_string"}}],"inLanguage":"es"},{"@type":"Organization","@id":"https:\/\/wpguerssen-test.odoo.rgbconsulting.com\/es\/#organization","name":"Guerssen records","url":"https:\/\/wpguerssen-test.odoo.rgbconsulting.com\/es\/","logo":{"@type":"ImageObject","inLanguage":"es","@id":"https:\/\/wpguerssen-test.odoo.rgbconsulting.com\/es\/#\/schema\/logo\/image\/","url":"https:\/\/wpguerssen-test.odoo.rgbconsulting.com\/wp-content\/uploads\/2022\/04\/Logo_Guerssen_trans_100.png","contentUrl":"https:\/\/wpguerssen-test.odoo.rgbconsulting.com\/wp-content\/uploads\/2022\/04\/Logo_Guerssen_trans_100.png","width":122,"height":100,"caption":"Guerssen records"},"image":{"@id":"https:\/\/wpguerssen-test.odoo.rgbconsulting.com\/es\/#\/schema\/logo\/image\/"}}]}},"_links":{"self":[{"href":"https:\/\/wpguerssen-test.odoo.rgbconsulting.com\/es\/wp-json\/wp\/v2\/product\/207335","targetHints":{"allow":["GET"]}}],"collection":[{"href":"https:\/\/wpguerssen-test.odoo.rgbconsulting.com\/es\/wp-json\/wp\/v2\/product"}],"about":[{"href":"https:\/\/wpguerssen-test.odoo.rgbconsulting.com\/es\/wp-json\/wp\/v2\/types\/product"}],"wp:featuredmedia":[{"embeddable":true,"href":"https:\/\/wpguerssen-test.odoo.rgbconsulting.com\/es\/wp-json\/wp\/v2\/media\/126312"}],"wp:attachment":[{"href":"https:\/\/wpguerssen-test.odoo.rgbconsulting.com\/es\/wp-json\/wp\/v2\/media?parent=207335"}],"wp:term":[{"taxonomy":"product_brand","embeddable":true,"href":"https:\/\/wpguerssen-test.odoo.rgbconsulting.com\/es\/wp-json\/wp\/v2\/product_brand?post=207335"},{"taxonomy":"product_cat","embeddable":true,"href":"https:\/\/wpguerssen-test.odoo.rgbconsulting.com\/es\/wp-json\/wp\/v2\/product_cat?post=207335"},{"taxonomy":"product_tag","embeddable":true,"href":"https:\/\/wpguerssen-test.odoo.rgbconsulting.com\/es\/wp-json\/wp\/v2\/product_tag?post=207335"}],"curies":[{"name":"wp","href":"https:\/\/api.w.org\/{rel}","templated":true}]}}