{"id":207358,"date":"2020-07-24T00:00:00","date_gmt":"2020-07-23T22:00:00","guid":{"rendered":"http:\/\/guerssen.hl1097.dinaserver.com\/product\/miley-smile-stage-recall\/"},"modified":"2024-10-29T16:17:45","modified_gmt":"2024-10-29T15:17:45","slug":"miley-smile-stage-recall","status":"publish","type":"product","link":"https:\/\/wpguerssen-test.odoo.rgbconsulting.com\/es\/producto\/miley-smile-stage-recall\/","title":{"rendered":"Miley Smile \/ Stage Recall"},"content":{"rendered":"<p>\u00daltimo disco del grupo dan\u00e9s de rock progresivo, grabado en directo en el estudio en 1972. Todo un cl\u00e1sico del g\u00e9nero! Incluye libreto con notas y fotos.<\/p>\n","protected":false},"excerpt":{"rendered":"<p>\u00daltimo disco del grupo dan\u00e9s de rock progresivo, grabado en directo en el estudio en 1972. Todo un cl\u00e1sico del g\u00e9nero! Incluye libreto con notas y fotos.<\/p>\n","protected":false},"featured_media":126354,"template":"","meta":{"_acf_changed":false},"product_brand":[],"product_cat":[21639,23215],"product_tag":[],"class_list":{"0":"post-207358","1":"product","2":"type-product","3":"status-publish","4":"has-post-thumbnail","6":"product_cat-psychedelic60s-70s-es","7":"product_cat-progressive60s-70s-es","8":"pa_artist-burnin-red-ivanhoe","9":"pa_format-lp-es","10":"pa_gender-psychedelic60s-70s-progressive60s-70s","11":"pa_label-long-hair-es","12":"pa_location-uk-ireland-es","13":"pa_other-filters-vinyl-only-es","15":"first","16":"instock","17":"taxable","18":"shipping-taxable","19":"purchasable","20":"product-type-simple"},"acf":[],"yoast_head":"<!-- This site is optimized with the Yoast SEO plugin v24.9 - https:\/\/yoast.com\/wordpress\/plugins\/seo\/ -->\n<title>BURNIN&#039; RED IVANHOE - Miley Smile \/ Stage Recall -  (LP) | Guerssen<\/title>\n<meta name=\"description\" content=\"Burnin Red Ivanhoe, in their most fertile phase of existing from 1969 till 1972, were one of Denmark&#039;s finest groups from the period. Their innovative and powerful mixture of psychedelic and progressive rock along with mild experimental or jazz influences gained some international recognition in Germany, UK and the U.S.. Comparisons might be drawn to Traffic, Jethro Tull, Pink Floyd and Colosseum (Dag Erik Asbjornsen). #nl# Being tired of demanding tours, Burnin Red Ivanhoe decided to disband in spring 1972. Before this they recorded &#039;Miley Smile\/Stage Recall&#039; during an eight hour session live in the studio on 16\/4\/1972. Apart from a short rendition of &#039;Ivanhoe I Brondbyerne&#039; from the first album &#039;M144&#039;, all material was fresh from their current tour programm including some never before released titles. #nl# This album underlines the band&#039;s perfect live play abilities, the exceptional skills of the musicians playing their instruments. For more than 2 years this was the band&#039;s last recording, as Karsten Vogel started a new band with new musicians: the also highly appreciated Secret Oyster (5 albums, all on Long Hair, CD and vinyl versions). #nl# The album comes with comprehensive linernotes by Karsten Vogel and rare photos on the insert. The music was warmly and mildly remastered. Don&#039;t miss this highlight of Danish progressive rock music. Hightly recommended!\" \/>\n<meta name=\"robots\" content=\"index, follow, max-snippet:-1, max-image-preview:large, max-video-preview:-1\" \/>\n<link rel=\"canonical\" href=\"https:\/\/wpguerssen-test.odoo.rgbconsulting.com\/es\/producto\/miley-smile-stage-recall\/\" \/>\n<meta property=\"og:locale\" content=\"es_ES\" \/>\n<meta property=\"og:type\" content=\"article\" \/>\n<meta property=\"og:title\" content=\"BURNIN&#039; RED IVANHOE - Miley Smile \/ Stage Recall -  (LP) | Guerssen\" \/>\n<meta property=\"og:description\" content=\"Burnin Red Ivanhoe, in their most fertile phase of existing from 1969 till 1972, were one of Denmark&#039;s finest groups from the period. Their innovative and powerful mixture of psychedelic and progressive rock along with mild experimental or jazz influences gained some international recognition in Germany, UK and the U.S.. Comparisons might be drawn to Traffic, Jethro Tull, Pink Floyd and Colosseum (Dag Erik Asbjornsen). #nl# Being tired of demanding tours, Burnin Red Ivanhoe decided to disband in spring 1972. Before this they recorded &#039;Miley Smile\/Stage Recall&#039; during an eight hour session live in the studio on 16\/4\/1972. Apart from a short rendition of &#039;Ivanhoe I Brondbyerne&#039; from the first album &#039;M144&#039;, all material was fresh from their current tour programm including some never before released titles. #nl# This album underlines the band&#039;s perfect live play abilities, the exceptional skills of the musicians playing their instruments. For more than 2 years this was the band&#039;s last recording, as Karsten Vogel started a new band with new musicians: the also highly appreciated Secret Oyster (5 albums, all on Long Hair, CD and vinyl versions). #nl# The album comes with comprehensive linernotes by Karsten Vogel and rare photos on the insert. The music was warmly and mildly remastered. Don&#039;t miss this highlight of Danish progressive rock music. Hightly recommended!\" \/>\n<meta property=\"og:url\" content=\"https:\/\/wpguerssen-test.odoo.rgbconsulting.com\/es\/producto\/miley-smile-stage-recall\/\" \/>\n<meta property=\"og:site_name\" content=\"Guerssen records\" \/>\n<meta property=\"article:modified_time\" content=\"2024-10-29T15:17:45+00:00\" \/>\n<meta property=\"og:image\" content=\"https:\/\/wpguerssen-test.odoo.rgbconsulting.com\/wp-content\/uploads\/2022\/03\/36527.jpg\" \/>\n\t<meta property=\"og:image:width\" content=\"302\" \/>\n\t<meta property=\"og:image:height\" content=\"313\" \/>\n\t<meta property=\"og:image:type\" content=\"image\/jpeg\" \/>\n<meta name=\"twitter:card\" content=\"summary_large_image\" \/>\n<meta name=\"twitter:title\" content=\"BURNIN&#039; RED IVANHOE - Miley Smile \/ Stage Recall -  (LP) | Guerssen\" \/>\n<script type=\"application\/ld+json\" class=\"yoast-schema-graph\">{\"@context\":\"https:\/\/schema.org\",\"@graph\":[{\"@type\":\"WebPage\",\"@id\":\"https:\/\/wpguerssen-test.odoo.rgbconsulting.com\/es\/producto\/miley-smile-stage-recall\/\",\"url\":\"https:\/\/wpguerssen-test.odoo.rgbconsulting.com\/es\/producto\/miley-smile-stage-recall\/\",\"name\":\"BURNIN' RED IVANHOE - Miley Smile \/ Stage Recall - (LP) | Guerssen\",\"isPartOf\":{\"@id\":\"https:\/\/wpguerssen-test.odoo.rgbconsulting.com\/es\/#website\"},\"primaryImageOfPage\":{\"@id\":\"https:\/\/wpguerssen-test.odoo.rgbconsulting.com\/es\/producto\/miley-smile-stage-recall\/#primaryimage\"},\"image\":{\"@id\":\"https:\/\/wpguerssen-test.odoo.rgbconsulting.com\/es\/producto\/miley-smile-stage-recall\/#primaryimage\"},\"thumbnailUrl\":\"https:\/\/wpguerssen-test.odoo.rgbconsulting.com\/wp-content\/uploads\/2022\/03\/36527.jpg\",\"datePublished\":\"2020-07-23T22:00:00+00:00\",\"dateModified\":\"2024-10-29T15:17:45+00:00\",\"description\":\"Burnin Red Ivanhoe, in their most fertile phase of existing from 1969 till 1972, were one of Denmark's finest groups from the period. Their innovative and powerful mixture of psychedelic and progressive rock along with mild experimental or jazz influences gained some international recognition in Germany, UK and the U.S.. Comparisons might be drawn to Traffic, Jethro Tull, Pink Floyd and Colosseum (Dag Erik Asbjornsen). #nl# Being tired of demanding tours, Burnin Red Ivanhoe decided to disband in spring 1972. Before this they recorded 'Miley Smile\/Stage Recall' during an eight hour session live in the studio on 16\/4\/1972. Apart from a short rendition of 'Ivanhoe I Brondbyerne' from the first album 'M144', all material was fresh from their current tour programm including some never before released titles. #nl# This album underlines the band's perfect live play abilities, the exceptional skills of the musicians playing their instruments. For more than 2 years this was the band's last recording, as Karsten Vogel started a new band with new musicians: the also highly appreciated Secret Oyster (5 albums, all on Long Hair, CD and vinyl versions). #nl# The album comes with comprehensive linernotes by Karsten Vogel and rare photos on the insert. The music was warmly and mildly remastered. Don't miss this highlight of Danish progressive rock music. Hightly recommended!\",\"breadcrumb\":{\"@id\":\"https:\/\/wpguerssen-test.odoo.rgbconsulting.com\/es\/producto\/miley-smile-stage-recall\/#breadcrumb\"},\"inLanguage\":\"es\",\"potentialAction\":[{\"@type\":\"ReadAction\",\"target\":[\"https:\/\/wpguerssen-test.odoo.rgbconsulting.com\/es\/producto\/miley-smile-stage-recall\/\"]}]},{\"@type\":\"ImageObject\",\"inLanguage\":\"es\",\"@id\":\"https:\/\/wpguerssen-test.odoo.rgbconsulting.com\/es\/producto\/miley-smile-stage-recall\/#primaryimage\",\"url\":\"https:\/\/wpguerssen-test.odoo.rgbconsulting.com\/wp-content\/uploads\/2022\/03\/36527.jpg\",\"contentUrl\":\"https:\/\/wpguerssen-test.odoo.rgbconsulting.com\/wp-content\/uploads\/2022\/03\/36527.jpg\",\"width\":302,\"height\":313,\"caption\":\"BURNIN' RED IVANHOE - Miley Smile \/ Stage Recall - LONG HAIR (LP) | Guerssen\"},{\"@type\":\"BreadcrumbList\",\"@id\":\"https:\/\/wpguerssen-test.odoo.rgbconsulting.com\/es\/producto\/miley-smile-stage-recall\/#breadcrumb\",\"itemListElement\":[{\"@type\":\"ListItem\",\"position\":1,\"name\":\"Inicio\",\"item\":\"https:\/\/wpguerssen-test.odoo.rgbconsulting.com\/es\/\"},{\"@type\":\"ListItem\",\"position\":2,\"name\":\"Shop\",\"item\":\"https:\/\/wpguerssen-test.odoo.rgbconsulting.com\/shop\/\"},{\"@type\":\"ListItem\",\"position\":3,\"name\":\"Miley Smile \/ Stage Recall\"}]},{\"@type\":\"WebSite\",\"@id\":\"https:\/\/wpguerssen-test.odoo.rgbconsulting.com\/es\/#website\",\"url\":\"https:\/\/wpguerssen-test.odoo.rgbconsulting.com\/es\/\",\"name\":\"Guerssen records\",\"description\":\"psychedelia - progressive - folk - garage \",\"publisher\":{\"@id\":\"https:\/\/wpguerssen-test.odoo.rgbconsulting.com\/es\/#organization\"},\"potentialAction\":[{\"@type\":\"SearchAction\",\"target\":{\"@type\":\"EntryPoint\",\"urlTemplate\":\"https:\/\/wpguerssen-test.odoo.rgbconsulting.com\/es\/?s={search_term_string}\"},\"query-input\":{\"@type\":\"PropertyValueSpecification\",\"valueRequired\":true,\"valueName\":\"search_term_string\"}}],\"inLanguage\":\"es\"},{\"@type\":\"Organization\",\"@id\":\"https:\/\/wpguerssen-test.odoo.rgbconsulting.com\/es\/#organization\",\"name\":\"Guerssen records\",\"url\":\"https:\/\/wpguerssen-test.odoo.rgbconsulting.com\/es\/\",\"logo\":{\"@type\":\"ImageObject\",\"inLanguage\":\"es\",\"@id\":\"https:\/\/wpguerssen-test.odoo.rgbconsulting.com\/es\/#\/schema\/logo\/image\/\",\"url\":\"https:\/\/wpguerssen-test.odoo.rgbconsulting.com\/wp-content\/uploads\/2022\/04\/Logo_Guerssen_trans_100.png\",\"contentUrl\":\"https:\/\/wpguerssen-test.odoo.rgbconsulting.com\/wp-content\/uploads\/2022\/04\/Logo_Guerssen_trans_100.png\",\"width\":122,\"height\":100,\"caption\":\"Guerssen records\"},\"image\":{\"@id\":\"https:\/\/wpguerssen-test.odoo.rgbconsulting.com\/es\/#\/schema\/logo\/image\/\"}}]}<\/script>\n<!-- \/ Yoast SEO plugin. -->","yoast_head_json":{"title":"BURNIN' RED IVANHOE - Miley Smile \/ Stage Recall -  (LP) | Guerssen","description":"Burnin Red Ivanhoe, in their most fertile phase of existing from 1969 till 1972, were one of Denmark's finest groups from the period. Their innovative and powerful mixture of psychedelic and progressive rock along with mild experimental or jazz influences gained some international recognition in Germany, UK and the U.S.. Comparisons might be drawn to Traffic, Jethro Tull, Pink Floyd and Colosseum (Dag Erik Asbjornsen). #nl# Being tired of demanding tours, Burnin Red Ivanhoe decided to disband in spring 1972. Before this they recorded 'Miley Smile\/Stage Recall' during an eight hour session live in the studio on 16\/4\/1972. Apart from a short rendition of 'Ivanhoe I Brondbyerne' from the first album 'M144', all material was fresh from their current tour programm including some never before released titles. #nl# This album underlines the band's perfect live play abilities, the exceptional skills of the musicians playing their instruments. For more than 2 years this was the band's last recording, as Karsten Vogel started a new band with new musicians: the also highly appreciated Secret Oyster (5 albums, all on Long Hair, CD and vinyl versions). #nl# The album comes with comprehensive linernotes by Karsten Vogel and rare photos on the insert. The music was warmly and mildly remastered. Don't miss this highlight of Danish progressive rock music. Hightly recommended!","robots":{"index":"index","follow":"follow","max-snippet":"max-snippet:-1","max-image-preview":"max-image-preview:large","max-video-preview":"max-video-preview:-1"},"canonical":"https:\/\/wpguerssen-test.odoo.rgbconsulting.com\/es\/producto\/miley-smile-stage-recall\/","og_locale":"es_ES","og_type":"article","og_title":"BURNIN' RED IVANHOE - Miley Smile \/ Stage Recall -  (LP) | Guerssen","og_description":"Burnin Red Ivanhoe, in their most fertile phase of existing from 1969 till 1972, were one of Denmark's finest groups from the period. Their innovative and powerful mixture of psychedelic and progressive rock along with mild experimental or jazz influences gained some international recognition in Germany, UK and the U.S.. Comparisons might be drawn to Traffic, Jethro Tull, Pink Floyd and Colosseum (Dag Erik Asbjornsen). #nl# Being tired of demanding tours, Burnin Red Ivanhoe decided to disband in spring 1972. Before this they recorded 'Miley Smile\/Stage Recall' during an eight hour session live in the studio on 16\/4\/1972. Apart from a short rendition of 'Ivanhoe I Brondbyerne' from the first album 'M144', all material was fresh from their current tour programm including some never before released titles. #nl# This album underlines the band's perfect live play abilities, the exceptional skills of the musicians playing their instruments. For more than 2 years this was the band's last recording, as Karsten Vogel started a new band with new musicians: the also highly appreciated Secret Oyster (5 albums, all on Long Hair, CD and vinyl versions). #nl# The album comes with comprehensive linernotes by Karsten Vogel and rare photos on the insert. The music was warmly and mildly remastered. Don't miss this highlight of Danish progressive rock music. Hightly recommended!","og_url":"https:\/\/wpguerssen-test.odoo.rgbconsulting.com\/es\/producto\/miley-smile-stage-recall\/","og_site_name":"Guerssen records","article_modified_time":"2024-10-29T15:17:45+00:00","og_image":[{"width":302,"height":313,"url":"https:\/\/wpguerssen-test.odoo.rgbconsulting.com\/wp-content\/uploads\/2022\/03\/36527.jpg","type":"image\/jpeg"}],"twitter_card":"summary_large_image","twitter_title":"BURNIN' RED IVANHOE - Miley Smile \/ Stage Recall -  (LP) | Guerssen","schema":{"@context":"https:\/\/schema.org","@graph":[{"@type":"WebPage","@id":"https:\/\/wpguerssen-test.odoo.rgbconsulting.com\/es\/producto\/miley-smile-stage-recall\/","url":"https:\/\/wpguerssen-test.odoo.rgbconsulting.com\/es\/producto\/miley-smile-stage-recall\/","name":"BURNIN' RED IVANHOE - Miley Smile \/ Stage Recall - (LP) | Guerssen","isPartOf":{"@id":"https:\/\/wpguerssen-test.odoo.rgbconsulting.com\/es\/#website"},"primaryImageOfPage":{"@id":"https:\/\/wpguerssen-test.odoo.rgbconsulting.com\/es\/producto\/miley-smile-stage-recall\/#primaryimage"},"image":{"@id":"https:\/\/wpguerssen-test.odoo.rgbconsulting.com\/es\/producto\/miley-smile-stage-recall\/#primaryimage"},"thumbnailUrl":"https:\/\/wpguerssen-test.odoo.rgbconsulting.com\/wp-content\/uploads\/2022\/03\/36527.jpg","datePublished":"2020-07-23T22:00:00+00:00","dateModified":"2024-10-29T15:17:45+00:00","description":"Burnin Red Ivanhoe, in their most fertile phase of existing from 1969 till 1972, were one of Denmark's finest groups from the period. Their innovative and powerful mixture of psychedelic and progressive rock along with mild experimental or jazz influences gained some international recognition in Germany, UK and the U.S.. Comparisons might be drawn to Traffic, Jethro Tull, Pink Floyd and Colosseum (Dag Erik Asbjornsen). #nl# Being tired of demanding tours, Burnin Red Ivanhoe decided to disband in spring 1972. Before this they recorded 'Miley Smile\/Stage Recall' during an eight hour session live in the studio on 16\/4\/1972. Apart from a short rendition of 'Ivanhoe I Brondbyerne' from the first album 'M144', all material was fresh from their current tour programm including some never before released titles. #nl# This album underlines the band's perfect live play abilities, the exceptional skills of the musicians playing their instruments. For more than 2 years this was the band's last recording, as Karsten Vogel started a new band with new musicians: the also highly appreciated Secret Oyster (5 albums, all on Long Hair, CD and vinyl versions). #nl# The album comes with comprehensive linernotes by Karsten Vogel and rare photos on the insert. The music was warmly and mildly remastered. Don't miss this highlight of Danish progressive rock music. Hightly recommended!","breadcrumb":{"@id":"https:\/\/wpguerssen-test.odoo.rgbconsulting.com\/es\/producto\/miley-smile-stage-recall\/#breadcrumb"},"inLanguage":"es","potentialAction":[{"@type":"ReadAction","target":["https:\/\/wpguerssen-test.odoo.rgbconsulting.com\/es\/producto\/miley-smile-stage-recall\/"]}]},{"@type":"ImageObject","inLanguage":"es","@id":"https:\/\/wpguerssen-test.odoo.rgbconsulting.com\/es\/producto\/miley-smile-stage-recall\/#primaryimage","url":"https:\/\/wpguerssen-test.odoo.rgbconsulting.com\/wp-content\/uploads\/2022\/03\/36527.jpg","contentUrl":"https:\/\/wpguerssen-test.odoo.rgbconsulting.com\/wp-content\/uploads\/2022\/03\/36527.jpg","width":302,"height":313,"caption":"BURNIN' RED IVANHOE - Miley Smile \/ Stage Recall - LONG HAIR (LP) | Guerssen"},{"@type":"BreadcrumbList","@id":"https:\/\/wpguerssen-test.odoo.rgbconsulting.com\/es\/producto\/miley-smile-stage-recall\/#breadcrumb","itemListElement":[{"@type":"ListItem","position":1,"name":"Inicio","item":"https:\/\/wpguerssen-test.odoo.rgbconsulting.com\/es\/"},{"@type":"ListItem","position":2,"name":"Shop","item":"https:\/\/wpguerssen-test.odoo.rgbconsulting.com\/shop\/"},{"@type":"ListItem","position":3,"name":"Miley Smile \/ Stage Recall"}]},{"@type":"WebSite","@id":"https:\/\/wpguerssen-test.odoo.rgbconsulting.com\/es\/#website","url":"https:\/\/wpguerssen-test.odoo.rgbconsulting.com\/es\/","name":"Guerssen records","description":"psychedelia - progressive - folk - garage ","publisher":{"@id":"https:\/\/wpguerssen-test.odoo.rgbconsulting.com\/es\/#organization"},"potentialAction":[{"@type":"SearchAction","target":{"@type":"EntryPoint","urlTemplate":"https:\/\/wpguerssen-test.odoo.rgbconsulting.com\/es\/?s={search_term_string}"},"query-input":{"@type":"PropertyValueSpecification","valueRequired":true,"valueName":"search_term_string"}}],"inLanguage":"es"},{"@type":"Organization","@id":"https:\/\/wpguerssen-test.odoo.rgbconsulting.com\/es\/#organization","name":"Guerssen records","url":"https:\/\/wpguerssen-test.odoo.rgbconsulting.com\/es\/","logo":{"@type":"ImageObject","inLanguage":"es","@id":"https:\/\/wpguerssen-test.odoo.rgbconsulting.com\/es\/#\/schema\/logo\/image\/","url":"https:\/\/wpguerssen-test.odoo.rgbconsulting.com\/wp-content\/uploads\/2022\/04\/Logo_Guerssen_trans_100.png","contentUrl":"https:\/\/wpguerssen-test.odoo.rgbconsulting.com\/wp-content\/uploads\/2022\/04\/Logo_Guerssen_trans_100.png","width":122,"height":100,"caption":"Guerssen records"},"image":{"@id":"https:\/\/wpguerssen-test.odoo.rgbconsulting.com\/es\/#\/schema\/logo\/image\/"}}]}},"_links":{"self":[{"href":"https:\/\/wpguerssen-test.odoo.rgbconsulting.com\/es\/wp-json\/wp\/v2\/product\/207358","targetHints":{"allow":["GET"]}}],"collection":[{"href":"https:\/\/wpguerssen-test.odoo.rgbconsulting.com\/es\/wp-json\/wp\/v2\/product"}],"about":[{"href":"https:\/\/wpguerssen-test.odoo.rgbconsulting.com\/es\/wp-json\/wp\/v2\/types\/product"}],"wp:featuredmedia":[{"embeddable":true,"href":"https:\/\/wpguerssen-test.odoo.rgbconsulting.com\/es\/wp-json\/wp\/v2\/media\/126354"}],"wp:attachment":[{"href":"https:\/\/wpguerssen-test.odoo.rgbconsulting.com\/es\/wp-json\/wp\/v2\/media?parent=207358"}],"wp:term":[{"taxonomy":"product_brand","embeddable":true,"href":"https:\/\/wpguerssen-test.odoo.rgbconsulting.com\/es\/wp-json\/wp\/v2\/product_brand?post=207358"},{"taxonomy":"product_cat","embeddable":true,"href":"https:\/\/wpguerssen-test.odoo.rgbconsulting.com\/es\/wp-json\/wp\/v2\/product_cat?post=207358"},{"taxonomy":"product_tag","embeddable":true,"href":"https:\/\/wpguerssen-test.odoo.rgbconsulting.com\/es\/wp-json\/wp\/v2\/product_tag?post=207358"}],"curies":[{"name":"wp","href":"https:\/\/api.w.org\/{rel}","templated":true}]}}