{"id":207461,"date":"2025-03-24T00:00:00","date_gmt":"2025-03-23T23:00:00","guid":{"rendered":"http:\/\/guerssen.hl1097.dinaserver.com\/product\/los-iberos\/"},"modified":"2025-03-24T17:29:27","modified_gmt":"2025-03-24T16:29:27","slug":"los-iberos","status":"publish","type":"product","link":"https:\/\/wpguerssen-test.odoo.rgbconsulting.com\/es\/producto\/los-iberos\/","title":{"rendered":"Los Iberos"},"content":{"rendered":"<p>A pesar de su innegable calidad, tanto a nivel de grabaci\u00f3n como de composici\u00f3n, el LP y, en general, ninguno de los sencillos del grupo, logr\u00f3 el esperado \u00e9xito de ventas, ni rivalizar con Los Bravos como se pretend\u00eda. Sin embargo, el tiempo les ha colocado como una de las grandes obras de culto del pop espa\u00f1ol. A nivel anecd\u00f3tico, mencionar que la canci\u00f3n Mary Ann She realmente se titulaba Mary and she, pero a saber por qu\u00e9 se transcribi\u00f3 mal y as\u00ed ha quedado para la posteridad.<\/p>\n","protected":false},"excerpt":{"rendered":"<p>A pesar de su innegable calidad, tanto a nivel de grabaci\u00f3n como de composici\u00f3n, el LP y, en general, ninguno de los sencillos del grupo, logr\u00f3 el esperado \u00e9xito<a class=\"read\" href=\"https:\/\/wpguerssen-test.odoo.rgbconsulting.com\/es\/producto\/los-iberos\/\"> (...)<\/a>","protected":false},"featured_media":126585,"template":"","meta":{"_acf_changed":false},"product_brand":[],"product_cat":[23281,21639],"product_tag":[24185],"class_list":{"0":"post-207461","1":"product","2":"type-product","3":"status-publish","4":"has-post-thumbnail","6":"product_cat-garagebeatrnb60-70-es","7":"product_cat-psychedelic60s-70s-es","8":"product_tag-de-nuevo-en-existencia","9":"pa_artist-iberos-los","10":"pa_format-lp-es","11":"pa_gender-psychedelic60s-70s-garagebeatrnb60-70","12":"pa_label-legacy","13":"pa_location-spain-es","14":"pa_other-filters-vinyl-only-es","16":"first","17":"instock","18":"taxable","19":"shipping-taxable","20":"purchasable","21":"product-type-simple"},"acf":[],"yoast_head":"<!-- This site is optimized with the Yoast SEO plugin v24.9 - https:\/\/yoast.com\/wordpress\/plugins\/seo\/ -->\n<title>IBEROS, Los - Los Iberos -  (LP) | Guerssen<\/title>\n<meta name=\"description\" content=\"One of the most brilliant Spanish groups in the 60&#039;s was Los Iberos, though they didn&#039;t reach the level of success their company expected when forming this supergroup. They had a bunch of 45s, most of them got together into an LP which is quite rare and collectable. Mostly English sung tracks including real self-penned hits like &quot;Hiding behind my smile&quot;, a blue-eyed soul dancefloor burner, some nice sunshine pop tracks and also their incredible and groovy cover of Castaways&#039; &quot;Liar, liar&quot; that kicks away the original!\" \/>\n<meta name=\"robots\" content=\"index, follow, max-snippet:-1, max-image-preview:large, max-video-preview:-1\" \/>\n<link rel=\"canonical\" href=\"https:\/\/wpguerssen-test.odoo.rgbconsulting.com\/es\/producto\/los-iberos\/\" \/>\n<meta property=\"og:locale\" content=\"es_ES\" \/>\n<meta property=\"og:type\" content=\"article\" \/>\n<meta property=\"og:title\" content=\"IBEROS, Los - Los Iberos -  (LP) | Guerssen\" \/>\n<meta property=\"og:description\" content=\"One of the most brilliant Spanish groups in the 60&#039;s was Los Iberos, though they didn&#039;t reach the level of success their company expected when forming this supergroup. They had a bunch of 45s, most of them got together into an LP which is quite rare and collectable. Mostly English sung tracks including real self-penned hits like &quot;Hiding behind my smile&quot;, a blue-eyed soul dancefloor burner, some nice sunshine pop tracks and also their incredible and groovy cover of Castaways&#039; &quot;Liar, liar&quot; that kicks away the original!\" \/>\n<meta property=\"og:url\" content=\"https:\/\/wpguerssen-test.odoo.rgbconsulting.com\/es\/producto\/los-iberos\/\" \/>\n<meta property=\"og:site_name\" content=\"Guerssen records\" \/>\n<meta property=\"article:modified_time\" content=\"2025-03-24T16:29:27+00:00\" \/>\n<meta property=\"og:image\" content=\"https:\/\/wpguerssen-test.odoo.rgbconsulting.com\/wp-content\/uploads\/2022\/03\/36715.jpg\" \/>\n\t<meta property=\"og:image:width\" content=\"302\" \/>\n\t<meta property=\"og:image:height\" content=\"305\" \/>\n\t<meta property=\"og:image:type\" content=\"image\/jpeg\" \/>\n<meta name=\"twitter:card\" content=\"summary_large_image\" \/>\n<meta name=\"twitter:title\" content=\"IBEROS, Los - Los Iberos -  (LP) | Guerssen\" \/>\n<script type=\"application\/ld+json\" class=\"yoast-schema-graph\">{\"@context\":\"https:\/\/schema.org\",\"@graph\":[{\"@type\":\"WebPage\",\"@id\":\"https:\/\/wpguerssen-test.odoo.rgbconsulting.com\/es\/producto\/los-iberos\/\",\"url\":\"https:\/\/wpguerssen-test.odoo.rgbconsulting.com\/es\/producto\/los-iberos\/\",\"name\":\"IBEROS, Los - Los Iberos - (LP) | Guerssen\",\"isPartOf\":{\"@id\":\"https:\/\/wpguerssen-test.odoo.rgbconsulting.com\/es\/#website\"},\"primaryImageOfPage\":{\"@id\":\"https:\/\/wpguerssen-test.odoo.rgbconsulting.com\/es\/producto\/los-iberos\/#primaryimage\"},\"image\":{\"@id\":\"https:\/\/wpguerssen-test.odoo.rgbconsulting.com\/es\/producto\/los-iberos\/#primaryimage\"},\"thumbnailUrl\":\"https:\/\/wpguerssen-test.odoo.rgbconsulting.com\/wp-content\/uploads\/2022\/03\/36715.jpg\",\"datePublished\":\"2025-03-23T23:00:00+00:00\",\"dateModified\":\"2025-03-24T16:29:27+00:00\",\"description\":\"One of the most brilliant Spanish groups in the 60's was Los Iberos, though they didn't reach the level of success their company expected when forming this supergroup. They had a bunch of 45s, most of them got together into an LP which is quite rare and collectable. Mostly English sung tracks including real self-penned hits like \\\"Hiding behind my smile\\\", a blue-eyed soul dancefloor burner, some nice sunshine pop tracks and also their incredible and groovy cover of Castaways' \\\"Liar, liar\\\" that kicks away the original!\",\"breadcrumb\":{\"@id\":\"https:\/\/wpguerssen-test.odoo.rgbconsulting.com\/es\/producto\/los-iberos\/#breadcrumb\"},\"inLanguage\":\"es\",\"potentialAction\":[{\"@type\":\"ReadAction\",\"target\":[\"https:\/\/wpguerssen-test.odoo.rgbconsulting.com\/es\/producto\/los-iberos\/\"]}]},{\"@type\":\"ImageObject\",\"inLanguage\":\"es\",\"@id\":\"https:\/\/wpguerssen-test.odoo.rgbconsulting.com\/es\/producto\/los-iberos\/#primaryimage\",\"url\":\"https:\/\/wpguerssen-test.odoo.rgbconsulting.com\/wp-content\/uploads\/2022\/03\/36715.jpg\",\"contentUrl\":\"https:\/\/wpguerssen-test.odoo.rgbconsulting.com\/wp-content\/uploads\/2022\/03\/36715.jpg\",\"width\":302,\"height\":305,\"caption\":\"Los - Los Iberos - LEGACY (LP) | Guerssen\"},{\"@type\":\"BreadcrumbList\",\"@id\":\"https:\/\/wpguerssen-test.odoo.rgbconsulting.com\/es\/producto\/los-iberos\/#breadcrumb\",\"itemListElement\":[{\"@type\":\"ListItem\",\"position\":1,\"name\":\"Inicio\",\"item\":\"https:\/\/wpguerssen-test.odoo.rgbconsulting.com\/es\/\"},{\"@type\":\"ListItem\",\"position\":2,\"name\":\"Shop\",\"item\":\"https:\/\/wpguerssen-test.odoo.rgbconsulting.com\/shop\/\"},{\"@type\":\"ListItem\",\"position\":3,\"name\":\"Los Iberos\"}]},{\"@type\":\"WebSite\",\"@id\":\"https:\/\/wpguerssen-test.odoo.rgbconsulting.com\/es\/#website\",\"url\":\"https:\/\/wpguerssen-test.odoo.rgbconsulting.com\/es\/\",\"name\":\"Guerssen records\",\"description\":\"psychedelia - progressive - folk - garage \",\"publisher\":{\"@id\":\"https:\/\/wpguerssen-test.odoo.rgbconsulting.com\/es\/#organization\"},\"potentialAction\":[{\"@type\":\"SearchAction\",\"target\":{\"@type\":\"EntryPoint\",\"urlTemplate\":\"https:\/\/wpguerssen-test.odoo.rgbconsulting.com\/es\/?s={search_term_string}\"},\"query-input\":{\"@type\":\"PropertyValueSpecification\",\"valueRequired\":true,\"valueName\":\"search_term_string\"}}],\"inLanguage\":\"es\"},{\"@type\":\"Organization\",\"@id\":\"https:\/\/wpguerssen-test.odoo.rgbconsulting.com\/es\/#organization\",\"name\":\"Guerssen records\",\"url\":\"https:\/\/wpguerssen-test.odoo.rgbconsulting.com\/es\/\",\"logo\":{\"@type\":\"ImageObject\",\"inLanguage\":\"es\",\"@id\":\"https:\/\/wpguerssen-test.odoo.rgbconsulting.com\/es\/#\/schema\/logo\/image\/\",\"url\":\"https:\/\/wpguerssen-test.odoo.rgbconsulting.com\/wp-content\/uploads\/2022\/04\/Logo_Guerssen_trans_100.png\",\"contentUrl\":\"https:\/\/wpguerssen-test.odoo.rgbconsulting.com\/wp-content\/uploads\/2022\/04\/Logo_Guerssen_trans_100.png\",\"width\":122,\"height\":100,\"caption\":\"Guerssen records\"},\"image\":{\"@id\":\"https:\/\/wpguerssen-test.odoo.rgbconsulting.com\/es\/#\/schema\/logo\/image\/\"}}]}<\/script>\n<!-- \/ Yoast SEO plugin. -->","yoast_head_json":{"title":"IBEROS, Los - Los Iberos -  (LP) | Guerssen","description":"One of the most brilliant Spanish groups in the 60's was Los Iberos, though they didn't reach the level of success their company expected when forming this supergroup. They had a bunch of 45s, most of them got together into an LP which is quite rare and collectable. Mostly English sung tracks including real self-penned hits like \"Hiding behind my smile\", a blue-eyed soul dancefloor burner, some nice sunshine pop tracks and also their incredible and groovy cover of Castaways' \"Liar, liar\" that kicks away the original!","robots":{"index":"index","follow":"follow","max-snippet":"max-snippet:-1","max-image-preview":"max-image-preview:large","max-video-preview":"max-video-preview:-1"},"canonical":"https:\/\/wpguerssen-test.odoo.rgbconsulting.com\/es\/producto\/los-iberos\/","og_locale":"es_ES","og_type":"article","og_title":"IBEROS, Los - Los Iberos -  (LP) | Guerssen","og_description":"One of the most brilliant Spanish groups in the 60's was Los Iberos, though they didn't reach the level of success their company expected when forming this supergroup. They had a bunch of 45s, most of them got together into an LP which is quite rare and collectable. Mostly English sung tracks including real self-penned hits like \"Hiding behind my smile\", a blue-eyed soul dancefloor burner, some nice sunshine pop tracks and also their incredible and groovy cover of Castaways' \"Liar, liar\" that kicks away the original!","og_url":"https:\/\/wpguerssen-test.odoo.rgbconsulting.com\/es\/producto\/los-iberos\/","og_site_name":"Guerssen records","article_modified_time":"2025-03-24T16:29:27+00:00","og_image":[{"width":302,"height":305,"url":"https:\/\/wpguerssen-test.odoo.rgbconsulting.com\/wp-content\/uploads\/2022\/03\/36715.jpg","type":"image\/jpeg"}],"twitter_card":"summary_large_image","twitter_title":"IBEROS, Los - Los Iberos -  (LP) | Guerssen","schema":{"@context":"https:\/\/schema.org","@graph":[{"@type":"WebPage","@id":"https:\/\/wpguerssen-test.odoo.rgbconsulting.com\/es\/producto\/los-iberos\/","url":"https:\/\/wpguerssen-test.odoo.rgbconsulting.com\/es\/producto\/los-iberos\/","name":"IBEROS, Los - Los Iberos - (LP) | Guerssen","isPartOf":{"@id":"https:\/\/wpguerssen-test.odoo.rgbconsulting.com\/es\/#website"},"primaryImageOfPage":{"@id":"https:\/\/wpguerssen-test.odoo.rgbconsulting.com\/es\/producto\/los-iberos\/#primaryimage"},"image":{"@id":"https:\/\/wpguerssen-test.odoo.rgbconsulting.com\/es\/producto\/los-iberos\/#primaryimage"},"thumbnailUrl":"https:\/\/wpguerssen-test.odoo.rgbconsulting.com\/wp-content\/uploads\/2022\/03\/36715.jpg","datePublished":"2025-03-23T23:00:00+00:00","dateModified":"2025-03-24T16:29:27+00:00","description":"One of the most brilliant Spanish groups in the 60's was Los Iberos, though they didn't reach the level of success their company expected when forming this supergroup. They had a bunch of 45s, most of them got together into an LP which is quite rare and collectable. Mostly English sung tracks including real self-penned hits like \"Hiding behind my smile\", a blue-eyed soul dancefloor burner, some nice sunshine pop tracks and also their incredible and groovy cover of Castaways' \"Liar, liar\" that kicks away the original!","breadcrumb":{"@id":"https:\/\/wpguerssen-test.odoo.rgbconsulting.com\/es\/producto\/los-iberos\/#breadcrumb"},"inLanguage":"es","potentialAction":[{"@type":"ReadAction","target":["https:\/\/wpguerssen-test.odoo.rgbconsulting.com\/es\/producto\/los-iberos\/"]}]},{"@type":"ImageObject","inLanguage":"es","@id":"https:\/\/wpguerssen-test.odoo.rgbconsulting.com\/es\/producto\/los-iberos\/#primaryimage","url":"https:\/\/wpguerssen-test.odoo.rgbconsulting.com\/wp-content\/uploads\/2022\/03\/36715.jpg","contentUrl":"https:\/\/wpguerssen-test.odoo.rgbconsulting.com\/wp-content\/uploads\/2022\/03\/36715.jpg","width":302,"height":305,"caption":"Los - Los Iberos - LEGACY (LP) | Guerssen"},{"@type":"BreadcrumbList","@id":"https:\/\/wpguerssen-test.odoo.rgbconsulting.com\/es\/producto\/los-iberos\/#breadcrumb","itemListElement":[{"@type":"ListItem","position":1,"name":"Inicio","item":"https:\/\/wpguerssen-test.odoo.rgbconsulting.com\/es\/"},{"@type":"ListItem","position":2,"name":"Shop","item":"https:\/\/wpguerssen-test.odoo.rgbconsulting.com\/shop\/"},{"@type":"ListItem","position":3,"name":"Los Iberos"}]},{"@type":"WebSite","@id":"https:\/\/wpguerssen-test.odoo.rgbconsulting.com\/es\/#website","url":"https:\/\/wpguerssen-test.odoo.rgbconsulting.com\/es\/","name":"Guerssen records","description":"psychedelia - progressive - folk - garage ","publisher":{"@id":"https:\/\/wpguerssen-test.odoo.rgbconsulting.com\/es\/#organization"},"potentialAction":[{"@type":"SearchAction","target":{"@type":"EntryPoint","urlTemplate":"https:\/\/wpguerssen-test.odoo.rgbconsulting.com\/es\/?s={search_term_string}"},"query-input":{"@type":"PropertyValueSpecification","valueRequired":true,"valueName":"search_term_string"}}],"inLanguage":"es"},{"@type":"Organization","@id":"https:\/\/wpguerssen-test.odoo.rgbconsulting.com\/es\/#organization","name":"Guerssen records","url":"https:\/\/wpguerssen-test.odoo.rgbconsulting.com\/es\/","logo":{"@type":"ImageObject","inLanguage":"es","@id":"https:\/\/wpguerssen-test.odoo.rgbconsulting.com\/es\/#\/schema\/logo\/image\/","url":"https:\/\/wpguerssen-test.odoo.rgbconsulting.com\/wp-content\/uploads\/2022\/04\/Logo_Guerssen_trans_100.png","contentUrl":"https:\/\/wpguerssen-test.odoo.rgbconsulting.com\/wp-content\/uploads\/2022\/04\/Logo_Guerssen_trans_100.png","width":122,"height":100,"caption":"Guerssen records"},"image":{"@id":"https:\/\/wpguerssen-test.odoo.rgbconsulting.com\/es\/#\/schema\/logo\/image\/"}}]}},"_links":{"self":[{"href":"https:\/\/wpguerssen-test.odoo.rgbconsulting.com\/es\/wp-json\/wp\/v2\/product\/207461","targetHints":{"allow":["GET"]}}],"collection":[{"href":"https:\/\/wpguerssen-test.odoo.rgbconsulting.com\/es\/wp-json\/wp\/v2\/product"}],"about":[{"href":"https:\/\/wpguerssen-test.odoo.rgbconsulting.com\/es\/wp-json\/wp\/v2\/types\/product"}],"wp:featuredmedia":[{"embeddable":true,"href":"https:\/\/wpguerssen-test.odoo.rgbconsulting.com\/es\/wp-json\/wp\/v2\/media\/126585"}],"wp:attachment":[{"href":"https:\/\/wpguerssen-test.odoo.rgbconsulting.com\/es\/wp-json\/wp\/v2\/media?parent=207461"}],"wp:term":[{"taxonomy":"product_brand","embeddable":true,"href":"https:\/\/wpguerssen-test.odoo.rgbconsulting.com\/es\/wp-json\/wp\/v2\/product_brand?post=207461"},{"taxonomy":"product_cat","embeddable":true,"href":"https:\/\/wpguerssen-test.odoo.rgbconsulting.com\/es\/wp-json\/wp\/v2\/product_cat?post=207461"},{"taxonomy":"product_tag","embeddable":true,"href":"https:\/\/wpguerssen-test.odoo.rgbconsulting.com\/es\/wp-json\/wp\/v2\/product_tag?post=207461"}],"curies":[{"name":"wp","href":"https:\/\/api.w.org\/{rel}","templated":true}]}}