{"id":207506,"date":"2025-01-24T00:00:00","date_gmt":"2025-01-23T23:00:00","guid":{"rendered":"http:\/\/guerssen.hl1097.dinaserver.com\/product\/singapore-nuggets-the-ladies\/"},"modified":"2025-04-22T15:48:37","modified_gmt":"2025-04-22T13:48:37","slug":"singapore-nuggets-the-ladies","status":"publish","type":"product","link":"https:\/\/wpguerssen-test.odoo.rgbconsulting.com\/es\/producto\/singapore-nuggets-the-ladies\/","title":{"rendered":"Singapore Nuggets * The Ladies"},"content":{"rendered":"<p>Durante los a\u00f1os 60 y 70, Singapur tuvo una de las escenas musicales m\u00e1s vibrantes de Asia y esta recopilaci\u00f3n es una buena muestra. Desde inocente pop a garage-fuzz y m\u00e1s! <\/p>\n<p> SIDE A A01 Chew Yan And The Stylers &#8211; Mimi Cat A02 Lim Ling &#038; Silvertones &#8211; Forget but Can-t Forget You A03 Grace Lee and the stylers &#8211; Each and every flower A04 Violet Tang &#038; Saints &#8211; You Are My Happiness A05 Rita Chao &#038; Quests &#8211; The Boy Next Door A06 Sakura &#8211; Come On To My House A07 Naomi &#038; The Boys Bad Loser SIDE B B01 Linda Yong And The Silvertones &#8211; Happy Lunar New Year B02 Patrina w Maurice Patton &#038; Melodians &#8211; Lipstick On Your Collar B03 Liu Hui Yun B04 Evey Lyn &#038; The Siglap Five &#8211; Tell Me If It&#8217;s True B05 Teresa Khoo &#038; Her Five Notes &#8211; You Don&#8217;t Know Baby B06 Doris Ang &#038; The Sandboys &#8211; Yummy Yummy Yummy B07 Shang Guan Su Shen &#8211; Walking in the Sunshine<\/p>\n","protected":false},"excerpt":{"rendered":"<p>Durante los a\u00f1os 60 y 70, Singapur tuvo una de las escenas musicales m\u00e1s vibrantes de Asia y esta recopilaci\u00f3n es una buena muestra. Desde inocente pop a garage-fuzz<a class=\"read\" href=\"https:\/\/wpguerssen-test.odoo.rgbconsulting.com\/es\/producto\/singapore-nuggets-the-ladies\/\"> (...)<\/a>","protected":false},"featured_media":126689,"template":"","meta":{"_acf_changed":false},"product_brand":[],"product_cat":[23281],"product_tag":[24185],"class_list":{"0":"post-207506","1":"product","2":"type-product","3":"status-publish","4":"has-post-thumbnail","6":"product_cat-garagebeatrnb60-70-es","7":"product_tag-de-nuevo-en-existencia","8":"pa_artist-various-artists-es","9":"pa_format-lp-es","10":"pa_gender-garage-beat-rnb60-70-garagebeatrnb60-70","11":"pa_label-akenaton","12":"pa_location-asia-es","13":"pa_other-filters-vinyl-only-es","15":"first","16":"instock","17":"taxable","18":"shipping-taxable","19":"purchasable","20":"product-type-simple"},"acf":[],"yoast_head":"<!-- This site is optimized with the Yoast SEO plugin v24.9 - https:\/\/yoast.com\/wordpress\/plugins\/seo\/ -->\n<title>VARIOUS ARTISTS - Singapore Nuggets * The Ladies -  (LP) | Guerssen<\/title>\n<meta name=\"description\" content=\"During the 60&#039;s and early 70&#039;s, Singapore had one of most vibrant and interesting music scenes in Asia and even the world, and this compilation presents undeniable proof of it. Focusing exclusively on the female presence on the scene (be it as solo singers, backed by other bands or as band leaders) &quot;Singapore Nuggets. The Ladies&quot;, presents such and amazing collection of songs many will be shocked by the sheer genius of this ladies. Ranging from Naive Pop to Fuzzed out Garage (and more!) all within the confines of Pop Yeh Yeh, the fresh, colorful, local sound of 60&#039;s Singapore in which western influences, Chinese, Arabic and Indian sounds were mixed by the locals to create a wonderfully idiosyncratic style. A must! #nl# SIDE A A01 Chew Yan And The Stylers - Mimi Cat A02 Lim Ling &amp; Silvertones - Forget but Can-t Forget You A03 Grace Lee and the stylers - Each and every flower A04 Violet Tang &amp; Saints - You Are My Happiness A05 Rita Chao &amp; Quests - The Boy Next Door A06 Sakura - Come On To My House A07 Naomi &amp; The Boys Bad Loser SIDE B B01 Linda Yong And The Silvertones - Happy Lunar New Year B02 Patrina w Maurice Patton &amp; Melodians - Lipstick On Your Collar B03 Liu Hui Yun B04 Evey Lyn &amp; The Siglap Five - Tell Me If It&#039;s True B05 Teresa Khoo &amp; Her Five Notes - You Don&#039;t Know Baby B06 Doris Ang &amp; The Sandboys - Yummy Yummy Yummy B07 Shang Guan Su Shen - Walking in the Sunshine\" \/>\n<meta name=\"robots\" content=\"index, follow, max-snippet:-1, max-image-preview:large, max-video-preview:-1\" \/>\n<link rel=\"canonical\" href=\"https:\/\/wpguerssen-test.odoo.rgbconsulting.com\/es\/producto\/singapore-nuggets-the-ladies\/\" \/>\n<meta property=\"og:locale\" content=\"es_ES\" \/>\n<meta property=\"og:type\" content=\"article\" \/>\n<meta property=\"og:title\" content=\"VARIOUS ARTISTS - Singapore Nuggets * The Ladies -  (LP) | Guerssen\" \/>\n<meta property=\"og:description\" content=\"During the 60&#039;s and early 70&#039;s, Singapore had one of most vibrant and interesting music scenes in Asia and even the world, and this compilation presents undeniable proof of it. Focusing exclusively on the female presence on the scene (be it as solo singers, backed by other bands or as band leaders) &quot;Singapore Nuggets. The Ladies&quot;, presents such and amazing collection of songs many will be shocked by the sheer genius of this ladies. Ranging from Naive Pop to Fuzzed out Garage (and more!) all within the confines of Pop Yeh Yeh, the fresh, colorful, local sound of 60&#039;s Singapore in which western influences, Chinese, Arabic and Indian sounds were mixed by the locals to create a wonderfully idiosyncratic style. A must! #nl# SIDE A A01 Chew Yan And The Stylers - Mimi Cat A02 Lim Ling &amp; Silvertones - Forget but Can-t Forget You A03 Grace Lee and the stylers - Each and every flower A04 Violet Tang &amp; Saints - You Are My Happiness A05 Rita Chao &amp; Quests - The Boy Next Door A06 Sakura - Come On To My House A07 Naomi &amp; The Boys Bad Loser SIDE B B01 Linda Yong And The Silvertones - Happy Lunar New Year B02 Patrina w Maurice Patton &amp; Melodians - Lipstick On Your Collar B03 Liu Hui Yun B04 Evey Lyn &amp; The Siglap Five - Tell Me If It&#039;s True B05 Teresa Khoo &amp; Her Five Notes - You Don&#039;t Know Baby B06 Doris Ang &amp; The Sandboys - Yummy Yummy Yummy B07 Shang Guan Su Shen - Walking in the Sunshine\" \/>\n<meta property=\"og:url\" content=\"https:\/\/wpguerssen-test.odoo.rgbconsulting.com\/es\/producto\/singapore-nuggets-the-ladies\/\" \/>\n<meta property=\"og:site_name\" content=\"Guerssen records\" \/>\n<meta property=\"article:modified_time\" content=\"2025-04-22T13:48:37+00:00\" \/>\n<meta property=\"og:image\" content=\"https:\/\/wpguerssen-test.odoo.rgbconsulting.com\/wp-content\/uploads\/2022\/03\/36781.jpg\" \/>\n\t<meta property=\"og:image:width\" content=\"227\" \/>\n\t<meta property=\"og:image:height\" content=\"227\" \/>\n\t<meta property=\"og:image:type\" content=\"image\/jpeg\" \/>\n<meta name=\"twitter:card\" content=\"summary_large_image\" \/>\n<meta name=\"twitter:title\" content=\"VARIOUS ARTISTS - Singapore Nuggets * The Ladies -  (LP) | Guerssen\" \/>\n<meta name=\"twitter:label1\" content=\"Tiempo de lectura\" \/>\n\t<meta name=\"twitter:data1\" content=\"1 minuto\" \/>\n<script type=\"application\/ld+json\" class=\"yoast-schema-graph\">{\"@context\":\"https:\/\/schema.org\",\"@graph\":[{\"@type\":\"WebPage\",\"@id\":\"https:\/\/wpguerssen-test.odoo.rgbconsulting.com\/es\/producto\/singapore-nuggets-the-ladies\/\",\"url\":\"https:\/\/wpguerssen-test.odoo.rgbconsulting.com\/es\/producto\/singapore-nuggets-the-ladies\/\",\"name\":\"VARIOUS ARTISTS - Singapore Nuggets * The Ladies - (LP) | Guerssen\",\"isPartOf\":{\"@id\":\"https:\/\/wpguerssen-test.odoo.rgbconsulting.com\/es\/#website\"},\"primaryImageOfPage\":{\"@id\":\"https:\/\/wpguerssen-test.odoo.rgbconsulting.com\/es\/producto\/singapore-nuggets-the-ladies\/#primaryimage\"},\"image\":{\"@id\":\"https:\/\/wpguerssen-test.odoo.rgbconsulting.com\/es\/producto\/singapore-nuggets-the-ladies\/#primaryimage\"},\"thumbnailUrl\":\"https:\/\/wpguerssen-test.odoo.rgbconsulting.com\/wp-content\/uploads\/2022\/03\/36781.jpg\",\"datePublished\":\"2025-01-23T23:00:00+00:00\",\"dateModified\":\"2025-04-22T13:48:37+00:00\",\"description\":\"During the 60's and early 70's, Singapore had one of most vibrant and interesting music scenes in Asia and even the world, and this compilation presents undeniable proof of it. Focusing exclusively on the female presence on the scene (be it as solo singers, backed by other bands or as band leaders) \\\"Singapore Nuggets. The Ladies\\\", presents such and amazing collection of songs many will be shocked by the sheer genius of this ladies. Ranging from Naive Pop to Fuzzed out Garage (and more!) all within the confines of Pop Yeh Yeh, the fresh, colorful, local sound of 60's Singapore in which western influences, Chinese, Arabic and Indian sounds were mixed by the locals to create a wonderfully idiosyncratic style. A must! #nl# SIDE A A01 Chew Yan And The Stylers - Mimi Cat A02 Lim Ling & Silvertones - Forget but Can-t Forget You A03 Grace Lee and the stylers - Each and every flower A04 Violet Tang & Saints - You Are My Happiness A05 Rita Chao & Quests - The Boy Next Door A06 Sakura - Come On To My House A07 Naomi & The Boys Bad Loser SIDE B B01 Linda Yong And The Silvertones - Happy Lunar New Year B02 Patrina w Maurice Patton & Melodians - Lipstick On Your Collar B03 Liu Hui Yun B04 Evey Lyn & The Siglap Five - Tell Me If It's True B05 Teresa Khoo & Her Five Notes - You Don't Know Baby B06 Doris Ang & The Sandboys - Yummy Yummy Yummy B07 Shang Guan Su Shen - Walking in the Sunshine\",\"breadcrumb\":{\"@id\":\"https:\/\/wpguerssen-test.odoo.rgbconsulting.com\/es\/producto\/singapore-nuggets-the-ladies\/#breadcrumb\"},\"inLanguage\":\"es\",\"potentialAction\":[{\"@type\":\"ReadAction\",\"target\":[\"https:\/\/wpguerssen-test.odoo.rgbconsulting.com\/es\/producto\/singapore-nuggets-the-ladies\/\"]}]},{\"@type\":\"ImageObject\",\"inLanguage\":\"es\",\"@id\":\"https:\/\/wpguerssen-test.odoo.rgbconsulting.com\/es\/producto\/singapore-nuggets-the-ladies\/#primaryimage\",\"url\":\"https:\/\/wpguerssen-test.odoo.rgbconsulting.com\/wp-content\/uploads\/2022\/03\/36781.jpg\",\"contentUrl\":\"https:\/\/wpguerssen-test.odoo.rgbconsulting.com\/wp-content\/uploads\/2022\/03\/36781.jpg\",\"width\":227,\"height\":227,\"caption\":\"VARIOUS ARTISTS - Singapore Nuggets * The Ladies - AKENATON (LP) | Guerssen\"},{\"@type\":\"BreadcrumbList\",\"@id\":\"https:\/\/wpguerssen-test.odoo.rgbconsulting.com\/es\/producto\/singapore-nuggets-the-ladies\/#breadcrumb\",\"itemListElement\":[{\"@type\":\"ListItem\",\"position\":1,\"name\":\"Inicio\",\"item\":\"https:\/\/wpguerssen-test.odoo.rgbconsulting.com\/es\/\"},{\"@type\":\"ListItem\",\"position\":2,\"name\":\"Shop\",\"item\":\"https:\/\/wpguerssen-test.odoo.rgbconsulting.com\/shop\/\"},{\"@type\":\"ListItem\",\"position\":3,\"name\":\"Singapore Nuggets * The Ladies\"}]},{\"@type\":\"WebSite\",\"@id\":\"https:\/\/wpguerssen-test.odoo.rgbconsulting.com\/es\/#website\",\"url\":\"https:\/\/wpguerssen-test.odoo.rgbconsulting.com\/es\/\",\"name\":\"Guerssen records\",\"description\":\"psychedelia - progressive - folk - garage \",\"publisher\":{\"@id\":\"https:\/\/wpguerssen-test.odoo.rgbconsulting.com\/es\/#organization\"},\"potentialAction\":[{\"@type\":\"SearchAction\",\"target\":{\"@type\":\"EntryPoint\",\"urlTemplate\":\"https:\/\/wpguerssen-test.odoo.rgbconsulting.com\/es\/?s={search_term_string}\"},\"query-input\":{\"@type\":\"PropertyValueSpecification\",\"valueRequired\":true,\"valueName\":\"search_term_string\"}}],\"inLanguage\":\"es\"},{\"@type\":\"Organization\",\"@id\":\"https:\/\/wpguerssen-test.odoo.rgbconsulting.com\/es\/#organization\",\"name\":\"Guerssen records\",\"url\":\"https:\/\/wpguerssen-test.odoo.rgbconsulting.com\/es\/\",\"logo\":{\"@type\":\"ImageObject\",\"inLanguage\":\"es\",\"@id\":\"https:\/\/wpguerssen-test.odoo.rgbconsulting.com\/es\/#\/schema\/logo\/image\/\",\"url\":\"https:\/\/wpguerssen-test.odoo.rgbconsulting.com\/wp-content\/uploads\/2022\/04\/Logo_Guerssen_trans_100.png\",\"contentUrl\":\"https:\/\/wpguerssen-test.odoo.rgbconsulting.com\/wp-content\/uploads\/2022\/04\/Logo_Guerssen_trans_100.png\",\"width\":122,\"height\":100,\"caption\":\"Guerssen records\"},\"image\":{\"@id\":\"https:\/\/wpguerssen-test.odoo.rgbconsulting.com\/es\/#\/schema\/logo\/image\/\"}}]}<\/script>\n<!-- \/ Yoast SEO plugin. -->","yoast_head_json":{"title":"VARIOUS ARTISTS - Singapore Nuggets * The Ladies -  (LP) | Guerssen","description":"During the 60's and early 70's, Singapore had one of most vibrant and interesting music scenes in Asia and even the world, and this compilation presents undeniable proof of it. Focusing exclusively on the female presence on the scene (be it as solo singers, backed by other bands or as band leaders) \"Singapore Nuggets. The Ladies\", presents such and amazing collection of songs many will be shocked by the sheer genius of this ladies. Ranging from Naive Pop to Fuzzed out Garage (and more!) all within the confines of Pop Yeh Yeh, the fresh, colorful, local sound of 60's Singapore in which western influences, Chinese, Arabic and Indian sounds were mixed by the locals to create a wonderfully idiosyncratic style. A must! #nl# SIDE A A01 Chew Yan And The Stylers - Mimi Cat A02 Lim Ling & Silvertones - Forget but Can-t Forget You A03 Grace Lee and the stylers - Each and every flower A04 Violet Tang & Saints - You Are My Happiness A05 Rita Chao & Quests - The Boy Next Door A06 Sakura - Come On To My House A07 Naomi & The Boys Bad Loser SIDE B B01 Linda Yong And The Silvertones - Happy Lunar New Year B02 Patrina w Maurice Patton & Melodians - Lipstick On Your Collar B03 Liu Hui Yun B04 Evey Lyn & The Siglap Five - Tell Me If It's True B05 Teresa Khoo & Her Five Notes - You Don't Know Baby B06 Doris Ang & The Sandboys - Yummy Yummy Yummy B07 Shang Guan Su Shen - Walking in the Sunshine","robots":{"index":"index","follow":"follow","max-snippet":"max-snippet:-1","max-image-preview":"max-image-preview:large","max-video-preview":"max-video-preview:-1"},"canonical":"https:\/\/wpguerssen-test.odoo.rgbconsulting.com\/es\/producto\/singapore-nuggets-the-ladies\/","og_locale":"es_ES","og_type":"article","og_title":"VARIOUS ARTISTS - Singapore Nuggets * The Ladies -  (LP) | Guerssen","og_description":"During the 60's and early 70's, Singapore had one of most vibrant and interesting music scenes in Asia and even the world, and this compilation presents undeniable proof of it. Focusing exclusively on the female presence on the scene (be it as solo singers, backed by other bands or as band leaders) \"Singapore Nuggets. The Ladies\", presents such and amazing collection of songs many will be shocked by the sheer genius of this ladies. Ranging from Naive Pop to Fuzzed out Garage (and more!) all within the confines of Pop Yeh Yeh, the fresh, colorful, local sound of 60's Singapore in which western influences, Chinese, Arabic and Indian sounds were mixed by the locals to create a wonderfully idiosyncratic style. A must! #nl# SIDE A A01 Chew Yan And The Stylers - Mimi Cat A02 Lim Ling & Silvertones - Forget but Can-t Forget You A03 Grace Lee and the stylers - Each and every flower A04 Violet Tang & Saints - You Are My Happiness A05 Rita Chao & Quests - The Boy Next Door A06 Sakura - Come On To My House A07 Naomi & The Boys Bad Loser SIDE B B01 Linda Yong And The Silvertones - Happy Lunar New Year B02 Patrina w Maurice Patton & Melodians - Lipstick On Your Collar B03 Liu Hui Yun B04 Evey Lyn & The Siglap Five - Tell Me If It's True B05 Teresa Khoo & Her Five Notes - You Don't Know Baby B06 Doris Ang & The Sandboys - Yummy Yummy Yummy B07 Shang Guan Su Shen - Walking in the Sunshine","og_url":"https:\/\/wpguerssen-test.odoo.rgbconsulting.com\/es\/producto\/singapore-nuggets-the-ladies\/","og_site_name":"Guerssen records","article_modified_time":"2025-04-22T13:48:37+00:00","og_image":[{"width":227,"height":227,"url":"https:\/\/wpguerssen-test.odoo.rgbconsulting.com\/wp-content\/uploads\/2022\/03\/36781.jpg","type":"image\/jpeg"}],"twitter_card":"summary_large_image","twitter_title":"VARIOUS ARTISTS - Singapore Nuggets * The Ladies -  (LP) | Guerssen","twitter_misc":{"Tiempo de lectura":"1 minuto"},"schema":{"@context":"https:\/\/schema.org","@graph":[{"@type":"WebPage","@id":"https:\/\/wpguerssen-test.odoo.rgbconsulting.com\/es\/producto\/singapore-nuggets-the-ladies\/","url":"https:\/\/wpguerssen-test.odoo.rgbconsulting.com\/es\/producto\/singapore-nuggets-the-ladies\/","name":"VARIOUS ARTISTS - Singapore Nuggets * The Ladies - (LP) | Guerssen","isPartOf":{"@id":"https:\/\/wpguerssen-test.odoo.rgbconsulting.com\/es\/#website"},"primaryImageOfPage":{"@id":"https:\/\/wpguerssen-test.odoo.rgbconsulting.com\/es\/producto\/singapore-nuggets-the-ladies\/#primaryimage"},"image":{"@id":"https:\/\/wpguerssen-test.odoo.rgbconsulting.com\/es\/producto\/singapore-nuggets-the-ladies\/#primaryimage"},"thumbnailUrl":"https:\/\/wpguerssen-test.odoo.rgbconsulting.com\/wp-content\/uploads\/2022\/03\/36781.jpg","datePublished":"2025-01-23T23:00:00+00:00","dateModified":"2025-04-22T13:48:37+00:00","description":"During the 60's and early 70's, Singapore had one of most vibrant and interesting music scenes in Asia and even the world, and this compilation presents undeniable proof of it. Focusing exclusively on the female presence on the scene (be it as solo singers, backed by other bands or as band leaders) \"Singapore Nuggets. The Ladies\", presents such and amazing collection of songs many will be shocked by the sheer genius of this ladies. Ranging from Naive Pop to Fuzzed out Garage (and more!) all within the confines of Pop Yeh Yeh, the fresh, colorful, local sound of 60's Singapore in which western influences, Chinese, Arabic and Indian sounds were mixed by the locals to create a wonderfully idiosyncratic style. A must! #nl# SIDE A A01 Chew Yan And The Stylers - Mimi Cat A02 Lim Ling & Silvertones - Forget but Can-t Forget You A03 Grace Lee and the stylers - Each and every flower A04 Violet Tang & Saints - You Are My Happiness A05 Rita Chao & Quests - The Boy Next Door A06 Sakura - Come On To My House A07 Naomi & The Boys Bad Loser SIDE B B01 Linda Yong And The Silvertones - Happy Lunar New Year B02 Patrina w Maurice Patton & Melodians - Lipstick On Your Collar B03 Liu Hui Yun B04 Evey Lyn & The Siglap Five - Tell Me If It's True B05 Teresa Khoo & Her Five Notes - You Don't Know Baby B06 Doris Ang & The Sandboys - Yummy Yummy Yummy B07 Shang Guan Su Shen - Walking in the Sunshine","breadcrumb":{"@id":"https:\/\/wpguerssen-test.odoo.rgbconsulting.com\/es\/producto\/singapore-nuggets-the-ladies\/#breadcrumb"},"inLanguage":"es","potentialAction":[{"@type":"ReadAction","target":["https:\/\/wpguerssen-test.odoo.rgbconsulting.com\/es\/producto\/singapore-nuggets-the-ladies\/"]}]},{"@type":"ImageObject","inLanguage":"es","@id":"https:\/\/wpguerssen-test.odoo.rgbconsulting.com\/es\/producto\/singapore-nuggets-the-ladies\/#primaryimage","url":"https:\/\/wpguerssen-test.odoo.rgbconsulting.com\/wp-content\/uploads\/2022\/03\/36781.jpg","contentUrl":"https:\/\/wpguerssen-test.odoo.rgbconsulting.com\/wp-content\/uploads\/2022\/03\/36781.jpg","width":227,"height":227,"caption":"VARIOUS ARTISTS - Singapore Nuggets * The Ladies - AKENATON (LP) | Guerssen"},{"@type":"BreadcrumbList","@id":"https:\/\/wpguerssen-test.odoo.rgbconsulting.com\/es\/producto\/singapore-nuggets-the-ladies\/#breadcrumb","itemListElement":[{"@type":"ListItem","position":1,"name":"Inicio","item":"https:\/\/wpguerssen-test.odoo.rgbconsulting.com\/es\/"},{"@type":"ListItem","position":2,"name":"Shop","item":"https:\/\/wpguerssen-test.odoo.rgbconsulting.com\/shop\/"},{"@type":"ListItem","position":3,"name":"Singapore Nuggets * The Ladies"}]},{"@type":"WebSite","@id":"https:\/\/wpguerssen-test.odoo.rgbconsulting.com\/es\/#website","url":"https:\/\/wpguerssen-test.odoo.rgbconsulting.com\/es\/","name":"Guerssen records","description":"psychedelia - progressive - folk - garage ","publisher":{"@id":"https:\/\/wpguerssen-test.odoo.rgbconsulting.com\/es\/#organization"},"potentialAction":[{"@type":"SearchAction","target":{"@type":"EntryPoint","urlTemplate":"https:\/\/wpguerssen-test.odoo.rgbconsulting.com\/es\/?s={search_term_string}"},"query-input":{"@type":"PropertyValueSpecification","valueRequired":true,"valueName":"search_term_string"}}],"inLanguage":"es"},{"@type":"Organization","@id":"https:\/\/wpguerssen-test.odoo.rgbconsulting.com\/es\/#organization","name":"Guerssen records","url":"https:\/\/wpguerssen-test.odoo.rgbconsulting.com\/es\/","logo":{"@type":"ImageObject","inLanguage":"es","@id":"https:\/\/wpguerssen-test.odoo.rgbconsulting.com\/es\/#\/schema\/logo\/image\/","url":"https:\/\/wpguerssen-test.odoo.rgbconsulting.com\/wp-content\/uploads\/2022\/04\/Logo_Guerssen_trans_100.png","contentUrl":"https:\/\/wpguerssen-test.odoo.rgbconsulting.com\/wp-content\/uploads\/2022\/04\/Logo_Guerssen_trans_100.png","width":122,"height":100,"caption":"Guerssen records"},"image":{"@id":"https:\/\/wpguerssen-test.odoo.rgbconsulting.com\/es\/#\/schema\/logo\/image\/"}}]}},"_links":{"self":[{"href":"https:\/\/wpguerssen-test.odoo.rgbconsulting.com\/es\/wp-json\/wp\/v2\/product\/207506","targetHints":{"allow":["GET"]}}],"collection":[{"href":"https:\/\/wpguerssen-test.odoo.rgbconsulting.com\/es\/wp-json\/wp\/v2\/product"}],"about":[{"href":"https:\/\/wpguerssen-test.odoo.rgbconsulting.com\/es\/wp-json\/wp\/v2\/types\/product"}],"wp:featuredmedia":[{"embeddable":true,"href":"https:\/\/wpguerssen-test.odoo.rgbconsulting.com\/es\/wp-json\/wp\/v2\/media\/126689"}],"wp:attachment":[{"href":"https:\/\/wpguerssen-test.odoo.rgbconsulting.com\/es\/wp-json\/wp\/v2\/media?parent=207506"}],"wp:term":[{"taxonomy":"product_brand","embeddable":true,"href":"https:\/\/wpguerssen-test.odoo.rgbconsulting.com\/es\/wp-json\/wp\/v2\/product_brand?post=207506"},{"taxonomy":"product_cat","embeddable":true,"href":"https:\/\/wpguerssen-test.odoo.rgbconsulting.com\/es\/wp-json\/wp\/v2\/product_cat?post=207506"},{"taxonomy":"product_tag","embeddable":true,"href":"https:\/\/wpguerssen-test.odoo.rgbconsulting.com\/es\/wp-json\/wp\/v2\/product_tag?post=207506"}],"curies":[{"name":"wp","href":"https:\/\/api.w.org\/{rel}","templated":true}]}}