{"id":207534,"date":"2025-04-03T00:00:00","date_gmt":"2025-04-02T22:00:00","guid":{"rendered":"http:\/\/guerssen.hl1097.dinaserver.com\/product\/arrollando-con-alegria\/"},"modified":"2025-04-04T12:26:43","modified_gmt":"2025-04-04T10:26:43","slug":"arrollando-con-alegria","status":"publish","type":"product","link":"https:\/\/wpguerssen-test.odoo.rgbconsulting.com\/es\/producto\/arrollando-con-alegria\/","title":{"rendered":"Arrollando Con Alegr\u00eda"},"content":{"rendered":"<p>Primer disco del Grupo Alegr\u00eda, originalmente editado en 1983, Side A- Conmuevete, Refugio En El Licor, Vete Y No Vuelvas, Por Culpa De Una Ri\u00f1a, Tu Cambiaste Mi Vida, El Pu\u00f1al De Tu Traicion. Side B- Es Un Pecado, El Solitario, Pequeno Luchador, Mendigo De Amor, Dios Mio Cuida Mi Hogar, Nuestro Amor Ya No volvera<\/p>\n","protected":false},"excerpt":{"rendered":"<p>Primer disco del Grupo Alegr\u00eda, originalmente editado en 1983, Side A- Conmuevete, Refugio En El Licor, Vete Y No Vuelvas, Por Culpa De Una Ri\u00f1a, Tu Cambiaste Mi<a class=\"read\" href=\"https:\/\/wpguerssen-test.odoo.rgbconsulting.com\/es\/producto\/arrollando-con-alegria\/\"> (...)<\/a>","protected":false},"featured_media":126728,"template":"","meta":{"_acf_changed":false},"product_brand":[],"product_cat":[23231],"product_tag":[24185],"class_list":{"0":"post-207534","1":"product","2":"type-product","3":"status-publish","4":"has-post-thumbnail","6":"product_cat-latin-brazilian-es","7":"product_tag-de-nuevo-en-existencia","8":"pa_artist-grupo-alegria","9":"pa_format-lp-es","10":"pa_gender-latin-brazilian","11":"pa_label-discos-horoscopo","12":"pa_location-south-america-caribbean-es","13":"pa_other-filters-vinyl-only-es","15":"first","16":"instock","17":"taxable","18":"shipping-taxable","19":"purchasable","20":"product-type-simple"},"acf":[],"yoast_head":"<!-- This site is optimized with the Yoast SEO plugin v24.9 - https:\/\/yoast.com\/wordpress\/plugins\/seo\/ -->\n<title>GRUPO ALEGR\u00cdA - Arrollando Con Alegr\u00eda -  (LP) | Guerssen<\/title>\n<meta name=\"description\" content=\"First album, originally released in 1983 on the Hor\u00f3scopo label, by Grupo Alegr\u00eda, a perfect example of the infectious Chicha \/ Peruvian Cumbia sound. #nl# Side A: Conmuevete - Refugio En El Licor - Vete Y No Vuelvas - Por Culpa De Una Ri\u00f1a - Tu Cambiaste Mi Vida - El Pu\u00f1al De Tu Traici\u00f3nSide B: Es Un Pecado - El Solitario - Peque\u00f1o Luchador - Mendigo de Amor - Dios M\u00edo Cuida Mi Hogar - Nuestro Amor Ya No Volver\u00e1\" \/>\n<meta name=\"robots\" content=\"index, follow, max-snippet:-1, max-image-preview:large, max-video-preview:-1\" \/>\n<link rel=\"canonical\" href=\"https:\/\/wpguerssen-test.odoo.rgbconsulting.com\/es\/producto\/arrollando-con-alegria\/\" \/>\n<meta property=\"og:locale\" content=\"es_ES\" \/>\n<meta property=\"og:type\" content=\"article\" \/>\n<meta property=\"og:title\" content=\"GRUPO ALEGR\u00cdA - Arrollando Con Alegr\u00eda -  (LP) | Guerssen\" \/>\n<meta property=\"og:description\" content=\"First album, originally released in 1983 on the Hor\u00f3scopo label, by Grupo Alegr\u00eda, a perfect example of the infectious Chicha \/ Peruvian Cumbia sound. #nl# Side A: Conmuevete - Refugio En El Licor - Vete Y No Vuelvas - Por Culpa De Una Ri\u00f1a - Tu Cambiaste Mi Vida - El Pu\u00f1al De Tu Traici\u00f3nSide B: Es Un Pecado - El Solitario - Peque\u00f1o Luchador - Mendigo de Amor - Dios M\u00edo Cuida Mi Hogar - Nuestro Amor Ya No Volver\u00e1\" \/>\n<meta property=\"og:url\" content=\"https:\/\/wpguerssen-test.odoo.rgbconsulting.com\/es\/producto\/arrollando-con-alegria\/\" \/>\n<meta property=\"og:site_name\" content=\"Guerssen records\" \/>\n<meta property=\"article:modified_time\" content=\"2025-04-04T10:26:43+00:00\" \/>\n<meta property=\"og:image\" content=\"https:\/\/wpguerssen-test.odoo.rgbconsulting.com\/wp-content\/uploads\/2022\/03\/36824.jpg\" \/>\n\t<meta property=\"og:image:width\" content=\"303\" \/>\n\t<meta property=\"og:image:height\" content=\"302\" \/>\n\t<meta property=\"og:image:type\" content=\"image\/jpeg\" \/>\n<meta name=\"twitter:card\" content=\"summary_large_image\" \/>\n<meta name=\"twitter:title\" content=\"GRUPO ALEGR\u00cdA - Arrollando Con Alegr\u00eda -  (LP) | Guerssen\" \/>\n<script type=\"application\/ld+json\" class=\"yoast-schema-graph\">{\"@context\":\"https:\/\/schema.org\",\"@graph\":[{\"@type\":\"WebPage\",\"@id\":\"https:\/\/wpguerssen-test.odoo.rgbconsulting.com\/es\/producto\/arrollando-con-alegria\/\",\"url\":\"https:\/\/wpguerssen-test.odoo.rgbconsulting.com\/es\/producto\/arrollando-con-alegria\/\",\"name\":\"GRUPO ALEGR\u00cdA - Arrollando Con Alegr\u00eda - (LP) | Guerssen\",\"isPartOf\":{\"@id\":\"https:\/\/wpguerssen-test.odoo.rgbconsulting.com\/es\/#website\"},\"primaryImageOfPage\":{\"@id\":\"https:\/\/wpguerssen-test.odoo.rgbconsulting.com\/es\/producto\/arrollando-con-alegria\/#primaryimage\"},\"image\":{\"@id\":\"https:\/\/wpguerssen-test.odoo.rgbconsulting.com\/es\/producto\/arrollando-con-alegria\/#primaryimage\"},\"thumbnailUrl\":\"https:\/\/wpguerssen-test.odoo.rgbconsulting.com\/wp-content\/uploads\/2022\/03\/36824.jpg\",\"datePublished\":\"2025-04-02T22:00:00+00:00\",\"dateModified\":\"2025-04-04T10:26:43+00:00\",\"description\":\"First album, originally released in 1983 on the Hor\u00f3scopo label, by Grupo Alegr\u00eda, a perfect example of the infectious Chicha \/ Peruvian Cumbia sound. #nl# Side A: Conmuevete - Refugio En El Licor - Vete Y No Vuelvas - Por Culpa De Una Ri\u00f1a - Tu Cambiaste Mi Vida - El Pu\u00f1al De Tu Traici\u00f3nSide B: Es Un Pecado - El Solitario - Peque\u00f1o Luchador - Mendigo de Amor - Dios M\u00edo Cuida Mi Hogar - Nuestro Amor Ya No Volver\u00e1\",\"breadcrumb\":{\"@id\":\"https:\/\/wpguerssen-test.odoo.rgbconsulting.com\/es\/producto\/arrollando-con-alegria\/#breadcrumb\"},\"inLanguage\":\"es\",\"potentialAction\":[{\"@type\":\"ReadAction\",\"target\":[\"https:\/\/wpguerssen-test.odoo.rgbconsulting.com\/es\/producto\/arrollando-con-alegria\/\"]}]},{\"@type\":\"ImageObject\",\"inLanguage\":\"es\",\"@id\":\"https:\/\/wpguerssen-test.odoo.rgbconsulting.com\/es\/producto\/arrollando-con-alegria\/#primaryimage\",\"url\":\"https:\/\/wpguerssen-test.odoo.rgbconsulting.com\/wp-content\/uploads\/2022\/03\/36824.jpg\",\"contentUrl\":\"https:\/\/wpguerssen-test.odoo.rgbconsulting.com\/wp-content\/uploads\/2022\/03\/36824.jpg\",\"width\":303,\"height\":302,\"caption\":\"GRUPO ALEGR\u00cdA - Arrollando Con Alegr\u00eda - DISCOS HOR\u00d3SCOPO (LP) | Guerssen\"},{\"@type\":\"BreadcrumbList\",\"@id\":\"https:\/\/wpguerssen-test.odoo.rgbconsulting.com\/es\/producto\/arrollando-con-alegria\/#breadcrumb\",\"itemListElement\":[{\"@type\":\"ListItem\",\"position\":1,\"name\":\"Inicio\",\"item\":\"https:\/\/wpguerssen-test.odoo.rgbconsulting.com\/es\/\"},{\"@type\":\"ListItem\",\"position\":2,\"name\":\"Shop\",\"item\":\"https:\/\/wpguerssen-test.odoo.rgbconsulting.com\/shop\/\"},{\"@type\":\"ListItem\",\"position\":3,\"name\":\"Arrollando Con Alegr\u00eda\"}]},{\"@type\":\"WebSite\",\"@id\":\"https:\/\/wpguerssen-test.odoo.rgbconsulting.com\/es\/#website\",\"url\":\"https:\/\/wpguerssen-test.odoo.rgbconsulting.com\/es\/\",\"name\":\"Guerssen records\",\"description\":\"psychedelia - progressive - folk - garage \",\"publisher\":{\"@id\":\"https:\/\/wpguerssen-test.odoo.rgbconsulting.com\/es\/#organization\"},\"potentialAction\":[{\"@type\":\"SearchAction\",\"target\":{\"@type\":\"EntryPoint\",\"urlTemplate\":\"https:\/\/wpguerssen-test.odoo.rgbconsulting.com\/es\/?s={search_term_string}\"},\"query-input\":{\"@type\":\"PropertyValueSpecification\",\"valueRequired\":true,\"valueName\":\"search_term_string\"}}],\"inLanguage\":\"es\"},{\"@type\":\"Organization\",\"@id\":\"https:\/\/wpguerssen-test.odoo.rgbconsulting.com\/es\/#organization\",\"name\":\"Guerssen records\",\"url\":\"https:\/\/wpguerssen-test.odoo.rgbconsulting.com\/es\/\",\"logo\":{\"@type\":\"ImageObject\",\"inLanguage\":\"es\",\"@id\":\"https:\/\/wpguerssen-test.odoo.rgbconsulting.com\/es\/#\/schema\/logo\/image\/\",\"url\":\"https:\/\/wpguerssen-test.odoo.rgbconsulting.com\/wp-content\/uploads\/2022\/04\/Logo_Guerssen_trans_100.png\",\"contentUrl\":\"https:\/\/wpguerssen-test.odoo.rgbconsulting.com\/wp-content\/uploads\/2022\/04\/Logo_Guerssen_trans_100.png\",\"width\":122,\"height\":100,\"caption\":\"Guerssen records\"},\"image\":{\"@id\":\"https:\/\/wpguerssen-test.odoo.rgbconsulting.com\/es\/#\/schema\/logo\/image\/\"}}]}<\/script>\n<!-- \/ Yoast SEO plugin. -->","yoast_head_json":{"title":"GRUPO ALEGR\u00cdA - Arrollando Con Alegr\u00eda -  (LP) | Guerssen","description":"First album, originally released in 1983 on the Hor\u00f3scopo label, by Grupo Alegr\u00eda, a perfect example of the infectious Chicha \/ Peruvian Cumbia sound. #nl# Side A: Conmuevete - Refugio En El Licor - Vete Y No Vuelvas - Por Culpa De Una Ri\u00f1a - Tu Cambiaste Mi Vida - El Pu\u00f1al De Tu Traici\u00f3nSide B: Es Un Pecado - El Solitario - Peque\u00f1o Luchador - Mendigo de Amor - Dios M\u00edo Cuida Mi Hogar - Nuestro Amor Ya No Volver\u00e1","robots":{"index":"index","follow":"follow","max-snippet":"max-snippet:-1","max-image-preview":"max-image-preview:large","max-video-preview":"max-video-preview:-1"},"canonical":"https:\/\/wpguerssen-test.odoo.rgbconsulting.com\/es\/producto\/arrollando-con-alegria\/","og_locale":"es_ES","og_type":"article","og_title":"GRUPO ALEGR\u00cdA - Arrollando Con Alegr\u00eda -  (LP) | Guerssen","og_description":"First album, originally released in 1983 on the Hor\u00f3scopo label, by Grupo Alegr\u00eda, a perfect example of the infectious Chicha \/ Peruvian Cumbia sound. #nl# Side A: Conmuevete - Refugio En El Licor - Vete Y No Vuelvas - Por Culpa De Una Ri\u00f1a - Tu Cambiaste Mi Vida - El Pu\u00f1al De Tu Traici\u00f3nSide B: Es Un Pecado - El Solitario - Peque\u00f1o Luchador - Mendigo de Amor - Dios M\u00edo Cuida Mi Hogar - Nuestro Amor Ya No Volver\u00e1","og_url":"https:\/\/wpguerssen-test.odoo.rgbconsulting.com\/es\/producto\/arrollando-con-alegria\/","og_site_name":"Guerssen records","article_modified_time":"2025-04-04T10:26:43+00:00","og_image":[{"width":303,"height":302,"url":"https:\/\/wpguerssen-test.odoo.rgbconsulting.com\/wp-content\/uploads\/2022\/03\/36824.jpg","type":"image\/jpeg"}],"twitter_card":"summary_large_image","twitter_title":"GRUPO ALEGR\u00cdA - Arrollando Con Alegr\u00eda -  (LP) | Guerssen","schema":{"@context":"https:\/\/schema.org","@graph":[{"@type":"WebPage","@id":"https:\/\/wpguerssen-test.odoo.rgbconsulting.com\/es\/producto\/arrollando-con-alegria\/","url":"https:\/\/wpguerssen-test.odoo.rgbconsulting.com\/es\/producto\/arrollando-con-alegria\/","name":"GRUPO ALEGR\u00cdA - Arrollando Con Alegr\u00eda - (LP) | Guerssen","isPartOf":{"@id":"https:\/\/wpguerssen-test.odoo.rgbconsulting.com\/es\/#website"},"primaryImageOfPage":{"@id":"https:\/\/wpguerssen-test.odoo.rgbconsulting.com\/es\/producto\/arrollando-con-alegria\/#primaryimage"},"image":{"@id":"https:\/\/wpguerssen-test.odoo.rgbconsulting.com\/es\/producto\/arrollando-con-alegria\/#primaryimage"},"thumbnailUrl":"https:\/\/wpguerssen-test.odoo.rgbconsulting.com\/wp-content\/uploads\/2022\/03\/36824.jpg","datePublished":"2025-04-02T22:00:00+00:00","dateModified":"2025-04-04T10:26:43+00:00","description":"First album, originally released in 1983 on the Hor\u00f3scopo label, by Grupo Alegr\u00eda, a perfect example of the infectious Chicha \/ Peruvian Cumbia sound. #nl# Side A: Conmuevete - Refugio En El Licor - Vete Y No Vuelvas - Por Culpa De Una Ri\u00f1a - Tu Cambiaste Mi Vida - El Pu\u00f1al De Tu Traici\u00f3nSide B: Es Un Pecado - El Solitario - Peque\u00f1o Luchador - Mendigo de Amor - Dios M\u00edo Cuida Mi Hogar - Nuestro Amor Ya No Volver\u00e1","breadcrumb":{"@id":"https:\/\/wpguerssen-test.odoo.rgbconsulting.com\/es\/producto\/arrollando-con-alegria\/#breadcrumb"},"inLanguage":"es","potentialAction":[{"@type":"ReadAction","target":["https:\/\/wpguerssen-test.odoo.rgbconsulting.com\/es\/producto\/arrollando-con-alegria\/"]}]},{"@type":"ImageObject","inLanguage":"es","@id":"https:\/\/wpguerssen-test.odoo.rgbconsulting.com\/es\/producto\/arrollando-con-alegria\/#primaryimage","url":"https:\/\/wpguerssen-test.odoo.rgbconsulting.com\/wp-content\/uploads\/2022\/03\/36824.jpg","contentUrl":"https:\/\/wpguerssen-test.odoo.rgbconsulting.com\/wp-content\/uploads\/2022\/03\/36824.jpg","width":303,"height":302,"caption":"GRUPO ALEGR\u00cdA - Arrollando Con Alegr\u00eda - DISCOS HOR\u00d3SCOPO (LP) | Guerssen"},{"@type":"BreadcrumbList","@id":"https:\/\/wpguerssen-test.odoo.rgbconsulting.com\/es\/producto\/arrollando-con-alegria\/#breadcrumb","itemListElement":[{"@type":"ListItem","position":1,"name":"Inicio","item":"https:\/\/wpguerssen-test.odoo.rgbconsulting.com\/es\/"},{"@type":"ListItem","position":2,"name":"Shop","item":"https:\/\/wpguerssen-test.odoo.rgbconsulting.com\/shop\/"},{"@type":"ListItem","position":3,"name":"Arrollando Con Alegr\u00eda"}]},{"@type":"WebSite","@id":"https:\/\/wpguerssen-test.odoo.rgbconsulting.com\/es\/#website","url":"https:\/\/wpguerssen-test.odoo.rgbconsulting.com\/es\/","name":"Guerssen records","description":"psychedelia - progressive - folk - garage ","publisher":{"@id":"https:\/\/wpguerssen-test.odoo.rgbconsulting.com\/es\/#organization"},"potentialAction":[{"@type":"SearchAction","target":{"@type":"EntryPoint","urlTemplate":"https:\/\/wpguerssen-test.odoo.rgbconsulting.com\/es\/?s={search_term_string}"},"query-input":{"@type":"PropertyValueSpecification","valueRequired":true,"valueName":"search_term_string"}}],"inLanguage":"es"},{"@type":"Organization","@id":"https:\/\/wpguerssen-test.odoo.rgbconsulting.com\/es\/#organization","name":"Guerssen records","url":"https:\/\/wpguerssen-test.odoo.rgbconsulting.com\/es\/","logo":{"@type":"ImageObject","inLanguage":"es","@id":"https:\/\/wpguerssen-test.odoo.rgbconsulting.com\/es\/#\/schema\/logo\/image\/","url":"https:\/\/wpguerssen-test.odoo.rgbconsulting.com\/wp-content\/uploads\/2022\/04\/Logo_Guerssen_trans_100.png","contentUrl":"https:\/\/wpguerssen-test.odoo.rgbconsulting.com\/wp-content\/uploads\/2022\/04\/Logo_Guerssen_trans_100.png","width":122,"height":100,"caption":"Guerssen records"},"image":{"@id":"https:\/\/wpguerssen-test.odoo.rgbconsulting.com\/es\/#\/schema\/logo\/image\/"}}]}},"_links":{"self":[{"href":"https:\/\/wpguerssen-test.odoo.rgbconsulting.com\/es\/wp-json\/wp\/v2\/product\/207534","targetHints":{"allow":["GET"]}}],"collection":[{"href":"https:\/\/wpguerssen-test.odoo.rgbconsulting.com\/es\/wp-json\/wp\/v2\/product"}],"about":[{"href":"https:\/\/wpguerssen-test.odoo.rgbconsulting.com\/es\/wp-json\/wp\/v2\/types\/product"}],"wp:featuredmedia":[{"embeddable":true,"href":"https:\/\/wpguerssen-test.odoo.rgbconsulting.com\/es\/wp-json\/wp\/v2\/media\/126728"}],"wp:attachment":[{"href":"https:\/\/wpguerssen-test.odoo.rgbconsulting.com\/es\/wp-json\/wp\/v2\/media?parent=207534"}],"wp:term":[{"taxonomy":"product_brand","embeddable":true,"href":"https:\/\/wpguerssen-test.odoo.rgbconsulting.com\/es\/wp-json\/wp\/v2\/product_brand?post=207534"},{"taxonomy":"product_cat","embeddable":true,"href":"https:\/\/wpguerssen-test.odoo.rgbconsulting.com\/es\/wp-json\/wp\/v2\/product_cat?post=207534"},{"taxonomy":"product_tag","embeddable":true,"href":"https:\/\/wpguerssen-test.odoo.rgbconsulting.com\/es\/wp-json\/wp\/v2\/product_tag?post=207534"}],"curies":[{"name":"wp","href":"https:\/\/api.w.org\/{rel}","templated":true}]}}