{"id":207546,"date":"2025-01-24T00:00:00","date_gmt":"2025-01-23T23:00:00","guid":{"rendered":"http:\/\/guerssen.hl1097.dinaserver.com\/product\/living-in-fear\/"},"modified":"2025-04-16T17:54:34","modified_gmt":"2025-04-16T15:54:34","slug":"living-in-fear","status":"publish","type":"product","link":"https:\/\/wpguerssen-test.odoo.rgbconsulting.com\/es\/producto\/living-in-fear\/","title":{"rendered":"Living In Fear"},"content":{"rendered":"<p>RE oficial con sonido de m\u00e1sters. Segundo \u00e1lbum del grupo brit\u00e1nico, original de 1974. Con Ollie Halsal a la guitarra y miembros de Colosseum. Cl\u00e1sico hard-rock progresivo. Portada gimmick como el original, insert con notas y fotos.<\/p>\n","protected":false},"excerpt":{"rendered":"<p>RE oficial con sonido de m\u00e1sters. Segundo \u00e1lbum del grupo brit\u00e1nico, original de 1974. Con Ollie Halsal a la guitarra y miembros de Colosseum. Cl\u00e1sico hard-rock<a class=\"read\" href=\"https:\/\/wpguerssen-test.odoo.rgbconsulting.com\/es\/producto\/living-in-fear\/\"> (...)<\/a>","protected":false},"featured_media":126748,"template":"","meta":{"_acf_changed":false},"product_brand":[],"product_cat":[23215,23224],"product_tag":[],"class_list":{"0":"post-207546","1":"product","2":"type-product","3":"status-publish","4":"has-post-thumbnail","6":"product_cat-progressive60s-70s-es","7":"product_cat-hard-rock-60s-70s-es","8":"pa_artist-tempest","9":"pa_format-lp-es","10":"pa_gender-progressive60s-70s-hard-rock-60s-70s","11":"pa_label-long-hair-es","12":"pa_location-uk-ireland-es","13":"pa_other-filters-vinyl-only-es","15":"first","16":"instock","17":"taxable","18":"shipping-taxable","19":"purchasable","20":"product-type-simple"},"acf":[],"yoast_head":"<!-- This site is optimized with the Yoast SEO plugin v24.9 - https:\/\/yoast.com\/wordpress\/plugins\/seo\/ -->\n<title>TEMPEST - Living In Fear -  (LP) | Guerssen<\/title>\n<meta name=\"description\" content=\"This is the first official re-release on vinyl under licensed courtesy of BMG Rights Management,UK, remastered from an original master copy out of the vaults of BMG.Originally released in 1974 on Bronze, Island this is the 2nd (and last) official album by the UK heavy Progrock group Tempest, formed by famous drummer Jon Hiseman following the breakdown of the original Colosseum lineup. 2nd incarnation includes, still as before, Colosseum bassist Mark Clarke, but (after former guitarrist Allan Holdsworth left) new on guitar, keyboards and vocals (former vocalist Paul Williams had to leave the group due to alcohol problems), Ollie Halsall of Patto fame! Halsall`s playing is simply glorious throughout, blending jazz-rock and accurate heavy rock. He also plays various keyboard on the album, adding to the progressive textures of the music. Moreover, Halsall proves to be a very exciting and gifted vocalist! Mark Clark (Colosseum, Uriah Heep) still is a great groovy &amp; melodic bass-player.The songs have rock &#039;n roll, heavy rock, art-rock and jazz-rock influences. The band has an intense feel and well performed vocals that give the music an extra push. Within the song Tempest manages to integrated progressive elements (rhythms, chords-changes, original harmonies) without loosing that fine rockin&#039; atmosphere. During some extended solo-sections the band freely shoes how brilliant it can play, with the guitars of Halsall being especially exciting, the tracks are very catchy and uplifting.Like most early heavy progressive rock groups Tempest must have been unable to find its audiance, being to progressive for rockers and to straightforward for symphonic prog listeners. If you like heavy prog like May Blitz and Captain Beyond this will surely please your ears. Fans of Uriah Heep, Deep Purple, Thin Lizzy (because of the melodic bass) and Colosseum might also want to give this album a try. The original recordings were carefully and proper remastered. Album comes as a reproduction of the original gimmick cover with bandstory and photos summed up in a 4-sided cover sized insert sheet. Like Tempest`s 1st album this is a must to all Hard\/ Heavy Progrock fans!\" \/>\n<meta name=\"robots\" content=\"index, follow, max-snippet:-1, max-image-preview:large, max-video-preview:-1\" \/>\n<link rel=\"canonical\" href=\"https:\/\/wpguerssen-test.odoo.rgbconsulting.com\/es\/producto\/living-in-fear\/\" \/>\n<meta property=\"og:locale\" content=\"es_ES\" \/>\n<meta property=\"og:type\" content=\"article\" \/>\n<meta property=\"og:title\" content=\"TEMPEST - Living In Fear -  (LP) | Guerssen\" \/>\n<meta property=\"og:description\" content=\"This is the first official re-release on vinyl under licensed courtesy of BMG Rights Management,UK, remastered from an original master copy out of the vaults of BMG.Originally released in 1974 on Bronze, Island this is the 2nd (and last) official album by the UK heavy Progrock group Tempest, formed by famous drummer Jon Hiseman following the breakdown of the original Colosseum lineup. 2nd incarnation includes, still as before, Colosseum bassist Mark Clarke, but (after former guitarrist Allan Holdsworth left) new on guitar, keyboards and vocals (former vocalist Paul Williams had to leave the group due to alcohol problems), Ollie Halsall of Patto fame! Halsall`s playing is simply glorious throughout, blending jazz-rock and accurate heavy rock. He also plays various keyboard on the album, adding to the progressive textures of the music. Moreover, Halsall proves to be a very exciting and gifted vocalist! Mark Clark (Colosseum, Uriah Heep) still is a great groovy &amp; melodic bass-player.The songs have rock &#039;n roll, heavy rock, art-rock and jazz-rock influences. The band has an intense feel and well performed vocals that give the music an extra push. Within the song Tempest manages to integrated progressive elements (rhythms, chords-changes, original harmonies) without loosing that fine rockin&#039; atmosphere. During some extended solo-sections the band freely shoes how brilliant it can play, with the guitars of Halsall being especially exciting, the tracks are very catchy and uplifting.Like most early heavy progressive rock groups Tempest must have been unable to find its audiance, being to progressive for rockers and to straightforward for symphonic prog listeners. If you like heavy prog like May Blitz and Captain Beyond this will surely please your ears. Fans of Uriah Heep, Deep Purple, Thin Lizzy (because of the melodic bass) and Colosseum might also want to give this album a try. The original recordings were carefully and proper remastered. Album comes as a reproduction of the original gimmick cover with bandstory and photos summed up in a 4-sided cover sized insert sheet. Like Tempest`s 1st album this is a must to all Hard\/ Heavy Progrock fans!\" \/>\n<meta property=\"og:url\" content=\"https:\/\/wpguerssen-test.odoo.rgbconsulting.com\/es\/producto\/living-in-fear\/\" \/>\n<meta property=\"og:site_name\" content=\"Guerssen records\" \/>\n<meta property=\"article:modified_time\" content=\"2025-04-16T15:54:34+00:00\" \/>\n<meta property=\"og:image\" content=\"https:\/\/wpguerssen-test.odoo.rgbconsulting.com\/wp-content\/uploads\/2022\/03\/36849.jpg\" \/>\n\t<meta property=\"og:image:width\" content=\"302\" \/>\n\t<meta property=\"og:image:height\" content=\"302\" \/>\n\t<meta property=\"og:image:type\" content=\"image\/jpeg\" \/>\n<meta name=\"twitter:card\" content=\"summary_large_image\" \/>\n<meta name=\"twitter:title\" content=\"TEMPEST - Living In Fear -  (LP) | Guerssen\" \/>\n<script type=\"application\/ld+json\" class=\"yoast-schema-graph\">{\"@context\":\"https:\/\/schema.org\",\"@graph\":[{\"@type\":\"WebPage\",\"@id\":\"https:\/\/wpguerssen-test.odoo.rgbconsulting.com\/es\/producto\/living-in-fear\/\",\"url\":\"https:\/\/wpguerssen-test.odoo.rgbconsulting.com\/es\/producto\/living-in-fear\/\",\"name\":\"TEMPEST - Living In Fear - (LP) | Guerssen\",\"isPartOf\":{\"@id\":\"https:\/\/wpguerssen-test.odoo.rgbconsulting.com\/es\/#website\"},\"primaryImageOfPage\":{\"@id\":\"https:\/\/wpguerssen-test.odoo.rgbconsulting.com\/es\/producto\/living-in-fear\/#primaryimage\"},\"image\":{\"@id\":\"https:\/\/wpguerssen-test.odoo.rgbconsulting.com\/es\/producto\/living-in-fear\/#primaryimage\"},\"thumbnailUrl\":\"https:\/\/wpguerssen-test.odoo.rgbconsulting.com\/wp-content\/uploads\/2022\/03\/36849.jpg\",\"datePublished\":\"2025-01-23T23:00:00+00:00\",\"dateModified\":\"2025-04-16T15:54:34+00:00\",\"description\":\"This is the first official re-release on vinyl under licensed courtesy of BMG Rights Management,UK, remastered from an original master copy out of the vaults of BMG.Originally released in 1974 on Bronze, Island this is the 2nd (and last) official album by the UK heavy Progrock group Tempest, formed by famous drummer Jon Hiseman following the breakdown of the original Colosseum lineup. 2nd incarnation includes, still as before, Colosseum bassist Mark Clarke, but (after former guitarrist Allan Holdsworth left) new on guitar, keyboards and vocals (former vocalist Paul Williams had to leave the group due to alcohol problems), Ollie Halsall of Patto fame! Halsall`s playing is simply glorious throughout, blending jazz-rock and accurate heavy rock. He also plays various keyboard on the album, adding to the progressive textures of the music. Moreover, Halsall proves to be a very exciting and gifted vocalist! Mark Clark (Colosseum, Uriah Heep) still is a great groovy & melodic bass-player.The songs have rock 'n roll, heavy rock, art-rock and jazz-rock influences. The band has an intense feel and well performed vocals that give the music an extra push. Within the song Tempest manages to integrated progressive elements (rhythms, chords-changes, original harmonies) without loosing that fine rockin' atmosphere. During some extended solo-sections the band freely shoes how brilliant it can play, with the guitars of Halsall being especially exciting, the tracks are very catchy and uplifting.Like most early heavy progressive rock groups Tempest must have been unable to find its audiance, being to progressive for rockers and to straightforward for symphonic prog listeners. If you like heavy prog like May Blitz and Captain Beyond this will surely please your ears. Fans of Uriah Heep, Deep Purple, Thin Lizzy (because of the melodic bass) and Colosseum might also want to give this album a try. The original recordings were carefully and proper remastered. Album comes as a reproduction of the original gimmick cover with bandstory and photos summed up in a 4-sided cover sized insert sheet. Like Tempest`s 1st album this is a must to all Hard\/ Heavy Progrock fans!\",\"breadcrumb\":{\"@id\":\"https:\/\/wpguerssen-test.odoo.rgbconsulting.com\/es\/producto\/living-in-fear\/#breadcrumb\"},\"inLanguage\":\"es\",\"potentialAction\":[{\"@type\":\"ReadAction\",\"target\":[\"https:\/\/wpguerssen-test.odoo.rgbconsulting.com\/es\/producto\/living-in-fear\/\"]}]},{\"@type\":\"ImageObject\",\"inLanguage\":\"es\",\"@id\":\"https:\/\/wpguerssen-test.odoo.rgbconsulting.com\/es\/producto\/living-in-fear\/#primaryimage\",\"url\":\"https:\/\/wpguerssen-test.odoo.rgbconsulting.com\/wp-content\/uploads\/2022\/03\/36849.jpg\",\"contentUrl\":\"https:\/\/wpguerssen-test.odoo.rgbconsulting.com\/wp-content\/uploads\/2022\/03\/36849.jpg\",\"width\":302,\"height\":302,\"caption\":\"TEMPEST - Living In Fear - LONG HAIR (LP) | Guerssen\"},{\"@type\":\"BreadcrumbList\",\"@id\":\"https:\/\/wpguerssen-test.odoo.rgbconsulting.com\/es\/producto\/living-in-fear\/#breadcrumb\",\"itemListElement\":[{\"@type\":\"ListItem\",\"position\":1,\"name\":\"Inicio\",\"item\":\"https:\/\/wpguerssen-test.odoo.rgbconsulting.com\/es\/\"},{\"@type\":\"ListItem\",\"position\":2,\"name\":\"Shop\",\"item\":\"https:\/\/wpguerssen-test.odoo.rgbconsulting.com\/shop\/\"},{\"@type\":\"ListItem\",\"position\":3,\"name\":\"Living In Fear\"}]},{\"@type\":\"WebSite\",\"@id\":\"https:\/\/wpguerssen-test.odoo.rgbconsulting.com\/es\/#website\",\"url\":\"https:\/\/wpguerssen-test.odoo.rgbconsulting.com\/es\/\",\"name\":\"Guerssen records\",\"description\":\"psychedelia - progressive - folk - garage \",\"publisher\":{\"@id\":\"https:\/\/wpguerssen-test.odoo.rgbconsulting.com\/es\/#organization\"},\"potentialAction\":[{\"@type\":\"SearchAction\",\"target\":{\"@type\":\"EntryPoint\",\"urlTemplate\":\"https:\/\/wpguerssen-test.odoo.rgbconsulting.com\/es\/?s={search_term_string}\"},\"query-input\":{\"@type\":\"PropertyValueSpecification\",\"valueRequired\":true,\"valueName\":\"search_term_string\"}}],\"inLanguage\":\"es\"},{\"@type\":\"Organization\",\"@id\":\"https:\/\/wpguerssen-test.odoo.rgbconsulting.com\/es\/#organization\",\"name\":\"Guerssen records\",\"url\":\"https:\/\/wpguerssen-test.odoo.rgbconsulting.com\/es\/\",\"logo\":{\"@type\":\"ImageObject\",\"inLanguage\":\"es\",\"@id\":\"https:\/\/wpguerssen-test.odoo.rgbconsulting.com\/es\/#\/schema\/logo\/image\/\",\"url\":\"https:\/\/wpguerssen-test.odoo.rgbconsulting.com\/wp-content\/uploads\/2022\/04\/Logo_Guerssen_trans_100.png\",\"contentUrl\":\"https:\/\/wpguerssen-test.odoo.rgbconsulting.com\/wp-content\/uploads\/2022\/04\/Logo_Guerssen_trans_100.png\",\"width\":122,\"height\":100,\"caption\":\"Guerssen records\"},\"image\":{\"@id\":\"https:\/\/wpguerssen-test.odoo.rgbconsulting.com\/es\/#\/schema\/logo\/image\/\"}}]}<\/script>\n<!-- \/ Yoast SEO plugin. -->","yoast_head_json":{"title":"TEMPEST - Living In Fear -  (LP) | Guerssen","description":"This is the first official re-release on vinyl under licensed courtesy of BMG Rights Management,UK, remastered from an original master copy out of the vaults of BMG.Originally released in 1974 on Bronze, Island this is the 2nd (and last) official album by the UK heavy Progrock group Tempest, formed by famous drummer Jon Hiseman following the breakdown of the original Colosseum lineup. 2nd incarnation includes, still as before, Colosseum bassist Mark Clarke, but (after former guitarrist Allan Holdsworth left) new on guitar, keyboards and vocals (former vocalist Paul Williams had to leave the group due to alcohol problems), Ollie Halsall of Patto fame! Halsall`s playing is simply glorious throughout, blending jazz-rock and accurate heavy rock. He also plays various keyboard on the album, adding to the progressive textures of the music. Moreover, Halsall proves to be a very exciting and gifted vocalist! Mark Clark (Colosseum, Uriah Heep) still is a great groovy & melodic bass-player.The songs have rock 'n roll, heavy rock, art-rock and jazz-rock influences. The band has an intense feel and well performed vocals that give the music an extra push. Within the song Tempest manages to integrated progressive elements (rhythms, chords-changes, original harmonies) without loosing that fine rockin' atmosphere. During some extended solo-sections the band freely shoes how brilliant it can play, with the guitars of Halsall being especially exciting, the tracks are very catchy and uplifting.Like most early heavy progressive rock groups Tempest must have been unable to find its audiance, being to progressive for rockers and to straightforward for symphonic prog listeners. If you like heavy prog like May Blitz and Captain Beyond this will surely please your ears. Fans of Uriah Heep, Deep Purple, Thin Lizzy (because of the melodic bass) and Colosseum might also want to give this album a try. The original recordings were carefully and proper remastered. Album comes as a reproduction of the original gimmick cover with bandstory and photos summed up in a 4-sided cover sized insert sheet. Like Tempest`s 1st album this is a must to all Hard\/ Heavy Progrock fans!","robots":{"index":"index","follow":"follow","max-snippet":"max-snippet:-1","max-image-preview":"max-image-preview:large","max-video-preview":"max-video-preview:-1"},"canonical":"https:\/\/wpguerssen-test.odoo.rgbconsulting.com\/es\/producto\/living-in-fear\/","og_locale":"es_ES","og_type":"article","og_title":"TEMPEST - Living In Fear -  (LP) | Guerssen","og_description":"This is the first official re-release on vinyl under licensed courtesy of BMG Rights Management,UK, remastered from an original master copy out of the vaults of BMG.Originally released in 1974 on Bronze, Island this is the 2nd (and last) official album by the UK heavy Progrock group Tempest, formed by famous drummer Jon Hiseman following the breakdown of the original Colosseum lineup. 2nd incarnation includes, still as before, Colosseum bassist Mark Clarke, but (after former guitarrist Allan Holdsworth left) new on guitar, keyboards and vocals (former vocalist Paul Williams had to leave the group due to alcohol problems), Ollie Halsall of Patto fame! Halsall`s playing is simply glorious throughout, blending jazz-rock and accurate heavy rock. He also plays various keyboard on the album, adding to the progressive textures of the music. Moreover, Halsall proves to be a very exciting and gifted vocalist! Mark Clark (Colosseum, Uriah Heep) still is a great groovy & melodic bass-player.The songs have rock 'n roll, heavy rock, art-rock and jazz-rock influences. The band has an intense feel and well performed vocals that give the music an extra push. Within the song Tempest manages to integrated progressive elements (rhythms, chords-changes, original harmonies) without loosing that fine rockin' atmosphere. During some extended solo-sections the band freely shoes how brilliant it can play, with the guitars of Halsall being especially exciting, the tracks are very catchy and uplifting.Like most early heavy progressive rock groups Tempest must have been unable to find its audiance, being to progressive for rockers and to straightforward for symphonic prog listeners. If you like heavy prog like May Blitz and Captain Beyond this will surely please your ears. Fans of Uriah Heep, Deep Purple, Thin Lizzy (because of the melodic bass) and Colosseum might also want to give this album a try. The original recordings were carefully and proper remastered. Album comes as a reproduction of the original gimmick cover with bandstory and photos summed up in a 4-sided cover sized insert sheet. Like Tempest`s 1st album this is a must to all Hard\/ Heavy Progrock fans!","og_url":"https:\/\/wpguerssen-test.odoo.rgbconsulting.com\/es\/producto\/living-in-fear\/","og_site_name":"Guerssen records","article_modified_time":"2025-04-16T15:54:34+00:00","og_image":[{"width":302,"height":302,"url":"https:\/\/wpguerssen-test.odoo.rgbconsulting.com\/wp-content\/uploads\/2022\/03\/36849.jpg","type":"image\/jpeg"}],"twitter_card":"summary_large_image","twitter_title":"TEMPEST - Living In Fear -  (LP) | Guerssen","schema":{"@context":"https:\/\/schema.org","@graph":[{"@type":"WebPage","@id":"https:\/\/wpguerssen-test.odoo.rgbconsulting.com\/es\/producto\/living-in-fear\/","url":"https:\/\/wpguerssen-test.odoo.rgbconsulting.com\/es\/producto\/living-in-fear\/","name":"TEMPEST - Living In Fear - (LP) | Guerssen","isPartOf":{"@id":"https:\/\/wpguerssen-test.odoo.rgbconsulting.com\/es\/#website"},"primaryImageOfPage":{"@id":"https:\/\/wpguerssen-test.odoo.rgbconsulting.com\/es\/producto\/living-in-fear\/#primaryimage"},"image":{"@id":"https:\/\/wpguerssen-test.odoo.rgbconsulting.com\/es\/producto\/living-in-fear\/#primaryimage"},"thumbnailUrl":"https:\/\/wpguerssen-test.odoo.rgbconsulting.com\/wp-content\/uploads\/2022\/03\/36849.jpg","datePublished":"2025-01-23T23:00:00+00:00","dateModified":"2025-04-16T15:54:34+00:00","description":"This is the first official re-release on vinyl under licensed courtesy of BMG Rights Management,UK, remastered from an original master copy out of the vaults of BMG.Originally released in 1974 on Bronze, Island this is the 2nd (and last) official album by the UK heavy Progrock group Tempest, formed by famous drummer Jon Hiseman following the breakdown of the original Colosseum lineup. 2nd incarnation includes, still as before, Colosseum bassist Mark Clarke, but (after former guitarrist Allan Holdsworth left) new on guitar, keyboards and vocals (former vocalist Paul Williams had to leave the group due to alcohol problems), Ollie Halsall of Patto fame! Halsall`s playing is simply glorious throughout, blending jazz-rock and accurate heavy rock. He also plays various keyboard on the album, adding to the progressive textures of the music. Moreover, Halsall proves to be a very exciting and gifted vocalist! Mark Clark (Colosseum, Uriah Heep) still is a great groovy & melodic bass-player.The songs have rock 'n roll, heavy rock, art-rock and jazz-rock influences. The band has an intense feel and well performed vocals that give the music an extra push. Within the song Tempest manages to integrated progressive elements (rhythms, chords-changes, original harmonies) without loosing that fine rockin' atmosphere. During some extended solo-sections the band freely shoes how brilliant it can play, with the guitars of Halsall being especially exciting, the tracks are very catchy and uplifting.Like most early heavy progressive rock groups Tempest must have been unable to find its audiance, being to progressive for rockers and to straightforward for symphonic prog listeners. If you like heavy prog like May Blitz and Captain Beyond this will surely please your ears. Fans of Uriah Heep, Deep Purple, Thin Lizzy (because of the melodic bass) and Colosseum might also want to give this album a try. The original recordings were carefully and proper remastered. Album comes as a reproduction of the original gimmick cover with bandstory and photos summed up in a 4-sided cover sized insert sheet. Like Tempest`s 1st album this is a must to all Hard\/ Heavy Progrock fans!","breadcrumb":{"@id":"https:\/\/wpguerssen-test.odoo.rgbconsulting.com\/es\/producto\/living-in-fear\/#breadcrumb"},"inLanguage":"es","potentialAction":[{"@type":"ReadAction","target":["https:\/\/wpguerssen-test.odoo.rgbconsulting.com\/es\/producto\/living-in-fear\/"]}]},{"@type":"ImageObject","inLanguage":"es","@id":"https:\/\/wpguerssen-test.odoo.rgbconsulting.com\/es\/producto\/living-in-fear\/#primaryimage","url":"https:\/\/wpguerssen-test.odoo.rgbconsulting.com\/wp-content\/uploads\/2022\/03\/36849.jpg","contentUrl":"https:\/\/wpguerssen-test.odoo.rgbconsulting.com\/wp-content\/uploads\/2022\/03\/36849.jpg","width":302,"height":302,"caption":"TEMPEST - Living In Fear - LONG HAIR (LP) | Guerssen"},{"@type":"BreadcrumbList","@id":"https:\/\/wpguerssen-test.odoo.rgbconsulting.com\/es\/producto\/living-in-fear\/#breadcrumb","itemListElement":[{"@type":"ListItem","position":1,"name":"Inicio","item":"https:\/\/wpguerssen-test.odoo.rgbconsulting.com\/es\/"},{"@type":"ListItem","position":2,"name":"Shop","item":"https:\/\/wpguerssen-test.odoo.rgbconsulting.com\/shop\/"},{"@type":"ListItem","position":3,"name":"Living In Fear"}]},{"@type":"WebSite","@id":"https:\/\/wpguerssen-test.odoo.rgbconsulting.com\/es\/#website","url":"https:\/\/wpguerssen-test.odoo.rgbconsulting.com\/es\/","name":"Guerssen records","description":"psychedelia - progressive - folk - garage ","publisher":{"@id":"https:\/\/wpguerssen-test.odoo.rgbconsulting.com\/es\/#organization"},"potentialAction":[{"@type":"SearchAction","target":{"@type":"EntryPoint","urlTemplate":"https:\/\/wpguerssen-test.odoo.rgbconsulting.com\/es\/?s={search_term_string}"},"query-input":{"@type":"PropertyValueSpecification","valueRequired":true,"valueName":"search_term_string"}}],"inLanguage":"es"},{"@type":"Organization","@id":"https:\/\/wpguerssen-test.odoo.rgbconsulting.com\/es\/#organization","name":"Guerssen records","url":"https:\/\/wpguerssen-test.odoo.rgbconsulting.com\/es\/","logo":{"@type":"ImageObject","inLanguage":"es","@id":"https:\/\/wpguerssen-test.odoo.rgbconsulting.com\/es\/#\/schema\/logo\/image\/","url":"https:\/\/wpguerssen-test.odoo.rgbconsulting.com\/wp-content\/uploads\/2022\/04\/Logo_Guerssen_trans_100.png","contentUrl":"https:\/\/wpguerssen-test.odoo.rgbconsulting.com\/wp-content\/uploads\/2022\/04\/Logo_Guerssen_trans_100.png","width":122,"height":100,"caption":"Guerssen records"},"image":{"@id":"https:\/\/wpguerssen-test.odoo.rgbconsulting.com\/es\/#\/schema\/logo\/image\/"}}]}},"_links":{"self":[{"href":"https:\/\/wpguerssen-test.odoo.rgbconsulting.com\/es\/wp-json\/wp\/v2\/product\/207546","targetHints":{"allow":["GET"]}}],"collection":[{"href":"https:\/\/wpguerssen-test.odoo.rgbconsulting.com\/es\/wp-json\/wp\/v2\/product"}],"about":[{"href":"https:\/\/wpguerssen-test.odoo.rgbconsulting.com\/es\/wp-json\/wp\/v2\/types\/product"}],"wp:featuredmedia":[{"embeddable":true,"href":"https:\/\/wpguerssen-test.odoo.rgbconsulting.com\/es\/wp-json\/wp\/v2\/media\/126748"}],"wp:attachment":[{"href":"https:\/\/wpguerssen-test.odoo.rgbconsulting.com\/es\/wp-json\/wp\/v2\/media?parent=207546"}],"wp:term":[{"taxonomy":"product_brand","embeddable":true,"href":"https:\/\/wpguerssen-test.odoo.rgbconsulting.com\/es\/wp-json\/wp\/v2\/product_brand?post=207546"},{"taxonomy":"product_cat","embeddable":true,"href":"https:\/\/wpguerssen-test.odoo.rgbconsulting.com\/es\/wp-json\/wp\/v2\/product_cat?post=207546"},{"taxonomy":"product_tag","embeddable":true,"href":"https:\/\/wpguerssen-test.odoo.rgbconsulting.com\/es\/wp-json\/wp\/v2\/product_tag?post=207546"}],"curies":[{"name":"wp","href":"https:\/\/api.w.org\/{rel}","templated":true}]}}