{"id":207600,"date":"2020-10-20T00:00:00","date_gmt":"2020-10-19T22:00:00","guid":{"rendered":"http:\/\/guerssen.hl1097.dinaserver.com\/product\/album-no-1\/"},"modified":"2025-03-27T18:26:59","modified_gmt":"2025-03-27T17:26:59","slug":"album-no-1","status":"publish","type":"product","link":"https:\/\/wpguerssen-test.odoo.rgbconsulting.com\/es\/producto\/album-no-1\/","title":{"rendered":"Album No 1"},"content":{"rendered":"<p>\u00danico LP que este grupo ingl\u00e9s edit\u00f3 s\u00f3lo en Jap\u00f3n en 1968. Una de las m\u00e1s perdidas joyas de UK psychedelia, con temas inolvidables como \u00abMagazine woman\u00bb.<\/p>\n","protected":false},"excerpt":{"rendered":"<p>\u00danico LP que este grupo ingl\u00e9s edit\u00f3 s\u00f3lo en Jap\u00f3n en 1968. Una de las m\u00e1s perdidas joyas de UK psychedelia, con temas inolvidables como \u00abMagazine woman\u00bb.<\/p>\n","protected":false},"featured_media":126845,"template":"","meta":{"_acf_changed":false},"product_brand":[],"product_cat":[21639],"product_tag":[24190],"class_list":{"0":"post-207600","1":"product","2":"type-product","3":"status-publish","4":"has-post-thumbnail","6":"product_cat-psychedelic60s-70s-es","7":"product_tag-sales-es","8":"pa_artist-gary-walker-the-rain","9":"pa_format-lp-es","10":"pa_gender-psychedelic60s-70s","11":"pa_label-audio-clarity-es","12":"pa_location-north-america-es","13":"pa_other-filters-vinyl-only-es","15":"first","16":"instock","17":"taxable","18":"shipping-taxable","19":"purchasable","20":"product-type-simple"},"acf":[],"yoast_head":"<!-- This site is optimized with the Yoast SEO plugin v24.9 - https:\/\/yoast.com\/wordpress\/plugins\/seo\/ -->\n<title>GARY WALKER &amp; the RAIN - Album No 1 -  (LP) | Guerssen<\/title>\n<meta name=\"description\" content=\"The Walker Brothers, teen scream material to rival the Beatles in &#039;66, split in &#039;67. Both Scott and John had taken lead vocal duty, but drummer Gary hadn&#039;t sung a note, nor written anything. He decided to put a tough new group together that could rival the forward-looking, chart-busting acts of &#039;67, and he&#039;d call them the Rain. Their sole album, only issued in Japan, is a psych-pop gem. A highlight is the crunching &#039;Magazine Woman&#039;, like a pumped-up &#039;Revolver&#039; outtake, with buzzing guitars and phased effects obtained by producer fritz fryer when he jammed screwdrivers into parts of the 8-track desk.\" \/>\n<meta name=\"robots\" content=\"index, follow, max-snippet:-1, max-image-preview:large, max-video-preview:-1\" \/>\n<link rel=\"canonical\" href=\"https:\/\/wpguerssen-test.odoo.rgbconsulting.com\/es\/producto\/album-no-1\/\" \/>\n<meta property=\"og:locale\" content=\"es_ES\" \/>\n<meta property=\"og:type\" content=\"article\" \/>\n<meta property=\"og:title\" content=\"GARY WALKER &amp; the RAIN - Album No 1 -  (LP) | Guerssen\" \/>\n<meta property=\"og:description\" content=\"The Walker Brothers, teen scream material to rival the Beatles in &#039;66, split in &#039;67. Both Scott and John had taken lead vocal duty, but drummer Gary hadn&#039;t sung a note, nor written anything. He decided to put a tough new group together that could rival the forward-looking, chart-busting acts of &#039;67, and he&#039;d call them the Rain. Their sole album, only issued in Japan, is a psych-pop gem. A highlight is the crunching &#039;Magazine Woman&#039;, like a pumped-up &#039;Revolver&#039; outtake, with buzzing guitars and phased effects obtained by producer fritz fryer when he jammed screwdrivers into parts of the 8-track desk.\" \/>\n<meta property=\"og:url\" content=\"https:\/\/wpguerssen-test.odoo.rgbconsulting.com\/es\/producto\/album-no-1\/\" \/>\n<meta property=\"og:site_name\" content=\"Guerssen records\" \/>\n<meta property=\"article:modified_time\" content=\"2025-03-27T17:26:59+00:00\" \/>\n<meta property=\"og:image\" content=\"https:\/\/wpguerssen-test.odoo.rgbconsulting.com\/wp-content\/uploads\/2022\/03\/36938.jpg\" \/>\n\t<meta property=\"og:image:width\" content=\"180\" \/>\n\t<meta property=\"og:image:height\" content=\"180\" \/>\n\t<meta property=\"og:image:type\" content=\"image\/jpeg\" \/>\n<meta name=\"twitter:card\" content=\"summary_large_image\" \/>\n<meta name=\"twitter:title\" content=\"GARY WALKER &amp; the RAIN - Album No 1 -  (LP) | Guerssen\" \/>\n<script type=\"application\/ld+json\" class=\"yoast-schema-graph\">{\"@context\":\"https:\/\/schema.org\",\"@graph\":[{\"@type\":\"WebPage\",\"@id\":\"https:\/\/wpguerssen-test.odoo.rgbconsulting.com\/es\/producto\/album-no-1\/\",\"url\":\"https:\/\/wpguerssen-test.odoo.rgbconsulting.com\/es\/producto\/album-no-1\/\",\"name\":\"GARY WALKER & the RAIN - Album No 1 - (LP) | Guerssen\",\"isPartOf\":{\"@id\":\"https:\/\/wpguerssen-test.odoo.rgbconsulting.com\/es\/#website\"},\"primaryImageOfPage\":{\"@id\":\"https:\/\/wpguerssen-test.odoo.rgbconsulting.com\/es\/producto\/album-no-1\/#primaryimage\"},\"image\":{\"@id\":\"https:\/\/wpguerssen-test.odoo.rgbconsulting.com\/es\/producto\/album-no-1\/#primaryimage\"},\"thumbnailUrl\":\"https:\/\/wpguerssen-test.odoo.rgbconsulting.com\/wp-content\/uploads\/2022\/03\/36938.jpg\",\"datePublished\":\"2020-10-19T22:00:00+00:00\",\"dateModified\":\"2025-03-27T17:26:59+00:00\",\"description\":\"The Walker Brothers, teen scream material to rival the Beatles in '66, split in '67. Both Scott and John had taken lead vocal duty, but drummer Gary hadn't sung a note, nor written anything. He decided to put a tough new group together that could rival the forward-looking, chart-busting acts of '67, and he'd call them the Rain. Their sole album, only issued in Japan, is a psych-pop gem. A highlight is the crunching 'Magazine Woman', like a pumped-up 'Revolver' outtake, with buzzing guitars and phased effects obtained by producer fritz fryer when he jammed screwdrivers into parts of the 8-track desk.\",\"breadcrumb\":{\"@id\":\"https:\/\/wpguerssen-test.odoo.rgbconsulting.com\/es\/producto\/album-no-1\/#breadcrumb\"},\"inLanguage\":\"es\",\"potentialAction\":[{\"@type\":\"ReadAction\",\"target\":[\"https:\/\/wpguerssen-test.odoo.rgbconsulting.com\/es\/producto\/album-no-1\/\"]}]},{\"@type\":\"ImageObject\",\"inLanguage\":\"es\",\"@id\":\"https:\/\/wpguerssen-test.odoo.rgbconsulting.com\/es\/producto\/album-no-1\/#primaryimage\",\"url\":\"https:\/\/wpguerssen-test.odoo.rgbconsulting.com\/wp-content\/uploads\/2022\/03\/36938.jpg\",\"contentUrl\":\"https:\/\/wpguerssen-test.odoo.rgbconsulting.com\/wp-content\/uploads\/2022\/03\/36938.jpg\",\"width\":180,\"height\":180,\"caption\":\"GARY WALKER & the RAIN - Album No 1 - AUDIO CLARITY (LP) | Guerssen\"},{\"@type\":\"BreadcrumbList\",\"@id\":\"https:\/\/wpguerssen-test.odoo.rgbconsulting.com\/es\/producto\/album-no-1\/#breadcrumb\",\"itemListElement\":[{\"@type\":\"ListItem\",\"position\":1,\"name\":\"Inicio\",\"item\":\"https:\/\/wpguerssen-test.odoo.rgbconsulting.com\/es\/\"},{\"@type\":\"ListItem\",\"position\":2,\"name\":\"Shop\",\"item\":\"https:\/\/wpguerssen-test.odoo.rgbconsulting.com\/shop\/\"},{\"@type\":\"ListItem\",\"position\":3,\"name\":\"Album No 1\"}]},{\"@type\":\"WebSite\",\"@id\":\"https:\/\/wpguerssen-test.odoo.rgbconsulting.com\/es\/#website\",\"url\":\"https:\/\/wpguerssen-test.odoo.rgbconsulting.com\/es\/\",\"name\":\"Guerssen records\",\"description\":\"psychedelia - progressive - folk - garage \",\"publisher\":{\"@id\":\"https:\/\/wpguerssen-test.odoo.rgbconsulting.com\/es\/#organization\"},\"potentialAction\":[{\"@type\":\"SearchAction\",\"target\":{\"@type\":\"EntryPoint\",\"urlTemplate\":\"https:\/\/wpguerssen-test.odoo.rgbconsulting.com\/es\/?s={search_term_string}\"},\"query-input\":{\"@type\":\"PropertyValueSpecification\",\"valueRequired\":true,\"valueName\":\"search_term_string\"}}],\"inLanguage\":\"es\"},{\"@type\":\"Organization\",\"@id\":\"https:\/\/wpguerssen-test.odoo.rgbconsulting.com\/es\/#organization\",\"name\":\"Guerssen records\",\"url\":\"https:\/\/wpguerssen-test.odoo.rgbconsulting.com\/es\/\",\"logo\":{\"@type\":\"ImageObject\",\"inLanguage\":\"es\",\"@id\":\"https:\/\/wpguerssen-test.odoo.rgbconsulting.com\/es\/#\/schema\/logo\/image\/\",\"url\":\"https:\/\/wpguerssen-test.odoo.rgbconsulting.com\/wp-content\/uploads\/2022\/04\/Logo_Guerssen_trans_100.png\",\"contentUrl\":\"https:\/\/wpguerssen-test.odoo.rgbconsulting.com\/wp-content\/uploads\/2022\/04\/Logo_Guerssen_trans_100.png\",\"width\":122,\"height\":100,\"caption\":\"Guerssen records\"},\"image\":{\"@id\":\"https:\/\/wpguerssen-test.odoo.rgbconsulting.com\/es\/#\/schema\/logo\/image\/\"}}]}<\/script>\n<!-- \/ Yoast SEO plugin. -->","yoast_head_json":{"title":"GARY WALKER & the RAIN - Album No 1 -  (LP) | Guerssen","description":"The Walker Brothers, teen scream material to rival the Beatles in '66, split in '67. Both Scott and John had taken lead vocal duty, but drummer Gary hadn't sung a note, nor written anything. He decided to put a tough new group together that could rival the forward-looking, chart-busting acts of '67, and he'd call them the Rain. Their sole album, only issued in Japan, is a psych-pop gem. A highlight is the crunching 'Magazine Woman', like a pumped-up 'Revolver' outtake, with buzzing guitars and phased effects obtained by producer fritz fryer when he jammed screwdrivers into parts of the 8-track desk.","robots":{"index":"index","follow":"follow","max-snippet":"max-snippet:-1","max-image-preview":"max-image-preview:large","max-video-preview":"max-video-preview:-1"},"canonical":"https:\/\/wpguerssen-test.odoo.rgbconsulting.com\/es\/producto\/album-no-1\/","og_locale":"es_ES","og_type":"article","og_title":"GARY WALKER & the RAIN - Album No 1 -  (LP) | Guerssen","og_description":"The Walker Brothers, teen scream material to rival the Beatles in '66, split in '67. Both Scott and John had taken lead vocal duty, but drummer Gary hadn't sung a note, nor written anything. He decided to put a tough new group together that could rival the forward-looking, chart-busting acts of '67, and he'd call them the Rain. Their sole album, only issued in Japan, is a psych-pop gem. A highlight is the crunching 'Magazine Woman', like a pumped-up 'Revolver' outtake, with buzzing guitars and phased effects obtained by producer fritz fryer when he jammed screwdrivers into parts of the 8-track desk.","og_url":"https:\/\/wpguerssen-test.odoo.rgbconsulting.com\/es\/producto\/album-no-1\/","og_site_name":"Guerssen records","article_modified_time":"2025-03-27T17:26:59+00:00","og_image":[{"width":180,"height":180,"url":"https:\/\/wpguerssen-test.odoo.rgbconsulting.com\/wp-content\/uploads\/2022\/03\/36938.jpg","type":"image\/jpeg"}],"twitter_card":"summary_large_image","twitter_title":"GARY WALKER & the RAIN - Album No 1 -  (LP) | Guerssen","schema":{"@context":"https:\/\/schema.org","@graph":[{"@type":"WebPage","@id":"https:\/\/wpguerssen-test.odoo.rgbconsulting.com\/es\/producto\/album-no-1\/","url":"https:\/\/wpguerssen-test.odoo.rgbconsulting.com\/es\/producto\/album-no-1\/","name":"GARY WALKER & the RAIN - Album No 1 - (LP) | Guerssen","isPartOf":{"@id":"https:\/\/wpguerssen-test.odoo.rgbconsulting.com\/es\/#website"},"primaryImageOfPage":{"@id":"https:\/\/wpguerssen-test.odoo.rgbconsulting.com\/es\/producto\/album-no-1\/#primaryimage"},"image":{"@id":"https:\/\/wpguerssen-test.odoo.rgbconsulting.com\/es\/producto\/album-no-1\/#primaryimage"},"thumbnailUrl":"https:\/\/wpguerssen-test.odoo.rgbconsulting.com\/wp-content\/uploads\/2022\/03\/36938.jpg","datePublished":"2020-10-19T22:00:00+00:00","dateModified":"2025-03-27T17:26:59+00:00","description":"The Walker Brothers, teen scream material to rival the Beatles in '66, split in '67. Both Scott and John had taken lead vocal duty, but drummer Gary hadn't sung a note, nor written anything. He decided to put a tough new group together that could rival the forward-looking, chart-busting acts of '67, and he'd call them the Rain. Their sole album, only issued in Japan, is a psych-pop gem. A highlight is the crunching 'Magazine Woman', like a pumped-up 'Revolver' outtake, with buzzing guitars and phased effects obtained by producer fritz fryer when he jammed screwdrivers into parts of the 8-track desk.","breadcrumb":{"@id":"https:\/\/wpguerssen-test.odoo.rgbconsulting.com\/es\/producto\/album-no-1\/#breadcrumb"},"inLanguage":"es","potentialAction":[{"@type":"ReadAction","target":["https:\/\/wpguerssen-test.odoo.rgbconsulting.com\/es\/producto\/album-no-1\/"]}]},{"@type":"ImageObject","inLanguage":"es","@id":"https:\/\/wpguerssen-test.odoo.rgbconsulting.com\/es\/producto\/album-no-1\/#primaryimage","url":"https:\/\/wpguerssen-test.odoo.rgbconsulting.com\/wp-content\/uploads\/2022\/03\/36938.jpg","contentUrl":"https:\/\/wpguerssen-test.odoo.rgbconsulting.com\/wp-content\/uploads\/2022\/03\/36938.jpg","width":180,"height":180,"caption":"GARY WALKER & the RAIN - Album No 1 - AUDIO CLARITY (LP) | Guerssen"},{"@type":"BreadcrumbList","@id":"https:\/\/wpguerssen-test.odoo.rgbconsulting.com\/es\/producto\/album-no-1\/#breadcrumb","itemListElement":[{"@type":"ListItem","position":1,"name":"Inicio","item":"https:\/\/wpguerssen-test.odoo.rgbconsulting.com\/es\/"},{"@type":"ListItem","position":2,"name":"Shop","item":"https:\/\/wpguerssen-test.odoo.rgbconsulting.com\/shop\/"},{"@type":"ListItem","position":3,"name":"Album No 1"}]},{"@type":"WebSite","@id":"https:\/\/wpguerssen-test.odoo.rgbconsulting.com\/es\/#website","url":"https:\/\/wpguerssen-test.odoo.rgbconsulting.com\/es\/","name":"Guerssen records","description":"psychedelia - progressive - folk - garage ","publisher":{"@id":"https:\/\/wpguerssen-test.odoo.rgbconsulting.com\/es\/#organization"},"potentialAction":[{"@type":"SearchAction","target":{"@type":"EntryPoint","urlTemplate":"https:\/\/wpguerssen-test.odoo.rgbconsulting.com\/es\/?s={search_term_string}"},"query-input":{"@type":"PropertyValueSpecification","valueRequired":true,"valueName":"search_term_string"}}],"inLanguage":"es"},{"@type":"Organization","@id":"https:\/\/wpguerssen-test.odoo.rgbconsulting.com\/es\/#organization","name":"Guerssen records","url":"https:\/\/wpguerssen-test.odoo.rgbconsulting.com\/es\/","logo":{"@type":"ImageObject","inLanguage":"es","@id":"https:\/\/wpguerssen-test.odoo.rgbconsulting.com\/es\/#\/schema\/logo\/image\/","url":"https:\/\/wpguerssen-test.odoo.rgbconsulting.com\/wp-content\/uploads\/2022\/04\/Logo_Guerssen_trans_100.png","contentUrl":"https:\/\/wpguerssen-test.odoo.rgbconsulting.com\/wp-content\/uploads\/2022\/04\/Logo_Guerssen_trans_100.png","width":122,"height":100,"caption":"Guerssen records"},"image":{"@id":"https:\/\/wpguerssen-test.odoo.rgbconsulting.com\/es\/#\/schema\/logo\/image\/"}}]}},"_links":{"self":[{"href":"https:\/\/wpguerssen-test.odoo.rgbconsulting.com\/es\/wp-json\/wp\/v2\/product\/207600","targetHints":{"allow":["GET"]}}],"collection":[{"href":"https:\/\/wpguerssen-test.odoo.rgbconsulting.com\/es\/wp-json\/wp\/v2\/product"}],"about":[{"href":"https:\/\/wpguerssen-test.odoo.rgbconsulting.com\/es\/wp-json\/wp\/v2\/types\/product"}],"wp:featuredmedia":[{"embeddable":true,"href":"https:\/\/wpguerssen-test.odoo.rgbconsulting.com\/es\/wp-json\/wp\/v2\/media\/126845"}],"wp:attachment":[{"href":"https:\/\/wpguerssen-test.odoo.rgbconsulting.com\/es\/wp-json\/wp\/v2\/media?parent=207600"}],"wp:term":[{"taxonomy":"product_brand","embeddable":true,"href":"https:\/\/wpguerssen-test.odoo.rgbconsulting.com\/es\/wp-json\/wp\/v2\/product_brand?post=207600"},{"taxonomy":"product_cat","embeddable":true,"href":"https:\/\/wpguerssen-test.odoo.rgbconsulting.com\/es\/wp-json\/wp\/v2\/product_cat?post=207600"},{"taxonomy":"product_tag","embeddable":true,"href":"https:\/\/wpguerssen-test.odoo.rgbconsulting.com\/es\/wp-json\/wp\/v2\/product_tag?post=207600"}],"curies":[{"name":"wp","href":"https:\/\/api.w.org\/{rel}","templated":true}]}}