{"id":207605,"date":"2025-02-19T00:00:00","date_gmt":"2025-02-18T23:00:00","guid":{"rendered":"http:\/\/guerssen.hl1097.dinaserver.com\/product\/crystal-machine-2lp\/"},"modified":"2025-04-24T17:08:21","modified_gmt":"2025-04-24T15:08:21","slug":"crystal-machine-2lp","status":"publish","type":"product","link":"https:\/\/wpguerssen-test.odoo.rgbconsulting.com\/es\/producto\/crystal-machine-2lp\/","title":{"rendered":"Crystal Machine (2LP)"},"content":{"rendered":"<p>Abr\u00f3chate el cintur\u00f3n de tu cuerpo y mente para introducirte en uno de los iconos de la cosmic music en formato remasterizado de vinilo doble -uno de ellos repleto de rarezas- titulado Crystal Machine a cargo del visionario Tim Blake, compositor ingl\u00e9s y maestro de los sintetizadores. Grabado entre 1976\/77, su influencia permanece a\u00fan como un referente atemporal y todav\u00eda v\u00e1lido. Toda una obra de arte consistente, delirantemente imaginativa en cada uno de sus aspectos y repleta de singularidad y de pura belleza. Primera reedici\u00f3n en vinilo de esta obra maestra en m\u00e1s de 40 a\u00f1os, incluye adem\u00e1s una extensa entrevista exclusiva con el m\u00fasico.<\/p>\n","protected":false},"excerpt":{"rendered":"<p>Abr\u00f3chate el cintur\u00f3n de tu cuerpo y mente para introducirte en uno de los iconos de la cosmic music en formato remasterizado de vinilo doble -uno de ellos repleto<a class=\"read\" href=\"https:\/\/wpguerssen-test.odoo.rgbconsulting.com\/es\/producto\/crystal-machine-2lp\/\"> (...)<\/a>","protected":false},"featured_media":255520,"template":"","meta":{"_acf_changed":false},"product_brand":[],"product_cat":[23215,23266],"product_tag":[24190],"class_list":{"0":"post-207605","1":"product","2":"type-product","3":"status-publish","4":"has-post-thumbnail","6":"product_cat-progressive60s-70s-es","7":"product_cat-electronic-es","8":"product_tag-sales-es","9":"pa_artist-blake-tim","10":"pa_format-2lp-es","11":"pa_gender-electronic-progressive60s-70s","12":"pa_label-munster-es","13":"pa_location-uk-ireland-es","14":"pa_other-filters-vinyl-only-es","16":"first","17":"instock","18":"taxable","19":"shipping-taxable","20":"purchasable","21":"product-type-simple"},"acf":[],"yoast_head":"<!-- This site is optimized with the Yoast SEO plugin v24.9 - https:\/\/yoast.com\/wordpress\/plugins\/seo\/ -->\n<title>BLAKE, Tim - Crystal Machine (2LP) -  (2LP) | Guerssen<\/title>\n<meta name=\"description\" content=\"Hold your body and mind belts, and immerse yourself into a cornerstone of cosmic music in a double remastered vinyl - one them filled with rarities - called &quot;Crystal Machine&quot; by the visionary Tim Blake, English composer and synthesizer master. Recorded in 1976\/7, it remains echoing as a timeless effort, pretty much still alive. This is a deadly serious art piece, accordingly trippy in all its aspects, full of strangeness and sheer beauty. TRACKLIST Side A 1. Midnight 2. Metro\/Logic 3. Last Ride of The Boogie Child Side B 1. Synthese Intemporelle 2. Crystal Presence Side C 1. Surf 2. Synthese Intemporelle I 3. Synthese Intemporelle II 4. Metro Poly Train Side D 1. Oming in 2. Mirrors of Light\" \/>\n<meta name=\"robots\" content=\"index, follow, max-snippet:-1, max-image-preview:large, max-video-preview:-1\" \/>\n<link rel=\"canonical\" href=\"https:\/\/wpguerssen-test.odoo.rgbconsulting.com\/es\/producto\/crystal-machine-2lp\/\" \/>\n<meta property=\"og:locale\" content=\"es_ES\" \/>\n<meta property=\"og:type\" content=\"article\" \/>\n<meta property=\"og:title\" content=\"BLAKE, Tim - Crystal Machine (2LP) -  (2LP) | Guerssen\" \/>\n<meta property=\"og:description\" content=\"Hold your body and mind belts, and immerse yourself into a cornerstone of cosmic music in a double remastered vinyl - one them filled with rarities - called &quot;Crystal Machine&quot; by the visionary Tim Blake, English composer and synthesizer master. Recorded in 1976\/7, it remains echoing as a timeless effort, pretty much still alive. This is a deadly serious art piece, accordingly trippy in all its aspects, full of strangeness and sheer beauty. TRACKLIST Side A 1. Midnight 2. Metro\/Logic 3. Last Ride of The Boogie Child Side B 1. Synthese Intemporelle 2. Crystal Presence Side C 1. Surf 2. Synthese Intemporelle I 3. Synthese Intemporelle II 4. Metro Poly Train Side D 1. Oming in 2. Mirrors of Light\" \/>\n<meta property=\"og:url\" content=\"https:\/\/wpguerssen-test.odoo.rgbconsulting.com\/es\/producto\/crystal-machine-2lp\/\" \/>\n<meta property=\"og:site_name\" content=\"Guerssen records\" \/>\n<meta property=\"article:modified_time\" content=\"2025-04-24T15:08:21+00:00\" \/>\n<meta property=\"og:image\" content=\"https:\/\/wpguerssen-test.odoo.rgbconsulting.com\/wp-content\/uploads\/2024\/02\/36943.jpg\" \/>\n\t<meta property=\"og:image:width\" content=\"550\" \/>\n\t<meta property=\"og:image:height\" content=\"550\" \/>\n\t<meta property=\"og:image:type\" content=\"image\/jpeg\" \/>\n<meta name=\"twitter:card\" content=\"summary_large_image\" \/>\n<meta name=\"twitter:title\" content=\"BLAKE, Tim - Crystal Machine (2LP) -  (2LP) | Guerssen\" \/>\n<meta name=\"twitter:label1\" content=\"Tiempo de lectura\" \/>\n\t<meta name=\"twitter:data1\" content=\"1 minuto\" \/>\n<script type=\"application\/ld+json\" class=\"yoast-schema-graph\">{\"@context\":\"https:\/\/schema.org\",\"@graph\":[{\"@type\":\"WebPage\",\"@id\":\"https:\/\/wpguerssen-test.odoo.rgbconsulting.com\/es\/producto\/crystal-machine-2lp\/\",\"url\":\"https:\/\/wpguerssen-test.odoo.rgbconsulting.com\/es\/producto\/crystal-machine-2lp\/\",\"name\":\"BLAKE, Tim - Crystal Machine (2LP) - (2LP) | Guerssen\",\"isPartOf\":{\"@id\":\"https:\/\/wpguerssen-test.odoo.rgbconsulting.com\/es\/#website\"},\"primaryImageOfPage\":{\"@id\":\"https:\/\/wpguerssen-test.odoo.rgbconsulting.com\/es\/producto\/crystal-machine-2lp\/#primaryimage\"},\"image\":{\"@id\":\"https:\/\/wpguerssen-test.odoo.rgbconsulting.com\/es\/producto\/crystal-machine-2lp\/#primaryimage\"},\"thumbnailUrl\":\"https:\/\/wpguerssen-test.odoo.rgbconsulting.com\/wp-content\/uploads\/2024\/02\/36943.jpg\",\"datePublished\":\"2025-02-18T23:00:00+00:00\",\"dateModified\":\"2025-04-24T15:08:21+00:00\",\"description\":\"Hold your body and mind belts, and immerse yourself into a cornerstone of cosmic music in a double remastered vinyl - one them filled with rarities - called \\\"Crystal Machine\\\" by the visionary Tim Blake, English composer and synthesizer master. Recorded in 1976\/7, it remains echoing as a timeless effort, pretty much still alive. This is a deadly serious art piece, accordingly trippy in all its aspects, full of strangeness and sheer beauty. TRACKLIST Side A 1. Midnight 2. Metro\/Logic 3. Last Ride of The Boogie Child Side B 1. Synthese Intemporelle 2. Crystal Presence Side C 1. Surf 2. Synthese Intemporelle I 3. Synthese Intemporelle II 4. Metro Poly Train Side D 1. Oming in 2. Mirrors of Light\",\"breadcrumb\":{\"@id\":\"https:\/\/wpguerssen-test.odoo.rgbconsulting.com\/es\/producto\/crystal-machine-2lp\/#breadcrumb\"},\"inLanguage\":\"es\",\"potentialAction\":[{\"@type\":\"ReadAction\",\"target\":[\"https:\/\/wpguerssen-test.odoo.rgbconsulting.com\/es\/producto\/crystal-machine-2lp\/\"]}]},{\"@type\":\"ImageObject\",\"inLanguage\":\"es\",\"@id\":\"https:\/\/wpguerssen-test.odoo.rgbconsulting.com\/es\/producto\/crystal-machine-2lp\/#primaryimage\",\"url\":\"https:\/\/wpguerssen-test.odoo.rgbconsulting.com\/wp-content\/uploads\/2024\/02\/36943.jpg\",\"contentUrl\":\"https:\/\/wpguerssen-test.odoo.rgbconsulting.com\/wp-content\/uploads\/2024\/02\/36943.jpg\",\"width\":550,\"height\":550,\"caption\":\"Tim - Crystal Machine (2LP) - MUNSTER (2LP) | Guerssen\"},{\"@type\":\"BreadcrumbList\",\"@id\":\"https:\/\/wpguerssen-test.odoo.rgbconsulting.com\/es\/producto\/crystal-machine-2lp\/#breadcrumb\",\"itemListElement\":[{\"@type\":\"ListItem\",\"position\":1,\"name\":\"Inicio\",\"item\":\"https:\/\/wpguerssen-test.odoo.rgbconsulting.com\/es\/\"},{\"@type\":\"ListItem\",\"position\":2,\"name\":\"Shop\",\"item\":\"https:\/\/wpguerssen-test.odoo.rgbconsulting.com\/shop\/\"},{\"@type\":\"ListItem\",\"position\":3,\"name\":\"Crystal Machine (2LP)\"}]},{\"@type\":\"WebSite\",\"@id\":\"https:\/\/wpguerssen-test.odoo.rgbconsulting.com\/es\/#website\",\"url\":\"https:\/\/wpguerssen-test.odoo.rgbconsulting.com\/es\/\",\"name\":\"Guerssen records\",\"description\":\"psychedelia - progressive - folk - garage \",\"publisher\":{\"@id\":\"https:\/\/wpguerssen-test.odoo.rgbconsulting.com\/es\/#organization\"},\"potentialAction\":[{\"@type\":\"SearchAction\",\"target\":{\"@type\":\"EntryPoint\",\"urlTemplate\":\"https:\/\/wpguerssen-test.odoo.rgbconsulting.com\/es\/?s={search_term_string}\"},\"query-input\":{\"@type\":\"PropertyValueSpecification\",\"valueRequired\":true,\"valueName\":\"search_term_string\"}}],\"inLanguage\":\"es\"},{\"@type\":\"Organization\",\"@id\":\"https:\/\/wpguerssen-test.odoo.rgbconsulting.com\/es\/#organization\",\"name\":\"Guerssen records\",\"url\":\"https:\/\/wpguerssen-test.odoo.rgbconsulting.com\/es\/\",\"logo\":{\"@type\":\"ImageObject\",\"inLanguage\":\"es\",\"@id\":\"https:\/\/wpguerssen-test.odoo.rgbconsulting.com\/es\/#\/schema\/logo\/image\/\",\"url\":\"https:\/\/wpguerssen-test.odoo.rgbconsulting.com\/wp-content\/uploads\/2022\/04\/Logo_Guerssen_trans_100.png\",\"contentUrl\":\"https:\/\/wpguerssen-test.odoo.rgbconsulting.com\/wp-content\/uploads\/2022\/04\/Logo_Guerssen_trans_100.png\",\"width\":122,\"height\":100,\"caption\":\"Guerssen records\"},\"image\":{\"@id\":\"https:\/\/wpguerssen-test.odoo.rgbconsulting.com\/es\/#\/schema\/logo\/image\/\"}}]}<\/script>\n<!-- \/ Yoast SEO plugin. -->","yoast_head_json":{"title":"BLAKE, Tim - Crystal Machine (2LP) -  (2LP) | Guerssen","description":"Hold your body and mind belts, and immerse yourself into a cornerstone of cosmic music in a double remastered vinyl - one them filled with rarities - called \"Crystal Machine\" by the visionary Tim Blake, English composer and synthesizer master. Recorded in 1976\/7, it remains echoing as a timeless effort, pretty much still alive. This is a deadly serious art piece, accordingly trippy in all its aspects, full of strangeness and sheer beauty. TRACKLIST Side A 1. Midnight 2. Metro\/Logic 3. Last Ride of The Boogie Child Side B 1. Synthese Intemporelle 2. Crystal Presence Side C 1. Surf 2. Synthese Intemporelle I 3. Synthese Intemporelle II 4. Metro Poly Train Side D 1. Oming in 2. Mirrors of Light","robots":{"index":"index","follow":"follow","max-snippet":"max-snippet:-1","max-image-preview":"max-image-preview:large","max-video-preview":"max-video-preview:-1"},"canonical":"https:\/\/wpguerssen-test.odoo.rgbconsulting.com\/es\/producto\/crystal-machine-2lp\/","og_locale":"es_ES","og_type":"article","og_title":"BLAKE, Tim - Crystal Machine (2LP) -  (2LP) | Guerssen","og_description":"Hold your body and mind belts, and immerse yourself into a cornerstone of cosmic music in a double remastered vinyl - one them filled with rarities - called \"Crystal Machine\" by the visionary Tim Blake, English composer and synthesizer master. Recorded in 1976\/7, it remains echoing as a timeless effort, pretty much still alive. This is a deadly serious art piece, accordingly trippy in all its aspects, full of strangeness and sheer beauty. TRACKLIST Side A 1. Midnight 2. Metro\/Logic 3. Last Ride of The Boogie Child Side B 1. Synthese Intemporelle 2. Crystal Presence Side C 1. Surf 2. Synthese Intemporelle I 3. Synthese Intemporelle II 4. Metro Poly Train Side D 1. Oming in 2. Mirrors of Light","og_url":"https:\/\/wpguerssen-test.odoo.rgbconsulting.com\/es\/producto\/crystal-machine-2lp\/","og_site_name":"Guerssen records","article_modified_time":"2025-04-24T15:08:21+00:00","og_image":[{"width":550,"height":550,"url":"https:\/\/wpguerssen-test.odoo.rgbconsulting.com\/wp-content\/uploads\/2024\/02\/36943.jpg","type":"image\/jpeg"}],"twitter_card":"summary_large_image","twitter_title":"BLAKE, Tim - Crystal Machine (2LP) -  (2LP) | Guerssen","twitter_misc":{"Tiempo de lectura":"1 minuto"},"schema":{"@context":"https:\/\/schema.org","@graph":[{"@type":"WebPage","@id":"https:\/\/wpguerssen-test.odoo.rgbconsulting.com\/es\/producto\/crystal-machine-2lp\/","url":"https:\/\/wpguerssen-test.odoo.rgbconsulting.com\/es\/producto\/crystal-machine-2lp\/","name":"BLAKE, Tim - Crystal Machine (2LP) - (2LP) | Guerssen","isPartOf":{"@id":"https:\/\/wpguerssen-test.odoo.rgbconsulting.com\/es\/#website"},"primaryImageOfPage":{"@id":"https:\/\/wpguerssen-test.odoo.rgbconsulting.com\/es\/producto\/crystal-machine-2lp\/#primaryimage"},"image":{"@id":"https:\/\/wpguerssen-test.odoo.rgbconsulting.com\/es\/producto\/crystal-machine-2lp\/#primaryimage"},"thumbnailUrl":"https:\/\/wpguerssen-test.odoo.rgbconsulting.com\/wp-content\/uploads\/2024\/02\/36943.jpg","datePublished":"2025-02-18T23:00:00+00:00","dateModified":"2025-04-24T15:08:21+00:00","description":"Hold your body and mind belts, and immerse yourself into a cornerstone of cosmic music in a double remastered vinyl - one them filled with rarities - called \"Crystal Machine\" by the visionary Tim Blake, English composer and synthesizer master. Recorded in 1976\/7, it remains echoing as a timeless effort, pretty much still alive. This is a deadly serious art piece, accordingly trippy in all its aspects, full of strangeness and sheer beauty. TRACKLIST Side A 1. Midnight 2. Metro\/Logic 3. Last Ride of The Boogie Child Side B 1. Synthese Intemporelle 2. Crystal Presence Side C 1. Surf 2. Synthese Intemporelle I 3. Synthese Intemporelle II 4. Metro Poly Train Side D 1. Oming in 2. Mirrors of Light","breadcrumb":{"@id":"https:\/\/wpguerssen-test.odoo.rgbconsulting.com\/es\/producto\/crystal-machine-2lp\/#breadcrumb"},"inLanguage":"es","potentialAction":[{"@type":"ReadAction","target":["https:\/\/wpguerssen-test.odoo.rgbconsulting.com\/es\/producto\/crystal-machine-2lp\/"]}]},{"@type":"ImageObject","inLanguage":"es","@id":"https:\/\/wpguerssen-test.odoo.rgbconsulting.com\/es\/producto\/crystal-machine-2lp\/#primaryimage","url":"https:\/\/wpguerssen-test.odoo.rgbconsulting.com\/wp-content\/uploads\/2024\/02\/36943.jpg","contentUrl":"https:\/\/wpguerssen-test.odoo.rgbconsulting.com\/wp-content\/uploads\/2024\/02\/36943.jpg","width":550,"height":550,"caption":"Tim - Crystal Machine (2LP) - MUNSTER (2LP) | Guerssen"},{"@type":"BreadcrumbList","@id":"https:\/\/wpguerssen-test.odoo.rgbconsulting.com\/es\/producto\/crystal-machine-2lp\/#breadcrumb","itemListElement":[{"@type":"ListItem","position":1,"name":"Inicio","item":"https:\/\/wpguerssen-test.odoo.rgbconsulting.com\/es\/"},{"@type":"ListItem","position":2,"name":"Shop","item":"https:\/\/wpguerssen-test.odoo.rgbconsulting.com\/shop\/"},{"@type":"ListItem","position":3,"name":"Crystal Machine (2LP)"}]},{"@type":"WebSite","@id":"https:\/\/wpguerssen-test.odoo.rgbconsulting.com\/es\/#website","url":"https:\/\/wpguerssen-test.odoo.rgbconsulting.com\/es\/","name":"Guerssen records","description":"psychedelia - progressive - folk - garage ","publisher":{"@id":"https:\/\/wpguerssen-test.odoo.rgbconsulting.com\/es\/#organization"},"potentialAction":[{"@type":"SearchAction","target":{"@type":"EntryPoint","urlTemplate":"https:\/\/wpguerssen-test.odoo.rgbconsulting.com\/es\/?s={search_term_string}"},"query-input":{"@type":"PropertyValueSpecification","valueRequired":true,"valueName":"search_term_string"}}],"inLanguage":"es"},{"@type":"Organization","@id":"https:\/\/wpguerssen-test.odoo.rgbconsulting.com\/es\/#organization","name":"Guerssen records","url":"https:\/\/wpguerssen-test.odoo.rgbconsulting.com\/es\/","logo":{"@type":"ImageObject","inLanguage":"es","@id":"https:\/\/wpguerssen-test.odoo.rgbconsulting.com\/es\/#\/schema\/logo\/image\/","url":"https:\/\/wpguerssen-test.odoo.rgbconsulting.com\/wp-content\/uploads\/2022\/04\/Logo_Guerssen_trans_100.png","contentUrl":"https:\/\/wpguerssen-test.odoo.rgbconsulting.com\/wp-content\/uploads\/2022\/04\/Logo_Guerssen_trans_100.png","width":122,"height":100,"caption":"Guerssen records"},"image":{"@id":"https:\/\/wpguerssen-test.odoo.rgbconsulting.com\/es\/#\/schema\/logo\/image\/"}}]}},"_links":{"self":[{"href":"https:\/\/wpguerssen-test.odoo.rgbconsulting.com\/es\/wp-json\/wp\/v2\/product\/207605","targetHints":{"allow":["GET"]}}],"collection":[{"href":"https:\/\/wpguerssen-test.odoo.rgbconsulting.com\/es\/wp-json\/wp\/v2\/product"}],"about":[{"href":"https:\/\/wpguerssen-test.odoo.rgbconsulting.com\/es\/wp-json\/wp\/v2\/types\/product"}],"wp:featuredmedia":[{"embeddable":true,"href":"https:\/\/wpguerssen-test.odoo.rgbconsulting.com\/es\/wp-json\/wp\/v2\/media\/255520"}],"wp:attachment":[{"href":"https:\/\/wpguerssen-test.odoo.rgbconsulting.com\/es\/wp-json\/wp\/v2\/media?parent=207605"}],"wp:term":[{"taxonomy":"product_brand","embeddable":true,"href":"https:\/\/wpguerssen-test.odoo.rgbconsulting.com\/es\/wp-json\/wp\/v2\/product_brand?post=207605"},{"taxonomy":"product_cat","embeddable":true,"href":"https:\/\/wpguerssen-test.odoo.rgbconsulting.com\/es\/wp-json\/wp\/v2\/product_cat?post=207605"},{"taxonomy":"product_tag","embeddable":true,"href":"https:\/\/wpguerssen-test.odoo.rgbconsulting.com\/es\/wp-json\/wp\/v2\/product_tag?post=207605"}],"curies":[{"name":"wp","href":"https:\/\/api.w.org\/{rel}","templated":true}]}}