{"id":207637,"date":"2020-11-05T00:00:00","date_gmt":"2020-11-04T23:00:00","guid":{"rendered":"http:\/\/guerssen.hl1097.dinaserver.com\/product\/the-incredible-shrinking-dickies\/"},"modified":"2024-03-01T13:55:02","modified_gmt":"2024-03-01T12:55:02","slug":"the-incredible-shrinking-dickies","status":"publish","type":"product","link":"https:\/\/wpguerssen-test.odoo.rgbconsulting.com\/es\/producto\/the-incredible-shrinking-dickies\/","title":{"rendered":"The Incredible Shrinking Dickies"},"content":{"rendered":"<p>The Dickies surgieron del Valle de San Fernando a fines de la d\u00e9cada de 1970, sus miembros incluyen al amigo de Iggy Pop, Stan Lee, en la guitarra principal, Chuck Wagon en las teclas y el saxo, Karlos Kaballero en la bater\u00eda, Billy Club en el bajo y el inadaptado introvertido Leonard Graves Phillips como l\u00edder. Su combinaci\u00f3n de riffs furiosos, ganchos l\u00edricos pegadizos y travesuras tontas pronto les consigui\u00f3 un contrato con A&#038;M despu\u00e9s de la deserci\u00f3n de los Pistols, y este excelente debut captura a la banda en su mejor momento. Canciones como &#8216;You Drive Me Ape&#8217; y &#8216;Mental Ward&#8217; inspiraron a las audiencias de ambos lados del Atl\u00e1ntico, y el \u00e1lbum lleg\u00f3 al top 20 del Reino Unido. \u00a1Absolutamente imperdible para todos los fan\u00e1ticos de Dickies y amantes de la escena punk de Los \u00c1ngeles!<\/p>\n","protected":false},"excerpt":{"rendered":"<p>The Dickies surgieron del Valle de San Fernando a fines de la d\u00e9cada de 1970, sus miembros incluyen al amigo de Iggy Pop, Stan Lee, en la guitarra principal, Chuck<a class=\"read\" href=\"https:\/\/wpguerssen-test.odoo.rgbconsulting.com\/es\/producto\/the-incredible-shrinking-dickies\/\"> (...)<\/a>","protected":false},"featured_media":237918,"template":"","meta":{"_acf_changed":false},"product_brand":[],"product_cat":[21650],"product_tag":[],"class_list":{"0":"post-207637","1":"product","2":"type-product","3":"status-publish","4":"has-post-thumbnail","6":"product_cat-punk-es","7":"pa_artist-dickies","8":"pa_format-lp-es","9":"pa_gender-punk","10":"pa_label-survival-research","11":"pa_location-north-america-es","12":"pa_other-filters-vinyl-only-es","14":"first","15":"instock","16":"taxable","17":"shipping-taxable","18":"purchasable","19":"product-type-simple"},"acf":[],"yoast_head":"<!-- This site is optimized with the Yoast SEO plugin v24.9 - https:\/\/yoast.com\/wordpress\/plugins\/seo\/ -->\n<title>DICKIES - The Incredible Shrinking Dickies -  (LP) | Guerssen<\/title>\n<meta name=\"description\" content=\"So-Cal pop-punk icons The Dickies emerged from the San Fernando Valley in the late 1970s, its members including Iggy Pop&#039;s smack buddy, Stan Lee, on lead guitar, Chuck Wagon on keys and sax, Karlos Kaballero on pounding drums, Billy Club on bass and introverted misfit Leonard Graves Phillips as frontman. Their blend of furious riffs, catchy lyric hooks and goofball antics soon landed them a contract with A&amp;M in the aftermath of the Pistols&#039; defection, and this excellent debut captures the band at their best. Songs like &#039;You Drive Me Ape&#039; and &#039;Mental Ward&#039; inspired audiences on both sides of the Atlantic, the album hitting the UK top 20. Absolutely unmissable for all Dickies fans and lovers of the LA punk scene!\" \/>\n<meta name=\"robots\" content=\"index, follow, max-snippet:-1, max-image-preview:large, max-video-preview:-1\" \/>\n<link rel=\"canonical\" href=\"https:\/\/wpguerssen-test.odoo.rgbconsulting.com\/es\/producto\/the-incredible-shrinking-dickies\/\" \/>\n<meta property=\"og:locale\" content=\"es_ES\" \/>\n<meta property=\"og:type\" content=\"article\" \/>\n<meta property=\"og:title\" content=\"DICKIES - The Incredible Shrinking Dickies -  (LP) | Guerssen\" \/>\n<meta property=\"og:description\" content=\"So-Cal pop-punk icons The Dickies emerged from the San Fernando Valley in the late 1970s, its members including Iggy Pop&#039;s smack buddy, Stan Lee, on lead guitar, Chuck Wagon on keys and sax, Karlos Kaballero on pounding drums, Billy Club on bass and introverted misfit Leonard Graves Phillips as frontman. Their blend of furious riffs, catchy lyric hooks and goofball antics soon landed them a contract with A&amp;M in the aftermath of the Pistols&#039; defection, and this excellent debut captures the band at their best. Songs like &#039;You Drive Me Ape&#039; and &#039;Mental Ward&#039; inspired audiences on both sides of the Atlantic, the album hitting the UK top 20. Absolutely unmissable for all Dickies fans and lovers of the LA punk scene!\" \/>\n<meta property=\"og:url\" content=\"https:\/\/wpguerssen-test.odoo.rgbconsulting.com\/es\/producto\/the-incredible-shrinking-dickies\/\" \/>\n<meta property=\"og:site_name\" content=\"Guerssen records\" \/>\n<meta property=\"article:modified_time\" content=\"2024-03-01T12:55:02+00:00\" \/>\n<meta property=\"og:image\" content=\"https:\/\/wpguerssen-test.odoo.rgbconsulting.com\/wp-content\/uploads\/2023\/06\/36986.jpg\" \/>\n\t<meta property=\"og:image:width\" content=\"600\" \/>\n\t<meta property=\"og:image:height\" content=\"601\" \/>\n\t<meta property=\"og:image:type\" content=\"image\/jpeg\" \/>\n<meta name=\"twitter:card\" content=\"summary_large_image\" \/>\n<meta name=\"twitter:title\" content=\"DICKIES - The Incredible Shrinking Dickies -  (LP) | Guerssen\" \/>\n<meta name=\"twitter:label1\" content=\"Tiempo de lectura\" \/>\n\t<meta name=\"twitter:data1\" content=\"1 minuto\" \/>\n<script type=\"application\/ld+json\" class=\"yoast-schema-graph\">{\"@context\":\"https:\/\/schema.org\",\"@graph\":[{\"@type\":\"WebPage\",\"@id\":\"https:\/\/wpguerssen-test.odoo.rgbconsulting.com\/es\/producto\/the-incredible-shrinking-dickies\/\",\"url\":\"https:\/\/wpguerssen-test.odoo.rgbconsulting.com\/es\/producto\/the-incredible-shrinking-dickies\/\",\"name\":\"DICKIES - The Incredible Shrinking Dickies - (LP) | Guerssen\",\"isPartOf\":{\"@id\":\"https:\/\/wpguerssen-test.odoo.rgbconsulting.com\/es\/#website\"},\"primaryImageOfPage\":{\"@id\":\"https:\/\/wpguerssen-test.odoo.rgbconsulting.com\/es\/producto\/the-incredible-shrinking-dickies\/#primaryimage\"},\"image\":{\"@id\":\"https:\/\/wpguerssen-test.odoo.rgbconsulting.com\/es\/producto\/the-incredible-shrinking-dickies\/#primaryimage\"},\"thumbnailUrl\":\"https:\/\/wpguerssen-test.odoo.rgbconsulting.com\/wp-content\/uploads\/2023\/06\/36986.jpg\",\"datePublished\":\"2020-11-04T23:00:00+00:00\",\"dateModified\":\"2024-03-01T12:55:02+00:00\",\"description\":\"So-Cal pop-punk icons The Dickies emerged from the San Fernando Valley in the late 1970s, its members including Iggy Pop's smack buddy, Stan Lee, on lead guitar, Chuck Wagon on keys and sax, Karlos Kaballero on pounding drums, Billy Club on bass and introverted misfit Leonard Graves Phillips as frontman. Their blend of furious riffs, catchy lyric hooks and goofball antics soon landed them a contract with A&amp;M in the aftermath of the Pistols' defection, and this excellent debut captures the band at their best. Songs like 'You Drive Me Ape' and 'Mental Ward' inspired audiences on both sides of the Atlantic, the album hitting the UK top 20. Absolutely unmissable for all Dickies fans and lovers of the LA punk scene!\",\"breadcrumb\":{\"@id\":\"https:\/\/wpguerssen-test.odoo.rgbconsulting.com\/es\/producto\/the-incredible-shrinking-dickies\/#breadcrumb\"},\"inLanguage\":\"es\",\"potentialAction\":[{\"@type\":\"ReadAction\",\"target\":[\"https:\/\/wpguerssen-test.odoo.rgbconsulting.com\/es\/producto\/the-incredible-shrinking-dickies\/\"]}]},{\"@type\":\"ImageObject\",\"inLanguage\":\"es\",\"@id\":\"https:\/\/wpguerssen-test.odoo.rgbconsulting.com\/es\/producto\/the-incredible-shrinking-dickies\/#primaryimage\",\"url\":\"https:\/\/wpguerssen-test.odoo.rgbconsulting.com\/wp-content\/uploads\/2023\/06\/36986.jpg\",\"contentUrl\":\"https:\/\/wpguerssen-test.odoo.rgbconsulting.com\/wp-content\/uploads\/2023\/06\/36986.jpg\",\"width\":600,\"height\":601},{\"@type\":\"BreadcrumbList\",\"@id\":\"https:\/\/wpguerssen-test.odoo.rgbconsulting.com\/es\/producto\/the-incredible-shrinking-dickies\/#breadcrumb\",\"itemListElement\":[{\"@type\":\"ListItem\",\"position\":1,\"name\":\"Inicio\",\"item\":\"https:\/\/wpguerssen-test.odoo.rgbconsulting.com\/es\/\"},{\"@type\":\"ListItem\",\"position\":2,\"name\":\"Shop\",\"item\":\"https:\/\/wpguerssen-test.odoo.rgbconsulting.com\/shop\/\"},{\"@type\":\"ListItem\",\"position\":3,\"name\":\"The Incredible Shrinking Dickies\"}]},{\"@type\":\"WebSite\",\"@id\":\"https:\/\/wpguerssen-test.odoo.rgbconsulting.com\/es\/#website\",\"url\":\"https:\/\/wpguerssen-test.odoo.rgbconsulting.com\/es\/\",\"name\":\"Guerssen records\",\"description\":\"psychedelia - progressive - folk - garage \",\"publisher\":{\"@id\":\"https:\/\/wpguerssen-test.odoo.rgbconsulting.com\/es\/#organization\"},\"potentialAction\":[{\"@type\":\"SearchAction\",\"target\":{\"@type\":\"EntryPoint\",\"urlTemplate\":\"https:\/\/wpguerssen-test.odoo.rgbconsulting.com\/es\/?s={search_term_string}\"},\"query-input\":{\"@type\":\"PropertyValueSpecification\",\"valueRequired\":true,\"valueName\":\"search_term_string\"}}],\"inLanguage\":\"es\"},{\"@type\":\"Organization\",\"@id\":\"https:\/\/wpguerssen-test.odoo.rgbconsulting.com\/es\/#organization\",\"name\":\"Guerssen records\",\"url\":\"https:\/\/wpguerssen-test.odoo.rgbconsulting.com\/es\/\",\"logo\":{\"@type\":\"ImageObject\",\"inLanguage\":\"es\",\"@id\":\"https:\/\/wpguerssen-test.odoo.rgbconsulting.com\/es\/#\/schema\/logo\/image\/\",\"url\":\"https:\/\/wpguerssen-test.odoo.rgbconsulting.com\/wp-content\/uploads\/2022\/04\/Logo_Guerssen_trans_100.png\",\"contentUrl\":\"https:\/\/wpguerssen-test.odoo.rgbconsulting.com\/wp-content\/uploads\/2022\/04\/Logo_Guerssen_trans_100.png\",\"width\":122,\"height\":100,\"caption\":\"Guerssen records\"},\"image\":{\"@id\":\"https:\/\/wpguerssen-test.odoo.rgbconsulting.com\/es\/#\/schema\/logo\/image\/\"}}]}<\/script>\n<!-- \/ Yoast SEO plugin. -->","yoast_head_json":{"title":"DICKIES - The Incredible Shrinking Dickies -  (LP) | Guerssen","description":"So-Cal pop-punk icons The Dickies emerged from the San Fernando Valley in the late 1970s, its members including Iggy Pop's smack buddy, Stan Lee, on lead guitar, Chuck Wagon on keys and sax, Karlos Kaballero on pounding drums, Billy Club on bass and introverted misfit Leonard Graves Phillips as frontman. Their blend of furious riffs, catchy lyric hooks and goofball antics soon landed them a contract with A&amp;M in the aftermath of the Pistols' defection, and this excellent debut captures the band at their best. Songs like 'You Drive Me Ape' and 'Mental Ward' inspired audiences on both sides of the Atlantic, the album hitting the UK top 20. Absolutely unmissable for all Dickies fans and lovers of the LA punk scene!","robots":{"index":"index","follow":"follow","max-snippet":"max-snippet:-1","max-image-preview":"max-image-preview:large","max-video-preview":"max-video-preview:-1"},"canonical":"https:\/\/wpguerssen-test.odoo.rgbconsulting.com\/es\/producto\/the-incredible-shrinking-dickies\/","og_locale":"es_ES","og_type":"article","og_title":"DICKIES - The Incredible Shrinking Dickies -  (LP) | Guerssen","og_description":"So-Cal pop-punk icons The Dickies emerged from the San Fernando Valley in the late 1970s, its members including Iggy Pop's smack buddy, Stan Lee, on lead guitar, Chuck Wagon on keys and sax, Karlos Kaballero on pounding drums, Billy Club on bass and introverted misfit Leonard Graves Phillips as frontman. Their blend of furious riffs, catchy lyric hooks and goofball antics soon landed them a contract with A&amp;M in the aftermath of the Pistols' defection, and this excellent debut captures the band at their best. Songs like 'You Drive Me Ape' and 'Mental Ward' inspired audiences on both sides of the Atlantic, the album hitting the UK top 20. Absolutely unmissable for all Dickies fans and lovers of the LA punk scene!","og_url":"https:\/\/wpguerssen-test.odoo.rgbconsulting.com\/es\/producto\/the-incredible-shrinking-dickies\/","og_site_name":"Guerssen records","article_modified_time":"2024-03-01T12:55:02+00:00","og_image":[{"width":600,"height":601,"url":"https:\/\/wpguerssen-test.odoo.rgbconsulting.com\/wp-content\/uploads\/2023\/06\/36986.jpg","type":"image\/jpeg"}],"twitter_card":"summary_large_image","twitter_title":"DICKIES - The Incredible Shrinking Dickies -  (LP) | Guerssen","twitter_misc":{"Tiempo de lectura":"1 minuto"},"schema":{"@context":"https:\/\/schema.org","@graph":[{"@type":"WebPage","@id":"https:\/\/wpguerssen-test.odoo.rgbconsulting.com\/es\/producto\/the-incredible-shrinking-dickies\/","url":"https:\/\/wpguerssen-test.odoo.rgbconsulting.com\/es\/producto\/the-incredible-shrinking-dickies\/","name":"DICKIES - The Incredible Shrinking Dickies - (LP) | Guerssen","isPartOf":{"@id":"https:\/\/wpguerssen-test.odoo.rgbconsulting.com\/es\/#website"},"primaryImageOfPage":{"@id":"https:\/\/wpguerssen-test.odoo.rgbconsulting.com\/es\/producto\/the-incredible-shrinking-dickies\/#primaryimage"},"image":{"@id":"https:\/\/wpguerssen-test.odoo.rgbconsulting.com\/es\/producto\/the-incredible-shrinking-dickies\/#primaryimage"},"thumbnailUrl":"https:\/\/wpguerssen-test.odoo.rgbconsulting.com\/wp-content\/uploads\/2023\/06\/36986.jpg","datePublished":"2020-11-04T23:00:00+00:00","dateModified":"2024-03-01T12:55:02+00:00","description":"So-Cal pop-punk icons The Dickies emerged from the San Fernando Valley in the late 1970s, its members including Iggy Pop's smack buddy, Stan Lee, on lead guitar, Chuck Wagon on keys and sax, Karlos Kaballero on pounding drums, Billy Club on bass and introverted misfit Leonard Graves Phillips as frontman. Their blend of furious riffs, catchy lyric hooks and goofball antics soon landed them a contract with A&amp;M in the aftermath of the Pistols' defection, and this excellent debut captures the band at their best. Songs like 'You Drive Me Ape' and 'Mental Ward' inspired audiences on both sides of the Atlantic, the album hitting the UK top 20. Absolutely unmissable for all Dickies fans and lovers of the LA punk scene!","breadcrumb":{"@id":"https:\/\/wpguerssen-test.odoo.rgbconsulting.com\/es\/producto\/the-incredible-shrinking-dickies\/#breadcrumb"},"inLanguage":"es","potentialAction":[{"@type":"ReadAction","target":["https:\/\/wpguerssen-test.odoo.rgbconsulting.com\/es\/producto\/the-incredible-shrinking-dickies\/"]}]},{"@type":"ImageObject","inLanguage":"es","@id":"https:\/\/wpguerssen-test.odoo.rgbconsulting.com\/es\/producto\/the-incredible-shrinking-dickies\/#primaryimage","url":"https:\/\/wpguerssen-test.odoo.rgbconsulting.com\/wp-content\/uploads\/2023\/06\/36986.jpg","contentUrl":"https:\/\/wpguerssen-test.odoo.rgbconsulting.com\/wp-content\/uploads\/2023\/06\/36986.jpg","width":600,"height":601},{"@type":"BreadcrumbList","@id":"https:\/\/wpguerssen-test.odoo.rgbconsulting.com\/es\/producto\/the-incredible-shrinking-dickies\/#breadcrumb","itemListElement":[{"@type":"ListItem","position":1,"name":"Inicio","item":"https:\/\/wpguerssen-test.odoo.rgbconsulting.com\/es\/"},{"@type":"ListItem","position":2,"name":"Shop","item":"https:\/\/wpguerssen-test.odoo.rgbconsulting.com\/shop\/"},{"@type":"ListItem","position":3,"name":"The Incredible Shrinking Dickies"}]},{"@type":"WebSite","@id":"https:\/\/wpguerssen-test.odoo.rgbconsulting.com\/es\/#website","url":"https:\/\/wpguerssen-test.odoo.rgbconsulting.com\/es\/","name":"Guerssen records","description":"psychedelia - progressive - folk - garage ","publisher":{"@id":"https:\/\/wpguerssen-test.odoo.rgbconsulting.com\/es\/#organization"},"potentialAction":[{"@type":"SearchAction","target":{"@type":"EntryPoint","urlTemplate":"https:\/\/wpguerssen-test.odoo.rgbconsulting.com\/es\/?s={search_term_string}"},"query-input":{"@type":"PropertyValueSpecification","valueRequired":true,"valueName":"search_term_string"}}],"inLanguage":"es"},{"@type":"Organization","@id":"https:\/\/wpguerssen-test.odoo.rgbconsulting.com\/es\/#organization","name":"Guerssen records","url":"https:\/\/wpguerssen-test.odoo.rgbconsulting.com\/es\/","logo":{"@type":"ImageObject","inLanguage":"es","@id":"https:\/\/wpguerssen-test.odoo.rgbconsulting.com\/es\/#\/schema\/logo\/image\/","url":"https:\/\/wpguerssen-test.odoo.rgbconsulting.com\/wp-content\/uploads\/2022\/04\/Logo_Guerssen_trans_100.png","contentUrl":"https:\/\/wpguerssen-test.odoo.rgbconsulting.com\/wp-content\/uploads\/2022\/04\/Logo_Guerssen_trans_100.png","width":122,"height":100,"caption":"Guerssen records"},"image":{"@id":"https:\/\/wpguerssen-test.odoo.rgbconsulting.com\/es\/#\/schema\/logo\/image\/"}}]}},"_links":{"self":[{"href":"https:\/\/wpguerssen-test.odoo.rgbconsulting.com\/es\/wp-json\/wp\/v2\/product\/207637","targetHints":{"allow":["GET"]}}],"collection":[{"href":"https:\/\/wpguerssen-test.odoo.rgbconsulting.com\/es\/wp-json\/wp\/v2\/product"}],"about":[{"href":"https:\/\/wpguerssen-test.odoo.rgbconsulting.com\/es\/wp-json\/wp\/v2\/types\/product"}],"wp:featuredmedia":[{"embeddable":true,"href":"https:\/\/wpguerssen-test.odoo.rgbconsulting.com\/es\/wp-json\/wp\/v2\/media\/237918"}],"wp:attachment":[{"href":"https:\/\/wpguerssen-test.odoo.rgbconsulting.com\/es\/wp-json\/wp\/v2\/media?parent=207637"}],"wp:term":[{"taxonomy":"product_brand","embeddable":true,"href":"https:\/\/wpguerssen-test.odoo.rgbconsulting.com\/es\/wp-json\/wp\/v2\/product_brand?post=207637"},{"taxonomy":"product_cat","embeddable":true,"href":"https:\/\/wpguerssen-test.odoo.rgbconsulting.com\/es\/wp-json\/wp\/v2\/product_cat?post=207637"},{"taxonomy":"product_tag","embeddable":true,"href":"https:\/\/wpguerssen-test.odoo.rgbconsulting.com\/es\/wp-json\/wp\/v2\/product_tag?post=207637"}],"curies":[{"name":"wp","href":"https:\/\/api.w.org\/{rel}","templated":true}]}}