{"id":207721,"date":"2021-02-04T00:00:00","date_gmt":"2021-02-03T23:00:00","guid":{"rendered":"http:\/\/guerssen.hl1097.dinaserver.com\/product\/reverie\/"},"modified":"2025-03-18T15:54:28","modified_gmt":"2025-03-18T14:54:28","slug":"reverie","status":"publish","type":"product","link":"https:\/\/wpguerssen-test.odoo.rgbconsulting.com\/es\/producto\/reverie\/","title":{"rendered":"Reverie"},"content":{"rendered":"<p>PORTADA DE CART\u00d3N DURO + OBI. <\/p>\n<p> Buscado \u00e1lbum de disco \/ funk \/ boogie USA, 1978! Grabado de forma profesional con alto nivel musical y perfecta calidad de sonido, sin nada que envidiar a cualquier disco similar de la \u00e9poca en grandes sellos (piensa en Love Unlimited Orchestra y similares). <\/p>\n<p> Mezclado por la leyenda del sonido Disco Joaquin J. Lopes y con los hermanos John y Rocco Giamundo al mando. Mayormente instrumental con fant\u00e1sticos arreglos (cuerdas, teclados e incluso el Vako Orchestron en un tema) junto a tremenda ocasional guitarra con fuzz \/ efectos. <\/p>\n<p> Originalmente publicado en USA \u00fanicamente como disco promo (con portada gen\u00e9rica blanca) en el propio sello del grupo, Artemis, fue tambi\u00e9n editado en B\u00e9lgica bajo el t\u00edtulo de Reverie &#8211; Get Up And Dance y Jap\u00f3n, ambos con portada a color. <\/p>\n<p> Incluye cl\u00e1sicos de club \/ rare-goove como \u00abIt&#8217;s True\u00bb (famosa por aparecer en la recopilaci\u00f3n Under The Influence Vol. 2 de Paul Phillips), \u00abGet It On And Dance\u00bb, \u00abThe Way We Were\u00bb (version disco-sinf\u00f3nica del hit de la pel\u00edcula del mismo t\u00edtulo interpretado por  de Barbra Streissand) y m\u00e1s&#8230; <\/p>\n<p> Por primera vez reeditado, nuevo artwork basado en la idea que el grupo ten\u00eda para la nunca finalizada portada USA. Sonido de m\u00e1sters. <\/p>\n<p> Tracklist: 1. Reverie &#8211; 2. Get It Up And Dance &#8211; 3. It&#8217;s True &#8211; 4. The Way We Were \/ Version \/ Love In Motion &#8211; 5. Untitled<\/p>\n","protected":false},"excerpt":{"rendered":"<p>PORTADA DE CART\u00d3N DURO + OBI. <\/p>\n<p>\u00a0<\/p>\n<p> Buscado \u00e1lbum de disco \/ funk \/ boogie USA, 1978! Grabado de forma profesional con alto nivel musical y perfecta<a class=\"read\" href=\"https:\/\/wpguerssen-test.odoo.rgbconsulting.com\/es\/producto\/reverie\/\"> (...)<\/a>","protected":false},"featured_media":127083,"template":"","meta":{"_acf_changed":false},"product_brand":[],"product_cat":[23265],"product_tag":[],"class_list":{"0":"post-207721","1":"product","2":"type-product","3":"status-publish","4":"has-post-thumbnail","6":"product_cat-disco-cosmic-italo-es","7":"pa_artist-new-york-disco-orchestra-the-es","8":"pa_format-lp-es","9":"pa_gender-disco-cosmic-italo","10":"pa_label-espacial-discos-es","11":"pa_location-north-america-es","12":"pa_other-filters-vinyl-only-es","14":"first","15":"instock","16":"taxable","17":"shipping-taxable","18":"purchasable","19":"product-type-simple"},"acf":[],"yoast_head":"<!-- This site is optimized with the Yoast SEO plugin v24.9 - https:\/\/yoast.com\/wordpress\/plugins\/seo\/ -->\n<title>NEW YORK DISCO ORCHESTRA, The - Reverie -  (LP) | Guerssen<\/title>\n<meta name=\"description\" content=\"Sought-after disco \/ funk \/ boogie album from the US, 1978!! #nl# Pro-sounding recording with top level musicianship and perfect sound quality, comparable to any other major album of the time (think Love Unlimited Orchestra!). #nl# Mixed by Disco legend Joaquin J. Lopes and featuring brothers John &amp; Rocco Giamundo. Mostly instrumental with superb arrangements (string, keys and even the Vako Ochestron on one track) and surprising occasional fuzz\/effects electric guitar. #nl# Originally released as a promo album in blank sleeve (now impossible to find) on the band&#039;s own Artemis label, it was subsequently issued in Belgium (under the Reverie - Get Up And Dance title) and Japan, both housed in picture sleeves. #nl# Including club \/ rare-groove classics like &quot;It&#039;s True&quot; (compiled on &quot;Under The Influence Vol. 2 by Paul Phillips), &quot;Get It On And Dance&quot;, &quot;The Way We Were&quot; (a disco-symphonic version of the Barbra Streisand movie hit) and more... #nl# Here&#039;s the first ever reissue featuring new artwork (based on the band&#039;s original idea for the intended but never finished US cover) and master tape sound. #nl# Hard cardboard sleeve + OBI. #nl# Tracklist: 1. Reverie - 2. Get It Up And Dance - 3. It&#039;s True - 4. The Way We Were \/ Version \/ Love In Motion - 5. Untitled\" \/>\n<meta name=\"robots\" content=\"index, follow, max-snippet:-1, max-image-preview:large, max-video-preview:-1\" \/>\n<link rel=\"canonical\" href=\"https:\/\/wpguerssen-test.odoo.rgbconsulting.com\/es\/producto\/reverie\/\" \/>\n<meta property=\"og:locale\" content=\"es_ES\" \/>\n<meta property=\"og:type\" content=\"article\" \/>\n<meta property=\"og:title\" content=\"NEW YORK DISCO ORCHESTRA, The - Reverie -  (LP) | Guerssen\" \/>\n<meta property=\"og:description\" content=\"Sought-after disco \/ funk \/ boogie album from the US, 1978!! #nl# Pro-sounding recording with top level musicianship and perfect sound quality, comparable to any other major album of the time (think Love Unlimited Orchestra!). #nl# Mixed by Disco legend Joaquin J. Lopes and featuring brothers John &amp; Rocco Giamundo. Mostly instrumental with superb arrangements (string, keys and even the Vako Ochestron on one track) and surprising occasional fuzz\/effects electric guitar. #nl# Originally released as a promo album in blank sleeve (now impossible to find) on the band&#039;s own Artemis label, it was subsequently issued in Belgium (under the Reverie - Get Up And Dance title) and Japan, both housed in picture sleeves. #nl# Including club \/ rare-groove classics like &quot;It&#039;s True&quot; (compiled on &quot;Under The Influence Vol. 2 by Paul Phillips), &quot;Get It On And Dance&quot;, &quot;The Way We Were&quot; (a disco-symphonic version of the Barbra Streisand movie hit) and more... #nl# Here&#039;s the first ever reissue featuring new artwork (based on the band&#039;s original idea for the intended but never finished US cover) and master tape sound. #nl# Hard cardboard sleeve + OBI. #nl# Tracklist: 1. Reverie - 2. Get It Up And Dance - 3. It&#039;s True - 4. The Way We Were \/ Version \/ Love In Motion - 5. Untitled\" \/>\n<meta property=\"og:url\" content=\"https:\/\/wpguerssen-test.odoo.rgbconsulting.com\/es\/producto\/reverie\/\" \/>\n<meta property=\"og:site_name\" content=\"Guerssen records\" \/>\n<meta property=\"article:modified_time\" content=\"2025-03-18T14:54:28+00:00\" \/>\n<meta property=\"og:image\" content=\"https:\/\/wpguerssen-test.odoo.rgbconsulting.com\/wp-content\/uploads\/2022\/03\/37101.jpg\" \/>\n\t<meta property=\"og:image:width\" content=\"1400\" \/>\n\t<meta property=\"og:image:height\" content=\"1400\" \/>\n\t<meta property=\"og:image:type\" content=\"image\/jpeg\" \/>\n<meta name=\"twitter:card\" content=\"summary_large_image\" \/>\n<meta name=\"twitter:title\" content=\"NEW YORK DISCO ORCHESTRA, The - Reverie -  (LP) | Guerssen\" \/>\n<meta name=\"twitter:label1\" content=\"Tiempo de lectura\" \/>\n\t<meta name=\"twitter:data1\" content=\"1 minuto\" \/>\n<script type=\"application\/ld+json\" class=\"yoast-schema-graph\">{\"@context\":\"https:\/\/schema.org\",\"@graph\":[{\"@type\":\"WebPage\",\"@id\":\"https:\/\/wpguerssen-test.odoo.rgbconsulting.com\/es\/producto\/reverie\/\",\"url\":\"https:\/\/wpguerssen-test.odoo.rgbconsulting.com\/es\/producto\/reverie\/\",\"name\":\"NEW YORK DISCO ORCHESTRA, The - Reverie - (LP) | Guerssen\",\"isPartOf\":{\"@id\":\"https:\/\/wpguerssen-test.odoo.rgbconsulting.com\/es\/#website\"},\"primaryImageOfPage\":{\"@id\":\"https:\/\/wpguerssen-test.odoo.rgbconsulting.com\/es\/producto\/reverie\/#primaryimage\"},\"image\":{\"@id\":\"https:\/\/wpguerssen-test.odoo.rgbconsulting.com\/es\/producto\/reverie\/#primaryimage\"},\"thumbnailUrl\":\"https:\/\/wpguerssen-test.odoo.rgbconsulting.com\/wp-content\/uploads\/2022\/03\/37101.jpg\",\"datePublished\":\"2021-02-03T23:00:00+00:00\",\"dateModified\":\"2025-03-18T14:54:28+00:00\",\"description\":\"Sought-after disco \/ funk \/ boogie album from the US, 1978!! #nl# Pro-sounding recording with top level musicianship and perfect sound quality, comparable to any other major album of the time (think Love Unlimited Orchestra!). #nl# Mixed by Disco legend Joaquin J. Lopes and featuring brothers John & Rocco Giamundo. Mostly instrumental with superb arrangements (string, keys and even the Vako Ochestron on one track) and surprising occasional fuzz\/effects electric guitar. #nl# Originally released as a promo album in blank sleeve (now impossible to find) on the band's own Artemis label, it was subsequently issued in Belgium (under the Reverie - Get Up And Dance title) and Japan, both housed in picture sleeves. #nl# Including club \/ rare-groove classics like \\\"It's True\\\" (compiled on \\\"Under The Influence Vol. 2 by Paul Phillips), \\\"Get It On And Dance\\\", \\\"The Way We Were\\\" (a disco-symphonic version of the Barbra Streisand movie hit) and more... #nl# Here's the first ever reissue featuring new artwork (based on the band's original idea for the intended but never finished US cover) and master tape sound. #nl# Hard cardboard sleeve + OBI. #nl# Tracklist: 1. Reverie - 2. Get It Up And Dance - 3. It's True - 4. The Way We Were \/ Version \/ Love In Motion - 5. Untitled\",\"breadcrumb\":{\"@id\":\"https:\/\/wpguerssen-test.odoo.rgbconsulting.com\/es\/producto\/reverie\/#breadcrumb\"},\"inLanguage\":\"es\",\"potentialAction\":[{\"@type\":\"ReadAction\",\"target\":[\"https:\/\/wpguerssen-test.odoo.rgbconsulting.com\/es\/producto\/reverie\/\"]}]},{\"@type\":\"ImageObject\",\"inLanguage\":\"es\",\"@id\":\"https:\/\/wpguerssen-test.odoo.rgbconsulting.com\/es\/producto\/reverie\/#primaryimage\",\"url\":\"https:\/\/wpguerssen-test.odoo.rgbconsulting.com\/wp-content\/uploads\/2022\/03\/37101.jpg\",\"contentUrl\":\"https:\/\/wpguerssen-test.odoo.rgbconsulting.com\/wp-content\/uploads\/2022\/03\/37101.jpg\",\"width\":1400,\"height\":1400,\"caption\":\"The - Reverie - ESPACIAL DISCOS (LP) | Guerssen\"},{\"@type\":\"BreadcrumbList\",\"@id\":\"https:\/\/wpguerssen-test.odoo.rgbconsulting.com\/es\/producto\/reverie\/#breadcrumb\",\"itemListElement\":[{\"@type\":\"ListItem\",\"position\":1,\"name\":\"Inicio\",\"item\":\"https:\/\/wpguerssen-test.odoo.rgbconsulting.com\/es\/\"},{\"@type\":\"ListItem\",\"position\":2,\"name\":\"Shop\",\"item\":\"https:\/\/wpguerssen-test.odoo.rgbconsulting.com\/shop\/\"},{\"@type\":\"ListItem\",\"position\":3,\"name\":\"Reverie\"}]},{\"@type\":\"WebSite\",\"@id\":\"https:\/\/wpguerssen-test.odoo.rgbconsulting.com\/es\/#website\",\"url\":\"https:\/\/wpguerssen-test.odoo.rgbconsulting.com\/es\/\",\"name\":\"Guerssen records\",\"description\":\"psychedelia - progressive - folk - garage \",\"publisher\":{\"@id\":\"https:\/\/wpguerssen-test.odoo.rgbconsulting.com\/es\/#organization\"},\"potentialAction\":[{\"@type\":\"SearchAction\",\"target\":{\"@type\":\"EntryPoint\",\"urlTemplate\":\"https:\/\/wpguerssen-test.odoo.rgbconsulting.com\/es\/?s={search_term_string}\"},\"query-input\":{\"@type\":\"PropertyValueSpecification\",\"valueRequired\":true,\"valueName\":\"search_term_string\"}}],\"inLanguage\":\"es\"},{\"@type\":\"Organization\",\"@id\":\"https:\/\/wpguerssen-test.odoo.rgbconsulting.com\/es\/#organization\",\"name\":\"Guerssen records\",\"url\":\"https:\/\/wpguerssen-test.odoo.rgbconsulting.com\/es\/\",\"logo\":{\"@type\":\"ImageObject\",\"inLanguage\":\"es\",\"@id\":\"https:\/\/wpguerssen-test.odoo.rgbconsulting.com\/es\/#\/schema\/logo\/image\/\",\"url\":\"https:\/\/wpguerssen-test.odoo.rgbconsulting.com\/wp-content\/uploads\/2022\/04\/Logo_Guerssen_trans_100.png\",\"contentUrl\":\"https:\/\/wpguerssen-test.odoo.rgbconsulting.com\/wp-content\/uploads\/2022\/04\/Logo_Guerssen_trans_100.png\",\"width\":122,\"height\":100,\"caption\":\"Guerssen records\"},\"image\":{\"@id\":\"https:\/\/wpguerssen-test.odoo.rgbconsulting.com\/es\/#\/schema\/logo\/image\/\"}}]}<\/script>\n<!-- \/ Yoast SEO plugin. -->","yoast_head_json":{"title":"NEW YORK DISCO ORCHESTRA, The - Reverie -  (LP) | Guerssen","description":"Sought-after disco \/ funk \/ boogie album from the US, 1978!! #nl# Pro-sounding recording with top level musicianship and perfect sound quality, comparable to any other major album of the time (think Love Unlimited Orchestra!). #nl# Mixed by Disco legend Joaquin J. Lopes and featuring brothers John & Rocco Giamundo. Mostly instrumental with superb arrangements (string, keys and even the Vako Ochestron on one track) and surprising occasional fuzz\/effects electric guitar. #nl# Originally released as a promo album in blank sleeve (now impossible to find) on the band's own Artemis label, it was subsequently issued in Belgium (under the Reverie - Get Up And Dance title) and Japan, both housed in picture sleeves. #nl# Including club \/ rare-groove classics like \"It's True\" (compiled on \"Under The Influence Vol. 2 by Paul Phillips), \"Get It On And Dance\", \"The Way We Were\" (a disco-symphonic version of the Barbra Streisand movie hit) and more... #nl# Here's the first ever reissue featuring new artwork (based on the band's original idea for the intended but never finished US cover) and master tape sound. #nl# Hard cardboard sleeve + OBI. #nl# Tracklist: 1. Reverie - 2. Get It Up And Dance - 3. It's True - 4. The Way We Were \/ Version \/ Love In Motion - 5. Untitled","robots":{"index":"index","follow":"follow","max-snippet":"max-snippet:-1","max-image-preview":"max-image-preview:large","max-video-preview":"max-video-preview:-1"},"canonical":"https:\/\/wpguerssen-test.odoo.rgbconsulting.com\/es\/producto\/reverie\/","og_locale":"es_ES","og_type":"article","og_title":"NEW YORK DISCO ORCHESTRA, The - Reverie -  (LP) | Guerssen","og_description":"Sought-after disco \/ funk \/ boogie album from the US, 1978!! #nl# Pro-sounding recording with top level musicianship and perfect sound quality, comparable to any other major album of the time (think Love Unlimited Orchestra!). #nl# Mixed by Disco legend Joaquin J. Lopes and featuring brothers John & Rocco Giamundo. Mostly instrumental with superb arrangements (string, keys and even the Vako Ochestron on one track) and surprising occasional fuzz\/effects electric guitar. #nl# Originally released as a promo album in blank sleeve (now impossible to find) on the band's own Artemis label, it was subsequently issued in Belgium (under the Reverie - Get Up And Dance title) and Japan, both housed in picture sleeves. #nl# Including club \/ rare-groove classics like \"It's True\" (compiled on \"Under The Influence Vol. 2 by Paul Phillips), \"Get It On And Dance\", \"The Way We Were\" (a disco-symphonic version of the Barbra Streisand movie hit) and more... #nl# Here's the first ever reissue featuring new artwork (based on the band's original idea for the intended but never finished US cover) and master tape sound. #nl# Hard cardboard sleeve + OBI. #nl# Tracklist: 1. Reverie - 2. Get It Up And Dance - 3. It's True - 4. The Way We Were \/ Version \/ Love In Motion - 5. Untitled","og_url":"https:\/\/wpguerssen-test.odoo.rgbconsulting.com\/es\/producto\/reverie\/","og_site_name":"Guerssen records","article_modified_time":"2025-03-18T14:54:28+00:00","og_image":[{"width":1400,"height":1400,"url":"https:\/\/wpguerssen-test.odoo.rgbconsulting.com\/wp-content\/uploads\/2022\/03\/37101.jpg","type":"image\/jpeg"}],"twitter_card":"summary_large_image","twitter_title":"NEW YORK DISCO ORCHESTRA, The - Reverie -  (LP) | Guerssen","twitter_misc":{"Tiempo de lectura":"1 minuto"},"schema":{"@context":"https:\/\/schema.org","@graph":[{"@type":"WebPage","@id":"https:\/\/wpguerssen-test.odoo.rgbconsulting.com\/es\/producto\/reverie\/","url":"https:\/\/wpguerssen-test.odoo.rgbconsulting.com\/es\/producto\/reverie\/","name":"NEW YORK DISCO ORCHESTRA, The - Reverie - (LP) | Guerssen","isPartOf":{"@id":"https:\/\/wpguerssen-test.odoo.rgbconsulting.com\/es\/#website"},"primaryImageOfPage":{"@id":"https:\/\/wpguerssen-test.odoo.rgbconsulting.com\/es\/producto\/reverie\/#primaryimage"},"image":{"@id":"https:\/\/wpguerssen-test.odoo.rgbconsulting.com\/es\/producto\/reverie\/#primaryimage"},"thumbnailUrl":"https:\/\/wpguerssen-test.odoo.rgbconsulting.com\/wp-content\/uploads\/2022\/03\/37101.jpg","datePublished":"2021-02-03T23:00:00+00:00","dateModified":"2025-03-18T14:54:28+00:00","description":"Sought-after disco \/ funk \/ boogie album from the US, 1978!! #nl# Pro-sounding recording with top level musicianship and perfect sound quality, comparable to any other major album of the time (think Love Unlimited Orchestra!). #nl# Mixed by Disco legend Joaquin J. Lopes and featuring brothers John & Rocco Giamundo. Mostly instrumental with superb arrangements (string, keys and even the Vako Ochestron on one track) and surprising occasional fuzz\/effects electric guitar. #nl# Originally released as a promo album in blank sleeve (now impossible to find) on the band's own Artemis label, it was subsequently issued in Belgium (under the Reverie - Get Up And Dance title) and Japan, both housed in picture sleeves. #nl# Including club \/ rare-groove classics like \"It's True\" (compiled on \"Under The Influence Vol. 2 by Paul Phillips), \"Get It On And Dance\", \"The Way We Were\" (a disco-symphonic version of the Barbra Streisand movie hit) and more... #nl# Here's the first ever reissue featuring new artwork (based on the band's original idea for the intended but never finished US cover) and master tape sound. #nl# Hard cardboard sleeve + OBI. #nl# Tracklist: 1. Reverie - 2. Get It Up And Dance - 3. It's True - 4. The Way We Were \/ Version \/ Love In Motion - 5. Untitled","breadcrumb":{"@id":"https:\/\/wpguerssen-test.odoo.rgbconsulting.com\/es\/producto\/reverie\/#breadcrumb"},"inLanguage":"es","potentialAction":[{"@type":"ReadAction","target":["https:\/\/wpguerssen-test.odoo.rgbconsulting.com\/es\/producto\/reverie\/"]}]},{"@type":"ImageObject","inLanguage":"es","@id":"https:\/\/wpguerssen-test.odoo.rgbconsulting.com\/es\/producto\/reverie\/#primaryimage","url":"https:\/\/wpguerssen-test.odoo.rgbconsulting.com\/wp-content\/uploads\/2022\/03\/37101.jpg","contentUrl":"https:\/\/wpguerssen-test.odoo.rgbconsulting.com\/wp-content\/uploads\/2022\/03\/37101.jpg","width":1400,"height":1400,"caption":"The - Reverie - ESPACIAL DISCOS (LP) | Guerssen"},{"@type":"BreadcrumbList","@id":"https:\/\/wpguerssen-test.odoo.rgbconsulting.com\/es\/producto\/reverie\/#breadcrumb","itemListElement":[{"@type":"ListItem","position":1,"name":"Inicio","item":"https:\/\/wpguerssen-test.odoo.rgbconsulting.com\/es\/"},{"@type":"ListItem","position":2,"name":"Shop","item":"https:\/\/wpguerssen-test.odoo.rgbconsulting.com\/shop\/"},{"@type":"ListItem","position":3,"name":"Reverie"}]},{"@type":"WebSite","@id":"https:\/\/wpguerssen-test.odoo.rgbconsulting.com\/es\/#website","url":"https:\/\/wpguerssen-test.odoo.rgbconsulting.com\/es\/","name":"Guerssen records","description":"psychedelia - progressive - folk - garage ","publisher":{"@id":"https:\/\/wpguerssen-test.odoo.rgbconsulting.com\/es\/#organization"},"potentialAction":[{"@type":"SearchAction","target":{"@type":"EntryPoint","urlTemplate":"https:\/\/wpguerssen-test.odoo.rgbconsulting.com\/es\/?s={search_term_string}"},"query-input":{"@type":"PropertyValueSpecification","valueRequired":true,"valueName":"search_term_string"}}],"inLanguage":"es"},{"@type":"Organization","@id":"https:\/\/wpguerssen-test.odoo.rgbconsulting.com\/es\/#organization","name":"Guerssen records","url":"https:\/\/wpguerssen-test.odoo.rgbconsulting.com\/es\/","logo":{"@type":"ImageObject","inLanguage":"es","@id":"https:\/\/wpguerssen-test.odoo.rgbconsulting.com\/es\/#\/schema\/logo\/image\/","url":"https:\/\/wpguerssen-test.odoo.rgbconsulting.com\/wp-content\/uploads\/2022\/04\/Logo_Guerssen_trans_100.png","contentUrl":"https:\/\/wpguerssen-test.odoo.rgbconsulting.com\/wp-content\/uploads\/2022\/04\/Logo_Guerssen_trans_100.png","width":122,"height":100,"caption":"Guerssen records"},"image":{"@id":"https:\/\/wpguerssen-test.odoo.rgbconsulting.com\/es\/#\/schema\/logo\/image\/"}}]}},"_links":{"self":[{"href":"https:\/\/wpguerssen-test.odoo.rgbconsulting.com\/es\/wp-json\/wp\/v2\/product\/207721","targetHints":{"allow":["GET"]}}],"collection":[{"href":"https:\/\/wpguerssen-test.odoo.rgbconsulting.com\/es\/wp-json\/wp\/v2\/product"}],"about":[{"href":"https:\/\/wpguerssen-test.odoo.rgbconsulting.com\/es\/wp-json\/wp\/v2\/types\/product"}],"wp:featuredmedia":[{"embeddable":true,"href":"https:\/\/wpguerssen-test.odoo.rgbconsulting.com\/es\/wp-json\/wp\/v2\/media\/127083"}],"wp:attachment":[{"href":"https:\/\/wpguerssen-test.odoo.rgbconsulting.com\/es\/wp-json\/wp\/v2\/media?parent=207721"}],"wp:term":[{"taxonomy":"product_brand","embeddable":true,"href":"https:\/\/wpguerssen-test.odoo.rgbconsulting.com\/es\/wp-json\/wp\/v2\/product_brand?post=207721"},{"taxonomy":"product_cat","embeddable":true,"href":"https:\/\/wpguerssen-test.odoo.rgbconsulting.com\/es\/wp-json\/wp\/v2\/product_cat?post=207721"},{"taxonomy":"product_tag","embeddable":true,"href":"https:\/\/wpguerssen-test.odoo.rgbconsulting.com\/es\/wp-json\/wp\/v2\/product_tag?post=207721"}],"curies":[{"name":"wp","href":"https:\/\/api.w.org\/{rel}","templated":true}]}}