{"id":207760,"date":"2025-01-10T00:00:00","date_gmt":"2025-01-09T23:00:00","guid":{"rendered":"http:\/\/guerssen.hl1097.dinaserver.com\/product\/lo-que-tengo\/"},"modified":"2025-01-30T16:46:41","modified_gmt":"2025-01-30T15:46:41","slug":"lo-que-tengo","status":"publish","type":"product","link":"https:\/\/wpguerssen-test.odoo.rgbconsulting.com\/es\/producto\/lo-que-tengo\/","title":{"rendered":"Lo Que Tengo"},"content":{"rendered":"<p>Alfredo \u00abEl Inca\u00bb Linares es uno de los m\u00e1s admirados y mejores m\u00fasicos en la historia de la salsa. A sus seguidores les encantan sus formas al piano por su aut\u00e9ntico toque cubano y su swing combinados con arreglos modernos y fraseos que traen a la cabeza el nombre de Eddie Palmieri. Como compositor, arreglista y l\u00edder de banda, Linares es tambi\u00e9n muy respetado. Ya desde los comienzos de su carrera, en el Lima, Per\u00fa, de los a\u00f1os 60, sus discos han sido redondos, tocados con fuerza y solidez, lo que los salseros llaman salsa brava con afinque. <\/p>\n<p> No es de extra\u00f1ar que \u00abLo que tengo\u00bb sea exactamente eso: un disco s\u00f3lido como una roca, repleto de temas llenapistas, sin relleno, tocado con br\u00edo y estilo. A diferencia de algunos de sus otros \u00e1lbumes, alicatados a base de sesiones diferentes grabadas en estudios distintos (incluso a veces en pa\u00edses diversos), este disco tiene la ventaja de haber sido grabado, producido y mezclado por Alfredo Linares en un \u00fanico estudio y en la misma franja temporal en su integridad, con el respaldo de m\u00fasicos de sesi\u00f3n cuidadosamente elegidos, con los que Linares ya hab\u00eda tocado, bien en directo o en el estudio, dotando al trabajo de una consistencia que se evidencia en cada surco del disco. El \u00e1lbum se grab\u00f3 en Caracas en 1980 con lo mejor de lo mejor de la escena de salsa contempor\u00e1nea venezolana (miembros de Mango, Madera, El Trabuco Venezolano, Los Dementes, Los Mel\u00f3dicos, Dimensi\u00f3n Latina, Guaco y La Salsa Mayor) y publicado all\u00ed en el sello independiente A.L.G. Records bajo el t\u00edtulo de \u00ab\u00a1Con Todo!\u00bb. Un a\u00f1o m\u00e1s tarde lo editar\u00eda de nuevo una discogr\u00e1fica mucho mayor, Velvet Records, con portada diferente. El LP se edit\u00f3 tambi\u00e9n en Colombia (INS, 1982) y EEUU (Gallo, 1984), en ambos casos usando la portada de Velvet Records. En ese momento Linares llevaba ya 5 a\u00f1os en Venezuela, contratado por un club nocturno de Caracas. A ra\u00edz de acercarse a la escena salsera, se hizo amigo de la banda Mango e incluso particip\u00f3 como invitado en un disco suyo de 1976. Una vez acabado su contrato, Linares aprovech\u00f3 su libertad para juntar una banda de respaldo que usar\u00eda primero en la producci\u00f3n colombiano-venezolana \u00abSalsa de verdad\u00bb (Fonodisco 1976) y de nuevo en \u00ab\u00a1Con todo! Lo que tengo\u00bb. <\/p>\n<p> Una de las caracter\u00edsticas m\u00e1s distintivas del estilo de Linares es el &#8216;break&#8217; &#8211;siempre hay un punto de inflexi\u00f3n en las canciones a base de palmas seguidas de una secci\u00f3n protagonizada por un tumbao explosivo que provoca escalofr\u00edos y hace que la pista de baile se vuelva loca. Adem\u00e1s Linares siempre permite que sus m\u00fasicos se explayen, especialmente en la secci\u00f3n percusiva. \u00abLo que tengo\u00bb no es una excepci\u00f3n: hay m\u00faltiples ejemplos de lo que podr\u00edamos identificar como arreglos cl\u00e1sicos de Linares, pero puestos al d\u00eda gracias a poder contar con el sonido de un estudio en la Caracas de los 80, repleta de petrod\u00f3lares que permit\u00edan contar con la \u00faltima tecnolog\u00eda y con un mercado boyante de consumidores de salsa. El tema que da t\u00edtulo al disco (aunque aparecido originalmente como &#8216;Lo que tengo que crear&#8217; en la edici\u00f3n venezolana) es del timbalero de Mango, Jos\u00e9 \u00abCheo\u00bb Navarro, y resume la filosof\u00eda central de la carrera de Linares: el m\u00fasico vive cada d\u00eda de su vida para crear m\u00fasica, para repartir alegr\u00eda y para generar fiestas, sin m\u00e1s complicaciones, all\u00e1 a donde vaya. Con cinco cortes de salsa de ritmo perfecto, un chachach\u00e1 funky, un bolero vaporoso y un tema de latin jazz apto para el baile para rematar, este disco tiene de todo. Por suerte, los compradores de hoy pueden disfrutar de esta rareza por una \u00ednfima parte del precio de una copia original.<\/p>\n","protected":false},"excerpt":{"rendered":"<p>Alfredo \u00abEl Inca\u00bb Linares es uno de los m\u00e1s admirados y mejores m\u00fasicos en la historia de la salsa. A sus seguidores les encantan sus formas al piano por su aut\u00e9ntico<a class=\"read\" href=\"https:\/\/wpguerssen-test.odoo.rgbconsulting.com\/es\/producto\/lo-que-tengo\/\"> (...)<\/a>","protected":false},"featured_media":127174,"template":"","meta":{"_acf_changed":false},"product_brand":[],"product_cat":[23231],"product_tag":[24185,24190],"class_list":{"0":"post-207760","1":"product","2":"type-product","3":"status-publish","4":"has-post-thumbnail","6":"product_cat-latin-brazilian-es","7":"product_tag-de-nuevo-en-existencia","8":"product_tag-sales-es","9":"pa_artist-linares-alfredo-es","10":"pa_format-lp-es","11":"pa_gender-latin-brazilian","12":"pa_label-vampi-soul-es","13":"pa_location-south-america-caribbean-es","14":"pa_other-filters-vinyl-only-es","16":"first","17":"instock","18":"taxable","19":"shipping-taxable","20":"purchasable","21":"product-type-simple"},"acf":[],"yoast_head":"<!-- This site is optimized with the Yoast SEO plugin v24.9 - https:\/\/yoast.com\/wordpress\/plugins\/seo\/ -->\n<title>LINARES, Alfredo - Lo Que Tengo -  (LP) | Guerssen<\/title>\n<meta name=\"description\" content=\"Alfredo &quot;El Inca&quot; Linares is one of the best and most beloved musicians in the history of salsa. Fans love his piano playing because of his authentic Cuban feel and &#039;swing&#039; combined with progressive arrangements and uncompromising phrasing. &quot;Lo Que Tengo&quot; is full of rock solid dance floor killers and no filler, recorded in 1980 with some of the cream of the crop of contemporary Venezuelan salsa musicians (members of Mango, Madera, El Trabuco Venezolano, Los Dementes, Los Mel\u00f3dicos, Dimensi\u00f3n Latina, Guaco, and La Salsa Mayor) and launched there on the indie label A.L.G. Records as !Con Todo!, and then a year later on the much larger Velvet Records with a different cover. This a classic Alfredo Linares album, but with the updated studio sound of 1980s Caracas. With five perfectly paced salsas, one funky cha cha ch\u00e1, a steamy bolero and a dance-friendly Latin jazz number to top it off, there is something for everybody on this record. Thankfully today&#039;s generation can now enjoy this rarity at a fraction of the cost of an original copy. Presented in its original artwork and pressed on 180g vinyl. #nl# TRACKLIST Side A A1. SE FORMO LA FIESTA (Mi negrita) A2. LA PACHANGA DEL AMOR A3. A DONDE VAS A4. SONANDO TAMBO Side B B1. MI NI\u00d1A B2. SUJETATE LA LENGUA B3. LO QUE TENGO B4. FRIENDS\" \/>\n<meta name=\"robots\" content=\"index, follow, max-snippet:-1, max-image-preview:large, max-video-preview:-1\" \/>\n<link rel=\"canonical\" href=\"https:\/\/wpguerssen-test.odoo.rgbconsulting.com\/es\/producto\/lo-que-tengo\/\" \/>\n<meta property=\"og:locale\" content=\"es_ES\" \/>\n<meta property=\"og:type\" content=\"article\" \/>\n<meta property=\"og:title\" content=\"LINARES, Alfredo - Lo Que Tengo -  (LP) | Guerssen\" \/>\n<meta property=\"og:description\" content=\"Alfredo &quot;El Inca&quot; Linares is one of the best and most beloved musicians in the history of salsa. Fans love his piano playing because of his authentic Cuban feel and &#039;swing&#039; combined with progressive arrangements and uncompromising phrasing. &quot;Lo Que Tengo&quot; is full of rock solid dance floor killers and no filler, recorded in 1980 with some of the cream of the crop of contemporary Venezuelan salsa musicians (members of Mango, Madera, El Trabuco Venezolano, Los Dementes, Los Mel\u00f3dicos, Dimensi\u00f3n Latina, Guaco, and La Salsa Mayor) and launched there on the indie label A.L.G. Records as !Con Todo!, and then a year later on the much larger Velvet Records with a different cover. This a classic Alfredo Linares album, but with the updated studio sound of 1980s Caracas. With five perfectly paced salsas, one funky cha cha ch\u00e1, a steamy bolero and a dance-friendly Latin jazz number to top it off, there is something for everybody on this record. Thankfully today&#039;s generation can now enjoy this rarity at a fraction of the cost of an original copy. Presented in its original artwork and pressed on 180g vinyl. #nl# TRACKLIST Side A A1. SE FORMO LA FIESTA (Mi negrita) A2. LA PACHANGA DEL AMOR A3. A DONDE VAS A4. SONANDO TAMBO Side B B1. MI NI\u00d1A B2. SUJETATE LA LENGUA B3. LO QUE TENGO B4. FRIENDS\" \/>\n<meta property=\"og:url\" content=\"https:\/\/wpguerssen-test.odoo.rgbconsulting.com\/es\/producto\/lo-que-tengo\/\" \/>\n<meta property=\"og:site_name\" content=\"Guerssen records\" \/>\n<meta property=\"article:modified_time\" content=\"2025-01-30T15:46:41+00:00\" \/>\n<meta property=\"og:image\" content=\"https:\/\/wpguerssen-test.odoo.rgbconsulting.com\/wp-content\/uploads\/2022\/03\/37186.jpg\" \/>\n\t<meta property=\"og:image:width\" content=\"382\" \/>\n\t<meta property=\"og:image:height\" content=\"382\" \/>\n\t<meta property=\"og:image:type\" content=\"image\/jpeg\" \/>\n<meta name=\"twitter:card\" content=\"summary_large_image\" \/>\n<meta name=\"twitter:title\" content=\"LINARES, Alfredo - Lo Que Tengo -  (LP) | Guerssen\" \/>\n<meta name=\"twitter:label1\" content=\"Tiempo de lectura\" \/>\n\t<meta name=\"twitter:data1\" content=\"3 minutos\" \/>\n<script type=\"application\/ld+json\" class=\"yoast-schema-graph\">{\"@context\":\"https:\/\/schema.org\",\"@graph\":[{\"@type\":\"WebPage\",\"@id\":\"https:\/\/wpguerssen-test.odoo.rgbconsulting.com\/es\/producto\/lo-que-tengo\/\",\"url\":\"https:\/\/wpguerssen-test.odoo.rgbconsulting.com\/es\/producto\/lo-que-tengo\/\",\"name\":\"LINARES, Alfredo - Lo Que Tengo - (LP) | Guerssen\",\"isPartOf\":{\"@id\":\"https:\/\/wpguerssen-test.odoo.rgbconsulting.com\/es\/#website\"},\"primaryImageOfPage\":{\"@id\":\"https:\/\/wpguerssen-test.odoo.rgbconsulting.com\/es\/producto\/lo-que-tengo\/#primaryimage\"},\"image\":{\"@id\":\"https:\/\/wpguerssen-test.odoo.rgbconsulting.com\/es\/producto\/lo-que-tengo\/#primaryimage\"},\"thumbnailUrl\":\"https:\/\/wpguerssen-test.odoo.rgbconsulting.com\/wp-content\/uploads\/2022\/03\/37186.jpg\",\"datePublished\":\"2025-01-09T23:00:00+00:00\",\"dateModified\":\"2025-01-30T15:46:41+00:00\",\"description\":\"Alfredo \\\"El Inca\\\" Linares is one of the best and most beloved musicians in the history of salsa. Fans love his piano playing because of his authentic Cuban feel and 'swing' combined with progressive arrangements and uncompromising phrasing. \\\"Lo Que Tengo\\\" is full of rock solid dance floor killers and no filler, recorded in 1980 with some of the cream of the crop of contemporary Venezuelan salsa musicians (members of Mango, Madera, El Trabuco Venezolano, Los Dementes, Los Mel\u00f3dicos, Dimensi\u00f3n Latina, Guaco, and La Salsa Mayor) and launched there on the indie label A.L.G. Records as !Con Todo!, and then a year later on the much larger Velvet Records with a different cover. This a classic Alfredo Linares album, but with the updated studio sound of 1980s Caracas. With five perfectly paced salsas, one funky cha cha ch\u00e1, a steamy bolero and a dance-friendly Latin jazz number to top it off, there is something for everybody on this record. Thankfully today's generation can now enjoy this rarity at a fraction of the cost of an original copy. Presented in its original artwork and pressed on 180g vinyl. #nl# TRACKLIST Side A A1. SE FORMO LA FIESTA (Mi negrita) A2. LA PACHANGA DEL AMOR A3. A DONDE VAS A4. SONANDO TAMBO Side B B1. MI NI\u00d1A B2. SUJETATE LA LENGUA B3. LO QUE TENGO B4. FRIENDS\",\"breadcrumb\":{\"@id\":\"https:\/\/wpguerssen-test.odoo.rgbconsulting.com\/es\/producto\/lo-que-tengo\/#breadcrumb\"},\"inLanguage\":\"es\",\"potentialAction\":[{\"@type\":\"ReadAction\",\"target\":[\"https:\/\/wpguerssen-test.odoo.rgbconsulting.com\/es\/producto\/lo-que-tengo\/\"]}]},{\"@type\":\"ImageObject\",\"inLanguage\":\"es\",\"@id\":\"https:\/\/wpguerssen-test.odoo.rgbconsulting.com\/es\/producto\/lo-que-tengo\/#primaryimage\",\"url\":\"https:\/\/wpguerssen-test.odoo.rgbconsulting.com\/wp-content\/uploads\/2022\/03\/37186.jpg\",\"contentUrl\":\"https:\/\/wpguerssen-test.odoo.rgbconsulting.com\/wp-content\/uploads\/2022\/03\/37186.jpg\",\"width\":382,\"height\":382,\"caption\":\"Alfredo - Lo Que Tengo - VAMPI SOUL (LP) | Guerssen\"},{\"@type\":\"BreadcrumbList\",\"@id\":\"https:\/\/wpguerssen-test.odoo.rgbconsulting.com\/es\/producto\/lo-que-tengo\/#breadcrumb\",\"itemListElement\":[{\"@type\":\"ListItem\",\"position\":1,\"name\":\"Inicio\",\"item\":\"https:\/\/wpguerssen-test.odoo.rgbconsulting.com\/es\/\"},{\"@type\":\"ListItem\",\"position\":2,\"name\":\"Shop\",\"item\":\"https:\/\/wpguerssen-test.odoo.rgbconsulting.com\/shop\/\"},{\"@type\":\"ListItem\",\"position\":3,\"name\":\"Lo Que Tengo\"}]},{\"@type\":\"WebSite\",\"@id\":\"https:\/\/wpguerssen-test.odoo.rgbconsulting.com\/es\/#website\",\"url\":\"https:\/\/wpguerssen-test.odoo.rgbconsulting.com\/es\/\",\"name\":\"Guerssen records\",\"description\":\"psychedelia - progressive - folk - garage \",\"publisher\":{\"@id\":\"https:\/\/wpguerssen-test.odoo.rgbconsulting.com\/es\/#organization\"},\"potentialAction\":[{\"@type\":\"SearchAction\",\"target\":{\"@type\":\"EntryPoint\",\"urlTemplate\":\"https:\/\/wpguerssen-test.odoo.rgbconsulting.com\/es\/?s={search_term_string}\"},\"query-input\":{\"@type\":\"PropertyValueSpecification\",\"valueRequired\":true,\"valueName\":\"search_term_string\"}}],\"inLanguage\":\"es\"},{\"@type\":\"Organization\",\"@id\":\"https:\/\/wpguerssen-test.odoo.rgbconsulting.com\/es\/#organization\",\"name\":\"Guerssen records\",\"url\":\"https:\/\/wpguerssen-test.odoo.rgbconsulting.com\/es\/\",\"logo\":{\"@type\":\"ImageObject\",\"inLanguage\":\"es\",\"@id\":\"https:\/\/wpguerssen-test.odoo.rgbconsulting.com\/es\/#\/schema\/logo\/image\/\",\"url\":\"https:\/\/wpguerssen-test.odoo.rgbconsulting.com\/wp-content\/uploads\/2022\/04\/Logo_Guerssen_trans_100.png\",\"contentUrl\":\"https:\/\/wpguerssen-test.odoo.rgbconsulting.com\/wp-content\/uploads\/2022\/04\/Logo_Guerssen_trans_100.png\",\"width\":122,\"height\":100,\"caption\":\"Guerssen records\"},\"image\":{\"@id\":\"https:\/\/wpguerssen-test.odoo.rgbconsulting.com\/es\/#\/schema\/logo\/image\/\"}}]}<\/script>\n<!-- \/ Yoast SEO plugin. -->","yoast_head_json":{"title":"LINARES, Alfredo - Lo Que Tengo -  (LP) | Guerssen","description":"Alfredo \"El Inca\" Linares is one of the best and most beloved musicians in the history of salsa. Fans love his piano playing because of his authentic Cuban feel and 'swing' combined with progressive arrangements and uncompromising phrasing. \"Lo Que Tengo\" is full of rock solid dance floor killers and no filler, recorded in 1980 with some of the cream of the crop of contemporary Venezuelan salsa musicians (members of Mango, Madera, El Trabuco Venezolano, Los Dementes, Los Mel\u00f3dicos, Dimensi\u00f3n Latina, Guaco, and La Salsa Mayor) and launched there on the indie label A.L.G. Records as !Con Todo!, and then a year later on the much larger Velvet Records with a different cover. This a classic Alfredo Linares album, but with the updated studio sound of 1980s Caracas. With five perfectly paced salsas, one funky cha cha ch\u00e1, a steamy bolero and a dance-friendly Latin jazz number to top it off, there is something for everybody on this record. Thankfully today's generation can now enjoy this rarity at a fraction of the cost of an original copy. Presented in its original artwork and pressed on 180g vinyl. #nl# TRACKLIST Side A A1. SE FORMO LA FIESTA (Mi negrita) A2. LA PACHANGA DEL AMOR A3. A DONDE VAS A4. SONANDO TAMBO Side B B1. MI NI\u00d1A B2. SUJETATE LA LENGUA B3. LO QUE TENGO B4. FRIENDS","robots":{"index":"index","follow":"follow","max-snippet":"max-snippet:-1","max-image-preview":"max-image-preview:large","max-video-preview":"max-video-preview:-1"},"canonical":"https:\/\/wpguerssen-test.odoo.rgbconsulting.com\/es\/producto\/lo-que-tengo\/","og_locale":"es_ES","og_type":"article","og_title":"LINARES, Alfredo - Lo Que Tengo -  (LP) | Guerssen","og_description":"Alfredo \"El Inca\" Linares is one of the best and most beloved musicians in the history of salsa. Fans love his piano playing because of his authentic Cuban feel and 'swing' combined with progressive arrangements and uncompromising phrasing. \"Lo Que Tengo\" is full of rock solid dance floor killers and no filler, recorded in 1980 with some of the cream of the crop of contemporary Venezuelan salsa musicians (members of Mango, Madera, El Trabuco Venezolano, Los Dementes, Los Mel\u00f3dicos, Dimensi\u00f3n Latina, Guaco, and La Salsa Mayor) and launched there on the indie label A.L.G. Records as !Con Todo!, and then a year later on the much larger Velvet Records with a different cover. This a classic Alfredo Linares album, but with the updated studio sound of 1980s Caracas. With five perfectly paced salsas, one funky cha cha ch\u00e1, a steamy bolero and a dance-friendly Latin jazz number to top it off, there is something for everybody on this record. Thankfully today's generation can now enjoy this rarity at a fraction of the cost of an original copy. Presented in its original artwork and pressed on 180g vinyl. #nl# TRACKLIST Side A A1. SE FORMO LA FIESTA (Mi negrita) A2. LA PACHANGA DEL AMOR A3. A DONDE VAS A4. SONANDO TAMBO Side B B1. MI NI\u00d1A B2. SUJETATE LA LENGUA B3. LO QUE TENGO B4. FRIENDS","og_url":"https:\/\/wpguerssen-test.odoo.rgbconsulting.com\/es\/producto\/lo-que-tengo\/","og_site_name":"Guerssen records","article_modified_time":"2025-01-30T15:46:41+00:00","og_image":[{"width":382,"height":382,"url":"https:\/\/wpguerssen-test.odoo.rgbconsulting.com\/wp-content\/uploads\/2022\/03\/37186.jpg","type":"image\/jpeg"}],"twitter_card":"summary_large_image","twitter_title":"LINARES, Alfredo - Lo Que Tengo -  (LP) | Guerssen","twitter_misc":{"Tiempo de lectura":"3 minutos"},"schema":{"@context":"https:\/\/schema.org","@graph":[{"@type":"WebPage","@id":"https:\/\/wpguerssen-test.odoo.rgbconsulting.com\/es\/producto\/lo-que-tengo\/","url":"https:\/\/wpguerssen-test.odoo.rgbconsulting.com\/es\/producto\/lo-que-tengo\/","name":"LINARES, Alfredo - Lo Que Tengo - (LP) | Guerssen","isPartOf":{"@id":"https:\/\/wpguerssen-test.odoo.rgbconsulting.com\/es\/#website"},"primaryImageOfPage":{"@id":"https:\/\/wpguerssen-test.odoo.rgbconsulting.com\/es\/producto\/lo-que-tengo\/#primaryimage"},"image":{"@id":"https:\/\/wpguerssen-test.odoo.rgbconsulting.com\/es\/producto\/lo-que-tengo\/#primaryimage"},"thumbnailUrl":"https:\/\/wpguerssen-test.odoo.rgbconsulting.com\/wp-content\/uploads\/2022\/03\/37186.jpg","datePublished":"2025-01-09T23:00:00+00:00","dateModified":"2025-01-30T15:46:41+00:00","description":"Alfredo \"El Inca\" Linares is one of the best and most beloved musicians in the history of salsa. Fans love his piano playing because of his authentic Cuban feel and 'swing' combined with progressive arrangements and uncompromising phrasing. \"Lo Que Tengo\" is full of rock solid dance floor killers and no filler, recorded in 1980 with some of the cream of the crop of contemporary Venezuelan salsa musicians (members of Mango, Madera, El Trabuco Venezolano, Los Dementes, Los Mel\u00f3dicos, Dimensi\u00f3n Latina, Guaco, and La Salsa Mayor) and launched there on the indie label A.L.G. Records as !Con Todo!, and then a year later on the much larger Velvet Records with a different cover. This a classic Alfredo Linares album, but with the updated studio sound of 1980s Caracas. With five perfectly paced salsas, one funky cha cha ch\u00e1, a steamy bolero and a dance-friendly Latin jazz number to top it off, there is something for everybody on this record. Thankfully today's generation can now enjoy this rarity at a fraction of the cost of an original copy. Presented in its original artwork and pressed on 180g vinyl. #nl# TRACKLIST Side A A1. SE FORMO LA FIESTA (Mi negrita) A2. LA PACHANGA DEL AMOR A3. A DONDE VAS A4. SONANDO TAMBO Side B B1. MI NI\u00d1A B2. SUJETATE LA LENGUA B3. LO QUE TENGO B4. FRIENDS","breadcrumb":{"@id":"https:\/\/wpguerssen-test.odoo.rgbconsulting.com\/es\/producto\/lo-que-tengo\/#breadcrumb"},"inLanguage":"es","potentialAction":[{"@type":"ReadAction","target":["https:\/\/wpguerssen-test.odoo.rgbconsulting.com\/es\/producto\/lo-que-tengo\/"]}]},{"@type":"ImageObject","inLanguage":"es","@id":"https:\/\/wpguerssen-test.odoo.rgbconsulting.com\/es\/producto\/lo-que-tengo\/#primaryimage","url":"https:\/\/wpguerssen-test.odoo.rgbconsulting.com\/wp-content\/uploads\/2022\/03\/37186.jpg","contentUrl":"https:\/\/wpguerssen-test.odoo.rgbconsulting.com\/wp-content\/uploads\/2022\/03\/37186.jpg","width":382,"height":382,"caption":"Alfredo - Lo Que Tengo - VAMPI SOUL (LP) | Guerssen"},{"@type":"BreadcrumbList","@id":"https:\/\/wpguerssen-test.odoo.rgbconsulting.com\/es\/producto\/lo-que-tengo\/#breadcrumb","itemListElement":[{"@type":"ListItem","position":1,"name":"Inicio","item":"https:\/\/wpguerssen-test.odoo.rgbconsulting.com\/es\/"},{"@type":"ListItem","position":2,"name":"Shop","item":"https:\/\/wpguerssen-test.odoo.rgbconsulting.com\/shop\/"},{"@type":"ListItem","position":3,"name":"Lo Que Tengo"}]},{"@type":"WebSite","@id":"https:\/\/wpguerssen-test.odoo.rgbconsulting.com\/es\/#website","url":"https:\/\/wpguerssen-test.odoo.rgbconsulting.com\/es\/","name":"Guerssen records","description":"psychedelia - progressive - folk - garage ","publisher":{"@id":"https:\/\/wpguerssen-test.odoo.rgbconsulting.com\/es\/#organization"},"potentialAction":[{"@type":"SearchAction","target":{"@type":"EntryPoint","urlTemplate":"https:\/\/wpguerssen-test.odoo.rgbconsulting.com\/es\/?s={search_term_string}"},"query-input":{"@type":"PropertyValueSpecification","valueRequired":true,"valueName":"search_term_string"}}],"inLanguage":"es"},{"@type":"Organization","@id":"https:\/\/wpguerssen-test.odoo.rgbconsulting.com\/es\/#organization","name":"Guerssen records","url":"https:\/\/wpguerssen-test.odoo.rgbconsulting.com\/es\/","logo":{"@type":"ImageObject","inLanguage":"es","@id":"https:\/\/wpguerssen-test.odoo.rgbconsulting.com\/es\/#\/schema\/logo\/image\/","url":"https:\/\/wpguerssen-test.odoo.rgbconsulting.com\/wp-content\/uploads\/2022\/04\/Logo_Guerssen_trans_100.png","contentUrl":"https:\/\/wpguerssen-test.odoo.rgbconsulting.com\/wp-content\/uploads\/2022\/04\/Logo_Guerssen_trans_100.png","width":122,"height":100,"caption":"Guerssen records"},"image":{"@id":"https:\/\/wpguerssen-test.odoo.rgbconsulting.com\/es\/#\/schema\/logo\/image\/"}}]}},"_links":{"self":[{"href":"https:\/\/wpguerssen-test.odoo.rgbconsulting.com\/es\/wp-json\/wp\/v2\/product\/207760","targetHints":{"allow":["GET"]}}],"collection":[{"href":"https:\/\/wpguerssen-test.odoo.rgbconsulting.com\/es\/wp-json\/wp\/v2\/product"}],"about":[{"href":"https:\/\/wpguerssen-test.odoo.rgbconsulting.com\/es\/wp-json\/wp\/v2\/types\/product"}],"wp:featuredmedia":[{"embeddable":true,"href":"https:\/\/wpguerssen-test.odoo.rgbconsulting.com\/es\/wp-json\/wp\/v2\/media\/127174"}],"wp:attachment":[{"href":"https:\/\/wpguerssen-test.odoo.rgbconsulting.com\/es\/wp-json\/wp\/v2\/media?parent=207760"}],"wp:term":[{"taxonomy":"product_brand","embeddable":true,"href":"https:\/\/wpguerssen-test.odoo.rgbconsulting.com\/es\/wp-json\/wp\/v2\/product_brand?post=207760"},{"taxonomy":"product_cat","embeddable":true,"href":"https:\/\/wpguerssen-test.odoo.rgbconsulting.com\/es\/wp-json\/wp\/v2\/product_cat?post=207760"},{"taxonomy":"product_tag","embeddable":true,"href":"https:\/\/wpguerssen-test.odoo.rgbconsulting.com\/es\/wp-json\/wp\/v2\/product_tag?post=207760"}],"curies":[{"name":"wp","href":"https:\/\/api.w.org\/{rel}","templated":true}]}}