{"id":207891,"date":"2025-01-21T00:00:00","date_gmt":"2025-01-20T23:00:00","guid":{"rendered":"http:\/\/guerssen.hl1097.dinaserver.com\/product\/a-closer-look\/"},"modified":"2025-02-20T18:29:29","modified_gmt":"2025-02-20T17:29:29","slug":"a-closer-look","status":"publish","type":"product","link":"https:\/\/wpguerssen-test.odoo.rgbconsulting.com\/es\/producto\/a-closer-look\/","title":{"rendered":"A Closer Look"},"content":{"rendered":"<p>Paralelamente a su carrera como el mejor cantante de la historia al frente de la mejor banda de la historia, Joey Ramone condiment\u00f3 su vida creativa de vez en cuando con colaboraciones con amigos m\u00fasicos con ideas afines y otros proyectos paralelos. Aqu\u00ed se presentan un mont\u00f3n de ellos y \u00a1vaya fiesta! Desde el impresionante 7&#8243; que grab\u00f3 con su hermano como Sibling Rivalry hasta m\u00faltiples colaboraciones con artistas como Debbie Harry, Helen Love, Holly &#038; The Italians, 22 Jacks o Furious George, aqu\u00ed hay una gran colecci\u00f3n para todos los fan\u00e1ticos de Ramones.<\/p>\n","protected":false},"excerpt":{"rendered":"<p>Paralelamente a su carrera como el mejor cantante de la historia al frente de la mejor banda de la historia, Joey Ramone condiment\u00f3 su vida creativa de vez en cuando<a class=\"read\" href=\"https:\/\/wpguerssen-test.odoo.rgbconsulting.com\/es\/producto\/a-closer-look\/\"> (...)<\/a>","protected":false},"featured_media":262421,"template":"","meta":{"_acf_changed":false},"product_brand":[],"product_cat":[21650],"product_tag":[24189],"class_list":{"0":"post-207891","1":"product","2":"type-product","3":"status-publish","4":"has-post-thumbnail","6":"product_cat-punk-es","7":"product_tag-recien-llegadas","8":"pa_artist-ramone-joey","9":"pa_format-lp-es","10":"pa_gender-punk","11":"pa_label-deaf-youth-industries","12":"pa_location-north-america-es","13":"pa_other-filters-vinyl-only-es","15":"first","16":"instock","17":"taxable","18":"shipping-taxable","19":"purchasable","20":"product-type-simple"},"acf":[],"yoast_head":"<!-- This site is optimized with the Yoast SEO plugin v24.9 - https:\/\/yoast.com\/wordpress\/plugins\/seo\/ -->\n<title>RAMONE, Joey - A Closer Look -  (LP) | Guerssen<\/title>\n<meta name=\"description\" content=\"Parallel to his career as the best singer ever fronting the best band ever, Joey Ramone spiced his creative life every now and then with collaborations with like-minded musician friends and other side projects. Presented here are a bunch of those and what a feast this is! From the awesome 7&quot; he recorded with his brother as Sibling Rivalry to multiple collaborations with artists like Debbie Harry, Helen Love, Holly &amp; The Italians, 22 Jacks or Furious George. Here&#039;s a great collection for all Ramones fans. #nl# SIDE 1: 1. Please Don&#039;t Leave 2. Standing In My Way 3. Punk Boy 4. Duke Of Earl 5. I&#039;ll Be With You Tonight 6. Meatball SandwichSIDE 2: 1. Remembering 2. On The Beach 3. See My Way 4. I Got You Babe 5. Gilligan\" \/>\n<meta name=\"robots\" content=\"index, follow, max-snippet:-1, max-image-preview:large, max-video-preview:-1\" \/>\n<link rel=\"canonical\" href=\"https:\/\/wpguerssen-test.odoo.rgbconsulting.com\/es\/producto\/a-closer-look\/\" \/>\n<meta property=\"og:locale\" content=\"es_ES\" \/>\n<meta property=\"og:type\" content=\"article\" \/>\n<meta property=\"og:title\" content=\"RAMONE, Joey - A Closer Look -  (LP) | Guerssen\" \/>\n<meta property=\"og:description\" content=\"Parallel to his career as the best singer ever fronting the best band ever, Joey Ramone spiced his creative life every now and then with collaborations with like-minded musician friends and other side projects. Presented here are a bunch of those and what a feast this is! From the awesome 7&quot; he recorded with his brother as Sibling Rivalry to multiple collaborations with artists like Debbie Harry, Helen Love, Holly &amp; The Italians, 22 Jacks or Furious George. Here&#039;s a great collection for all Ramones fans. #nl# SIDE 1: 1. Please Don&#039;t Leave 2. Standing In My Way 3. Punk Boy 4. Duke Of Earl 5. I&#039;ll Be With You Tonight 6. Meatball SandwichSIDE 2: 1. Remembering 2. On The Beach 3. See My Way 4. I Got You Babe 5. Gilligan\" \/>\n<meta property=\"og:url\" content=\"https:\/\/wpguerssen-test.odoo.rgbconsulting.com\/es\/producto\/a-closer-look\/\" \/>\n<meta property=\"og:site_name\" content=\"Guerssen records\" \/>\n<meta property=\"article:modified_time\" content=\"2025-02-20T17:29:29+00:00\" \/>\n<meta property=\"og:image\" content=\"https:\/\/wpguerssen-test.odoo.rgbconsulting.com\/wp-content\/uploads\/2024\/03\/37415.jpg\" \/>\n\t<meta property=\"og:image:width\" content=\"1000\" \/>\n\t<meta property=\"og:image:height\" content=\"1000\" \/>\n\t<meta property=\"og:image:type\" content=\"image\/jpeg\" \/>\n<meta name=\"twitter:card\" content=\"summary_large_image\" \/>\n<meta name=\"twitter:title\" content=\"RAMONE, Joey - A Closer Look -  (LP) | Guerssen\" \/>\n<script type=\"application\/ld+json\" class=\"yoast-schema-graph\">{\"@context\":\"https:\/\/schema.org\",\"@graph\":[{\"@type\":\"WebPage\",\"@id\":\"https:\/\/wpguerssen-test.odoo.rgbconsulting.com\/es\/producto\/a-closer-look\/\",\"url\":\"https:\/\/wpguerssen-test.odoo.rgbconsulting.com\/es\/producto\/a-closer-look\/\",\"name\":\"RAMONE, Joey - A Closer Look - (LP) | Guerssen\",\"isPartOf\":{\"@id\":\"https:\/\/wpguerssen-test.odoo.rgbconsulting.com\/es\/#website\"},\"primaryImageOfPage\":{\"@id\":\"https:\/\/wpguerssen-test.odoo.rgbconsulting.com\/es\/producto\/a-closer-look\/#primaryimage\"},\"image\":{\"@id\":\"https:\/\/wpguerssen-test.odoo.rgbconsulting.com\/es\/producto\/a-closer-look\/#primaryimage\"},\"thumbnailUrl\":\"https:\/\/wpguerssen-test.odoo.rgbconsulting.com\/wp-content\/uploads\/2024\/03\/37415.jpg\",\"datePublished\":\"2025-01-20T23:00:00+00:00\",\"dateModified\":\"2025-02-20T17:29:29+00:00\",\"description\":\"Parallel to his career as the best singer ever fronting the best band ever, Joey Ramone spiced his creative life every now and then with collaborations with like-minded musician friends and other side projects. Presented here are a bunch of those and what a feast this is! From the awesome 7\\\" he recorded with his brother as Sibling Rivalry to multiple collaborations with artists like Debbie Harry, Helen Love, Holly & The Italians, 22 Jacks or Furious George. Here's a great collection for all Ramones fans. #nl# SIDE 1: 1. Please Don't Leave 2. Standing In My Way 3. Punk Boy 4. Duke Of Earl 5. I'll Be With You Tonight 6. Meatball SandwichSIDE 2: 1. Remembering 2. On The Beach 3. See My Way 4. I Got You Babe 5. Gilligan\",\"breadcrumb\":{\"@id\":\"https:\/\/wpguerssen-test.odoo.rgbconsulting.com\/es\/producto\/a-closer-look\/#breadcrumb\"},\"inLanguage\":\"es\",\"potentialAction\":[{\"@type\":\"ReadAction\",\"target\":[\"https:\/\/wpguerssen-test.odoo.rgbconsulting.com\/es\/producto\/a-closer-look\/\"]}]},{\"@type\":\"ImageObject\",\"inLanguage\":\"es\",\"@id\":\"https:\/\/wpguerssen-test.odoo.rgbconsulting.com\/es\/producto\/a-closer-look\/#primaryimage\",\"url\":\"https:\/\/wpguerssen-test.odoo.rgbconsulting.com\/wp-content\/uploads\/2024\/03\/37415.jpg\",\"contentUrl\":\"https:\/\/wpguerssen-test.odoo.rgbconsulting.com\/wp-content\/uploads\/2024\/03\/37415.jpg\",\"width\":1000,\"height\":1000,\"caption\":\"Joey - A Closer Look - DEAF YOUTH INDUSTRIES (LP) | Guerssen\"},{\"@type\":\"BreadcrumbList\",\"@id\":\"https:\/\/wpguerssen-test.odoo.rgbconsulting.com\/es\/producto\/a-closer-look\/#breadcrumb\",\"itemListElement\":[{\"@type\":\"ListItem\",\"position\":1,\"name\":\"Inicio\",\"item\":\"https:\/\/wpguerssen-test.odoo.rgbconsulting.com\/es\/\"},{\"@type\":\"ListItem\",\"position\":2,\"name\":\"Shop\",\"item\":\"https:\/\/wpguerssen-test.odoo.rgbconsulting.com\/shop\/\"},{\"@type\":\"ListItem\",\"position\":3,\"name\":\"A Closer Look\"}]},{\"@type\":\"WebSite\",\"@id\":\"https:\/\/wpguerssen-test.odoo.rgbconsulting.com\/es\/#website\",\"url\":\"https:\/\/wpguerssen-test.odoo.rgbconsulting.com\/es\/\",\"name\":\"Guerssen records\",\"description\":\"psychedelia - progressive - folk - garage \",\"publisher\":{\"@id\":\"https:\/\/wpguerssen-test.odoo.rgbconsulting.com\/es\/#organization\"},\"potentialAction\":[{\"@type\":\"SearchAction\",\"target\":{\"@type\":\"EntryPoint\",\"urlTemplate\":\"https:\/\/wpguerssen-test.odoo.rgbconsulting.com\/es\/?s={search_term_string}\"},\"query-input\":{\"@type\":\"PropertyValueSpecification\",\"valueRequired\":true,\"valueName\":\"search_term_string\"}}],\"inLanguage\":\"es\"},{\"@type\":\"Organization\",\"@id\":\"https:\/\/wpguerssen-test.odoo.rgbconsulting.com\/es\/#organization\",\"name\":\"Guerssen records\",\"url\":\"https:\/\/wpguerssen-test.odoo.rgbconsulting.com\/es\/\",\"logo\":{\"@type\":\"ImageObject\",\"inLanguage\":\"es\",\"@id\":\"https:\/\/wpguerssen-test.odoo.rgbconsulting.com\/es\/#\/schema\/logo\/image\/\",\"url\":\"https:\/\/wpguerssen-test.odoo.rgbconsulting.com\/wp-content\/uploads\/2022\/04\/Logo_Guerssen_trans_100.png\",\"contentUrl\":\"https:\/\/wpguerssen-test.odoo.rgbconsulting.com\/wp-content\/uploads\/2022\/04\/Logo_Guerssen_trans_100.png\",\"width\":122,\"height\":100,\"caption\":\"Guerssen records\"},\"image\":{\"@id\":\"https:\/\/wpguerssen-test.odoo.rgbconsulting.com\/es\/#\/schema\/logo\/image\/\"}}]}<\/script>\n<!-- \/ Yoast SEO plugin. -->","yoast_head_json":{"title":"RAMONE, Joey - A Closer Look -  (LP) | Guerssen","description":"Parallel to his career as the best singer ever fronting the best band ever, Joey Ramone spiced his creative life every now and then with collaborations with like-minded musician friends and other side projects. Presented here are a bunch of those and what a feast this is! From the awesome 7\" he recorded with his brother as Sibling Rivalry to multiple collaborations with artists like Debbie Harry, Helen Love, Holly & The Italians, 22 Jacks or Furious George. Here's a great collection for all Ramones fans. #nl# SIDE 1: 1. Please Don't Leave 2. Standing In My Way 3. Punk Boy 4. Duke Of Earl 5. I'll Be With You Tonight 6. Meatball SandwichSIDE 2: 1. Remembering 2. On The Beach 3. See My Way 4. I Got You Babe 5. Gilligan","robots":{"index":"index","follow":"follow","max-snippet":"max-snippet:-1","max-image-preview":"max-image-preview:large","max-video-preview":"max-video-preview:-1"},"canonical":"https:\/\/wpguerssen-test.odoo.rgbconsulting.com\/es\/producto\/a-closer-look\/","og_locale":"es_ES","og_type":"article","og_title":"RAMONE, Joey - A Closer Look -  (LP) | Guerssen","og_description":"Parallel to his career as the best singer ever fronting the best band ever, Joey Ramone spiced his creative life every now and then with collaborations with like-minded musician friends and other side projects. Presented here are a bunch of those and what a feast this is! From the awesome 7\" he recorded with his brother as Sibling Rivalry to multiple collaborations with artists like Debbie Harry, Helen Love, Holly & The Italians, 22 Jacks or Furious George. Here's a great collection for all Ramones fans. #nl# SIDE 1: 1. Please Don't Leave 2. Standing In My Way 3. Punk Boy 4. Duke Of Earl 5. I'll Be With You Tonight 6. Meatball SandwichSIDE 2: 1. Remembering 2. On The Beach 3. See My Way 4. I Got You Babe 5. Gilligan","og_url":"https:\/\/wpguerssen-test.odoo.rgbconsulting.com\/es\/producto\/a-closer-look\/","og_site_name":"Guerssen records","article_modified_time":"2025-02-20T17:29:29+00:00","og_image":[{"width":1000,"height":1000,"url":"https:\/\/wpguerssen-test.odoo.rgbconsulting.com\/wp-content\/uploads\/2024\/03\/37415.jpg","type":"image\/jpeg"}],"twitter_card":"summary_large_image","twitter_title":"RAMONE, Joey - A Closer Look -  (LP) | Guerssen","schema":{"@context":"https:\/\/schema.org","@graph":[{"@type":"WebPage","@id":"https:\/\/wpguerssen-test.odoo.rgbconsulting.com\/es\/producto\/a-closer-look\/","url":"https:\/\/wpguerssen-test.odoo.rgbconsulting.com\/es\/producto\/a-closer-look\/","name":"RAMONE, Joey - A Closer Look - (LP) | Guerssen","isPartOf":{"@id":"https:\/\/wpguerssen-test.odoo.rgbconsulting.com\/es\/#website"},"primaryImageOfPage":{"@id":"https:\/\/wpguerssen-test.odoo.rgbconsulting.com\/es\/producto\/a-closer-look\/#primaryimage"},"image":{"@id":"https:\/\/wpguerssen-test.odoo.rgbconsulting.com\/es\/producto\/a-closer-look\/#primaryimage"},"thumbnailUrl":"https:\/\/wpguerssen-test.odoo.rgbconsulting.com\/wp-content\/uploads\/2024\/03\/37415.jpg","datePublished":"2025-01-20T23:00:00+00:00","dateModified":"2025-02-20T17:29:29+00:00","description":"Parallel to his career as the best singer ever fronting the best band ever, Joey Ramone spiced his creative life every now and then with collaborations with like-minded musician friends and other side projects. Presented here are a bunch of those and what a feast this is! From the awesome 7\" he recorded with his brother as Sibling Rivalry to multiple collaborations with artists like Debbie Harry, Helen Love, Holly & The Italians, 22 Jacks or Furious George. Here's a great collection for all Ramones fans. #nl# SIDE 1: 1. Please Don't Leave 2. Standing In My Way 3. Punk Boy 4. Duke Of Earl 5. I'll Be With You Tonight 6. Meatball SandwichSIDE 2: 1. Remembering 2. On The Beach 3. See My Way 4. I Got You Babe 5. Gilligan","breadcrumb":{"@id":"https:\/\/wpguerssen-test.odoo.rgbconsulting.com\/es\/producto\/a-closer-look\/#breadcrumb"},"inLanguage":"es","potentialAction":[{"@type":"ReadAction","target":["https:\/\/wpguerssen-test.odoo.rgbconsulting.com\/es\/producto\/a-closer-look\/"]}]},{"@type":"ImageObject","inLanguage":"es","@id":"https:\/\/wpguerssen-test.odoo.rgbconsulting.com\/es\/producto\/a-closer-look\/#primaryimage","url":"https:\/\/wpguerssen-test.odoo.rgbconsulting.com\/wp-content\/uploads\/2024\/03\/37415.jpg","contentUrl":"https:\/\/wpguerssen-test.odoo.rgbconsulting.com\/wp-content\/uploads\/2024\/03\/37415.jpg","width":1000,"height":1000,"caption":"Joey - A Closer Look - DEAF YOUTH INDUSTRIES (LP) | Guerssen"},{"@type":"BreadcrumbList","@id":"https:\/\/wpguerssen-test.odoo.rgbconsulting.com\/es\/producto\/a-closer-look\/#breadcrumb","itemListElement":[{"@type":"ListItem","position":1,"name":"Inicio","item":"https:\/\/wpguerssen-test.odoo.rgbconsulting.com\/es\/"},{"@type":"ListItem","position":2,"name":"Shop","item":"https:\/\/wpguerssen-test.odoo.rgbconsulting.com\/shop\/"},{"@type":"ListItem","position":3,"name":"A Closer Look"}]},{"@type":"WebSite","@id":"https:\/\/wpguerssen-test.odoo.rgbconsulting.com\/es\/#website","url":"https:\/\/wpguerssen-test.odoo.rgbconsulting.com\/es\/","name":"Guerssen records","description":"psychedelia - progressive - folk - garage ","publisher":{"@id":"https:\/\/wpguerssen-test.odoo.rgbconsulting.com\/es\/#organization"},"potentialAction":[{"@type":"SearchAction","target":{"@type":"EntryPoint","urlTemplate":"https:\/\/wpguerssen-test.odoo.rgbconsulting.com\/es\/?s={search_term_string}"},"query-input":{"@type":"PropertyValueSpecification","valueRequired":true,"valueName":"search_term_string"}}],"inLanguage":"es"},{"@type":"Organization","@id":"https:\/\/wpguerssen-test.odoo.rgbconsulting.com\/es\/#organization","name":"Guerssen records","url":"https:\/\/wpguerssen-test.odoo.rgbconsulting.com\/es\/","logo":{"@type":"ImageObject","inLanguage":"es","@id":"https:\/\/wpguerssen-test.odoo.rgbconsulting.com\/es\/#\/schema\/logo\/image\/","url":"https:\/\/wpguerssen-test.odoo.rgbconsulting.com\/wp-content\/uploads\/2022\/04\/Logo_Guerssen_trans_100.png","contentUrl":"https:\/\/wpguerssen-test.odoo.rgbconsulting.com\/wp-content\/uploads\/2022\/04\/Logo_Guerssen_trans_100.png","width":122,"height":100,"caption":"Guerssen records"},"image":{"@id":"https:\/\/wpguerssen-test.odoo.rgbconsulting.com\/es\/#\/schema\/logo\/image\/"}}]}},"_links":{"self":[{"href":"https:\/\/wpguerssen-test.odoo.rgbconsulting.com\/es\/wp-json\/wp\/v2\/product\/207891","targetHints":{"allow":["GET"]}}],"collection":[{"href":"https:\/\/wpguerssen-test.odoo.rgbconsulting.com\/es\/wp-json\/wp\/v2\/product"}],"about":[{"href":"https:\/\/wpguerssen-test.odoo.rgbconsulting.com\/es\/wp-json\/wp\/v2\/types\/product"}],"wp:featuredmedia":[{"embeddable":true,"href":"https:\/\/wpguerssen-test.odoo.rgbconsulting.com\/es\/wp-json\/wp\/v2\/media\/262421"}],"wp:attachment":[{"href":"https:\/\/wpguerssen-test.odoo.rgbconsulting.com\/es\/wp-json\/wp\/v2\/media?parent=207891"}],"wp:term":[{"taxonomy":"product_brand","embeddable":true,"href":"https:\/\/wpguerssen-test.odoo.rgbconsulting.com\/es\/wp-json\/wp\/v2\/product_brand?post=207891"},{"taxonomy":"product_cat","embeddable":true,"href":"https:\/\/wpguerssen-test.odoo.rgbconsulting.com\/es\/wp-json\/wp\/v2\/product_cat?post=207891"},{"taxonomy":"product_tag","embeddable":true,"href":"https:\/\/wpguerssen-test.odoo.rgbconsulting.com\/es\/wp-json\/wp\/v2\/product_tag?post=207891"}],"curies":[{"name":"wp","href":"https:\/\/api.w.org\/{rel}","templated":true}]}}