{"id":208081,"date":"2022-03-10T00:00:00","date_gmt":"2022-03-09T23:00:00","guid":{"rendered":"http:\/\/guerssen.hl1097.dinaserver.com\/product\/mi-nuevo-ritmo\/"},"modified":"2025-03-06T14:01:56","modified_gmt":"2025-03-06T13:01:56","slug":"mi-nuevo-ritmo","status":"publish","type":"product","link":"https:\/\/wpguerssen-test.odoo.rgbconsulting.com\/es\/producto\/mi-nuevo-ritmo\/","title":{"rendered":"Mi Nuevo Ritmo"},"content":{"rendered":"<p>Este muy buscado LP de 1974 es una fiesta interminable de salsa dura de principio a fin, comparable con lo mejor de Nueva York de la \u00e9poca, como Ray Barretto o Willie Col\u00f3n, pero con un sonido \u00fanico, bailable, y un toque brillante y alegre. <\/p>\n<p> Incluye los himnos &#8216;Mi nuevo ritmo&#8217; y &#8216;Alma y sentimiento \/ Soul and Feelin&#8217; grabados en distintas sesiones en Colombia y Per\u00fa.<\/p>\n","protected":false},"excerpt":{"rendered":"<p>Este muy buscado LP de 1974 es una fiesta interminable de salsa dura de principio a fin, comparable con lo mejor de Nueva York de la \u00e9poca, como Ray Barretto o Willie<a class=\"read\" href=\"https:\/\/wpguerssen-test.odoo.rgbconsulting.com\/es\/producto\/mi-nuevo-ritmo\/\"> (...)<\/a>","protected":false},"featured_media":157815,"template":"","meta":{"_acf_changed":false},"product_brand":[],"product_cat":[23231],"product_tag":[24190],"class_list":{"0":"post-208081","1":"product","2":"type-product","3":"status-publish","4":"has-post-thumbnail","6":"product_cat-latin-brazilian-es","7":"product_tag-sales-es","8":"pa_artist-linares-alfredo-es","9":"pa_format-lp-es","10":"pa_gender-latin-brazilian","11":"pa_label-vampi-soul-es","12":"pa_location-south-america-caribbean-es","13":"pa_other-filters-vinyl-only-es","15":"first","16":"instock","17":"taxable","18":"shipping-taxable","19":"purchasable","20":"product-type-simple"},"acf":[],"yoast_head":"<!-- This site is optimized with the Yoast SEO plugin v24.9 - https:\/\/yoast.com\/wordpress\/plugins\/seo\/ -->\n<title>LINARES, Alfredo - Mi Nuevo Ritmo -  (LP) | Guerssen<\/title>\n<meta name=\"description\" content=\"This highly collectible LP from 1974 is a nonstop salsa dura party album from start to finish, comparable with any of New York&#039;s finest like Ray Barretto and Willie Col\u00f3n from the same era, but with its own unique sound and joyful vibe. Includes the anthems &#039;Mi Nuevo Ritmo&#039; and &#039;Alma y Sentimiento \/ Soul and Feeling&#039; recorded at different sessions in Colombia and Peru. Presented in its original artwork and pressed on 180g vinyl. Recommended by DJ Bongohead of Peace &amp; Rhythm #nl# TRACKLIST Side A 1. MI NUEVO RITMO 2. ARROLLANDO 3. A ESCONDIDAS 4. LA MUSICA POR DENTRO 5. AMOR (LOVE) Side B 1. LA MUSICA BRAVA 2. MI MUSICA 3. SALSA Y SABOR 4. RITMO CALIENTE 5. ALMA Y SENTIMIENTO\" \/>\n<meta name=\"robots\" content=\"index, follow, max-snippet:-1, max-image-preview:large, max-video-preview:-1\" \/>\n<link rel=\"canonical\" href=\"https:\/\/wpguerssen-test.odoo.rgbconsulting.com\/es\/producto\/mi-nuevo-ritmo\/\" \/>\n<meta property=\"og:locale\" content=\"es_ES\" \/>\n<meta property=\"og:type\" content=\"article\" \/>\n<meta property=\"og:title\" content=\"LINARES, Alfredo - Mi Nuevo Ritmo -  (LP) | Guerssen\" \/>\n<meta property=\"og:description\" content=\"This highly collectible LP from 1974 is a nonstop salsa dura party album from start to finish, comparable with any of New York&#039;s finest like Ray Barretto and Willie Col\u00f3n from the same era, but with its own unique sound and joyful vibe. Includes the anthems &#039;Mi Nuevo Ritmo&#039; and &#039;Alma y Sentimiento \/ Soul and Feeling&#039; recorded at different sessions in Colombia and Peru. Presented in its original artwork and pressed on 180g vinyl. Recommended by DJ Bongohead of Peace &amp; Rhythm #nl# TRACKLIST Side A 1. MI NUEVO RITMO 2. ARROLLANDO 3. A ESCONDIDAS 4. LA MUSICA POR DENTRO 5. AMOR (LOVE) Side B 1. LA MUSICA BRAVA 2. MI MUSICA 3. SALSA Y SABOR 4. RITMO CALIENTE 5. ALMA Y SENTIMIENTO\" \/>\n<meta property=\"og:url\" content=\"https:\/\/wpguerssen-test.odoo.rgbconsulting.com\/es\/producto\/mi-nuevo-ritmo\/\" \/>\n<meta property=\"og:site_name\" content=\"Guerssen records\" \/>\n<meta property=\"article:modified_time\" content=\"2025-03-06T13:01:56+00:00\" \/>\n<meta property=\"og:image\" content=\"https:\/\/wpguerssen-test.odoo.rgbconsulting.com\/wp-content\/uploads\/2022\/03\/37765.jpg\" \/>\n\t<meta property=\"og:image:width\" content=\"700\" \/>\n\t<meta property=\"og:image:height\" content=\"700\" \/>\n\t<meta property=\"og:image:type\" content=\"image\/jpeg\" \/>\n<meta name=\"twitter:card\" content=\"summary_large_image\" \/>\n<meta name=\"twitter:title\" content=\"LINARES, Alfredo - Mi Nuevo Ritmo -  (LP) | Guerssen\" \/>\n<script type=\"application\/ld+json\" class=\"yoast-schema-graph\">{\"@context\":\"https:\/\/schema.org\",\"@graph\":[{\"@type\":\"WebPage\",\"@id\":\"https:\/\/wpguerssen-test.odoo.rgbconsulting.com\/es\/producto\/mi-nuevo-ritmo\/\",\"url\":\"https:\/\/wpguerssen-test.odoo.rgbconsulting.com\/es\/producto\/mi-nuevo-ritmo\/\",\"name\":\"LINARES, Alfredo - Mi Nuevo Ritmo - (LP) | Guerssen\",\"isPartOf\":{\"@id\":\"https:\/\/wpguerssen-test.odoo.rgbconsulting.com\/es\/#website\"},\"primaryImageOfPage\":{\"@id\":\"https:\/\/wpguerssen-test.odoo.rgbconsulting.com\/es\/producto\/mi-nuevo-ritmo\/#primaryimage\"},\"image\":{\"@id\":\"https:\/\/wpguerssen-test.odoo.rgbconsulting.com\/es\/producto\/mi-nuevo-ritmo\/#primaryimage\"},\"thumbnailUrl\":\"https:\/\/wpguerssen-test.odoo.rgbconsulting.com\/wp-content\/uploads\/2022\/03\/37765.jpg\",\"datePublished\":\"2022-03-09T23:00:00+00:00\",\"dateModified\":\"2025-03-06T13:01:56+00:00\",\"description\":\"This highly collectible LP from 1974 is a nonstop salsa dura party album from start to finish, comparable with any of New York's finest like Ray Barretto and Willie Col\u00f3n from the same era, but with its own unique sound and joyful vibe. Includes the anthems 'Mi Nuevo Ritmo' and 'Alma y Sentimiento \/ Soul and Feeling' recorded at different sessions in Colombia and Peru. Presented in its original artwork and pressed on 180g vinyl. Recommended by DJ Bongohead of Peace & Rhythm #nl# TRACKLIST Side A 1. MI NUEVO RITMO 2. ARROLLANDO 3. A ESCONDIDAS 4. LA MUSICA POR DENTRO 5. AMOR (LOVE) Side B 1. LA MUSICA BRAVA 2. MI MUSICA 3. SALSA Y SABOR 4. RITMO CALIENTE 5. ALMA Y SENTIMIENTO\",\"breadcrumb\":{\"@id\":\"https:\/\/wpguerssen-test.odoo.rgbconsulting.com\/es\/producto\/mi-nuevo-ritmo\/#breadcrumb\"},\"inLanguage\":\"es\",\"potentialAction\":[{\"@type\":\"ReadAction\",\"target\":[\"https:\/\/wpguerssen-test.odoo.rgbconsulting.com\/es\/producto\/mi-nuevo-ritmo\/\"]}]},{\"@type\":\"ImageObject\",\"inLanguage\":\"es\",\"@id\":\"https:\/\/wpguerssen-test.odoo.rgbconsulting.com\/es\/producto\/mi-nuevo-ritmo\/#primaryimage\",\"url\":\"https:\/\/wpguerssen-test.odoo.rgbconsulting.com\/wp-content\/uploads\/2022\/03\/37765.jpg\",\"contentUrl\":\"https:\/\/wpguerssen-test.odoo.rgbconsulting.com\/wp-content\/uploads\/2022\/03\/37765.jpg\",\"width\":700,\"height\":700,\"caption\":\"Alfredo - Mi Nuevo Ritmo - VAMPI SOUL (LP) | Guerssen\"},{\"@type\":\"BreadcrumbList\",\"@id\":\"https:\/\/wpguerssen-test.odoo.rgbconsulting.com\/es\/producto\/mi-nuevo-ritmo\/#breadcrumb\",\"itemListElement\":[{\"@type\":\"ListItem\",\"position\":1,\"name\":\"Inicio\",\"item\":\"https:\/\/wpguerssen-test.odoo.rgbconsulting.com\/es\/\"},{\"@type\":\"ListItem\",\"position\":2,\"name\":\"Shop\",\"item\":\"https:\/\/wpguerssen-test.odoo.rgbconsulting.com\/shop\/\"},{\"@type\":\"ListItem\",\"position\":3,\"name\":\"Mi Nuevo Ritmo\"}]},{\"@type\":\"WebSite\",\"@id\":\"https:\/\/wpguerssen-test.odoo.rgbconsulting.com\/es\/#website\",\"url\":\"https:\/\/wpguerssen-test.odoo.rgbconsulting.com\/es\/\",\"name\":\"Guerssen records\",\"description\":\"psychedelia - progressive - folk - garage \",\"publisher\":{\"@id\":\"https:\/\/wpguerssen-test.odoo.rgbconsulting.com\/es\/#organization\"},\"potentialAction\":[{\"@type\":\"SearchAction\",\"target\":{\"@type\":\"EntryPoint\",\"urlTemplate\":\"https:\/\/wpguerssen-test.odoo.rgbconsulting.com\/es\/?s={search_term_string}\"},\"query-input\":{\"@type\":\"PropertyValueSpecification\",\"valueRequired\":true,\"valueName\":\"search_term_string\"}}],\"inLanguage\":\"es\"},{\"@type\":\"Organization\",\"@id\":\"https:\/\/wpguerssen-test.odoo.rgbconsulting.com\/es\/#organization\",\"name\":\"Guerssen records\",\"url\":\"https:\/\/wpguerssen-test.odoo.rgbconsulting.com\/es\/\",\"logo\":{\"@type\":\"ImageObject\",\"inLanguage\":\"es\",\"@id\":\"https:\/\/wpguerssen-test.odoo.rgbconsulting.com\/es\/#\/schema\/logo\/image\/\",\"url\":\"https:\/\/wpguerssen-test.odoo.rgbconsulting.com\/wp-content\/uploads\/2022\/04\/Logo_Guerssen_trans_100.png\",\"contentUrl\":\"https:\/\/wpguerssen-test.odoo.rgbconsulting.com\/wp-content\/uploads\/2022\/04\/Logo_Guerssen_trans_100.png\",\"width\":122,\"height\":100,\"caption\":\"Guerssen records\"},\"image\":{\"@id\":\"https:\/\/wpguerssen-test.odoo.rgbconsulting.com\/es\/#\/schema\/logo\/image\/\"}}]}<\/script>\n<!-- \/ Yoast SEO plugin. -->","yoast_head_json":{"title":"LINARES, Alfredo - Mi Nuevo Ritmo -  (LP) | Guerssen","description":"This highly collectible LP from 1974 is a nonstop salsa dura party album from start to finish, comparable with any of New York's finest like Ray Barretto and Willie Col\u00f3n from the same era, but with its own unique sound and joyful vibe. Includes the anthems 'Mi Nuevo Ritmo' and 'Alma y Sentimiento \/ Soul and Feeling' recorded at different sessions in Colombia and Peru. Presented in its original artwork and pressed on 180g vinyl. Recommended by DJ Bongohead of Peace & Rhythm #nl# TRACKLIST Side A 1. MI NUEVO RITMO 2. ARROLLANDO 3. A ESCONDIDAS 4. LA MUSICA POR DENTRO 5. AMOR (LOVE) Side B 1. LA MUSICA BRAVA 2. MI MUSICA 3. SALSA Y SABOR 4. RITMO CALIENTE 5. ALMA Y SENTIMIENTO","robots":{"index":"index","follow":"follow","max-snippet":"max-snippet:-1","max-image-preview":"max-image-preview:large","max-video-preview":"max-video-preview:-1"},"canonical":"https:\/\/wpguerssen-test.odoo.rgbconsulting.com\/es\/producto\/mi-nuevo-ritmo\/","og_locale":"es_ES","og_type":"article","og_title":"LINARES, Alfredo - Mi Nuevo Ritmo -  (LP) | Guerssen","og_description":"This highly collectible LP from 1974 is a nonstop salsa dura party album from start to finish, comparable with any of New York's finest like Ray Barretto and Willie Col\u00f3n from the same era, but with its own unique sound and joyful vibe. Includes the anthems 'Mi Nuevo Ritmo' and 'Alma y Sentimiento \/ Soul and Feeling' recorded at different sessions in Colombia and Peru. Presented in its original artwork and pressed on 180g vinyl. Recommended by DJ Bongohead of Peace & Rhythm #nl# TRACKLIST Side A 1. MI NUEVO RITMO 2. ARROLLANDO 3. A ESCONDIDAS 4. LA MUSICA POR DENTRO 5. AMOR (LOVE) Side B 1. LA MUSICA BRAVA 2. MI MUSICA 3. SALSA Y SABOR 4. RITMO CALIENTE 5. ALMA Y SENTIMIENTO","og_url":"https:\/\/wpguerssen-test.odoo.rgbconsulting.com\/es\/producto\/mi-nuevo-ritmo\/","og_site_name":"Guerssen records","article_modified_time":"2025-03-06T13:01:56+00:00","og_image":[{"width":700,"height":700,"url":"https:\/\/wpguerssen-test.odoo.rgbconsulting.com\/wp-content\/uploads\/2022\/03\/37765.jpg","type":"image\/jpeg"}],"twitter_card":"summary_large_image","twitter_title":"LINARES, Alfredo - Mi Nuevo Ritmo -  (LP) | Guerssen","schema":{"@context":"https:\/\/schema.org","@graph":[{"@type":"WebPage","@id":"https:\/\/wpguerssen-test.odoo.rgbconsulting.com\/es\/producto\/mi-nuevo-ritmo\/","url":"https:\/\/wpguerssen-test.odoo.rgbconsulting.com\/es\/producto\/mi-nuevo-ritmo\/","name":"LINARES, Alfredo - Mi Nuevo Ritmo - (LP) | Guerssen","isPartOf":{"@id":"https:\/\/wpguerssen-test.odoo.rgbconsulting.com\/es\/#website"},"primaryImageOfPage":{"@id":"https:\/\/wpguerssen-test.odoo.rgbconsulting.com\/es\/producto\/mi-nuevo-ritmo\/#primaryimage"},"image":{"@id":"https:\/\/wpguerssen-test.odoo.rgbconsulting.com\/es\/producto\/mi-nuevo-ritmo\/#primaryimage"},"thumbnailUrl":"https:\/\/wpguerssen-test.odoo.rgbconsulting.com\/wp-content\/uploads\/2022\/03\/37765.jpg","datePublished":"2022-03-09T23:00:00+00:00","dateModified":"2025-03-06T13:01:56+00:00","description":"This highly collectible LP from 1974 is a nonstop salsa dura party album from start to finish, comparable with any of New York's finest like Ray Barretto and Willie Col\u00f3n from the same era, but with its own unique sound and joyful vibe. Includes the anthems 'Mi Nuevo Ritmo' and 'Alma y Sentimiento \/ Soul and Feeling' recorded at different sessions in Colombia and Peru. Presented in its original artwork and pressed on 180g vinyl. Recommended by DJ Bongohead of Peace & Rhythm #nl# TRACKLIST Side A 1. MI NUEVO RITMO 2. ARROLLANDO 3. A ESCONDIDAS 4. LA MUSICA POR DENTRO 5. AMOR (LOVE) Side B 1. LA MUSICA BRAVA 2. MI MUSICA 3. SALSA Y SABOR 4. RITMO CALIENTE 5. ALMA Y SENTIMIENTO","breadcrumb":{"@id":"https:\/\/wpguerssen-test.odoo.rgbconsulting.com\/es\/producto\/mi-nuevo-ritmo\/#breadcrumb"},"inLanguage":"es","potentialAction":[{"@type":"ReadAction","target":["https:\/\/wpguerssen-test.odoo.rgbconsulting.com\/es\/producto\/mi-nuevo-ritmo\/"]}]},{"@type":"ImageObject","inLanguage":"es","@id":"https:\/\/wpguerssen-test.odoo.rgbconsulting.com\/es\/producto\/mi-nuevo-ritmo\/#primaryimage","url":"https:\/\/wpguerssen-test.odoo.rgbconsulting.com\/wp-content\/uploads\/2022\/03\/37765.jpg","contentUrl":"https:\/\/wpguerssen-test.odoo.rgbconsulting.com\/wp-content\/uploads\/2022\/03\/37765.jpg","width":700,"height":700,"caption":"Alfredo - Mi Nuevo Ritmo - VAMPI SOUL (LP) | Guerssen"},{"@type":"BreadcrumbList","@id":"https:\/\/wpguerssen-test.odoo.rgbconsulting.com\/es\/producto\/mi-nuevo-ritmo\/#breadcrumb","itemListElement":[{"@type":"ListItem","position":1,"name":"Inicio","item":"https:\/\/wpguerssen-test.odoo.rgbconsulting.com\/es\/"},{"@type":"ListItem","position":2,"name":"Shop","item":"https:\/\/wpguerssen-test.odoo.rgbconsulting.com\/shop\/"},{"@type":"ListItem","position":3,"name":"Mi Nuevo Ritmo"}]},{"@type":"WebSite","@id":"https:\/\/wpguerssen-test.odoo.rgbconsulting.com\/es\/#website","url":"https:\/\/wpguerssen-test.odoo.rgbconsulting.com\/es\/","name":"Guerssen records","description":"psychedelia - progressive - folk - garage ","publisher":{"@id":"https:\/\/wpguerssen-test.odoo.rgbconsulting.com\/es\/#organization"},"potentialAction":[{"@type":"SearchAction","target":{"@type":"EntryPoint","urlTemplate":"https:\/\/wpguerssen-test.odoo.rgbconsulting.com\/es\/?s={search_term_string}"},"query-input":{"@type":"PropertyValueSpecification","valueRequired":true,"valueName":"search_term_string"}}],"inLanguage":"es"},{"@type":"Organization","@id":"https:\/\/wpguerssen-test.odoo.rgbconsulting.com\/es\/#organization","name":"Guerssen records","url":"https:\/\/wpguerssen-test.odoo.rgbconsulting.com\/es\/","logo":{"@type":"ImageObject","inLanguage":"es","@id":"https:\/\/wpguerssen-test.odoo.rgbconsulting.com\/es\/#\/schema\/logo\/image\/","url":"https:\/\/wpguerssen-test.odoo.rgbconsulting.com\/wp-content\/uploads\/2022\/04\/Logo_Guerssen_trans_100.png","contentUrl":"https:\/\/wpguerssen-test.odoo.rgbconsulting.com\/wp-content\/uploads\/2022\/04\/Logo_Guerssen_trans_100.png","width":122,"height":100,"caption":"Guerssen records"},"image":{"@id":"https:\/\/wpguerssen-test.odoo.rgbconsulting.com\/es\/#\/schema\/logo\/image\/"}}]}},"_links":{"self":[{"href":"https:\/\/wpguerssen-test.odoo.rgbconsulting.com\/es\/wp-json\/wp\/v2\/product\/208081","targetHints":{"allow":["GET"]}}],"collection":[{"href":"https:\/\/wpguerssen-test.odoo.rgbconsulting.com\/es\/wp-json\/wp\/v2\/product"}],"about":[{"href":"https:\/\/wpguerssen-test.odoo.rgbconsulting.com\/es\/wp-json\/wp\/v2\/types\/product"}],"wp:featuredmedia":[{"embeddable":true,"href":"https:\/\/wpguerssen-test.odoo.rgbconsulting.com\/es\/wp-json\/wp\/v2\/media\/157815"}],"wp:attachment":[{"href":"https:\/\/wpguerssen-test.odoo.rgbconsulting.com\/es\/wp-json\/wp\/v2\/media?parent=208081"}],"wp:term":[{"taxonomy":"product_brand","embeddable":true,"href":"https:\/\/wpguerssen-test.odoo.rgbconsulting.com\/es\/wp-json\/wp\/v2\/product_brand?post=208081"},{"taxonomy":"product_cat","embeddable":true,"href":"https:\/\/wpguerssen-test.odoo.rgbconsulting.com\/es\/wp-json\/wp\/v2\/product_cat?post=208081"},{"taxonomy":"product_tag","embeddable":true,"href":"https:\/\/wpguerssen-test.odoo.rgbconsulting.com\/es\/wp-json\/wp\/v2\/product_tag?post=208081"}],"curies":[{"name":"wp","href":"https:\/\/api.w.org\/{rel}","templated":true}]}}