{"id":208143,"date":"2021-03-22T00:00:00","date_gmt":"2021-03-21T23:00:00","guid":{"rendered":"http:\/\/guerssen.hl1097.dinaserver.com\/product\/cottage-songs\/"},"modified":"2024-02-20T14:04:45","modified_gmt":"2024-02-20T13:04:45","slug":"cottage-songs","status":"publish","type":"product","link":"https:\/\/wpguerssen-test.odoo.rgbconsulting.com\/es\/producto\/cottage-songs\/","title":{"rendered":"Cottage Songs"},"content":{"rendered":"<p>S\u00faper oscuro \u00e1lbum privado USA de mediados de los 70 en onda folk psicod\u00e9lico por esta cantautora con voz a lo Joni Mitchell y banda de acompa\u00f1amiento.<\/p>\n","protected":false},"excerpt":{"rendered":"<p>S\u00faper oscuro \u00e1lbum privado USA de mediados de los 70 en onda folk psicod\u00e9lico por esta cantautora con voz a lo Joni Mitchell y banda de acompa\u00f1amiento.<\/p>\n","protected":false},"featured_media":127875,"template":"","meta":{"_acf_changed":false},"product_brand":[],"product_cat":[23271],"product_tag":[],"class_list":{"0":"post-208143","1":"product","2":"type-product","3":"status-publish","4":"has-post-thumbnail","6":"product_cat-folk-60s-70s-es","7":"pa_artist-lewis-naomi","8":"pa_format-lp-es","9":"pa_gender-folk-60s-70s","10":"pa_label-mapache","11":"pa_location-north-america-es","12":"pa_other-filters-vinyl-only-es","14":"first","15":"instock","16":"taxable","17":"shipping-taxable","18":"purchasable","19":"product-type-simple"},"acf":[],"yoast_head":"<!-- This site is optimized with the Yoast SEO plugin v24.9 - https:\/\/yoast.com\/wordpress\/plugins\/seo\/ -->\n<title>LEWIS, Naomi - Cottage Songs -  (LP) | Guerssen<\/title>\n<meta name=\"description\" content=\"LIMITED TO 500 COPIES. #nl# Back in 1975, singer songwriter Naomi Lewis entered in the studio to record her first album, Cottage songs. The result was a beautiful album inspired by family, friends, God, and nature. And also, an obscure secret known by many few. Lewis&#039; songs are equal inspired by popular music like The Beatles and Joni Mitchell as psychedelic sounds and her lyrics spill out as small diary entries, written as a gift for one friend or another. #nl# Blending touchstones of soft rock, pop and dreamy singer-songwriters with Lewis&#039; cherubic voice, her albums have been praised as pinnacles of the privately-issued folk movement of the 1970s.\" \/>\n<meta name=\"robots\" content=\"index, follow, max-snippet:-1, max-image-preview:large, max-video-preview:-1\" \/>\n<link rel=\"canonical\" href=\"https:\/\/wpguerssen-test.odoo.rgbconsulting.com\/es\/producto\/cottage-songs\/\" \/>\n<meta property=\"og:locale\" content=\"es_ES\" \/>\n<meta property=\"og:type\" content=\"article\" \/>\n<meta property=\"og:title\" content=\"LEWIS, Naomi - Cottage Songs -  (LP) | Guerssen\" \/>\n<meta property=\"og:description\" content=\"LIMITED TO 500 COPIES. #nl# Back in 1975, singer songwriter Naomi Lewis entered in the studio to record her first album, Cottage songs. The result was a beautiful album inspired by family, friends, God, and nature. And also, an obscure secret known by many few. Lewis&#039; songs are equal inspired by popular music like The Beatles and Joni Mitchell as psychedelic sounds and her lyrics spill out as small diary entries, written as a gift for one friend or another. #nl# Blending touchstones of soft rock, pop and dreamy singer-songwriters with Lewis&#039; cherubic voice, her albums have been praised as pinnacles of the privately-issued folk movement of the 1970s.\" \/>\n<meta property=\"og:url\" content=\"https:\/\/wpguerssen-test.odoo.rgbconsulting.com\/es\/producto\/cottage-songs\/\" \/>\n<meta property=\"og:site_name\" content=\"Guerssen records\" \/>\n<meta property=\"article:modified_time\" content=\"2024-02-20T13:04:45+00:00\" \/>\n<meta property=\"og:image\" content=\"https:\/\/wpguerssen-test.odoo.rgbconsulting.com\/wp-content\/uploads\/2022\/03\/37867.jpg\" \/>\n\t<meta property=\"og:image:width\" content=\"302\" \/>\n\t<meta property=\"og:image:height\" content=\"302\" \/>\n\t<meta property=\"og:image:type\" content=\"image\/jpeg\" \/>\n<meta name=\"twitter:card\" content=\"summary_large_image\" \/>\n<meta name=\"twitter:title\" content=\"LEWIS, Naomi - Cottage Songs -  (LP) | Guerssen\" \/>\n<script type=\"application\/ld+json\" class=\"yoast-schema-graph\">{\"@context\":\"https:\/\/schema.org\",\"@graph\":[{\"@type\":\"WebPage\",\"@id\":\"https:\/\/wpguerssen-test.odoo.rgbconsulting.com\/es\/producto\/cottage-songs\/\",\"url\":\"https:\/\/wpguerssen-test.odoo.rgbconsulting.com\/es\/producto\/cottage-songs\/\",\"name\":\"LEWIS, Naomi - Cottage Songs - (LP) | Guerssen\",\"isPartOf\":{\"@id\":\"https:\/\/wpguerssen-test.odoo.rgbconsulting.com\/es\/#website\"},\"primaryImageOfPage\":{\"@id\":\"https:\/\/wpguerssen-test.odoo.rgbconsulting.com\/es\/producto\/cottage-songs\/#primaryimage\"},\"image\":{\"@id\":\"https:\/\/wpguerssen-test.odoo.rgbconsulting.com\/es\/producto\/cottage-songs\/#primaryimage\"},\"thumbnailUrl\":\"https:\/\/wpguerssen-test.odoo.rgbconsulting.com\/wp-content\/uploads\/2022\/03\/37867.jpg\",\"datePublished\":\"2021-03-21T23:00:00+00:00\",\"dateModified\":\"2024-02-20T13:04:45+00:00\",\"description\":\"LIMITED TO 500 COPIES. #nl# Back in 1975, singer songwriter Naomi Lewis entered in the studio to record her first album, Cottage songs. The result was a beautiful album inspired by family, friends, God, and nature. And also, an obscure secret known by many few. Lewis' songs are equal inspired by popular music like The Beatles and Joni Mitchell as psychedelic sounds and her lyrics spill out as small diary entries, written as a gift for one friend or another. #nl# Blending touchstones of soft rock, pop and dreamy singer-songwriters with Lewis' cherubic voice, her albums have been praised as pinnacles of the privately-issued folk movement of the 1970s.\",\"breadcrumb\":{\"@id\":\"https:\/\/wpguerssen-test.odoo.rgbconsulting.com\/es\/producto\/cottage-songs\/#breadcrumb\"},\"inLanguage\":\"es\",\"potentialAction\":[{\"@type\":\"ReadAction\",\"target\":[\"https:\/\/wpguerssen-test.odoo.rgbconsulting.com\/es\/producto\/cottage-songs\/\"]}]},{\"@type\":\"ImageObject\",\"inLanguage\":\"es\",\"@id\":\"https:\/\/wpguerssen-test.odoo.rgbconsulting.com\/es\/producto\/cottage-songs\/#primaryimage\",\"url\":\"https:\/\/wpguerssen-test.odoo.rgbconsulting.com\/wp-content\/uploads\/2022\/03\/37867.jpg\",\"contentUrl\":\"https:\/\/wpguerssen-test.odoo.rgbconsulting.com\/wp-content\/uploads\/2022\/03\/37867.jpg\",\"width\":302,\"height\":302,\"caption\":\"Naomi - Cottage Songs - MAPACHE (LP) | Guerssen\"},{\"@type\":\"BreadcrumbList\",\"@id\":\"https:\/\/wpguerssen-test.odoo.rgbconsulting.com\/es\/producto\/cottage-songs\/#breadcrumb\",\"itemListElement\":[{\"@type\":\"ListItem\",\"position\":1,\"name\":\"Inicio\",\"item\":\"https:\/\/wpguerssen-test.odoo.rgbconsulting.com\/es\/\"},{\"@type\":\"ListItem\",\"position\":2,\"name\":\"Shop\",\"item\":\"https:\/\/wpguerssen-test.odoo.rgbconsulting.com\/shop\/\"},{\"@type\":\"ListItem\",\"position\":3,\"name\":\"Cottage Songs\"}]},{\"@type\":\"WebSite\",\"@id\":\"https:\/\/wpguerssen-test.odoo.rgbconsulting.com\/es\/#website\",\"url\":\"https:\/\/wpguerssen-test.odoo.rgbconsulting.com\/es\/\",\"name\":\"Guerssen records\",\"description\":\"psychedelia - progressive - folk - garage \",\"publisher\":{\"@id\":\"https:\/\/wpguerssen-test.odoo.rgbconsulting.com\/es\/#organization\"},\"potentialAction\":[{\"@type\":\"SearchAction\",\"target\":{\"@type\":\"EntryPoint\",\"urlTemplate\":\"https:\/\/wpguerssen-test.odoo.rgbconsulting.com\/es\/?s={search_term_string}\"},\"query-input\":{\"@type\":\"PropertyValueSpecification\",\"valueRequired\":true,\"valueName\":\"search_term_string\"}}],\"inLanguage\":\"es\"},{\"@type\":\"Organization\",\"@id\":\"https:\/\/wpguerssen-test.odoo.rgbconsulting.com\/es\/#organization\",\"name\":\"Guerssen records\",\"url\":\"https:\/\/wpguerssen-test.odoo.rgbconsulting.com\/es\/\",\"logo\":{\"@type\":\"ImageObject\",\"inLanguage\":\"es\",\"@id\":\"https:\/\/wpguerssen-test.odoo.rgbconsulting.com\/es\/#\/schema\/logo\/image\/\",\"url\":\"https:\/\/wpguerssen-test.odoo.rgbconsulting.com\/wp-content\/uploads\/2022\/04\/Logo_Guerssen_trans_100.png\",\"contentUrl\":\"https:\/\/wpguerssen-test.odoo.rgbconsulting.com\/wp-content\/uploads\/2022\/04\/Logo_Guerssen_trans_100.png\",\"width\":122,\"height\":100,\"caption\":\"Guerssen records\"},\"image\":{\"@id\":\"https:\/\/wpguerssen-test.odoo.rgbconsulting.com\/es\/#\/schema\/logo\/image\/\"}}]}<\/script>\n<!-- \/ Yoast SEO plugin. -->","yoast_head_json":{"title":"LEWIS, Naomi - Cottage Songs -  (LP) | Guerssen","description":"LIMITED TO 500 COPIES. #nl# Back in 1975, singer songwriter Naomi Lewis entered in the studio to record her first album, Cottage songs. The result was a beautiful album inspired by family, friends, God, and nature. And also, an obscure secret known by many few. Lewis' songs are equal inspired by popular music like The Beatles and Joni Mitchell as psychedelic sounds and her lyrics spill out as small diary entries, written as a gift for one friend or another. #nl# Blending touchstones of soft rock, pop and dreamy singer-songwriters with Lewis' cherubic voice, her albums have been praised as pinnacles of the privately-issued folk movement of the 1970s.","robots":{"index":"index","follow":"follow","max-snippet":"max-snippet:-1","max-image-preview":"max-image-preview:large","max-video-preview":"max-video-preview:-1"},"canonical":"https:\/\/wpguerssen-test.odoo.rgbconsulting.com\/es\/producto\/cottage-songs\/","og_locale":"es_ES","og_type":"article","og_title":"LEWIS, Naomi - Cottage Songs -  (LP) | Guerssen","og_description":"LIMITED TO 500 COPIES. #nl# Back in 1975, singer songwriter Naomi Lewis entered in the studio to record her first album, Cottage songs. The result was a beautiful album inspired by family, friends, God, and nature. And also, an obscure secret known by many few. Lewis' songs are equal inspired by popular music like The Beatles and Joni Mitchell as psychedelic sounds and her lyrics spill out as small diary entries, written as a gift for one friend or another. #nl# Blending touchstones of soft rock, pop and dreamy singer-songwriters with Lewis' cherubic voice, her albums have been praised as pinnacles of the privately-issued folk movement of the 1970s.","og_url":"https:\/\/wpguerssen-test.odoo.rgbconsulting.com\/es\/producto\/cottage-songs\/","og_site_name":"Guerssen records","article_modified_time":"2024-02-20T13:04:45+00:00","og_image":[{"width":302,"height":302,"url":"https:\/\/wpguerssen-test.odoo.rgbconsulting.com\/wp-content\/uploads\/2022\/03\/37867.jpg","type":"image\/jpeg"}],"twitter_card":"summary_large_image","twitter_title":"LEWIS, Naomi - Cottage Songs -  (LP) | Guerssen","schema":{"@context":"https:\/\/schema.org","@graph":[{"@type":"WebPage","@id":"https:\/\/wpguerssen-test.odoo.rgbconsulting.com\/es\/producto\/cottage-songs\/","url":"https:\/\/wpguerssen-test.odoo.rgbconsulting.com\/es\/producto\/cottage-songs\/","name":"LEWIS, Naomi - Cottage Songs - (LP) | Guerssen","isPartOf":{"@id":"https:\/\/wpguerssen-test.odoo.rgbconsulting.com\/es\/#website"},"primaryImageOfPage":{"@id":"https:\/\/wpguerssen-test.odoo.rgbconsulting.com\/es\/producto\/cottage-songs\/#primaryimage"},"image":{"@id":"https:\/\/wpguerssen-test.odoo.rgbconsulting.com\/es\/producto\/cottage-songs\/#primaryimage"},"thumbnailUrl":"https:\/\/wpguerssen-test.odoo.rgbconsulting.com\/wp-content\/uploads\/2022\/03\/37867.jpg","datePublished":"2021-03-21T23:00:00+00:00","dateModified":"2024-02-20T13:04:45+00:00","description":"LIMITED TO 500 COPIES. #nl# Back in 1975, singer songwriter Naomi Lewis entered in the studio to record her first album, Cottage songs. The result was a beautiful album inspired by family, friends, God, and nature. And also, an obscure secret known by many few. Lewis' songs are equal inspired by popular music like The Beatles and Joni Mitchell as psychedelic sounds and her lyrics spill out as small diary entries, written as a gift for one friend or another. #nl# Blending touchstones of soft rock, pop and dreamy singer-songwriters with Lewis' cherubic voice, her albums have been praised as pinnacles of the privately-issued folk movement of the 1970s.","breadcrumb":{"@id":"https:\/\/wpguerssen-test.odoo.rgbconsulting.com\/es\/producto\/cottage-songs\/#breadcrumb"},"inLanguage":"es","potentialAction":[{"@type":"ReadAction","target":["https:\/\/wpguerssen-test.odoo.rgbconsulting.com\/es\/producto\/cottage-songs\/"]}]},{"@type":"ImageObject","inLanguage":"es","@id":"https:\/\/wpguerssen-test.odoo.rgbconsulting.com\/es\/producto\/cottage-songs\/#primaryimage","url":"https:\/\/wpguerssen-test.odoo.rgbconsulting.com\/wp-content\/uploads\/2022\/03\/37867.jpg","contentUrl":"https:\/\/wpguerssen-test.odoo.rgbconsulting.com\/wp-content\/uploads\/2022\/03\/37867.jpg","width":302,"height":302,"caption":"Naomi - Cottage Songs - MAPACHE (LP) | Guerssen"},{"@type":"BreadcrumbList","@id":"https:\/\/wpguerssen-test.odoo.rgbconsulting.com\/es\/producto\/cottage-songs\/#breadcrumb","itemListElement":[{"@type":"ListItem","position":1,"name":"Inicio","item":"https:\/\/wpguerssen-test.odoo.rgbconsulting.com\/es\/"},{"@type":"ListItem","position":2,"name":"Shop","item":"https:\/\/wpguerssen-test.odoo.rgbconsulting.com\/shop\/"},{"@type":"ListItem","position":3,"name":"Cottage Songs"}]},{"@type":"WebSite","@id":"https:\/\/wpguerssen-test.odoo.rgbconsulting.com\/es\/#website","url":"https:\/\/wpguerssen-test.odoo.rgbconsulting.com\/es\/","name":"Guerssen records","description":"psychedelia - progressive - folk - garage ","publisher":{"@id":"https:\/\/wpguerssen-test.odoo.rgbconsulting.com\/es\/#organization"},"potentialAction":[{"@type":"SearchAction","target":{"@type":"EntryPoint","urlTemplate":"https:\/\/wpguerssen-test.odoo.rgbconsulting.com\/es\/?s={search_term_string}"},"query-input":{"@type":"PropertyValueSpecification","valueRequired":true,"valueName":"search_term_string"}}],"inLanguage":"es"},{"@type":"Organization","@id":"https:\/\/wpguerssen-test.odoo.rgbconsulting.com\/es\/#organization","name":"Guerssen records","url":"https:\/\/wpguerssen-test.odoo.rgbconsulting.com\/es\/","logo":{"@type":"ImageObject","inLanguage":"es","@id":"https:\/\/wpguerssen-test.odoo.rgbconsulting.com\/es\/#\/schema\/logo\/image\/","url":"https:\/\/wpguerssen-test.odoo.rgbconsulting.com\/wp-content\/uploads\/2022\/04\/Logo_Guerssen_trans_100.png","contentUrl":"https:\/\/wpguerssen-test.odoo.rgbconsulting.com\/wp-content\/uploads\/2022\/04\/Logo_Guerssen_trans_100.png","width":122,"height":100,"caption":"Guerssen records"},"image":{"@id":"https:\/\/wpguerssen-test.odoo.rgbconsulting.com\/es\/#\/schema\/logo\/image\/"}}]}},"_links":{"self":[{"href":"https:\/\/wpguerssen-test.odoo.rgbconsulting.com\/es\/wp-json\/wp\/v2\/product\/208143","targetHints":{"allow":["GET"]}}],"collection":[{"href":"https:\/\/wpguerssen-test.odoo.rgbconsulting.com\/es\/wp-json\/wp\/v2\/product"}],"about":[{"href":"https:\/\/wpguerssen-test.odoo.rgbconsulting.com\/es\/wp-json\/wp\/v2\/types\/product"}],"wp:featuredmedia":[{"embeddable":true,"href":"https:\/\/wpguerssen-test.odoo.rgbconsulting.com\/es\/wp-json\/wp\/v2\/media\/127875"}],"wp:attachment":[{"href":"https:\/\/wpguerssen-test.odoo.rgbconsulting.com\/es\/wp-json\/wp\/v2\/media?parent=208143"}],"wp:term":[{"taxonomy":"product_brand","embeddable":true,"href":"https:\/\/wpguerssen-test.odoo.rgbconsulting.com\/es\/wp-json\/wp\/v2\/product_brand?post=208143"},{"taxonomy":"product_cat","embeddable":true,"href":"https:\/\/wpguerssen-test.odoo.rgbconsulting.com\/es\/wp-json\/wp\/v2\/product_cat?post=208143"},{"taxonomy":"product_tag","embeddable":true,"href":"https:\/\/wpguerssen-test.odoo.rgbconsulting.com\/es\/wp-json\/wp\/v2\/product_tag?post=208143"}],"curies":[{"name":"wp","href":"https:\/\/api.w.org\/{rel}","templated":true}]}}