{"id":208294,"date":"2021-06-15T00:00:00","date_gmt":"2021-06-14T22:00:00","guid":{"rendered":"http:\/\/guerssen.hl1097.dinaserver.com\/product\/uzi\/"},"modified":"2024-02-20T14:15:50","modified_gmt":"2024-02-20T13:15:50","slug":"uzi","status":"publish","type":"product","link":"https:\/\/wpguerssen-test.odoo.rgbconsulting.com\/es\/producto\/uzi\/","title":{"rendered":"Uzi"},"content":{"rendered":"<p>El \u00fanico \u00e1lbum del principio de Muslimgauze a\u00fan no reeditado en vinilo. Minimal grooves del espacio exterior!<\/p>\n","protected":false},"excerpt":{"rendered":"<p>El \u00fanico \u00e1lbum del principio de Muslimgauze a\u00fan no reeditado en vinilo. Minimal grooves del espacio exterior!<\/p>\n","protected":false},"featured_media":128177,"template":"","meta":{"_acf_changed":false},"product_brand":[],"product_cat":[23226,23266],"product_tag":[],"class_list":{"0":"post-208294","1":"product","2":"type-product","3":"status-publish","4":"has-post-thumbnail","6":"product_cat-industrial-es","7":"product_cat-electronic-es","8":"pa_artist-muslimgauze","9":"pa_format-lp-es","10":"pa_gender-industrial-electronic","11":"pa_label-kontakt-audio","12":"pa_location-uk-ireland-es","13":"pa_other-filters-vinyl-only-es","15":"first","16":"instock","17":"taxable","18":"shipping-taxable","19":"purchasable","20":"product-type-simple"},"acf":[],"yoast_head":"<!-- This site is optimized with the Yoast SEO plugin v24.9 - https:\/\/yoast.com\/wordpress\/plugins\/seo\/ -->\n<title>MUSLIMGAUZE - Uzi -  (LP) | Guerssen<\/title>\n<meta name=\"description\" content=\"* Minimalistic Tribal Industrial* Cult band from late 80s \/ early 90s* Their only early album yet unreissued on vinyl* limited edition in black vinyl with poster #nl# Uzi is Muslimgauze&#039;s gem from the late 80s. Cinematic, minimal, noisy, hypnotic, and gloomy. Probably not so overtly Middle Eastern as his later works, though definitely bearing an influence. Backed by electric drones, percussion forms a living, breathing atmosphere of impending menace.For a strange reason this album was missing in VOD&#039;s Chasing The Shadow Of Bryn Jones 10xLP Box-set. Now you have the chance to complete your Muslimgauze discography!\" \/>\n<meta name=\"robots\" content=\"index, follow, max-snippet:-1, max-image-preview:large, max-video-preview:-1\" \/>\n<link rel=\"canonical\" href=\"https:\/\/wpguerssen-test.odoo.rgbconsulting.com\/es\/producto\/uzi\/\" \/>\n<meta property=\"og:locale\" content=\"es_ES\" \/>\n<meta property=\"og:type\" content=\"article\" \/>\n<meta property=\"og:title\" content=\"MUSLIMGAUZE - Uzi -  (LP) | Guerssen\" \/>\n<meta property=\"og:description\" content=\"* Minimalistic Tribal Industrial* Cult band from late 80s \/ early 90s* Their only early album yet unreissued on vinyl* limited edition in black vinyl with poster #nl# Uzi is Muslimgauze&#039;s gem from the late 80s. Cinematic, minimal, noisy, hypnotic, and gloomy. Probably not so overtly Middle Eastern as his later works, though definitely bearing an influence. Backed by electric drones, percussion forms a living, breathing atmosphere of impending menace.For a strange reason this album was missing in VOD&#039;s Chasing The Shadow Of Bryn Jones 10xLP Box-set. Now you have the chance to complete your Muslimgauze discography!\" \/>\n<meta property=\"og:url\" content=\"https:\/\/wpguerssen-test.odoo.rgbconsulting.com\/es\/producto\/uzi\/\" \/>\n<meta property=\"og:site_name\" content=\"Guerssen records\" \/>\n<meta property=\"article:modified_time\" content=\"2024-02-20T13:15:50+00:00\" \/>\n<meta property=\"og:image\" content=\"https:\/\/wpguerssen-test.odoo.rgbconsulting.com\/wp-content\/uploads\/2022\/03\/38119.jpg\" \/>\n\t<meta property=\"og:image:width\" content=\"454\" \/>\n\t<meta property=\"og:image:height\" content=\"285\" \/>\n\t<meta property=\"og:image:type\" content=\"image\/jpeg\" \/>\n<meta name=\"twitter:card\" content=\"summary_large_image\" \/>\n<meta name=\"twitter:title\" content=\"MUSLIMGAUZE - Uzi -  (LP) | Guerssen\" \/>\n<script type=\"application\/ld+json\" class=\"yoast-schema-graph\">{\"@context\":\"https:\/\/schema.org\",\"@graph\":[{\"@type\":\"WebPage\",\"@id\":\"https:\/\/wpguerssen-test.odoo.rgbconsulting.com\/es\/producto\/uzi\/\",\"url\":\"https:\/\/wpguerssen-test.odoo.rgbconsulting.com\/es\/producto\/uzi\/\",\"name\":\"MUSLIMGAUZE - Uzi - (LP) | Guerssen\",\"isPartOf\":{\"@id\":\"https:\/\/wpguerssen-test.odoo.rgbconsulting.com\/es\/#website\"},\"primaryImageOfPage\":{\"@id\":\"https:\/\/wpguerssen-test.odoo.rgbconsulting.com\/es\/producto\/uzi\/#primaryimage\"},\"image\":{\"@id\":\"https:\/\/wpguerssen-test.odoo.rgbconsulting.com\/es\/producto\/uzi\/#primaryimage\"},\"thumbnailUrl\":\"https:\/\/wpguerssen-test.odoo.rgbconsulting.com\/wp-content\/uploads\/2022\/03\/38119.jpg\",\"datePublished\":\"2021-06-14T22:00:00+00:00\",\"dateModified\":\"2024-02-20T13:15:50+00:00\",\"description\":\"* Minimalistic Tribal Industrial* Cult band from late 80s \/ early 90s* Their only early album yet unreissued on vinyl* limited edition in black vinyl with poster #nl# Uzi is Muslimgauze's gem from the late 80s. Cinematic, minimal, noisy, hypnotic, and gloomy. Probably not so overtly Middle Eastern as his later works, though definitely bearing an influence. Backed by electric drones, percussion forms a living, breathing atmosphere of impending menace.For a strange reason this album was missing in VOD's Chasing The Shadow Of Bryn Jones 10xLP Box-set. Now you have the chance to complete your Muslimgauze discography!\",\"breadcrumb\":{\"@id\":\"https:\/\/wpguerssen-test.odoo.rgbconsulting.com\/es\/producto\/uzi\/#breadcrumb\"},\"inLanguage\":\"es\",\"potentialAction\":[{\"@type\":\"ReadAction\",\"target\":[\"https:\/\/wpguerssen-test.odoo.rgbconsulting.com\/es\/producto\/uzi\/\"]}]},{\"@type\":\"ImageObject\",\"inLanguage\":\"es\",\"@id\":\"https:\/\/wpguerssen-test.odoo.rgbconsulting.com\/es\/producto\/uzi\/#primaryimage\",\"url\":\"https:\/\/wpguerssen-test.odoo.rgbconsulting.com\/wp-content\/uploads\/2022\/03\/38119.jpg\",\"contentUrl\":\"https:\/\/wpguerssen-test.odoo.rgbconsulting.com\/wp-content\/uploads\/2022\/03\/38119.jpg\",\"width\":454,\"height\":285,\"caption\":\"MUSLIMGAUZE - Uzi - KONTAKT AUDIO (LP) | Guerssen\"},{\"@type\":\"BreadcrumbList\",\"@id\":\"https:\/\/wpguerssen-test.odoo.rgbconsulting.com\/es\/producto\/uzi\/#breadcrumb\",\"itemListElement\":[{\"@type\":\"ListItem\",\"position\":1,\"name\":\"Inicio\",\"item\":\"https:\/\/wpguerssen-test.odoo.rgbconsulting.com\/es\/\"},{\"@type\":\"ListItem\",\"position\":2,\"name\":\"Shop\",\"item\":\"https:\/\/wpguerssen-test.odoo.rgbconsulting.com\/shop\/\"},{\"@type\":\"ListItem\",\"position\":3,\"name\":\"Uzi\"}]},{\"@type\":\"WebSite\",\"@id\":\"https:\/\/wpguerssen-test.odoo.rgbconsulting.com\/es\/#website\",\"url\":\"https:\/\/wpguerssen-test.odoo.rgbconsulting.com\/es\/\",\"name\":\"Guerssen records\",\"description\":\"psychedelia - progressive - folk - garage \",\"publisher\":{\"@id\":\"https:\/\/wpguerssen-test.odoo.rgbconsulting.com\/es\/#organization\"},\"potentialAction\":[{\"@type\":\"SearchAction\",\"target\":{\"@type\":\"EntryPoint\",\"urlTemplate\":\"https:\/\/wpguerssen-test.odoo.rgbconsulting.com\/es\/?s={search_term_string}\"},\"query-input\":{\"@type\":\"PropertyValueSpecification\",\"valueRequired\":true,\"valueName\":\"search_term_string\"}}],\"inLanguage\":\"es\"},{\"@type\":\"Organization\",\"@id\":\"https:\/\/wpguerssen-test.odoo.rgbconsulting.com\/es\/#organization\",\"name\":\"Guerssen records\",\"url\":\"https:\/\/wpguerssen-test.odoo.rgbconsulting.com\/es\/\",\"logo\":{\"@type\":\"ImageObject\",\"inLanguage\":\"es\",\"@id\":\"https:\/\/wpguerssen-test.odoo.rgbconsulting.com\/es\/#\/schema\/logo\/image\/\",\"url\":\"https:\/\/wpguerssen-test.odoo.rgbconsulting.com\/wp-content\/uploads\/2022\/04\/Logo_Guerssen_trans_100.png\",\"contentUrl\":\"https:\/\/wpguerssen-test.odoo.rgbconsulting.com\/wp-content\/uploads\/2022\/04\/Logo_Guerssen_trans_100.png\",\"width\":122,\"height\":100,\"caption\":\"Guerssen records\"},\"image\":{\"@id\":\"https:\/\/wpguerssen-test.odoo.rgbconsulting.com\/es\/#\/schema\/logo\/image\/\"}}]}<\/script>\n<!-- \/ Yoast SEO plugin. -->","yoast_head_json":{"title":"MUSLIMGAUZE - Uzi -  (LP) | Guerssen","description":"* Minimalistic Tribal Industrial* Cult band from late 80s \/ early 90s* Their only early album yet unreissued on vinyl* limited edition in black vinyl with poster #nl# Uzi is Muslimgauze's gem from the late 80s. Cinematic, minimal, noisy, hypnotic, and gloomy. Probably not so overtly Middle Eastern as his later works, though definitely bearing an influence. Backed by electric drones, percussion forms a living, breathing atmosphere of impending menace.For a strange reason this album was missing in VOD's Chasing The Shadow Of Bryn Jones 10xLP Box-set. Now you have the chance to complete your Muslimgauze discography!","robots":{"index":"index","follow":"follow","max-snippet":"max-snippet:-1","max-image-preview":"max-image-preview:large","max-video-preview":"max-video-preview:-1"},"canonical":"https:\/\/wpguerssen-test.odoo.rgbconsulting.com\/es\/producto\/uzi\/","og_locale":"es_ES","og_type":"article","og_title":"MUSLIMGAUZE - Uzi -  (LP) | Guerssen","og_description":"* Minimalistic Tribal Industrial* Cult band from late 80s \/ early 90s* Their only early album yet unreissued on vinyl* limited edition in black vinyl with poster #nl# Uzi is Muslimgauze's gem from the late 80s. Cinematic, minimal, noisy, hypnotic, and gloomy. Probably not so overtly Middle Eastern as his later works, though definitely bearing an influence. Backed by electric drones, percussion forms a living, breathing atmosphere of impending menace.For a strange reason this album was missing in VOD's Chasing The Shadow Of Bryn Jones 10xLP Box-set. Now you have the chance to complete your Muslimgauze discography!","og_url":"https:\/\/wpguerssen-test.odoo.rgbconsulting.com\/es\/producto\/uzi\/","og_site_name":"Guerssen records","article_modified_time":"2024-02-20T13:15:50+00:00","og_image":[{"width":454,"height":285,"url":"https:\/\/wpguerssen-test.odoo.rgbconsulting.com\/wp-content\/uploads\/2022\/03\/38119.jpg","type":"image\/jpeg"}],"twitter_card":"summary_large_image","twitter_title":"MUSLIMGAUZE - Uzi -  (LP) | Guerssen","schema":{"@context":"https:\/\/schema.org","@graph":[{"@type":"WebPage","@id":"https:\/\/wpguerssen-test.odoo.rgbconsulting.com\/es\/producto\/uzi\/","url":"https:\/\/wpguerssen-test.odoo.rgbconsulting.com\/es\/producto\/uzi\/","name":"MUSLIMGAUZE - Uzi - (LP) | Guerssen","isPartOf":{"@id":"https:\/\/wpguerssen-test.odoo.rgbconsulting.com\/es\/#website"},"primaryImageOfPage":{"@id":"https:\/\/wpguerssen-test.odoo.rgbconsulting.com\/es\/producto\/uzi\/#primaryimage"},"image":{"@id":"https:\/\/wpguerssen-test.odoo.rgbconsulting.com\/es\/producto\/uzi\/#primaryimage"},"thumbnailUrl":"https:\/\/wpguerssen-test.odoo.rgbconsulting.com\/wp-content\/uploads\/2022\/03\/38119.jpg","datePublished":"2021-06-14T22:00:00+00:00","dateModified":"2024-02-20T13:15:50+00:00","description":"* Minimalistic Tribal Industrial* Cult band from late 80s \/ early 90s* Their only early album yet unreissued on vinyl* limited edition in black vinyl with poster #nl# Uzi is Muslimgauze's gem from the late 80s. Cinematic, minimal, noisy, hypnotic, and gloomy. Probably not so overtly Middle Eastern as his later works, though definitely bearing an influence. Backed by electric drones, percussion forms a living, breathing atmosphere of impending menace.For a strange reason this album was missing in VOD's Chasing The Shadow Of Bryn Jones 10xLP Box-set. Now you have the chance to complete your Muslimgauze discography!","breadcrumb":{"@id":"https:\/\/wpguerssen-test.odoo.rgbconsulting.com\/es\/producto\/uzi\/#breadcrumb"},"inLanguage":"es","potentialAction":[{"@type":"ReadAction","target":["https:\/\/wpguerssen-test.odoo.rgbconsulting.com\/es\/producto\/uzi\/"]}]},{"@type":"ImageObject","inLanguage":"es","@id":"https:\/\/wpguerssen-test.odoo.rgbconsulting.com\/es\/producto\/uzi\/#primaryimage","url":"https:\/\/wpguerssen-test.odoo.rgbconsulting.com\/wp-content\/uploads\/2022\/03\/38119.jpg","contentUrl":"https:\/\/wpguerssen-test.odoo.rgbconsulting.com\/wp-content\/uploads\/2022\/03\/38119.jpg","width":454,"height":285,"caption":"MUSLIMGAUZE - Uzi - KONTAKT AUDIO (LP) | Guerssen"},{"@type":"BreadcrumbList","@id":"https:\/\/wpguerssen-test.odoo.rgbconsulting.com\/es\/producto\/uzi\/#breadcrumb","itemListElement":[{"@type":"ListItem","position":1,"name":"Inicio","item":"https:\/\/wpguerssen-test.odoo.rgbconsulting.com\/es\/"},{"@type":"ListItem","position":2,"name":"Shop","item":"https:\/\/wpguerssen-test.odoo.rgbconsulting.com\/shop\/"},{"@type":"ListItem","position":3,"name":"Uzi"}]},{"@type":"WebSite","@id":"https:\/\/wpguerssen-test.odoo.rgbconsulting.com\/es\/#website","url":"https:\/\/wpguerssen-test.odoo.rgbconsulting.com\/es\/","name":"Guerssen records","description":"psychedelia - progressive - folk - garage ","publisher":{"@id":"https:\/\/wpguerssen-test.odoo.rgbconsulting.com\/es\/#organization"},"potentialAction":[{"@type":"SearchAction","target":{"@type":"EntryPoint","urlTemplate":"https:\/\/wpguerssen-test.odoo.rgbconsulting.com\/es\/?s={search_term_string}"},"query-input":{"@type":"PropertyValueSpecification","valueRequired":true,"valueName":"search_term_string"}}],"inLanguage":"es"},{"@type":"Organization","@id":"https:\/\/wpguerssen-test.odoo.rgbconsulting.com\/es\/#organization","name":"Guerssen records","url":"https:\/\/wpguerssen-test.odoo.rgbconsulting.com\/es\/","logo":{"@type":"ImageObject","inLanguage":"es","@id":"https:\/\/wpguerssen-test.odoo.rgbconsulting.com\/es\/#\/schema\/logo\/image\/","url":"https:\/\/wpguerssen-test.odoo.rgbconsulting.com\/wp-content\/uploads\/2022\/04\/Logo_Guerssen_trans_100.png","contentUrl":"https:\/\/wpguerssen-test.odoo.rgbconsulting.com\/wp-content\/uploads\/2022\/04\/Logo_Guerssen_trans_100.png","width":122,"height":100,"caption":"Guerssen records"},"image":{"@id":"https:\/\/wpguerssen-test.odoo.rgbconsulting.com\/es\/#\/schema\/logo\/image\/"}}]}},"_links":{"self":[{"href":"https:\/\/wpguerssen-test.odoo.rgbconsulting.com\/es\/wp-json\/wp\/v2\/product\/208294","targetHints":{"allow":["GET"]}}],"collection":[{"href":"https:\/\/wpguerssen-test.odoo.rgbconsulting.com\/es\/wp-json\/wp\/v2\/product"}],"about":[{"href":"https:\/\/wpguerssen-test.odoo.rgbconsulting.com\/es\/wp-json\/wp\/v2\/types\/product"}],"wp:featuredmedia":[{"embeddable":true,"href":"https:\/\/wpguerssen-test.odoo.rgbconsulting.com\/es\/wp-json\/wp\/v2\/media\/128177"}],"wp:attachment":[{"href":"https:\/\/wpguerssen-test.odoo.rgbconsulting.com\/es\/wp-json\/wp\/v2\/media?parent=208294"}],"wp:term":[{"taxonomy":"product_brand","embeddable":true,"href":"https:\/\/wpguerssen-test.odoo.rgbconsulting.com\/es\/wp-json\/wp\/v2\/product_brand?post=208294"},{"taxonomy":"product_cat","embeddable":true,"href":"https:\/\/wpguerssen-test.odoo.rgbconsulting.com\/es\/wp-json\/wp\/v2\/product_cat?post=208294"},{"taxonomy":"product_tag","embeddable":true,"href":"https:\/\/wpguerssen-test.odoo.rgbconsulting.com\/es\/wp-json\/wp\/v2\/product_tag?post=208294"}],"curies":[{"name":"wp","href":"https:\/\/api.w.org\/{rel}","templated":true}]}}