{"id":208356,"date":"2021-03-31T00:00:00","date_gmt":"2021-03-30T22:00:00","guid":{"rendered":"http:\/\/guerssen.hl1097.dinaserver.com\/product\/anadolu-dokturmeleri\/"},"modified":"2025-04-16T17:56:34","modified_gmt":"2025-04-16T15:56:34","slug":"anadolu-dokturmeleri","status":"publish","type":"product","link":"https:\/\/wpguerssen-test.odoo.rgbconsulting.com\/es\/producto\/anadolu-dokturmeleri\/","title":{"rendered":"Anadolu D\u00f6kt\u00fcrmeleri"},"content":{"rendered":"<p>Disco grabado y editado solo en Alemania en 1984 por este m\u00fasico turco. Sonido psych-folk con saz el\u00e9ctrico, sintes, percusiones&#8230; <\/p>\n<p> Tracklist:<br \/>Side A:<br \/>Pancar Pezik Degilmi &#8211; Menekse Koymuslar G\u00fcl\u00fcn Adini<br \/>Ankara Divan Ayagi &#8211; Su Siziyor &#8211; Topal Oyun Havasi<br \/>Su Gelir G\u00fcld\u00fcr G\u00fcld\u00fcr &#8211; Yandim Seker Oglan <\/p>\n<p> Side B:<br \/>Misket &#8211; Badi Sabah<br \/>Yaylanin \u00c7imenine &#8211; Irfani (Silifke)<br \/>Konyali &#8211; Anamur Yollari<br \/>Fidayda<\/p>\n","protected":false},"excerpt":{"rendered":"<p>Disco grabado y editado solo en Alemania en 1984 por este m\u00fasico turco. Sonido psych-folk con saz el\u00e9ctrico, sintes, percusiones&#8230; <\/p>\n<p>\u00a0<\/p>\n<p> Tracklist:<br<a class=\"read\" href=\"https:\/\/wpguerssen-test.odoo.rgbconsulting.com\/es\/producto\/anadolu-dokturmeleri\/\"> (...)<\/a>","protected":false},"featured_media":128268,"template":"","meta":{"_acf_changed":false},"product_brand":[],"product_cat":[21688,23272],"product_tag":[],"class_list":{"0":"post-208356","1":"product","2":"type-product","3":"status-publish","4":"has-post-thumbnail","6":"product_cat-psychedelic80s-90s-es","7":"product_cat-folk-80s-90s-es","8":"pa_artist-sag-arif","9":"pa_format-lp-es","10":"pa_gender-psychedelic80s-90s-folk-80s-90s","11":"pa_label-turkuola","12":"pa_location-eastern-es","13":"pa_other-filters-vinyl-only-es","15":"first","16":"instock","17":"taxable","18":"shipping-taxable","19":"purchasable","20":"product-type-simple"},"acf":[],"yoast_head":"<!-- This site is optimized with the Yoast SEO plugin v24.9 - https:\/\/yoast.com\/wordpress\/plugins\/seo\/ -->\n<title>SAG, Arif - Anadolu D\u00f6kt\u00fcrmeleri -  (LP) | Guerssen<\/title>\n<meta name=\"description\" content=\"This is a great album that originally recorded and released only in Germany, 1984.Turkish psych-folk sounds combining with electric-saz, fat bass, synths and percussions. #nl# Tracklist:Side A:Pancar Pezik Degilmi - Menekse Koymuslar G\u00fcl\u00fcn AdiniAnkara Divan Ayagi - Su Siziyor - Topal Oyun HavasiSu Gelir G\u00fcld\u00fcr G\u00fcld\u00fcr - Yandim Seker Oglan #nl# Side B:Misket - Badi SabahYaylanin \u00c7imenine - Irfani (Silifke)Konyali - Anamur YollariFidayda\" \/>\n<meta name=\"robots\" content=\"index, follow, max-snippet:-1, max-image-preview:large, max-video-preview:-1\" \/>\n<link rel=\"canonical\" href=\"https:\/\/wpguerssen-test.odoo.rgbconsulting.com\/es\/producto\/anadolu-dokturmeleri\/\" \/>\n<meta property=\"og:locale\" content=\"es_ES\" \/>\n<meta property=\"og:type\" content=\"article\" \/>\n<meta property=\"og:title\" content=\"SAG, Arif - Anadolu D\u00f6kt\u00fcrmeleri -  (LP) | Guerssen\" \/>\n<meta property=\"og:description\" content=\"This is a great album that originally recorded and released only in Germany, 1984.Turkish psych-folk sounds combining with electric-saz, fat bass, synths and percussions. #nl# Tracklist:Side A:Pancar Pezik Degilmi - Menekse Koymuslar G\u00fcl\u00fcn AdiniAnkara Divan Ayagi - Su Siziyor - Topal Oyun HavasiSu Gelir G\u00fcld\u00fcr G\u00fcld\u00fcr - Yandim Seker Oglan #nl# Side B:Misket - Badi SabahYaylanin \u00c7imenine - Irfani (Silifke)Konyali - Anamur YollariFidayda\" \/>\n<meta property=\"og:url\" content=\"https:\/\/wpguerssen-test.odoo.rgbconsulting.com\/es\/producto\/anadolu-dokturmeleri\/\" \/>\n<meta property=\"og:site_name\" content=\"Guerssen records\" \/>\n<meta property=\"article:modified_time\" content=\"2025-04-16T15:56:34+00:00\" \/>\n<meta property=\"og:image\" content=\"https:\/\/wpguerssen-test.odoo.rgbconsulting.com\/wp-content\/uploads\/2022\/03\/38222.jpg\" \/>\n\t<meta property=\"og:image:width\" content=\"723\" \/>\n\t<meta property=\"og:image:height\" content=\"720\" \/>\n\t<meta property=\"og:image:type\" content=\"image\/jpeg\" \/>\n<meta name=\"twitter:card\" content=\"summary_large_image\" \/>\n<meta name=\"twitter:title\" content=\"SAG, Arif - Anadolu D\u00f6kt\u00fcrmeleri -  (LP) | Guerssen\" \/>\n<script type=\"application\/ld+json\" class=\"yoast-schema-graph\">{\"@context\":\"https:\/\/schema.org\",\"@graph\":[{\"@type\":\"WebPage\",\"@id\":\"https:\/\/wpguerssen-test.odoo.rgbconsulting.com\/es\/producto\/anadolu-dokturmeleri\/\",\"url\":\"https:\/\/wpguerssen-test.odoo.rgbconsulting.com\/es\/producto\/anadolu-dokturmeleri\/\",\"name\":\"SAG, Arif - Anadolu D\u00f6kt\u00fcrmeleri - (LP) | Guerssen\",\"isPartOf\":{\"@id\":\"https:\/\/wpguerssen-test.odoo.rgbconsulting.com\/es\/#website\"},\"primaryImageOfPage\":{\"@id\":\"https:\/\/wpguerssen-test.odoo.rgbconsulting.com\/es\/producto\/anadolu-dokturmeleri\/#primaryimage\"},\"image\":{\"@id\":\"https:\/\/wpguerssen-test.odoo.rgbconsulting.com\/es\/producto\/anadolu-dokturmeleri\/#primaryimage\"},\"thumbnailUrl\":\"https:\/\/wpguerssen-test.odoo.rgbconsulting.com\/wp-content\/uploads\/2022\/03\/38222.jpg\",\"datePublished\":\"2021-03-30T22:00:00+00:00\",\"dateModified\":\"2025-04-16T15:56:34+00:00\",\"description\":\"This is a great album that originally recorded and released only in Germany, 1984.Turkish psych-folk sounds combining with electric-saz, fat bass, synths and percussions. #nl# Tracklist:Side A:Pancar Pezik Degilmi - Menekse Koymuslar G\u00fcl\u00fcn AdiniAnkara Divan Ayagi - Su Siziyor - Topal Oyun HavasiSu Gelir G\u00fcld\u00fcr G\u00fcld\u00fcr - Yandim Seker Oglan #nl# Side B:Misket - Badi SabahYaylanin \u00c7imenine - Irfani (Silifke)Konyali - Anamur YollariFidayda\",\"breadcrumb\":{\"@id\":\"https:\/\/wpguerssen-test.odoo.rgbconsulting.com\/es\/producto\/anadolu-dokturmeleri\/#breadcrumb\"},\"inLanguage\":\"es\",\"potentialAction\":[{\"@type\":\"ReadAction\",\"target\":[\"https:\/\/wpguerssen-test.odoo.rgbconsulting.com\/es\/producto\/anadolu-dokturmeleri\/\"]}]},{\"@type\":\"ImageObject\",\"inLanguage\":\"es\",\"@id\":\"https:\/\/wpguerssen-test.odoo.rgbconsulting.com\/es\/producto\/anadolu-dokturmeleri\/#primaryimage\",\"url\":\"https:\/\/wpguerssen-test.odoo.rgbconsulting.com\/wp-content\/uploads\/2022\/03\/38222.jpg\",\"contentUrl\":\"https:\/\/wpguerssen-test.odoo.rgbconsulting.com\/wp-content\/uploads\/2022\/03\/38222.jpg\",\"width\":723,\"height\":720,\"caption\":\"Arif - Anadolu D\u00f6kt\u00fcrmeleri - T\u00dcRK\u00dcOLA (LP) | Guerssen\"},{\"@type\":\"BreadcrumbList\",\"@id\":\"https:\/\/wpguerssen-test.odoo.rgbconsulting.com\/es\/producto\/anadolu-dokturmeleri\/#breadcrumb\",\"itemListElement\":[{\"@type\":\"ListItem\",\"position\":1,\"name\":\"Inicio\",\"item\":\"https:\/\/wpguerssen-test.odoo.rgbconsulting.com\/es\/\"},{\"@type\":\"ListItem\",\"position\":2,\"name\":\"Shop\",\"item\":\"https:\/\/wpguerssen-test.odoo.rgbconsulting.com\/shop\/\"},{\"@type\":\"ListItem\",\"position\":3,\"name\":\"Anadolu D\u00f6kt\u00fcrmeleri\"}]},{\"@type\":\"WebSite\",\"@id\":\"https:\/\/wpguerssen-test.odoo.rgbconsulting.com\/es\/#website\",\"url\":\"https:\/\/wpguerssen-test.odoo.rgbconsulting.com\/es\/\",\"name\":\"Guerssen records\",\"description\":\"psychedelia - progressive - folk - garage \",\"publisher\":{\"@id\":\"https:\/\/wpguerssen-test.odoo.rgbconsulting.com\/es\/#organization\"},\"potentialAction\":[{\"@type\":\"SearchAction\",\"target\":{\"@type\":\"EntryPoint\",\"urlTemplate\":\"https:\/\/wpguerssen-test.odoo.rgbconsulting.com\/es\/?s={search_term_string}\"},\"query-input\":{\"@type\":\"PropertyValueSpecification\",\"valueRequired\":true,\"valueName\":\"search_term_string\"}}],\"inLanguage\":\"es\"},{\"@type\":\"Organization\",\"@id\":\"https:\/\/wpguerssen-test.odoo.rgbconsulting.com\/es\/#organization\",\"name\":\"Guerssen records\",\"url\":\"https:\/\/wpguerssen-test.odoo.rgbconsulting.com\/es\/\",\"logo\":{\"@type\":\"ImageObject\",\"inLanguage\":\"es\",\"@id\":\"https:\/\/wpguerssen-test.odoo.rgbconsulting.com\/es\/#\/schema\/logo\/image\/\",\"url\":\"https:\/\/wpguerssen-test.odoo.rgbconsulting.com\/wp-content\/uploads\/2022\/04\/Logo_Guerssen_trans_100.png\",\"contentUrl\":\"https:\/\/wpguerssen-test.odoo.rgbconsulting.com\/wp-content\/uploads\/2022\/04\/Logo_Guerssen_trans_100.png\",\"width\":122,\"height\":100,\"caption\":\"Guerssen records\"},\"image\":{\"@id\":\"https:\/\/wpguerssen-test.odoo.rgbconsulting.com\/es\/#\/schema\/logo\/image\/\"}}]}<\/script>\n<!-- \/ Yoast SEO plugin. -->","yoast_head_json":{"title":"SAG, Arif - Anadolu D\u00f6kt\u00fcrmeleri -  (LP) | Guerssen","description":"This is a great album that originally recorded and released only in Germany, 1984.Turkish psych-folk sounds combining with electric-saz, fat bass, synths and percussions. #nl# Tracklist:Side A:Pancar Pezik Degilmi - Menekse Koymuslar G\u00fcl\u00fcn AdiniAnkara Divan Ayagi - Su Siziyor - Topal Oyun HavasiSu Gelir G\u00fcld\u00fcr G\u00fcld\u00fcr - Yandim Seker Oglan #nl# Side B:Misket - Badi SabahYaylanin \u00c7imenine - Irfani (Silifke)Konyali - Anamur YollariFidayda","robots":{"index":"index","follow":"follow","max-snippet":"max-snippet:-1","max-image-preview":"max-image-preview:large","max-video-preview":"max-video-preview:-1"},"canonical":"https:\/\/wpguerssen-test.odoo.rgbconsulting.com\/es\/producto\/anadolu-dokturmeleri\/","og_locale":"es_ES","og_type":"article","og_title":"SAG, Arif - Anadolu D\u00f6kt\u00fcrmeleri -  (LP) | Guerssen","og_description":"This is a great album that originally recorded and released only in Germany, 1984.Turkish psych-folk sounds combining with electric-saz, fat bass, synths and percussions. #nl# Tracklist:Side A:Pancar Pezik Degilmi - Menekse Koymuslar G\u00fcl\u00fcn AdiniAnkara Divan Ayagi - Su Siziyor - Topal Oyun HavasiSu Gelir G\u00fcld\u00fcr G\u00fcld\u00fcr - Yandim Seker Oglan #nl# Side B:Misket - Badi SabahYaylanin \u00c7imenine - Irfani (Silifke)Konyali - Anamur YollariFidayda","og_url":"https:\/\/wpguerssen-test.odoo.rgbconsulting.com\/es\/producto\/anadolu-dokturmeleri\/","og_site_name":"Guerssen records","article_modified_time":"2025-04-16T15:56:34+00:00","og_image":[{"width":723,"height":720,"url":"https:\/\/wpguerssen-test.odoo.rgbconsulting.com\/wp-content\/uploads\/2022\/03\/38222.jpg","type":"image\/jpeg"}],"twitter_card":"summary_large_image","twitter_title":"SAG, Arif - Anadolu D\u00f6kt\u00fcrmeleri -  (LP) | Guerssen","schema":{"@context":"https:\/\/schema.org","@graph":[{"@type":"WebPage","@id":"https:\/\/wpguerssen-test.odoo.rgbconsulting.com\/es\/producto\/anadolu-dokturmeleri\/","url":"https:\/\/wpguerssen-test.odoo.rgbconsulting.com\/es\/producto\/anadolu-dokturmeleri\/","name":"SAG, Arif - Anadolu D\u00f6kt\u00fcrmeleri - (LP) | Guerssen","isPartOf":{"@id":"https:\/\/wpguerssen-test.odoo.rgbconsulting.com\/es\/#website"},"primaryImageOfPage":{"@id":"https:\/\/wpguerssen-test.odoo.rgbconsulting.com\/es\/producto\/anadolu-dokturmeleri\/#primaryimage"},"image":{"@id":"https:\/\/wpguerssen-test.odoo.rgbconsulting.com\/es\/producto\/anadolu-dokturmeleri\/#primaryimage"},"thumbnailUrl":"https:\/\/wpguerssen-test.odoo.rgbconsulting.com\/wp-content\/uploads\/2022\/03\/38222.jpg","datePublished":"2021-03-30T22:00:00+00:00","dateModified":"2025-04-16T15:56:34+00:00","description":"This is a great album that originally recorded and released only in Germany, 1984.Turkish psych-folk sounds combining with electric-saz, fat bass, synths and percussions. #nl# Tracklist:Side A:Pancar Pezik Degilmi - Menekse Koymuslar G\u00fcl\u00fcn AdiniAnkara Divan Ayagi - Su Siziyor - Topal Oyun HavasiSu Gelir G\u00fcld\u00fcr G\u00fcld\u00fcr - Yandim Seker Oglan #nl# Side B:Misket - Badi SabahYaylanin \u00c7imenine - Irfani (Silifke)Konyali - Anamur YollariFidayda","breadcrumb":{"@id":"https:\/\/wpguerssen-test.odoo.rgbconsulting.com\/es\/producto\/anadolu-dokturmeleri\/#breadcrumb"},"inLanguage":"es","potentialAction":[{"@type":"ReadAction","target":["https:\/\/wpguerssen-test.odoo.rgbconsulting.com\/es\/producto\/anadolu-dokturmeleri\/"]}]},{"@type":"ImageObject","inLanguage":"es","@id":"https:\/\/wpguerssen-test.odoo.rgbconsulting.com\/es\/producto\/anadolu-dokturmeleri\/#primaryimage","url":"https:\/\/wpguerssen-test.odoo.rgbconsulting.com\/wp-content\/uploads\/2022\/03\/38222.jpg","contentUrl":"https:\/\/wpguerssen-test.odoo.rgbconsulting.com\/wp-content\/uploads\/2022\/03\/38222.jpg","width":723,"height":720,"caption":"Arif - Anadolu D\u00f6kt\u00fcrmeleri - T\u00dcRK\u00dcOLA (LP) | Guerssen"},{"@type":"BreadcrumbList","@id":"https:\/\/wpguerssen-test.odoo.rgbconsulting.com\/es\/producto\/anadolu-dokturmeleri\/#breadcrumb","itemListElement":[{"@type":"ListItem","position":1,"name":"Inicio","item":"https:\/\/wpguerssen-test.odoo.rgbconsulting.com\/es\/"},{"@type":"ListItem","position":2,"name":"Shop","item":"https:\/\/wpguerssen-test.odoo.rgbconsulting.com\/shop\/"},{"@type":"ListItem","position":3,"name":"Anadolu D\u00f6kt\u00fcrmeleri"}]},{"@type":"WebSite","@id":"https:\/\/wpguerssen-test.odoo.rgbconsulting.com\/es\/#website","url":"https:\/\/wpguerssen-test.odoo.rgbconsulting.com\/es\/","name":"Guerssen records","description":"psychedelia - progressive - folk - garage ","publisher":{"@id":"https:\/\/wpguerssen-test.odoo.rgbconsulting.com\/es\/#organization"},"potentialAction":[{"@type":"SearchAction","target":{"@type":"EntryPoint","urlTemplate":"https:\/\/wpguerssen-test.odoo.rgbconsulting.com\/es\/?s={search_term_string}"},"query-input":{"@type":"PropertyValueSpecification","valueRequired":true,"valueName":"search_term_string"}}],"inLanguage":"es"},{"@type":"Organization","@id":"https:\/\/wpguerssen-test.odoo.rgbconsulting.com\/es\/#organization","name":"Guerssen records","url":"https:\/\/wpguerssen-test.odoo.rgbconsulting.com\/es\/","logo":{"@type":"ImageObject","inLanguage":"es","@id":"https:\/\/wpguerssen-test.odoo.rgbconsulting.com\/es\/#\/schema\/logo\/image\/","url":"https:\/\/wpguerssen-test.odoo.rgbconsulting.com\/wp-content\/uploads\/2022\/04\/Logo_Guerssen_trans_100.png","contentUrl":"https:\/\/wpguerssen-test.odoo.rgbconsulting.com\/wp-content\/uploads\/2022\/04\/Logo_Guerssen_trans_100.png","width":122,"height":100,"caption":"Guerssen records"},"image":{"@id":"https:\/\/wpguerssen-test.odoo.rgbconsulting.com\/es\/#\/schema\/logo\/image\/"}}]}},"_links":{"self":[{"href":"https:\/\/wpguerssen-test.odoo.rgbconsulting.com\/es\/wp-json\/wp\/v2\/product\/208356","targetHints":{"allow":["GET"]}}],"collection":[{"href":"https:\/\/wpguerssen-test.odoo.rgbconsulting.com\/es\/wp-json\/wp\/v2\/product"}],"about":[{"href":"https:\/\/wpguerssen-test.odoo.rgbconsulting.com\/es\/wp-json\/wp\/v2\/types\/product"}],"wp:featuredmedia":[{"embeddable":true,"href":"https:\/\/wpguerssen-test.odoo.rgbconsulting.com\/es\/wp-json\/wp\/v2\/media\/128268"}],"wp:attachment":[{"href":"https:\/\/wpguerssen-test.odoo.rgbconsulting.com\/es\/wp-json\/wp\/v2\/media?parent=208356"}],"wp:term":[{"taxonomy":"product_brand","embeddable":true,"href":"https:\/\/wpguerssen-test.odoo.rgbconsulting.com\/es\/wp-json\/wp\/v2\/product_brand?post=208356"},{"taxonomy":"product_cat","embeddable":true,"href":"https:\/\/wpguerssen-test.odoo.rgbconsulting.com\/es\/wp-json\/wp\/v2\/product_cat?post=208356"},{"taxonomy":"product_tag","embeddable":true,"href":"https:\/\/wpguerssen-test.odoo.rgbconsulting.com\/es\/wp-json\/wp\/v2\/product_tag?post=208356"}],"curies":[{"name":"wp","href":"https:\/\/api.w.org\/{rel}","templated":true}]}}