{"id":208376,"date":"2021-05-20T00:00:00","date_gmt":"2021-05-19T22:00:00","guid":{"rendered":"http:\/\/guerssen.hl1097.dinaserver.com\/product\/agora-2-red-vinyl\/"},"modified":"2025-01-09T14:59:33","modified_gmt":"2025-01-09T13:59:33","slug":"agora-2-red-vinyl","status":"publish","type":"product","link":"https:\/\/wpguerssen-test.odoo.rgbconsulting.com\/es\/producto\/agora-2-red-vinyl\/","title":{"rendered":"Agor\u00e0 2 (red vinyl)"},"content":{"rendered":"<p>\u00danico \u00e1lbum de estudio, editado en 1976, por el grupo italiano de jazz-rock progresivo y uno de los cl\u00e1sicos del genero. Vinilo rojo.<\/p>\n","protected":false},"excerpt":{"rendered":"<p>\u00danico \u00e1lbum de estudio, editado en 1976, por el grupo italiano de jazz-rock progresivo y uno de los cl\u00e1sicos del genero. Vinilo rojo.<\/p>\n","protected":false},"featured_media":128318,"template":"","meta":{"_acf_changed":false},"product_brand":[],"product_cat":[21639,23229],"product_tag":[29140],"class_list":{"0":"post-208376","1":"product","2":"type-product","3":"status-publish","4":"has-post-thumbnail","6":"product_cat-psychedelic60s-70s-es","7":"product_cat-jazz-rock-es","8":"product_tag-color-vinyl-es","9":"pa_artist-agora-es","10":"pa_format-lp-es","11":"pa_gender-psychedelic60s-70s-jazz-rock","12":"pa_label-vinyl-magic","13":"pa_location-europe-es","14":"pa_other-filters-vinyl-only-es","16":"first","17":"instock","18":"taxable","19":"shipping-taxable","20":"purchasable","21":"product-type-simple"},"acf":[],"yoast_head":"<!-- This site is optimized with the Yoast SEO plugin v24.9 - https:\/\/yoast.com\/wordpress\/plugins\/seo\/ -->\n<title>AGOR\u00c1 - Agor\u00e0 2 (red vinyl) -  (LP) | Guerssen<\/title>\n<meta name=\"description\" content=\"After the moderate success of the debut album &quot;Live in Montreux&quot;, Agor\u00e0 published their first and only studio work in 1976. The possibilities offered by the recording studio seemed more congenial to their proposal, which turns out to be a deeply matured LP, technically flawless and with songs that still belong to the best Italian jazz-rock, with a more intense jazz component at the expense of the progressive one.Unfortunately, both &quot;Agora 2&quot; and the single &quot;Cavalcata Solare&quot; taken from this work were almost completely ignored, in a period in which the vast universe that revolves around the Italian progressive was slowly decaying.The Atlantic label, also due to a very poor familiarity with the Italian bands and scene, didn&#039;t renew Agor\u00e0&#039;s contract and the group disbanded after a final appearance at the Parco Lambro Festival in 1976, with their various members that dispersing in many other jazz bands, in some cases up to the present day.&quot;Agor\u00e0 2&quot; still sounds wonderfully today, and deserves a respectable place within a serious Italian progressive rock discography. The album is here reissued on LP for the first time ever, in a faithful reproduction of the original edition of &#039;76.\" \/>\n<meta name=\"robots\" content=\"index, follow, max-snippet:-1, max-image-preview:large, max-video-preview:-1\" \/>\n<link rel=\"canonical\" href=\"https:\/\/wpguerssen-test.odoo.rgbconsulting.com\/es\/producto\/agora-2-red-vinyl\/\" \/>\n<meta property=\"og:locale\" content=\"es_ES\" \/>\n<meta property=\"og:type\" content=\"article\" \/>\n<meta property=\"og:title\" content=\"AGOR\u00c1 - Agor\u00e0 2 (red vinyl) -  (LP) | Guerssen\" \/>\n<meta property=\"og:description\" content=\"After the moderate success of the debut album &quot;Live in Montreux&quot;, Agor\u00e0 published their first and only studio work in 1976. The possibilities offered by the recording studio seemed more congenial to their proposal, which turns out to be a deeply matured LP, technically flawless and with songs that still belong to the best Italian jazz-rock, with a more intense jazz component at the expense of the progressive one.Unfortunately, both &quot;Agora 2&quot; and the single &quot;Cavalcata Solare&quot; taken from this work were almost completely ignored, in a period in which the vast universe that revolves around the Italian progressive was slowly decaying.The Atlantic label, also due to a very poor familiarity with the Italian bands and scene, didn&#039;t renew Agor\u00e0&#039;s contract and the group disbanded after a final appearance at the Parco Lambro Festival in 1976, with their various members that dispersing in many other jazz bands, in some cases up to the present day.&quot;Agor\u00e0 2&quot; still sounds wonderfully today, and deserves a respectable place within a serious Italian progressive rock discography. The album is here reissued on LP for the first time ever, in a faithful reproduction of the original edition of &#039;76.\" \/>\n<meta property=\"og:url\" content=\"https:\/\/wpguerssen-test.odoo.rgbconsulting.com\/es\/producto\/agora-2-red-vinyl\/\" \/>\n<meta property=\"og:site_name\" content=\"Guerssen records\" \/>\n<meta property=\"article:modified_time\" content=\"2025-01-09T13:59:33+00:00\" \/>\n<meta property=\"og:image\" content=\"https:\/\/wpguerssen-test.odoo.rgbconsulting.com\/wp-content\/uploads\/2022\/03\/38258.jpg\" \/>\n\t<meta property=\"og:image:width\" content=\"650\" \/>\n\t<meta property=\"og:image:height\" content=\"650\" \/>\n\t<meta property=\"og:image:type\" content=\"image\/jpeg\" \/>\n<meta name=\"twitter:card\" content=\"summary_large_image\" \/>\n<meta name=\"twitter:title\" content=\"AGOR\u00c1 - Agor\u00e0 2 (red vinyl) -  (LP) | Guerssen\" \/>\n<script type=\"application\/ld+json\" class=\"yoast-schema-graph\">{\"@context\":\"https:\/\/schema.org\",\"@graph\":[{\"@type\":\"WebPage\",\"@id\":\"https:\/\/wpguerssen-test.odoo.rgbconsulting.com\/es\/producto\/agora-2-red-vinyl\/\",\"url\":\"https:\/\/wpguerssen-test.odoo.rgbconsulting.com\/es\/producto\/agora-2-red-vinyl\/\",\"name\":\"AGOR\u00c1 - Agor\u00e0 2 (red vinyl) - (LP) | Guerssen\",\"isPartOf\":{\"@id\":\"https:\/\/wpguerssen-test.odoo.rgbconsulting.com\/es\/#website\"},\"primaryImageOfPage\":{\"@id\":\"https:\/\/wpguerssen-test.odoo.rgbconsulting.com\/es\/producto\/agora-2-red-vinyl\/#primaryimage\"},\"image\":{\"@id\":\"https:\/\/wpguerssen-test.odoo.rgbconsulting.com\/es\/producto\/agora-2-red-vinyl\/#primaryimage\"},\"thumbnailUrl\":\"https:\/\/wpguerssen-test.odoo.rgbconsulting.com\/wp-content\/uploads\/2022\/03\/38258.jpg\",\"datePublished\":\"2021-05-19T22:00:00+00:00\",\"dateModified\":\"2025-01-09T13:59:33+00:00\",\"description\":\"After the moderate success of the debut album \\\"Live in Montreux\\\", Agor\u00e0 published their first and only studio work in 1976. The possibilities offered by the recording studio seemed more congenial to their proposal, which turns out to be a deeply matured LP, technically flawless and with songs that still belong to the best Italian jazz-rock, with a more intense jazz component at the expense of the progressive one.Unfortunately, both \\\"Agora 2\\\" and the single \\\"Cavalcata Solare\\\" taken from this work were almost completely ignored, in a period in which the vast universe that revolves around the Italian progressive was slowly decaying.The Atlantic label, also due to a very poor familiarity with the Italian bands and scene, didn't renew Agor\u00e0's contract and the group disbanded after a final appearance at the Parco Lambro Festival in 1976, with their various members that dispersing in many other jazz bands, in some cases up to the present day.\\\"Agor\u00e0 2\\\" still sounds wonderfully today, and deserves a respectable place within a serious Italian progressive rock discography. The album is here reissued on LP for the first time ever, in a faithful reproduction of the original edition of '76.\",\"breadcrumb\":{\"@id\":\"https:\/\/wpguerssen-test.odoo.rgbconsulting.com\/es\/producto\/agora-2-red-vinyl\/#breadcrumb\"},\"inLanguage\":\"es\",\"potentialAction\":[{\"@type\":\"ReadAction\",\"target\":[\"https:\/\/wpguerssen-test.odoo.rgbconsulting.com\/es\/producto\/agora-2-red-vinyl\/\"]}]},{\"@type\":\"ImageObject\",\"inLanguage\":\"es\",\"@id\":\"https:\/\/wpguerssen-test.odoo.rgbconsulting.com\/es\/producto\/agora-2-red-vinyl\/#primaryimage\",\"url\":\"https:\/\/wpguerssen-test.odoo.rgbconsulting.com\/wp-content\/uploads\/2022\/03\/38258.jpg\",\"contentUrl\":\"https:\/\/wpguerssen-test.odoo.rgbconsulting.com\/wp-content\/uploads\/2022\/03\/38258.jpg\",\"width\":650,\"height\":650,\"caption\":\"AGOR\u00c1 - Agor\u00e0 2 (red vinyl) - VINYL MAGIC (LP) | Guerssen\"},{\"@type\":\"BreadcrumbList\",\"@id\":\"https:\/\/wpguerssen-test.odoo.rgbconsulting.com\/es\/producto\/agora-2-red-vinyl\/#breadcrumb\",\"itemListElement\":[{\"@type\":\"ListItem\",\"position\":1,\"name\":\"Inicio\",\"item\":\"https:\/\/wpguerssen-test.odoo.rgbconsulting.com\/es\/\"},{\"@type\":\"ListItem\",\"position\":2,\"name\":\"Shop\",\"item\":\"https:\/\/wpguerssen-test.odoo.rgbconsulting.com\/shop\/\"},{\"@type\":\"ListItem\",\"position\":3,\"name\":\"Agor\u00e0 2 (red vinyl)\"}]},{\"@type\":\"WebSite\",\"@id\":\"https:\/\/wpguerssen-test.odoo.rgbconsulting.com\/es\/#website\",\"url\":\"https:\/\/wpguerssen-test.odoo.rgbconsulting.com\/es\/\",\"name\":\"Guerssen records\",\"description\":\"psychedelia - progressive - folk - garage \",\"publisher\":{\"@id\":\"https:\/\/wpguerssen-test.odoo.rgbconsulting.com\/es\/#organization\"},\"potentialAction\":[{\"@type\":\"SearchAction\",\"target\":{\"@type\":\"EntryPoint\",\"urlTemplate\":\"https:\/\/wpguerssen-test.odoo.rgbconsulting.com\/es\/?s={search_term_string}\"},\"query-input\":{\"@type\":\"PropertyValueSpecification\",\"valueRequired\":true,\"valueName\":\"search_term_string\"}}],\"inLanguage\":\"es\"},{\"@type\":\"Organization\",\"@id\":\"https:\/\/wpguerssen-test.odoo.rgbconsulting.com\/es\/#organization\",\"name\":\"Guerssen records\",\"url\":\"https:\/\/wpguerssen-test.odoo.rgbconsulting.com\/es\/\",\"logo\":{\"@type\":\"ImageObject\",\"inLanguage\":\"es\",\"@id\":\"https:\/\/wpguerssen-test.odoo.rgbconsulting.com\/es\/#\/schema\/logo\/image\/\",\"url\":\"https:\/\/wpguerssen-test.odoo.rgbconsulting.com\/wp-content\/uploads\/2022\/04\/Logo_Guerssen_trans_100.png\",\"contentUrl\":\"https:\/\/wpguerssen-test.odoo.rgbconsulting.com\/wp-content\/uploads\/2022\/04\/Logo_Guerssen_trans_100.png\",\"width\":122,\"height\":100,\"caption\":\"Guerssen records\"},\"image\":{\"@id\":\"https:\/\/wpguerssen-test.odoo.rgbconsulting.com\/es\/#\/schema\/logo\/image\/\"}}]}<\/script>\n<!-- \/ Yoast SEO plugin. -->","yoast_head_json":{"title":"AGOR\u00c1 - Agor\u00e0 2 (red vinyl) -  (LP) | Guerssen","description":"After the moderate success of the debut album \"Live in Montreux\", Agor\u00e0 published their first and only studio work in 1976. The possibilities offered by the recording studio seemed more congenial to their proposal, which turns out to be a deeply matured LP, technically flawless and with songs that still belong to the best Italian jazz-rock, with a more intense jazz component at the expense of the progressive one.Unfortunately, both \"Agora 2\" and the single \"Cavalcata Solare\" taken from this work were almost completely ignored, in a period in which the vast universe that revolves around the Italian progressive was slowly decaying.The Atlantic label, also due to a very poor familiarity with the Italian bands and scene, didn't renew Agor\u00e0's contract and the group disbanded after a final appearance at the Parco Lambro Festival in 1976, with their various members that dispersing in many other jazz bands, in some cases up to the present day.\"Agor\u00e0 2\" still sounds wonderfully today, and deserves a respectable place within a serious Italian progressive rock discography. The album is here reissued on LP for the first time ever, in a faithful reproduction of the original edition of '76.","robots":{"index":"index","follow":"follow","max-snippet":"max-snippet:-1","max-image-preview":"max-image-preview:large","max-video-preview":"max-video-preview:-1"},"canonical":"https:\/\/wpguerssen-test.odoo.rgbconsulting.com\/es\/producto\/agora-2-red-vinyl\/","og_locale":"es_ES","og_type":"article","og_title":"AGOR\u00c1 - Agor\u00e0 2 (red vinyl) -  (LP) | Guerssen","og_description":"After the moderate success of the debut album \"Live in Montreux\", Agor\u00e0 published their first and only studio work in 1976. The possibilities offered by the recording studio seemed more congenial to their proposal, which turns out to be a deeply matured LP, technically flawless and with songs that still belong to the best Italian jazz-rock, with a more intense jazz component at the expense of the progressive one.Unfortunately, both \"Agora 2\" and the single \"Cavalcata Solare\" taken from this work were almost completely ignored, in a period in which the vast universe that revolves around the Italian progressive was slowly decaying.The Atlantic label, also due to a very poor familiarity with the Italian bands and scene, didn't renew Agor\u00e0's contract and the group disbanded after a final appearance at the Parco Lambro Festival in 1976, with their various members that dispersing in many other jazz bands, in some cases up to the present day.\"Agor\u00e0 2\" still sounds wonderfully today, and deserves a respectable place within a serious Italian progressive rock discography. The album is here reissued on LP for the first time ever, in a faithful reproduction of the original edition of '76.","og_url":"https:\/\/wpguerssen-test.odoo.rgbconsulting.com\/es\/producto\/agora-2-red-vinyl\/","og_site_name":"Guerssen records","article_modified_time":"2025-01-09T13:59:33+00:00","og_image":[{"width":650,"height":650,"url":"https:\/\/wpguerssen-test.odoo.rgbconsulting.com\/wp-content\/uploads\/2022\/03\/38258.jpg","type":"image\/jpeg"}],"twitter_card":"summary_large_image","twitter_title":"AGOR\u00c1 - Agor\u00e0 2 (red vinyl) -  (LP) | Guerssen","schema":{"@context":"https:\/\/schema.org","@graph":[{"@type":"WebPage","@id":"https:\/\/wpguerssen-test.odoo.rgbconsulting.com\/es\/producto\/agora-2-red-vinyl\/","url":"https:\/\/wpguerssen-test.odoo.rgbconsulting.com\/es\/producto\/agora-2-red-vinyl\/","name":"AGOR\u00c1 - Agor\u00e0 2 (red vinyl) - (LP) | Guerssen","isPartOf":{"@id":"https:\/\/wpguerssen-test.odoo.rgbconsulting.com\/es\/#website"},"primaryImageOfPage":{"@id":"https:\/\/wpguerssen-test.odoo.rgbconsulting.com\/es\/producto\/agora-2-red-vinyl\/#primaryimage"},"image":{"@id":"https:\/\/wpguerssen-test.odoo.rgbconsulting.com\/es\/producto\/agora-2-red-vinyl\/#primaryimage"},"thumbnailUrl":"https:\/\/wpguerssen-test.odoo.rgbconsulting.com\/wp-content\/uploads\/2022\/03\/38258.jpg","datePublished":"2021-05-19T22:00:00+00:00","dateModified":"2025-01-09T13:59:33+00:00","description":"After the moderate success of the debut album \"Live in Montreux\", Agor\u00e0 published their first and only studio work in 1976. The possibilities offered by the recording studio seemed more congenial to their proposal, which turns out to be a deeply matured LP, technically flawless and with songs that still belong to the best Italian jazz-rock, with a more intense jazz component at the expense of the progressive one.Unfortunately, both \"Agora 2\" and the single \"Cavalcata Solare\" taken from this work were almost completely ignored, in a period in which the vast universe that revolves around the Italian progressive was slowly decaying.The Atlantic label, also due to a very poor familiarity with the Italian bands and scene, didn't renew Agor\u00e0's contract and the group disbanded after a final appearance at the Parco Lambro Festival in 1976, with their various members that dispersing in many other jazz bands, in some cases up to the present day.\"Agor\u00e0 2\" still sounds wonderfully today, and deserves a respectable place within a serious Italian progressive rock discography. The album is here reissued on LP for the first time ever, in a faithful reproduction of the original edition of '76.","breadcrumb":{"@id":"https:\/\/wpguerssen-test.odoo.rgbconsulting.com\/es\/producto\/agora-2-red-vinyl\/#breadcrumb"},"inLanguage":"es","potentialAction":[{"@type":"ReadAction","target":["https:\/\/wpguerssen-test.odoo.rgbconsulting.com\/es\/producto\/agora-2-red-vinyl\/"]}]},{"@type":"ImageObject","inLanguage":"es","@id":"https:\/\/wpguerssen-test.odoo.rgbconsulting.com\/es\/producto\/agora-2-red-vinyl\/#primaryimage","url":"https:\/\/wpguerssen-test.odoo.rgbconsulting.com\/wp-content\/uploads\/2022\/03\/38258.jpg","contentUrl":"https:\/\/wpguerssen-test.odoo.rgbconsulting.com\/wp-content\/uploads\/2022\/03\/38258.jpg","width":650,"height":650,"caption":"AGOR\u00c1 - Agor\u00e0 2 (red vinyl) - VINYL MAGIC (LP) | Guerssen"},{"@type":"BreadcrumbList","@id":"https:\/\/wpguerssen-test.odoo.rgbconsulting.com\/es\/producto\/agora-2-red-vinyl\/#breadcrumb","itemListElement":[{"@type":"ListItem","position":1,"name":"Inicio","item":"https:\/\/wpguerssen-test.odoo.rgbconsulting.com\/es\/"},{"@type":"ListItem","position":2,"name":"Shop","item":"https:\/\/wpguerssen-test.odoo.rgbconsulting.com\/shop\/"},{"@type":"ListItem","position":3,"name":"Agor\u00e0 2 (red vinyl)"}]},{"@type":"WebSite","@id":"https:\/\/wpguerssen-test.odoo.rgbconsulting.com\/es\/#website","url":"https:\/\/wpguerssen-test.odoo.rgbconsulting.com\/es\/","name":"Guerssen records","description":"psychedelia - progressive - folk - garage ","publisher":{"@id":"https:\/\/wpguerssen-test.odoo.rgbconsulting.com\/es\/#organization"},"potentialAction":[{"@type":"SearchAction","target":{"@type":"EntryPoint","urlTemplate":"https:\/\/wpguerssen-test.odoo.rgbconsulting.com\/es\/?s={search_term_string}"},"query-input":{"@type":"PropertyValueSpecification","valueRequired":true,"valueName":"search_term_string"}}],"inLanguage":"es"},{"@type":"Organization","@id":"https:\/\/wpguerssen-test.odoo.rgbconsulting.com\/es\/#organization","name":"Guerssen records","url":"https:\/\/wpguerssen-test.odoo.rgbconsulting.com\/es\/","logo":{"@type":"ImageObject","inLanguage":"es","@id":"https:\/\/wpguerssen-test.odoo.rgbconsulting.com\/es\/#\/schema\/logo\/image\/","url":"https:\/\/wpguerssen-test.odoo.rgbconsulting.com\/wp-content\/uploads\/2022\/04\/Logo_Guerssen_trans_100.png","contentUrl":"https:\/\/wpguerssen-test.odoo.rgbconsulting.com\/wp-content\/uploads\/2022\/04\/Logo_Guerssen_trans_100.png","width":122,"height":100,"caption":"Guerssen records"},"image":{"@id":"https:\/\/wpguerssen-test.odoo.rgbconsulting.com\/es\/#\/schema\/logo\/image\/"}}]}},"_links":{"self":[{"href":"https:\/\/wpguerssen-test.odoo.rgbconsulting.com\/es\/wp-json\/wp\/v2\/product\/208376","targetHints":{"allow":["GET"]}}],"collection":[{"href":"https:\/\/wpguerssen-test.odoo.rgbconsulting.com\/es\/wp-json\/wp\/v2\/product"}],"about":[{"href":"https:\/\/wpguerssen-test.odoo.rgbconsulting.com\/es\/wp-json\/wp\/v2\/types\/product"}],"wp:featuredmedia":[{"embeddable":true,"href":"https:\/\/wpguerssen-test.odoo.rgbconsulting.com\/es\/wp-json\/wp\/v2\/media\/128318"}],"wp:attachment":[{"href":"https:\/\/wpguerssen-test.odoo.rgbconsulting.com\/es\/wp-json\/wp\/v2\/media?parent=208376"}],"wp:term":[{"taxonomy":"product_brand","embeddable":true,"href":"https:\/\/wpguerssen-test.odoo.rgbconsulting.com\/es\/wp-json\/wp\/v2\/product_brand?post=208376"},{"taxonomy":"product_cat","embeddable":true,"href":"https:\/\/wpguerssen-test.odoo.rgbconsulting.com\/es\/wp-json\/wp\/v2\/product_cat?post=208376"},{"taxonomy":"product_tag","embeddable":true,"href":"https:\/\/wpguerssen-test.odoo.rgbconsulting.com\/es\/wp-json\/wp\/v2\/product_tag?post=208376"}],"curies":[{"name":"wp","href":"https:\/\/api.w.org\/{rel}","templated":true}]}}