{"id":208478,"date":"2021-07-21T00:00:00","date_gmt":"2021-07-20T22:00:00","guid":{"rendered":"http:\/\/guerssen.hl1097.dinaserver.com\/product\/gg-session\/"},"modified":"2025-03-26T16:39:22","modified_gmt":"2025-03-26T15:39:22","slug":"gg-session","status":"publish","type":"product","link":"https:\/\/wpguerssen-test.odoo.rgbconsulting.com\/es\/producto\/gg-session\/","title":{"rendered":"GG Session"},"content":{"rendered":"<p>Pr\u00e1cticamente imposible de conseguir segundo \u00e1lbum de los pioneros del beat chileno, Los Mac&#8217;s. Grabado bajo la influencia de la British Invasion, este \u00e1lbum incluye versiones de \u00e9xitos de los Rolling Stones, Dylan, The Hollies&#8230; y el soberbio tema original &#8216;Qu\u00e9 clase de sentimiento&#8217;. Primera reedici\u00f3n en Vinilo.<\/p>\n","protected":false},"excerpt":{"rendered":"<p>Pr\u00e1cticamente imposible de conseguir segundo \u00e1lbum de los pioneros del beat chileno, Los Mac&#8217;s. Grabado bajo la influencia de la British Invasion, este \u00e1lbum<a class=\"read\" href=\"https:\/\/wpguerssen-test.odoo.rgbconsulting.com\/es\/producto\/gg-session\/\"> (...)<\/a>","protected":false},"featured_media":128484,"template":"","meta":{"_acf_changed":false},"product_brand":[],"product_cat":[23281],"product_tag":[24190],"class_list":{"0":"post-208478","1":"product","2":"type-product","3":"status-publish","4":"has-post-thumbnail","6":"product_cat-garagebeatrnb60-70-es","7":"product_tag-sales-es","8":"pa_artist-macs-los","9":"pa_format-lp-es","10":"pa_gender-garage-beat-rnb60-70-garagebeatrnb60-70","11":"pa_label-munster-es","12":"pa_location-south-america-caribbean-es","13":"pa_other-filters-vinyl-only-es","15":"first","16":"instock","17":"taxable","18":"shipping-taxable","19":"purchasable","20":"product-type-simple"},"acf":[],"yoast_head":"<!-- This site is optimized with the Yoast SEO plugin v24.9 - https:\/\/yoast.com\/wordpress\/plugins\/seo\/ -->\n<title>MAC&#039;S, Los - GG Session -  (LP) | Guerssen<\/title>\n<meta name=\"description\" content=\"Impossible rare second album by Chilean beat pioneers The Mac&#039;s, recorded in 1967 under the influence of the British Invasion sound, including covers of the Rolling Stones, Dylan, the Hollies. and the outstanding original &quot;Qu\u00e9 Clase de Sentimiento&quot;. First time vinyl reissue. #nl# TRACKLIST Side A 1. IF I NEED SOMEONE 2. WHAT DO OU WANT WITH ME 3. RED DUBBER BALL 4. DON&#039;T LET ME BE MISSUNDERSTOOD 5. LADY JANE 6. BUS STOP Side B 1. SHE&#039;S JUST MY STYILE 2. MR TAMBOURINE MAN 3. GUIDE ME TO YOUR LIFE 4. IM A BELIEVER 5. WHAT KIND OF FEELING 6. THE WANDERER\" \/>\n<meta name=\"robots\" content=\"index, follow, max-snippet:-1, max-image-preview:large, max-video-preview:-1\" \/>\n<link rel=\"canonical\" href=\"https:\/\/wpguerssen-test.odoo.rgbconsulting.com\/es\/producto\/gg-session\/\" \/>\n<meta property=\"og:locale\" content=\"es_ES\" \/>\n<meta property=\"og:type\" content=\"article\" \/>\n<meta property=\"og:title\" content=\"MAC&#039;S, Los - GG Session -  (LP) | Guerssen\" \/>\n<meta property=\"og:description\" content=\"Impossible rare second album by Chilean beat pioneers The Mac&#039;s, recorded in 1967 under the influence of the British Invasion sound, including covers of the Rolling Stones, Dylan, the Hollies. and the outstanding original &quot;Qu\u00e9 Clase de Sentimiento&quot;. First time vinyl reissue. #nl# TRACKLIST Side A 1. IF I NEED SOMEONE 2. WHAT DO OU WANT WITH ME 3. RED DUBBER BALL 4. DON&#039;T LET ME BE MISSUNDERSTOOD 5. LADY JANE 6. BUS STOP Side B 1. SHE&#039;S JUST MY STYILE 2. MR TAMBOURINE MAN 3. GUIDE ME TO YOUR LIFE 4. IM A BELIEVER 5. WHAT KIND OF FEELING 6. THE WANDERER\" \/>\n<meta property=\"og:url\" content=\"https:\/\/wpguerssen-test.odoo.rgbconsulting.com\/es\/producto\/gg-session\/\" \/>\n<meta property=\"og:site_name\" content=\"Guerssen records\" \/>\n<meta property=\"article:modified_time\" content=\"2025-03-26T15:39:22+00:00\" \/>\n<meta property=\"og:image\" content=\"https:\/\/wpguerssen-test.odoo.rgbconsulting.com\/wp-content\/uploads\/2022\/03\/38420.jpg\" \/>\n\t<meta property=\"og:image:width\" content=\"700\" \/>\n\t<meta property=\"og:image:height\" content=\"700\" \/>\n\t<meta property=\"og:image:type\" content=\"image\/jpeg\" \/>\n<meta name=\"twitter:card\" content=\"summary_large_image\" \/>\n<meta name=\"twitter:title\" content=\"MAC&#039;S, Los - GG Session -  (LP) | Guerssen\" \/>\n<script type=\"application\/ld+json\" class=\"yoast-schema-graph\">{\"@context\":\"https:\/\/schema.org\",\"@graph\":[{\"@type\":\"WebPage\",\"@id\":\"https:\/\/wpguerssen-test.odoo.rgbconsulting.com\/es\/producto\/gg-session\/\",\"url\":\"https:\/\/wpguerssen-test.odoo.rgbconsulting.com\/es\/producto\/gg-session\/\",\"name\":\"MAC'S, Los - GG Session - (LP) | Guerssen\",\"isPartOf\":{\"@id\":\"https:\/\/wpguerssen-test.odoo.rgbconsulting.com\/es\/#website\"},\"primaryImageOfPage\":{\"@id\":\"https:\/\/wpguerssen-test.odoo.rgbconsulting.com\/es\/producto\/gg-session\/#primaryimage\"},\"image\":{\"@id\":\"https:\/\/wpguerssen-test.odoo.rgbconsulting.com\/es\/producto\/gg-session\/#primaryimage\"},\"thumbnailUrl\":\"https:\/\/wpguerssen-test.odoo.rgbconsulting.com\/wp-content\/uploads\/2022\/03\/38420.jpg\",\"datePublished\":\"2021-07-20T22:00:00+00:00\",\"dateModified\":\"2025-03-26T15:39:22+00:00\",\"description\":\"Impossible rare second album by Chilean beat pioneers The Mac's, recorded in 1967 under the influence of the British Invasion sound, including covers of the Rolling Stones, Dylan, the Hollies. and the outstanding original \\\"Qu\u00e9 Clase de Sentimiento\\\". First time vinyl reissue. #nl# TRACKLIST Side A 1. IF I NEED SOMEONE 2. WHAT DO OU WANT WITH ME 3. RED DUBBER BALL 4. DON'T LET ME BE MISSUNDERSTOOD 5. LADY JANE 6. BUS STOP Side B 1. SHE'S JUST MY STYILE 2. MR TAMBOURINE MAN 3. GUIDE ME TO YOUR LIFE 4. IM A BELIEVER 5. WHAT KIND OF FEELING 6. THE WANDERER\",\"breadcrumb\":{\"@id\":\"https:\/\/wpguerssen-test.odoo.rgbconsulting.com\/es\/producto\/gg-session\/#breadcrumb\"},\"inLanguage\":\"es\",\"potentialAction\":[{\"@type\":\"ReadAction\",\"target\":[\"https:\/\/wpguerssen-test.odoo.rgbconsulting.com\/es\/producto\/gg-session\/\"]}]},{\"@type\":\"ImageObject\",\"inLanguage\":\"es\",\"@id\":\"https:\/\/wpguerssen-test.odoo.rgbconsulting.com\/es\/producto\/gg-session\/#primaryimage\",\"url\":\"https:\/\/wpguerssen-test.odoo.rgbconsulting.com\/wp-content\/uploads\/2022\/03\/38420.jpg\",\"contentUrl\":\"https:\/\/wpguerssen-test.odoo.rgbconsulting.com\/wp-content\/uploads\/2022\/03\/38420.jpg\",\"width\":700,\"height\":700,\"caption\":\"Los - GG Session - MUNSTER (LP) | Guerssen\"},{\"@type\":\"BreadcrumbList\",\"@id\":\"https:\/\/wpguerssen-test.odoo.rgbconsulting.com\/es\/producto\/gg-session\/#breadcrumb\",\"itemListElement\":[{\"@type\":\"ListItem\",\"position\":1,\"name\":\"Inicio\",\"item\":\"https:\/\/wpguerssen-test.odoo.rgbconsulting.com\/es\/\"},{\"@type\":\"ListItem\",\"position\":2,\"name\":\"Shop\",\"item\":\"https:\/\/wpguerssen-test.odoo.rgbconsulting.com\/shop\/\"},{\"@type\":\"ListItem\",\"position\":3,\"name\":\"GG Session\"}]},{\"@type\":\"WebSite\",\"@id\":\"https:\/\/wpguerssen-test.odoo.rgbconsulting.com\/es\/#website\",\"url\":\"https:\/\/wpguerssen-test.odoo.rgbconsulting.com\/es\/\",\"name\":\"Guerssen records\",\"description\":\"psychedelia - progressive - folk - garage \",\"publisher\":{\"@id\":\"https:\/\/wpguerssen-test.odoo.rgbconsulting.com\/es\/#organization\"},\"potentialAction\":[{\"@type\":\"SearchAction\",\"target\":{\"@type\":\"EntryPoint\",\"urlTemplate\":\"https:\/\/wpguerssen-test.odoo.rgbconsulting.com\/es\/?s={search_term_string}\"},\"query-input\":{\"@type\":\"PropertyValueSpecification\",\"valueRequired\":true,\"valueName\":\"search_term_string\"}}],\"inLanguage\":\"es\"},{\"@type\":\"Organization\",\"@id\":\"https:\/\/wpguerssen-test.odoo.rgbconsulting.com\/es\/#organization\",\"name\":\"Guerssen records\",\"url\":\"https:\/\/wpguerssen-test.odoo.rgbconsulting.com\/es\/\",\"logo\":{\"@type\":\"ImageObject\",\"inLanguage\":\"es\",\"@id\":\"https:\/\/wpguerssen-test.odoo.rgbconsulting.com\/es\/#\/schema\/logo\/image\/\",\"url\":\"https:\/\/wpguerssen-test.odoo.rgbconsulting.com\/wp-content\/uploads\/2022\/04\/Logo_Guerssen_trans_100.png\",\"contentUrl\":\"https:\/\/wpguerssen-test.odoo.rgbconsulting.com\/wp-content\/uploads\/2022\/04\/Logo_Guerssen_trans_100.png\",\"width\":122,\"height\":100,\"caption\":\"Guerssen records\"},\"image\":{\"@id\":\"https:\/\/wpguerssen-test.odoo.rgbconsulting.com\/es\/#\/schema\/logo\/image\/\"}}]}<\/script>\n<!-- \/ Yoast SEO plugin. -->","yoast_head_json":{"title":"MAC'S, Los - GG Session -  (LP) | Guerssen","description":"Impossible rare second album by Chilean beat pioneers The Mac's, recorded in 1967 under the influence of the British Invasion sound, including covers of the Rolling Stones, Dylan, the Hollies. and the outstanding original \"Qu\u00e9 Clase de Sentimiento\". First time vinyl reissue. #nl# TRACKLIST Side A 1. IF I NEED SOMEONE 2. WHAT DO OU WANT WITH ME 3. RED DUBBER BALL 4. DON'T LET ME BE MISSUNDERSTOOD 5. LADY JANE 6. BUS STOP Side B 1. SHE'S JUST MY STYILE 2. MR TAMBOURINE MAN 3. GUIDE ME TO YOUR LIFE 4. IM A BELIEVER 5. WHAT KIND OF FEELING 6. THE WANDERER","robots":{"index":"index","follow":"follow","max-snippet":"max-snippet:-1","max-image-preview":"max-image-preview:large","max-video-preview":"max-video-preview:-1"},"canonical":"https:\/\/wpguerssen-test.odoo.rgbconsulting.com\/es\/producto\/gg-session\/","og_locale":"es_ES","og_type":"article","og_title":"MAC'S, Los - GG Session -  (LP) | Guerssen","og_description":"Impossible rare second album by Chilean beat pioneers The Mac's, recorded in 1967 under the influence of the British Invasion sound, including covers of the Rolling Stones, Dylan, the Hollies. and the outstanding original \"Qu\u00e9 Clase de Sentimiento\". First time vinyl reissue. #nl# TRACKLIST Side A 1. IF I NEED SOMEONE 2. WHAT DO OU WANT WITH ME 3. RED DUBBER BALL 4. DON'T LET ME BE MISSUNDERSTOOD 5. LADY JANE 6. BUS STOP Side B 1. SHE'S JUST MY STYILE 2. MR TAMBOURINE MAN 3. GUIDE ME TO YOUR LIFE 4. IM A BELIEVER 5. WHAT KIND OF FEELING 6. THE WANDERER","og_url":"https:\/\/wpguerssen-test.odoo.rgbconsulting.com\/es\/producto\/gg-session\/","og_site_name":"Guerssen records","article_modified_time":"2025-03-26T15:39:22+00:00","og_image":[{"width":700,"height":700,"url":"https:\/\/wpguerssen-test.odoo.rgbconsulting.com\/wp-content\/uploads\/2022\/03\/38420.jpg","type":"image\/jpeg"}],"twitter_card":"summary_large_image","twitter_title":"MAC'S, Los - GG Session -  (LP) | Guerssen","schema":{"@context":"https:\/\/schema.org","@graph":[{"@type":"WebPage","@id":"https:\/\/wpguerssen-test.odoo.rgbconsulting.com\/es\/producto\/gg-session\/","url":"https:\/\/wpguerssen-test.odoo.rgbconsulting.com\/es\/producto\/gg-session\/","name":"MAC'S, Los - GG Session - (LP) | Guerssen","isPartOf":{"@id":"https:\/\/wpguerssen-test.odoo.rgbconsulting.com\/es\/#website"},"primaryImageOfPage":{"@id":"https:\/\/wpguerssen-test.odoo.rgbconsulting.com\/es\/producto\/gg-session\/#primaryimage"},"image":{"@id":"https:\/\/wpguerssen-test.odoo.rgbconsulting.com\/es\/producto\/gg-session\/#primaryimage"},"thumbnailUrl":"https:\/\/wpguerssen-test.odoo.rgbconsulting.com\/wp-content\/uploads\/2022\/03\/38420.jpg","datePublished":"2021-07-20T22:00:00+00:00","dateModified":"2025-03-26T15:39:22+00:00","description":"Impossible rare second album by Chilean beat pioneers The Mac's, recorded in 1967 under the influence of the British Invasion sound, including covers of the Rolling Stones, Dylan, the Hollies. and the outstanding original \"Qu\u00e9 Clase de Sentimiento\". First time vinyl reissue. #nl# TRACKLIST Side A 1. IF I NEED SOMEONE 2. WHAT DO OU WANT WITH ME 3. RED DUBBER BALL 4. DON'T LET ME BE MISSUNDERSTOOD 5. LADY JANE 6. BUS STOP Side B 1. SHE'S JUST MY STYILE 2. MR TAMBOURINE MAN 3. GUIDE ME TO YOUR LIFE 4. IM A BELIEVER 5. WHAT KIND OF FEELING 6. THE WANDERER","breadcrumb":{"@id":"https:\/\/wpguerssen-test.odoo.rgbconsulting.com\/es\/producto\/gg-session\/#breadcrumb"},"inLanguage":"es","potentialAction":[{"@type":"ReadAction","target":["https:\/\/wpguerssen-test.odoo.rgbconsulting.com\/es\/producto\/gg-session\/"]}]},{"@type":"ImageObject","inLanguage":"es","@id":"https:\/\/wpguerssen-test.odoo.rgbconsulting.com\/es\/producto\/gg-session\/#primaryimage","url":"https:\/\/wpguerssen-test.odoo.rgbconsulting.com\/wp-content\/uploads\/2022\/03\/38420.jpg","contentUrl":"https:\/\/wpguerssen-test.odoo.rgbconsulting.com\/wp-content\/uploads\/2022\/03\/38420.jpg","width":700,"height":700,"caption":"Los - GG Session - MUNSTER (LP) | Guerssen"},{"@type":"BreadcrumbList","@id":"https:\/\/wpguerssen-test.odoo.rgbconsulting.com\/es\/producto\/gg-session\/#breadcrumb","itemListElement":[{"@type":"ListItem","position":1,"name":"Inicio","item":"https:\/\/wpguerssen-test.odoo.rgbconsulting.com\/es\/"},{"@type":"ListItem","position":2,"name":"Shop","item":"https:\/\/wpguerssen-test.odoo.rgbconsulting.com\/shop\/"},{"@type":"ListItem","position":3,"name":"GG Session"}]},{"@type":"WebSite","@id":"https:\/\/wpguerssen-test.odoo.rgbconsulting.com\/es\/#website","url":"https:\/\/wpguerssen-test.odoo.rgbconsulting.com\/es\/","name":"Guerssen records","description":"psychedelia - progressive - folk - garage ","publisher":{"@id":"https:\/\/wpguerssen-test.odoo.rgbconsulting.com\/es\/#organization"},"potentialAction":[{"@type":"SearchAction","target":{"@type":"EntryPoint","urlTemplate":"https:\/\/wpguerssen-test.odoo.rgbconsulting.com\/es\/?s={search_term_string}"},"query-input":{"@type":"PropertyValueSpecification","valueRequired":true,"valueName":"search_term_string"}}],"inLanguage":"es"},{"@type":"Organization","@id":"https:\/\/wpguerssen-test.odoo.rgbconsulting.com\/es\/#organization","name":"Guerssen records","url":"https:\/\/wpguerssen-test.odoo.rgbconsulting.com\/es\/","logo":{"@type":"ImageObject","inLanguage":"es","@id":"https:\/\/wpguerssen-test.odoo.rgbconsulting.com\/es\/#\/schema\/logo\/image\/","url":"https:\/\/wpguerssen-test.odoo.rgbconsulting.com\/wp-content\/uploads\/2022\/04\/Logo_Guerssen_trans_100.png","contentUrl":"https:\/\/wpguerssen-test.odoo.rgbconsulting.com\/wp-content\/uploads\/2022\/04\/Logo_Guerssen_trans_100.png","width":122,"height":100,"caption":"Guerssen records"},"image":{"@id":"https:\/\/wpguerssen-test.odoo.rgbconsulting.com\/es\/#\/schema\/logo\/image\/"}}]}},"_links":{"self":[{"href":"https:\/\/wpguerssen-test.odoo.rgbconsulting.com\/es\/wp-json\/wp\/v2\/product\/208478","targetHints":{"allow":["GET"]}}],"collection":[{"href":"https:\/\/wpguerssen-test.odoo.rgbconsulting.com\/es\/wp-json\/wp\/v2\/product"}],"about":[{"href":"https:\/\/wpguerssen-test.odoo.rgbconsulting.com\/es\/wp-json\/wp\/v2\/types\/product"}],"wp:featuredmedia":[{"embeddable":true,"href":"https:\/\/wpguerssen-test.odoo.rgbconsulting.com\/es\/wp-json\/wp\/v2\/media\/128484"}],"wp:attachment":[{"href":"https:\/\/wpguerssen-test.odoo.rgbconsulting.com\/es\/wp-json\/wp\/v2\/media?parent=208478"}],"wp:term":[{"taxonomy":"product_brand","embeddable":true,"href":"https:\/\/wpguerssen-test.odoo.rgbconsulting.com\/es\/wp-json\/wp\/v2\/product_brand?post=208478"},{"taxonomy":"product_cat","embeddable":true,"href":"https:\/\/wpguerssen-test.odoo.rgbconsulting.com\/es\/wp-json\/wp\/v2\/product_cat?post=208478"},{"taxonomy":"product_tag","embeddable":true,"href":"https:\/\/wpguerssen-test.odoo.rgbconsulting.com\/es\/wp-json\/wp\/v2\/product_tag?post=208478"}],"curies":[{"name":"wp","href":"https:\/\/api.w.org\/{rel}","templated":true}]}}