{"id":208557,"date":"2025-04-01T00:00:00","date_gmt":"2025-03-31T22:00:00","guid":{"rendered":"http:\/\/guerssen.hl1097.dinaserver.com\/product\/this-is-the-modern-world\/"},"modified":"2025-04-04T12:27:29","modified_gmt":"2025-04-04T10:27:29","slug":"this-is-the-modern-world","status":"publish","type":"product","link":"https:\/\/wpguerssen-test.odoo.rgbconsulting.com\/es\/producto\/this-is-the-modern-world\/","title":{"rendered":"This Is The Modern World"},"content":{"rendered":"<p>Este es el segundo \u00e1lbum de The Jam, lanzado originalmente en 1977 justo despu\u00e9s de su debut. El \u00e1lbum ciertamente tiene un par de \u00e9xitos, \u00abLife From A Window\u00bb y \u00abThe Modern World\u00bb, y seguro que tambi\u00e9n es interesante como parte de la historia por su contenido l\u00edrico: una instant\u00e1nea de un d\u00eda en la vida del decadente Imperio Brit\u00e1nico durante finales de la d\u00e9cada de 1970. Incluye ocho bonus tracks de las sesiones de la BBC.<\/p>\n","protected":false},"excerpt":{"rendered":"<p>Este es el segundo \u00e1lbum de The Jam, lanzado originalmente en 1977 justo despu\u00e9s de su debut. El \u00e1lbum ciertamente tiene un par de \u00e9xitos, \u00abLife From A Window\u00bb<a class=\"read\" href=\"https:\/\/wpguerssen-test.odoo.rgbconsulting.com\/es\/producto\/this-is-the-modern-world\/\"> (...)<\/a>","protected":false},"featured_media":244299,"template":"","meta":{"_acf_changed":false},"product_brand":[],"product_cat":[23281,21650],"product_tag":[24185],"class_list":{"0":"post-208557","1":"product","2":"type-product","3":"status-publish","4":"has-post-thumbnail","6":"product_cat-garagebeatrnb60-70-es","7":"product_cat-punk-es","8":"product_tag-de-nuevo-en-existencia","9":"pa_artist-jam-the-es-2","10":"pa_format-lp-es","11":"pa_gender-punk-garagebeatrnb60-70","12":"pa_label-vinyl-lovers","13":"pa_location-uk-ireland-es","14":"pa_other-filters-vinyl-only-es","16":"first","17":"instock","18":"taxable","19":"shipping-taxable","20":"purchasable","21":"product-type-simple"},"acf":[],"yoast_head":"<!-- This site is optimized with the Yoast SEO plugin v24.9 - https:\/\/yoast.com\/wordpress\/plugins\/seo\/ -->\n<title>JAM, The - This Is The Modern World -  (LP) | Guerssen<\/title>\n<meta name=\"description\" content=\"Vinyl Lovers present a reissue of The Jam&#039;s second album This Is The Modern World, originally released in 1977 just after their debut record. Despite generally bad reviews from critics at the time, the album does have its shining moments (&quot;Life From A Window&quot; and &quot;The Modern World&quot;, for example). But it is also interesting as a piece of history for its lyrical content, which, as the album&#039;s title promised, is a snapshot of a day in the life of the declining British Empire during the late 1970s. Includes eight bonus tracks from the BBC sessions.\" \/>\n<meta name=\"robots\" content=\"index, follow, max-snippet:-1, max-image-preview:large, max-video-preview:-1\" \/>\n<link rel=\"canonical\" href=\"https:\/\/wpguerssen-test.odoo.rgbconsulting.com\/es\/producto\/this-is-the-modern-world\/\" \/>\n<meta property=\"og:locale\" content=\"es_ES\" \/>\n<meta property=\"og:type\" content=\"article\" \/>\n<meta property=\"og:title\" content=\"JAM, The - This Is The Modern World -  (LP) | Guerssen\" \/>\n<meta property=\"og:description\" content=\"Vinyl Lovers present a reissue of The Jam&#039;s second album This Is The Modern World, originally released in 1977 just after their debut record. Despite generally bad reviews from critics at the time, the album does have its shining moments (&quot;Life From A Window&quot; and &quot;The Modern World&quot;, for example). But it is also interesting as a piece of history for its lyrical content, which, as the album&#039;s title promised, is a snapshot of a day in the life of the declining British Empire during the late 1970s. Includes eight bonus tracks from the BBC sessions.\" \/>\n<meta property=\"og:url\" content=\"https:\/\/wpguerssen-test.odoo.rgbconsulting.com\/es\/producto\/this-is-the-modern-world\/\" \/>\n<meta property=\"og:site_name\" content=\"Guerssen records\" \/>\n<meta property=\"article:modified_time\" content=\"2025-04-04T10:27:29+00:00\" \/>\n<meta property=\"og:image\" content=\"https:\/\/wpguerssen-test.odoo.rgbconsulting.com\/wp-content\/uploads\/2023\/10\/38539.jpg\" \/>\n\t<meta property=\"og:image:width\" content=\"600\" \/>\n\t<meta property=\"og:image:height\" content=\"600\" \/>\n\t<meta property=\"og:image:type\" content=\"image\/jpeg\" \/>\n<meta name=\"twitter:card\" content=\"summary_large_image\" \/>\n<meta name=\"twitter:title\" content=\"JAM, The - This Is The Modern World -  (LP) | Guerssen\" \/>\n<script type=\"application\/ld+json\" class=\"yoast-schema-graph\">{\"@context\":\"https:\/\/schema.org\",\"@graph\":[{\"@type\":\"WebPage\",\"@id\":\"https:\/\/wpguerssen-test.odoo.rgbconsulting.com\/es\/producto\/this-is-the-modern-world\/\",\"url\":\"https:\/\/wpguerssen-test.odoo.rgbconsulting.com\/es\/producto\/this-is-the-modern-world\/\",\"name\":\"JAM, The - This Is The Modern World - (LP) | Guerssen\",\"isPartOf\":{\"@id\":\"https:\/\/wpguerssen-test.odoo.rgbconsulting.com\/es\/#website\"},\"primaryImageOfPage\":{\"@id\":\"https:\/\/wpguerssen-test.odoo.rgbconsulting.com\/es\/producto\/this-is-the-modern-world\/#primaryimage\"},\"image\":{\"@id\":\"https:\/\/wpguerssen-test.odoo.rgbconsulting.com\/es\/producto\/this-is-the-modern-world\/#primaryimage\"},\"thumbnailUrl\":\"https:\/\/wpguerssen-test.odoo.rgbconsulting.com\/wp-content\/uploads\/2023\/10\/38539.jpg\",\"datePublished\":\"2025-03-31T22:00:00+00:00\",\"dateModified\":\"2025-04-04T10:27:29+00:00\",\"description\":\"Vinyl Lovers present a reissue of The Jam's second album This Is The Modern World, originally released in 1977 just after their debut record. Despite generally bad reviews from critics at the time, the album does have its shining moments (\\\"Life From A Window\\\" and \\\"The Modern World\\\", for example). But it is also interesting as a piece of history for its lyrical content, which, as the album's title promised, is a snapshot of a day in the life of the declining British Empire during the late 1970s. Includes eight bonus tracks from the BBC sessions.\",\"breadcrumb\":{\"@id\":\"https:\/\/wpguerssen-test.odoo.rgbconsulting.com\/es\/producto\/this-is-the-modern-world\/#breadcrumb\"},\"inLanguage\":\"es\",\"potentialAction\":[{\"@type\":\"ReadAction\",\"target\":[\"https:\/\/wpguerssen-test.odoo.rgbconsulting.com\/es\/producto\/this-is-the-modern-world\/\"]}]},{\"@type\":\"ImageObject\",\"inLanguage\":\"es\",\"@id\":\"https:\/\/wpguerssen-test.odoo.rgbconsulting.com\/es\/producto\/this-is-the-modern-world\/#primaryimage\",\"url\":\"https:\/\/wpguerssen-test.odoo.rgbconsulting.com\/wp-content\/uploads\/2023\/10\/38539.jpg\",\"contentUrl\":\"https:\/\/wpguerssen-test.odoo.rgbconsulting.com\/wp-content\/uploads\/2023\/10\/38539.jpg\",\"width\":600,\"height\":600,\"caption\":\"The - This Is The Modern World - VINYL LOVERS (LP) | Guerssen\"},{\"@type\":\"BreadcrumbList\",\"@id\":\"https:\/\/wpguerssen-test.odoo.rgbconsulting.com\/es\/producto\/this-is-the-modern-world\/#breadcrumb\",\"itemListElement\":[{\"@type\":\"ListItem\",\"position\":1,\"name\":\"Inicio\",\"item\":\"https:\/\/wpguerssen-test.odoo.rgbconsulting.com\/es\/\"},{\"@type\":\"ListItem\",\"position\":2,\"name\":\"Shop\",\"item\":\"https:\/\/wpguerssen-test.odoo.rgbconsulting.com\/shop\/\"},{\"@type\":\"ListItem\",\"position\":3,\"name\":\"This Is The Modern World\"}]},{\"@type\":\"WebSite\",\"@id\":\"https:\/\/wpguerssen-test.odoo.rgbconsulting.com\/es\/#website\",\"url\":\"https:\/\/wpguerssen-test.odoo.rgbconsulting.com\/es\/\",\"name\":\"Guerssen records\",\"description\":\"psychedelia - progressive - folk - garage \",\"publisher\":{\"@id\":\"https:\/\/wpguerssen-test.odoo.rgbconsulting.com\/es\/#organization\"},\"potentialAction\":[{\"@type\":\"SearchAction\",\"target\":{\"@type\":\"EntryPoint\",\"urlTemplate\":\"https:\/\/wpguerssen-test.odoo.rgbconsulting.com\/es\/?s={search_term_string}\"},\"query-input\":{\"@type\":\"PropertyValueSpecification\",\"valueRequired\":true,\"valueName\":\"search_term_string\"}}],\"inLanguage\":\"es\"},{\"@type\":\"Organization\",\"@id\":\"https:\/\/wpguerssen-test.odoo.rgbconsulting.com\/es\/#organization\",\"name\":\"Guerssen records\",\"url\":\"https:\/\/wpguerssen-test.odoo.rgbconsulting.com\/es\/\",\"logo\":{\"@type\":\"ImageObject\",\"inLanguage\":\"es\",\"@id\":\"https:\/\/wpguerssen-test.odoo.rgbconsulting.com\/es\/#\/schema\/logo\/image\/\",\"url\":\"https:\/\/wpguerssen-test.odoo.rgbconsulting.com\/wp-content\/uploads\/2022\/04\/Logo_Guerssen_trans_100.png\",\"contentUrl\":\"https:\/\/wpguerssen-test.odoo.rgbconsulting.com\/wp-content\/uploads\/2022\/04\/Logo_Guerssen_trans_100.png\",\"width\":122,\"height\":100,\"caption\":\"Guerssen records\"},\"image\":{\"@id\":\"https:\/\/wpguerssen-test.odoo.rgbconsulting.com\/es\/#\/schema\/logo\/image\/\"}}]}<\/script>\n<!-- \/ Yoast SEO plugin. -->","yoast_head_json":{"title":"JAM, The - This Is The Modern World -  (LP) | Guerssen","description":"Vinyl Lovers present a reissue of The Jam's second album This Is The Modern World, originally released in 1977 just after their debut record. Despite generally bad reviews from critics at the time, the album does have its shining moments (\"Life From A Window\" and \"The Modern World\", for example). But it is also interesting as a piece of history for its lyrical content, which, as the album's title promised, is a snapshot of a day in the life of the declining British Empire during the late 1970s. Includes eight bonus tracks from the BBC sessions.","robots":{"index":"index","follow":"follow","max-snippet":"max-snippet:-1","max-image-preview":"max-image-preview:large","max-video-preview":"max-video-preview:-1"},"canonical":"https:\/\/wpguerssen-test.odoo.rgbconsulting.com\/es\/producto\/this-is-the-modern-world\/","og_locale":"es_ES","og_type":"article","og_title":"JAM, The - This Is The Modern World -  (LP) | Guerssen","og_description":"Vinyl Lovers present a reissue of The Jam's second album This Is The Modern World, originally released in 1977 just after their debut record. Despite generally bad reviews from critics at the time, the album does have its shining moments (\"Life From A Window\" and \"The Modern World\", for example). But it is also interesting as a piece of history for its lyrical content, which, as the album's title promised, is a snapshot of a day in the life of the declining British Empire during the late 1970s. Includes eight bonus tracks from the BBC sessions.","og_url":"https:\/\/wpguerssen-test.odoo.rgbconsulting.com\/es\/producto\/this-is-the-modern-world\/","og_site_name":"Guerssen records","article_modified_time":"2025-04-04T10:27:29+00:00","og_image":[{"width":600,"height":600,"url":"https:\/\/wpguerssen-test.odoo.rgbconsulting.com\/wp-content\/uploads\/2023\/10\/38539.jpg","type":"image\/jpeg"}],"twitter_card":"summary_large_image","twitter_title":"JAM, The - This Is The Modern World -  (LP) | Guerssen","schema":{"@context":"https:\/\/schema.org","@graph":[{"@type":"WebPage","@id":"https:\/\/wpguerssen-test.odoo.rgbconsulting.com\/es\/producto\/this-is-the-modern-world\/","url":"https:\/\/wpguerssen-test.odoo.rgbconsulting.com\/es\/producto\/this-is-the-modern-world\/","name":"JAM, The - This Is The Modern World - (LP) | Guerssen","isPartOf":{"@id":"https:\/\/wpguerssen-test.odoo.rgbconsulting.com\/es\/#website"},"primaryImageOfPage":{"@id":"https:\/\/wpguerssen-test.odoo.rgbconsulting.com\/es\/producto\/this-is-the-modern-world\/#primaryimage"},"image":{"@id":"https:\/\/wpguerssen-test.odoo.rgbconsulting.com\/es\/producto\/this-is-the-modern-world\/#primaryimage"},"thumbnailUrl":"https:\/\/wpguerssen-test.odoo.rgbconsulting.com\/wp-content\/uploads\/2023\/10\/38539.jpg","datePublished":"2025-03-31T22:00:00+00:00","dateModified":"2025-04-04T10:27:29+00:00","description":"Vinyl Lovers present a reissue of The Jam's second album This Is The Modern World, originally released in 1977 just after their debut record. Despite generally bad reviews from critics at the time, the album does have its shining moments (\"Life From A Window\" and \"The Modern World\", for example). But it is also interesting as a piece of history for its lyrical content, which, as the album's title promised, is a snapshot of a day in the life of the declining British Empire during the late 1970s. Includes eight bonus tracks from the BBC sessions.","breadcrumb":{"@id":"https:\/\/wpguerssen-test.odoo.rgbconsulting.com\/es\/producto\/this-is-the-modern-world\/#breadcrumb"},"inLanguage":"es","potentialAction":[{"@type":"ReadAction","target":["https:\/\/wpguerssen-test.odoo.rgbconsulting.com\/es\/producto\/this-is-the-modern-world\/"]}]},{"@type":"ImageObject","inLanguage":"es","@id":"https:\/\/wpguerssen-test.odoo.rgbconsulting.com\/es\/producto\/this-is-the-modern-world\/#primaryimage","url":"https:\/\/wpguerssen-test.odoo.rgbconsulting.com\/wp-content\/uploads\/2023\/10\/38539.jpg","contentUrl":"https:\/\/wpguerssen-test.odoo.rgbconsulting.com\/wp-content\/uploads\/2023\/10\/38539.jpg","width":600,"height":600,"caption":"The - This Is The Modern World - VINYL LOVERS (LP) | Guerssen"},{"@type":"BreadcrumbList","@id":"https:\/\/wpguerssen-test.odoo.rgbconsulting.com\/es\/producto\/this-is-the-modern-world\/#breadcrumb","itemListElement":[{"@type":"ListItem","position":1,"name":"Inicio","item":"https:\/\/wpguerssen-test.odoo.rgbconsulting.com\/es\/"},{"@type":"ListItem","position":2,"name":"Shop","item":"https:\/\/wpguerssen-test.odoo.rgbconsulting.com\/shop\/"},{"@type":"ListItem","position":3,"name":"This Is The Modern World"}]},{"@type":"WebSite","@id":"https:\/\/wpguerssen-test.odoo.rgbconsulting.com\/es\/#website","url":"https:\/\/wpguerssen-test.odoo.rgbconsulting.com\/es\/","name":"Guerssen records","description":"psychedelia - progressive - folk - garage ","publisher":{"@id":"https:\/\/wpguerssen-test.odoo.rgbconsulting.com\/es\/#organization"},"potentialAction":[{"@type":"SearchAction","target":{"@type":"EntryPoint","urlTemplate":"https:\/\/wpguerssen-test.odoo.rgbconsulting.com\/es\/?s={search_term_string}"},"query-input":{"@type":"PropertyValueSpecification","valueRequired":true,"valueName":"search_term_string"}}],"inLanguage":"es"},{"@type":"Organization","@id":"https:\/\/wpguerssen-test.odoo.rgbconsulting.com\/es\/#organization","name":"Guerssen records","url":"https:\/\/wpguerssen-test.odoo.rgbconsulting.com\/es\/","logo":{"@type":"ImageObject","inLanguage":"es","@id":"https:\/\/wpguerssen-test.odoo.rgbconsulting.com\/es\/#\/schema\/logo\/image\/","url":"https:\/\/wpguerssen-test.odoo.rgbconsulting.com\/wp-content\/uploads\/2022\/04\/Logo_Guerssen_trans_100.png","contentUrl":"https:\/\/wpguerssen-test.odoo.rgbconsulting.com\/wp-content\/uploads\/2022\/04\/Logo_Guerssen_trans_100.png","width":122,"height":100,"caption":"Guerssen records"},"image":{"@id":"https:\/\/wpguerssen-test.odoo.rgbconsulting.com\/es\/#\/schema\/logo\/image\/"}}]}},"_links":{"self":[{"href":"https:\/\/wpguerssen-test.odoo.rgbconsulting.com\/es\/wp-json\/wp\/v2\/product\/208557","targetHints":{"allow":["GET"]}}],"collection":[{"href":"https:\/\/wpguerssen-test.odoo.rgbconsulting.com\/es\/wp-json\/wp\/v2\/product"}],"about":[{"href":"https:\/\/wpguerssen-test.odoo.rgbconsulting.com\/es\/wp-json\/wp\/v2\/types\/product"}],"wp:featuredmedia":[{"embeddable":true,"href":"https:\/\/wpguerssen-test.odoo.rgbconsulting.com\/es\/wp-json\/wp\/v2\/media\/244299"}],"wp:attachment":[{"href":"https:\/\/wpguerssen-test.odoo.rgbconsulting.com\/es\/wp-json\/wp\/v2\/media?parent=208557"}],"wp:term":[{"taxonomy":"product_brand","embeddable":true,"href":"https:\/\/wpguerssen-test.odoo.rgbconsulting.com\/es\/wp-json\/wp\/v2\/product_brand?post=208557"},{"taxonomy":"product_cat","embeddable":true,"href":"https:\/\/wpguerssen-test.odoo.rgbconsulting.com\/es\/wp-json\/wp\/v2\/product_cat?post=208557"},{"taxonomy":"product_tag","embeddable":true,"href":"https:\/\/wpguerssen-test.odoo.rgbconsulting.com\/es\/wp-json\/wp\/v2\/product_tag?post=208557"}],"curies":[{"name":"wp","href":"https:\/\/api.w.org\/{rel}","templated":true}]}}