{"id":208565,"date":"2021-06-04T00:00:00","date_gmt":"2021-06-03T22:00:00","guid":{"rendered":"http:\/\/guerssen.hl1097.dinaserver.com\/product\/mandala-red-vinyl\/"},"modified":"2025-01-09T15:00:46","modified_gmt":"2025-01-09T14:00:46","slug":"mandala-red-vinyl","status":"publish","type":"product","link":"https:\/\/wpguerssen-test.odoo.rgbconsulting.com\/es\/producto\/mandala-red-vinyl\/","title":{"rendered":"Mandala (red vinyl)"},"content":{"rendered":"<p>VINILO ROJO. LIMITADO A 100 COPIAS. <\/p>\n<p> Muy raro y excelente disco brasile\u00f1o 70s de jazz-fusi\u00f3n con  toques psicod\u00e9licos. Grabado en 1971 pero no publicado hasta 1976. Con futuros miembros de Grupo Um. <\/p>\n<p> Tracklist: A01 &#8211; Pitha&#8217;ta &#8211; A02. Alga &#8211; A03. Matilho &#8211; B01. Estilingue &#8211; B02. Nadava &#8211; B03. El-Baion<\/p>\n","protected":false},"excerpt":{"rendered":"<p>VINILO ROJO. LIMITADO A 100 COPIAS. <\/p>\n<p>\u00a0<\/p>\n<p> Muy raro y excelente disco brasile\u00f1o 70s de jazz-fusi\u00f3n con  toques psicod\u00e9licos. Grabado en 1971 pero no<a class=\"read\" href=\"https:\/\/wpguerssen-test.odoo.rgbconsulting.com\/es\/producto\/mandala-red-vinyl\/\"> (...)<\/a>","protected":false},"featured_media":128638,"template":"","meta":{"_acf_changed":false},"product_brand":[],"product_cat":[21639,23227],"product_tag":[29140],"class_list":{"0":"post-208565","1":"product","2":"type-product","3":"status-publish","4":"has-post-thumbnail","6":"product_cat-psychedelic60s-70s-es","7":"product_cat-jazz-es","8":"product_tag-color-vinyl-es","9":"pa_artist-mandala-brazil","10":"pa_format-lp-es","11":"pa_gender-psychedelic60s-70s-jazz","12":"pa_label-mad-about-records-es","13":"pa_location-south-america-caribbean-es","14":"pa_other-filters-vinyl-only-es","16":"first","17":"instock","18":"taxable","19":"shipping-taxable","20":"purchasable","21":"product-type-simple"},"acf":[],"yoast_head":"<!-- This site is optimized with the Yoast SEO plugin v24.9 - https:\/\/yoast.com\/wordpress\/plugins\/seo\/ -->\n<title>MANDALA (Brazil) - Mandala (red vinyl) -  (LP) | Guerssen<\/title>\n<meta name=\"description\" content=\"RED VINYL. LIMITED TO 100 COPIES #nl# EXTREMELY RARE PRIVATE LP 70&#039;S BRAZILIAN JAZZ PSYCH #nl# Deluxe reissue in super nice thick carton cover + OBI + insert #nl# Mandala made only one eponymous album, recorded in 1971 but released only in 1976. A very rare and influential album, featuring future members of Grupo Um (Naz\u00e1rio and Zeca Assump\u00e7\u00e3o who also played with Hermeto and Egberto Gismonti) and Pau Brasil (Nelson Ayres) - two seminal bands from the Brazilian instrumental scene of the 80s. The sound is a mix of Jazz Fusion with a Brazilian footprint - with a dash of psychedelic atmosphere and the spiced influence of oriental music. #nl# Tracklist: A01 - Pitha&#039;ta - A02. Alga - A03. Matilho - B01. Estilingue - B02. Nadava - B03. El-Baion\" \/>\n<meta name=\"robots\" content=\"index, follow, max-snippet:-1, max-image-preview:large, max-video-preview:-1\" \/>\n<link rel=\"canonical\" href=\"https:\/\/wpguerssen-test.odoo.rgbconsulting.com\/es\/producto\/mandala-red-vinyl\/\" \/>\n<meta property=\"og:locale\" content=\"es_ES\" \/>\n<meta property=\"og:type\" content=\"article\" \/>\n<meta property=\"og:title\" content=\"MANDALA (Brazil) - Mandala (red vinyl) -  (LP) | Guerssen\" \/>\n<meta property=\"og:description\" content=\"RED VINYL. LIMITED TO 100 COPIES #nl# EXTREMELY RARE PRIVATE LP 70&#039;S BRAZILIAN JAZZ PSYCH #nl# Deluxe reissue in super nice thick carton cover + OBI + insert #nl# Mandala made only one eponymous album, recorded in 1971 but released only in 1976. A very rare and influential album, featuring future members of Grupo Um (Naz\u00e1rio and Zeca Assump\u00e7\u00e3o who also played with Hermeto and Egberto Gismonti) and Pau Brasil (Nelson Ayres) - two seminal bands from the Brazilian instrumental scene of the 80s. The sound is a mix of Jazz Fusion with a Brazilian footprint - with a dash of psychedelic atmosphere and the spiced influence of oriental music. #nl# Tracklist: A01 - Pitha&#039;ta - A02. Alga - A03. Matilho - B01. Estilingue - B02. Nadava - B03. El-Baion\" \/>\n<meta property=\"og:url\" content=\"https:\/\/wpguerssen-test.odoo.rgbconsulting.com\/es\/producto\/mandala-red-vinyl\/\" \/>\n<meta property=\"og:site_name\" content=\"Guerssen records\" \/>\n<meta property=\"article:modified_time\" content=\"2025-01-09T14:00:46+00:00\" \/>\n<meta property=\"og:image\" content=\"https:\/\/wpguerssen-test.odoo.rgbconsulting.com\/wp-content\/uploads\/2022\/03\/38549-962x1024.jpg\" \/>\n\t<meta property=\"og:image:width\" content=\"962\" \/>\n\t<meta property=\"og:image:height\" content=\"1024\" \/>\n\t<meta property=\"og:image:type\" content=\"image\/jpeg\" \/>\n<meta name=\"twitter:card\" content=\"summary_large_image\" \/>\n<meta name=\"twitter:title\" content=\"MANDALA (Brazil) - Mandala (red vinyl) -  (LP) | Guerssen\" \/>\n<script type=\"application\/ld+json\" class=\"yoast-schema-graph\">{\"@context\":\"https:\/\/schema.org\",\"@graph\":[{\"@type\":\"WebPage\",\"@id\":\"https:\/\/wpguerssen-test.odoo.rgbconsulting.com\/es\/producto\/mandala-red-vinyl\/\",\"url\":\"https:\/\/wpguerssen-test.odoo.rgbconsulting.com\/es\/producto\/mandala-red-vinyl\/\",\"name\":\"MANDALA (Brazil) - Mandala (red vinyl) - (LP) | Guerssen\",\"isPartOf\":{\"@id\":\"https:\/\/wpguerssen-test.odoo.rgbconsulting.com\/es\/#website\"},\"primaryImageOfPage\":{\"@id\":\"https:\/\/wpguerssen-test.odoo.rgbconsulting.com\/es\/producto\/mandala-red-vinyl\/#primaryimage\"},\"image\":{\"@id\":\"https:\/\/wpguerssen-test.odoo.rgbconsulting.com\/es\/producto\/mandala-red-vinyl\/#primaryimage\"},\"thumbnailUrl\":\"https:\/\/wpguerssen-test.odoo.rgbconsulting.com\/wp-content\/uploads\/2022\/03\/38549.jpg\",\"datePublished\":\"2021-06-03T22:00:00+00:00\",\"dateModified\":\"2025-01-09T14:00:46+00:00\",\"description\":\"RED VINYL. LIMITED TO 100 COPIES #nl# EXTREMELY RARE PRIVATE LP 70'S BRAZILIAN JAZZ PSYCH #nl# Deluxe reissue in super nice thick carton cover + OBI + insert #nl# Mandala made only one eponymous album, recorded in 1971 but released only in 1976. A very rare and influential album, featuring future members of Grupo Um (Naz\u00e1rio and Zeca Assump\u00e7\u00e3o who also played with Hermeto and Egberto Gismonti) and Pau Brasil (Nelson Ayres) - two seminal bands from the Brazilian instrumental scene of the 80s. The sound is a mix of Jazz Fusion with a Brazilian footprint - with a dash of psychedelic atmosphere and the spiced influence of oriental music. #nl# Tracklist: A01 - Pitha'ta - A02. Alga - A03. Matilho - B01. Estilingue - B02. Nadava - B03. El-Baion\",\"breadcrumb\":{\"@id\":\"https:\/\/wpguerssen-test.odoo.rgbconsulting.com\/es\/producto\/mandala-red-vinyl\/#breadcrumb\"},\"inLanguage\":\"es\",\"potentialAction\":[{\"@type\":\"ReadAction\",\"target\":[\"https:\/\/wpguerssen-test.odoo.rgbconsulting.com\/es\/producto\/mandala-red-vinyl\/\"]}]},{\"@type\":\"ImageObject\",\"inLanguage\":\"es\",\"@id\":\"https:\/\/wpguerssen-test.odoo.rgbconsulting.com\/es\/producto\/mandala-red-vinyl\/#primaryimage\",\"url\":\"https:\/\/wpguerssen-test.odoo.rgbconsulting.com\/wp-content\/uploads\/2022\/03\/38549.jpg\",\"contentUrl\":\"https:\/\/wpguerssen-test.odoo.rgbconsulting.com\/wp-content\/uploads\/2022\/03\/38549.jpg\",\"width\":1400,\"height\":1490,\"caption\":\"MANDALA (Brazil) - Mandala (red vinyl) - MAD ABOUT RECORDS (LP) | Guerssen\"},{\"@type\":\"BreadcrumbList\",\"@id\":\"https:\/\/wpguerssen-test.odoo.rgbconsulting.com\/es\/producto\/mandala-red-vinyl\/#breadcrumb\",\"itemListElement\":[{\"@type\":\"ListItem\",\"position\":1,\"name\":\"Inicio\",\"item\":\"https:\/\/wpguerssen-test.odoo.rgbconsulting.com\/es\/\"},{\"@type\":\"ListItem\",\"position\":2,\"name\":\"Shop\",\"item\":\"https:\/\/wpguerssen-test.odoo.rgbconsulting.com\/shop\/\"},{\"@type\":\"ListItem\",\"position\":3,\"name\":\"Mandala (red vinyl)\"}]},{\"@type\":\"WebSite\",\"@id\":\"https:\/\/wpguerssen-test.odoo.rgbconsulting.com\/es\/#website\",\"url\":\"https:\/\/wpguerssen-test.odoo.rgbconsulting.com\/es\/\",\"name\":\"Guerssen records\",\"description\":\"psychedelia - progressive - folk - garage \",\"publisher\":{\"@id\":\"https:\/\/wpguerssen-test.odoo.rgbconsulting.com\/es\/#organization\"},\"potentialAction\":[{\"@type\":\"SearchAction\",\"target\":{\"@type\":\"EntryPoint\",\"urlTemplate\":\"https:\/\/wpguerssen-test.odoo.rgbconsulting.com\/es\/?s={search_term_string}\"},\"query-input\":{\"@type\":\"PropertyValueSpecification\",\"valueRequired\":true,\"valueName\":\"search_term_string\"}}],\"inLanguage\":\"es\"},{\"@type\":\"Organization\",\"@id\":\"https:\/\/wpguerssen-test.odoo.rgbconsulting.com\/es\/#organization\",\"name\":\"Guerssen records\",\"url\":\"https:\/\/wpguerssen-test.odoo.rgbconsulting.com\/es\/\",\"logo\":{\"@type\":\"ImageObject\",\"inLanguage\":\"es\",\"@id\":\"https:\/\/wpguerssen-test.odoo.rgbconsulting.com\/es\/#\/schema\/logo\/image\/\",\"url\":\"https:\/\/wpguerssen-test.odoo.rgbconsulting.com\/wp-content\/uploads\/2022\/04\/Logo_Guerssen_trans_100.png\",\"contentUrl\":\"https:\/\/wpguerssen-test.odoo.rgbconsulting.com\/wp-content\/uploads\/2022\/04\/Logo_Guerssen_trans_100.png\",\"width\":122,\"height\":100,\"caption\":\"Guerssen records\"},\"image\":{\"@id\":\"https:\/\/wpguerssen-test.odoo.rgbconsulting.com\/es\/#\/schema\/logo\/image\/\"}}]}<\/script>\n<!-- \/ Yoast SEO plugin. -->","yoast_head_json":{"title":"MANDALA (Brazil) - Mandala (red vinyl) -  (LP) | Guerssen","description":"RED VINYL. LIMITED TO 100 COPIES #nl# EXTREMELY RARE PRIVATE LP 70'S BRAZILIAN JAZZ PSYCH #nl# Deluxe reissue in super nice thick carton cover + OBI + insert #nl# Mandala made only one eponymous album, recorded in 1971 but released only in 1976. A very rare and influential album, featuring future members of Grupo Um (Naz\u00e1rio and Zeca Assump\u00e7\u00e3o who also played with Hermeto and Egberto Gismonti) and Pau Brasil (Nelson Ayres) - two seminal bands from the Brazilian instrumental scene of the 80s. The sound is a mix of Jazz Fusion with a Brazilian footprint - with a dash of psychedelic atmosphere and the spiced influence of oriental music. #nl# Tracklist: A01 - Pitha'ta - A02. Alga - A03. Matilho - B01. Estilingue - B02. Nadava - B03. El-Baion","robots":{"index":"index","follow":"follow","max-snippet":"max-snippet:-1","max-image-preview":"max-image-preview:large","max-video-preview":"max-video-preview:-1"},"canonical":"https:\/\/wpguerssen-test.odoo.rgbconsulting.com\/es\/producto\/mandala-red-vinyl\/","og_locale":"es_ES","og_type":"article","og_title":"MANDALA (Brazil) - Mandala (red vinyl) -  (LP) | Guerssen","og_description":"RED VINYL. LIMITED TO 100 COPIES #nl# EXTREMELY RARE PRIVATE LP 70'S BRAZILIAN JAZZ PSYCH #nl# Deluxe reissue in super nice thick carton cover + OBI + insert #nl# Mandala made only one eponymous album, recorded in 1971 but released only in 1976. A very rare and influential album, featuring future members of Grupo Um (Naz\u00e1rio and Zeca Assump\u00e7\u00e3o who also played with Hermeto and Egberto Gismonti) and Pau Brasil (Nelson Ayres) - two seminal bands from the Brazilian instrumental scene of the 80s. The sound is a mix of Jazz Fusion with a Brazilian footprint - with a dash of psychedelic atmosphere and the spiced influence of oriental music. #nl# Tracklist: A01 - Pitha'ta - A02. Alga - A03. Matilho - B01. Estilingue - B02. Nadava - B03. El-Baion","og_url":"https:\/\/wpguerssen-test.odoo.rgbconsulting.com\/es\/producto\/mandala-red-vinyl\/","og_site_name":"Guerssen records","article_modified_time":"2025-01-09T14:00:46+00:00","og_image":[{"width":962,"height":1024,"url":"https:\/\/wpguerssen-test.odoo.rgbconsulting.com\/wp-content\/uploads\/2022\/03\/38549-962x1024.jpg","type":"image\/jpeg"}],"twitter_card":"summary_large_image","twitter_title":"MANDALA (Brazil) - Mandala (red vinyl) -  (LP) | Guerssen","schema":{"@context":"https:\/\/schema.org","@graph":[{"@type":"WebPage","@id":"https:\/\/wpguerssen-test.odoo.rgbconsulting.com\/es\/producto\/mandala-red-vinyl\/","url":"https:\/\/wpguerssen-test.odoo.rgbconsulting.com\/es\/producto\/mandala-red-vinyl\/","name":"MANDALA (Brazil) - Mandala (red vinyl) - (LP) | Guerssen","isPartOf":{"@id":"https:\/\/wpguerssen-test.odoo.rgbconsulting.com\/es\/#website"},"primaryImageOfPage":{"@id":"https:\/\/wpguerssen-test.odoo.rgbconsulting.com\/es\/producto\/mandala-red-vinyl\/#primaryimage"},"image":{"@id":"https:\/\/wpguerssen-test.odoo.rgbconsulting.com\/es\/producto\/mandala-red-vinyl\/#primaryimage"},"thumbnailUrl":"https:\/\/wpguerssen-test.odoo.rgbconsulting.com\/wp-content\/uploads\/2022\/03\/38549.jpg","datePublished":"2021-06-03T22:00:00+00:00","dateModified":"2025-01-09T14:00:46+00:00","description":"RED VINYL. LIMITED TO 100 COPIES #nl# EXTREMELY RARE PRIVATE LP 70'S BRAZILIAN JAZZ PSYCH #nl# Deluxe reissue in super nice thick carton cover + OBI + insert #nl# Mandala made only one eponymous album, recorded in 1971 but released only in 1976. A very rare and influential album, featuring future members of Grupo Um (Naz\u00e1rio and Zeca Assump\u00e7\u00e3o who also played with Hermeto and Egberto Gismonti) and Pau Brasil (Nelson Ayres) - two seminal bands from the Brazilian instrumental scene of the 80s. The sound is a mix of Jazz Fusion with a Brazilian footprint - with a dash of psychedelic atmosphere and the spiced influence of oriental music. #nl# Tracklist: A01 - Pitha'ta - A02. Alga - A03. Matilho - B01. Estilingue - B02. Nadava - B03. El-Baion","breadcrumb":{"@id":"https:\/\/wpguerssen-test.odoo.rgbconsulting.com\/es\/producto\/mandala-red-vinyl\/#breadcrumb"},"inLanguage":"es","potentialAction":[{"@type":"ReadAction","target":["https:\/\/wpguerssen-test.odoo.rgbconsulting.com\/es\/producto\/mandala-red-vinyl\/"]}]},{"@type":"ImageObject","inLanguage":"es","@id":"https:\/\/wpguerssen-test.odoo.rgbconsulting.com\/es\/producto\/mandala-red-vinyl\/#primaryimage","url":"https:\/\/wpguerssen-test.odoo.rgbconsulting.com\/wp-content\/uploads\/2022\/03\/38549.jpg","contentUrl":"https:\/\/wpguerssen-test.odoo.rgbconsulting.com\/wp-content\/uploads\/2022\/03\/38549.jpg","width":1400,"height":1490,"caption":"MANDALA (Brazil) - Mandala (red vinyl) - MAD ABOUT RECORDS (LP) | Guerssen"},{"@type":"BreadcrumbList","@id":"https:\/\/wpguerssen-test.odoo.rgbconsulting.com\/es\/producto\/mandala-red-vinyl\/#breadcrumb","itemListElement":[{"@type":"ListItem","position":1,"name":"Inicio","item":"https:\/\/wpguerssen-test.odoo.rgbconsulting.com\/es\/"},{"@type":"ListItem","position":2,"name":"Shop","item":"https:\/\/wpguerssen-test.odoo.rgbconsulting.com\/shop\/"},{"@type":"ListItem","position":3,"name":"Mandala (red vinyl)"}]},{"@type":"WebSite","@id":"https:\/\/wpguerssen-test.odoo.rgbconsulting.com\/es\/#website","url":"https:\/\/wpguerssen-test.odoo.rgbconsulting.com\/es\/","name":"Guerssen records","description":"psychedelia - progressive - folk - garage ","publisher":{"@id":"https:\/\/wpguerssen-test.odoo.rgbconsulting.com\/es\/#organization"},"potentialAction":[{"@type":"SearchAction","target":{"@type":"EntryPoint","urlTemplate":"https:\/\/wpguerssen-test.odoo.rgbconsulting.com\/es\/?s={search_term_string}"},"query-input":{"@type":"PropertyValueSpecification","valueRequired":true,"valueName":"search_term_string"}}],"inLanguage":"es"},{"@type":"Organization","@id":"https:\/\/wpguerssen-test.odoo.rgbconsulting.com\/es\/#organization","name":"Guerssen records","url":"https:\/\/wpguerssen-test.odoo.rgbconsulting.com\/es\/","logo":{"@type":"ImageObject","inLanguage":"es","@id":"https:\/\/wpguerssen-test.odoo.rgbconsulting.com\/es\/#\/schema\/logo\/image\/","url":"https:\/\/wpguerssen-test.odoo.rgbconsulting.com\/wp-content\/uploads\/2022\/04\/Logo_Guerssen_trans_100.png","contentUrl":"https:\/\/wpguerssen-test.odoo.rgbconsulting.com\/wp-content\/uploads\/2022\/04\/Logo_Guerssen_trans_100.png","width":122,"height":100,"caption":"Guerssen records"},"image":{"@id":"https:\/\/wpguerssen-test.odoo.rgbconsulting.com\/es\/#\/schema\/logo\/image\/"}}]}},"_links":{"self":[{"href":"https:\/\/wpguerssen-test.odoo.rgbconsulting.com\/es\/wp-json\/wp\/v2\/product\/208565","targetHints":{"allow":["GET"]}}],"collection":[{"href":"https:\/\/wpguerssen-test.odoo.rgbconsulting.com\/es\/wp-json\/wp\/v2\/product"}],"about":[{"href":"https:\/\/wpguerssen-test.odoo.rgbconsulting.com\/es\/wp-json\/wp\/v2\/types\/product"}],"wp:featuredmedia":[{"embeddable":true,"href":"https:\/\/wpguerssen-test.odoo.rgbconsulting.com\/es\/wp-json\/wp\/v2\/media\/128638"}],"wp:attachment":[{"href":"https:\/\/wpguerssen-test.odoo.rgbconsulting.com\/es\/wp-json\/wp\/v2\/media?parent=208565"}],"wp:term":[{"taxonomy":"product_brand","embeddable":true,"href":"https:\/\/wpguerssen-test.odoo.rgbconsulting.com\/es\/wp-json\/wp\/v2\/product_brand?post=208565"},{"taxonomy":"product_cat","embeddable":true,"href":"https:\/\/wpguerssen-test.odoo.rgbconsulting.com\/es\/wp-json\/wp\/v2\/product_cat?post=208565"},{"taxonomy":"product_tag","embeddable":true,"href":"https:\/\/wpguerssen-test.odoo.rgbconsulting.com\/es\/wp-json\/wp\/v2\/product_tag?post=208565"}],"curies":[{"name":"wp","href":"https:\/\/api.w.org\/{rel}","templated":true}]}}