{"id":208574,"date":"2021-06-08T00:00:00","date_gmt":"2021-06-07T22:00:00","guid":{"rendered":"http:\/\/guerssen.hl1097.dinaserver.com\/product\/guilherme-lamounier-red-vinyl\/"},"modified":"2025-04-09T14:04:29","modified_gmt":"2025-04-09T12:04:29","slug":"guilherme-lamounier-red-vinyl","status":"publish","type":"product","link":"https:\/\/wpguerssen-test.odoo.rgbconsulting.com\/es\/producto\/guilherme-lamounier-red-vinyl\/","title":{"rendered":"Guilherme Lamounier (red vinyl)"},"content":{"rendered":"<p>VINILO ROJO. LIMITADO A 200 COPIAS. <\/p>\n<p> Considerada una de las obras maestras de la psicodelia brasile\u00f1a de los 70, este es el segundo disco de Lamounier, editado en 1973 y fruto de su colaboraci\u00f3n con Tib\u00e9rio Gaspar (autor de: \u00abS\u00e1 Marina\u00bb, \u00abBR-3\u00bb y \u00abTeletema\u00bb). <\/p>\n<p> Grabado en los estudios R\u00e1dio Gazeta Studios de S\u00e3o Paulo, con la participaci\u00f3n de m\u00fasicos como Wagner Tiso al sintetizador, Luiz Claudio Ramos en los arreglos, Lanny Gordin a la guitarra, Oberdan Magalh\u00e3es a la flauta y el propio Guilherme a la guitarra y piano. <\/p>\n<p> Tracklist:<br \/>Side A: 1. Mini Neila &#8211; 2. GB Em Alto Relevo &#8211; 3. Patricia &#8211; 4. Os Telhados Do Mundo -5. Freedom<br \/>Side B: 1. Capit\u00e3o de Papel &#8211; 2. Amanh\u00e3 N\u00e3o Sei &#8211; 3. Ser\u00e1 Que Eu Pus Um Grillo Na Sua Cabe\u00e7a? &#8211; 4. Passam Anos, Passam Anas &#8211; 5. Cabe\u00e7a Feita<\/p>\n","protected":false},"excerpt":{"rendered":"<p>VINILO ROJO. LIMITADO A 200 COPIAS. <\/p>\n<p>\u00a0<\/p>\n<p> Considerada una de las obras maestras de la psicodelia brasile\u00f1a de los 70, este es el segundo disco de Lamounier,<a class=\"read\" href=\"https:\/\/wpguerssen-test.odoo.rgbconsulting.com\/es\/producto\/guilherme-lamounier-red-vinyl\/\"> (...)<\/a>","protected":false},"featured_media":128656,"template":"","meta":{"_acf_changed":false},"product_brand":[],"product_cat":[23219,23231],"product_tag":[29140],"class_list":{"0":"post-208574","1":"product","2":"type-product","3":"status-publish","4":"has-post-thumbnail","6":"product_cat-funk-es","7":"product_cat-latin-brazilian-es","8":"product_tag-color-vinyl-es","9":"pa_artist-lamounier-guilherme","10":"pa_format-lp-es","11":"pa_gender-latin-brazilian-funk","12":"pa_label-mad-about-records-es","13":"pa_location-south-america-caribbean-es","14":"pa_other-filters-vinyl-only-es","16":"first","17":"instock","18":"taxable","19":"shipping-taxable","20":"purchasable","21":"product-type-simple"},"acf":[],"yoast_head":"<!-- This site is optimized with the Yoast SEO plugin v24.9 - https:\/\/yoast.com\/wordpress\/plugins\/seo\/ -->\n<title>LAMOUNIER, Guilherme - Guilherme Lamounier (red vinyl) -  (LP) | Guerssen<\/title>\n<meta name=\"description\" content=\"RED VINYL. LIMITED TO 200 COPIES. #nl# Considered one of the masterpieces of seventies psychedelic, his second album, released in 1973, is the result of a partnership with Tib\u00e9rio Gaspar (author of: &quot;S\u00e1 Marina&quot;, &quot;BR-3&quot; and &quot;Teletema&quot;). #nl# The album was recorded at R\u00e1dio Gazeta Studios in S\u00e3o Paulo, with the participation of musicians already known as: Wagner Tiso on synthesizer, Luiz Claudio Ramos on arrangements and conducting, Lanny Gordin on guitar, Oberdan Magalh\u00e3es on flute and Guilherme himself playing guitar and piano. #nl# Guilherme died on August 7, 2018, at the age of 67, due to health complications. But the timelessness of his work has been revisited by the new generation of artists and audiences. #nl# Tracklist:Side A: 1. Mini Neila - 2. GB Em Alto Relevo - 3. Patricia - 4. Os Telhados Do Mundo -5. FreedomSide B: 1. Capit\u00e3o de Papel - 2. Amanh\u00e3 N\u00e3o Sei - 3. Ser\u00e1 Que Eu Pus Um Grillo Na Sua Cabe\u00e7a? - 4. Passam Anos, Passam Anas - 5. Cabe\u00e7a Feita\" \/>\n<meta name=\"robots\" content=\"index, follow, max-snippet:-1, max-image-preview:large, max-video-preview:-1\" \/>\n<link rel=\"canonical\" href=\"https:\/\/wpguerssen-test.odoo.rgbconsulting.com\/es\/producto\/guilherme-lamounier-red-vinyl\/\" \/>\n<meta property=\"og:locale\" content=\"es_ES\" \/>\n<meta property=\"og:type\" content=\"article\" \/>\n<meta property=\"og:title\" content=\"LAMOUNIER, Guilherme - Guilherme Lamounier (red vinyl) -  (LP) | Guerssen\" \/>\n<meta property=\"og:description\" content=\"RED VINYL. LIMITED TO 200 COPIES. #nl# Considered one of the masterpieces of seventies psychedelic, his second album, released in 1973, is the result of a partnership with Tib\u00e9rio Gaspar (author of: &quot;S\u00e1 Marina&quot;, &quot;BR-3&quot; and &quot;Teletema&quot;). #nl# The album was recorded at R\u00e1dio Gazeta Studios in S\u00e3o Paulo, with the participation of musicians already known as: Wagner Tiso on synthesizer, Luiz Claudio Ramos on arrangements and conducting, Lanny Gordin on guitar, Oberdan Magalh\u00e3es on flute and Guilherme himself playing guitar and piano. #nl# Guilherme died on August 7, 2018, at the age of 67, due to health complications. But the timelessness of his work has been revisited by the new generation of artists and audiences. #nl# Tracklist:Side A: 1. Mini Neila - 2. GB Em Alto Relevo - 3. Patricia - 4. Os Telhados Do Mundo -5. FreedomSide B: 1. Capit\u00e3o de Papel - 2. Amanh\u00e3 N\u00e3o Sei - 3. Ser\u00e1 Que Eu Pus Um Grillo Na Sua Cabe\u00e7a? - 4. Passam Anos, Passam Anas - 5. Cabe\u00e7a Feita\" \/>\n<meta property=\"og:url\" content=\"https:\/\/wpguerssen-test.odoo.rgbconsulting.com\/es\/producto\/guilherme-lamounier-red-vinyl\/\" \/>\n<meta property=\"og:site_name\" content=\"Guerssen records\" \/>\n<meta property=\"article:modified_time\" content=\"2025-04-09T12:04:29+00:00\" \/>\n<meta property=\"og:image\" content=\"https:\/\/wpguerssen-test.odoo.rgbconsulting.com\/wp-content\/uploads\/2022\/03\/38562.jpg\" \/>\n\t<meta property=\"og:image:width\" content=\"1156\" \/>\n\t<meta property=\"og:image:height\" content=\"1200\" \/>\n\t<meta property=\"og:image:type\" content=\"image\/jpeg\" \/>\n<meta name=\"twitter:card\" content=\"summary_large_image\" \/>\n<meta name=\"twitter:title\" content=\"LAMOUNIER, Guilherme - Guilherme Lamounier (red vinyl) -  (LP) | Guerssen\" \/>\n<meta name=\"twitter:label1\" content=\"Tiempo de lectura\" \/>\n\t<meta name=\"twitter:data1\" content=\"1 minuto\" \/>\n<script type=\"application\/ld+json\" class=\"yoast-schema-graph\">{\"@context\":\"https:\/\/schema.org\",\"@graph\":[{\"@type\":\"WebPage\",\"@id\":\"https:\/\/wpguerssen-test.odoo.rgbconsulting.com\/es\/producto\/guilherme-lamounier-red-vinyl\/\",\"url\":\"https:\/\/wpguerssen-test.odoo.rgbconsulting.com\/es\/producto\/guilherme-lamounier-red-vinyl\/\",\"name\":\"LAMOUNIER, Guilherme - Guilherme Lamounier (red vinyl) - (LP) | Guerssen\",\"isPartOf\":{\"@id\":\"https:\/\/wpguerssen-test.odoo.rgbconsulting.com\/es\/#website\"},\"primaryImageOfPage\":{\"@id\":\"https:\/\/wpguerssen-test.odoo.rgbconsulting.com\/es\/producto\/guilherme-lamounier-red-vinyl\/#primaryimage\"},\"image\":{\"@id\":\"https:\/\/wpguerssen-test.odoo.rgbconsulting.com\/es\/producto\/guilherme-lamounier-red-vinyl\/#primaryimage\"},\"thumbnailUrl\":\"https:\/\/wpguerssen-test.odoo.rgbconsulting.com\/wp-content\/uploads\/2022\/03\/38562.jpg\",\"datePublished\":\"2021-06-07T22:00:00+00:00\",\"dateModified\":\"2025-04-09T12:04:29+00:00\",\"description\":\"RED VINYL. LIMITED TO 200 COPIES. #nl# Considered one of the masterpieces of seventies psychedelic, his second album, released in 1973, is the result of a partnership with Tib\u00e9rio Gaspar (author of: \\\"S\u00e1 Marina\\\", \\\"BR-3\\\" and \\\"Teletema\\\"). #nl# The album was recorded at R\u00e1dio Gazeta Studios in S\u00e3o Paulo, with the participation of musicians already known as: Wagner Tiso on synthesizer, Luiz Claudio Ramos on arrangements and conducting, Lanny Gordin on guitar, Oberdan Magalh\u00e3es on flute and Guilherme himself playing guitar and piano. #nl# Guilherme died on August 7, 2018, at the age of 67, due to health complications. But the timelessness of his work has been revisited by the new generation of artists and audiences. #nl# Tracklist:Side A: 1. Mini Neila - 2. GB Em Alto Relevo - 3. Patricia - 4. Os Telhados Do Mundo -5. FreedomSide B: 1. Capit\u00e3o de Papel - 2. Amanh\u00e3 N\u00e3o Sei - 3. Ser\u00e1 Que Eu Pus Um Grillo Na Sua Cabe\u00e7a? - 4. Passam Anos, Passam Anas - 5. Cabe\u00e7a Feita\",\"breadcrumb\":{\"@id\":\"https:\/\/wpguerssen-test.odoo.rgbconsulting.com\/es\/producto\/guilherme-lamounier-red-vinyl\/#breadcrumb\"},\"inLanguage\":\"es\",\"potentialAction\":[{\"@type\":\"ReadAction\",\"target\":[\"https:\/\/wpguerssen-test.odoo.rgbconsulting.com\/es\/producto\/guilherme-lamounier-red-vinyl\/\"]}]},{\"@type\":\"ImageObject\",\"inLanguage\":\"es\",\"@id\":\"https:\/\/wpguerssen-test.odoo.rgbconsulting.com\/es\/producto\/guilherme-lamounier-red-vinyl\/#primaryimage\",\"url\":\"https:\/\/wpguerssen-test.odoo.rgbconsulting.com\/wp-content\/uploads\/2022\/03\/38562.jpg\",\"contentUrl\":\"https:\/\/wpguerssen-test.odoo.rgbconsulting.com\/wp-content\/uploads\/2022\/03\/38562.jpg\",\"width\":1156,\"height\":1200,\"caption\":\"Guilherme - Guilherme Lamounier (red vinyl) - MAD ABOUT RECORDS (LP) | Guerssen\"},{\"@type\":\"BreadcrumbList\",\"@id\":\"https:\/\/wpguerssen-test.odoo.rgbconsulting.com\/es\/producto\/guilherme-lamounier-red-vinyl\/#breadcrumb\",\"itemListElement\":[{\"@type\":\"ListItem\",\"position\":1,\"name\":\"Inicio\",\"item\":\"https:\/\/wpguerssen-test.odoo.rgbconsulting.com\/es\/\"},{\"@type\":\"ListItem\",\"position\":2,\"name\":\"Shop\",\"item\":\"https:\/\/wpguerssen-test.odoo.rgbconsulting.com\/shop\/\"},{\"@type\":\"ListItem\",\"position\":3,\"name\":\"Guilherme Lamounier (red vinyl)\"}]},{\"@type\":\"WebSite\",\"@id\":\"https:\/\/wpguerssen-test.odoo.rgbconsulting.com\/es\/#website\",\"url\":\"https:\/\/wpguerssen-test.odoo.rgbconsulting.com\/es\/\",\"name\":\"Guerssen records\",\"description\":\"psychedelia - progressive - folk - garage \",\"publisher\":{\"@id\":\"https:\/\/wpguerssen-test.odoo.rgbconsulting.com\/es\/#organization\"},\"potentialAction\":[{\"@type\":\"SearchAction\",\"target\":{\"@type\":\"EntryPoint\",\"urlTemplate\":\"https:\/\/wpguerssen-test.odoo.rgbconsulting.com\/es\/?s={search_term_string}\"},\"query-input\":{\"@type\":\"PropertyValueSpecification\",\"valueRequired\":true,\"valueName\":\"search_term_string\"}}],\"inLanguage\":\"es\"},{\"@type\":\"Organization\",\"@id\":\"https:\/\/wpguerssen-test.odoo.rgbconsulting.com\/es\/#organization\",\"name\":\"Guerssen records\",\"url\":\"https:\/\/wpguerssen-test.odoo.rgbconsulting.com\/es\/\",\"logo\":{\"@type\":\"ImageObject\",\"inLanguage\":\"es\",\"@id\":\"https:\/\/wpguerssen-test.odoo.rgbconsulting.com\/es\/#\/schema\/logo\/image\/\",\"url\":\"https:\/\/wpguerssen-test.odoo.rgbconsulting.com\/wp-content\/uploads\/2022\/04\/Logo_Guerssen_trans_100.png\",\"contentUrl\":\"https:\/\/wpguerssen-test.odoo.rgbconsulting.com\/wp-content\/uploads\/2022\/04\/Logo_Guerssen_trans_100.png\",\"width\":122,\"height\":100,\"caption\":\"Guerssen records\"},\"image\":{\"@id\":\"https:\/\/wpguerssen-test.odoo.rgbconsulting.com\/es\/#\/schema\/logo\/image\/\"}}]}<\/script>\n<!-- \/ Yoast SEO plugin. -->","yoast_head_json":{"title":"LAMOUNIER, Guilherme - Guilherme Lamounier (red vinyl) -  (LP) | Guerssen","description":"RED VINYL. LIMITED TO 200 COPIES. #nl# Considered one of the masterpieces of seventies psychedelic, his second album, released in 1973, is the result of a partnership with Tib\u00e9rio Gaspar (author of: \"S\u00e1 Marina\", \"BR-3\" and \"Teletema\"). #nl# The album was recorded at R\u00e1dio Gazeta Studios in S\u00e3o Paulo, with the participation of musicians already known as: Wagner Tiso on synthesizer, Luiz Claudio Ramos on arrangements and conducting, Lanny Gordin on guitar, Oberdan Magalh\u00e3es on flute and Guilherme himself playing guitar and piano. #nl# Guilherme died on August 7, 2018, at the age of 67, due to health complications. But the timelessness of his work has been revisited by the new generation of artists and audiences. #nl# Tracklist:Side A: 1. Mini Neila - 2. GB Em Alto Relevo - 3. Patricia - 4. Os Telhados Do Mundo -5. FreedomSide B: 1. Capit\u00e3o de Papel - 2. Amanh\u00e3 N\u00e3o Sei - 3. Ser\u00e1 Que Eu Pus Um Grillo Na Sua Cabe\u00e7a? - 4. Passam Anos, Passam Anas - 5. Cabe\u00e7a Feita","robots":{"index":"index","follow":"follow","max-snippet":"max-snippet:-1","max-image-preview":"max-image-preview:large","max-video-preview":"max-video-preview:-1"},"canonical":"https:\/\/wpguerssen-test.odoo.rgbconsulting.com\/es\/producto\/guilherme-lamounier-red-vinyl\/","og_locale":"es_ES","og_type":"article","og_title":"LAMOUNIER, Guilherme - Guilherme Lamounier (red vinyl) -  (LP) | Guerssen","og_description":"RED VINYL. LIMITED TO 200 COPIES. #nl# Considered one of the masterpieces of seventies psychedelic, his second album, released in 1973, is the result of a partnership with Tib\u00e9rio Gaspar (author of: \"S\u00e1 Marina\", \"BR-3\" and \"Teletema\"). #nl# The album was recorded at R\u00e1dio Gazeta Studios in S\u00e3o Paulo, with the participation of musicians already known as: Wagner Tiso on synthesizer, Luiz Claudio Ramos on arrangements and conducting, Lanny Gordin on guitar, Oberdan Magalh\u00e3es on flute and Guilherme himself playing guitar and piano. #nl# Guilherme died on August 7, 2018, at the age of 67, due to health complications. But the timelessness of his work has been revisited by the new generation of artists and audiences. #nl# Tracklist:Side A: 1. Mini Neila - 2. GB Em Alto Relevo - 3. Patricia - 4. Os Telhados Do Mundo -5. FreedomSide B: 1. Capit\u00e3o de Papel - 2. Amanh\u00e3 N\u00e3o Sei - 3. Ser\u00e1 Que Eu Pus Um Grillo Na Sua Cabe\u00e7a? - 4. Passam Anos, Passam Anas - 5. Cabe\u00e7a Feita","og_url":"https:\/\/wpguerssen-test.odoo.rgbconsulting.com\/es\/producto\/guilherme-lamounier-red-vinyl\/","og_site_name":"Guerssen records","article_modified_time":"2025-04-09T12:04:29+00:00","og_image":[{"width":1156,"height":1200,"url":"https:\/\/wpguerssen-test.odoo.rgbconsulting.com\/wp-content\/uploads\/2022\/03\/38562.jpg","type":"image\/jpeg"}],"twitter_card":"summary_large_image","twitter_title":"LAMOUNIER, Guilherme - Guilherme Lamounier (red vinyl) -  (LP) | Guerssen","twitter_misc":{"Tiempo de lectura":"1 minuto"},"schema":{"@context":"https:\/\/schema.org","@graph":[{"@type":"WebPage","@id":"https:\/\/wpguerssen-test.odoo.rgbconsulting.com\/es\/producto\/guilherme-lamounier-red-vinyl\/","url":"https:\/\/wpguerssen-test.odoo.rgbconsulting.com\/es\/producto\/guilherme-lamounier-red-vinyl\/","name":"LAMOUNIER, Guilherme - Guilherme Lamounier (red vinyl) - (LP) | Guerssen","isPartOf":{"@id":"https:\/\/wpguerssen-test.odoo.rgbconsulting.com\/es\/#website"},"primaryImageOfPage":{"@id":"https:\/\/wpguerssen-test.odoo.rgbconsulting.com\/es\/producto\/guilherme-lamounier-red-vinyl\/#primaryimage"},"image":{"@id":"https:\/\/wpguerssen-test.odoo.rgbconsulting.com\/es\/producto\/guilherme-lamounier-red-vinyl\/#primaryimage"},"thumbnailUrl":"https:\/\/wpguerssen-test.odoo.rgbconsulting.com\/wp-content\/uploads\/2022\/03\/38562.jpg","datePublished":"2021-06-07T22:00:00+00:00","dateModified":"2025-04-09T12:04:29+00:00","description":"RED VINYL. LIMITED TO 200 COPIES. #nl# Considered one of the masterpieces of seventies psychedelic, his second album, released in 1973, is the result of a partnership with Tib\u00e9rio Gaspar (author of: \"S\u00e1 Marina\", \"BR-3\" and \"Teletema\"). #nl# The album was recorded at R\u00e1dio Gazeta Studios in S\u00e3o Paulo, with the participation of musicians already known as: Wagner Tiso on synthesizer, Luiz Claudio Ramos on arrangements and conducting, Lanny Gordin on guitar, Oberdan Magalh\u00e3es on flute and Guilherme himself playing guitar and piano. #nl# Guilherme died on August 7, 2018, at the age of 67, due to health complications. But the timelessness of his work has been revisited by the new generation of artists and audiences. #nl# Tracklist:Side A: 1. Mini Neila - 2. GB Em Alto Relevo - 3. Patricia - 4. Os Telhados Do Mundo -5. FreedomSide B: 1. Capit\u00e3o de Papel - 2. Amanh\u00e3 N\u00e3o Sei - 3. Ser\u00e1 Que Eu Pus Um Grillo Na Sua Cabe\u00e7a? - 4. Passam Anos, Passam Anas - 5. Cabe\u00e7a Feita","breadcrumb":{"@id":"https:\/\/wpguerssen-test.odoo.rgbconsulting.com\/es\/producto\/guilherme-lamounier-red-vinyl\/#breadcrumb"},"inLanguage":"es","potentialAction":[{"@type":"ReadAction","target":["https:\/\/wpguerssen-test.odoo.rgbconsulting.com\/es\/producto\/guilherme-lamounier-red-vinyl\/"]}]},{"@type":"ImageObject","inLanguage":"es","@id":"https:\/\/wpguerssen-test.odoo.rgbconsulting.com\/es\/producto\/guilherme-lamounier-red-vinyl\/#primaryimage","url":"https:\/\/wpguerssen-test.odoo.rgbconsulting.com\/wp-content\/uploads\/2022\/03\/38562.jpg","contentUrl":"https:\/\/wpguerssen-test.odoo.rgbconsulting.com\/wp-content\/uploads\/2022\/03\/38562.jpg","width":1156,"height":1200,"caption":"Guilherme - Guilherme Lamounier (red vinyl) - MAD ABOUT RECORDS (LP) | Guerssen"},{"@type":"BreadcrumbList","@id":"https:\/\/wpguerssen-test.odoo.rgbconsulting.com\/es\/producto\/guilherme-lamounier-red-vinyl\/#breadcrumb","itemListElement":[{"@type":"ListItem","position":1,"name":"Inicio","item":"https:\/\/wpguerssen-test.odoo.rgbconsulting.com\/es\/"},{"@type":"ListItem","position":2,"name":"Shop","item":"https:\/\/wpguerssen-test.odoo.rgbconsulting.com\/shop\/"},{"@type":"ListItem","position":3,"name":"Guilherme Lamounier (red vinyl)"}]},{"@type":"WebSite","@id":"https:\/\/wpguerssen-test.odoo.rgbconsulting.com\/es\/#website","url":"https:\/\/wpguerssen-test.odoo.rgbconsulting.com\/es\/","name":"Guerssen records","description":"psychedelia - progressive - folk - garage ","publisher":{"@id":"https:\/\/wpguerssen-test.odoo.rgbconsulting.com\/es\/#organization"},"potentialAction":[{"@type":"SearchAction","target":{"@type":"EntryPoint","urlTemplate":"https:\/\/wpguerssen-test.odoo.rgbconsulting.com\/es\/?s={search_term_string}"},"query-input":{"@type":"PropertyValueSpecification","valueRequired":true,"valueName":"search_term_string"}}],"inLanguage":"es"},{"@type":"Organization","@id":"https:\/\/wpguerssen-test.odoo.rgbconsulting.com\/es\/#organization","name":"Guerssen records","url":"https:\/\/wpguerssen-test.odoo.rgbconsulting.com\/es\/","logo":{"@type":"ImageObject","inLanguage":"es","@id":"https:\/\/wpguerssen-test.odoo.rgbconsulting.com\/es\/#\/schema\/logo\/image\/","url":"https:\/\/wpguerssen-test.odoo.rgbconsulting.com\/wp-content\/uploads\/2022\/04\/Logo_Guerssen_trans_100.png","contentUrl":"https:\/\/wpguerssen-test.odoo.rgbconsulting.com\/wp-content\/uploads\/2022\/04\/Logo_Guerssen_trans_100.png","width":122,"height":100,"caption":"Guerssen records"},"image":{"@id":"https:\/\/wpguerssen-test.odoo.rgbconsulting.com\/es\/#\/schema\/logo\/image\/"}}]}},"_links":{"self":[{"href":"https:\/\/wpguerssen-test.odoo.rgbconsulting.com\/es\/wp-json\/wp\/v2\/product\/208574","targetHints":{"allow":["GET"]}}],"collection":[{"href":"https:\/\/wpguerssen-test.odoo.rgbconsulting.com\/es\/wp-json\/wp\/v2\/product"}],"about":[{"href":"https:\/\/wpguerssen-test.odoo.rgbconsulting.com\/es\/wp-json\/wp\/v2\/types\/product"}],"wp:featuredmedia":[{"embeddable":true,"href":"https:\/\/wpguerssen-test.odoo.rgbconsulting.com\/es\/wp-json\/wp\/v2\/media\/128656"}],"wp:attachment":[{"href":"https:\/\/wpguerssen-test.odoo.rgbconsulting.com\/es\/wp-json\/wp\/v2\/media?parent=208574"}],"wp:term":[{"taxonomy":"product_brand","embeddable":true,"href":"https:\/\/wpguerssen-test.odoo.rgbconsulting.com\/es\/wp-json\/wp\/v2\/product_brand?post=208574"},{"taxonomy":"product_cat","embeddable":true,"href":"https:\/\/wpguerssen-test.odoo.rgbconsulting.com\/es\/wp-json\/wp\/v2\/product_cat?post=208574"},{"taxonomy":"product_tag","embeddable":true,"href":"https:\/\/wpguerssen-test.odoo.rgbconsulting.com\/es\/wp-json\/wp\/v2\/product_tag?post=208574"}],"curies":[{"name":"wp","href":"https:\/\/api.w.org\/{rel}","templated":true}]}}